{"id":14926,"date":"2019-07-09T16:30:26","date_gmt":"2019-07-09T14:30:26","guid":{"rendered":"http:\/\/denkmalpflege.tuwien.ac.at\/?page_id=14926"},"modified":"2019-07-09T16:55:01","modified_gmt":"2019-07-09T14:55:01","slug":"rueckblick_bern","status":"publish","type":"page","link":"https:\/\/denkmalpflege.tuwien.ac.at\/index.php\/rueckblick_bern\/","title":{"rendered":"r\u00fcckblick_Bern"},"content":{"rendered":"<div class=\"mitarbeiter\">\n<div class=\"yellow\">Gro\u00dfes Entwerfen \u201cDenkmalpflege und Entwurf: Strategien der Erhaltung\u201d<\/div>\n<div class=\"grey\"> <img decoding=\"async\" src=\"http:\/\/denkmalpflege.tuwien.ac.at\/wp-content\/uploads\/2018\/02\/bern.gif\" alt=\"bern\" title=\"bern\" width=\"130\" height=\"113\" class=\"alignnone size-full wp-image-165\" \/><\/a><\/p>\n<p><span> <\/span><br \/>\nBern &#8211; Areal Aebimatt<br \/>\nF\u00fcr MasterstudentInnen<br \/>\n<span> <\/span><br \/>\nSommersemester 2018<br \/>\nVortragende: Nott Caviezel, Doris Grandits, Agnes Liebsch, Ekaterina Nozhova, Philipp Hausladen<\/p>\n<div class='breakline'><\/div>\n<\/div>\n<p><span><\/span><br \/>\n<span><\/span><br \/>\n<span> <\/span><\/p>\n<div class='titel'>Inhalt der Lehrveranstaltung<\/div>\n<p>Jede Entwurfsarbeit am denkmalgesch\u00fctzten Objekt beansprucht spezifische Kenntnisse und erfordert dem Bestand angemessene Strategien. Die \u00dcbung bietet den Studierenden die Gelegenheit, sich mit den vielf\u00e4ltigen Erfordernissen zu befassen, denen man beim Erhalten, Restaurieren, Sanieren und Verwalten eines Denkmals oder bei Eingriffen in ein denkmalgesch\u00fctztes st\u00e4dtisches Ensemble gerecht werden muss.<\/p>\n<div class='titel'>Ziele der Lehrveranstaltung<\/div>\n<p>Das Areal des Eisenbahn-Depots Aebimatt in Bern besteht aus mehreren historisch wertvollen Geb\u00e4uden. Das Hauptst\u00fcck des Areals bildet eine 4-schiffige Lokomotiv-Remise, die 1912 von der Firma Terner &#038; Chopard Ingenieurbau in nur 7 Monaten Bauzeit errichtet wurde. Die gesamte Konstruktion wurde mit Holzleimbindern realisiert &#8211; eine Technik, die erst wenige Jahre alt war und hier erstmals in der Schweiz f\u00fcr ein Bauwerk dieser Gr\u00f6\u00dfe angewandt wurde. Au\u00dferdem gibt es ein gesch\u00fctztes B\u00fcrogeb\u00e4ude, eine historische Drehscheibe und mehrere kleinere bedeutende Objekte. Die Remise ist immer noch gem\u00e4\u00df ihrer urspr\u00fcnglichen Bestimmung in Betrieb, sie soll allerdings 2019 aus der historischen Halle in ein Areal am Stadtrand umgesiedelt werden. Das Entwurfsziel ist, f\u00fcr die historischen Geb\u00e4ude eine ad\u00e4quate Nutzung zu finden. Wo n\u00f6tig, sollen denkmalpflegerisch vertr\u00e4gliche Ma\u00dfnahmen geplant werden, die den Bestand schonen und dennoch neue Funktionen zulassen.<\/p>\n<p><span><\/span><br \/>\n<span><\/span><\/p>\n<div class='titel'>Einleitung<\/div>\n<p><span><\/span><br \/>\n<a href='http:\/\/denkmalpflege.tuwien.ac.at\/wp-content\/uploads\/2019\/07\/01_SS18_Entwerfen-Bern_Allgemein.pdf'> <strong> Allgemeines<\/strong><\/a><br \/>\n<span><\/span><br \/>\n<a href='http:\/\/denkmalpflege.tuwien.ac.at\/wp-content\/uploads\/2019\/07\/02_SS18_Entwerfen-Bern_Vorwort.pdf'><strong> Vorwort <\/strong><\/a><br \/>\n<span><\/span><br \/>\n<a href=\"http:\/\/denkmalpflege.tuwien.ac.at\/wp-content\/uploads\/2019\/07\/03_SS18_Entwerfen-Bern_Aufgabenstellung.pdf\"><strong> Aufgabenstellung <\/strong><\/a><br \/>\n<span><\/span><br \/>\n<a href='http:\/\/denkmalpflege.tuwien.ac.at\/wp-content\/uploads\/2019\/07\/04_SS18_Entwerfen-Bern_Exkursion.pdf'><strong> Exkursion<\/strong><\/a><br \/>\n<span><\/span><\/p>\n<p><span><\/span><br \/>\n<span><\/span><br \/>\n<span><\/span><\/p>\n<div class='titel'>Projekte<\/div>\n<p><span><\/span><br \/>\n<a href='http:\/\/denkmalpflege.tuwien.ac.at\/wp-content\/uploads\/2019\/07\/05_SS18_Entwerfen-Bern_Tattersaal-Aebimatt.pdf'><strong>Tattersaal Aebimatt<\/strong> &#8211; Plaikner | Sch\u00f6nfelder <\/a><br \/>\n<span><\/span><br \/>\n<a href='http:\/\/denkmalpflege.tuwien.ac.at\/wp-content\/uploads\/2019\/07\/06_SS18_Entwerfen-Bern_Universit\u00e4t-Gleis-Eins.pdf'><strong>UNIVERSIT\u00c4T \/\/ Gleis Eins<\/strong> &#8211; Glatthard | Hitz <\/a><br \/>\n<span><\/span><br \/>\n<a href='http:\/\/denkmalpflege.tuwien.ac.at\/wp-content\/uploads\/2019\/07\/07_SS18_Entwerfen-Bern_Learning-Center-Aebimatt.pdf'><strong>Learning Center Aebimatt<\/strong> &#8211; Mericka | Schnait <\/a><br \/>\n<span><\/span><br \/>\n<a href='http:\/\/denkmalpflege.tuwien.ac.at\/wp-content\/uploads\/2019\/07\/08_SS18_Entwerfen-Bern_Plantage-Lernzentrum-Aebimatt.pdf'><strong>PLANTAGE &#8211; Lernzentrum Aebimatt<\/strong> &#8211; Kilian | Stanisz <\/a><br \/>\n<span><\/span><br \/>\n<a href='http:\/\/denkmalpflege.tuwien.ac.at\/wp-content\/uploads\/2019\/07\/09_SS18_Entwerfen-Bern_Kunstrefugium-Aebimatt.pdf'><strong>Kunstrefugium<\/strong> &#8211; Braun | Stix <\/a><br \/>\n<span><\/span><br \/>\n<a href='http:\/\/denkmalpflege.tuwien.ac.at\/wp-content\/uploads\/2019\/07\/10_SS18_Entwerfen-Bern_Kulturwerkstatt.pdf'><strong>Kulturwerkstatt<\/strong> &#8211; Dokuzoguz | Malesevic | Zeller <\/a><br \/>\n<span><\/span><br \/>\n<a href='http:\/\/denkmalpflege.tuwien.ac.at\/wp-content\/uploads\/2019\/07\/11_SS18_Entwerfen-Bern_Wohnen-Aebimatt.pdf'><strong>Wohnen Aebimatt <\/strong> &#8211; Kranebitter | Westermayer <\/a><br \/>\n<span><\/span><br \/>\n<a href='http:\/\/denkmalpflege.tuwien.ac.at\/wp-content\/uploads\/2019\/07\/12_SS18_Entwerfen-Bern_Trainingsdepot-Aebimatt.pdf'><strong>Trainingsdepot Aebimatt <\/strong> &#8211; Schleuter | Hofbauer<\/a><br \/>\n<span><\/span><\/p>\n","protected":false},"excerpt":{"rendered":"<p>Gro\u00dfes Entwerfen \u201cDenkmalpflege und Entwurf: Strategien der Erhaltung\u201d Bern &#8211; Areal Aebimatt F\u00fcr MasterstudentInnen Sommersemester 2018 Vortragende: Nott Caviezel, Doris Grandits, Agnes Liebsch, Ekaterina Nozhova, Philipp Hausladen Inhalt der Lehrveranstaltung Jede Entwurfsarbeit am denkmalgesch\u00fctzten Objekt beansprucht spezifische Kenntnisse und erfordert dem Bestand angemessene Strategien. Die \u00dcbung bietet den Studierenden die Gelegenheit, sich mit den vielf\u00e4ltigen Erfordernissen zu befassen, denen man beim Erhalten, Restaurieren, Sanieren und Verwalten eines Denkmals oder bei<\/p>\n<div class=\"belowpost\"><a class=\"btnmore icon-arrow\" href=\"https:\/\/denkmalpflege.tuwien.ac.at\/index.php\/rueckblick_bern\/\"><span>Read More<\/span><\/a><\/div>\n","protected":false},"author":1,"featured_media":0,"parent":0,"menu_order":0,"comment_status":"closed","ping_status":"closed","template":"","meta":{"footnotes":""},"class_list":["post-14926","page","type-page","status-publish","hentry"],"yoast_head":"<!-- This site is optimized with the Yoast SEO plugin v26.0 - https:\/\/yoast.com\/wordpress\/plugins\/seo\/ -->\n<title>r\u00fcckblick_Bern - Denkmalpflege und Bauen im Bestand<\/title>\n<meta name=\"robots\" content=\"index, follow, max-snippet:-1, max-image-preview:large, max-video-preview:-1\" \/>\n<link rel=\"canonical\" href=\"https:\/\/denkmalpflege.tuwien.ac.at\/index.php\/rueckblick_bern\/\" \/>\n<meta property=\"og:locale\" content=\"de_DE\" \/>\n<meta property=\"og:type\" content=\"article\" \/>\n<meta property=\"og:title\" content=\"r\u00fcckblick_Bern - Denkmalpflege und Bauen im Bestand\" \/>\n<meta property=\"og:description\" content=\"Gro\u00dfes Entwerfen \u201cDenkmalpflege und Entwurf: Strategien der Erhaltung\u201d Bern &#8211; Areal Aebimatt F\u00fcr MasterstudentInnen Sommersemester 2018 Vortragende: Nott Caviezel, Doris Grandits, Agnes Liebsch, Ekaterina Nozhova, Philipp Hausladen Inhalt der Lehrveranstaltung Jede Entwurfsarbeit am denkmalgesch\u00fctzten Objekt beansprucht spezifische Kenntnisse und erfordert dem Bestand angemessene Strategien. Die \u00dcbung bietet den Studierenden die Gelegenheit, sich mit den vielf\u00e4ltigen Erfordernissen zu befassen, denen man beim Erhalten, Restaurieren, Sanieren und Verwalten eines Denkmals oder beiRead More\" \/>\n<meta property=\"og:url\" content=\"https:\/\/denkmalpflege.tuwien.ac.at\/index.php\/rueckblick_bern\/\" \/>\n<meta property=\"og:site_name\" content=\"Denkmalpflege und Bauen im Bestand\" \/>\n<meta property=\"article:modified_time\" content=\"2019-07-09T14:55:01+00:00\" \/>\n<meta name=\"twitter:card\" content=\"summary_large_image\" \/>\n<meta name=\"twitter:label1\" content=\"Gesch\u00e4tzte Lesezeit\" \/>\n\t<meta name=\"twitter:data1\" content=\"1\u00a0Minute\" \/>\n<script type=\"application\/ld+json\" class=\"yoast-schema-graph\">{\"@context\":\"https:\/\/schema.org\",\"@graph\":[{\"@type\":\"WebPage\",\"@id\":\"https:\/\/denkmalpflege.tuwien.ac.at\/index.php\/rueckblick_bern\/\",\"url\":\"https:\/\/denkmalpflege.tuwien.ac.at\/index.php\/rueckblick_bern\/\",\"name\":\"r\u00fcckblick_Bern - Denkmalpflege und Bauen im Bestand\",\"isPartOf\":{\"@id\":\"https:\/\/denkmalpflege.tuwien.ac.at\/#website\"},\"primaryImageOfPage\":{\"@id\":\"https:\/\/denkmalpflege.tuwien.ac.at\/index.php\/rueckblick_bern\/#primaryimage\"},\"image\":{\"@id\":\"https:\/\/denkmalpflege.tuwien.ac.at\/index.php\/rueckblick_bern\/#primaryimage\"},\"thumbnailUrl\":\"http:\/\/denkmalpflege.tuwien.ac.at\/wp-content\/uploads\/2018\/02\/bern.gif\",\"datePublished\":\"2019-07-09T14:30:26+00:00\",\"dateModified\":\"2019-07-09T14:55:01+00:00\",\"breadcrumb\":{\"@id\":\"https:\/\/denkmalpflege.tuwien.ac.at\/index.php\/rueckblick_bern\/#breadcrumb\"},\"inLanguage\":\"de\",\"potentialAction\":[{\"@type\":\"ReadAction\",\"target\":[\"https:\/\/denkmalpflege.tuwien.ac.at\/index.php\/rueckblick_bern\/\"]}]},{\"@type\":\"ImageObject\",\"inLanguage\":\"de\",\"@id\":\"https:\/\/denkmalpflege.tuwien.ac.at\/index.php\/rueckblick_bern\/#primaryimage\",\"url\":\"\",\"contentUrl\":\"\"},{\"@type\":\"BreadcrumbList\",\"@id\":\"https:\/\/denkmalpflege.tuwien.ac.at\/index.php\/rueckblick_bern\/#breadcrumb\",\"itemListElement\":[{\"@type\":\"ListItem\",\"position\":1,\"name\":\"Startseite\",\"item\":\"https:\/\/denkmalpflege.tuwien.ac.at\/\"},{\"@type\":\"ListItem\",\"position\":2,\"name\":\"r\u00fcckblick_Bern\"}]},{\"@type\":\"WebSite\",\"@id\":\"https:\/\/denkmalpflege.tuwien.ac.at\/#website\",\"url\":\"https:\/\/denkmalpflege.tuwien.ac.at\/\",\"name\":\"Denkmalpflege und Bauen im Bestand\",\"description\":\"Denkmalpflege TU Wien\",\"publisher\":{\"@id\":\"https:\/\/denkmalpflege.tuwien.ac.at\/#organization\"},\"potentialAction\":[{\"@type\":\"SearchAction\",\"target\":{\"@type\":\"EntryPoint\",\"urlTemplate\":\"https:\/\/denkmalpflege.tuwien.ac.at\/?s={search_term_string}\"},\"query-input\":{\"@type\":\"PropertyValueSpecification\",\"valueRequired\":true,\"valueName\":\"search_term_string\"}}],\"inLanguage\":\"de\"},{\"@type\":\"Organization\",\"@id\":\"https:\/\/denkmalpflege.tuwien.ac.at\/#organization\",\"name\":\"TU Wien Denkmalpflege und Bauen im Bestand\",\"url\":\"https:\/\/denkmalpflege.tuwien.ac.at\/\",\"logo\":{\"@type\":\"ImageObject\",\"inLanguage\":\"de\",\"@id\":\"https:\/\/denkmalpflege.tuwien.ac.at\/#\/schema\/logo\/image\/\",\"url\":\"https:\/\/denkmalpflege.tuwien.ac.at\/wp-content\/uploads\/2019\/10\/Logo1.png\",\"contentUrl\":\"https:\/\/denkmalpflege.tuwien.ac.at\/wp-content\/uploads\/2019\/10\/Logo1.png\",\"width\":222,\"height\":79,\"caption\":\"TU Wien Denkmalpflege und Bauen im Bestand\"},\"image\":{\"@id\":\"https:\/\/denkmalpflege.tuwien.ac.at\/#\/schema\/logo\/image\/\"}}]}<\/script>\n<!-- \/ Yoast SEO plugin. -->","yoast_head_json":{"title":"r\u00fcckblick_Bern - Denkmalpflege und Bauen im Bestand","robots":{"index":"index","follow":"follow","max-snippet":"max-snippet:-1","max-image-preview":"max-image-preview:large","max-video-preview":"max-video-preview:-1"},"canonical":"https:\/\/denkmalpflege.tuwien.ac.at\/index.php\/rueckblick_bern\/","og_locale":"de_DE","og_type":"article","og_title":"r\u00fcckblick_Bern - Denkmalpflege und Bauen im Bestand","og_description":"Gro\u00dfes Entwerfen \u201cDenkmalpflege und Entwurf: Strategien der Erhaltung\u201d Bern &#8211; Areal Aebimatt F\u00fcr MasterstudentInnen Sommersemester 2018 Vortragende: Nott Caviezel, Doris Grandits, Agnes Liebsch, Ekaterina Nozhova, Philipp Hausladen Inhalt der Lehrveranstaltung Jede Entwurfsarbeit am denkmalgesch\u00fctzten Objekt beansprucht spezifische Kenntnisse und erfordert dem Bestand angemessene Strategien. Die \u00dcbung bietet den Studierenden die Gelegenheit, sich mit den vielf\u00e4ltigen Erfordernissen zu befassen, denen man beim Erhalten, Restaurieren, Sanieren und Verwalten eines Denkmals oder beiRead More","og_url":"https:\/\/denkmalpflege.tuwien.ac.at\/index.php\/rueckblick_bern\/","og_site_name":"Denkmalpflege und Bauen im Bestand","article_modified_time":"2019-07-09T14:55:01+00:00","twitter_card":"summary_large_image","twitter_misc":{"Gesch\u00e4tzte Lesezeit":"1\u00a0Minute"},"schema":{"@context":"https:\/\/schema.org","@graph":[{"@type":"WebPage","@id":"https:\/\/denkmalpflege.tuwien.ac.at\/index.php\/rueckblick_bern\/","url":"https:\/\/denkmalpflege.tuwien.ac.at\/index.php\/rueckblick_bern\/","name":"r\u00fcckblick_Bern - Denkmalpflege und Bauen im Bestand","isPartOf":{"@id":"https:\/\/denkmalpflege.tuwien.ac.at\/#website"},"primaryImageOfPage":{"@id":"https:\/\/denkmalpflege.tuwien.ac.at\/index.php\/rueckblick_bern\/#primaryimage"},"image":{"@id":"https:\/\/denkmalpflege.tuwien.ac.at\/index.php\/rueckblick_bern\/#primaryimage"},"thumbnailUrl":"http:\/\/denkmalpflege.tuwien.ac.at\/wp-content\/uploads\/2018\/02\/bern.gif","datePublished":"2019-07-09T14:30:26+00:00","dateModified":"2019-07-09T14:55:01+00:00","breadcrumb":{"@id":"https:\/\/denkmalpflege.tuwien.ac.at\/index.php\/rueckblick_bern\/#breadcrumb"},"inLanguage":"de","potentialAction":[{"@type":"ReadAction","target":["https:\/\/denkmalpflege.tuwien.ac.at\/index.php\/rueckblick_bern\/"]}]},{"@type":"ImageObject","inLanguage":"de","@id":"https:\/\/denkmalpflege.tuwien.ac.at\/index.php\/rueckblick_bern\/#primaryimage","url":"","contentUrl":""},{"@type":"BreadcrumbList","@id":"https:\/\/denkmalpflege.tuwien.ac.at\/index.php\/rueckblick_bern\/#breadcrumb","itemListElement":[{"@type":"ListItem","position":1,"name":"Startseite","item":"https:\/\/denkmalpflege.tuwien.ac.at\/"},{"@type":"ListItem","position":2,"name":"r\u00fcckblick_Bern"}]},{"@type":"WebSite","@id":"https:\/\/denkmalpflege.tuwien.ac.at\/#website","url":"https:\/\/denkmalpflege.tuwien.ac.at\/","name":"Denkmalpflege und Bauen im Bestand","description":"Denkmalpflege TU Wien","publisher":{"@id":"https:\/\/denkmalpflege.tuwien.ac.at\/#organization"},"potentialAction":[{"@type":"SearchAction","target":{"@type":"EntryPoint","urlTemplate":"https:\/\/denkmalpflege.tuwien.ac.at\/?s={search_term_string}"},"query-input":{"@type":"PropertyValueSpecification","valueRequired":true,"valueName":"search_term_string"}}],"inLanguage":"de"},{"@type":"Organization","@id":"https:\/\/denkmalpflege.tuwien.ac.at\/#organization","name":"TU Wien Denkmalpflege und Bauen im Bestand","url":"https:\/\/denkmalpflege.tuwien.ac.at\/","logo":{"@type":"ImageObject","inLanguage":"de","@id":"https:\/\/denkmalpflege.tuwien.ac.at\/#\/schema\/logo\/image\/","url":"https:\/\/denkmalpflege.tuwien.ac.at\/wp-content\/uploads\/2019\/10\/Logo1.png","contentUrl":"https:\/\/denkmalpflege.tuwien.ac.at\/wp-content\/uploads\/2019\/10\/Logo1.png","width":222,"height":79,"caption":"TU Wien Denkmalpflege und Bauen im Bestand"},"image":{"@id":"https:\/\/denkmalpflege.tuwien.ac.at\/#\/schema\/logo\/image\/"}}]}},"_links":{"self":[{"href":"https:\/\/denkmalpflege.tuwien.ac.at\/index.php\/wp-json\/wp\/v2\/pages\/14926","targetHints":{"allow":["GET"]}}],"collection":[{"href":"https:\/\/denkmalpflege.tuwien.ac.at\/index.php\/wp-json\/wp\/v2\/pages"}],"about":[{"href":"https:\/\/denkmalpflege.tuwien.ac.at\/index.php\/wp-json\/wp\/v2\/types\/page"}],"author":[{"embeddable":true,"href":"https:\/\/denkmalpflege.tuwien.ac.at\/index.php\/wp-json\/wp\/v2\/users\/1"}],"replies":[{"embeddable":true,"href":"https:\/\/denkmalpflege.tuwien.ac.at\/index.php\/wp-json\/wp\/v2\/comments?post=14926"}],"version-history":[{"count":19,"href":"https:\/\/denkmalpflege.tuwien.ac.at\/index.php\/wp-json\/wp\/v2\/pages\/14926\/revisions"}],"predecessor-version":[{"id":14962,"href":"https:\/\/denkmalpflege.tuwien.ac.at\/index.php\/wp-json\/wp\/v2\/pages\/14926\/revisions\/14962"}],"wp:attachment":[{"href":"https:\/\/denkmalpflege.tuwien.ac.at\/index.php\/wp-json\/wp\/v2\/media?parent=14926"}],"curies":[{"name":"wp","href":"https:\/\/api.w.org\/{rel}","templated":true}]}}