{"id":14894,"date":"2019-06-11T10:49:11","date_gmt":"2019-06-11T08:49:11","guid":{"rendered":"http:\/\/denkmalpflege.tuwien.ac.at\/?page_id=14894"},"modified":"2019-06-11T10:50:56","modified_gmt":"2019-06-11T08:50:56","slug":"buchstaetter","status":"publish","type":"page","link":"https:\/\/denkmalpflege.tuwien.ac.at\/index.php\/buchstaetter\/","title":{"rendered":"buchstaetter"},"content":{"rendered":"<div class='mitarbeiter'>\n<div class='grey'>\n<img decoding=\"async\" src=\"http:\/\/denkmalpflege.tuwien.ac.at\/wp-content\/uploads\/2019\/06\/buchst\u00e4tter-hover.jpg\" alt=\"buchst\u00e4tter\" title=\"buchst\u00e4tter\" width=\"130\" height=\"113\" class=\"alignnone size-full wp-image-165\" \/> <a href='diplcv' class='right_link'>&lt; Alle Arbeiten<\/a><br \/>\n<b>Der Steinkellerhof in N\u00f6stach bei Altenmarkt an der Triesting &#8211; Geschichte, Bestandsaufnahme, Revitalisierung <\/p>\n<p><\/b><br \/>\n<strong>2019 Birgit Buchst\u00e4tter<\/strong> <\/p>\n<div class='breakline'><\/div>\n<\/div>\n<div class=\"greyfield\">\n<p>Der aus dem 15. Jahrhundert stammende Steinkellerhof befindet sich in einer Streusiedlung bei N\u00f6stach in der nieder\u00f6sterreichischen Gemeinde Altenmarkt an der Triesting. Das Geb\u00e4ude wurde bis vor rund zehn Jahren trotz seiner besch\u00e4digten Bausubstanz noch bewohnt und steht seitdem leer. Rechtlich gesehen steht der Hof nicht unter Schutz, doch die n\u00f6tigen Denkmaleigenschaften sind durchaus vorhanden.<br \/>\nInhalte der Arbeit sind die Erforschung des historischen Hintergrundes des Hofes und seiner Umgebung, eine umfassende Bau- und Bestandsaufnahme, die Dokumentation von Bausch\u00e4den und die Ausarbeitung eines Sanierungs- und Nutzungskonzeptes. Den Abschluss bildet ein konkreter Entwurf zur Revitalisierung des Hofes.<\/p>\n<div class='breakline'><\/div>\n<\/div>\n<p><span><\/span><br \/>\n<img decoding=\"async\" src=\"http:\/\/denkmalpflege.tuwien.ac.at\/wp-content\/uploads\/2019\/06\/buchst\u00e4tter-gro\u00df.jpg\" width=\"960\" height=\"\"  alt=\"\" \/> <\/p>\n<div class=\"text\">Hof Au\u00dfenansicht<\/div>\n<p><span><\/span><br \/>\n<span><\/span><\/p>\n<p><img decoding=\"async\" src=\"http:\/\/denkmalpflege.tuwien.ac.at\/wp-content\/uploads\/2019\/06\/buchst\u00e4tter-gro\u00df-2.jpg\" width=\"960\" height=\"\"  alt=\"\" \/> <\/p>\n<div class=\"text\">Hof Au\u00dfenansicht | Stube<\/div>\n<p><span><\/span><br \/>\n<span><\/span><\/p>\n","protected":false},"excerpt":{"rendered":"<p>&lt; Alle Arbeiten Der Steinkellerhof in N\u00f6stach bei Altenmarkt an der Triesting &#8211; Geschichte, Bestandsaufnahme, Revitalisierung 2019 Birgit Buchst\u00e4tter Der aus dem 15. Jahrhundert stammende Steinkellerhof befindet sich in einer Streusiedlung bei N\u00f6stach in der nieder\u00f6sterreichischen Gemeinde Altenmarkt an der Triesting. Das Geb\u00e4ude wurde bis vor rund zehn Jahren trotz seiner besch\u00e4digten Bausubstanz noch bewohnt und steht seitdem leer. Rechtlich gesehen steht der Hof nicht unter Schutz, doch die n\u00f6tigen<\/p>\n<div class=\"belowpost\"><a class=\"btnmore icon-arrow\" href=\"https:\/\/denkmalpflege.tuwien.ac.at\/index.php\/buchstaetter\/\"><span>Read More<\/span><\/a><\/div>\n","protected":false},"author":1,"featured_media":0,"parent":0,"menu_order":0,"comment_status":"closed","ping_status":"closed","template":"","meta":{"footnotes":""},"class_list":["post-14894","page","type-page","status-publish","hentry"],"yoast_head":"<!-- This site is optimized with the Yoast SEO plugin v26.0 - https:\/\/yoast.com\/wordpress\/plugins\/seo\/ -->\n<title>buchstaetter - Denkmalpflege und Bauen im Bestand<\/title>\n<meta name=\"robots\" content=\"index, follow, max-snippet:-1, max-image-preview:large, max-video-preview:-1\" \/>\n<link rel=\"canonical\" href=\"https:\/\/denkmalpflege.tuwien.ac.at\/index.php\/buchstaetter\/\" \/>\n<meta property=\"og:locale\" content=\"de_DE\" \/>\n<meta property=\"og:type\" content=\"article\" \/>\n<meta property=\"og:title\" content=\"buchstaetter - Denkmalpflege und Bauen im Bestand\" \/>\n<meta property=\"og:description\" content=\"&lt; Alle Arbeiten Der Steinkellerhof in N\u00f6stach bei Altenmarkt an der Triesting &#8211; Geschichte, Bestandsaufnahme, Revitalisierung 2019 Birgit Buchst\u00e4tter Der aus dem 15. Jahrhundert stammende Steinkellerhof befindet sich in einer Streusiedlung bei N\u00f6stach in der nieder\u00f6sterreichischen Gemeinde Altenmarkt an der Triesting. Das Geb\u00e4ude wurde bis vor rund zehn Jahren trotz seiner besch\u00e4digten Bausubstanz noch bewohnt und steht seitdem leer. Rechtlich gesehen steht der Hof nicht unter Schutz, doch die n\u00f6tigenRead More\" \/>\n<meta property=\"og:url\" content=\"https:\/\/denkmalpflege.tuwien.ac.at\/index.php\/buchstaetter\/\" \/>\n<meta property=\"og:site_name\" content=\"Denkmalpflege und Bauen im Bestand\" \/>\n<meta property=\"article:modified_time\" content=\"2019-06-11T08:50:56+00:00\" \/>\n<meta name=\"twitter:card\" content=\"summary_large_image\" \/>\n<meta name=\"twitter:label1\" content=\"Gesch\u00e4tzte Lesezeit\" \/>\n\t<meta name=\"twitter:data1\" content=\"1\u00a0Minute\" \/>\n<script type=\"application\/ld+json\" class=\"yoast-schema-graph\">{\"@context\":\"https:\/\/schema.org\",\"@graph\":[{\"@type\":\"WebPage\",\"@id\":\"https:\/\/denkmalpflege.tuwien.ac.at\/index.php\/buchstaetter\/\",\"url\":\"https:\/\/denkmalpflege.tuwien.ac.at\/index.php\/buchstaetter\/\",\"name\":\"buchstaetter - Denkmalpflege und Bauen im Bestand\",\"isPartOf\":{\"@id\":\"https:\/\/denkmalpflege.tuwien.ac.at\/#website\"},\"datePublished\":\"2019-06-11T08:49:11+00:00\",\"dateModified\":\"2019-06-11T08:50:56+00:00\",\"breadcrumb\":{\"@id\":\"https:\/\/denkmalpflege.tuwien.ac.at\/index.php\/buchstaetter\/#breadcrumb\"},\"inLanguage\":\"de\",\"potentialAction\":[{\"@type\":\"ReadAction\",\"target\":[\"https:\/\/denkmalpflege.tuwien.ac.at\/index.php\/buchstaetter\/\"]}]},{\"@type\":\"BreadcrumbList\",\"@id\":\"https:\/\/denkmalpflege.tuwien.ac.at\/index.php\/buchstaetter\/#breadcrumb\",\"itemListElement\":[{\"@type\":\"ListItem\",\"position\":1,\"name\":\"Startseite\",\"item\":\"https:\/\/denkmalpflege.tuwien.ac.at\/\"},{\"@type\":\"ListItem\",\"position\":2,\"name\":\"buchstaetter\"}]},{\"@type\":\"WebSite\",\"@id\":\"https:\/\/denkmalpflege.tuwien.ac.at\/#website\",\"url\":\"https:\/\/denkmalpflege.tuwien.ac.at\/\",\"name\":\"Denkmalpflege und Bauen im Bestand\",\"description\":\"Denkmalpflege TU Wien\",\"publisher\":{\"@id\":\"https:\/\/denkmalpflege.tuwien.ac.at\/#organization\"},\"potentialAction\":[{\"@type\":\"SearchAction\",\"target\":{\"@type\":\"EntryPoint\",\"urlTemplate\":\"https:\/\/denkmalpflege.tuwien.ac.at\/?s={search_term_string}\"},\"query-input\":{\"@type\":\"PropertyValueSpecification\",\"valueRequired\":true,\"valueName\":\"search_term_string\"}}],\"inLanguage\":\"de\"},{\"@type\":\"Organization\",\"@id\":\"https:\/\/denkmalpflege.tuwien.ac.at\/#organization\",\"name\":\"TU Wien Denkmalpflege und Bauen im Bestand\",\"url\":\"https:\/\/denkmalpflege.tuwien.ac.at\/\",\"logo\":{\"@type\":\"ImageObject\",\"inLanguage\":\"de\",\"@id\":\"https:\/\/denkmalpflege.tuwien.ac.at\/#\/schema\/logo\/image\/\",\"url\":\"https:\/\/denkmalpflege.tuwien.ac.at\/wp-content\/uploads\/2019\/10\/Logo1.png\",\"contentUrl\":\"https:\/\/denkmalpflege.tuwien.ac.at\/wp-content\/uploads\/2019\/10\/Logo1.png\",\"width\":222,\"height\":79,\"caption\":\"TU Wien Denkmalpflege und Bauen im Bestand\"},\"image\":{\"@id\":\"https:\/\/denkmalpflege.tuwien.ac.at\/#\/schema\/logo\/image\/\"}}]}<\/script>\n<!-- \/ Yoast SEO plugin. -->","yoast_head_json":{"title":"buchstaetter - Denkmalpflege und Bauen im Bestand","robots":{"index":"index","follow":"follow","max-snippet":"max-snippet:-1","max-image-preview":"max-image-preview:large","max-video-preview":"max-video-preview:-1"},"canonical":"https:\/\/denkmalpflege.tuwien.ac.at\/index.php\/buchstaetter\/","og_locale":"de_DE","og_type":"article","og_title":"buchstaetter - Denkmalpflege und Bauen im Bestand","og_description":"&lt; Alle Arbeiten Der Steinkellerhof in N\u00f6stach bei Altenmarkt an der Triesting &#8211; Geschichte, Bestandsaufnahme, Revitalisierung 2019 Birgit Buchst\u00e4tter Der aus dem 15. Jahrhundert stammende Steinkellerhof befindet sich in einer Streusiedlung bei N\u00f6stach in der nieder\u00f6sterreichischen Gemeinde Altenmarkt an der Triesting. Das Geb\u00e4ude wurde bis vor rund zehn Jahren trotz seiner besch\u00e4digten Bausubstanz noch bewohnt und steht seitdem leer. Rechtlich gesehen steht der Hof nicht unter Schutz, doch die n\u00f6tigenRead More","og_url":"https:\/\/denkmalpflege.tuwien.ac.at\/index.php\/buchstaetter\/","og_site_name":"Denkmalpflege und Bauen im Bestand","article_modified_time":"2019-06-11T08:50:56+00:00","twitter_card":"summary_large_image","twitter_misc":{"Gesch\u00e4tzte Lesezeit":"1\u00a0Minute"},"schema":{"@context":"https:\/\/schema.org","@graph":[{"@type":"WebPage","@id":"https:\/\/denkmalpflege.tuwien.ac.at\/index.php\/buchstaetter\/","url":"https:\/\/denkmalpflege.tuwien.ac.at\/index.php\/buchstaetter\/","name":"buchstaetter - Denkmalpflege und Bauen im Bestand","isPartOf":{"@id":"https:\/\/denkmalpflege.tuwien.ac.at\/#website"},"datePublished":"2019-06-11T08:49:11+00:00","dateModified":"2019-06-11T08:50:56+00:00","breadcrumb":{"@id":"https:\/\/denkmalpflege.tuwien.ac.at\/index.php\/buchstaetter\/#breadcrumb"},"inLanguage":"de","potentialAction":[{"@type":"ReadAction","target":["https:\/\/denkmalpflege.tuwien.ac.at\/index.php\/buchstaetter\/"]}]},{"@type":"BreadcrumbList","@id":"https:\/\/denkmalpflege.tuwien.ac.at\/index.php\/buchstaetter\/#breadcrumb","itemListElement":[{"@type":"ListItem","position":1,"name":"Startseite","item":"https:\/\/denkmalpflege.tuwien.ac.at\/"},{"@type":"ListItem","position":2,"name":"buchstaetter"}]},{"@type":"WebSite","@id":"https:\/\/denkmalpflege.tuwien.ac.at\/#website","url":"https:\/\/denkmalpflege.tuwien.ac.at\/","name":"Denkmalpflege und Bauen im Bestand","description":"Denkmalpflege TU Wien","publisher":{"@id":"https:\/\/denkmalpflege.tuwien.ac.at\/#organization"},"potentialAction":[{"@type":"SearchAction","target":{"@type":"EntryPoint","urlTemplate":"https:\/\/denkmalpflege.tuwien.ac.at\/?s={search_term_string}"},"query-input":{"@type":"PropertyValueSpecification","valueRequired":true,"valueName":"search_term_string"}}],"inLanguage":"de"},{"@type":"Organization","@id":"https:\/\/denkmalpflege.tuwien.ac.at\/#organization","name":"TU Wien Denkmalpflege und Bauen im Bestand","url":"https:\/\/denkmalpflege.tuwien.ac.at\/","logo":{"@type":"ImageObject","inLanguage":"de","@id":"https:\/\/denkmalpflege.tuwien.ac.at\/#\/schema\/logo\/image\/","url":"https:\/\/denkmalpflege.tuwien.ac.at\/wp-content\/uploads\/2019\/10\/Logo1.png","contentUrl":"https:\/\/denkmalpflege.tuwien.ac.at\/wp-content\/uploads\/2019\/10\/Logo1.png","width":222,"height":79,"caption":"TU Wien Denkmalpflege und Bauen im Bestand"},"image":{"@id":"https:\/\/denkmalpflege.tuwien.ac.at\/#\/schema\/logo\/image\/"}}]}},"_links":{"self":[{"href":"https:\/\/denkmalpflege.tuwien.ac.at\/index.php\/wp-json\/wp\/v2\/pages\/14894","targetHints":{"allow":["GET"]}}],"collection":[{"href":"https:\/\/denkmalpflege.tuwien.ac.at\/index.php\/wp-json\/wp\/v2\/pages"}],"about":[{"href":"https:\/\/denkmalpflege.tuwien.ac.at\/index.php\/wp-json\/wp\/v2\/types\/page"}],"author":[{"embeddable":true,"href":"https:\/\/denkmalpflege.tuwien.ac.at\/index.php\/wp-json\/wp\/v2\/users\/1"}],"replies":[{"embeddable":true,"href":"https:\/\/denkmalpflege.tuwien.ac.at\/index.php\/wp-json\/wp\/v2\/comments?post=14894"}],"version-history":[{"count":3,"href":"https:\/\/denkmalpflege.tuwien.ac.at\/index.php\/wp-json\/wp\/v2\/pages\/14894\/revisions"}],"predecessor-version":[{"id":14903,"href":"https:\/\/denkmalpflege.tuwien.ac.at\/index.php\/wp-json\/wp\/v2\/pages\/14894\/revisions\/14903"}],"wp:attachment":[{"href":"https:\/\/denkmalpflege.tuwien.ac.at\/index.php\/wp-json\/wp\/v2\/media?parent=14894"}],"curies":[{"name":"wp","href":"https:\/\/api.w.org\/{rel}","templated":true}]}}