{"id":14803,"date":"2019-05-13T12:43:07","date_gmt":"2019-05-13T10:43:07","guid":{"rendered":"http:\/\/denkmalpflege.tuwien.ac.at\/?page_id=14803"},"modified":"2019-05-13T12:43:07","modified_gmt":"2019-05-13T10:43:07","slug":"brunbauer","status":"publish","type":"page","link":"https:\/\/denkmalpflege.tuwien.ac.at\/index.php\/brunbauer\/","title":{"rendered":"brunbauer"},"content":{"rendered":"<div class='mitarbeiter'>\n<div class='grey'>\n<img decoding=\"async\" src=\"http:\/\/denkmalpflege.tuwien.ac.at\/wp-content\/uploads\/2019\/05\/brunbauer-hover.jpg\" alt=\"brunbauer\" title=\"brunbauer\" width=\"130\" height=\"113\" class=\"alignnone size-full wp-image-165\" \/> <a href='diplcv' class='right_link'>&lt; Alle Arbeiten<\/a><br \/>\n<b>Der ehemalige Weghammer in Kienberg bei Gaming<\/p>\n<p><\/b><br \/>\n<strong>2019 Teresa Brunbauer<\/strong> <\/p>\n<div class='breakline'><\/div>\n<\/div>\n<div class=\"greyfield\">\n<p>Der ehemalige T\u00f6pper\u2018sche Weghammer liegt in Kienberg, einem kleinen Ortsteil der Gemeinde Gaming an der sogenannten \u201aNieder\u00f6sterreichischen Eisenstra\u00dfe\u2018 und geht auf das fr\u00fche 19. Jahrhundert zur\u00fcck. Er besteht aus zwei langgestreckten, parallel angeordneten Werkshallen die durch eine den Bauformen des Barock nachempfundene Schaufassade miteinander verbunden sind. Das Geb\u00e4ude, das zu Beginn als Walzwerk, dann als Gasr\u00f6hrenfabrik und zuletzt lange Zeit als Tempergie\u00dferei genutzt wurde, steht unter Denkmalschutz. Seit der Stilllegung im Jahr 1987 steht das alte Fabrikgeb\u00e4ude samt der zuletzt verwendeten Maschinen leer. Durch den jahrelangen Leerstand ist das Industriedenkmal in seiner baulichen Substanz und Integrit\u00e4t stark besch\u00e4digt.\t<\/p>\n<p>Nach erfolgter Bau- und Bestandsaufnahme, sowie der Erforschung des historischen Hintergrundes des Geb\u00e4udes und seiner Umgebung wird ein Nutzungs- und Sanierungskonzept erstellt. Ziel der Arbeit ist, vorhandene Bausch\u00e4den zu dokumentieren und Restaurierungsvorsschl\u00e4ge auszuarbeiten. Den Abschluss der Arbeit bildet ein konkreter Entwurf mit einem Nutzungskonzept, der die Richtlinien der Denkmalpflege ber\u00fccksichtigt.<\/p>\n<div class='breakline'><\/div>\n<\/div>\n<p><span><\/span><br \/>\n<img decoding=\"async\" src=\"http:\/\/denkmalpflege.tuwien.ac.at\/wp-content\/uploads\/2019\/05\/brunbauer-gro\u00df1.jpg\" width=\"960\" height=\"\"  alt=\"\" \/><br \/>\n<span><\/span><br \/>\n<span><\/span><\/p>\n<p><img decoding=\"async\" src=\"http:\/\/denkmalpflege.tuwien.ac.at\/wp-content\/uploads\/2019\/05\/brunbauer-gro\u00df-2.jpg\" width=\"960\" height=\"\"  alt=\"\" \/> <\/p>\n<div class=\"text\">Weichgie\u00dferei Marktgemeinde Gaming, um 1935 &#038; 1910<\/div>\n<p><span><\/span><br \/>\n<span><\/span><\/p>\n","protected":false},"excerpt":{"rendered":"<p>&lt; Alle Arbeiten Der ehemalige Weghammer in Kienberg bei Gaming 2019 Teresa Brunbauer Der ehemalige T\u00f6pper\u2018sche Weghammer liegt in Kienberg, einem kleinen Ortsteil der Gemeinde Gaming an der sogenannten \u201aNieder\u00f6sterreichischen Eisenstra\u00dfe\u2018 und geht auf das fr\u00fche 19. Jahrhundert zur\u00fcck. Er besteht aus zwei langgestreckten, parallel angeordneten Werkshallen die durch eine den Bauformen des Barock nachempfundene Schaufassade miteinander verbunden sind. Das Geb\u00e4ude, das zu Beginn als Walzwerk, dann als Gasr\u00f6hrenfabrik und<\/p>\n<div class=\"belowpost\"><a class=\"btnmore icon-arrow\" href=\"https:\/\/denkmalpflege.tuwien.ac.at\/index.php\/brunbauer\/\"><span>Read More<\/span><\/a><\/div>\n","protected":false},"author":1,"featured_media":0,"parent":0,"menu_order":0,"comment_status":"closed","ping_status":"closed","template":"","meta":{"footnotes":""},"class_list":["post-14803","page","type-page","status-publish","hentry"],"yoast_head":"<!-- This site is optimized with the Yoast SEO plugin v26.0 - https:\/\/yoast.com\/wordpress\/plugins\/seo\/ -->\n<title>brunbauer - Denkmalpflege und Bauen im Bestand<\/title>\n<meta name=\"robots\" content=\"index, follow, max-snippet:-1, max-image-preview:large, max-video-preview:-1\" \/>\n<link rel=\"canonical\" href=\"https:\/\/denkmalpflege.tuwien.ac.at\/index.php\/brunbauer\/\" \/>\n<meta property=\"og:locale\" content=\"de_DE\" \/>\n<meta property=\"og:type\" content=\"article\" \/>\n<meta property=\"og:title\" content=\"brunbauer - Denkmalpflege und Bauen im Bestand\" \/>\n<meta property=\"og:description\" content=\"&lt; Alle Arbeiten Der ehemalige Weghammer in Kienberg bei Gaming 2019 Teresa Brunbauer Der ehemalige T\u00f6pper\u2018sche Weghammer liegt in Kienberg, einem kleinen Ortsteil der Gemeinde Gaming an der sogenannten \u201aNieder\u00f6sterreichischen Eisenstra\u00dfe\u2018 und geht auf das fr\u00fche 19. Jahrhundert zur\u00fcck. Er besteht aus zwei langgestreckten, parallel angeordneten Werkshallen die durch eine den Bauformen des Barock nachempfundene Schaufassade miteinander verbunden sind. Das Geb\u00e4ude, das zu Beginn als Walzwerk, dann als Gasr\u00f6hrenfabrik undRead More\" \/>\n<meta property=\"og:url\" content=\"https:\/\/denkmalpflege.tuwien.ac.at\/index.php\/brunbauer\/\" \/>\n<meta property=\"og:site_name\" content=\"Denkmalpflege und Bauen im Bestand\" \/>\n<meta name=\"twitter:card\" content=\"summary_large_image\" \/>\n<meta name=\"twitter:label1\" content=\"Gesch\u00e4tzte Lesezeit\" \/>\n\t<meta name=\"twitter:data1\" content=\"1\u00a0Minute\" \/>\n<script type=\"application\/ld+json\" class=\"yoast-schema-graph\">{\"@context\":\"https:\/\/schema.org\",\"@graph\":[{\"@type\":\"WebPage\",\"@id\":\"https:\/\/denkmalpflege.tuwien.ac.at\/index.php\/brunbauer\/\",\"url\":\"https:\/\/denkmalpflege.tuwien.ac.at\/index.php\/brunbauer\/\",\"name\":\"brunbauer - Denkmalpflege und Bauen im Bestand\",\"isPartOf\":{\"@id\":\"https:\/\/denkmalpflege.tuwien.ac.at\/#website\"},\"primaryImageOfPage\":{\"@id\":\"https:\/\/denkmalpflege.tuwien.ac.at\/index.php\/brunbauer\/#primaryimage\"},\"image\":{\"@id\":\"https:\/\/denkmalpflege.tuwien.ac.at\/index.php\/brunbauer\/#primaryimage\"},\"thumbnailUrl\":\"http:\/\/denkmalpflege.tuwien.ac.at\/wp-content\/uploads\/2019\/05\/brunbauer-hover.jpg\",\"datePublished\":\"2019-05-13T10:43:07+00:00\",\"breadcrumb\":{\"@id\":\"https:\/\/denkmalpflege.tuwien.ac.at\/index.php\/brunbauer\/#breadcrumb\"},\"inLanguage\":\"de\",\"potentialAction\":[{\"@type\":\"ReadAction\",\"target\":[\"https:\/\/denkmalpflege.tuwien.ac.at\/index.php\/brunbauer\/\"]}]},{\"@type\":\"ImageObject\",\"inLanguage\":\"de\",\"@id\":\"https:\/\/denkmalpflege.tuwien.ac.at\/index.php\/brunbauer\/#primaryimage\",\"url\":\"\",\"contentUrl\":\"\"},{\"@type\":\"BreadcrumbList\",\"@id\":\"https:\/\/denkmalpflege.tuwien.ac.at\/index.php\/brunbauer\/#breadcrumb\",\"itemListElement\":[{\"@type\":\"ListItem\",\"position\":1,\"name\":\"Startseite\",\"item\":\"https:\/\/denkmalpflege.tuwien.ac.at\/\"},{\"@type\":\"ListItem\",\"position\":2,\"name\":\"brunbauer\"}]},{\"@type\":\"WebSite\",\"@id\":\"https:\/\/denkmalpflege.tuwien.ac.at\/#website\",\"url\":\"https:\/\/denkmalpflege.tuwien.ac.at\/\",\"name\":\"Denkmalpflege und Bauen im Bestand\",\"description\":\"Denkmalpflege TU Wien\",\"publisher\":{\"@id\":\"https:\/\/denkmalpflege.tuwien.ac.at\/#organization\"},\"potentialAction\":[{\"@type\":\"SearchAction\",\"target\":{\"@type\":\"EntryPoint\",\"urlTemplate\":\"https:\/\/denkmalpflege.tuwien.ac.at\/?s={search_term_string}\"},\"query-input\":{\"@type\":\"PropertyValueSpecification\",\"valueRequired\":true,\"valueName\":\"search_term_string\"}}],\"inLanguage\":\"de\"},{\"@type\":\"Organization\",\"@id\":\"https:\/\/denkmalpflege.tuwien.ac.at\/#organization\",\"name\":\"TU Wien Denkmalpflege und Bauen im Bestand\",\"url\":\"https:\/\/denkmalpflege.tuwien.ac.at\/\",\"logo\":{\"@type\":\"ImageObject\",\"inLanguage\":\"de\",\"@id\":\"https:\/\/denkmalpflege.tuwien.ac.at\/#\/schema\/logo\/image\/\",\"url\":\"https:\/\/denkmalpflege.tuwien.ac.at\/wp-content\/uploads\/2019\/10\/Logo1.png\",\"contentUrl\":\"https:\/\/denkmalpflege.tuwien.ac.at\/wp-content\/uploads\/2019\/10\/Logo1.png\",\"width\":222,\"height\":79,\"caption\":\"TU Wien Denkmalpflege und Bauen im Bestand\"},\"image\":{\"@id\":\"https:\/\/denkmalpflege.tuwien.ac.at\/#\/schema\/logo\/image\/\"}}]}<\/script>\n<!-- \/ Yoast SEO plugin. -->","yoast_head_json":{"title":"brunbauer - Denkmalpflege und Bauen im Bestand","robots":{"index":"index","follow":"follow","max-snippet":"max-snippet:-1","max-image-preview":"max-image-preview:large","max-video-preview":"max-video-preview:-1"},"canonical":"https:\/\/denkmalpflege.tuwien.ac.at\/index.php\/brunbauer\/","og_locale":"de_DE","og_type":"article","og_title":"brunbauer - Denkmalpflege und Bauen im Bestand","og_description":"&lt; Alle Arbeiten Der ehemalige Weghammer in Kienberg bei Gaming 2019 Teresa Brunbauer Der ehemalige T\u00f6pper\u2018sche Weghammer liegt in Kienberg, einem kleinen Ortsteil der Gemeinde Gaming an der sogenannten \u201aNieder\u00f6sterreichischen Eisenstra\u00dfe\u2018 und geht auf das fr\u00fche 19. Jahrhundert zur\u00fcck. Er besteht aus zwei langgestreckten, parallel angeordneten Werkshallen die durch eine den Bauformen des Barock nachempfundene Schaufassade miteinander verbunden sind. Das Geb\u00e4ude, das zu Beginn als Walzwerk, dann als Gasr\u00f6hrenfabrik undRead More","og_url":"https:\/\/denkmalpflege.tuwien.ac.at\/index.php\/brunbauer\/","og_site_name":"Denkmalpflege und Bauen im Bestand","twitter_card":"summary_large_image","twitter_misc":{"Gesch\u00e4tzte Lesezeit":"1\u00a0Minute"},"schema":{"@context":"https:\/\/schema.org","@graph":[{"@type":"WebPage","@id":"https:\/\/denkmalpflege.tuwien.ac.at\/index.php\/brunbauer\/","url":"https:\/\/denkmalpflege.tuwien.ac.at\/index.php\/brunbauer\/","name":"brunbauer - Denkmalpflege und Bauen im Bestand","isPartOf":{"@id":"https:\/\/denkmalpflege.tuwien.ac.at\/#website"},"primaryImageOfPage":{"@id":"https:\/\/denkmalpflege.tuwien.ac.at\/index.php\/brunbauer\/#primaryimage"},"image":{"@id":"https:\/\/denkmalpflege.tuwien.ac.at\/index.php\/brunbauer\/#primaryimage"},"thumbnailUrl":"http:\/\/denkmalpflege.tuwien.ac.at\/wp-content\/uploads\/2019\/05\/brunbauer-hover.jpg","datePublished":"2019-05-13T10:43:07+00:00","breadcrumb":{"@id":"https:\/\/denkmalpflege.tuwien.ac.at\/index.php\/brunbauer\/#breadcrumb"},"inLanguage":"de","potentialAction":[{"@type":"ReadAction","target":["https:\/\/denkmalpflege.tuwien.ac.at\/index.php\/brunbauer\/"]}]},{"@type":"ImageObject","inLanguage":"de","@id":"https:\/\/denkmalpflege.tuwien.ac.at\/index.php\/brunbauer\/#primaryimage","url":"","contentUrl":""},{"@type":"BreadcrumbList","@id":"https:\/\/denkmalpflege.tuwien.ac.at\/index.php\/brunbauer\/#breadcrumb","itemListElement":[{"@type":"ListItem","position":1,"name":"Startseite","item":"https:\/\/denkmalpflege.tuwien.ac.at\/"},{"@type":"ListItem","position":2,"name":"brunbauer"}]},{"@type":"WebSite","@id":"https:\/\/denkmalpflege.tuwien.ac.at\/#website","url":"https:\/\/denkmalpflege.tuwien.ac.at\/","name":"Denkmalpflege und Bauen im Bestand","description":"Denkmalpflege TU Wien","publisher":{"@id":"https:\/\/denkmalpflege.tuwien.ac.at\/#organization"},"potentialAction":[{"@type":"SearchAction","target":{"@type":"EntryPoint","urlTemplate":"https:\/\/denkmalpflege.tuwien.ac.at\/?s={search_term_string}"},"query-input":{"@type":"PropertyValueSpecification","valueRequired":true,"valueName":"search_term_string"}}],"inLanguage":"de"},{"@type":"Organization","@id":"https:\/\/denkmalpflege.tuwien.ac.at\/#organization","name":"TU Wien Denkmalpflege und Bauen im Bestand","url":"https:\/\/denkmalpflege.tuwien.ac.at\/","logo":{"@type":"ImageObject","inLanguage":"de","@id":"https:\/\/denkmalpflege.tuwien.ac.at\/#\/schema\/logo\/image\/","url":"https:\/\/denkmalpflege.tuwien.ac.at\/wp-content\/uploads\/2019\/10\/Logo1.png","contentUrl":"https:\/\/denkmalpflege.tuwien.ac.at\/wp-content\/uploads\/2019\/10\/Logo1.png","width":222,"height":79,"caption":"TU Wien Denkmalpflege und Bauen im Bestand"},"image":{"@id":"https:\/\/denkmalpflege.tuwien.ac.at\/#\/schema\/logo\/image\/"}}]}},"_links":{"self":[{"href":"https:\/\/denkmalpflege.tuwien.ac.at\/index.php\/wp-json\/wp\/v2\/pages\/14803","targetHints":{"allow":["GET"]}}],"collection":[{"href":"https:\/\/denkmalpflege.tuwien.ac.at\/index.php\/wp-json\/wp\/v2\/pages"}],"about":[{"href":"https:\/\/denkmalpflege.tuwien.ac.at\/index.php\/wp-json\/wp\/v2\/types\/page"}],"author":[{"embeddable":true,"href":"https:\/\/denkmalpflege.tuwien.ac.at\/index.php\/wp-json\/wp\/v2\/users\/1"}],"replies":[{"embeddable":true,"href":"https:\/\/denkmalpflege.tuwien.ac.at\/index.php\/wp-json\/wp\/v2\/comments?post=14803"}],"version-history":[{"count":1,"href":"https:\/\/denkmalpflege.tuwien.ac.at\/index.php\/wp-json\/wp\/v2\/pages\/14803\/revisions"}],"predecessor-version":[{"id":14811,"href":"https:\/\/denkmalpflege.tuwien.ac.at\/index.php\/wp-json\/wp\/v2\/pages\/14803\/revisions\/14811"}],"wp:attachment":[{"href":"https:\/\/denkmalpflege.tuwien.ac.at\/index.php\/wp-json\/wp\/v2\/media?parent=14803"}],"curies":[{"name":"wp","href":"https:\/\/api.w.org\/{rel}","templated":true}]}}