{"id":14796,"date":"2019-05-13T10:10:36","date_gmt":"2019-05-13T08:10:36","guid":{"rendered":"http:\/\/denkmalpflege.tuwien.ac.at\/?page_id=14796"},"modified":"2019-05-13T10:12:41","modified_gmt":"2019-05-13T08:12:41","slug":"zelinskyi","status":"publish","type":"page","link":"https:\/\/denkmalpflege.tuwien.ac.at\/index.php\/zelinskyi\/","title":{"rendered":"zelinskyi"},"content":{"rendered":"<div class='mitarbeiter'>\n<div class='grey'>\n<img decoding=\"async\" src=\"http:\/\/denkmalpflege.tuwien.ac.at\/wp-content\/uploads\/2019\/05\/zelinsky-hover.jpg\" alt=\"zelinskyi\" title=\"zelinskyi\" width=\"130\" height=\"113\" class=\"alignnone size-full wp-image-165\" \/> <a href='diplcv' class='right_link'>&lt; Alle Arbeiten<\/a><br \/>\n<b>Anlage der Minka-H\u00e4user in Hizen-Hamashuku<\/p>\n<p><\/b><br \/>\n<strong>2019 Oleksandr Zelinskyi<\/strong> <\/p>\n<div class='breakline'><\/div>\n<\/div>\n<div class=\"greyfield\">\n<p>Minka (jap. \u6c11\u5bb6, \u201dHaus der Menschen\u201d) sind traditionelle Bauernh\u00e4user, die, in pr\u00e4historischer Zeit entwickelt, zum typischen Haus der Vormoderne in Japan wurden. In Holzbauweise errichtet besitzen sie ein Stroh- oder Ziegeldach, da es \u00fcblich war, ortsnahe Materialien zu verwenden. Noch heute wohnen darin traditionellerweise Bauern, Fischer und Kleinh\u00e4ndler.<\/p>\n<p>In Hizen-Hamashuku, einem kleinen historischen Postort aus der Edo-Zeit auf dem Nagasaki Kaid\u014d (jap. Fernstra\u00dfe) auf der Insel Ky\u016bsh\u016b in S\u00fcdjapan, bestehen solche H\u00e4user, wovon manche sogar noch von den urspr\u00fcnglichen Besitzerfamilien bewohnt werden. Alternativ werden sie in der Festivalzeit (November-Januar) f\u00fcr kurzzeitige Miete angeboten. Unter dem Druck der aktuellen Urbanisierung und wegen geplanten Ma\u00dfnahmen f\u00fcr den Hochwasserschutz sind diese sch\u00fctzenswerten baulichen Zeugen bedroht. Manche H\u00e4user sind verlassen, einzelne werden (\u00fcber)renoviert und andere einfach abgerissen.<\/p>\n<p>Ziel der Arbeit ist, eine bestimmte Minka-Baugruppe zu erforschen, davon eine Bestandsaufnahme zu machen und ein denkmalpflegerisches Konzept zu entwickeln, um im Hinblick auf eine k\u00fcnftige Nutzung Empfehlungen f\u00fcr denkmalvertr\u00e4gliche Ma\u00dfnahmen zu geben.<\/p>\n<div class='breakline'><\/div>\n<\/div>\n<p><span><\/span><br \/>\n<img decoding=\"async\" src=\"http:\/\/denkmalpflege.tuwien.ac.at\/wp-content\/uploads\/2019\/05\/zelinsky-gro\u00df.jpg\" width=\"960\" height=\"\"  alt=\"\" \/><br \/>\n<span><\/span><br \/>\n<span><\/span><\/p>\n<p><span><\/span><br \/>\n<span><\/span><\/p>\n","protected":false},"excerpt":{"rendered":"<p>&lt; Alle Arbeiten Anlage der Minka-H\u00e4user in Hizen-Hamashuku 2019 Oleksandr Zelinskyi Minka (jap. \u6c11\u5bb6, \u201dHaus der Menschen\u201d) sind traditionelle Bauernh\u00e4user, die, in pr\u00e4historischer Zeit entwickelt, zum typischen Haus der Vormoderne in Japan wurden. In Holzbauweise errichtet besitzen sie ein Stroh- oder Ziegeldach, da es \u00fcblich war, ortsnahe Materialien zu verwenden. Noch heute wohnen darin traditionellerweise Bauern, Fischer und Kleinh\u00e4ndler. In Hizen-Hamashuku, einem kleinen historischen Postort aus der Edo-Zeit auf dem<\/p>\n<div class=\"belowpost\"><a class=\"btnmore icon-arrow\" href=\"https:\/\/denkmalpflege.tuwien.ac.at\/index.php\/zelinskyi\/\"><span>Read More<\/span><\/a><\/div>\n","protected":false},"author":1,"featured_media":0,"parent":0,"menu_order":0,"comment_status":"closed","ping_status":"closed","template":"","meta":{"footnotes":""},"class_list":["post-14796","page","type-page","status-publish","hentry"],"yoast_head":"<!-- This site is optimized with the Yoast SEO plugin v26.0 - https:\/\/yoast.com\/wordpress\/plugins\/seo\/ -->\n<title>zelinskyi - Denkmalpflege und Bauen im Bestand<\/title>\n<meta name=\"robots\" content=\"index, follow, max-snippet:-1, max-image-preview:large, max-video-preview:-1\" \/>\n<link rel=\"canonical\" href=\"https:\/\/denkmalpflege.tuwien.ac.at\/index.php\/zelinskyi\/\" \/>\n<meta property=\"og:locale\" content=\"de_DE\" \/>\n<meta property=\"og:type\" content=\"article\" \/>\n<meta property=\"og:title\" content=\"zelinskyi - Denkmalpflege und Bauen im Bestand\" \/>\n<meta property=\"og:description\" content=\"&lt; Alle Arbeiten Anlage der Minka-H\u00e4user in Hizen-Hamashuku 2019 Oleksandr Zelinskyi Minka (jap. \u6c11\u5bb6, \u201dHaus der Menschen\u201d) sind traditionelle Bauernh\u00e4user, die, in pr\u00e4historischer Zeit entwickelt, zum typischen Haus der Vormoderne in Japan wurden. In Holzbauweise errichtet besitzen sie ein Stroh- oder Ziegeldach, da es \u00fcblich war, ortsnahe Materialien zu verwenden. Noch heute wohnen darin traditionellerweise Bauern, Fischer und Kleinh\u00e4ndler. In Hizen-Hamashuku, einem kleinen historischen Postort aus der Edo-Zeit auf demRead More\" \/>\n<meta property=\"og:url\" content=\"https:\/\/denkmalpflege.tuwien.ac.at\/index.php\/zelinskyi\/\" \/>\n<meta property=\"og:site_name\" content=\"Denkmalpflege und Bauen im Bestand\" \/>\n<meta property=\"article:modified_time\" content=\"2019-05-13T08:12:41+00:00\" \/>\n<meta name=\"twitter:card\" content=\"summary_large_image\" \/>\n<meta name=\"twitter:label1\" content=\"Gesch\u00e4tzte Lesezeit\" \/>\n\t<meta name=\"twitter:data1\" content=\"1\u00a0Minute\" \/>\n<script type=\"application\/ld+json\" class=\"yoast-schema-graph\">{\"@context\":\"https:\/\/schema.org\",\"@graph\":[{\"@type\":\"WebPage\",\"@id\":\"https:\/\/denkmalpflege.tuwien.ac.at\/index.php\/zelinskyi\/\",\"url\":\"https:\/\/denkmalpflege.tuwien.ac.at\/index.php\/zelinskyi\/\",\"name\":\"zelinskyi - Denkmalpflege und Bauen im Bestand\",\"isPartOf\":{\"@id\":\"https:\/\/denkmalpflege.tuwien.ac.at\/#website\"},\"primaryImageOfPage\":{\"@id\":\"https:\/\/denkmalpflege.tuwien.ac.at\/index.php\/zelinskyi\/#primaryimage\"},\"image\":{\"@id\":\"https:\/\/denkmalpflege.tuwien.ac.at\/index.php\/zelinskyi\/#primaryimage\"},\"thumbnailUrl\":\"http:\/\/denkmalpflege.tuwien.ac.at\/wp-content\/uploads\/2019\/05\/zelinsky-hover.jpg\",\"datePublished\":\"2019-05-13T08:10:36+00:00\",\"dateModified\":\"2019-05-13T08:12:41+00:00\",\"breadcrumb\":{\"@id\":\"https:\/\/denkmalpflege.tuwien.ac.at\/index.php\/zelinskyi\/#breadcrumb\"},\"inLanguage\":\"de\",\"potentialAction\":[{\"@type\":\"ReadAction\",\"target\":[\"https:\/\/denkmalpflege.tuwien.ac.at\/index.php\/zelinskyi\/\"]}]},{\"@type\":\"ImageObject\",\"inLanguage\":\"de\",\"@id\":\"https:\/\/denkmalpflege.tuwien.ac.at\/index.php\/zelinskyi\/#primaryimage\",\"url\":\"\",\"contentUrl\":\"\"},{\"@type\":\"BreadcrumbList\",\"@id\":\"https:\/\/denkmalpflege.tuwien.ac.at\/index.php\/zelinskyi\/#breadcrumb\",\"itemListElement\":[{\"@type\":\"ListItem\",\"position\":1,\"name\":\"Startseite\",\"item\":\"https:\/\/denkmalpflege.tuwien.ac.at\/\"},{\"@type\":\"ListItem\",\"position\":2,\"name\":\"zelinskyi\"}]},{\"@type\":\"WebSite\",\"@id\":\"https:\/\/denkmalpflege.tuwien.ac.at\/#website\",\"url\":\"https:\/\/denkmalpflege.tuwien.ac.at\/\",\"name\":\"Denkmalpflege und Bauen im Bestand\",\"description\":\"Denkmalpflege TU Wien\",\"publisher\":{\"@id\":\"https:\/\/denkmalpflege.tuwien.ac.at\/#organization\"},\"potentialAction\":[{\"@type\":\"SearchAction\",\"target\":{\"@type\":\"EntryPoint\",\"urlTemplate\":\"https:\/\/denkmalpflege.tuwien.ac.at\/?s={search_term_string}\"},\"query-input\":{\"@type\":\"PropertyValueSpecification\",\"valueRequired\":true,\"valueName\":\"search_term_string\"}}],\"inLanguage\":\"de\"},{\"@type\":\"Organization\",\"@id\":\"https:\/\/denkmalpflege.tuwien.ac.at\/#organization\",\"name\":\"TU Wien Denkmalpflege und Bauen im Bestand\",\"url\":\"https:\/\/denkmalpflege.tuwien.ac.at\/\",\"logo\":{\"@type\":\"ImageObject\",\"inLanguage\":\"de\",\"@id\":\"https:\/\/denkmalpflege.tuwien.ac.at\/#\/schema\/logo\/image\/\",\"url\":\"https:\/\/denkmalpflege.tuwien.ac.at\/wp-content\/uploads\/2019\/10\/Logo1.png\",\"contentUrl\":\"https:\/\/denkmalpflege.tuwien.ac.at\/wp-content\/uploads\/2019\/10\/Logo1.png\",\"width\":222,\"height\":79,\"caption\":\"TU Wien Denkmalpflege und Bauen im Bestand\"},\"image\":{\"@id\":\"https:\/\/denkmalpflege.tuwien.ac.at\/#\/schema\/logo\/image\/\"}}]}<\/script>\n<!-- \/ Yoast SEO plugin. -->","yoast_head_json":{"title":"zelinskyi - Denkmalpflege und Bauen im Bestand","robots":{"index":"index","follow":"follow","max-snippet":"max-snippet:-1","max-image-preview":"max-image-preview:large","max-video-preview":"max-video-preview:-1"},"canonical":"https:\/\/denkmalpflege.tuwien.ac.at\/index.php\/zelinskyi\/","og_locale":"de_DE","og_type":"article","og_title":"zelinskyi - Denkmalpflege und Bauen im Bestand","og_description":"&lt; Alle Arbeiten Anlage der Minka-H\u00e4user in Hizen-Hamashuku 2019 Oleksandr Zelinskyi Minka (jap. \u6c11\u5bb6, \u201dHaus der Menschen\u201d) sind traditionelle Bauernh\u00e4user, die, in pr\u00e4historischer Zeit entwickelt, zum typischen Haus der Vormoderne in Japan wurden. In Holzbauweise errichtet besitzen sie ein Stroh- oder Ziegeldach, da es \u00fcblich war, ortsnahe Materialien zu verwenden. Noch heute wohnen darin traditionellerweise Bauern, Fischer und Kleinh\u00e4ndler. In Hizen-Hamashuku, einem kleinen historischen Postort aus der Edo-Zeit auf demRead More","og_url":"https:\/\/denkmalpflege.tuwien.ac.at\/index.php\/zelinskyi\/","og_site_name":"Denkmalpflege und Bauen im Bestand","article_modified_time":"2019-05-13T08:12:41+00:00","twitter_card":"summary_large_image","twitter_misc":{"Gesch\u00e4tzte Lesezeit":"1\u00a0Minute"},"schema":{"@context":"https:\/\/schema.org","@graph":[{"@type":"WebPage","@id":"https:\/\/denkmalpflege.tuwien.ac.at\/index.php\/zelinskyi\/","url":"https:\/\/denkmalpflege.tuwien.ac.at\/index.php\/zelinskyi\/","name":"zelinskyi - Denkmalpflege und Bauen im Bestand","isPartOf":{"@id":"https:\/\/denkmalpflege.tuwien.ac.at\/#website"},"primaryImageOfPage":{"@id":"https:\/\/denkmalpflege.tuwien.ac.at\/index.php\/zelinskyi\/#primaryimage"},"image":{"@id":"https:\/\/denkmalpflege.tuwien.ac.at\/index.php\/zelinskyi\/#primaryimage"},"thumbnailUrl":"http:\/\/denkmalpflege.tuwien.ac.at\/wp-content\/uploads\/2019\/05\/zelinsky-hover.jpg","datePublished":"2019-05-13T08:10:36+00:00","dateModified":"2019-05-13T08:12:41+00:00","breadcrumb":{"@id":"https:\/\/denkmalpflege.tuwien.ac.at\/index.php\/zelinskyi\/#breadcrumb"},"inLanguage":"de","potentialAction":[{"@type":"ReadAction","target":["https:\/\/denkmalpflege.tuwien.ac.at\/index.php\/zelinskyi\/"]}]},{"@type":"ImageObject","inLanguage":"de","@id":"https:\/\/denkmalpflege.tuwien.ac.at\/index.php\/zelinskyi\/#primaryimage","url":"","contentUrl":""},{"@type":"BreadcrumbList","@id":"https:\/\/denkmalpflege.tuwien.ac.at\/index.php\/zelinskyi\/#breadcrumb","itemListElement":[{"@type":"ListItem","position":1,"name":"Startseite","item":"https:\/\/denkmalpflege.tuwien.ac.at\/"},{"@type":"ListItem","position":2,"name":"zelinskyi"}]},{"@type":"WebSite","@id":"https:\/\/denkmalpflege.tuwien.ac.at\/#website","url":"https:\/\/denkmalpflege.tuwien.ac.at\/","name":"Denkmalpflege und Bauen im Bestand","description":"Denkmalpflege TU Wien","publisher":{"@id":"https:\/\/denkmalpflege.tuwien.ac.at\/#organization"},"potentialAction":[{"@type":"SearchAction","target":{"@type":"EntryPoint","urlTemplate":"https:\/\/denkmalpflege.tuwien.ac.at\/?s={search_term_string}"},"query-input":{"@type":"PropertyValueSpecification","valueRequired":true,"valueName":"search_term_string"}}],"inLanguage":"de"},{"@type":"Organization","@id":"https:\/\/denkmalpflege.tuwien.ac.at\/#organization","name":"TU Wien Denkmalpflege und Bauen im Bestand","url":"https:\/\/denkmalpflege.tuwien.ac.at\/","logo":{"@type":"ImageObject","inLanguage":"de","@id":"https:\/\/denkmalpflege.tuwien.ac.at\/#\/schema\/logo\/image\/","url":"https:\/\/denkmalpflege.tuwien.ac.at\/wp-content\/uploads\/2019\/10\/Logo1.png","contentUrl":"https:\/\/denkmalpflege.tuwien.ac.at\/wp-content\/uploads\/2019\/10\/Logo1.png","width":222,"height":79,"caption":"TU Wien Denkmalpflege und Bauen im Bestand"},"image":{"@id":"https:\/\/denkmalpflege.tuwien.ac.at\/#\/schema\/logo\/image\/"}}]}},"_links":{"self":[{"href":"https:\/\/denkmalpflege.tuwien.ac.at\/index.php\/wp-json\/wp\/v2\/pages\/14796","targetHints":{"allow":["GET"]}}],"collection":[{"href":"https:\/\/denkmalpflege.tuwien.ac.at\/index.php\/wp-json\/wp\/v2\/pages"}],"about":[{"href":"https:\/\/denkmalpflege.tuwien.ac.at\/index.php\/wp-json\/wp\/v2\/types\/page"}],"author":[{"embeddable":true,"href":"https:\/\/denkmalpflege.tuwien.ac.at\/index.php\/wp-json\/wp\/v2\/users\/1"}],"replies":[{"embeddable":true,"href":"https:\/\/denkmalpflege.tuwien.ac.at\/index.php\/wp-json\/wp\/v2\/comments?post=14796"}],"version-history":[{"count":2,"href":"https:\/\/denkmalpflege.tuwien.ac.at\/index.php\/wp-json\/wp\/v2\/pages\/14796\/revisions"}],"predecessor-version":[{"id":14802,"href":"https:\/\/denkmalpflege.tuwien.ac.at\/index.php\/wp-json\/wp\/v2\/pages\/14796\/revisions\/14802"}],"wp:attachment":[{"href":"https:\/\/denkmalpflege.tuwien.ac.at\/index.php\/wp-json\/wp\/v2\/media?parent=14796"}],"curies":[{"name":"wp","href":"https:\/\/api.w.org\/{rel}","templated":true}]}}