{"id":14788,"date":"2019-04-24T12:23:52","date_gmt":"2019-04-24T10:23:52","guid":{"rendered":"http:\/\/denkmalpflege.tuwien.ac.at\/?page_id=14788"},"modified":"2019-04-24T12:23:52","modified_gmt":"2019-04-24T10:23:52","slug":"eberle","status":"publish","type":"page","link":"https:\/\/denkmalpflege.tuwien.ac.at\/index.php\/eberle\/","title":{"rendered":"eberle"},"content":{"rendered":"<div class='mitarbeiter'>\n<div class='grey'>\n<img decoding=\"async\" src=\"http:\/\/denkmalpflege.tuwien.ac.at\/wp-content\/uploads\/2019\/04\/eberle-hover.jpg\" alt=\"eberle\" title=\"eberle\" width=\"130\" height=\"113\" class=\"alignnone size-full wp-image-165\" \/> <a href='diplcv' class='right_link'>&lt; Alle Arbeiten<\/a><br \/>\n<b>Die Villa Rosa in Pergine Valsugana &#8211; Bestandsaufnahme, Analyse, Revitalisierung und Vorschl\u00e4ge zur gegenw\u00e4rtigen Nutzung.<\/p>\n<p><\/b><br \/>\n<strong>2019 Anna Eberle<\/strong> <\/p>\n<div class='breakline'><\/div>\n<\/div>\n<div class=\"greyfield\">\n<p>Die Villa Rosa (urspr\u00fcnglich Villa Giulia) befindet sich im Gebiet der Gemeinde Pergine Valsugana<br \/>\nin Trentino-S\u00fcdtirol (Italien). Sie wurde im Jahr 1912 vom Baumeister Eduino Maoro f\u00fcr den Marquis Vittorio Napoleone della Rosa entworfen und errichtet. Die Villa ist ein typisches Beispiel f\u00fcr die eklektische Architektur in Norditalien.W\u00e4hrend des Ersten Weltkriegs wurde die Villa als Kommandozentrale und Unterkunft von den \u00d6sterreichisch-Ungarischen Streitkr\u00e4ften verwendet. Im Jahr 1952 wurde sie vom &#8222;Nationalinstitut f\u00fcr die Arbeitsunfallversicherung&#8220; (INAIL) gekauft, um einen L-f\u00f6rmigen Trakt erweitert und zu einem Genesungsheim umgebaut. Seit 1972 ist die Villa im Immobilienbesitz der Autonomen Provinz Trient und wurde 1998 unter Denkmalschutz gestellt. Im Jahr 2013 wurde das Genesungsheim in ein neues moderneres Geb\u00e4ude verlegt und seitdem ist die Villa Rosa ungenutzt und dem Vandalismus ausgesetzt.<\/p>\n<p>Inhalt meiner Arbeit ist eine Untersuchung der Bau- und Nutzungsgeschichte des Objekts, sowie eine detaillierte Analyse des Bestandes. Anhand dieser Untersuchungen werden Ideen zur Sanierung und Revitalisierung erarbeitet und anschlie\u00dfend ein Konzept f\u00fcr die gegenw\u00e4rtige Nutzung erstellt.<\/p>\n<div class='breakline'><\/div>\n<\/div>\n<p><span><\/span><br \/>\n<img decoding=\"async\" src=\"http:\/\/denkmalpflege.tuwien.ac.at\/wp-content\/uploads\/2019\/04\/eberle-gro\u00df-2.jpg\" width=\"960\" height=\"\"  alt=\"\" \/> <\/p>\n<div class=\"text\">Villa Rosa Ansicht Ost | Westturm, Quelle Denkmalamt, Provinz Autonome Trient.<\/div>\n<p><span><\/span><br \/>\n<span><\/span><\/p>\n<p><img decoding=\"async\" src=\"http:\/\/denkmalpflege.tuwien.ac.at\/wp-content\/uploads\/2019\/04\/eberle-gro\u00df-3.jpg\" width=\"960\" height=\"\"  alt=\"\" \/><\/p>\n<div class=\"text\">Villa Rosa Hauptansicht, Quelle Denkmalamt, Provinz Autonome Trient.<\/div>\n<p><span><\/span><br \/>\n<span><\/span><br \/>\n<img decoding=\"async\" src=\"http:\/\/denkmalpflege.tuwien.ac.at\/wp-content\/uploads\/2019\/04\/eberle-gro\u00df-1.jpg\" width=\"960\" height=\"\"  alt=\"\" \/> <\/p>\n<div class=\"text\">Villa Rosa, Foto Daniele Bolgia<\/div>\n<p><span><\/span><br \/>\n<span><\/span><\/p>\n","protected":false},"excerpt":{"rendered":"<p>&lt; Alle Arbeiten Die Villa Rosa in Pergine Valsugana &#8211; Bestandsaufnahme, Analyse, Revitalisierung und Vorschl\u00e4ge zur gegenw\u00e4rtigen Nutzung. 2019 Anna Eberle Die Villa Rosa (urspr\u00fcnglich Villa Giulia) befindet sich im Gebiet der Gemeinde Pergine Valsugana in Trentino-S\u00fcdtirol (Italien). Sie wurde im Jahr 1912 vom Baumeister Eduino Maoro f\u00fcr den Marquis Vittorio Napoleone della Rosa entworfen und errichtet. Die Villa ist ein typisches Beispiel f\u00fcr die eklektische Architektur in Norditalien.W\u00e4hrend des<\/p>\n<div class=\"belowpost\"><a class=\"btnmore icon-arrow\" href=\"https:\/\/denkmalpflege.tuwien.ac.at\/index.php\/eberle\/\"><span>Read More<\/span><\/a><\/div>\n","protected":false},"author":1,"featured_media":0,"parent":0,"menu_order":0,"comment_status":"closed","ping_status":"closed","template":"","meta":{"footnotes":""},"class_list":["post-14788","page","type-page","status-publish","hentry"],"yoast_head":"<!-- This site is optimized with the Yoast SEO plugin v26.0 - https:\/\/yoast.com\/wordpress\/plugins\/seo\/ -->\n<title>eberle - Denkmalpflege und Bauen im Bestand<\/title>\n<meta name=\"robots\" content=\"index, follow, max-snippet:-1, max-image-preview:large, max-video-preview:-1\" \/>\n<link rel=\"canonical\" href=\"https:\/\/denkmalpflege.tuwien.ac.at\/index.php\/eberle\/\" \/>\n<meta property=\"og:locale\" content=\"de_DE\" \/>\n<meta property=\"og:type\" content=\"article\" \/>\n<meta property=\"og:title\" content=\"eberle - Denkmalpflege und Bauen im Bestand\" \/>\n<meta property=\"og:description\" content=\"&lt; Alle Arbeiten Die Villa Rosa in Pergine Valsugana &#8211; Bestandsaufnahme, Analyse, Revitalisierung und Vorschl\u00e4ge zur gegenw\u00e4rtigen Nutzung. 2019 Anna Eberle Die Villa Rosa (urspr\u00fcnglich Villa Giulia) befindet sich im Gebiet der Gemeinde Pergine Valsugana in Trentino-S\u00fcdtirol (Italien). Sie wurde im Jahr 1912 vom Baumeister Eduino Maoro f\u00fcr den Marquis Vittorio Napoleone della Rosa entworfen und errichtet. Die Villa ist ein typisches Beispiel f\u00fcr die eklektische Architektur in Norditalien.W\u00e4hrend desRead More\" \/>\n<meta property=\"og:url\" content=\"https:\/\/denkmalpflege.tuwien.ac.at\/index.php\/eberle\/\" \/>\n<meta property=\"og:site_name\" content=\"Denkmalpflege und Bauen im Bestand\" \/>\n<meta name=\"twitter:card\" content=\"summary_large_image\" \/>\n<meta name=\"twitter:label1\" content=\"Gesch\u00e4tzte Lesezeit\" \/>\n\t<meta name=\"twitter:data1\" content=\"1\u00a0Minute\" \/>\n<script type=\"application\/ld+json\" class=\"yoast-schema-graph\">{\"@context\":\"https:\/\/schema.org\",\"@graph\":[{\"@type\":\"WebPage\",\"@id\":\"https:\/\/denkmalpflege.tuwien.ac.at\/index.php\/eberle\/\",\"url\":\"https:\/\/denkmalpflege.tuwien.ac.at\/index.php\/eberle\/\",\"name\":\"eberle - Denkmalpflege und Bauen im Bestand\",\"isPartOf\":{\"@id\":\"https:\/\/denkmalpflege.tuwien.ac.at\/#website\"},\"primaryImageOfPage\":{\"@id\":\"https:\/\/denkmalpflege.tuwien.ac.at\/index.php\/eberle\/#primaryimage\"},\"image\":{\"@id\":\"https:\/\/denkmalpflege.tuwien.ac.at\/index.php\/eberle\/#primaryimage\"},\"thumbnailUrl\":\"http:\/\/denkmalpflege.tuwien.ac.at\/wp-content\/uploads\/2019\/04\/eberle-hover.jpg\",\"datePublished\":\"2019-04-24T10:23:52+00:00\",\"breadcrumb\":{\"@id\":\"https:\/\/denkmalpflege.tuwien.ac.at\/index.php\/eberle\/#breadcrumb\"},\"inLanguage\":\"de\",\"potentialAction\":[{\"@type\":\"ReadAction\",\"target\":[\"https:\/\/denkmalpflege.tuwien.ac.at\/index.php\/eberle\/\"]}]},{\"@type\":\"ImageObject\",\"inLanguage\":\"de\",\"@id\":\"https:\/\/denkmalpflege.tuwien.ac.at\/index.php\/eberle\/#primaryimage\",\"url\":\"\",\"contentUrl\":\"\"},{\"@type\":\"BreadcrumbList\",\"@id\":\"https:\/\/denkmalpflege.tuwien.ac.at\/index.php\/eberle\/#breadcrumb\",\"itemListElement\":[{\"@type\":\"ListItem\",\"position\":1,\"name\":\"Startseite\",\"item\":\"https:\/\/denkmalpflege.tuwien.ac.at\/\"},{\"@type\":\"ListItem\",\"position\":2,\"name\":\"eberle\"}]},{\"@type\":\"WebSite\",\"@id\":\"https:\/\/denkmalpflege.tuwien.ac.at\/#website\",\"url\":\"https:\/\/denkmalpflege.tuwien.ac.at\/\",\"name\":\"Denkmalpflege und Bauen im Bestand\",\"description\":\"Denkmalpflege TU Wien\",\"publisher\":{\"@id\":\"https:\/\/denkmalpflege.tuwien.ac.at\/#organization\"},\"potentialAction\":[{\"@type\":\"SearchAction\",\"target\":{\"@type\":\"EntryPoint\",\"urlTemplate\":\"https:\/\/denkmalpflege.tuwien.ac.at\/?s={search_term_string}\"},\"query-input\":{\"@type\":\"PropertyValueSpecification\",\"valueRequired\":true,\"valueName\":\"search_term_string\"}}],\"inLanguage\":\"de\"},{\"@type\":\"Organization\",\"@id\":\"https:\/\/denkmalpflege.tuwien.ac.at\/#organization\",\"name\":\"TU Wien Denkmalpflege und Bauen im Bestand\",\"url\":\"https:\/\/denkmalpflege.tuwien.ac.at\/\",\"logo\":{\"@type\":\"ImageObject\",\"inLanguage\":\"de\",\"@id\":\"https:\/\/denkmalpflege.tuwien.ac.at\/#\/schema\/logo\/image\/\",\"url\":\"https:\/\/denkmalpflege.tuwien.ac.at\/wp-content\/uploads\/2019\/10\/Logo1.png\",\"contentUrl\":\"https:\/\/denkmalpflege.tuwien.ac.at\/wp-content\/uploads\/2019\/10\/Logo1.png\",\"width\":222,\"height\":79,\"caption\":\"TU Wien Denkmalpflege und Bauen im Bestand\"},\"image\":{\"@id\":\"https:\/\/denkmalpflege.tuwien.ac.at\/#\/schema\/logo\/image\/\"}}]}<\/script>\n<!-- \/ Yoast SEO plugin. -->","yoast_head_json":{"title":"eberle - Denkmalpflege und Bauen im Bestand","robots":{"index":"index","follow":"follow","max-snippet":"max-snippet:-1","max-image-preview":"max-image-preview:large","max-video-preview":"max-video-preview:-1"},"canonical":"https:\/\/denkmalpflege.tuwien.ac.at\/index.php\/eberle\/","og_locale":"de_DE","og_type":"article","og_title":"eberle - Denkmalpflege und Bauen im Bestand","og_description":"&lt; Alle Arbeiten Die Villa Rosa in Pergine Valsugana &#8211; Bestandsaufnahme, Analyse, Revitalisierung und Vorschl\u00e4ge zur gegenw\u00e4rtigen Nutzung. 2019 Anna Eberle Die Villa Rosa (urspr\u00fcnglich Villa Giulia) befindet sich im Gebiet der Gemeinde Pergine Valsugana in Trentino-S\u00fcdtirol (Italien). Sie wurde im Jahr 1912 vom Baumeister Eduino Maoro f\u00fcr den Marquis Vittorio Napoleone della Rosa entworfen und errichtet. Die Villa ist ein typisches Beispiel f\u00fcr die eklektische Architektur in Norditalien.W\u00e4hrend desRead More","og_url":"https:\/\/denkmalpflege.tuwien.ac.at\/index.php\/eberle\/","og_site_name":"Denkmalpflege und Bauen im Bestand","twitter_card":"summary_large_image","twitter_misc":{"Gesch\u00e4tzte Lesezeit":"1\u00a0Minute"},"schema":{"@context":"https:\/\/schema.org","@graph":[{"@type":"WebPage","@id":"https:\/\/denkmalpflege.tuwien.ac.at\/index.php\/eberle\/","url":"https:\/\/denkmalpflege.tuwien.ac.at\/index.php\/eberle\/","name":"eberle - Denkmalpflege und Bauen im Bestand","isPartOf":{"@id":"https:\/\/denkmalpflege.tuwien.ac.at\/#website"},"primaryImageOfPage":{"@id":"https:\/\/denkmalpflege.tuwien.ac.at\/index.php\/eberle\/#primaryimage"},"image":{"@id":"https:\/\/denkmalpflege.tuwien.ac.at\/index.php\/eberle\/#primaryimage"},"thumbnailUrl":"http:\/\/denkmalpflege.tuwien.ac.at\/wp-content\/uploads\/2019\/04\/eberle-hover.jpg","datePublished":"2019-04-24T10:23:52+00:00","breadcrumb":{"@id":"https:\/\/denkmalpflege.tuwien.ac.at\/index.php\/eberle\/#breadcrumb"},"inLanguage":"de","potentialAction":[{"@type":"ReadAction","target":["https:\/\/denkmalpflege.tuwien.ac.at\/index.php\/eberle\/"]}]},{"@type":"ImageObject","inLanguage":"de","@id":"https:\/\/denkmalpflege.tuwien.ac.at\/index.php\/eberle\/#primaryimage","url":"","contentUrl":""},{"@type":"BreadcrumbList","@id":"https:\/\/denkmalpflege.tuwien.ac.at\/index.php\/eberle\/#breadcrumb","itemListElement":[{"@type":"ListItem","position":1,"name":"Startseite","item":"https:\/\/denkmalpflege.tuwien.ac.at\/"},{"@type":"ListItem","position":2,"name":"eberle"}]},{"@type":"WebSite","@id":"https:\/\/denkmalpflege.tuwien.ac.at\/#website","url":"https:\/\/denkmalpflege.tuwien.ac.at\/","name":"Denkmalpflege und Bauen im Bestand","description":"Denkmalpflege TU Wien","publisher":{"@id":"https:\/\/denkmalpflege.tuwien.ac.at\/#organization"},"potentialAction":[{"@type":"SearchAction","target":{"@type":"EntryPoint","urlTemplate":"https:\/\/denkmalpflege.tuwien.ac.at\/?s={search_term_string}"},"query-input":{"@type":"PropertyValueSpecification","valueRequired":true,"valueName":"search_term_string"}}],"inLanguage":"de"},{"@type":"Organization","@id":"https:\/\/denkmalpflege.tuwien.ac.at\/#organization","name":"TU Wien Denkmalpflege und Bauen im Bestand","url":"https:\/\/denkmalpflege.tuwien.ac.at\/","logo":{"@type":"ImageObject","inLanguage":"de","@id":"https:\/\/denkmalpflege.tuwien.ac.at\/#\/schema\/logo\/image\/","url":"https:\/\/denkmalpflege.tuwien.ac.at\/wp-content\/uploads\/2019\/10\/Logo1.png","contentUrl":"https:\/\/denkmalpflege.tuwien.ac.at\/wp-content\/uploads\/2019\/10\/Logo1.png","width":222,"height":79,"caption":"TU Wien Denkmalpflege und Bauen im Bestand"},"image":{"@id":"https:\/\/denkmalpflege.tuwien.ac.at\/#\/schema\/logo\/image\/"}}]}},"_links":{"self":[{"href":"https:\/\/denkmalpflege.tuwien.ac.at\/index.php\/wp-json\/wp\/v2\/pages\/14788","targetHints":{"allow":["GET"]}}],"collection":[{"href":"https:\/\/denkmalpflege.tuwien.ac.at\/index.php\/wp-json\/wp\/v2\/pages"}],"about":[{"href":"https:\/\/denkmalpflege.tuwien.ac.at\/index.php\/wp-json\/wp\/v2\/types\/page"}],"author":[{"embeddable":true,"href":"https:\/\/denkmalpflege.tuwien.ac.at\/index.php\/wp-json\/wp\/v2\/users\/1"}],"replies":[{"embeddable":true,"href":"https:\/\/denkmalpflege.tuwien.ac.at\/index.php\/wp-json\/wp\/v2\/comments?post=14788"}],"version-history":[{"count":4,"href":"https:\/\/denkmalpflege.tuwien.ac.at\/index.php\/wp-json\/wp\/v2\/pages\/14788\/revisions"}],"predecessor-version":[{"id":14792,"href":"https:\/\/denkmalpflege.tuwien.ac.at\/index.php\/wp-json\/wp\/v2\/pages\/14788\/revisions\/14792"}],"wp:attachment":[{"href":"https:\/\/denkmalpflege.tuwien.ac.at\/index.php\/wp-json\/wp\/v2\/media?parent=14788"}],"curies":[{"name":"wp","href":"https:\/\/api.w.org\/{rel}","templated":true}]}}