{"id":14749,"date":"2019-04-15T11:33:47","date_gmt":"2019-04-15T09:33:47","guid":{"rendered":"http:\/\/denkmalpflege.tuwien.ac.at\/?page_id=14749"},"modified":"2019-04-15T11:33:47","modified_gmt":"2019-04-15T09:33:47","slug":"hilber","status":"publish","type":"page","link":"https:\/\/denkmalpflege.tuwien.ac.at\/index.php\/hilber\/","title":{"rendered":"hilber"},"content":{"rendered":"<div class='mitarbeiter'>\n<div class='grey'>\n<img decoding=\"async\" src=\"http:\/\/denkmalpflege.tuwien.ac.at\/wp-content\/uploads\/2019\/04\/hilber-hover.jpg\" alt=\"hilber\" title=\"hilber\" width=\"130\" height=\"113\" class=\"alignnone size-full wp-image-165\" \/> <a href='diplcv' class='right_link'>&lt; Alle Arbeiten<\/a><br \/>\n<b>Die Johanneskirche in Freistadt, Ober\u00f6sterreich<\/p>\n<p><\/b><br \/>\n<strong>2019 Johannes Hilber<\/strong> <\/p>\n<div class='breakline'><\/div>\n<\/div>\n<div class=\"greyfield\">\n<p>Die denkmalgesch\u00fctzte Johanneskirche ist vermutlich das \u00e4lteste Geb\u00e4ude im heutigen Gemeindegebiet von Freistadt im unteren M\u00fchlviertel. Sie liegt s\u00fcdlich der mittelalterlichen Stadtmauern in der Linzer Vorstadt. Bis Anfang des 20. Jahrhunderts stand sie nur durch wenige Geb\u00e4ude des ehemaligen B\u00fcrgerspitals umringt, weitgehend frei an der Stra\u00dfe nach Linz. Durch die rege Baut\u00e4tigkeit seit der Nachkriegszeit wurde die Umgebung des Denkmals weitgehend ver\u00e4ndert und lediglich ein \u00fcberformtes Geb\u00e4ude des ehemaligen B\u00fcrgerspitals besteht noch.<br \/>\nIn der Diplomarbeit soll die bewegte Baugeschichte der Johanneskirche er\u00f6rtert und der Bestand dokumentiert werden. Des Weiteren soll auf die Umgebung \u2013 als Bestandteil des Denkmales \u2013 eingegangen werden. Hierzu wird auf die M\u00f6glichkeiten des Umgebungsschutzes in \u00d6sterreich, insbesondere in Ober\u00f6sterreich eingegangen. Den Abschluss der Arbeit bilden ein Erhaltungs- und Instandsetzungskonzept und ein st\u00e4dtebaulicher Entwurf zur Regulierung der unmittelbaren Umgebung.<\/p>\n<div class='breakline'><\/div>\n<\/div>\n<p><span><\/span><br \/>\n<img decoding=\"async\" src=\"http:\/\/denkmalpflege.tuwien.ac.at\/wp-content\/uploads\/2019\/04\/hilber-gro\u00df.jpg\" width=\"960\" height=\"\"  alt=\"\" \/> <\/p>\n<p>Ansicht Linzerstra\u00dfe | Ansicht Chor<br \/>\n<span><\/span><br \/>\n<span><\/span><br \/>\n<img decoding=\"async\" src=\"http:\/\/denkmalpflege.tuwien.ac.at\/wp-content\/uploads\/2019\/04\/hilber-gro\u00df-2.jpg\" width=\"960\" height=\"\"  alt=\"\" \/> <\/p>\n<p>Detail S\u00fcdt\u00fcr | Innenansicht<br \/>\n<span><\/span><br \/>\n<span><\/span><\/p>\n","protected":false},"excerpt":{"rendered":"<p>&lt; Alle Arbeiten Die Johanneskirche in Freistadt, Ober\u00f6sterreich 2019 Johannes Hilber Die denkmalgesch\u00fctzte Johanneskirche ist vermutlich das \u00e4lteste Geb\u00e4ude im heutigen Gemeindegebiet von Freistadt im unteren M\u00fchlviertel. Sie liegt s\u00fcdlich der mittelalterlichen Stadtmauern in der Linzer Vorstadt. Bis Anfang des 20. Jahrhunderts stand sie nur durch wenige Geb\u00e4ude des ehemaligen B\u00fcrgerspitals umringt, weitgehend frei an der Stra\u00dfe nach Linz. Durch die rege Baut\u00e4tigkeit seit der Nachkriegszeit wurde die Umgebung des<\/p>\n<div class=\"belowpost\"><a class=\"btnmore icon-arrow\" href=\"https:\/\/denkmalpflege.tuwien.ac.at\/index.php\/hilber\/\"><span>Read More<\/span><\/a><\/div>\n","protected":false},"author":1,"featured_media":0,"parent":0,"menu_order":0,"comment_status":"closed","ping_status":"closed","template":"","meta":{"footnotes":""},"class_list":["post-14749","page","type-page","status-publish","hentry"],"yoast_head":"<!-- This site is optimized with the Yoast SEO plugin v26.0 - https:\/\/yoast.com\/wordpress\/plugins\/seo\/ -->\n<title>hilber - Denkmalpflege und Bauen im Bestand<\/title>\n<meta name=\"robots\" content=\"index, follow, max-snippet:-1, max-image-preview:large, max-video-preview:-1\" \/>\n<link rel=\"canonical\" href=\"https:\/\/denkmalpflege.tuwien.ac.at\/index.php\/hilber\/\" \/>\n<meta property=\"og:locale\" content=\"de_DE\" \/>\n<meta property=\"og:type\" content=\"article\" \/>\n<meta property=\"og:title\" content=\"hilber - Denkmalpflege und Bauen im Bestand\" \/>\n<meta property=\"og:description\" content=\"&lt; Alle Arbeiten Die Johanneskirche in Freistadt, Ober\u00f6sterreich 2019 Johannes Hilber Die denkmalgesch\u00fctzte Johanneskirche ist vermutlich das \u00e4lteste Geb\u00e4ude im heutigen Gemeindegebiet von Freistadt im unteren M\u00fchlviertel. Sie liegt s\u00fcdlich der mittelalterlichen Stadtmauern in der Linzer Vorstadt. Bis Anfang des 20. Jahrhunderts stand sie nur durch wenige Geb\u00e4ude des ehemaligen B\u00fcrgerspitals umringt, weitgehend frei an der Stra\u00dfe nach Linz. Durch die rege Baut\u00e4tigkeit seit der Nachkriegszeit wurde die Umgebung desRead More\" \/>\n<meta property=\"og:url\" content=\"https:\/\/denkmalpflege.tuwien.ac.at\/index.php\/hilber\/\" \/>\n<meta property=\"og:site_name\" content=\"Denkmalpflege und Bauen im Bestand\" \/>\n<meta name=\"twitter:card\" content=\"summary_large_image\" \/>\n<meta name=\"twitter:label1\" content=\"Gesch\u00e4tzte Lesezeit\" \/>\n\t<meta name=\"twitter:data1\" content=\"1\u00a0Minute\" \/>\n<script type=\"application\/ld+json\" class=\"yoast-schema-graph\">{\"@context\":\"https:\/\/schema.org\",\"@graph\":[{\"@type\":\"WebPage\",\"@id\":\"https:\/\/denkmalpflege.tuwien.ac.at\/index.php\/hilber\/\",\"url\":\"https:\/\/denkmalpflege.tuwien.ac.at\/index.php\/hilber\/\",\"name\":\"hilber - Denkmalpflege und Bauen im Bestand\",\"isPartOf\":{\"@id\":\"https:\/\/denkmalpflege.tuwien.ac.at\/#website\"},\"primaryImageOfPage\":{\"@id\":\"https:\/\/denkmalpflege.tuwien.ac.at\/index.php\/hilber\/#primaryimage\"},\"image\":{\"@id\":\"https:\/\/denkmalpflege.tuwien.ac.at\/index.php\/hilber\/#primaryimage\"},\"thumbnailUrl\":\"http:\/\/denkmalpflege.tuwien.ac.at\/wp-content\/uploads\/2019\/04\/hilber-hover.jpg\",\"datePublished\":\"2019-04-15T09:33:47+00:00\",\"breadcrumb\":{\"@id\":\"https:\/\/denkmalpflege.tuwien.ac.at\/index.php\/hilber\/#breadcrumb\"},\"inLanguage\":\"de\",\"potentialAction\":[{\"@type\":\"ReadAction\",\"target\":[\"https:\/\/denkmalpflege.tuwien.ac.at\/index.php\/hilber\/\"]}]},{\"@type\":\"ImageObject\",\"inLanguage\":\"de\",\"@id\":\"https:\/\/denkmalpflege.tuwien.ac.at\/index.php\/hilber\/#primaryimage\",\"url\":\"\",\"contentUrl\":\"\"},{\"@type\":\"BreadcrumbList\",\"@id\":\"https:\/\/denkmalpflege.tuwien.ac.at\/index.php\/hilber\/#breadcrumb\",\"itemListElement\":[{\"@type\":\"ListItem\",\"position\":1,\"name\":\"Startseite\",\"item\":\"https:\/\/denkmalpflege.tuwien.ac.at\/\"},{\"@type\":\"ListItem\",\"position\":2,\"name\":\"hilber\"}]},{\"@type\":\"WebSite\",\"@id\":\"https:\/\/denkmalpflege.tuwien.ac.at\/#website\",\"url\":\"https:\/\/denkmalpflege.tuwien.ac.at\/\",\"name\":\"Denkmalpflege und Bauen im Bestand\",\"description\":\"Denkmalpflege TU Wien\",\"publisher\":{\"@id\":\"https:\/\/denkmalpflege.tuwien.ac.at\/#organization\"},\"potentialAction\":[{\"@type\":\"SearchAction\",\"target\":{\"@type\":\"EntryPoint\",\"urlTemplate\":\"https:\/\/denkmalpflege.tuwien.ac.at\/?s={search_term_string}\"},\"query-input\":{\"@type\":\"PropertyValueSpecification\",\"valueRequired\":true,\"valueName\":\"search_term_string\"}}],\"inLanguage\":\"de\"},{\"@type\":\"Organization\",\"@id\":\"https:\/\/denkmalpflege.tuwien.ac.at\/#organization\",\"name\":\"TU Wien Denkmalpflege und Bauen im Bestand\",\"url\":\"https:\/\/denkmalpflege.tuwien.ac.at\/\",\"logo\":{\"@type\":\"ImageObject\",\"inLanguage\":\"de\",\"@id\":\"https:\/\/denkmalpflege.tuwien.ac.at\/#\/schema\/logo\/image\/\",\"url\":\"https:\/\/denkmalpflege.tuwien.ac.at\/wp-content\/uploads\/2019\/10\/Logo1.png\",\"contentUrl\":\"https:\/\/denkmalpflege.tuwien.ac.at\/wp-content\/uploads\/2019\/10\/Logo1.png\",\"width\":222,\"height\":79,\"caption\":\"TU Wien Denkmalpflege und Bauen im Bestand\"},\"image\":{\"@id\":\"https:\/\/denkmalpflege.tuwien.ac.at\/#\/schema\/logo\/image\/\"}}]}<\/script>\n<!-- \/ Yoast SEO plugin. -->","yoast_head_json":{"title":"hilber - Denkmalpflege und Bauen im Bestand","robots":{"index":"index","follow":"follow","max-snippet":"max-snippet:-1","max-image-preview":"max-image-preview:large","max-video-preview":"max-video-preview:-1"},"canonical":"https:\/\/denkmalpflege.tuwien.ac.at\/index.php\/hilber\/","og_locale":"de_DE","og_type":"article","og_title":"hilber - Denkmalpflege und Bauen im Bestand","og_description":"&lt; Alle Arbeiten Die Johanneskirche in Freistadt, Ober\u00f6sterreich 2019 Johannes Hilber Die denkmalgesch\u00fctzte Johanneskirche ist vermutlich das \u00e4lteste Geb\u00e4ude im heutigen Gemeindegebiet von Freistadt im unteren M\u00fchlviertel. Sie liegt s\u00fcdlich der mittelalterlichen Stadtmauern in der Linzer Vorstadt. Bis Anfang des 20. Jahrhunderts stand sie nur durch wenige Geb\u00e4ude des ehemaligen B\u00fcrgerspitals umringt, weitgehend frei an der Stra\u00dfe nach Linz. Durch die rege Baut\u00e4tigkeit seit der Nachkriegszeit wurde die Umgebung desRead More","og_url":"https:\/\/denkmalpflege.tuwien.ac.at\/index.php\/hilber\/","og_site_name":"Denkmalpflege und Bauen im Bestand","twitter_card":"summary_large_image","twitter_misc":{"Gesch\u00e4tzte Lesezeit":"1\u00a0Minute"},"schema":{"@context":"https:\/\/schema.org","@graph":[{"@type":"WebPage","@id":"https:\/\/denkmalpflege.tuwien.ac.at\/index.php\/hilber\/","url":"https:\/\/denkmalpflege.tuwien.ac.at\/index.php\/hilber\/","name":"hilber - Denkmalpflege und Bauen im Bestand","isPartOf":{"@id":"https:\/\/denkmalpflege.tuwien.ac.at\/#website"},"primaryImageOfPage":{"@id":"https:\/\/denkmalpflege.tuwien.ac.at\/index.php\/hilber\/#primaryimage"},"image":{"@id":"https:\/\/denkmalpflege.tuwien.ac.at\/index.php\/hilber\/#primaryimage"},"thumbnailUrl":"http:\/\/denkmalpflege.tuwien.ac.at\/wp-content\/uploads\/2019\/04\/hilber-hover.jpg","datePublished":"2019-04-15T09:33:47+00:00","breadcrumb":{"@id":"https:\/\/denkmalpflege.tuwien.ac.at\/index.php\/hilber\/#breadcrumb"},"inLanguage":"de","potentialAction":[{"@type":"ReadAction","target":["https:\/\/denkmalpflege.tuwien.ac.at\/index.php\/hilber\/"]}]},{"@type":"ImageObject","inLanguage":"de","@id":"https:\/\/denkmalpflege.tuwien.ac.at\/index.php\/hilber\/#primaryimage","url":"","contentUrl":""},{"@type":"BreadcrumbList","@id":"https:\/\/denkmalpflege.tuwien.ac.at\/index.php\/hilber\/#breadcrumb","itemListElement":[{"@type":"ListItem","position":1,"name":"Startseite","item":"https:\/\/denkmalpflege.tuwien.ac.at\/"},{"@type":"ListItem","position":2,"name":"hilber"}]},{"@type":"WebSite","@id":"https:\/\/denkmalpflege.tuwien.ac.at\/#website","url":"https:\/\/denkmalpflege.tuwien.ac.at\/","name":"Denkmalpflege und Bauen im Bestand","description":"Denkmalpflege TU Wien","publisher":{"@id":"https:\/\/denkmalpflege.tuwien.ac.at\/#organization"},"potentialAction":[{"@type":"SearchAction","target":{"@type":"EntryPoint","urlTemplate":"https:\/\/denkmalpflege.tuwien.ac.at\/?s={search_term_string}"},"query-input":{"@type":"PropertyValueSpecification","valueRequired":true,"valueName":"search_term_string"}}],"inLanguage":"de"},{"@type":"Organization","@id":"https:\/\/denkmalpflege.tuwien.ac.at\/#organization","name":"TU Wien Denkmalpflege und Bauen im Bestand","url":"https:\/\/denkmalpflege.tuwien.ac.at\/","logo":{"@type":"ImageObject","inLanguage":"de","@id":"https:\/\/denkmalpflege.tuwien.ac.at\/#\/schema\/logo\/image\/","url":"https:\/\/denkmalpflege.tuwien.ac.at\/wp-content\/uploads\/2019\/10\/Logo1.png","contentUrl":"https:\/\/denkmalpflege.tuwien.ac.at\/wp-content\/uploads\/2019\/10\/Logo1.png","width":222,"height":79,"caption":"TU Wien Denkmalpflege und Bauen im Bestand"},"image":{"@id":"https:\/\/denkmalpflege.tuwien.ac.at\/#\/schema\/logo\/image\/"}}]}},"_links":{"self":[{"href":"https:\/\/denkmalpflege.tuwien.ac.at\/index.php\/wp-json\/wp\/v2\/pages\/14749","targetHints":{"allow":["GET"]}}],"collection":[{"href":"https:\/\/denkmalpflege.tuwien.ac.at\/index.php\/wp-json\/wp\/v2\/pages"}],"about":[{"href":"https:\/\/denkmalpflege.tuwien.ac.at\/index.php\/wp-json\/wp\/v2\/types\/page"}],"author":[{"embeddable":true,"href":"https:\/\/denkmalpflege.tuwien.ac.at\/index.php\/wp-json\/wp\/v2\/users\/1"}],"replies":[{"embeddable":true,"href":"https:\/\/denkmalpflege.tuwien.ac.at\/index.php\/wp-json\/wp\/v2\/comments?post=14749"}],"version-history":[{"count":1,"href":"https:\/\/denkmalpflege.tuwien.ac.at\/index.php\/wp-json\/wp\/v2\/pages\/14749\/revisions"}],"predecessor-version":[{"id":14750,"href":"https:\/\/denkmalpflege.tuwien.ac.at\/index.php\/wp-json\/wp\/v2\/pages\/14749\/revisions\/14750"}],"wp:attachment":[{"href":"https:\/\/denkmalpflege.tuwien.ac.at\/index.php\/wp-json\/wp\/v2\/media?parent=14749"}],"curies":[{"name":"wp","href":"https:\/\/api.w.org\/{rel}","templated":true}]}}