{"id":14220,"date":"2019-01-14T11:12:23","date_gmt":"2019-01-14T10:12:23","guid":{"rendered":"http:\/\/denkmalpflege.tuwien.ac.at\/?page_id=14220"},"modified":"2019-01-14T11:12:23","modified_gmt":"2019-01-14T10:12:23","slug":"ugrenovic","status":"publish","type":"page","link":"https:\/\/denkmalpflege.tuwien.ac.at\/index.php\/ugrenovic\/","title":{"rendered":"Ugrenovic"},"content":{"rendered":"<div class='mitarbeiter'>\n<div class='grey'>\n<img decoding=\"async\" src=\"http:\/\/denkmalpflege.tuwien.ac.at\/wp-content\/uploads\/2019\/01\/hover-ugrenovic.jpg\" alt=\"Ugrenovic\" title=\"Ugrenovic\" width=\"130\" height=\"113\" class=\"alignnone size-full wp-image-165\" \/> <a href='diplomanden-prof-stadler' class='right_link'>&lt; Alle Arbeiten<\/a><br \/>\n<b>Die \u201eHaunoldm\u00fchle\u201c in Obergr\u00fcnburg. Revitalisierung und Umnutzung<br \/>\n<\/b><\/p>\n<p><strong>2018 Nevena Ugrenovi\u0107<\/strong> <\/p>\n<div class='breakline'><\/div>\n<\/div>\n<div class='greyfield'>\n<p>Die \u201eHaunoldm\u00fchle\u201c liegt in Obergr\u00fcnburg im Naturschutzgebiet Steyrschlucht. Die erste Erw\u00e4hnung des S\u00e4ge- und Mahlwerks findet sich 1599 im Urbar der Herrschaft Steyr. 1840 wurde die M\u00fchle zu einem Blech- und Streckwalzwerk umgebaut, ab 1908 erfolgte die Nutzung als Holzstoff- und Pappenfabrik. Der Betrieb wurde im Jahr 1990 eingestellt. Durch die besondere Kulisse vor Ort wurde die M\u00fchle bereits f\u00fcr Filmproduktionen als Drehort ausgew\u00e4hlt. Au\u00dferdem wurde von der Gemeinde Gr\u00fcnburg eine Bewerbung als Schauplatz f\u00fcr die Landesausstellung 2020 eingereicht. <\/p>\n<p>Insgesamt handelt es sich bei der Haunoldm\u00fchle um ein historisch wertvolles Geb\u00e4ude inmitten einer idyllischen Landschaft, das im Laufe der Zeit immer wieder als solches f\u00fcr Aufsehen sorgt. Diese Arbeit soll sich mit der Revitalisierung und Umnutzung des Geb\u00e4udes besch\u00e4ftigen, um dem Denkmal neues Leben einzuhauchen. M\u00f6gliche Nutzungskonzepte, die im Rahmen der Arbeit erl\u00e4utert werden, umfassen sowohl Wohnm\u00f6glichkeiten, als auch m\u00f6gliche Ausstellungsfl\u00e4chen sowie Tourismusangebote.<\/p>\n<p style=\"font-size:9px\">\n1 (Weymayer, 2012)<br \/>\n2 (O\u00d6 Landesregierung, 1951\/1952)<br \/>\n3 (Opitz, 2013)<br \/>\n4  (Weymayer, 2012)<br \/>\n5  (Fehringer, 2014)\n<\/p>\n<div class='breakline'><\/div>\n<\/div>\n<p><span><\/span><br \/>\n<img decoding=\"async\" src=\"http:\/\/denkmalpflege.tuwien.ac.at\/wp-content\/uploads\/2019\/01\/ugrenovic-gro\u00df.jpg\" width=\"960\" height=\"\"  alt=\"\" \/><br \/>\n<span><\/span><\/p>\n<p><span><\/span>\n<\/div>\n<\/div>\n","protected":false},"excerpt":{"rendered":"<p>&lt; Alle Arbeiten Die \u201eHaunoldm\u00fchle\u201c in Obergr\u00fcnburg. Revitalisierung und Umnutzung 2018 Nevena Ugrenovi\u0107 Die \u201eHaunoldm\u00fchle\u201c liegt in Obergr\u00fcnburg im Naturschutzgebiet Steyrschlucht. Die erste Erw\u00e4hnung des S\u00e4ge- und Mahlwerks findet sich 1599 im Urbar der Herrschaft Steyr. 1840 wurde die M\u00fchle zu einem Blech- und Streckwalzwerk umgebaut, ab 1908 erfolgte die Nutzung als Holzstoff- und Pappenfabrik. Der Betrieb wurde im Jahr 1990 eingestellt. Durch die besondere Kulisse vor Ort wurde die<\/p>\n<div class=\"belowpost\"><a class=\"btnmore icon-arrow\" href=\"https:\/\/denkmalpflege.tuwien.ac.at\/index.php\/ugrenovic\/\"><span>Read More<\/span><\/a><\/div>\n","protected":false},"author":1,"featured_media":0,"parent":0,"menu_order":0,"comment_status":"closed","ping_status":"closed","template":"","meta":{"footnotes":""},"class_list":["post-14220","page","type-page","status-publish","hentry"],"yoast_head":"<!-- This site is optimized with the Yoast SEO plugin v26.0 - https:\/\/yoast.com\/wordpress\/plugins\/seo\/ -->\n<title>Ugrenovic - Denkmalpflege und Bauen im Bestand<\/title>\n<meta name=\"robots\" content=\"index, follow, max-snippet:-1, max-image-preview:large, max-video-preview:-1\" \/>\n<link rel=\"canonical\" href=\"https:\/\/denkmalpflege.tuwien.ac.at\/index.php\/ugrenovic\/\" \/>\n<meta property=\"og:locale\" content=\"de_DE\" \/>\n<meta property=\"og:type\" content=\"article\" \/>\n<meta property=\"og:title\" content=\"Ugrenovic - Denkmalpflege und Bauen im Bestand\" \/>\n<meta property=\"og:description\" content=\"&lt; Alle Arbeiten Die \u201eHaunoldm\u00fchle\u201c in Obergr\u00fcnburg. Revitalisierung und Umnutzung 2018 Nevena Ugrenovi\u0107 Die \u201eHaunoldm\u00fchle\u201c liegt in Obergr\u00fcnburg im Naturschutzgebiet Steyrschlucht. Die erste Erw\u00e4hnung des S\u00e4ge- und Mahlwerks findet sich 1599 im Urbar der Herrschaft Steyr. 1840 wurde die M\u00fchle zu einem Blech- und Streckwalzwerk umgebaut, ab 1908 erfolgte die Nutzung als Holzstoff- und Pappenfabrik. Der Betrieb wurde im Jahr 1990 eingestellt. Durch die besondere Kulisse vor Ort wurde dieRead More\" \/>\n<meta property=\"og:url\" content=\"https:\/\/denkmalpflege.tuwien.ac.at\/index.php\/ugrenovic\/\" \/>\n<meta property=\"og:site_name\" content=\"Denkmalpflege und Bauen im Bestand\" \/>\n<meta name=\"twitter:card\" content=\"summary_large_image\" \/>\n<meta name=\"twitter:label1\" content=\"Gesch\u00e4tzte Lesezeit\" \/>\n\t<meta name=\"twitter:data1\" content=\"1\u00a0Minute\" \/>\n<script type=\"application\/ld+json\" class=\"yoast-schema-graph\">{\"@context\":\"https:\/\/schema.org\",\"@graph\":[{\"@type\":\"WebPage\",\"@id\":\"https:\/\/denkmalpflege.tuwien.ac.at\/index.php\/ugrenovic\/\",\"url\":\"https:\/\/denkmalpflege.tuwien.ac.at\/index.php\/ugrenovic\/\",\"name\":\"Ugrenovic - Denkmalpflege und Bauen im Bestand\",\"isPartOf\":{\"@id\":\"https:\/\/denkmalpflege.tuwien.ac.at\/#website\"},\"primaryImageOfPage\":{\"@id\":\"https:\/\/denkmalpflege.tuwien.ac.at\/index.php\/ugrenovic\/#primaryimage\"},\"image\":{\"@id\":\"https:\/\/denkmalpflege.tuwien.ac.at\/index.php\/ugrenovic\/#primaryimage\"},\"thumbnailUrl\":\"http:\/\/denkmalpflege.tuwien.ac.at\/wp-content\/uploads\/2019\/01\/hover-ugrenovic.jpg\",\"datePublished\":\"2019-01-14T10:12:23+00:00\",\"breadcrumb\":{\"@id\":\"https:\/\/denkmalpflege.tuwien.ac.at\/index.php\/ugrenovic\/#breadcrumb\"},\"inLanguage\":\"de\",\"potentialAction\":[{\"@type\":\"ReadAction\",\"target\":[\"https:\/\/denkmalpflege.tuwien.ac.at\/index.php\/ugrenovic\/\"]}]},{\"@type\":\"ImageObject\",\"inLanguage\":\"de\",\"@id\":\"https:\/\/denkmalpflege.tuwien.ac.at\/index.php\/ugrenovic\/#primaryimage\",\"url\":\"\",\"contentUrl\":\"\"},{\"@type\":\"BreadcrumbList\",\"@id\":\"https:\/\/denkmalpflege.tuwien.ac.at\/index.php\/ugrenovic\/#breadcrumb\",\"itemListElement\":[{\"@type\":\"ListItem\",\"position\":1,\"name\":\"Startseite\",\"item\":\"https:\/\/denkmalpflege.tuwien.ac.at\/\"},{\"@type\":\"ListItem\",\"position\":2,\"name\":\"Ugrenovic\"}]},{\"@type\":\"WebSite\",\"@id\":\"https:\/\/denkmalpflege.tuwien.ac.at\/#website\",\"url\":\"https:\/\/denkmalpflege.tuwien.ac.at\/\",\"name\":\"Denkmalpflege und Bauen im Bestand\",\"description\":\"Denkmalpflege TU Wien\",\"publisher\":{\"@id\":\"https:\/\/denkmalpflege.tuwien.ac.at\/#organization\"},\"potentialAction\":[{\"@type\":\"SearchAction\",\"target\":{\"@type\":\"EntryPoint\",\"urlTemplate\":\"https:\/\/denkmalpflege.tuwien.ac.at\/?s={search_term_string}\"},\"query-input\":{\"@type\":\"PropertyValueSpecification\",\"valueRequired\":true,\"valueName\":\"search_term_string\"}}],\"inLanguage\":\"de\"},{\"@type\":\"Organization\",\"@id\":\"https:\/\/denkmalpflege.tuwien.ac.at\/#organization\",\"name\":\"TU Wien Denkmalpflege und Bauen im Bestand\",\"url\":\"https:\/\/denkmalpflege.tuwien.ac.at\/\",\"logo\":{\"@type\":\"ImageObject\",\"inLanguage\":\"de\",\"@id\":\"https:\/\/denkmalpflege.tuwien.ac.at\/#\/schema\/logo\/image\/\",\"url\":\"https:\/\/denkmalpflege.tuwien.ac.at\/wp-content\/uploads\/2019\/10\/Logo1.png\",\"contentUrl\":\"https:\/\/denkmalpflege.tuwien.ac.at\/wp-content\/uploads\/2019\/10\/Logo1.png\",\"width\":222,\"height\":79,\"caption\":\"TU Wien Denkmalpflege und Bauen im Bestand\"},\"image\":{\"@id\":\"https:\/\/denkmalpflege.tuwien.ac.at\/#\/schema\/logo\/image\/\"}}]}<\/script>\n<!-- \/ Yoast SEO plugin. -->","yoast_head_json":{"title":"Ugrenovic - Denkmalpflege und Bauen im Bestand","robots":{"index":"index","follow":"follow","max-snippet":"max-snippet:-1","max-image-preview":"max-image-preview:large","max-video-preview":"max-video-preview:-1"},"canonical":"https:\/\/denkmalpflege.tuwien.ac.at\/index.php\/ugrenovic\/","og_locale":"de_DE","og_type":"article","og_title":"Ugrenovic - Denkmalpflege und Bauen im Bestand","og_description":"&lt; Alle Arbeiten Die \u201eHaunoldm\u00fchle\u201c in Obergr\u00fcnburg. Revitalisierung und Umnutzung 2018 Nevena Ugrenovi\u0107 Die \u201eHaunoldm\u00fchle\u201c liegt in Obergr\u00fcnburg im Naturschutzgebiet Steyrschlucht. Die erste Erw\u00e4hnung des S\u00e4ge- und Mahlwerks findet sich 1599 im Urbar der Herrschaft Steyr. 1840 wurde die M\u00fchle zu einem Blech- und Streckwalzwerk umgebaut, ab 1908 erfolgte die Nutzung als Holzstoff- und Pappenfabrik. Der Betrieb wurde im Jahr 1990 eingestellt. Durch die besondere Kulisse vor Ort wurde dieRead More","og_url":"https:\/\/denkmalpflege.tuwien.ac.at\/index.php\/ugrenovic\/","og_site_name":"Denkmalpflege und Bauen im Bestand","twitter_card":"summary_large_image","twitter_misc":{"Gesch\u00e4tzte Lesezeit":"1\u00a0Minute"},"schema":{"@context":"https:\/\/schema.org","@graph":[{"@type":"WebPage","@id":"https:\/\/denkmalpflege.tuwien.ac.at\/index.php\/ugrenovic\/","url":"https:\/\/denkmalpflege.tuwien.ac.at\/index.php\/ugrenovic\/","name":"Ugrenovic - Denkmalpflege und Bauen im Bestand","isPartOf":{"@id":"https:\/\/denkmalpflege.tuwien.ac.at\/#website"},"primaryImageOfPage":{"@id":"https:\/\/denkmalpflege.tuwien.ac.at\/index.php\/ugrenovic\/#primaryimage"},"image":{"@id":"https:\/\/denkmalpflege.tuwien.ac.at\/index.php\/ugrenovic\/#primaryimage"},"thumbnailUrl":"http:\/\/denkmalpflege.tuwien.ac.at\/wp-content\/uploads\/2019\/01\/hover-ugrenovic.jpg","datePublished":"2019-01-14T10:12:23+00:00","breadcrumb":{"@id":"https:\/\/denkmalpflege.tuwien.ac.at\/index.php\/ugrenovic\/#breadcrumb"},"inLanguage":"de","potentialAction":[{"@type":"ReadAction","target":["https:\/\/denkmalpflege.tuwien.ac.at\/index.php\/ugrenovic\/"]}]},{"@type":"ImageObject","inLanguage":"de","@id":"https:\/\/denkmalpflege.tuwien.ac.at\/index.php\/ugrenovic\/#primaryimage","url":"","contentUrl":""},{"@type":"BreadcrumbList","@id":"https:\/\/denkmalpflege.tuwien.ac.at\/index.php\/ugrenovic\/#breadcrumb","itemListElement":[{"@type":"ListItem","position":1,"name":"Startseite","item":"https:\/\/denkmalpflege.tuwien.ac.at\/"},{"@type":"ListItem","position":2,"name":"Ugrenovic"}]},{"@type":"WebSite","@id":"https:\/\/denkmalpflege.tuwien.ac.at\/#website","url":"https:\/\/denkmalpflege.tuwien.ac.at\/","name":"Denkmalpflege und Bauen im Bestand","description":"Denkmalpflege TU Wien","publisher":{"@id":"https:\/\/denkmalpflege.tuwien.ac.at\/#organization"},"potentialAction":[{"@type":"SearchAction","target":{"@type":"EntryPoint","urlTemplate":"https:\/\/denkmalpflege.tuwien.ac.at\/?s={search_term_string}"},"query-input":{"@type":"PropertyValueSpecification","valueRequired":true,"valueName":"search_term_string"}}],"inLanguage":"de"},{"@type":"Organization","@id":"https:\/\/denkmalpflege.tuwien.ac.at\/#organization","name":"TU Wien Denkmalpflege und Bauen im Bestand","url":"https:\/\/denkmalpflege.tuwien.ac.at\/","logo":{"@type":"ImageObject","inLanguage":"de","@id":"https:\/\/denkmalpflege.tuwien.ac.at\/#\/schema\/logo\/image\/","url":"https:\/\/denkmalpflege.tuwien.ac.at\/wp-content\/uploads\/2019\/10\/Logo1.png","contentUrl":"https:\/\/denkmalpflege.tuwien.ac.at\/wp-content\/uploads\/2019\/10\/Logo1.png","width":222,"height":79,"caption":"TU Wien Denkmalpflege und Bauen im Bestand"},"image":{"@id":"https:\/\/denkmalpflege.tuwien.ac.at\/#\/schema\/logo\/image\/"}}]}},"_links":{"self":[{"href":"https:\/\/denkmalpflege.tuwien.ac.at\/index.php\/wp-json\/wp\/v2\/pages\/14220","targetHints":{"allow":["GET"]}}],"collection":[{"href":"https:\/\/denkmalpflege.tuwien.ac.at\/index.php\/wp-json\/wp\/v2\/pages"}],"about":[{"href":"https:\/\/denkmalpflege.tuwien.ac.at\/index.php\/wp-json\/wp\/v2\/types\/page"}],"author":[{"embeddable":true,"href":"https:\/\/denkmalpflege.tuwien.ac.at\/index.php\/wp-json\/wp\/v2\/users\/1"}],"replies":[{"embeddable":true,"href":"https:\/\/denkmalpflege.tuwien.ac.at\/index.php\/wp-json\/wp\/v2\/comments?post=14220"}],"version-history":[{"count":5,"href":"https:\/\/denkmalpflege.tuwien.ac.at\/index.php\/wp-json\/wp\/v2\/pages\/14220\/revisions"}],"predecessor-version":[{"id":17568,"href":"https:\/\/denkmalpflege.tuwien.ac.at\/index.php\/wp-json\/wp\/v2\/pages\/14220\/revisions\/17568"}],"wp:attachment":[{"href":"https:\/\/denkmalpflege.tuwien.ac.at\/index.php\/wp-json\/wp\/v2\/media?parent=14220"}],"curies":[{"name":"wp","href":"https:\/\/api.w.org\/{rel}","templated":true}]}}