{"id":14118,"date":"2018-11-20T11:37:22","date_gmt":"2018-11-20T10:37:22","guid":{"rendered":"http:\/\/denkmalpflege.tuwien.ac.at\/?page_id=14118"},"modified":"2018-11-20T11:40:37","modified_gmt":"2018-11-20T10:40:37","slug":"berger","status":"publish","type":"page","link":"https:\/\/denkmalpflege.tuwien.ac.at\/index.php\/berger\/","title":{"rendered":"berger"},"content":{"rendered":"<div class='mitarbeiter'>\n<div class='grey'>\n<img decoding=\"async\" src=\"http:\/\/denkmalpflege.tuwien.ac.at\/wp-content\/uploads\/2018\/11\/berger-hover.jpg\" alt=\"berger\" title=\"berger\" width=\"130\" height=\"113\" class=\"alignnone size-full wp-image-165\" \/> <a href='diplcv' class='right_link'>&lt; Alle Arbeiten<\/a><br \/>\n<b>Der Marharterhof \u2013 Leben zwischen Vergangenheit und Gegenwart<\/p>\n<p><\/b><br \/>\n<strong>2018 Christoph Berger <\/strong> <\/p>\n<div class='breakline'><\/div>\n<\/div>\n<div class=\"greyfield\">\n<p>Der Marharterhof liegt in der steirischen Gemeinde Ramsau am Dachstein. Erstmals erw\u00e4hnt wird der Hof vor gut 700 Jahren. Das Geb\u00e4ude, dass in dieser Arbeit behandelt wird, steht etwa 150 Meter oberhalb des Haupthofes. Zusammen mit einigen weiteren alten Bauernh\u00e4usern mit ihren Wirtschaftsfl\u00e4chen, pr\u00e4gt er die Landschaft der Region. Er wurde \u00fcber die Jahrhunderte auf verschiedenste Weise bewirtschaftet und bewohnt. Bis vor rund 10 Jahren war das Geb\u00e4ude als Urlaubsunterkunft zu mieten. Seither steht es aufgrund seines Alters, bzw.: seines baulichen Zustandes die meiste Zeit leer und wird nur im Sommer zum Teil genutzt. Die Zielsetzung der Arbeit ist, nach Aufnahme und Dokumentation des Geb\u00e4udes, ein Sanierungs- und Nutzungskonzept zu erarbeiten.<br \/>\nDer \u00fcbergeordnete Gedanke des Entwurfs soll einen bewussten und dem Geb\u00e4ude w\u00fcrdigen Umgang darstellen. Im besten Fall kann dieser zuk\u00fcnftig f\u00fcr andere H\u00f6fe, Geb\u00e4ude der Region als positive Inspiration dienen. <\/p>\n<div class='breakline'><\/div>\n<\/div>\n<p><span><\/span><br \/>\n<img decoding=\"async\" src=\"http:\/\/denkmalpflege.tuwien.ac.at\/wp-content\/uploads\/2018\/11\/berger-gro\u00df-1.jpg\" width=\"960\" height=\"\"  alt=\"\" \/> <\/p>\n<p>Marharterhof<br \/>\n<span><\/span>\n<\/div>\n<p><span><\/span><br \/>\n<img decoding=\"async\" src=\"http:\/\/denkmalpflege.tuwien.ac.at\/wp-content\/uploads\/2018\/11\/berger-gro\u00df-2.jpg\" width=\"960\" height=\"\"  alt=\"\" \/> <\/p>\n<p>Kochstelle | Fensterdetail<br \/>\n<span><\/span><br \/>\n<span><\/span><\/p>\n","protected":false},"excerpt":{"rendered":"<p>&lt; Alle Arbeiten Der Marharterhof \u2013 Leben zwischen Vergangenheit und Gegenwart 2018 Christoph Berger Der Marharterhof liegt in der steirischen Gemeinde Ramsau am Dachstein. Erstmals erw\u00e4hnt wird der Hof vor gut 700 Jahren. Das Geb\u00e4ude, dass in dieser Arbeit behandelt wird, steht etwa 150 Meter oberhalb des Haupthofes. Zusammen mit einigen weiteren alten Bauernh\u00e4usern mit ihren Wirtschaftsfl\u00e4chen, pr\u00e4gt er die Landschaft der Region. Er wurde \u00fcber die Jahrhunderte auf verschiedenste<\/p>\n<div class=\"belowpost\"><a class=\"btnmore icon-arrow\" href=\"https:\/\/denkmalpflege.tuwien.ac.at\/index.php\/berger\/\"><span>Read More<\/span><\/a><\/div>\n","protected":false},"author":1,"featured_media":0,"parent":0,"menu_order":0,"comment_status":"closed","ping_status":"closed","template":"","meta":{"footnotes":""},"class_list":["post-14118","page","type-page","status-publish","hentry"],"yoast_head":"<!-- This site is optimized with the Yoast SEO plugin v26.0 - https:\/\/yoast.com\/wordpress\/plugins\/seo\/ -->\n<title>berger - Denkmalpflege und Bauen im Bestand<\/title>\n<meta name=\"robots\" content=\"index, follow, max-snippet:-1, max-image-preview:large, max-video-preview:-1\" \/>\n<link rel=\"canonical\" href=\"https:\/\/denkmalpflege.tuwien.ac.at\/index.php\/berger\/\" \/>\n<meta property=\"og:locale\" content=\"de_DE\" \/>\n<meta property=\"og:type\" content=\"article\" \/>\n<meta property=\"og:title\" content=\"berger - Denkmalpflege und Bauen im Bestand\" \/>\n<meta property=\"og:description\" content=\"&lt; Alle Arbeiten Der Marharterhof \u2013 Leben zwischen Vergangenheit und Gegenwart 2018 Christoph Berger Der Marharterhof liegt in der steirischen Gemeinde Ramsau am Dachstein. Erstmals erw\u00e4hnt wird der Hof vor gut 700 Jahren. Das Geb\u00e4ude, dass in dieser Arbeit behandelt wird, steht etwa 150 Meter oberhalb des Haupthofes. Zusammen mit einigen weiteren alten Bauernh\u00e4usern mit ihren Wirtschaftsfl\u00e4chen, pr\u00e4gt er die Landschaft der Region. Er wurde \u00fcber die Jahrhunderte auf verschiedensteRead More\" \/>\n<meta property=\"og:url\" content=\"https:\/\/denkmalpflege.tuwien.ac.at\/index.php\/berger\/\" \/>\n<meta property=\"og:site_name\" content=\"Denkmalpflege und Bauen im Bestand\" \/>\n<meta property=\"article:modified_time\" content=\"2018-11-20T10:40:37+00:00\" \/>\n<meta name=\"twitter:card\" content=\"summary_large_image\" \/>\n<meta name=\"twitter:label1\" content=\"Gesch\u00e4tzte Lesezeit\" \/>\n\t<meta name=\"twitter:data1\" content=\"1\u00a0Minute\" \/>\n<script type=\"application\/ld+json\" class=\"yoast-schema-graph\">{\"@context\":\"https:\/\/schema.org\",\"@graph\":[{\"@type\":\"WebPage\",\"@id\":\"https:\/\/denkmalpflege.tuwien.ac.at\/index.php\/berger\/\",\"url\":\"https:\/\/denkmalpflege.tuwien.ac.at\/index.php\/berger\/\",\"name\":\"berger - Denkmalpflege und Bauen im Bestand\",\"isPartOf\":{\"@id\":\"https:\/\/denkmalpflege.tuwien.ac.at\/#website\"},\"primaryImageOfPage\":{\"@id\":\"https:\/\/denkmalpflege.tuwien.ac.at\/index.php\/berger\/#primaryimage\"},\"image\":{\"@id\":\"https:\/\/denkmalpflege.tuwien.ac.at\/index.php\/berger\/#primaryimage\"},\"thumbnailUrl\":\"http:\/\/denkmalpflege.tuwien.ac.at\/wp-content\/uploads\/2018\/11\/berger-hover.jpg\",\"datePublished\":\"2018-11-20T10:37:22+00:00\",\"dateModified\":\"2018-11-20T10:40:37+00:00\",\"breadcrumb\":{\"@id\":\"https:\/\/denkmalpflege.tuwien.ac.at\/index.php\/berger\/#breadcrumb\"},\"inLanguage\":\"de\",\"potentialAction\":[{\"@type\":\"ReadAction\",\"target\":[\"https:\/\/denkmalpflege.tuwien.ac.at\/index.php\/berger\/\"]}]},{\"@type\":\"ImageObject\",\"inLanguage\":\"de\",\"@id\":\"https:\/\/denkmalpflege.tuwien.ac.at\/index.php\/berger\/#primaryimage\",\"url\":\"\",\"contentUrl\":\"\"},{\"@type\":\"BreadcrumbList\",\"@id\":\"https:\/\/denkmalpflege.tuwien.ac.at\/index.php\/berger\/#breadcrumb\",\"itemListElement\":[{\"@type\":\"ListItem\",\"position\":1,\"name\":\"Startseite\",\"item\":\"https:\/\/denkmalpflege.tuwien.ac.at\/\"},{\"@type\":\"ListItem\",\"position\":2,\"name\":\"berger\"}]},{\"@type\":\"WebSite\",\"@id\":\"https:\/\/denkmalpflege.tuwien.ac.at\/#website\",\"url\":\"https:\/\/denkmalpflege.tuwien.ac.at\/\",\"name\":\"Denkmalpflege und Bauen im Bestand\",\"description\":\"Denkmalpflege TU Wien\",\"publisher\":{\"@id\":\"https:\/\/denkmalpflege.tuwien.ac.at\/#organization\"},\"potentialAction\":[{\"@type\":\"SearchAction\",\"target\":{\"@type\":\"EntryPoint\",\"urlTemplate\":\"https:\/\/denkmalpflege.tuwien.ac.at\/?s={search_term_string}\"},\"query-input\":{\"@type\":\"PropertyValueSpecification\",\"valueRequired\":true,\"valueName\":\"search_term_string\"}}],\"inLanguage\":\"de\"},{\"@type\":\"Organization\",\"@id\":\"https:\/\/denkmalpflege.tuwien.ac.at\/#organization\",\"name\":\"TU Wien Denkmalpflege und Bauen im Bestand\",\"url\":\"https:\/\/denkmalpflege.tuwien.ac.at\/\",\"logo\":{\"@type\":\"ImageObject\",\"inLanguage\":\"de\",\"@id\":\"https:\/\/denkmalpflege.tuwien.ac.at\/#\/schema\/logo\/image\/\",\"url\":\"https:\/\/denkmalpflege.tuwien.ac.at\/wp-content\/uploads\/2019\/10\/Logo1.png\",\"contentUrl\":\"https:\/\/denkmalpflege.tuwien.ac.at\/wp-content\/uploads\/2019\/10\/Logo1.png\",\"width\":222,\"height\":79,\"caption\":\"TU Wien Denkmalpflege und Bauen im Bestand\"},\"image\":{\"@id\":\"https:\/\/denkmalpflege.tuwien.ac.at\/#\/schema\/logo\/image\/\"}}]}<\/script>\n<!-- \/ Yoast SEO plugin. -->","yoast_head_json":{"title":"berger - Denkmalpflege und Bauen im Bestand","robots":{"index":"index","follow":"follow","max-snippet":"max-snippet:-1","max-image-preview":"max-image-preview:large","max-video-preview":"max-video-preview:-1"},"canonical":"https:\/\/denkmalpflege.tuwien.ac.at\/index.php\/berger\/","og_locale":"de_DE","og_type":"article","og_title":"berger - Denkmalpflege und Bauen im Bestand","og_description":"&lt; Alle Arbeiten Der Marharterhof \u2013 Leben zwischen Vergangenheit und Gegenwart 2018 Christoph Berger Der Marharterhof liegt in der steirischen Gemeinde Ramsau am Dachstein. Erstmals erw\u00e4hnt wird der Hof vor gut 700 Jahren. Das Geb\u00e4ude, dass in dieser Arbeit behandelt wird, steht etwa 150 Meter oberhalb des Haupthofes. Zusammen mit einigen weiteren alten Bauernh\u00e4usern mit ihren Wirtschaftsfl\u00e4chen, pr\u00e4gt er die Landschaft der Region. Er wurde \u00fcber die Jahrhunderte auf verschiedensteRead More","og_url":"https:\/\/denkmalpflege.tuwien.ac.at\/index.php\/berger\/","og_site_name":"Denkmalpflege und Bauen im Bestand","article_modified_time":"2018-11-20T10:40:37+00:00","twitter_card":"summary_large_image","twitter_misc":{"Gesch\u00e4tzte Lesezeit":"1\u00a0Minute"},"schema":{"@context":"https:\/\/schema.org","@graph":[{"@type":"WebPage","@id":"https:\/\/denkmalpflege.tuwien.ac.at\/index.php\/berger\/","url":"https:\/\/denkmalpflege.tuwien.ac.at\/index.php\/berger\/","name":"berger - Denkmalpflege und Bauen im Bestand","isPartOf":{"@id":"https:\/\/denkmalpflege.tuwien.ac.at\/#website"},"primaryImageOfPage":{"@id":"https:\/\/denkmalpflege.tuwien.ac.at\/index.php\/berger\/#primaryimage"},"image":{"@id":"https:\/\/denkmalpflege.tuwien.ac.at\/index.php\/berger\/#primaryimage"},"thumbnailUrl":"http:\/\/denkmalpflege.tuwien.ac.at\/wp-content\/uploads\/2018\/11\/berger-hover.jpg","datePublished":"2018-11-20T10:37:22+00:00","dateModified":"2018-11-20T10:40:37+00:00","breadcrumb":{"@id":"https:\/\/denkmalpflege.tuwien.ac.at\/index.php\/berger\/#breadcrumb"},"inLanguage":"de","potentialAction":[{"@type":"ReadAction","target":["https:\/\/denkmalpflege.tuwien.ac.at\/index.php\/berger\/"]}]},{"@type":"ImageObject","inLanguage":"de","@id":"https:\/\/denkmalpflege.tuwien.ac.at\/index.php\/berger\/#primaryimage","url":"","contentUrl":""},{"@type":"BreadcrumbList","@id":"https:\/\/denkmalpflege.tuwien.ac.at\/index.php\/berger\/#breadcrumb","itemListElement":[{"@type":"ListItem","position":1,"name":"Startseite","item":"https:\/\/denkmalpflege.tuwien.ac.at\/"},{"@type":"ListItem","position":2,"name":"berger"}]},{"@type":"WebSite","@id":"https:\/\/denkmalpflege.tuwien.ac.at\/#website","url":"https:\/\/denkmalpflege.tuwien.ac.at\/","name":"Denkmalpflege und Bauen im Bestand","description":"Denkmalpflege TU Wien","publisher":{"@id":"https:\/\/denkmalpflege.tuwien.ac.at\/#organization"},"potentialAction":[{"@type":"SearchAction","target":{"@type":"EntryPoint","urlTemplate":"https:\/\/denkmalpflege.tuwien.ac.at\/?s={search_term_string}"},"query-input":{"@type":"PropertyValueSpecification","valueRequired":true,"valueName":"search_term_string"}}],"inLanguage":"de"},{"@type":"Organization","@id":"https:\/\/denkmalpflege.tuwien.ac.at\/#organization","name":"TU Wien Denkmalpflege und Bauen im Bestand","url":"https:\/\/denkmalpflege.tuwien.ac.at\/","logo":{"@type":"ImageObject","inLanguage":"de","@id":"https:\/\/denkmalpflege.tuwien.ac.at\/#\/schema\/logo\/image\/","url":"https:\/\/denkmalpflege.tuwien.ac.at\/wp-content\/uploads\/2019\/10\/Logo1.png","contentUrl":"https:\/\/denkmalpflege.tuwien.ac.at\/wp-content\/uploads\/2019\/10\/Logo1.png","width":222,"height":79,"caption":"TU Wien Denkmalpflege und Bauen im Bestand"},"image":{"@id":"https:\/\/denkmalpflege.tuwien.ac.at\/#\/schema\/logo\/image\/"}}]}},"_links":{"self":[{"href":"https:\/\/denkmalpflege.tuwien.ac.at\/index.php\/wp-json\/wp\/v2\/pages\/14118","targetHints":{"allow":["GET"]}}],"collection":[{"href":"https:\/\/denkmalpflege.tuwien.ac.at\/index.php\/wp-json\/wp\/v2\/pages"}],"about":[{"href":"https:\/\/denkmalpflege.tuwien.ac.at\/index.php\/wp-json\/wp\/v2\/types\/page"}],"author":[{"embeddable":true,"href":"https:\/\/denkmalpflege.tuwien.ac.at\/index.php\/wp-json\/wp\/v2\/users\/1"}],"replies":[{"embeddable":true,"href":"https:\/\/denkmalpflege.tuwien.ac.at\/index.php\/wp-json\/wp\/v2\/comments?post=14118"}],"version-history":[{"count":2,"href":"https:\/\/denkmalpflege.tuwien.ac.at\/index.php\/wp-json\/wp\/v2\/pages\/14118\/revisions"}],"predecessor-version":[{"id":16857,"href":"https:\/\/denkmalpflege.tuwien.ac.at\/index.php\/wp-json\/wp\/v2\/pages\/14118\/revisions\/16857"}],"wp:attachment":[{"href":"https:\/\/denkmalpflege.tuwien.ac.at\/index.php\/wp-json\/wp\/v2\/media?parent=14118"}],"curies":[{"name":"wp","href":"https:\/\/api.w.org\/{rel}","templated":true}]}}