{"id":13948,"date":"2018-09-25T10:47:32","date_gmt":"2018-09-25T08:47:32","guid":{"rendered":"http:\/\/denkmalpflege.tuwien.ac.at\/?page_id=13948"},"modified":"2023-10-22T13:34:12","modified_gmt":"2023-10-22T11:34:12","slug":"basic","status":"publish","type":"page","link":"https:\/\/denkmalpflege.tuwien.ac.at\/index.php\/basic\/","title":{"rendered":"Basic"},"content":{"rendered":"\t\t<div data-elementor-type=\"wp-page\" data-elementor-id=\"13948\" class=\"elementor elementor-13948\" data-elementor-post-type=\"page\">\n\t\t\t\t\t\t<section class=\"elementor-section elementor-top-section elementor-element elementor-element-5c365ab elementor-section-full_width elementor-section-height-default elementor-section-height-default\" data-id=\"5c365ab\" data-element_type=\"section\">\n\t\t\t\t\t\t<div class=\"elementor-container elementor-column-gap-default\">\n\t\t\t\t\t<div class=\"elementor-column elementor-col-50 elementor-top-column elementor-element elementor-element-1a8f3f85\" data-id=\"1a8f3f85\" data-element_type=\"column\">\n\t\t\t<div class=\"elementor-widget-wrap elementor-element-populated\">\n\t\t\t\t\t\t<div class=\"elementor-element elementor-element-6ba08b22 elementor-widget elementor-widget-heading\" data-id=\"6ba08b22\" data-element_type=\"widget\" data-widget_type=\"heading.default\">\n\t\t\t\t<div class=\"elementor-widget-container\">\n\t\t\t\t\t<h2 class=\"elementor-heading-title elementor-size-default\"><a href=\"https:\/\/denkmalpflege.tuwien.ac.at\/index.php\/abgeschlossene-dipl-caviezel\/\">Archiv<\/a><\/h2>\t\t\t\t<\/div>\n\t\t\t\t<\/div>\n\t\t\t\t\t<\/div>\n\t\t<\/div>\n\t\t\t\t<div class=\"elementor-column elementor-col-50 elementor-top-column elementor-element elementor-element-7bcd7ef4\" data-id=\"7bcd7ef4\" data-element_type=\"column\">\n\t\t\t<div class=\"elementor-widget-wrap elementor-element-populated\">\n\t\t\t\t\t\t<div class=\"elementor-element elementor-element-210ada01 elementor-widget elementor-widget-heading\" data-id=\"210ada01\" data-element_type=\"widget\" data-widget_type=\"heading.default\">\n\t\t\t\t<div class=\"elementor-widget-container\">\n\t\t\t\t\t<h2 class=\"elementor-heading-title elementor-size-default\">Petra Basic<span style=\"float: right\"> 2018<\/span>\n<\/h2>\t\t\t\t<\/div>\n\t\t\t\t<\/div>\n\t\t\t\t\t<\/div>\n\t\t<\/div>\n\t\t\t\t\t<\/div>\n\t\t<\/section>\n\t\t\t\t<section class=\"elementor-section elementor-top-section elementor-element elementor-element-267131fc elementor-section-full_width elementor-section-height-default elementor-section-height-default\" data-id=\"267131fc\" data-element_type=\"section\">\n\t\t\t\t\t\t<div class=\"elementor-container elementor-column-gap-default\">\n\t\t\t\t\t<div class=\"elementor-column elementor-col-50 elementor-top-column elementor-element elementor-element-3ee245ed\" data-id=\"3ee245ed\" data-element_type=\"column\">\n\t\t\t<div class=\"elementor-widget-wrap elementor-element-populated\">\n\t\t\t\t\t\t<div class=\"elementor-element elementor-element-6d7fd68a elementor-nav-menu__align-start elementor-nav-menu--dropdown-mobile elementor-nav-menu__text-align-aside elementor-nav-menu--toggle elementor-nav-menu--burger elementor-widget elementor-widget-nav-menu\" data-id=\"6d7fd68a\" data-element_type=\"widget\" data-settings=\"{&quot;layout&quot;:&quot;vertical&quot;,&quot;submenu_icon&quot;:{&quot;value&quot;:&quot;&lt;i class=\\&quot;\\&quot; aria-hidden=\\&quot;true\\&quot;&gt;&lt;\\\/i&gt;&quot;,&quot;library&quot;:&quot;&quot;},&quot;toggle&quot;:&quot;burger&quot;}\" data-widget_type=\"nav-menu.default\">\n\t\t\t\t<div class=\"elementor-widget-container\">\n\t\t\t\t\t\t\t\t<nav aria-label=\"Men\u00fc\" class=\"elementor-nav-menu--main elementor-nav-menu__container elementor-nav-menu--layout-vertical e--pointer-none\">\n\t\t\t\t<ul id=\"menu-1-6d7fd68a\" class=\"elementor-nav-menu sm-vertical\"><li class=\"menu-item menu-item-type-post_type menu-item-object-page menu-item-27442\"><a href=\"https:\/\/denkmalpflege.tuwien.ac.at\/index.php\/diplomarbeiten\/\" class=\"elementor-item\">Diplomarbeiten<\/a><\/li>\n<li class=\"menu-item menu-item-type-post_type menu-item-object-page menu-item-16203\"><a href=\"https:\/\/denkmalpflege.tuwien.ac.at\/index.php\/laufende-dissertationen\/\" class=\"elementor-item\">Dissertationen<\/a><\/li>\n<\/ul>\t\t\t<\/nav>\n\t\t\t\t\t<div class=\"elementor-menu-toggle\" role=\"button\" tabindex=\"0\" aria-label=\"Men\u00fc Umschalter\" aria-expanded=\"false\">\n\t\t\t<i aria-hidden=\"true\" role=\"presentation\" class=\"elementor-menu-toggle__icon--open eicon-menu-bar\"><\/i><i aria-hidden=\"true\" role=\"presentation\" class=\"elementor-menu-toggle__icon--close eicon-close\"><\/i>\t\t<\/div>\n\t\t\t\t\t<nav class=\"elementor-nav-menu--dropdown elementor-nav-menu__container\" aria-hidden=\"true\">\n\t\t\t\t<ul id=\"menu-2-6d7fd68a\" class=\"elementor-nav-menu sm-vertical\"><li class=\"menu-item menu-item-type-post_type menu-item-object-page menu-item-27442\"><a href=\"https:\/\/denkmalpflege.tuwien.ac.at\/index.php\/diplomarbeiten\/\" class=\"elementor-item\" tabindex=\"-1\">Diplomarbeiten<\/a><\/li>\n<li class=\"menu-item menu-item-type-post_type menu-item-object-page menu-item-16203\"><a href=\"https:\/\/denkmalpflege.tuwien.ac.at\/index.php\/laufende-dissertationen\/\" class=\"elementor-item\" tabindex=\"-1\">Dissertationen<\/a><\/li>\n<\/ul>\t\t\t<\/nav>\n\t\t\t\t\t\t<\/div>\n\t\t\t\t<\/div>\n\t\t\t\t\t<\/div>\n\t\t<\/div>\n\t\t\t\t<div class=\"elementor-column elementor-col-50 elementor-top-column elementor-element elementor-element-5f40bffb\" data-id=\"5f40bffb\" data-element_type=\"column\">\n\t\t\t<div class=\"elementor-widget-wrap elementor-element-populated\">\n\t\t\t\t\t\t<div class=\"elementor-element elementor-element-35fe564d elementor-widget elementor-widget-text-editor\" data-id=\"35fe564d\" data-element_type=\"widget\" data-widget_type=\"text-editor.default\">\n\t\t\t\t<div class=\"elementor-widget-container\">\n\t\t\t\t\t\t\t\t\t<p><b>Auf der Spurensuche im Hinterhof \u2013 Die Entstehungsgeschichte, der Wandel sowie potentielle Nachnutzungen der Kleinindustriest\u00e4tten in Rudolfsheim-F\u00fcnfhaus.<\/b><\/p>\t\t\t\t\t\t\t\t<\/div>\n\t\t\t\t<\/div>\n\t\t\t\t<div class=\"elementor-element elementor-element-5964d358 elementor-widget elementor-widget-spacer\" data-id=\"5964d358\" data-element_type=\"widget\" data-widget_type=\"spacer.default\">\n\t\t\t\t<div class=\"elementor-widget-container\">\n\t\t\t\t\t\t\t<div class=\"elementor-spacer\">\n\t\t\t<div class=\"elementor-spacer-inner\"><\/div>\n\t\t<\/div>\n\t\t\t\t\t\t<\/div>\n\t\t\t\t<\/div>\n\t\t\t\t<div class=\"elementor-element elementor-element-68191b6e silde_dipl elementor-arrows-position-inside elementor-widget elementor-widget-image-carousel\" data-id=\"68191b6e\" data-element_type=\"widget\" data-settings=\"{&quot;slides_to_show&quot;:&quot;1&quot;,&quot;navigation&quot;:&quot;arrows&quot;,&quot;autoplay&quot;:&quot;no&quot;,&quot;infinite&quot;:&quot;yes&quot;,&quot;effect&quot;:&quot;slide&quot;,&quot;speed&quot;:500}\" data-widget_type=\"image-carousel.default\">\n\t\t\t\t<div class=\"elementor-widget-container\">\n\t\t\t\t\t\t\t<div class=\"elementor-image-carousel-wrapper swiper\" role=\"region\" aria-roledescription=\"carousel\" aria-label=\"Bild Karussell\" dir=\"ltr\">\n\t\t\t<div class=\"elementor-image-carousel swiper-wrapper swiper-image-stretch\" aria-live=\"polite\">\n\t\t\t\t\t\t\t\t<div class=\"swiper-slide\" role=\"group\" aria-roledescription=\"slide\" aria-label=\"1 von 1\"><a data-elementor-open-lightbox=\"yes\" data-elementor-lightbox-slideshow=\"68191b6e\" data-elementor-lightbox-title=\"Wien 15, Schwendergasse 7 \u2013 Hof mit offenen Pawlatschen, Glasplatte 1907 \u2013 \u00d6NB\/Stauda | Wien 15, Kranzgasse 22 | Wien 15, Siebeneichengasse 14 - Metallwarenfabrik Ludwig Andruschka\" data-e-action-hash=\"#elementor-action%3Aaction%3Dlightbox%26settings%3DeyJpZCI6MTM5NDcsInVybCI6Imh0dHBzOlwvXC9kZW5rbWFscGZsZWdlLnR1d2llbi5hYy5hdFwvd3AtY29udGVudFwvdXBsb2Fkc1wvMjAxOFwvMDlcL2Jhc2ljLWdyb1x1MDBkZi5qcGciLCJzbGlkZXNob3ciOiI2ODE5MWI2ZSJ9\" href=\"https:\/\/denkmalpflege.tuwien.ac.at\/wp-content\/uploads\/2018\/09\/basic-gro\u00df.jpg\"><figure class=\"swiper-slide-inner\"><img decoding=\"async\" class=\"swiper-slide-image\" src=\"https:\/\/denkmalpflege.tuwien.ac.at\/wp-content\/uploads\/2018\/09\/basic-gro\u00df.jpg\" alt=\"Wien 15, Schwendergasse 7 \u2013 Hof mit offenen Pawlatschen, Glasplatte 1907 \u2013 \u00d6NB\/Stauda | Wien 15, Kranzgasse 22 | Wien 15, Siebeneichengasse 14 - Metallwarenfabrik Ludwig Andruschka\" \/><figcaption class=\"elementor-image-carousel-caption\">Wien 15, Schwendergasse 7 \u2013 Hof mit offenen Pawlatschen, Glasplatte 1907 \u2013 \u00d6NB\/Stauda | Wien 15, Kranzgasse 22 | Wien 15, Siebeneichengasse 14 - Metallwarenfabrik Ludwig Andruschka<\/figcaption><\/figure><\/a><\/div>\t\t\t<\/div>\n\t\t\t\t\t<\/div>\n\t\t\t\t\t\t<\/div>\n\t\t\t\t<\/div>\n\t\t\t\t<div class=\"elementor-element elementor-element-5e11e698 elementor-widget elementor-widget-spacer\" data-id=\"5e11e698\" data-element_type=\"widget\" data-widget_type=\"spacer.default\">\n\t\t\t\t<div class=\"elementor-widget-container\">\n\t\t\t\t\t\t\t<div class=\"elementor-spacer\">\n\t\t\t<div class=\"elementor-spacer-inner\"><\/div>\n\t\t<\/div>\n\t\t\t\t\t\t<\/div>\n\t\t\t\t<\/div>\n\t\t\t\t<div class=\"elementor-element elementor-element-104252df elementor-widget elementor-widget-text-editor\" data-id=\"104252df\" data-element_type=\"widget\" data-widget_type=\"text-editor.default\">\n\t\t\t\t<div class=\"elementor-widget-container\">\n\t\t\t\t\t\t\t\t\t<p>Der heutige 15. Wiener Gemeindebezirk Rudolfsheim-F\u00fcnfhaus erstreckt sich \u00fcber 3,92 km\u00b2 Land und ist somit fl\u00e4chenm\u00e4\u00dfig der kleinste Au\u00dfenbezirk Wiens. Dieser wird im Osten durch die G\u00fcrtelstra\u00dfe \u2013 eine der Hauptverkehrsadern der Stadt &#8211; von den innerst\u00e4dtischen Bezirken getrennt und im S\u00fcden durch den Wienfluss sowie die dazugeh\u00f6rige Stra\u00dfe der linken Wienzeile eingefasst. Als Einziger der 23 Wiener Bezirke wird er durch die Bahn sp\u00fcrbar und sichtbar in zwei H\u00e4lften geteilt. St\u00e4dtebaulich betrachtet ist das Gebiet zum Gro\u00dfteil durch die Gr\u00fcnderzeit und die dazugeh\u00f6rigen Zinsh\u00e4user gepr\u00e4gt, vor allem Neu-Rudolfsheim und Neu-F\u00fcnfhaus, welche n\u00f6rdlich der Westbahntra\u00dfe liegen und erst Ende des 19. Jahrhunderts bebaut wurden. Im s\u00fcdlichen Gebiet finden sich auch \u00e4ltere Bausubstanzen, wie z.B. die zweist\u00f6ckigen \u201ePawlatschenh\u00e4user\u201c aus der Biedermeierzeit, welche gleicherma\u00dfen zum Wohnen und Arbeiten genutzt wurden.<\/p><p>Aufgrund der guten Standortlage am Wienfluss und der N\u00e4he zur Stadt wurden, Ende des 18. Jahrhunderts, die Vororte des heutigen Rudolfsheim-F\u00fcnfhauses von Industrialisierungsprozessen erfasst. Im Laufe des schnellen Stadtwachstums, bedingt durch verschiedene Faktoren, breitete sich unter anderem, die Hinterhofindustrie &#8211; welche den Untersuchungsschwerpunkt dieser Arbeit bildet &#8211; aus. In den Vororten Wiens beherbergte diese zumeist die Kleinindustrie, Heimarbeit, Werkst\u00e4tten sowie Handwerksbetriebe.<\/p><p>Heute ist nicht mehr viel von der urspr\u00fcnglichen Bausubstanz erhalten, aus diesem Grund wird mithilfe der geschichtlichen Recherche ein Bestandskatalog mit Fokus auf Industriehinterh\u00f6fen erarbeitet um zu eruieren wo die Standorte der Fabriken waren und ob\/wie sie sich erhalten konnten. Das geeignetste Objekt wird einer vollst\u00e4ndigen Analyse und Bestandsaufnahme unterzogen um daraus Entwurfskonzepte f\u00fcr Hinterh\u00f6fe abzuleiten.<\/p>\t\t\t\t\t\t\t\t<\/div>\n\t\t\t\t<\/div>\n\t\t\t\t\t<\/div>\n\t\t<\/div>\n\t\t\t\t\t<\/div>\n\t\t<\/section>\n\t\t\t\t<\/div>\n\t\t","protected":false},"excerpt":{"rendered":"<p>Archiv Petra Basic 2018 Auf der Spurensuche im Hinterhof \u2013 Die Entstehungsgeschichte, der Wandel sowie potentielle Nachnutzungen der Kleinindustriest\u00e4tten in Rudolfsheim-F\u00fcnfhaus. Wien 15, Schwendergasse 7 \u2013 Hof mit offenen Pawlatschen, Glasplatte 1907 \u2013 \u00d6NB\/Stauda | Wien 15, Kranzgasse 22 | Wien 15, Siebeneichengasse 14 &#8211; Metallwarenfabrik Ludwig Andruschka Der heutige 15. Wiener Gemeindebezirk Rudolfsheim-F\u00fcnfhaus erstreckt sich \u00fcber 3,92 km\u00b2 Land und ist somit fl\u00e4chenm\u00e4\u00dfig der kleinste Au\u00dfenbezirk Wiens. Dieser wird<\/p>\n<div class=\"belowpost\"><a class=\"btnmore icon-arrow\" href=\"https:\/\/denkmalpflege.tuwien.ac.at\/index.php\/basic\/\"><span>Read More<\/span><\/a><\/div>\n","protected":false},"author":1,"featured_media":0,"parent":0,"menu_order":0,"comment_status":"closed","ping_status":"closed","template":"","meta":{"footnotes":""},"class_list":["post-13948","page","type-page","status-publish","hentry"],"yoast_head":"<!-- This site is optimized with the Yoast SEO plugin v26.0 - https:\/\/yoast.com\/wordpress\/plugins\/seo\/ -->\n<title>Basic - Denkmalpflege und Bauen im Bestand<\/title>\n<meta name=\"robots\" content=\"index, follow, max-snippet:-1, max-image-preview:large, max-video-preview:-1\" \/>\n<link rel=\"canonical\" href=\"https:\/\/denkmalpflege.tuwien.ac.at\/index.php\/basic\/\" \/>\n<meta property=\"og:locale\" content=\"de_DE\" \/>\n<meta property=\"og:type\" content=\"article\" \/>\n<meta property=\"og:title\" content=\"Basic - Denkmalpflege und Bauen im Bestand\" \/>\n<meta property=\"og:description\" content=\"Archiv Petra Basic 2018 Auf der Spurensuche im Hinterhof \u2013 Die Entstehungsgeschichte, der Wandel sowie potentielle Nachnutzungen der Kleinindustriest\u00e4tten in Rudolfsheim-F\u00fcnfhaus. Wien 15, Schwendergasse 7 \u2013 Hof mit offenen Pawlatschen, Glasplatte 1907 \u2013 \u00d6NB\/Stauda | Wien 15, Kranzgasse 22 | Wien 15, Siebeneichengasse 14 &#8211; Metallwarenfabrik Ludwig Andruschka Der heutige 15. Wiener Gemeindebezirk Rudolfsheim-F\u00fcnfhaus erstreckt sich \u00fcber 3,92 km\u00b2 Land und ist somit fl\u00e4chenm\u00e4\u00dfig der kleinste Au\u00dfenbezirk Wiens. Dieser wirdRead More\" \/>\n<meta property=\"og:url\" content=\"https:\/\/denkmalpflege.tuwien.ac.at\/index.php\/basic\/\" \/>\n<meta property=\"og:site_name\" content=\"Denkmalpflege und Bauen im Bestand\" \/>\n<meta property=\"article:modified_time\" content=\"2023-10-22T11:34:12+00:00\" \/>\n<meta name=\"twitter:card\" content=\"summary_large_image\" \/>\n<meta name=\"twitter:label1\" content=\"Gesch\u00e4tzte Lesezeit\" \/>\n\t<meta name=\"twitter:data1\" content=\"2\u00a0Minuten\" \/>\n<script type=\"application\/ld+json\" class=\"yoast-schema-graph\">{\"@context\":\"https:\/\/schema.org\",\"@graph\":[{\"@type\":\"WebPage\",\"@id\":\"https:\/\/denkmalpflege.tuwien.ac.at\/index.php\/basic\/\",\"url\":\"https:\/\/denkmalpflege.tuwien.ac.at\/index.php\/basic\/\",\"name\":\"Basic - Denkmalpflege und Bauen im Bestand\",\"isPartOf\":{\"@id\":\"https:\/\/denkmalpflege.tuwien.ac.at\/#website\"},\"datePublished\":\"2018-09-25T08:47:32+00:00\",\"dateModified\":\"2023-10-22T11:34:12+00:00\",\"breadcrumb\":{\"@id\":\"https:\/\/denkmalpflege.tuwien.ac.at\/index.php\/basic\/#breadcrumb\"},\"inLanguage\":\"de\",\"potentialAction\":[{\"@type\":\"ReadAction\",\"target\":[\"https:\/\/denkmalpflege.tuwien.ac.at\/index.php\/basic\/\"]}]},{\"@type\":\"BreadcrumbList\",\"@id\":\"https:\/\/denkmalpflege.tuwien.ac.at\/index.php\/basic\/#breadcrumb\",\"itemListElement\":[{\"@type\":\"ListItem\",\"position\":1,\"name\":\"Startseite\",\"item\":\"https:\/\/denkmalpflege.tuwien.ac.at\/\"},{\"@type\":\"ListItem\",\"position\":2,\"name\":\"Basic\"}]},{\"@type\":\"WebSite\",\"@id\":\"https:\/\/denkmalpflege.tuwien.ac.at\/#website\",\"url\":\"https:\/\/denkmalpflege.tuwien.ac.at\/\",\"name\":\"Denkmalpflege und Bauen im Bestand\",\"description\":\"Denkmalpflege TU Wien\",\"publisher\":{\"@id\":\"https:\/\/denkmalpflege.tuwien.ac.at\/#organization\"},\"potentialAction\":[{\"@type\":\"SearchAction\",\"target\":{\"@type\":\"EntryPoint\",\"urlTemplate\":\"https:\/\/denkmalpflege.tuwien.ac.at\/?s={search_term_string}\"},\"query-input\":{\"@type\":\"PropertyValueSpecification\",\"valueRequired\":true,\"valueName\":\"search_term_string\"}}],\"inLanguage\":\"de\"},{\"@type\":\"Organization\",\"@id\":\"https:\/\/denkmalpflege.tuwien.ac.at\/#organization\",\"name\":\"TU Wien Denkmalpflege und Bauen im Bestand\",\"url\":\"https:\/\/denkmalpflege.tuwien.ac.at\/\",\"logo\":{\"@type\":\"ImageObject\",\"inLanguage\":\"de\",\"@id\":\"https:\/\/denkmalpflege.tuwien.ac.at\/#\/schema\/logo\/image\/\",\"url\":\"https:\/\/denkmalpflege.tuwien.ac.at\/wp-content\/uploads\/2019\/10\/Logo1.png\",\"contentUrl\":\"https:\/\/denkmalpflege.tuwien.ac.at\/wp-content\/uploads\/2019\/10\/Logo1.png\",\"width\":222,\"height\":79,\"caption\":\"TU Wien Denkmalpflege und Bauen im Bestand\"},\"image\":{\"@id\":\"https:\/\/denkmalpflege.tuwien.ac.at\/#\/schema\/logo\/image\/\"}}]}<\/script>\n<!-- \/ Yoast SEO plugin. -->","yoast_head_json":{"title":"Basic - Denkmalpflege und Bauen im Bestand","robots":{"index":"index","follow":"follow","max-snippet":"max-snippet:-1","max-image-preview":"max-image-preview:large","max-video-preview":"max-video-preview:-1"},"canonical":"https:\/\/denkmalpflege.tuwien.ac.at\/index.php\/basic\/","og_locale":"de_DE","og_type":"article","og_title":"Basic - Denkmalpflege und Bauen im Bestand","og_description":"Archiv Petra Basic 2018 Auf der Spurensuche im Hinterhof \u2013 Die Entstehungsgeschichte, der Wandel sowie potentielle Nachnutzungen der Kleinindustriest\u00e4tten in Rudolfsheim-F\u00fcnfhaus. Wien 15, Schwendergasse 7 \u2013 Hof mit offenen Pawlatschen, Glasplatte 1907 \u2013 \u00d6NB\/Stauda | Wien 15, Kranzgasse 22 | Wien 15, Siebeneichengasse 14 &#8211; Metallwarenfabrik Ludwig Andruschka Der heutige 15. Wiener Gemeindebezirk Rudolfsheim-F\u00fcnfhaus erstreckt sich \u00fcber 3,92 km\u00b2 Land und ist somit fl\u00e4chenm\u00e4\u00dfig der kleinste Au\u00dfenbezirk Wiens. Dieser wirdRead More","og_url":"https:\/\/denkmalpflege.tuwien.ac.at\/index.php\/basic\/","og_site_name":"Denkmalpflege und Bauen im Bestand","article_modified_time":"2023-10-22T11:34:12+00:00","twitter_card":"summary_large_image","twitter_misc":{"Gesch\u00e4tzte Lesezeit":"2\u00a0Minuten"},"schema":{"@context":"https:\/\/schema.org","@graph":[{"@type":"WebPage","@id":"https:\/\/denkmalpflege.tuwien.ac.at\/index.php\/basic\/","url":"https:\/\/denkmalpflege.tuwien.ac.at\/index.php\/basic\/","name":"Basic - Denkmalpflege und Bauen im Bestand","isPartOf":{"@id":"https:\/\/denkmalpflege.tuwien.ac.at\/#website"},"datePublished":"2018-09-25T08:47:32+00:00","dateModified":"2023-10-22T11:34:12+00:00","breadcrumb":{"@id":"https:\/\/denkmalpflege.tuwien.ac.at\/index.php\/basic\/#breadcrumb"},"inLanguage":"de","potentialAction":[{"@type":"ReadAction","target":["https:\/\/denkmalpflege.tuwien.ac.at\/index.php\/basic\/"]}]},{"@type":"BreadcrumbList","@id":"https:\/\/denkmalpflege.tuwien.ac.at\/index.php\/basic\/#breadcrumb","itemListElement":[{"@type":"ListItem","position":1,"name":"Startseite","item":"https:\/\/denkmalpflege.tuwien.ac.at\/"},{"@type":"ListItem","position":2,"name":"Basic"}]},{"@type":"WebSite","@id":"https:\/\/denkmalpflege.tuwien.ac.at\/#website","url":"https:\/\/denkmalpflege.tuwien.ac.at\/","name":"Denkmalpflege und Bauen im Bestand","description":"Denkmalpflege TU Wien","publisher":{"@id":"https:\/\/denkmalpflege.tuwien.ac.at\/#organization"},"potentialAction":[{"@type":"SearchAction","target":{"@type":"EntryPoint","urlTemplate":"https:\/\/denkmalpflege.tuwien.ac.at\/?s={search_term_string}"},"query-input":{"@type":"PropertyValueSpecification","valueRequired":true,"valueName":"search_term_string"}}],"inLanguage":"de"},{"@type":"Organization","@id":"https:\/\/denkmalpflege.tuwien.ac.at\/#organization","name":"TU Wien Denkmalpflege und Bauen im Bestand","url":"https:\/\/denkmalpflege.tuwien.ac.at\/","logo":{"@type":"ImageObject","inLanguage":"de","@id":"https:\/\/denkmalpflege.tuwien.ac.at\/#\/schema\/logo\/image\/","url":"https:\/\/denkmalpflege.tuwien.ac.at\/wp-content\/uploads\/2019\/10\/Logo1.png","contentUrl":"https:\/\/denkmalpflege.tuwien.ac.at\/wp-content\/uploads\/2019\/10\/Logo1.png","width":222,"height":79,"caption":"TU Wien Denkmalpflege und Bauen im Bestand"},"image":{"@id":"https:\/\/denkmalpflege.tuwien.ac.at\/#\/schema\/logo\/image\/"}}]}},"_links":{"self":[{"href":"https:\/\/denkmalpflege.tuwien.ac.at\/index.php\/wp-json\/wp\/v2\/pages\/13948","targetHints":{"allow":["GET"]}}],"collection":[{"href":"https:\/\/denkmalpflege.tuwien.ac.at\/index.php\/wp-json\/wp\/v2\/pages"}],"about":[{"href":"https:\/\/denkmalpflege.tuwien.ac.at\/index.php\/wp-json\/wp\/v2\/types\/page"}],"author":[{"embeddable":true,"href":"https:\/\/denkmalpflege.tuwien.ac.at\/index.php\/wp-json\/wp\/v2\/users\/1"}],"replies":[{"embeddable":true,"href":"https:\/\/denkmalpflege.tuwien.ac.at\/index.php\/wp-json\/wp\/v2\/comments?post=13948"}],"version-history":[{"count":12,"href":"https:\/\/denkmalpflege.tuwien.ac.at\/index.php\/wp-json\/wp\/v2\/pages\/13948\/revisions"}],"predecessor-version":[{"id":28334,"href":"https:\/\/denkmalpflege.tuwien.ac.at\/index.php\/wp-json\/wp\/v2\/pages\/13948\/revisions\/28334"}],"wp:attachment":[{"href":"https:\/\/denkmalpflege.tuwien.ac.at\/index.php\/wp-json\/wp\/v2\/media?parent=13948"}],"curies":[{"name":"wp","href":"https:\/\/api.w.org\/{rel}","templated":true}]}}