{"id":13858,"date":"2018-08-28T11:59:12","date_gmt":"2018-08-28T09:59:12","guid":{"rendered":"http:\/\/denkmalpflege.tuwien.ac.at\/?page_id=13858"},"modified":"2024-12-10T15:39:57","modified_gmt":"2024-12-10T14:39:57","slug":"uebung-ws18","status":"publish","type":"page","link":"https:\/\/denkmalpflege.tuwien.ac.at\/index.php\/lehre-2\/lva-ws-1819-2\/uebung-ws18\/","title":{"rendered":"uebung-ws18"},"content":{"rendered":"<div class=\"mitarbeiter\">\n<div class=\"yellow\">Denkmalpflege und Bausanierung &#8211; \u00dcbung<\/div>\n<div class='grey'>\n<img decoding=\"async\" src=\"http:\/\/denkmalpflege.tuwien.ac.at\/wp-content\/uploads\/2015\/08\/UE_Denkmalpflege_Bausanierung.gif\" alt=\"uebung\" title=\"uebung\" width=\"130\" height=\"113\" class=\"alignnone size-full wp-image-165\" \/><\/a><\/p>\n<p><span><\/span><\/p>\n<p>257.036 UE 3,0h (4,0ECTS): Denkmalpflege und Bausanierung;<br \/>\nAllgemeines Wahlpflichtfach im Bachelorstudium. Freies Wahlfach im Masterstudium.<\/p>\n<p>Vortragende: Dimitri Egorov<\/p>\n<div class='breakline'><\/div>\n<\/div>\n<div class='kursbeginn'>\n<strong>Weitere Informationen<\/strong><br \/>\nw\u00f6chentlich Mittwoch 9:00-13:00 Uhr<br \/>\nBeginn: 9. Oktober 2019<br \/>\nSR 257 (Stiege 3, 2.Stock)\n<\/div>\n<p><span><\/span><br \/>\nTeilnehmerbeschr\u00e4nkung auf 20 Personen!<br \/>\nAnwesenheitspflicht!<br \/>\n<span><\/span><br \/>\n<strong>Anmeldung \u00fcber<a href=\"https:\/\/tiss.tuwien.ac.at\/course\/courseDetails.xhtml?dswid=4140&#038;dsrid=887&#038;courseNr=257036&#038;semester=2019W\"> TISS<\/a><\/strong><br \/>\n<span><\/span><br \/>\n<span><\/span><\/p>\n<div class='titel'>Lernergebnisse<\/div>\n<p>Nach positiver Absolvierung der Lehrveranstaltung sind Studierende in der Lage, aufgrund von Archivrecherchen und einer Bauaufnahme mit entsprechender Dokumentation einzusch\u00e4tzen, ob \u2013 und wenn ja \u2013 in welcher Weise in einem Wiener Gr\u00fcnderzeithaus Sanierungsma\u00dfnahmen vorzunehmen sind.<\/p>\n<div class='titel'>Inhalt der Lehrveranstaltung<\/div>\n<p>Anhand eines ausgew\u00e4hlten Bauobjektes aus der Wiener Gr\u00fcnderzeit wird eine Machbarkeitsstudie erstellt. Das Studium der Bestandspl\u00e4ne und die historische, architektonische und bautechnische Analyse und Beschreibung des Geb\u00e4udes bilden die Grundlage f\u00fcr Ma\u00dfnahmenvorschl\u00e4ge hinsichtlich der allgemeinen Aufwertung, Instandsetzung und m\u00f6glichen baulichen \u00c4nderungen. Neben denkmalpflegerischen Aspekten soll sich die Studie mit den Anforderungen der Bauordnung und der Benutzbarkeit auseinandersetzen.\n<\/p><\/div>\n","protected":false},"excerpt":{"rendered":"<p>Denkmalpflege und Bausanierung &#8211; \u00dcbung 257.036 UE 3,0h (4,0ECTS): Denkmalpflege und Bausanierung; Allgemeines Wahlpflichtfach im Bachelorstudium. Freies Wahlfach im Masterstudium. Vortragende: Dimitri Egorov Weitere Informationen w\u00f6chentlich Mittwoch 9:00-13:00 Uhr Beginn: 9. Oktober 2019 SR 257 (Stiege 3, 2.Stock) Teilnehmerbeschr\u00e4nkung auf 20 Personen! Anwesenheitspflicht! Anmeldung \u00fcber TISS Lernergebnisse Nach positiver Absolvierung der Lehrveranstaltung sind Studierende in der Lage, aufgrund von Archivrecherchen und einer Bauaufnahme mit entsprechender Dokumentation einzusch\u00e4tzen, ob \u2013 und<\/p>\n<div class=\"belowpost\"><a class=\"btnmore icon-arrow\" href=\"https:\/\/denkmalpflege.tuwien.ac.at\/index.php\/lehre-2\/lva-ws-1819-2\/uebung-ws18\/\"><span>Read More<\/span><\/a><\/div>\n","protected":false},"author":1,"featured_media":0,"parent":13867,"menu_order":0,"comment_status":"closed","ping_status":"closed","template":"","meta":{"footnotes":""},"class_list":["post-13858","page","type-page","status-publish","hentry"],"yoast_head":"<!-- This site is optimized with the Yoast SEO plugin v26.0 - https:\/\/yoast.com\/wordpress\/plugins\/seo\/ -->\n<title>uebung-ws18 - Denkmalpflege und Bauen im Bestand<\/title>\n<meta name=\"robots\" content=\"index, follow, max-snippet:-1, max-image-preview:large, max-video-preview:-1\" \/>\n<link rel=\"canonical\" href=\"https:\/\/denkmalpflege.tuwien.ac.at\/index.php\/lehre-2\/lva-ws-1819-2\/uebung-ws18\/\" \/>\n<meta property=\"og:locale\" content=\"de_DE\" \/>\n<meta property=\"og:type\" content=\"article\" \/>\n<meta property=\"og:title\" content=\"uebung-ws18 - Denkmalpflege und Bauen im Bestand\" \/>\n<meta property=\"og:description\" content=\"Denkmalpflege und Bausanierung &#8211; \u00dcbung 257.036 UE 3,0h (4,0ECTS): Denkmalpflege und Bausanierung; Allgemeines Wahlpflichtfach im Bachelorstudium. Freies Wahlfach im Masterstudium. Vortragende: Dimitri Egorov Weitere Informationen w\u00f6chentlich Mittwoch 9:00-13:00 Uhr Beginn: 9. Oktober 2019 SR 257 (Stiege 3, 2.Stock) Teilnehmerbeschr\u00e4nkung auf 20 Personen! Anwesenheitspflicht! Anmeldung \u00fcber TISS Lernergebnisse Nach positiver Absolvierung der Lehrveranstaltung sind Studierende in der Lage, aufgrund von Archivrecherchen und einer Bauaufnahme mit entsprechender Dokumentation einzusch\u00e4tzen, ob \u2013 undRead More\" \/>\n<meta property=\"og:url\" content=\"https:\/\/denkmalpflege.tuwien.ac.at\/index.php\/lehre-2\/lva-ws-1819-2\/uebung-ws18\/\" \/>\n<meta property=\"og:site_name\" content=\"Denkmalpflege und Bauen im Bestand\" \/>\n<meta property=\"article:modified_time\" content=\"2024-12-10T14:39:57+00:00\" \/>\n<meta name=\"twitter:card\" content=\"summary_large_image\" \/>\n<meta name=\"twitter:label1\" content=\"Gesch\u00e4tzte Lesezeit\" \/>\n\t<meta name=\"twitter:data1\" content=\"1\u00a0Minute\" \/>\n<script type=\"application\/ld+json\" class=\"yoast-schema-graph\">{\"@context\":\"https:\/\/schema.org\",\"@graph\":[{\"@type\":\"WebPage\",\"@id\":\"https:\/\/denkmalpflege.tuwien.ac.at\/index.php\/lehre-2\/lva-ws-1819-2\/uebung-ws18\/\",\"url\":\"https:\/\/denkmalpflege.tuwien.ac.at\/index.php\/lehre-2\/lva-ws-1819-2\/uebung-ws18\/\",\"name\":\"uebung-ws18 - Denkmalpflege und Bauen im Bestand\",\"isPartOf\":{\"@id\":\"https:\/\/denkmalpflege.tuwien.ac.at\/#website\"},\"primaryImageOfPage\":{\"@id\":\"https:\/\/denkmalpflege.tuwien.ac.at\/index.php\/lehre-2\/lva-ws-1819-2\/uebung-ws18\/#primaryimage\"},\"image\":{\"@id\":\"https:\/\/denkmalpflege.tuwien.ac.at\/index.php\/lehre-2\/lva-ws-1819-2\/uebung-ws18\/#primaryimage\"},\"thumbnailUrl\":\"http:\/\/denkmalpflege.tuwien.ac.at\/wp-content\/uploads\/2015\/08\/UE_Denkmalpflege_Bausanierung.gif\",\"datePublished\":\"2018-08-28T09:59:12+00:00\",\"dateModified\":\"2024-12-10T14:39:57+00:00\",\"breadcrumb\":{\"@id\":\"https:\/\/denkmalpflege.tuwien.ac.at\/index.php\/lehre-2\/lva-ws-1819-2\/uebung-ws18\/#breadcrumb\"},\"inLanguage\":\"de\",\"potentialAction\":[{\"@type\":\"ReadAction\",\"target\":[\"https:\/\/denkmalpflege.tuwien.ac.at\/index.php\/lehre-2\/lva-ws-1819-2\/uebung-ws18\/\"]}]},{\"@type\":\"ImageObject\",\"inLanguage\":\"de\",\"@id\":\"https:\/\/denkmalpflege.tuwien.ac.at\/index.php\/lehre-2\/lva-ws-1819-2\/uebung-ws18\/#primaryimage\",\"url\":\"\",\"contentUrl\":\"\"},{\"@type\":\"BreadcrumbList\",\"@id\":\"https:\/\/denkmalpflege.tuwien.ac.at\/index.php\/lehre-2\/lva-ws-1819-2\/uebung-ws18\/#breadcrumb\",\"itemListElement\":[{\"@type\":\"ListItem\",\"position\":1,\"name\":\"Startseite\",\"item\":\"https:\/\/denkmalpflege.tuwien.ac.at\/\"},{\"@type\":\"ListItem\",\"position\":2,\"name\":\"Lehre\",\"item\":\"https:\/\/denkmalpflege.tuwien.ac.at\/index.php\/lehre-2\/\"},{\"@type\":\"ListItem\",\"position\":3,\"name\":\"LVA Wintersemester 2018\/2019\",\"item\":\"https:\/\/denkmalpflege.tuwien.ac.at\/index.php\/lehre-2\/lva-ws-1819-2\/\"},{\"@type\":\"ListItem\",\"position\":4,\"name\":\"uebung-ws18\"}]},{\"@type\":\"WebSite\",\"@id\":\"https:\/\/denkmalpflege.tuwien.ac.at\/#website\",\"url\":\"https:\/\/denkmalpflege.tuwien.ac.at\/\",\"name\":\"Denkmalpflege und Bauen im Bestand\",\"description\":\"Denkmalpflege TU Wien\",\"publisher\":{\"@id\":\"https:\/\/denkmalpflege.tuwien.ac.at\/#organization\"},\"potentialAction\":[{\"@type\":\"SearchAction\",\"target\":{\"@type\":\"EntryPoint\",\"urlTemplate\":\"https:\/\/denkmalpflege.tuwien.ac.at\/?s={search_term_string}\"},\"query-input\":{\"@type\":\"PropertyValueSpecification\",\"valueRequired\":true,\"valueName\":\"search_term_string\"}}],\"inLanguage\":\"de\"},{\"@type\":\"Organization\",\"@id\":\"https:\/\/denkmalpflege.tuwien.ac.at\/#organization\",\"name\":\"TU Wien Denkmalpflege und Bauen im Bestand\",\"url\":\"https:\/\/denkmalpflege.tuwien.ac.at\/\",\"logo\":{\"@type\":\"ImageObject\",\"inLanguage\":\"de\",\"@id\":\"https:\/\/denkmalpflege.tuwien.ac.at\/#\/schema\/logo\/image\/\",\"url\":\"https:\/\/denkmalpflege.tuwien.ac.at\/wp-content\/uploads\/2019\/10\/Logo1.png\",\"contentUrl\":\"https:\/\/denkmalpflege.tuwien.ac.at\/wp-content\/uploads\/2019\/10\/Logo1.png\",\"width\":222,\"height\":79,\"caption\":\"TU Wien Denkmalpflege und Bauen im Bestand\"},\"image\":{\"@id\":\"https:\/\/denkmalpflege.tuwien.ac.at\/#\/schema\/logo\/image\/\"}}]}<\/script>\n<!-- \/ Yoast SEO plugin. -->","yoast_head_json":{"title":"uebung-ws18 - Denkmalpflege und Bauen im Bestand","robots":{"index":"index","follow":"follow","max-snippet":"max-snippet:-1","max-image-preview":"max-image-preview:large","max-video-preview":"max-video-preview:-1"},"canonical":"https:\/\/denkmalpflege.tuwien.ac.at\/index.php\/lehre-2\/lva-ws-1819-2\/uebung-ws18\/","og_locale":"de_DE","og_type":"article","og_title":"uebung-ws18 - Denkmalpflege und Bauen im Bestand","og_description":"Denkmalpflege und Bausanierung &#8211; \u00dcbung 257.036 UE 3,0h (4,0ECTS): Denkmalpflege und Bausanierung; Allgemeines Wahlpflichtfach im Bachelorstudium. Freies Wahlfach im Masterstudium. Vortragende: Dimitri Egorov Weitere Informationen w\u00f6chentlich Mittwoch 9:00-13:00 Uhr Beginn: 9. Oktober 2019 SR 257 (Stiege 3, 2.Stock) Teilnehmerbeschr\u00e4nkung auf 20 Personen! Anwesenheitspflicht! Anmeldung \u00fcber TISS Lernergebnisse Nach positiver Absolvierung der Lehrveranstaltung sind Studierende in der Lage, aufgrund von Archivrecherchen und einer Bauaufnahme mit entsprechender Dokumentation einzusch\u00e4tzen, ob \u2013 undRead More","og_url":"https:\/\/denkmalpflege.tuwien.ac.at\/index.php\/lehre-2\/lva-ws-1819-2\/uebung-ws18\/","og_site_name":"Denkmalpflege und Bauen im Bestand","article_modified_time":"2024-12-10T14:39:57+00:00","twitter_card":"summary_large_image","twitter_misc":{"Gesch\u00e4tzte Lesezeit":"1\u00a0Minute"},"schema":{"@context":"https:\/\/schema.org","@graph":[{"@type":"WebPage","@id":"https:\/\/denkmalpflege.tuwien.ac.at\/index.php\/lehre-2\/lva-ws-1819-2\/uebung-ws18\/","url":"https:\/\/denkmalpflege.tuwien.ac.at\/index.php\/lehre-2\/lva-ws-1819-2\/uebung-ws18\/","name":"uebung-ws18 - Denkmalpflege und Bauen im Bestand","isPartOf":{"@id":"https:\/\/denkmalpflege.tuwien.ac.at\/#website"},"primaryImageOfPage":{"@id":"https:\/\/denkmalpflege.tuwien.ac.at\/index.php\/lehre-2\/lva-ws-1819-2\/uebung-ws18\/#primaryimage"},"image":{"@id":"https:\/\/denkmalpflege.tuwien.ac.at\/index.php\/lehre-2\/lva-ws-1819-2\/uebung-ws18\/#primaryimage"},"thumbnailUrl":"http:\/\/denkmalpflege.tuwien.ac.at\/wp-content\/uploads\/2015\/08\/UE_Denkmalpflege_Bausanierung.gif","datePublished":"2018-08-28T09:59:12+00:00","dateModified":"2024-12-10T14:39:57+00:00","breadcrumb":{"@id":"https:\/\/denkmalpflege.tuwien.ac.at\/index.php\/lehre-2\/lva-ws-1819-2\/uebung-ws18\/#breadcrumb"},"inLanguage":"de","potentialAction":[{"@type":"ReadAction","target":["https:\/\/denkmalpflege.tuwien.ac.at\/index.php\/lehre-2\/lva-ws-1819-2\/uebung-ws18\/"]}]},{"@type":"ImageObject","inLanguage":"de","@id":"https:\/\/denkmalpflege.tuwien.ac.at\/index.php\/lehre-2\/lva-ws-1819-2\/uebung-ws18\/#primaryimage","url":"","contentUrl":""},{"@type":"BreadcrumbList","@id":"https:\/\/denkmalpflege.tuwien.ac.at\/index.php\/lehre-2\/lva-ws-1819-2\/uebung-ws18\/#breadcrumb","itemListElement":[{"@type":"ListItem","position":1,"name":"Startseite","item":"https:\/\/denkmalpflege.tuwien.ac.at\/"},{"@type":"ListItem","position":2,"name":"Lehre","item":"https:\/\/denkmalpflege.tuwien.ac.at\/index.php\/lehre-2\/"},{"@type":"ListItem","position":3,"name":"LVA Wintersemester 2018\/2019","item":"https:\/\/denkmalpflege.tuwien.ac.at\/index.php\/lehre-2\/lva-ws-1819-2\/"},{"@type":"ListItem","position":4,"name":"uebung-ws18"}]},{"@type":"WebSite","@id":"https:\/\/denkmalpflege.tuwien.ac.at\/#website","url":"https:\/\/denkmalpflege.tuwien.ac.at\/","name":"Denkmalpflege und Bauen im Bestand","description":"Denkmalpflege TU Wien","publisher":{"@id":"https:\/\/denkmalpflege.tuwien.ac.at\/#organization"},"potentialAction":[{"@type":"SearchAction","target":{"@type":"EntryPoint","urlTemplate":"https:\/\/denkmalpflege.tuwien.ac.at\/?s={search_term_string}"},"query-input":{"@type":"PropertyValueSpecification","valueRequired":true,"valueName":"search_term_string"}}],"inLanguage":"de"},{"@type":"Organization","@id":"https:\/\/denkmalpflege.tuwien.ac.at\/#organization","name":"TU Wien Denkmalpflege und Bauen im Bestand","url":"https:\/\/denkmalpflege.tuwien.ac.at\/","logo":{"@type":"ImageObject","inLanguage":"de","@id":"https:\/\/denkmalpflege.tuwien.ac.at\/#\/schema\/logo\/image\/","url":"https:\/\/denkmalpflege.tuwien.ac.at\/wp-content\/uploads\/2019\/10\/Logo1.png","contentUrl":"https:\/\/denkmalpflege.tuwien.ac.at\/wp-content\/uploads\/2019\/10\/Logo1.png","width":222,"height":79,"caption":"TU Wien Denkmalpflege und Bauen im Bestand"},"image":{"@id":"https:\/\/denkmalpflege.tuwien.ac.at\/#\/schema\/logo\/image\/"}}]}},"_links":{"self":[{"href":"https:\/\/denkmalpflege.tuwien.ac.at\/index.php\/wp-json\/wp\/v2\/pages\/13858","targetHints":{"allow":["GET"]}}],"collection":[{"href":"https:\/\/denkmalpflege.tuwien.ac.at\/index.php\/wp-json\/wp\/v2\/pages"}],"about":[{"href":"https:\/\/denkmalpflege.tuwien.ac.at\/index.php\/wp-json\/wp\/v2\/types\/page"}],"author":[{"embeddable":true,"href":"https:\/\/denkmalpflege.tuwien.ac.at\/index.php\/wp-json\/wp\/v2\/users\/1"}],"replies":[{"embeddable":true,"href":"https:\/\/denkmalpflege.tuwien.ac.at\/index.php\/wp-json\/wp\/v2\/comments?post=13858"}],"version-history":[{"count":8,"href":"https:\/\/denkmalpflege.tuwien.ac.at\/index.php\/wp-json\/wp\/v2\/pages\/13858\/revisions"}],"predecessor-version":[{"id":15123,"href":"https:\/\/denkmalpflege.tuwien.ac.at\/index.php\/wp-json\/wp\/v2\/pages\/13858\/revisions\/15123"}],"up":[{"embeddable":true,"href":"https:\/\/denkmalpflege.tuwien.ac.at\/index.php\/wp-json\/wp\/v2\/pages\/13867"}],"wp:attachment":[{"href":"https:\/\/denkmalpflege.tuwien.ac.at\/index.php\/wp-json\/wp\/v2\/media?parent=13858"}],"curies":[{"name":"wp","href":"https:\/\/api.w.org\/{rel}","templated":true}]}}