{"id":13630,"date":"2018-06-04T11:22:59","date_gmt":"2018-06-04T09:22:59","guid":{"rendered":"http:\/\/denkmalpflege.tuwien.ac.at\/?page_id=13630"},"modified":"2018-06-04T12:40:06","modified_gmt":"2018-06-04T10:40:06","slug":"totter","status":"publish","type":"page","link":"https:\/\/denkmalpflege.tuwien.ac.at\/index.php\/totter\/","title":{"rendered":"Totter"},"content":{"rendered":"<div class='mitarbeiter'>\n<div class='grey'>\n<img decoding=\"async\" src=\"http:\/\/denkmalpflege.tuwien.ac.at\/wp-content\/uploads\/2018\/06\/totter-hover.gif\" alt=\"totter\" title=\"totter\" width=\"130\" height=\"113\" class=\"alignnone size-full wp-image-165\" \/> <a href='diplcv' class='right_link'>&lt; Alle Arbeiten<\/a><br \/>\n<b>Das orthop\u00e4dische Krankenhaus der Stadt Wien Gersthof &#8211; Die geschichtliche Aufarbeitung, ein Nachnutzungskonzept und ein Leitfaden f\u00fcr die Wertsch\u00e4tzung, den Umgang und Erhalt des historischen Geb\u00e4udeensembles.<\/p>\n<p><\/b><br \/>\n<strong>2018 Julia Totter <\/strong> <\/p>\n<div class='breakline'><\/div>\n<\/div>\n<div class=\"greyfield\">\n<p>Im Jahre 1926 wurde im Auftrag der Wiener Handlungsgehilfen die Entbindungsanstalt am Fu\u00dfe des Schafbergs erbaut. Das Krankenhaus stellt das Hauptwerk der Architekten Alfred Mautner und Johann Rothm\u00fcller dar und etablierte sich zu einem hervorragenden Wiener Spital, mit sonnigen Sitzpl\u00e4tzen im Garten, Balkonen, Terrassen und einem Ausblick \u00fcber die gesamte Stadt. Im Laufe der Jahre erfuhr das Geb\u00e4ude zahlreiche Besitz- und Funktionswechsel, schaffte es jedoch mit nur kleinen Umbauten, in seiner Form erhalten zu bleiben. Vor dem Hintergrund des \u201eWiener Spitalskonzepts 2030\u201c und der darin beschlossenen Absiedlung des Spitals in das Krankenhaus Nord ergeben sich neue Chancen f\u00fcr das Areal, aber auch die Gef\u00e4hrdung des historischen Geb\u00e4udeensembles.<br \/>\nZiel meiner Arbeit ist eine detaillierte Untersuchung der Bau- und Nutzungsgeschichte des Objektes, sowie die allgemeine Entwicklung der Krankenh\u00e4user der Stadt Wien, wodurch das Krankenhaus Gersthof in einem historischen und \u00f6rtlichen Kontext gesetzt wird. Basierend auf den Untersuchungen des Bestandes wird weiteres ein Vorschlag f\u00fcr ein Nachnutzungskonzept erarbeitet, welches die Weiterverwendung des Objekts unter Ber\u00fccksichtigung denkmalpflegerischer Aspekte erm\u00f6glichen soll.<\/p>\n<div class='breakline'><\/div>\n<\/div>\n<p><span><\/span><br \/>\n<img decoding=\"async\" src=\"http:\/\/denkmalpflege.tuwien.ac.at\/wp-content\/uploads\/2018\/06\/totter-gro\u00df-1.gif\" width=\"960\" height=\"\"  alt=\"\" \/> <\/p>\n<p>Ansicht 1937 | Ansicht 2018<br \/>\n<span><\/span><br \/>\n<span><\/span><br \/>\n<img decoding=\"async\" src=\"http:\/\/denkmalpflege.tuwien.ac.at\/wp-content\/uploads\/2018\/06\/totter-gro\u00df-2.gif\" width=\"960\" height=\"\"  alt=\"\" \/> <\/p>\n<p>Innenraum 1926 | Innenraum 2018<br \/>\n<span><\/span><br \/>\n<span><\/span><\/p>\n","protected":false},"excerpt":{"rendered":"<p>&lt; Alle Arbeiten Das orthop\u00e4dische Krankenhaus der Stadt Wien Gersthof &#8211; Die geschichtliche Aufarbeitung, ein Nachnutzungskonzept und ein Leitfaden f\u00fcr die Wertsch\u00e4tzung, den Umgang und Erhalt des historischen Geb\u00e4udeensembles. 2018 Julia Totter Im Jahre 1926 wurde im Auftrag der Wiener Handlungsgehilfen die Entbindungsanstalt am Fu\u00dfe des Schafbergs erbaut. Das Krankenhaus stellt das Hauptwerk der Architekten Alfred Mautner und Johann Rothm\u00fcller dar und etablierte sich zu einem hervorragenden Wiener Spital, mit<\/p>\n<div class=\"belowpost\"><a class=\"btnmore icon-arrow\" href=\"https:\/\/denkmalpflege.tuwien.ac.at\/index.php\/totter\/\"><span>Read More<\/span><\/a><\/div>\n","protected":false},"author":1,"featured_media":0,"parent":0,"menu_order":0,"comment_status":"closed","ping_status":"closed","template":"","meta":{"footnotes":""},"class_list":["post-13630","page","type-page","status-publish","hentry"],"yoast_head":"<!-- This site is optimized with the Yoast SEO plugin v26.0 - https:\/\/yoast.com\/wordpress\/plugins\/seo\/ -->\n<title>Totter - Denkmalpflege und Bauen im Bestand<\/title>\n<meta name=\"robots\" content=\"index, follow, max-snippet:-1, max-image-preview:large, max-video-preview:-1\" \/>\n<link rel=\"canonical\" href=\"https:\/\/denkmalpflege.tuwien.ac.at\/index.php\/totter\/\" \/>\n<meta property=\"og:locale\" content=\"de_DE\" \/>\n<meta property=\"og:type\" content=\"article\" \/>\n<meta property=\"og:title\" content=\"Totter - Denkmalpflege und Bauen im Bestand\" \/>\n<meta property=\"og:description\" content=\"&lt; Alle Arbeiten Das orthop\u00e4dische Krankenhaus der Stadt Wien Gersthof &#8211; Die geschichtliche Aufarbeitung, ein Nachnutzungskonzept und ein Leitfaden f\u00fcr die Wertsch\u00e4tzung, den Umgang und Erhalt des historischen Geb\u00e4udeensembles. 2018 Julia Totter Im Jahre 1926 wurde im Auftrag der Wiener Handlungsgehilfen die Entbindungsanstalt am Fu\u00dfe des Schafbergs erbaut. Das Krankenhaus stellt das Hauptwerk der Architekten Alfred Mautner und Johann Rothm\u00fcller dar und etablierte sich zu einem hervorragenden Wiener Spital, mitRead More\" \/>\n<meta property=\"og:url\" content=\"https:\/\/denkmalpflege.tuwien.ac.at\/index.php\/totter\/\" \/>\n<meta property=\"og:site_name\" content=\"Denkmalpflege und Bauen im Bestand\" \/>\n<meta property=\"article:modified_time\" content=\"2018-06-04T10:40:06+00:00\" \/>\n<meta name=\"twitter:card\" content=\"summary_large_image\" \/>\n<meta name=\"twitter:label1\" content=\"Gesch\u00e4tzte Lesezeit\" \/>\n\t<meta name=\"twitter:data1\" content=\"1\u00a0Minute\" \/>\n<script type=\"application\/ld+json\" class=\"yoast-schema-graph\">{\"@context\":\"https:\/\/schema.org\",\"@graph\":[{\"@type\":\"WebPage\",\"@id\":\"https:\/\/denkmalpflege.tuwien.ac.at\/index.php\/totter\/\",\"url\":\"https:\/\/denkmalpflege.tuwien.ac.at\/index.php\/totter\/\",\"name\":\"Totter - Denkmalpflege und Bauen im Bestand\",\"isPartOf\":{\"@id\":\"https:\/\/denkmalpflege.tuwien.ac.at\/#website\"},\"primaryImageOfPage\":{\"@id\":\"https:\/\/denkmalpflege.tuwien.ac.at\/index.php\/totter\/#primaryimage\"},\"image\":{\"@id\":\"https:\/\/denkmalpflege.tuwien.ac.at\/index.php\/totter\/#primaryimage\"},\"thumbnailUrl\":\"http:\/\/denkmalpflege.tuwien.ac.at\/wp-content\/uploads\/2018\/06\/totter-hover.gif\",\"datePublished\":\"2018-06-04T09:22:59+00:00\",\"dateModified\":\"2018-06-04T10:40:06+00:00\",\"breadcrumb\":{\"@id\":\"https:\/\/denkmalpflege.tuwien.ac.at\/index.php\/totter\/#breadcrumb\"},\"inLanguage\":\"de\",\"potentialAction\":[{\"@type\":\"ReadAction\",\"target\":[\"https:\/\/denkmalpflege.tuwien.ac.at\/index.php\/totter\/\"]}]},{\"@type\":\"ImageObject\",\"inLanguage\":\"de\",\"@id\":\"https:\/\/denkmalpflege.tuwien.ac.at\/index.php\/totter\/#primaryimage\",\"url\":\"\",\"contentUrl\":\"\"},{\"@type\":\"BreadcrumbList\",\"@id\":\"https:\/\/denkmalpflege.tuwien.ac.at\/index.php\/totter\/#breadcrumb\",\"itemListElement\":[{\"@type\":\"ListItem\",\"position\":1,\"name\":\"Startseite\",\"item\":\"https:\/\/denkmalpflege.tuwien.ac.at\/\"},{\"@type\":\"ListItem\",\"position\":2,\"name\":\"Totter\"}]},{\"@type\":\"WebSite\",\"@id\":\"https:\/\/denkmalpflege.tuwien.ac.at\/#website\",\"url\":\"https:\/\/denkmalpflege.tuwien.ac.at\/\",\"name\":\"Denkmalpflege und Bauen im Bestand\",\"description\":\"Denkmalpflege TU Wien\",\"publisher\":{\"@id\":\"https:\/\/denkmalpflege.tuwien.ac.at\/#organization\"},\"potentialAction\":[{\"@type\":\"SearchAction\",\"target\":{\"@type\":\"EntryPoint\",\"urlTemplate\":\"https:\/\/denkmalpflege.tuwien.ac.at\/?s={search_term_string}\"},\"query-input\":{\"@type\":\"PropertyValueSpecification\",\"valueRequired\":true,\"valueName\":\"search_term_string\"}}],\"inLanguage\":\"de\"},{\"@type\":\"Organization\",\"@id\":\"https:\/\/denkmalpflege.tuwien.ac.at\/#organization\",\"name\":\"TU Wien Denkmalpflege und Bauen im Bestand\",\"url\":\"https:\/\/denkmalpflege.tuwien.ac.at\/\",\"logo\":{\"@type\":\"ImageObject\",\"inLanguage\":\"de\",\"@id\":\"https:\/\/denkmalpflege.tuwien.ac.at\/#\/schema\/logo\/image\/\",\"url\":\"https:\/\/denkmalpflege.tuwien.ac.at\/wp-content\/uploads\/2019\/10\/Logo1.png\",\"contentUrl\":\"https:\/\/denkmalpflege.tuwien.ac.at\/wp-content\/uploads\/2019\/10\/Logo1.png\",\"width\":222,\"height\":79,\"caption\":\"TU Wien Denkmalpflege und Bauen im Bestand\"},\"image\":{\"@id\":\"https:\/\/denkmalpflege.tuwien.ac.at\/#\/schema\/logo\/image\/\"}}]}<\/script>\n<!-- \/ Yoast SEO plugin. -->","yoast_head_json":{"title":"Totter - Denkmalpflege und Bauen im Bestand","robots":{"index":"index","follow":"follow","max-snippet":"max-snippet:-1","max-image-preview":"max-image-preview:large","max-video-preview":"max-video-preview:-1"},"canonical":"https:\/\/denkmalpflege.tuwien.ac.at\/index.php\/totter\/","og_locale":"de_DE","og_type":"article","og_title":"Totter - Denkmalpflege und Bauen im Bestand","og_description":"&lt; Alle Arbeiten Das orthop\u00e4dische Krankenhaus der Stadt Wien Gersthof &#8211; Die geschichtliche Aufarbeitung, ein Nachnutzungskonzept und ein Leitfaden f\u00fcr die Wertsch\u00e4tzung, den Umgang und Erhalt des historischen Geb\u00e4udeensembles. 2018 Julia Totter Im Jahre 1926 wurde im Auftrag der Wiener Handlungsgehilfen die Entbindungsanstalt am Fu\u00dfe des Schafbergs erbaut. Das Krankenhaus stellt das Hauptwerk der Architekten Alfred Mautner und Johann Rothm\u00fcller dar und etablierte sich zu einem hervorragenden Wiener Spital, mitRead More","og_url":"https:\/\/denkmalpflege.tuwien.ac.at\/index.php\/totter\/","og_site_name":"Denkmalpflege und Bauen im Bestand","article_modified_time":"2018-06-04T10:40:06+00:00","twitter_card":"summary_large_image","twitter_misc":{"Gesch\u00e4tzte Lesezeit":"1\u00a0Minute"},"schema":{"@context":"https:\/\/schema.org","@graph":[{"@type":"WebPage","@id":"https:\/\/denkmalpflege.tuwien.ac.at\/index.php\/totter\/","url":"https:\/\/denkmalpflege.tuwien.ac.at\/index.php\/totter\/","name":"Totter - Denkmalpflege und Bauen im Bestand","isPartOf":{"@id":"https:\/\/denkmalpflege.tuwien.ac.at\/#website"},"primaryImageOfPage":{"@id":"https:\/\/denkmalpflege.tuwien.ac.at\/index.php\/totter\/#primaryimage"},"image":{"@id":"https:\/\/denkmalpflege.tuwien.ac.at\/index.php\/totter\/#primaryimage"},"thumbnailUrl":"http:\/\/denkmalpflege.tuwien.ac.at\/wp-content\/uploads\/2018\/06\/totter-hover.gif","datePublished":"2018-06-04T09:22:59+00:00","dateModified":"2018-06-04T10:40:06+00:00","breadcrumb":{"@id":"https:\/\/denkmalpflege.tuwien.ac.at\/index.php\/totter\/#breadcrumb"},"inLanguage":"de","potentialAction":[{"@type":"ReadAction","target":["https:\/\/denkmalpflege.tuwien.ac.at\/index.php\/totter\/"]}]},{"@type":"ImageObject","inLanguage":"de","@id":"https:\/\/denkmalpflege.tuwien.ac.at\/index.php\/totter\/#primaryimage","url":"","contentUrl":""},{"@type":"BreadcrumbList","@id":"https:\/\/denkmalpflege.tuwien.ac.at\/index.php\/totter\/#breadcrumb","itemListElement":[{"@type":"ListItem","position":1,"name":"Startseite","item":"https:\/\/denkmalpflege.tuwien.ac.at\/"},{"@type":"ListItem","position":2,"name":"Totter"}]},{"@type":"WebSite","@id":"https:\/\/denkmalpflege.tuwien.ac.at\/#website","url":"https:\/\/denkmalpflege.tuwien.ac.at\/","name":"Denkmalpflege und Bauen im Bestand","description":"Denkmalpflege TU Wien","publisher":{"@id":"https:\/\/denkmalpflege.tuwien.ac.at\/#organization"},"potentialAction":[{"@type":"SearchAction","target":{"@type":"EntryPoint","urlTemplate":"https:\/\/denkmalpflege.tuwien.ac.at\/?s={search_term_string}"},"query-input":{"@type":"PropertyValueSpecification","valueRequired":true,"valueName":"search_term_string"}}],"inLanguage":"de"},{"@type":"Organization","@id":"https:\/\/denkmalpflege.tuwien.ac.at\/#organization","name":"TU Wien Denkmalpflege und Bauen im Bestand","url":"https:\/\/denkmalpflege.tuwien.ac.at\/","logo":{"@type":"ImageObject","inLanguage":"de","@id":"https:\/\/denkmalpflege.tuwien.ac.at\/#\/schema\/logo\/image\/","url":"https:\/\/denkmalpflege.tuwien.ac.at\/wp-content\/uploads\/2019\/10\/Logo1.png","contentUrl":"https:\/\/denkmalpflege.tuwien.ac.at\/wp-content\/uploads\/2019\/10\/Logo1.png","width":222,"height":79,"caption":"TU Wien Denkmalpflege und Bauen im Bestand"},"image":{"@id":"https:\/\/denkmalpflege.tuwien.ac.at\/#\/schema\/logo\/image\/"}}]}},"_links":{"self":[{"href":"https:\/\/denkmalpflege.tuwien.ac.at\/index.php\/wp-json\/wp\/v2\/pages\/13630","targetHints":{"allow":["GET"]}}],"collection":[{"href":"https:\/\/denkmalpflege.tuwien.ac.at\/index.php\/wp-json\/wp\/v2\/pages"}],"about":[{"href":"https:\/\/denkmalpflege.tuwien.ac.at\/index.php\/wp-json\/wp\/v2\/types\/page"}],"author":[{"embeddable":true,"href":"https:\/\/denkmalpflege.tuwien.ac.at\/index.php\/wp-json\/wp\/v2\/users\/1"}],"replies":[{"embeddable":true,"href":"https:\/\/denkmalpflege.tuwien.ac.at\/index.php\/wp-json\/wp\/v2\/comments?post=13630"}],"version-history":[{"count":5,"href":"https:\/\/denkmalpflege.tuwien.ac.at\/index.php\/wp-json\/wp\/v2\/pages\/13630\/revisions"}],"predecessor-version":[{"id":13641,"href":"https:\/\/denkmalpflege.tuwien.ac.at\/index.php\/wp-json\/wp\/v2\/pages\/13630\/revisions\/13641"}],"wp:attachment":[{"href":"https:\/\/denkmalpflege.tuwien.ac.at\/index.php\/wp-json\/wp\/v2\/media?parent=13630"}],"curies":[{"name":"wp","href":"https:\/\/api.w.org\/{rel}","templated":true}]}}