{"id":13543,"date":"2018-05-16T11:39:59","date_gmt":"2018-05-16T09:39:59","guid":{"rendered":"http:\/\/denkmalpflege.tuwien.ac.at\/?page_id=13543"},"modified":"2024-12-10T15:39:18","modified_gmt":"2024-12-10T14:39:18","slug":"eisenstadt","status":"publish","type":"page","link":"https:\/\/denkmalpflege.tuwien.ac.at\/index.php\/lehre-2\/lva-ws-1718\/eisenstadt\/","title":{"rendered":"Eisenstadt ws 17"},"content":{"rendered":"<div class=\"mitarbeiter\">\n<div class=\"yellow\">Gro\u00dfes Entwerfen \u201cDenkmalpflege und Entwurf: Strategien der Erhaltung\u201d<\/div>\n<div class=\"grey\"> <img decoding=\"async\" src=\"http:\/\/denkmalpflege.tuwien.ac.at\/wp-content\/uploads\/2017\/09\/EntwerfenEisenstadt.gif\" alt=\"entwerfen2\" title=\"entwerfen2\" width=\"130\" height=\"113\" class=\"alignnone size-full wp-image-165\" \/><\/a><\/p>\n<p><span> <\/span><br \/>\nP\u00e4dAk des Burgenlandes<br \/>\nF\u00fcr MasterstudentInnen<br \/>\n<span> <\/span><br \/>\nWintersemester 2017<br \/>\nVortragende: Nott Caviezel, Agnes Liebsch, Stefan Tenhalter<\/p>\n<div class='breakline'><\/div>\n<\/div>\n<p><span><\/span><br \/>\n<span><\/span><br \/>\n<span> <\/span><\/p>\n<div class='titel'>Inhalt der Lehrveranstaltung<\/div>\n<p>Jede Entwurfsarbeit am denkmalgesch\u00fctzten Objekt beansprucht spezifische Kenntnisse und erfordert dem Bestand angemessene Strategien. Die \u00dcbung bietet den Studierenden die Gelegenheit, sich mit den vielf\u00e4ltigen Erfordernissen zu befassen, denen man beim Erhalten, Restaurieren, Sanieren und Verwalten eines Denkmals oder bei Eingriffen in ein denkmalgesch\u00fctztes Ensemble gerecht werden muss.<\/p>\n<div class='titel'>Ziele der Lehrveranstaltung<\/div>\n<p>Die P\u00e4dagogische Akademie des Burgenlandes in Eisenstadt wurde 1968 von Architekt Josef Patzelt, der vor allem f\u00fcr seine Kirchenbauten bekannt ist, entworfen. Mit ihrer klaren Formensprache und den f\u00fcr die Zeit typischen Materialien \u2013 Aluminiumfenster, Glasbausteine und Sichtbeton \u2013 stellt sie ein typisches Beispiel f\u00fcr einen Schulbau der Nachkriegszeit dar. Das Geb\u00e4ude wurde durchgehend bis 2008 als Schule bzw. P\u00e4dagogische Hochschule genutzt und beherbergt mehrere Klassenr\u00e4ume, Fest- und Turns\u00e4le. Seit 2008 steht das Geb\u00e4ude leer. F\u00fcr das Bauwerk ist eine ad\u00e4quate Nutzung gesucht. Wo n\u00f6tig, sollen denkmalpflegerisch vertr\u00e4gliche Ma\u00dfnahmen geplant werden, die den Bestand schonen und dennoch neue Funktionen zulassen.<\/p>\n<p><span><\/span><br \/>\n<span><\/span><\/p>\n<div class='titel'>Einleitung<\/div>\n<p><span><\/span><br \/>\n<a href='http:\/\/denkmalpflege.tuwien.ac.at\/wp-content\/uploads\/2018\/05\/WS17-Eisenstadt-1-Allgemein.pdf'> <strong> Allgemeines<\/strong><\/a><br \/>\n<span><\/span><br \/>\n<a href='http:\/\/denkmalpflege.tuwien.ac.at\/wp-content\/uploads\/2018\/05\/WS17-Eisenstadt-2-Vorwort.pdf'><strong> Vorwort <\/strong><\/a><br \/>\n<span><\/span><br \/>\n<a href=\"http:\/\/denkmalpflege.tuwien.ac.at\/wp-content\/uploads\/2018\/05\/WS17-Eisenstadt-3-Aufgabenstellung.pdf\"><strong> Aufgabenstellung <\/strong><\/a><br \/>\n<span><\/span><br \/>\n<a href='http:\/\/denkmalpflege.tuwien.ac.at\/wp-content\/uploads\/2018\/05\/WS17-Eisenstadt-4-Exkursion.pdf'><strong> Exkursion<\/strong><\/a><br \/>\n<span><\/span><\/p>\n<p><span><\/span><br \/>\n<span><\/span><br \/>\n<span><\/span><\/p>\n<div class='titel'>Projekte<\/div>\n<p><strong> <\/strong><\/p>\n<p><span><\/span><br \/>\n<a href='http:\/\/denkmalpflege.tuwien.ac.at\/wp-content\/uploads\/2018\/05\/WS17-Eisenstadt-5-1-Lieb-Braun.pdf'><strong>einer f\u00fcr alle(s)<\/strong> &#8211; Lieb | Braun <\/a><br \/>\n<span><\/span><br \/>\n<a href='http:\/\/denkmalpflege.tuwien.ac.at\/wp-content\/uploads\/2018\/05\/WS17-Eisenstadt-5-2-Schlager-Wallmeier.pdf'><strong>PANNONIA \u2013 Forschungszentrum Burgenland<\/strong> &#8211; Schlager | Wallmeier <\/a><br \/>\n<span><\/span><br \/>\n<a href='http:\/\/denkmalpflege.tuwien.ac.at\/wp-content\/uploads\/2018\/05\/WS17-Eisenstadt-5-3-Berger-Gebhardt.pdf'><strong> RESTART <\/strong> &#8211; Berger | Gebhardt <\/a><br \/>\n<span><\/span><br \/>\n<a href='http:\/\/denkmalpflege.tuwien.ac.at\/wp-content\/uploads\/2018\/05\/WS17-Eisenstadt-5-4-Vulic-Talker.pdf'><strong> <i>noch<\/i>weiterbilden <\/strong> &#8211; Vulic | Talker <\/a><br \/>\n<span><\/span><br \/>\n<a href='http:\/\/denkmalpflege.tuwien.ac.at\/wp-content\/uploads\/2018\/05\/WS17-Eisenstadt-5-5-Brettl-Westermayer.pdf'><strong> Weinkompetenzzentrum Eisenstadt <\/strong> &#8211; Brettl | Westermayer<\/a><br \/>\n<span><\/span><br \/>\n<a href='http:\/\/denkmalpflege.tuwien.ac.at\/wp-content\/uploads\/2018\/05\/WS17-Eisenstadt-5-6-Angerer-Feigl-Pauli.pdf'><strong>Re | Vital<\/strong> &#8211; Angerer | Feigl | Pauli <\/a><br \/>\n<span><\/span><br \/>\n<a href='http:\/\/denkmalpflege.tuwien.ac.at\/wp-content\/uploads\/2018\/05\/WS17-Eisenstadt-5-7-Aleksic-Wojciga.pdf'><strong> ACE \u2013 Art College Eisenstadt <\/strong> &#8211; Aleksic | Wojciga <\/a><br \/>\n<span><\/span><br \/>\n<a href='http:\/\/denkmalpflege.tuwien.ac.at\/wp-content\/uploads\/2018\/05\/WS17-Eisenstadt-5-8-Gratz-Miziolek-Somweber.pdf'><strong> Bildung mit Aussicht <\/strong> &#8211; Gratz | Miziolek | Somweber<\/a><br \/>\n<span><\/span><br \/>\n<span><\/span><\/p>\n","protected":false},"excerpt":{"rendered":"<p>Gro\u00dfes Entwerfen \u201cDenkmalpflege und Entwurf: Strategien der Erhaltung\u201d P\u00e4dAk des Burgenlandes F\u00fcr MasterstudentInnen Wintersemester 2017 Vortragende: Nott Caviezel, Agnes Liebsch, Stefan Tenhalter Inhalt der Lehrveranstaltung Jede Entwurfsarbeit am denkmalgesch\u00fctzten Objekt beansprucht spezifische Kenntnisse und erfordert dem Bestand angemessene Strategien. Die \u00dcbung bietet den Studierenden die Gelegenheit, sich mit den vielf\u00e4ltigen Erfordernissen zu befassen, denen man beim Erhalten, Restaurieren, Sanieren und Verwalten eines Denkmals oder bei Eingriffen in ein denkmalgesch\u00fctztes Ensemble<\/p>\n<div class=\"belowpost\"><a class=\"btnmore icon-arrow\" href=\"https:\/\/denkmalpflege.tuwien.ac.at\/index.php\/lehre-2\/lva-ws-1718\/eisenstadt\/\"><span>Read More<\/span><\/a><\/div>\n","protected":false},"author":1,"featured_media":0,"parent":12615,"menu_order":0,"comment_status":"closed","ping_status":"closed","template":"","meta":{"footnotes":""},"class_list":["post-13543","page","type-page","status-publish","hentry"],"yoast_head":"<!-- This site is optimized with the Yoast SEO plugin v26.0 - https:\/\/yoast.com\/wordpress\/plugins\/seo\/ -->\n<title>Eisenstadt ws 17 - Denkmalpflege und Bauen im Bestand<\/title>\n<meta name=\"robots\" content=\"index, follow, max-snippet:-1, max-image-preview:large, max-video-preview:-1\" \/>\n<link rel=\"canonical\" href=\"https:\/\/denkmalpflege.tuwien.ac.at\/index.php\/lehre-2\/lva-ws-1718\/eisenstadt\/\" \/>\n<meta property=\"og:locale\" content=\"de_DE\" \/>\n<meta property=\"og:type\" content=\"article\" \/>\n<meta property=\"og:title\" content=\"Eisenstadt ws 17 - Denkmalpflege und Bauen im Bestand\" \/>\n<meta property=\"og:description\" content=\"Gro\u00dfes Entwerfen \u201cDenkmalpflege und Entwurf: Strategien der Erhaltung\u201d P\u00e4dAk des Burgenlandes F\u00fcr MasterstudentInnen Wintersemester 2017 Vortragende: Nott Caviezel, Agnes Liebsch, Stefan Tenhalter Inhalt der Lehrveranstaltung Jede Entwurfsarbeit am denkmalgesch\u00fctzten Objekt beansprucht spezifische Kenntnisse und erfordert dem Bestand angemessene Strategien. Die \u00dcbung bietet den Studierenden die Gelegenheit, sich mit den vielf\u00e4ltigen Erfordernissen zu befassen, denen man beim Erhalten, Restaurieren, Sanieren und Verwalten eines Denkmals oder bei Eingriffen in ein denkmalgesch\u00fctztes EnsembleRead More\" \/>\n<meta property=\"og:url\" content=\"https:\/\/denkmalpflege.tuwien.ac.at\/index.php\/lehre-2\/lva-ws-1718\/eisenstadt\/\" \/>\n<meta property=\"og:site_name\" content=\"Denkmalpflege und Bauen im Bestand\" \/>\n<meta property=\"article:modified_time\" content=\"2024-12-10T14:39:18+00:00\" \/>\n<meta name=\"twitter:card\" content=\"summary_large_image\" \/>\n<meta name=\"twitter:label1\" content=\"Gesch\u00e4tzte Lesezeit\" \/>\n\t<meta name=\"twitter:data1\" content=\"1\u00a0Minute\" \/>\n<script type=\"application\/ld+json\" class=\"yoast-schema-graph\">{\"@context\":\"https:\/\/schema.org\",\"@graph\":[{\"@type\":\"WebPage\",\"@id\":\"https:\/\/denkmalpflege.tuwien.ac.at\/index.php\/lehre-2\/lva-ws-1718\/eisenstadt\/\",\"url\":\"https:\/\/denkmalpflege.tuwien.ac.at\/index.php\/lehre-2\/lva-ws-1718\/eisenstadt\/\",\"name\":\"Eisenstadt ws 17 - Denkmalpflege und Bauen im Bestand\",\"isPartOf\":{\"@id\":\"https:\/\/denkmalpflege.tuwien.ac.at\/#website\"},\"primaryImageOfPage\":{\"@id\":\"https:\/\/denkmalpflege.tuwien.ac.at\/index.php\/lehre-2\/lva-ws-1718\/eisenstadt\/#primaryimage\"},\"image\":{\"@id\":\"https:\/\/denkmalpflege.tuwien.ac.at\/index.php\/lehre-2\/lva-ws-1718\/eisenstadt\/#primaryimage\"},\"thumbnailUrl\":\"http:\/\/denkmalpflege.tuwien.ac.at\/wp-content\/uploads\/2017\/09\/EntwerfenEisenstadt.gif\",\"datePublished\":\"2018-05-16T09:39:59+00:00\",\"dateModified\":\"2024-12-10T14:39:18+00:00\",\"breadcrumb\":{\"@id\":\"https:\/\/denkmalpflege.tuwien.ac.at\/index.php\/lehre-2\/lva-ws-1718\/eisenstadt\/#breadcrumb\"},\"inLanguage\":\"de\",\"potentialAction\":[{\"@type\":\"ReadAction\",\"target\":[\"https:\/\/denkmalpflege.tuwien.ac.at\/index.php\/lehre-2\/lva-ws-1718\/eisenstadt\/\"]}]},{\"@type\":\"ImageObject\",\"inLanguage\":\"de\",\"@id\":\"https:\/\/denkmalpflege.tuwien.ac.at\/index.php\/lehre-2\/lva-ws-1718\/eisenstadt\/#primaryimage\",\"url\":\"\",\"contentUrl\":\"\"},{\"@type\":\"BreadcrumbList\",\"@id\":\"https:\/\/denkmalpflege.tuwien.ac.at\/index.php\/lehre-2\/lva-ws-1718\/eisenstadt\/#breadcrumb\",\"itemListElement\":[{\"@type\":\"ListItem\",\"position\":1,\"name\":\"Startseite\",\"item\":\"https:\/\/denkmalpflege.tuwien.ac.at\/\"},{\"@type\":\"ListItem\",\"position\":2,\"name\":\"Lehre\",\"item\":\"https:\/\/denkmalpflege.tuwien.ac.at\/index.php\/lehre-2\/\"},{\"@type\":\"ListItem\",\"position\":3,\"name\":\"LVA Wintersemester 2017\/2018\",\"item\":\"https:\/\/denkmalpflege.tuwien.ac.at\/index.php\/lehre-2\/lva-ws-1718\/\"},{\"@type\":\"ListItem\",\"position\":4,\"name\":\"Eisenstadt ws 17\"}]},{\"@type\":\"WebSite\",\"@id\":\"https:\/\/denkmalpflege.tuwien.ac.at\/#website\",\"url\":\"https:\/\/denkmalpflege.tuwien.ac.at\/\",\"name\":\"Denkmalpflege und Bauen im Bestand\",\"description\":\"Denkmalpflege TU Wien\",\"publisher\":{\"@id\":\"https:\/\/denkmalpflege.tuwien.ac.at\/#organization\"},\"potentialAction\":[{\"@type\":\"SearchAction\",\"target\":{\"@type\":\"EntryPoint\",\"urlTemplate\":\"https:\/\/denkmalpflege.tuwien.ac.at\/?s={search_term_string}\"},\"query-input\":{\"@type\":\"PropertyValueSpecification\",\"valueRequired\":true,\"valueName\":\"search_term_string\"}}],\"inLanguage\":\"de\"},{\"@type\":\"Organization\",\"@id\":\"https:\/\/denkmalpflege.tuwien.ac.at\/#organization\",\"name\":\"TU Wien Denkmalpflege und Bauen im Bestand\",\"url\":\"https:\/\/denkmalpflege.tuwien.ac.at\/\",\"logo\":{\"@type\":\"ImageObject\",\"inLanguage\":\"de\",\"@id\":\"https:\/\/denkmalpflege.tuwien.ac.at\/#\/schema\/logo\/image\/\",\"url\":\"https:\/\/denkmalpflege.tuwien.ac.at\/wp-content\/uploads\/2019\/10\/Logo1.png\",\"contentUrl\":\"https:\/\/denkmalpflege.tuwien.ac.at\/wp-content\/uploads\/2019\/10\/Logo1.png\",\"width\":222,\"height\":79,\"caption\":\"TU Wien Denkmalpflege und Bauen im Bestand\"},\"image\":{\"@id\":\"https:\/\/denkmalpflege.tuwien.ac.at\/#\/schema\/logo\/image\/\"}}]}<\/script>\n<!-- \/ Yoast SEO plugin. -->","yoast_head_json":{"title":"Eisenstadt ws 17 - Denkmalpflege und Bauen im Bestand","robots":{"index":"index","follow":"follow","max-snippet":"max-snippet:-1","max-image-preview":"max-image-preview:large","max-video-preview":"max-video-preview:-1"},"canonical":"https:\/\/denkmalpflege.tuwien.ac.at\/index.php\/lehre-2\/lva-ws-1718\/eisenstadt\/","og_locale":"de_DE","og_type":"article","og_title":"Eisenstadt ws 17 - Denkmalpflege und Bauen im Bestand","og_description":"Gro\u00dfes Entwerfen \u201cDenkmalpflege und Entwurf: Strategien der Erhaltung\u201d P\u00e4dAk des Burgenlandes F\u00fcr MasterstudentInnen Wintersemester 2017 Vortragende: Nott Caviezel, Agnes Liebsch, Stefan Tenhalter Inhalt der Lehrveranstaltung Jede Entwurfsarbeit am denkmalgesch\u00fctzten Objekt beansprucht spezifische Kenntnisse und erfordert dem Bestand angemessene Strategien. Die \u00dcbung bietet den Studierenden die Gelegenheit, sich mit den vielf\u00e4ltigen Erfordernissen zu befassen, denen man beim Erhalten, Restaurieren, Sanieren und Verwalten eines Denkmals oder bei Eingriffen in ein denkmalgesch\u00fctztes EnsembleRead More","og_url":"https:\/\/denkmalpflege.tuwien.ac.at\/index.php\/lehre-2\/lva-ws-1718\/eisenstadt\/","og_site_name":"Denkmalpflege und Bauen im Bestand","article_modified_time":"2024-12-10T14:39:18+00:00","twitter_card":"summary_large_image","twitter_misc":{"Gesch\u00e4tzte Lesezeit":"1\u00a0Minute"},"schema":{"@context":"https:\/\/schema.org","@graph":[{"@type":"WebPage","@id":"https:\/\/denkmalpflege.tuwien.ac.at\/index.php\/lehre-2\/lva-ws-1718\/eisenstadt\/","url":"https:\/\/denkmalpflege.tuwien.ac.at\/index.php\/lehre-2\/lva-ws-1718\/eisenstadt\/","name":"Eisenstadt ws 17 - Denkmalpflege und Bauen im Bestand","isPartOf":{"@id":"https:\/\/denkmalpflege.tuwien.ac.at\/#website"},"primaryImageOfPage":{"@id":"https:\/\/denkmalpflege.tuwien.ac.at\/index.php\/lehre-2\/lva-ws-1718\/eisenstadt\/#primaryimage"},"image":{"@id":"https:\/\/denkmalpflege.tuwien.ac.at\/index.php\/lehre-2\/lva-ws-1718\/eisenstadt\/#primaryimage"},"thumbnailUrl":"http:\/\/denkmalpflege.tuwien.ac.at\/wp-content\/uploads\/2017\/09\/EntwerfenEisenstadt.gif","datePublished":"2018-05-16T09:39:59+00:00","dateModified":"2024-12-10T14:39:18+00:00","breadcrumb":{"@id":"https:\/\/denkmalpflege.tuwien.ac.at\/index.php\/lehre-2\/lva-ws-1718\/eisenstadt\/#breadcrumb"},"inLanguage":"de","potentialAction":[{"@type":"ReadAction","target":["https:\/\/denkmalpflege.tuwien.ac.at\/index.php\/lehre-2\/lva-ws-1718\/eisenstadt\/"]}]},{"@type":"ImageObject","inLanguage":"de","@id":"https:\/\/denkmalpflege.tuwien.ac.at\/index.php\/lehre-2\/lva-ws-1718\/eisenstadt\/#primaryimage","url":"","contentUrl":""},{"@type":"BreadcrumbList","@id":"https:\/\/denkmalpflege.tuwien.ac.at\/index.php\/lehre-2\/lva-ws-1718\/eisenstadt\/#breadcrumb","itemListElement":[{"@type":"ListItem","position":1,"name":"Startseite","item":"https:\/\/denkmalpflege.tuwien.ac.at\/"},{"@type":"ListItem","position":2,"name":"Lehre","item":"https:\/\/denkmalpflege.tuwien.ac.at\/index.php\/lehre-2\/"},{"@type":"ListItem","position":3,"name":"LVA Wintersemester 2017\/2018","item":"https:\/\/denkmalpflege.tuwien.ac.at\/index.php\/lehre-2\/lva-ws-1718\/"},{"@type":"ListItem","position":4,"name":"Eisenstadt ws 17"}]},{"@type":"WebSite","@id":"https:\/\/denkmalpflege.tuwien.ac.at\/#website","url":"https:\/\/denkmalpflege.tuwien.ac.at\/","name":"Denkmalpflege und Bauen im Bestand","description":"Denkmalpflege TU Wien","publisher":{"@id":"https:\/\/denkmalpflege.tuwien.ac.at\/#organization"},"potentialAction":[{"@type":"SearchAction","target":{"@type":"EntryPoint","urlTemplate":"https:\/\/denkmalpflege.tuwien.ac.at\/?s={search_term_string}"},"query-input":{"@type":"PropertyValueSpecification","valueRequired":true,"valueName":"search_term_string"}}],"inLanguage":"de"},{"@type":"Organization","@id":"https:\/\/denkmalpflege.tuwien.ac.at\/#organization","name":"TU Wien Denkmalpflege und Bauen im Bestand","url":"https:\/\/denkmalpflege.tuwien.ac.at\/","logo":{"@type":"ImageObject","inLanguage":"de","@id":"https:\/\/denkmalpflege.tuwien.ac.at\/#\/schema\/logo\/image\/","url":"https:\/\/denkmalpflege.tuwien.ac.at\/wp-content\/uploads\/2019\/10\/Logo1.png","contentUrl":"https:\/\/denkmalpflege.tuwien.ac.at\/wp-content\/uploads\/2019\/10\/Logo1.png","width":222,"height":79,"caption":"TU Wien Denkmalpflege und Bauen im Bestand"},"image":{"@id":"https:\/\/denkmalpflege.tuwien.ac.at\/#\/schema\/logo\/image\/"}}]}},"_links":{"self":[{"href":"https:\/\/denkmalpflege.tuwien.ac.at\/index.php\/wp-json\/wp\/v2\/pages\/13543","targetHints":{"allow":["GET"]}}],"collection":[{"href":"https:\/\/denkmalpflege.tuwien.ac.at\/index.php\/wp-json\/wp\/v2\/pages"}],"about":[{"href":"https:\/\/denkmalpflege.tuwien.ac.at\/index.php\/wp-json\/wp\/v2\/types\/page"}],"author":[{"embeddable":true,"href":"https:\/\/denkmalpflege.tuwien.ac.at\/index.php\/wp-json\/wp\/v2\/users\/1"}],"replies":[{"embeddable":true,"href":"https:\/\/denkmalpflege.tuwien.ac.at\/index.php\/wp-json\/wp\/v2\/comments?post=13543"}],"version-history":[{"count":11,"href":"https:\/\/denkmalpflege.tuwien.ac.at\/index.php\/wp-json\/wp\/v2\/pages\/13543\/revisions"}],"predecessor-version":[{"id":32703,"href":"https:\/\/denkmalpflege.tuwien.ac.at\/index.php\/wp-json\/wp\/v2\/pages\/13543\/revisions\/32703"}],"up":[{"embeddable":true,"href":"https:\/\/denkmalpflege.tuwien.ac.at\/index.php\/wp-json\/wp\/v2\/pages\/12615"}],"wp:attachment":[{"href":"https:\/\/denkmalpflege.tuwien.ac.at\/index.php\/wp-json\/wp\/v2\/media?parent=13543"}],"curies":[{"name":"wp","href":"https:\/\/api.w.org\/{rel}","templated":true}]}}