{"id":13298,"date":"2018-02-19T13:00:19","date_gmt":"2018-02-19T12:00:19","guid":{"rendered":"http:\/\/denkmalpflege.tuwien.ac.at\/?page_id=13298"},"modified":"2018-02-19T13:00:19","modified_gmt":"2018-02-19T12:00:19","slug":"linzer-2","status":"publish","type":"page","link":"https:\/\/denkmalpflege.tuwien.ac.at\/index.php\/linzer-2\/","title":{"rendered":"LINZER"},"content":{"rendered":"<div class='mitarbeiter'>\n<div class='grey'>\n<p><b>DIE LINZER EISENBAHNBR\u00dcCKE \u2013 TECHNISCHES DENKMAL<\/b><\/p>\n<div class='breakline'><\/div>\n<\/div>\n<div class='greyfield'>\nDas Forschungs- und Publikationsvorhaben verfolgte eine seri\u00f6se Erforschung der Bau- und Kulturgeschichte der als technisches Denkmal gesch\u00fctzten Linzer Eisenbahnbr\u00fccke, deren weiterer Erhalt von der sozialdemokratischen Stadtregierung abgelehnt wurde.<\/p>\n<div class='breakline'><\/div>\n<\/div>\n<p><strong>Auftraggeber\/Anlass:<\/strong><br \/>\nOber\u00f6sterreichisches Landesmuseum Linz<\/p>\n<p><strong>Projektleitung:<\/strong><br \/>\nMag. Ute Streitt (Ober\u00f6sterreichisches Landesmuseum Linz), Ao. Univ. Prof. Gerhard A. Stadler (Technische Universit\u00e4t Wien), Dr. Elisabeth Schiller (Linz)<\/p>\n<p><strong>Mitarbeiter und Mitarbeiterinnen:<\/strong><br \/>\nDoz. Ing. Dipl. Wirtsch. Ing. Christian Hajicek (Wirtschaftsf\u00f6rderungsinstitut Linz), Mag. Andreas Hamedinger (Linz), Dipl. Ing. Rolf H\u00f6hmann (B\u00fcro f\u00fcr Industriearch\u00e4ologie, Darmstadt), emerit. Univ. Prof. Dipl. Ing. Hermann Knoflacher (Technische Universit\u00e4t Wien), Dr. Helmut Lackner (Technisches Museum Wien), Univ. Prof. Dr. Wilfried Lipp (Universit\u00e4t Salzburg), o. Univ. Prof. Dr. Wilfried Posch (Universit\u00e4t f\u00fcr k\u00fcnstlerische Gestaltung Linz), Christian Reisinger (Metallwerkstatt C. Reisinger, Schwertberg), o. Univ. Prof. Dr. Christian Rohr (Universit\u00e4t Bern), Michael Sengstschmid (Ober\u00f6sterreichisches Landesmuseum Linz)<\/p>\n<p><strong>Projektzeitraum:<\/strong><br \/>\n2010 \u2013 2015<\/p>\n<p><strong>Ergebnisse:<\/strong><br \/>\nRolf H\u00f6hmann: Denkmalpflegerisches Gutachten zur Erhaltung der Eisenbahnbr\u00fccke Linz, erarbeitet im Auftrag des \u00f6sterreichischen Bundesdenkmalamtes. Darmstadt 2010<br \/>\nProjektgruppe \u201eLinz Eisenbahnbr\u00fccke\u201c: Eisenbahnbr\u00fccke Linz. Studie im Rahmen des Industriearch\u00e4ologischen Praktikums am Institut f\u00fcr Kunstgeschichte, Bauforschung und Denkmalpflege der Technischen Universit\u00e4t Wien 2010<br \/>\nInformationsabend zur Linzer Eisenbahnbr\u00fccke im Schlossmuseum Linz, 16. September 2010<br \/>\nGerhard A. Stadler: Die Linzer Eisenbahnbr\u00fccke \u2013 Geschichte und Gegenwart (Impulsreferat)<br \/>\nHelmut Lackner, Hermann Knoflacher, Gerhard A. Stadler, Ute Streitt: Kurzstatements und Podiumsdiskussion<br \/>\nInnovationsecke in der Ausstellung \u201eTechnik Ober\u00f6sterreich\u201c zum Thema der Linzer Eisenbahnbr\u00fccke im Ober\u00f6sterreichischen Landesmuseum \/ Schlossmuseum Linz<br \/>\nBirgit Schober-Pointinger: Die Linzer Eisenbahnbr\u00fccke. Denkmal aus einer bewegten Zeit. Semesterarbeit Baukonstruktion und Bauform, o.O. o.J.<br \/>\nVolker Raus: 5.000 Unterst\u00fctzerInnen f\u00fcr den Erhalt der Linzer Eisenbahnbr\u00fccke. In: Denkma[i]l. Nachrichten der Initiative Denkmalschutz, Nr. 13 (2013), S. 41<br \/>\nGerhard A. Stadler: Die Linzer Eisenbahnbr\u00fccke, Zeugnis der Ingenieurbaukunst. In: Denkma[i]l. Nachrichten der Initiative Denkmalschutz, Nr. 13 (2013), S. 42\u201343<br \/>\nDenkmalbeirat beim Bundesdenkmalamt: Stellungnahme zum Antrag der \u00d6BB auf Bewilligung der Zerst\u00f6rung oder Ver\u00e4nderung der Eisenbahn- und Stra\u00dfenbr\u00fccke \u00fcber die Donau in Linz gem\u00e4\u00df \u00a7 5 DMSG. In: Denkmalbeirat beim Bundesdenkmalamt: T\u00e4tigkeitsbericht des Denkmalbeirates f\u00fcr das Jahr 2013. Wien 2013, S. 1\u201366<br \/>\nWilfried Posch: Anmerkungen zur Linzer Eisenbahn- und Stra\u00dfenbr\u00fccke. In: Mitteilungen der Gesellschaft f\u00fcr Landeskunde und Denkmalpflege Ober\u00f6sterreich, 44. Jg. (2014), Heft 2, S. 7 f.<br \/>\nRuhrgebiet Ingenieure (Gehrke \/ Neumann \/ Schmitz) \u2013 HEG Beratende Ingenieure GmbH (Martin Gersiek \/ Christoph Driller): Donaubr\u00fccke Linz. Gutachten zur Kostenberechnung. Hagen \u2013 Dortmund 2013<br \/>\nGerhard A. Stadler: Letter of Endorsement an den World Monuments Fund. [ICOMOS] Wien, im M\u00e4rz 2015<br \/>\nMichael Sengstschmid: Die Linzer Eisenbahnbr\u00fccke. Seminararbeit zum Kurs Erinnerungsorte am Institut f\u00fcr Sozial- und Wirtschaftsgeschichte der Johannes Kepler-Universit\u00e4t Linz 2015<br \/>\nErhard Kargel: Die Linzer Eisenbahnbr\u00fccke \u2013 Der Stand der Dinge. In: Denkma[i]l. Nachrichten der Initiative Denkmalschutz, Nr. 19 (2015), S. 17<br \/>\nUte Streitt, Gerhard A. Stadler, Elisabeth Schiller (Hg.): Die Linzer Eisenbahnbr\u00fccke. Von der Neuen Br\u00fccke zur Alten Dame (Studien zur Kulturgeschichte in Ober\u00f6sterreich 35). Linz \u2013 Weitra 2016<br \/>\nUte Streitt, Gerhard A. Stadler, Elisabeth Schiller, Michael Sengstschmid: Die Linzer Eisenbahnbr\u00fccke 1900 bis 2016. Eine Chronik in Bildern und Texten. Linz \u2013 Weitra 2017<\/p>\n<p><strong>Finanzierung:<\/strong><br \/>\nOber\u00f6sterreichische Landesmuseen<\/p>\n","protected":false},"excerpt":{"rendered":"<p>DIE LINZER EISENBAHNBR\u00dcCKE \u2013 TECHNISCHES DENKMAL Das Forschungs- und Publikationsvorhaben verfolgte eine seri\u00f6se Erforschung der Bau- und Kulturgeschichte der als technisches Denkmal gesch\u00fctzten Linzer Eisenbahnbr\u00fccke, deren weiterer Erhalt von der sozialdemokratischen Stadtregierung abgelehnt wurde. Auftraggeber\/Anlass: Ober\u00f6sterreichisches Landesmuseum Linz Projektleitung: Mag. Ute Streitt (Ober\u00f6sterreichisches Landesmuseum Linz), Ao. Univ. Prof. Gerhard A. Stadler (Technische Universit\u00e4t Wien), Dr. Elisabeth Schiller (Linz) Mitarbeiter und Mitarbeiterinnen: Doz. Ing. Dipl. Wirtsch. Ing. Christian Hajicek (Wirtschaftsf\u00f6rderungsinstitut Linz),<\/p>\n<div class=\"belowpost\"><a class=\"btnmore icon-arrow\" href=\"https:\/\/denkmalpflege.tuwien.ac.at\/index.php\/linzer-2\/\"><span>Read More<\/span><\/a><\/div>\n","protected":false},"author":1,"featured_media":0,"parent":0,"menu_order":0,"comment_status":"closed","ping_status":"closed","template":"","meta":{"footnotes":""},"class_list":["post-13298","page","type-page","status-publish","hentry"],"yoast_head":"<!-- This site is optimized with the Yoast SEO plugin v26.0 - https:\/\/yoast.com\/wordpress\/plugins\/seo\/ -->\n<title>LINZER - Denkmalpflege und Bauen im Bestand<\/title>\n<meta name=\"robots\" content=\"index, follow, max-snippet:-1, max-image-preview:large, max-video-preview:-1\" \/>\n<link rel=\"canonical\" href=\"https:\/\/denkmalpflege.tuwien.ac.at\/index.php\/linzer-2\/\" \/>\n<meta property=\"og:locale\" content=\"de_DE\" \/>\n<meta property=\"og:type\" content=\"article\" \/>\n<meta property=\"og:title\" content=\"LINZER - Denkmalpflege und Bauen im Bestand\" \/>\n<meta property=\"og:description\" content=\"DIE LINZER EISENBAHNBR\u00dcCKE \u2013 TECHNISCHES DENKMAL Das Forschungs- und Publikationsvorhaben verfolgte eine seri\u00f6se Erforschung der Bau- und Kulturgeschichte der als technisches Denkmal gesch\u00fctzten Linzer Eisenbahnbr\u00fccke, deren weiterer Erhalt von der sozialdemokratischen Stadtregierung abgelehnt wurde. Auftraggeber\/Anlass: Ober\u00f6sterreichisches Landesmuseum Linz Projektleitung: Mag. Ute Streitt (Ober\u00f6sterreichisches Landesmuseum Linz), Ao. Univ. Prof. Gerhard A. Stadler (Technische Universit\u00e4t Wien), Dr. Elisabeth Schiller (Linz) Mitarbeiter und Mitarbeiterinnen: Doz. Ing. Dipl. Wirtsch. Ing. Christian Hajicek (Wirtschaftsf\u00f6rderungsinstitut Linz),Read More\" \/>\n<meta property=\"og:url\" content=\"https:\/\/denkmalpflege.tuwien.ac.at\/index.php\/linzer-2\/\" \/>\n<meta property=\"og:site_name\" content=\"Denkmalpflege und Bauen im Bestand\" \/>\n<meta name=\"twitter:card\" content=\"summary_large_image\" \/>\n<meta name=\"twitter:label1\" content=\"Gesch\u00e4tzte Lesezeit\" \/>\n\t<meta name=\"twitter:data1\" content=\"3\u00a0Minuten\" \/>\n<script type=\"application\/ld+json\" class=\"yoast-schema-graph\">{\"@context\":\"https:\/\/schema.org\",\"@graph\":[{\"@type\":\"WebPage\",\"@id\":\"https:\/\/denkmalpflege.tuwien.ac.at\/index.php\/linzer-2\/\",\"url\":\"https:\/\/denkmalpflege.tuwien.ac.at\/index.php\/linzer-2\/\",\"name\":\"LINZER - Denkmalpflege und Bauen im Bestand\",\"isPartOf\":{\"@id\":\"https:\/\/denkmalpflege.tuwien.ac.at\/#website\"},\"datePublished\":\"2018-02-19T12:00:19+00:00\",\"breadcrumb\":{\"@id\":\"https:\/\/denkmalpflege.tuwien.ac.at\/index.php\/linzer-2\/#breadcrumb\"},\"inLanguage\":\"de\",\"potentialAction\":[{\"@type\":\"ReadAction\",\"target\":[\"https:\/\/denkmalpflege.tuwien.ac.at\/index.php\/linzer-2\/\"]}]},{\"@type\":\"BreadcrumbList\",\"@id\":\"https:\/\/denkmalpflege.tuwien.ac.at\/index.php\/linzer-2\/#breadcrumb\",\"itemListElement\":[{\"@type\":\"ListItem\",\"position\":1,\"name\":\"Startseite\",\"item\":\"https:\/\/denkmalpflege.tuwien.ac.at\/\"},{\"@type\":\"ListItem\",\"position\":2,\"name\":\"LINZER\"}]},{\"@type\":\"WebSite\",\"@id\":\"https:\/\/denkmalpflege.tuwien.ac.at\/#website\",\"url\":\"https:\/\/denkmalpflege.tuwien.ac.at\/\",\"name\":\"Denkmalpflege und Bauen im Bestand\",\"description\":\"Denkmalpflege TU Wien\",\"publisher\":{\"@id\":\"https:\/\/denkmalpflege.tuwien.ac.at\/#organization\"},\"potentialAction\":[{\"@type\":\"SearchAction\",\"target\":{\"@type\":\"EntryPoint\",\"urlTemplate\":\"https:\/\/denkmalpflege.tuwien.ac.at\/?s={search_term_string}\"},\"query-input\":{\"@type\":\"PropertyValueSpecification\",\"valueRequired\":true,\"valueName\":\"search_term_string\"}}],\"inLanguage\":\"de\"},{\"@type\":\"Organization\",\"@id\":\"https:\/\/denkmalpflege.tuwien.ac.at\/#organization\",\"name\":\"TU Wien Denkmalpflege und Bauen im Bestand\",\"url\":\"https:\/\/denkmalpflege.tuwien.ac.at\/\",\"logo\":{\"@type\":\"ImageObject\",\"inLanguage\":\"de\",\"@id\":\"https:\/\/denkmalpflege.tuwien.ac.at\/#\/schema\/logo\/image\/\",\"url\":\"https:\/\/denkmalpflege.tuwien.ac.at\/wp-content\/uploads\/2019\/10\/Logo1.png\",\"contentUrl\":\"https:\/\/denkmalpflege.tuwien.ac.at\/wp-content\/uploads\/2019\/10\/Logo1.png\",\"width\":222,\"height\":79,\"caption\":\"TU Wien Denkmalpflege und Bauen im Bestand\"},\"image\":{\"@id\":\"https:\/\/denkmalpflege.tuwien.ac.at\/#\/schema\/logo\/image\/\"}}]}<\/script>\n<!-- \/ Yoast SEO plugin. -->","yoast_head_json":{"title":"LINZER - Denkmalpflege und Bauen im Bestand","robots":{"index":"index","follow":"follow","max-snippet":"max-snippet:-1","max-image-preview":"max-image-preview:large","max-video-preview":"max-video-preview:-1"},"canonical":"https:\/\/denkmalpflege.tuwien.ac.at\/index.php\/linzer-2\/","og_locale":"de_DE","og_type":"article","og_title":"LINZER - Denkmalpflege und Bauen im Bestand","og_description":"DIE LINZER EISENBAHNBR\u00dcCKE \u2013 TECHNISCHES DENKMAL Das Forschungs- und Publikationsvorhaben verfolgte eine seri\u00f6se Erforschung der Bau- und Kulturgeschichte der als technisches Denkmal gesch\u00fctzten Linzer Eisenbahnbr\u00fccke, deren weiterer Erhalt von der sozialdemokratischen Stadtregierung abgelehnt wurde. Auftraggeber\/Anlass: Ober\u00f6sterreichisches Landesmuseum Linz Projektleitung: Mag. Ute Streitt (Ober\u00f6sterreichisches Landesmuseum Linz), Ao. Univ. Prof. Gerhard A. Stadler (Technische Universit\u00e4t Wien), Dr. Elisabeth Schiller (Linz) Mitarbeiter und Mitarbeiterinnen: Doz. Ing. Dipl. Wirtsch. Ing. Christian Hajicek (Wirtschaftsf\u00f6rderungsinstitut Linz),Read More","og_url":"https:\/\/denkmalpflege.tuwien.ac.at\/index.php\/linzer-2\/","og_site_name":"Denkmalpflege und Bauen im Bestand","twitter_card":"summary_large_image","twitter_misc":{"Gesch\u00e4tzte Lesezeit":"3\u00a0Minuten"},"schema":{"@context":"https:\/\/schema.org","@graph":[{"@type":"WebPage","@id":"https:\/\/denkmalpflege.tuwien.ac.at\/index.php\/linzer-2\/","url":"https:\/\/denkmalpflege.tuwien.ac.at\/index.php\/linzer-2\/","name":"LINZER - Denkmalpflege und Bauen im Bestand","isPartOf":{"@id":"https:\/\/denkmalpflege.tuwien.ac.at\/#website"},"datePublished":"2018-02-19T12:00:19+00:00","breadcrumb":{"@id":"https:\/\/denkmalpflege.tuwien.ac.at\/index.php\/linzer-2\/#breadcrumb"},"inLanguage":"de","potentialAction":[{"@type":"ReadAction","target":["https:\/\/denkmalpflege.tuwien.ac.at\/index.php\/linzer-2\/"]}]},{"@type":"BreadcrumbList","@id":"https:\/\/denkmalpflege.tuwien.ac.at\/index.php\/linzer-2\/#breadcrumb","itemListElement":[{"@type":"ListItem","position":1,"name":"Startseite","item":"https:\/\/denkmalpflege.tuwien.ac.at\/"},{"@type":"ListItem","position":2,"name":"LINZER"}]},{"@type":"WebSite","@id":"https:\/\/denkmalpflege.tuwien.ac.at\/#website","url":"https:\/\/denkmalpflege.tuwien.ac.at\/","name":"Denkmalpflege und Bauen im Bestand","description":"Denkmalpflege TU Wien","publisher":{"@id":"https:\/\/denkmalpflege.tuwien.ac.at\/#organization"},"potentialAction":[{"@type":"SearchAction","target":{"@type":"EntryPoint","urlTemplate":"https:\/\/denkmalpflege.tuwien.ac.at\/?s={search_term_string}"},"query-input":{"@type":"PropertyValueSpecification","valueRequired":true,"valueName":"search_term_string"}}],"inLanguage":"de"},{"@type":"Organization","@id":"https:\/\/denkmalpflege.tuwien.ac.at\/#organization","name":"TU Wien Denkmalpflege und Bauen im Bestand","url":"https:\/\/denkmalpflege.tuwien.ac.at\/","logo":{"@type":"ImageObject","inLanguage":"de","@id":"https:\/\/denkmalpflege.tuwien.ac.at\/#\/schema\/logo\/image\/","url":"https:\/\/denkmalpflege.tuwien.ac.at\/wp-content\/uploads\/2019\/10\/Logo1.png","contentUrl":"https:\/\/denkmalpflege.tuwien.ac.at\/wp-content\/uploads\/2019\/10\/Logo1.png","width":222,"height":79,"caption":"TU Wien Denkmalpflege und Bauen im Bestand"},"image":{"@id":"https:\/\/denkmalpflege.tuwien.ac.at\/#\/schema\/logo\/image\/"}}]}},"_links":{"self":[{"href":"https:\/\/denkmalpflege.tuwien.ac.at\/index.php\/wp-json\/wp\/v2\/pages\/13298","targetHints":{"allow":["GET"]}}],"collection":[{"href":"https:\/\/denkmalpflege.tuwien.ac.at\/index.php\/wp-json\/wp\/v2\/pages"}],"about":[{"href":"https:\/\/denkmalpflege.tuwien.ac.at\/index.php\/wp-json\/wp\/v2\/types\/page"}],"author":[{"embeddable":true,"href":"https:\/\/denkmalpflege.tuwien.ac.at\/index.php\/wp-json\/wp\/v2\/users\/1"}],"replies":[{"embeddable":true,"href":"https:\/\/denkmalpflege.tuwien.ac.at\/index.php\/wp-json\/wp\/v2\/comments?post=13298"}],"version-history":[{"count":1,"href":"https:\/\/denkmalpflege.tuwien.ac.at\/index.php\/wp-json\/wp\/v2\/pages\/13298\/revisions"}],"predecessor-version":[{"id":13299,"href":"https:\/\/denkmalpflege.tuwien.ac.at\/index.php\/wp-json\/wp\/v2\/pages\/13298\/revisions\/13299"}],"wp:attachment":[{"href":"https:\/\/denkmalpflege.tuwien.ac.at\/index.php\/wp-json\/wp\/v2\/media?parent=13298"}],"curies":[{"name":"wp","href":"https:\/\/api.w.org\/{rel}","templated":true}]}}