{"id":13291,"date":"2018-02-19T12:43:49","date_gmt":"2018-02-19T11:43:49","guid":{"rendered":"http:\/\/denkmalpflege.tuwien.ac.at\/?page_id=13291"},"modified":"2023-10-22T12:40:15","modified_gmt":"2023-10-22T10:40:15","slug":"zaya","status":"publish","type":"page","link":"https:\/\/denkmalpflege.tuwien.ac.at\/index.php\/zaya\/","title":{"rendered":"ZAYA"},"content":{"rendered":"\t\t<div data-elementor-type=\"wp-page\" data-elementor-id=\"13291\" class=\"elementor elementor-13291\" data-elementor-post-type=\"page\">\n\t\t\t\t\t\t<section class=\"elementor-section elementor-top-section elementor-element elementor-element-5e6ffe86 elementor-section-full_width elementor-section-height-default elementor-section-height-default\" data-id=\"5e6ffe86\" data-element_type=\"section\">\n\t\t\t\t\t\t<div class=\"elementor-container elementor-column-gap-default\">\n\t\t\t\t\t<div class=\"elementor-column elementor-col-100 elementor-top-column elementor-element elementor-element-4660524c\" data-id=\"4660524c\" data-element_type=\"column\">\n\t\t\t<div class=\"elementor-widget-wrap elementor-element-populated\">\n\t\t\t\t\t\t<div class=\"elementor-element elementor-element-1483d445 lva_h2 elementor-widget elementor-widget-heading\" data-id=\"1483d445\" data-element_type=\"widget\" data-widget_type=\"heading.default\">\n\t\t\t\t<div class=\"elementor-widget-container\">\n\t\t\t\t\t<h2 class=\"elementor-heading-title elementor-size-default\">DIE M\u00dcHLEN AN DER ZAYA \u2013 EINE STANDORTANALYSE<\/h2>\t\t\t\t<\/div>\n\t\t\t\t<\/div>\n\t\t\t\t\t<\/div>\n\t\t<\/div>\n\t\t\t\t\t<\/div>\n\t\t<\/section>\n\t\t\t\t<section class=\"elementor-section elementor-top-section elementor-element elementor-element-6f90c653 elementor-section-full_width elementor-section-height-default elementor-section-height-default\" data-id=\"6f90c653\" data-element_type=\"section\">\n\t\t\t\t\t\t<div class=\"elementor-container elementor-column-gap-default\">\n\t\t\t\t\t<div class=\"elementor-column elementor-col-100 elementor-top-column elementor-element elementor-element-3a056d11\" data-id=\"3a056d11\" data-element_type=\"column\">\n\t\t\t<div class=\"elementor-widget-wrap elementor-element-populated\">\n\t\t\t\t\t\t<div class=\"elementor-element elementor-element-445df0ac elementor-widget elementor-widget-text-editor\" data-id=\"445df0ac\" data-element_type=\"widget\" data-widget_type=\"text-editor.default\">\n\t\t\t\t<div class=\"elementor-widget-container\">\n\t\t\t\t\t\t\t\t\t<p>Das Forschungsprojekt zielte auf eine standardisierte Dokumentation und Inventarisation der Wasserm\u00fchlen im Zayatal unter besonderer Ber\u00fccksichtigung ihrer historisch bedeutenden Bausubstanz sowie der gegebenenfalls noch vorhandenen technisch-maschinellen Ausstattung mit Antriebsmotoren und M\u00fcllereimaschinen. Die Auswertung historischer Kartenwerke, die Interpretation von archivalischen Dokumenten wie auch die bauhistorischen Befundungen an den jeweiligen Standorten im Rahmen umfangreicher Feldstudien bildeten die wesentlichen Grundlagen der Dokumentation.<\/p><p><strong>Auftraggeber:<\/strong><br \/>\u00d6sterreichische Gesellschaft der M\u00fchlenfreunde<br \/>Als Anlass der Forschungsstudie gilt in erster Linie die Konstituierung der \u00d6sterreichischen Gesellschaft der M\u00fchlenfreunde. Der l\u00e4ngst \u00fcberf\u00e4llige Zusammenschluss von M\u00fchlenforschern, M\u00fchlenbesitzern, interessierten Laien und Experten in einem Verein startete mit verschiedenen Initiativen, die auf den historisch bedeutenden Bestand wie auch auf die kulturgeschichtliche Stellung der M\u00fchlen aufmerksam zu machen versuchten.<\/p><p><strong>Projektleitung:<\/strong><br \/>Ao. Univ. Prof. Dr. phil. Gerhard A. Stadler und Univ.-Ass. Dipl. Ing. Dr. techn. Gerold E\u00dfer (Technische Universit\u00e4t Wien)<\/p><p><strong>Mitarbeiter und Mitarbeiterinnen:<\/strong><br \/>cand. arch. Doris Berl, cand. arch. Dmitri Egorov, cand. arch. Celine Klipfel, Jelena Madzaric, Suchon Mallikarmal, Arch. Dipl. Ing. Mirela Weber-Andre\u015fcov (alle Technische Universit\u00e4t Wien), Stefy Popovici, Ana Lutghart Tincu, Petre Tiberius Trifan, (alle Universit\u00e4t f\u00fcr Architektur und Stadtplanung Ion Mincu, Bukarest)<\/p><p><strong>Projektzeitraum:<\/strong><br \/>2012 \u2013 2014<\/p><p><strong>Ergebnisse:<\/strong><br \/>Gerold E\u00dfer, Gerhard A. Stadler: Dokumentation der M\u00fchlen im Zayatal. In: M\u00fchlenbrief (Mitteilungen der \u00d6sterreichischen Gesellschaft der M\u00fchlenfreunde) Nr. 9 (J\u00e4nner 2014), S. 2\u20135<br \/>Gerold E\u00dfer, Gerhard A. Stadler: Dokumentation der M\u00fchlen im Zayatal. Eine Inventarisation historischer M\u00fchlenstandorte, Wien (Selbstverlag) 2014<br \/>Alte M\u00fchlen \u2013 Neue Wege. Erstes \u00f6sterreichisches Symposium \u00fcber die Revitalisierung historischer M\u00fchlen, Wien, 11. Oktober 2014<\/p><p><strong>Finanzierung\/ Sachleistung:<\/strong><br \/>\u00d6sterreichische Gesellschaft der M\u00fchlenfreunde \/ Technische Universit\u00e4t Wien<\/p>\t\t\t\t\t\t\t\t<\/div>\n\t\t\t\t<\/div>\n\t\t\t\t\t<\/div>\n\t\t<\/div>\n\t\t\t\t\t<\/div>\n\t\t<\/section>\n\t\t\t\t<\/div>\n\t\t","protected":false},"excerpt":{"rendered":"<p>DIE M\u00dcHLEN AN DER ZAYA \u2013 EINE STANDORTANALYSE Das Forschungsprojekt zielte auf eine standardisierte Dokumentation und Inventarisation der Wasserm\u00fchlen im Zayatal unter besonderer Ber\u00fccksichtigung ihrer historisch bedeutenden Bausubstanz sowie der gegebenenfalls noch vorhandenen technisch-maschinellen Ausstattung mit Antriebsmotoren und M\u00fcllereimaschinen. Die Auswertung historischer Kartenwerke, die Interpretation von archivalischen Dokumenten wie auch die bauhistorischen Befundungen an den jeweiligen Standorten im Rahmen umfangreicher Feldstudien bildeten die wesentlichen Grundlagen der Dokumentation. Auftraggeber:\u00d6sterreichische Gesellschaft der<\/p>\n<div class=\"belowpost\"><a class=\"btnmore icon-arrow\" href=\"https:\/\/denkmalpflege.tuwien.ac.at\/index.php\/zaya\/\"><span>Read More<\/span><\/a><\/div>\n","protected":false},"author":1,"featured_media":0,"parent":0,"menu_order":0,"comment_status":"closed","ping_status":"closed","template":"","meta":{"footnotes":""},"class_list":["post-13291","page","type-page","status-publish","hentry"],"yoast_head":"<!-- This site is optimized with the Yoast SEO plugin v26.0 - https:\/\/yoast.com\/wordpress\/plugins\/seo\/ -->\n<title>ZAYA - Denkmalpflege und Bauen im Bestand<\/title>\n<meta name=\"robots\" content=\"index, follow, max-snippet:-1, max-image-preview:large, max-video-preview:-1\" \/>\n<link rel=\"canonical\" href=\"https:\/\/denkmalpflege.tuwien.ac.at\/index.php\/zaya\/\" \/>\n<meta property=\"og:locale\" content=\"de_DE\" \/>\n<meta property=\"og:type\" content=\"article\" \/>\n<meta property=\"og:title\" content=\"ZAYA - Denkmalpflege und Bauen im Bestand\" \/>\n<meta property=\"og:description\" content=\"DIE M\u00dcHLEN AN DER ZAYA \u2013 EINE STANDORTANALYSE Das Forschungsprojekt zielte auf eine standardisierte Dokumentation und Inventarisation der Wasserm\u00fchlen im Zayatal unter besonderer Ber\u00fccksichtigung ihrer historisch bedeutenden Bausubstanz sowie der gegebenenfalls noch vorhandenen technisch-maschinellen Ausstattung mit Antriebsmotoren und M\u00fcllereimaschinen. Die Auswertung historischer Kartenwerke, die Interpretation von archivalischen Dokumenten wie auch die bauhistorischen Befundungen an den jeweiligen Standorten im Rahmen umfangreicher Feldstudien bildeten die wesentlichen Grundlagen der Dokumentation. Auftraggeber:\u00d6sterreichische Gesellschaft derRead More\" \/>\n<meta property=\"og:url\" content=\"https:\/\/denkmalpflege.tuwien.ac.at\/index.php\/zaya\/\" \/>\n<meta property=\"og:site_name\" content=\"Denkmalpflege und Bauen im Bestand\" \/>\n<meta property=\"article:modified_time\" content=\"2023-10-22T10:40:15+00:00\" \/>\n<meta name=\"twitter:card\" content=\"summary_large_image\" \/>\n<meta name=\"twitter:label1\" content=\"Gesch\u00e4tzte Lesezeit\" \/>\n\t<meta name=\"twitter:data1\" content=\"1\u00a0Minute\" \/>\n<script type=\"application\/ld+json\" class=\"yoast-schema-graph\">{\"@context\":\"https:\/\/schema.org\",\"@graph\":[{\"@type\":\"WebPage\",\"@id\":\"https:\/\/denkmalpflege.tuwien.ac.at\/index.php\/zaya\/\",\"url\":\"https:\/\/denkmalpflege.tuwien.ac.at\/index.php\/zaya\/\",\"name\":\"ZAYA - Denkmalpflege und Bauen im Bestand\",\"isPartOf\":{\"@id\":\"https:\/\/denkmalpflege.tuwien.ac.at\/#website\"},\"datePublished\":\"2018-02-19T11:43:49+00:00\",\"dateModified\":\"2023-10-22T10:40:15+00:00\",\"breadcrumb\":{\"@id\":\"https:\/\/denkmalpflege.tuwien.ac.at\/index.php\/zaya\/#breadcrumb\"},\"inLanguage\":\"de\",\"potentialAction\":[{\"@type\":\"ReadAction\",\"target\":[\"https:\/\/denkmalpflege.tuwien.ac.at\/index.php\/zaya\/\"]}]},{\"@type\":\"BreadcrumbList\",\"@id\":\"https:\/\/denkmalpflege.tuwien.ac.at\/index.php\/zaya\/#breadcrumb\",\"itemListElement\":[{\"@type\":\"ListItem\",\"position\":1,\"name\":\"Startseite\",\"item\":\"https:\/\/denkmalpflege.tuwien.ac.at\/\"},{\"@type\":\"ListItem\",\"position\":2,\"name\":\"ZAYA\"}]},{\"@type\":\"WebSite\",\"@id\":\"https:\/\/denkmalpflege.tuwien.ac.at\/#website\",\"url\":\"https:\/\/denkmalpflege.tuwien.ac.at\/\",\"name\":\"Denkmalpflege und Bauen im Bestand\",\"description\":\"Denkmalpflege TU Wien\",\"publisher\":{\"@id\":\"https:\/\/denkmalpflege.tuwien.ac.at\/#organization\"},\"potentialAction\":[{\"@type\":\"SearchAction\",\"target\":{\"@type\":\"EntryPoint\",\"urlTemplate\":\"https:\/\/denkmalpflege.tuwien.ac.at\/?s={search_term_string}\"},\"query-input\":{\"@type\":\"PropertyValueSpecification\",\"valueRequired\":true,\"valueName\":\"search_term_string\"}}],\"inLanguage\":\"de\"},{\"@type\":\"Organization\",\"@id\":\"https:\/\/denkmalpflege.tuwien.ac.at\/#organization\",\"name\":\"TU Wien Denkmalpflege und Bauen im Bestand\",\"url\":\"https:\/\/denkmalpflege.tuwien.ac.at\/\",\"logo\":{\"@type\":\"ImageObject\",\"inLanguage\":\"de\",\"@id\":\"https:\/\/denkmalpflege.tuwien.ac.at\/#\/schema\/logo\/image\/\",\"url\":\"https:\/\/denkmalpflege.tuwien.ac.at\/wp-content\/uploads\/2019\/10\/Logo1.png\",\"contentUrl\":\"https:\/\/denkmalpflege.tuwien.ac.at\/wp-content\/uploads\/2019\/10\/Logo1.png\",\"width\":222,\"height\":79,\"caption\":\"TU Wien Denkmalpflege und Bauen im Bestand\"},\"image\":{\"@id\":\"https:\/\/denkmalpflege.tuwien.ac.at\/#\/schema\/logo\/image\/\"}}]}<\/script>\n<!-- \/ Yoast SEO plugin. -->","yoast_head_json":{"title":"ZAYA - Denkmalpflege und Bauen im Bestand","robots":{"index":"index","follow":"follow","max-snippet":"max-snippet:-1","max-image-preview":"max-image-preview:large","max-video-preview":"max-video-preview:-1"},"canonical":"https:\/\/denkmalpflege.tuwien.ac.at\/index.php\/zaya\/","og_locale":"de_DE","og_type":"article","og_title":"ZAYA - Denkmalpflege und Bauen im Bestand","og_description":"DIE M\u00dcHLEN AN DER ZAYA \u2013 EINE STANDORTANALYSE Das Forschungsprojekt zielte auf eine standardisierte Dokumentation und Inventarisation der Wasserm\u00fchlen im Zayatal unter besonderer Ber\u00fccksichtigung ihrer historisch bedeutenden Bausubstanz sowie der gegebenenfalls noch vorhandenen technisch-maschinellen Ausstattung mit Antriebsmotoren und M\u00fcllereimaschinen. Die Auswertung historischer Kartenwerke, die Interpretation von archivalischen Dokumenten wie auch die bauhistorischen Befundungen an den jeweiligen Standorten im Rahmen umfangreicher Feldstudien bildeten die wesentlichen Grundlagen der Dokumentation. Auftraggeber:\u00d6sterreichische Gesellschaft derRead More","og_url":"https:\/\/denkmalpflege.tuwien.ac.at\/index.php\/zaya\/","og_site_name":"Denkmalpflege und Bauen im Bestand","article_modified_time":"2023-10-22T10:40:15+00:00","twitter_card":"summary_large_image","twitter_misc":{"Gesch\u00e4tzte Lesezeit":"1\u00a0Minute"},"schema":{"@context":"https:\/\/schema.org","@graph":[{"@type":"WebPage","@id":"https:\/\/denkmalpflege.tuwien.ac.at\/index.php\/zaya\/","url":"https:\/\/denkmalpflege.tuwien.ac.at\/index.php\/zaya\/","name":"ZAYA - Denkmalpflege und Bauen im Bestand","isPartOf":{"@id":"https:\/\/denkmalpflege.tuwien.ac.at\/#website"},"datePublished":"2018-02-19T11:43:49+00:00","dateModified":"2023-10-22T10:40:15+00:00","breadcrumb":{"@id":"https:\/\/denkmalpflege.tuwien.ac.at\/index.php\/zaya\/#breadcrumb"},"inLanguage":"de","potentialAction":[{"@type":"ReadAction","target":["https:\/\/denkmalpflege.tuwien.ac.at\/index.php\/zaya\/"]}]},{"@type":"BreadcrumbList","@id":"https:\/\/denkmalpflege.tuwien.ac.at\/index.php\/zaya\/#breadcrumb","itemListElement":[{"@type":"ListItem","position":1,"name":"Startseite","item":"https:\/\/denkmalpflege.tuwien.ac.at\/"},{"@type":"ListItem","position":2,"name":"ZAYA"}]},{"@type":"WebSite","@id":"https:\/\/denkmalpflege.tuwien.ac.at\/#website","url":"https:\/\/denkmalpflege.tuwien.ac.at\/","name":"Denkmalpflege und Bauen im Bestand","description":"Denkmalpflege TU Wien","publisher":{"@id":"https:\/\/denkmalpflege.tuwien.ac.at\/#organization"},"potentialAction":[{"@type":"SearchAction","target":{"@type":"EntryPoint","urlTemplate":"https:\/\/denkmalpflege.tuwien.ac.at\/?s={search_term_string}"},"query-input":{"@type":"PropertyValueSpecification","valueRequired":true,"valueName":"search_term_string"}}],"inLanguage":"de"},{"@type":"Organization","@id":"https:\/\/denkmalpflege.tuwien.ac.at\/#organization","name":"TU Wien Denkmalpflege und Bauen im Bestand","url":"https:\/\/denkmalpflege.tuwien.ac.at\/","logo":{"@type":"ImageObject","inLanguage":"de","@id":"https:\/\/denkmalpflege.tuwien.ac.at\/#\/schema\/logo\/image\/","url":"https:\/\/denkmalpflege.tuwien.ac.at\/wp-content\/uploads\/2019\/10\/Logo1.png","contentUrl":"https:\/\/denkmalpflege.tuwien.ac.at\/wp-content\/uploads\/2019\/10\/Logo1.png","width":222,"height":79,"caption":"TU Wien Denkmalpflege und Bauen im Bestand"},"image":{"@id":"https:\/\/denkmalpflege.tuwien.ac.at\/#\/schema\/logo\/image\/"}}]}},"_links":{"self":[{"href":"https:\/\/denkmalpflege.tuwien.ac.at\/index.php\/wp-json\/wp\/v2\/pages\/13291","targetHints":{"allow":["GET"]}}],"collection":[{"href":"https:\/\/denkmalpflege.tuwien.ac.at\/index.php\/wp-json\/wp\/v2\/pages"}],"about":[{"href":"https:\/\/denkmalpflege.tuwien.ac.at\/index.php\/wp-json\/wp\/v2\/types\/page"}],"author":[{"embeddable":true,"href":"https:\/\/denkmalpflege.tuwien.ac.at\/index.php\/wp-json\/wp\/v2\/users\/1"}],"replies":[{"embeddable":true,"href":"https:\/\/denkmalpflege.tuwien.ac.at\/index.php\/wp-json\/wp\/v2\/comments?post=13291"}],"version-history":[{"count":10,"href":"https:\/\/denkmalpflege.tuwien.ac.at\/index.php\/wp-json\/wp\/v2\/pages\/13291\/revisions"}],"predecessor-version":[{"id":27903,"href":"https:\/\/denkmalpflege.tuwien.ac.at\/index.php\/wp-json\/wp\/v2\/pages\/13291\/revisions\/27903"}],"wp:attachment":[{"href":"https:\/\/denkmalpflege.tuwien.ac.at\/index.php\/wp-json\/wp\/v2\/media?parent=13291"}],"curies":[{"name":"wp","href":"https:\/\/api.w.org\/{rel}","templated":true}]}}