{"id":13287,"date":"2018-02-19T12:37:25","date_gmt":"2018-02-19T11:37:25","guid":{"rendered":"http:\/\/denkmalpflege.tuwien.ac.at\/?page_id=13287"},"modified":"2023-10-22T12:40:37","modified_gmt":"2023-10-22T10:40:37","slug":"bata","status":"publish","type":"page","link":"https:\/\/denkmalpflege.tuwien.ac.at\/index.php\/bata\/","title":{"rendered":"BA\u0164A"},"content":{"rendered":"\t\t<div data-elementor-type=\"wp-page\" data-elementor-id=\"13287\" class=\"elementor elementor-13287\" data-elementor-post-type=\"page\">\n\t\t\t\t\t\t<section class=\"elementor-section elementor-top-section elementor-element elementor-element-4d3151ea elementor-section-full_width elementor-section-height-default elementor-section-height-default\" data-id=\"4d3151ea\" data-element_type=\"section\">\n\t\t\t\t\t\t<div class=\"elementor-container elementor-column-gap-default\">\n\t\t\t\t\t<div class=\"elementor-column elementor-col-100 elementor-top-column elementor-element elementor-element-2a814bff\" data-id=\"2a814bff\" data-element_type=\"column\">\n\t\t\t<div class=\"elementor-widget-wrap elementor-element-populated\">\n\t\t\t\t\t\t<div class=\"elementor-element elementor-element-6daaa164 lva_h2 elementor-widget elementor-widget-heading\" data-id=\"6daaa164\" data-element_type=\"widget\" data-widget_type=\"heading.default\">\n\t\t\t\t<div class=\"elementor-widget-container\">\n\t\t\t\t\t<h2 class=\"elementor-heading-title elementor-size-default\">BA\u0164A MEMORIAL ZL\u00cdN<\/h2>\t\t\t\t<\/div>\n\t\t\t\t<\/div>\n\t\t\t\t\t<\/div>\n\t\t<\/div>\n\t\t\t\t\t<\/div>\n\t\t<\/section>\n\t\t\t\t<section class=\"elementor-section elementor-top-section elementor-element elementor-element-795c3616 elementor-section-full_width elementor-section-height-default elementor-section-height-default\" data-id=\"795c3616\" data-element_type=\"section\">\n\t\t\t\t\t\t<div class=\"elementor-container elementor-column-gap-default\">\n\t\t\t\t\t<div class=\"elementor-column elementor-col-100 elementor-top-column elementor-element elementor-element-41613ab9\" data-id=\"41613ab9\" data-element_type=\"column\">\n\t\t\t<div class=\"elementor-widget-wrap elementor-element-populated\">\n\t\t\t\t\t\t<div class=\"elementor-element elementor-element-44cd9a6f elementor-widget elementor-widget-text-editor\" data-id=\"44cd9a6f\" data-element_type=\"widget\" data-widget_type=\"text-editor.default\">\n\t\t\t\t<div class=\"elementor-widget-container\">\n\t\t\t\t\t\t\t\t\t<p>Denkmalpflegerische Bewertung und Nachnutzung des nach Pl\u00e4nen des Architekten Franti\u0161ek Lydie Gahura nach dem Unfalltod von Tom\u00e1\u0161 Ba\u0165a errichteten Memorials in Zl\u00edn.<\/p><p><strong>Auftraggeber:<\/strong><br \/>Projektkooperation TU Brno und TU Wien<\/p><p><strong>Projektleitung:<\/strong><br \/>Professorin arch. Helena Zemankova (TU Brno), Ao. Univ. Prof. Dr. phil. Gerhard A. Stadler, Mgr. Kate\u0159ina Pe\u0161atov\u00e1 (City Council Zl\u00edn)<\/p><p><strong>Mitarbeiter und Mitarbeiterinnen:<\/strong><br \/>Benoit Curvale (Frankreich), Sandrine Le Doare (Frankreich), Dmitri Egorov (Russische F\u00f6rderation), Veselina Filipov\u00e1 (Bulgarien), Lile Gocevska (Mazedonien), Natalia Grzywacz (Polen\/Deutschland), Andrea Gorejov\u00e1 (Tschechische Republik), Petra Holcov\u00e1 (Tschechische Republik), Terezie Hor\u00e1kov\u00e1 (Tschechische Republik), Jelena Madzaric (Bosnien und Herzegowina), Tristan Moizo (Frankreich), Ferran Gaja Ortega (Spanien), Julia Korina Soulos (Griechenland\/\u00d6sterreich), Pavl\u00edna \u0160arayov\u00e1 (Tschechische Republik), Martin \u0160vec (Tschechische Republik), Zuzana Toma\u0148ov\u00e1 (Tschechische Republik), Mirela Weber-Andre\u015fcov (Rum\u00e4nien\/\u00d6sterreich)<\/p><p><strong>Projektzeitraum:<\/strong><br \/>2011 \u2013 2013<\/p><p><strong>Ergebnisse:<\/strong><br \/>Pr\u00e4sentation der Entwurfsarbeiten in der Tom\u00e1\u0161 Ba\u0165a\u2013Foundation in Zl\u00edn<br \/>Ausstellung der Entwurfsarbeiten im Tom\u00e1\u0161 Ba\u0165a\u2013Memorial in Zl\u00edn im Dezember 2013<br \/>Helena Zem\u00e1nkov\u00e1, Gerhard A. Stadler (ed.): Preservation of Cultural Patrimony &amp; Re-use of the Monument of Tom\u00e1\u0161 Ba\u0165a. Is it possible to connect the rescue of the industrial monument with the development of the city? Brno \u2013 Vienna 2014<\/p><p><strong>Finanzierung\/ Sachleistung:<\/strong><br \/>AKTION \u00d6sterreich \u2013 Tschechische Republik \/ Tom\u00e1\u0161 Ba\u0165a-Foundation \/ City Council Zl\u00edn \/ Technische Universit\u00e4t Wien<\/p>\t\t\t\t\t\t\t\t<\/div>\n\t\t\t\t<\/div>\n\t\t\t\t\t<\/div>\n\t\t<\/div>\n\t\t\t\t\t<\/div>\n\t\t<\/section>\n\t\t\t\t<\/div>\n\t\t","protected":false},"excerpt":{"rendered":"<p>BA\u0164A MEMORIAL ZL\u00cdN Denkmalpflegerische Bewertung und Nachnutzung des nach Pl\u00e4nen des Architekten Franti\u0161ek Lydie Gahura nach dem Unfalltod von Tom\u00e1\u0161 Ba\u0165a errichteten Memorials in Zl\u00edn. Auftraggeber:Projektkooperation TU Brno und TU Wien Projektleitung:Professorin arch. Helena Zemankova (TU Brno), Ao. Univ. Prof. Dr. phil. Gerhard A. Stadler, Mgr. Kate\u0159ina Pe\u0161atov\u00e1 (City Council Zl\u00edn) Mitarbeiter und Mitarbeiterinnen:Benoit Curvale (Frankreich), Sandrine Le Doare (Frankreich), Dmitri Egorov (Russische F\u00f6rderation), Veselina Filipov\u00e1 (Bulgarien), Lile Gocevska (Mazedonien),<\/p>\n<div class=\"belowpost\"><a class=\"btnmore icon-arrow\" href=\"https:\/\/denkmalpflege.tuwien.ac.at\/index.php\/bata\/\"><span>Read More<\/span><\/a><\/div>\n","protected":false},"author":1,"featured_media":0,"parent":0,"menu_order":0,"comment_status":"closed","ping_status":"closed","template":"","meta":{"footnotes":""},"class_list":["post-13287","page","type-page","status-publish","hentry"],"yoast_head":"<!-- This site is optimized with the Yoast SEO plugin v26.0 - https:\/\/yoast.com\/wordpress\/plugins\/seo\/ -->\n<title>BA\u0164A - Denkmalpflege und Bauen im Bestand<\/title>\n<meta name=\"robots\" content=\"index, follow, max-snippet:-1, max-image-preview:large, max-video-preview:-1\" \/>\n<link rel=\"canonical\" href=\"https:\/\/denkmalpflege.tuwien.ac.at\/index.php\/bata\/\" \/>\n<meta property=\"og:locale\" content=\"de_DE\" \/>\n<meta property=\"og:type\" content=\"article\" \/>\n<meta property=\"og:title\" content=\"BA\u0164A - Denkmalpflege und Bauen im Bestand\" \/>\n<meta property=\"og:description\" content=\"BA\u0164A MEMORIAL ZL\u00cdN Denkmalpflegerische Bewertung und Nachnutzung des nach Pl\u00e4nen des Architekten Franti\u0161ek Lydie Gahura nach dem Unfalltod von Tom\u00e1\u0161 Ba\u0165a errichteten Memorials in Zl\u00edn. Auftraggeber:Projektkooperation TU Brno und TU Wien Projektleitung:Professorin arch. Helena Zemankova (TU Brno), Ao. Univ. Prof. Dr. phil. Gerhard A. Stadler, Mgr. Kate\u0159ina Pe\u0161atov\u00e1 (City Council Zl\u00edn) Mitarbeiter und Mitarbeiterinnen:Benoit Curvale (Frankreich), Sandrine Le Doare (Frankreich), Dmitri Egorov (Russische F\u00f6rderation), Veselina Filipov\u00e1 (Bulgarien), Lile Gocevska (Mazedonien),Read More\" \/>\n<meta property=\"og:url\" content=\"https:\/\/denkmalpflege.tuwien.ac.at\/index.php\/bata\/\" \/>\n<meta property=\"og:site_name\" content=\"Denkmalpflege und Bauen im Bestand\" \/>\n<meta property=\"article:modified_time\" content=\"2023-10-22T10:40:37+00:00\" \/>\n<meta name=\"twitter:card\" content=\"summary_large_image\" \/>\n<meta name=\"twitter:label1\" content=\"Gesch\u00e4tzte Lesezeit\" \/>\n\t<meta name=\"twitter:data1\" content=\"1\u00a0Minute\" \/>\n<script type=\"application\/ld+json\" class=\"yoast-schema-graph\">{\"@context\":\"https:\/\/schema.org\",\"@graph\":[{\"@type\":\"WebPage\",\"@id\":\"https:\/\/denkmalpflege.tuwien.ac.at\/index.php\/bata\/\",\"url\":\"https:\/\/denkmalpflege.tuwien.ac.at\/index.php\/bata\/\",\"name\":\"BA\u0164A - Denkmalpflege und Bauen im Bestand\",\"isPartOf\":{\"@id\":\"https:\/\/denkmalpflege.tuwien.ac.at\/#website\"},\"datePublished\":\"2018-02-19T11:37:25+00:00\",\"dateModified\":\"2023-10-22T10:40:37+00:00\",\"breadcrumb\":{\"@id\":\"https:\/\/denkmalpflege.tuwien.ac.at\/index.php\/bata\/#breadcrumb\"},\"inLanguage\":\"de\",\"potentialAction\":[{\"@type\":\"ReadAction\",\"target\":[\"https:\/\/denkmalpflege.tuwien.ac.at\/index.php\/bata\/\"]}]},{\"@type\":\"BreadcrumbList\",\"@id\":\"https:\/\/denkmalpflege.tuwien.ac.at\/index.php\/bata\/#breadcrumb\",\"itemListElement\":[{\"@type\":\"ListItem\",\"position\":1,\"name\":\"Startseite\",\"item\":\"https:\/\/denkmalpflege.tuwien.ac.at\/\"},{\"@type\":\"ListItem\",\"position\":2,\"name\":\"BA\u0164A\"}]},{\"@type\":\"WebSite\",\"@id\":\"https:\/\/denkmalpflege.tuwien.ac.at\/#website\",\"url\":\"https:\/\/denkmalpflege.tuwien.ac.at\/\",\"name\":\"Denkmalpflege und Bauen im Bestand\",\"description\":\"Denkmalpflege TU Wien\",\"publisher\":{\"@id\":\"https:\/\/denkmalpflege.tuwien.ac.at\/#organization\"},\"potentialAction\":[{\"@type\":\"SearchAction\",\"target\":{\"@type\":\"EntryPoint\",\"urlTemplate\":\"https:\/\/denkmalpflege.tuwien.ac.at\/?s={search_term_string}\"},\"query-input\":{\"@type\":\"PropertyValueSpecification\",\"valueRequired\":true,\"valueName\":\"search_term_string\"}}],\"inLanguage\":\"de\"},{\"@type\":\"Organization\",\"@id\":\"https:\/\/denkmalpflege.tuwien.ac.at\/#organization\",\"name\":\"TU Wien Denkmalpflege und Bauen im Bestand\",\"url\":\"https:\/\/denkmalpflege.tuwien.ac.at\/\",\"logo\":{\"@type\":\"ImageObject\",\"inLanguage\":\"de\",\"@id\":\"https:\/\/denkmalpflege.tuwien.ac.at\/#\/schema\/logo\/image\/\",\"url\":\"https:\/\/denkmalpflege.tuwien.ac.at\/wp-content\/uploads\/2019\/10\/Logo1.png\",\"contentUrl\":\"https:\/\/denkmalpflege.tuwien.ac.at\/wp-content\/uploads\/2019\/10\/Logo1.png\",\"width\":222,\"height\":79,\"caption\":\"TU Wien Denkmalpflege und Bauen im Bestand\"},\"image\":{\"@id\":\"https:\/\/denkmalpflege.tuwien.ac.at\/#\/schema\/logo\/image\/\"}}]}<\/script>\n<!-- \/ Yoast SEO plugin. -->","yoast_head_json":{"title":"BA\u0164A - Denkmalpflege und Bauen im Bestand","robots":{"index":"index","follow":"follow","max-snippet":"max-snippet:-1","max-image-preview":"max-image-preview:large","max-video-preview":"max-video-preview:-1"},"canonical":"https:\/\/denkmalpflege.tuwien.ac.at\/index.php\/bata\/","og_locale":"de_DE","og_type":"article","og_title":"BA\u0164A - Denkmalpflege und Bauen im Bestand","og_description":"BA\u0164A MEMORIAL ZL\u00cdN Denkmalpflegerische Bewertung und Nachnutzung des nach Pl\u00e4nen des Architekten Franti\u0161ek Lydie Gahura nach dem Unfalltod von Tom\u00e1\u0161 Ba\u0165a errichteten Memorials in Zl\u00edn. Auftraggeber:Projektkooperation TU Brno und TU Wien Projektleitung:Professorin arch. Helena Zemankova (TU Brno), Ao. Univ. Prof. Dr. phil. Gerhard A. Stadler, Mgr. Kate\u0159ina Pe\u0161atov\u00e1 (City Council Zl\u00edn) Mitarbeiter und Mitarbeiterinnen:Benoit Curvale (Frankreich), Sandrine Le Doare (Frankreich), Dmitri Egorov (Russische F\u00f6rderation), Veselina Filipov\u00e1 (Bulgarien), Lile Gocevska (Mazedonien),Read More","og_url":"https:\/\/denkmalpflege.tuwien.ac.at\/index.php\/bata\/","og_site_name":"Denkmalpflege und Bauen im Bestand","article_modified_time":"2023-10-22T10:40:37+00:00","twitter_card":"summary_large_image","twitter_misc":{"Gesch\u00e4tzte Lesezeit":"1\u00a0Minute"},"schema":{"@context":"https:\/\/schema.org","@graph":[{"@type":"WebPage","@id":"https:\/\/denkmalpflege.tuwien.ac.at\/index.php\/bata\/","url":"https:\/\/denkmalpflege.tuwien.ac.at\/index.php\/bata\/","name":"BA\u0164A - Denkmalpflege und Bauen im Bestand","isPartOf":{"@id":"https:\/\/denkmalpflege.tuwien.ac.at\/#website"},"datePublished":"2018-02-19T11:37:25+00:00","dateModified":"2023-10-22T10:40:37+00:00","breadcrumb":{"@id":"https:\/\/denkmalpflege.tuwien.ac.at\/index.php\/bata\/#breadcrumb"},"inLanguage":"de","potentialAction":[{"@type":"ReadAction","target":["https:\/\/denkmalpflege.tuwien.ac.at\/index.php\/bata\/"]}]},{"@type":"BreadcrumbList","@id":"https:\/\/denkmalpflege.tuwien.ac.at\/index.php\/bata\/#breadcrumb","itemListElement":[{"@type":"ListItem","position":1,"name":"Startseite","item":"https:\/\/denkmalpflege.tuwien.ac.at\/"},{"@type":"ListItem","position":2,"name":"BA\u0164A"}]},{"@type":"WebSite","@id":"https:\/\/denkmalpflege.tuwien.ac.at\/#website","url":"https:\/\/denkmalpflege.tuwien.ac.at\/","name":"Denkmalpflege und Bauen im Bestand","description":"Denkmalpflege TU Wien","publisher":{"@id":"https:\/\/denkmalpflege.tuwien.ac.at\/#organization"},"potentialAction":[{"@type":"SearchAction","target":{"@type":"EntryPoint","urlTemplate":"https:\/\/denkmalpflege.tuwien.ac.at\/?s={search_term_string}"},"query-input":{"@type":"PropertyValueSpecification","valueRequired":true,"valueName":"search_term_string"}}],"inLanguage":"de"},{"@type":"Organization","@id":"https:\/\/denkmalpflege.tuwien.ac.at\/#organization","name":"TU Wien Denkmalpflege und Bauen im Bestand","url":"https:\/\/denkmalpflege.tuwien.ac.at\/","logo":{"@type":"ImageObject","inLanguage":"de","@id":"https:\/\/denkmalpflege.tuwien.ac.at\/#\/schema\/logo\/image\/","url":"https:\/\/denkmalpflege.tuwien.ac.at\/wp-content\/uploads\/2019\/10\/Logo1.png","contentUrl":"https:\/\/denkmalpflege.tuwien.ac.at\/wp-content\/uploads\/2019\/10\/Logo1.png","width":222,"height":79,"caption":"TU Wien Denkmalpflege und Bauen im Bestand"},"image":{"@id":"https:\/\/denkmalpflege.tuwien.ac.at\/#\/schema\/logo\/image\/"}}]}},"_links":{"self":[{"href":"https:\/\/denkmalpflege.tuwien.ac.at\/index.php\/wp-json\/wp\/v2\/pages\/13287","targetHints":{"allow":["GET"]}}],"collection":[{"href":"https:\/\/denkmalpflege.tuwien.ac.at\/index.php\/wp-json\/wp\/v2\/pages"}],"about":[{"href":"https:\/\/denkmalpflege.tuwien.ac.at\/index.php\/wp-json\/wp\/v2\/types\/page"}],"author":[{"embeddable":true,"href":"https:\/\/denkmalpflege.tuwien.ac.at\/index.php\/wp-json\/wp\/v2\/users\/1"}],"replies":[{"embeddable":true,"href":"https:\/\/denkmalpflege.tuwien.ac.at\/index.php\/wp-json\/wp\/v2\/comments?post=13287"}],"version-history":[{"count":9,"href":"https:\/\/denkmalpflege.tuwien.ac.at\/index.php\/wp-json\/wp\/v2\/pages\/13287\/revisions"}],"predecessor-version":[{"id":27909,"href":"https:\/\/denkmalpflege.tuwien.ac.at\/index.php\/wp-json\/wp\/v2\/pages\/13287\/revisions\/27909"}],"wp:attachment":[{"href":"https:\/\/denkmalpflege.tuwien.ac.at\/index.php\/wp-json\/wp\/v2\/media?parent=13287"}],"curies":[{"name":"wp","href":"https:\/\/api.w.org\/{rel}","templated":true}]}}