{"id":13285,"date":"2018-02-19T12:34:54","date_gmt":"2018-02-19T11:34:54","guid":{"rendered":"http:\/\/denkmalpflege.tuwien.ac.at\/?page_id=13285"},"modified":"2023-10-22T12:40:49","modified_gmt":"2023-10-22T10:40:49","slug":"historische","status":"publish","type":"page","link":"https:\/\/denkmalpflege.tuwien.ac.at\/index.php\/historische\/","title":{"rendered":"HISTORISCHE"},"content":{"rendered":"\t\t<div data-elementor-type=\"wp-page\" data-elementor-id=\"13285\" class=\"elementor elementor-13285\" data-elementor-post-type=\"page\">\n\t\t\t\t\t\t<section class=\"elementor-section elementor-top-section elementor-element elementor-element-67f5c3c1 elementor-section-full_width elementor-section-height-default elementor-section-height-default\" data-id=\"67f5c3c1\" data-element_type=\"section\">\n\t\t\t\t\t\t<div class=\"elementor-container elementor-column-gap-default\">\n\t\t\t\t\t<div class=\"elementor-column elementor-col-100 elementor-top-column elementor-element elementor-element-77bd6037\" data-id=\"77bd6037\" data-element_type=\"column\">\n\t\t\t<div class=\"elementor-widget-wrap elementor-element-populated\">\n\t\t\t\t\t\t<div class=\"elementor-element elementor-element-5a8149fe lva_h2 elementor-widget elementor-widget-heading\" data-id=\"5a8149fe\" data-element_type=\"widget\" data-widget_type=\"heading.default\">\n\t\t\t\t<div class=\"elementor-widget-container\">\n\t\t\t\t\t<h2 class=\"elementor-heading-title elementor-size-default\">Historische Eisen- und Stahlkonstruktionen<\/h2>\t\t\t\t<\/div>\n\t\t\t\t<\/div>\n\t\t\t\t\t<\/div>\n\t\t<\/div>\n\t\t\t\t\t<\/div>\n\t\t<\/section>\n\t\t\t\t<section class=\"elementor-section elementor-top-section elementor-element elementor-element-602a6b4e elementor-section-full_width elementor-section-height-default elementor-section-height-default\" data-id=\"602a6b4e\" data-element_type=\"section\">\n\t\t\t\t\t\t<div class=\"elementor-container elementor-column-gap-default\">\n\t\t\t\t\t<div class=\"elementor-column elementor-col-100 elementor-top-column elementor-element elementor-element-57b49ea3\" data-id=\"57b49ea3\" data-element_type=\"column\">\n\t\t\t<div class=\"elementor-widget-wrap elementor-element-populated\">\n\t\t\t\t\t\t<div class=\"elementor-element elementor-element-5125bacf elementor-widget elementor-widget-text-editor\" data-id=\"5125bacf\" data-element_type=\"widget\" data-widget_type=\"text-editor.default\">\n\t\t\t\t<div class=\"elementor-widget-container\">\n\t\t\t\t\t\t\t\t\t<p>Eine standardisierte Dokumentation von in \u00d6sterreich bereits erfolgten sowie unmittelbar bevorstehenden Sanierungen von historischen Eisen- und Stahlkonstruktionen unter besonderer Ber\u00fccksichtigung der Bau- und Sanierungsgeschichte der Objekte, der Erfassung von Schadensbildern sowie einer Bewertung der Reparatur- und Konservierungsma\u00dfnahmen skizzieren die wesentlichen Ziele des Forschungsprojektes. Unter Ber\u00fccksichtigung der Anliegen des Bundesdenkmalamtes lag der Fokus der Darstellung auf einer zielorientierten Koordinierung von Verfahrens- und Arbeitsschritten von der Aufgabenstellung bis zur Ausf\u00fchrung. Qualit\u00e4tssicherung, Kostenersparnis, effizienter Schutz von Kulturgut und Transparenz gegen\u00fcber der \u00d6ffentlichkeit bilden dabei wesentliche Ziele.<\/p><p><strong>Auftraggeber:<\/strong><br \/>Metallwerkstatt C. Reisinger, Schwertberg (Ober\u00f6sterreich)<\/p><p><strong>Projektleitung:<\/strong><br \/>Ao. Univ. Prof. Dr. phil. Gerhard A. Stadler<\/p><p><strong>Mitarbeiter und Mitarbeiterinnen:<\/strong><br \/>Mag. Andrea Schmolm\u00fcller (Wien), Christian Reisinger (Metallwerkstatt C. Reisinger, Schwertberg), Dr. Richard Wittasek-Dieckmann (Bundesdenkmalamt Wien)<\/p><p><strong>Projektzeitraum:<\/strong><br \/>2012\/13<\/p><p><strong>Ergebnisse:<\/strong><br \/>Gerhard A. Stadler, Andrea Schmolm\u00fcller: Historische Eisen- und Stahlkonstruktionen. Forschungsprojekt, Wien 2013<\/p><p><strong>Finanzierung:<\/strong><br \/>Metallwerkstatt C. Reisinger, Schwertberg \/ WKO Wirtschaftskammer Ober\u00f6sterreich<\/p>\t\t\t\t\t\t\t\t<\/div>\n\t\t\t\t<\/div>\n\t\t\t\t\t<\/div>\n\t\t<\/div>\n\t\t\t\t\t<\/div>\n\t\t<\/section>\n\t\t\t\t<\/div>\n\t\t","protected":false},"excerpt":{"rendered":"<p>Historische Eisen- und Stahlkonstruktionen Eine standardisierte Dokumentation von in \u00d6sterreich bereits erfolgten sowie unmittelbar bevorstehenden Sanierungen von historischen Eisen- und Stahlkonstruktionen unter besonderer Ber\u00fccksichtigung der Bau- und Sanierungsgeschichte der Objekte, der Erfassung von Schadensbildern sowie einer Bewertung der Reparatur- und Konservierungsma\u00dfnahmen skizzieren die wesentlichen Ziele des Forschungsprojektes. Unter Ber\u00fccksichtigung der Anliegen des Bundesdenkmalamtes lag der Fokus der Darstellung auf einer zielorientierten Koordinierung von Verfahrens- und Arbeitsschritten von der Aufgabenstellung bis<\/p>\n<div class=\"belowpost\"><a class=\"btnmore icon-arrow\" href=\"https:\/\/denkmalpflege.tuwien.ac.at\/index.php\/historische\/\"><span>Read More<\/span><\/a><\/div>\n","protected":false},"author":1,"featured_media":0,"parent":0,"menu_order":0,"comment_status":"closed","ping_status":"closed","template":"","meta":{"footnotes":""},"class_list":["post-13285","page","type-page","status-publish","hentry"],"yoast_head":"<!-- This site is optimized with the Yoast SEO plugin v26.0 - https:\/\/yoast.com\/wordpress\/plugins\/seo\/ -->\n<title>HISTORISCHE - Denkmalpflege und Bauen im Bestand<\/title>\n<meta name=\"robots\" content=\"index, follow, max-snippet:-1, max-image-preview:large, max-video-preview:-1\" \/>\n<link rel=\"canonical\" href=\"https:\/\/denkmalpflege.tuwien.ac.at\/index.php\/historische\/\" \/>\n<meta property=\"og:locale\" content=\"de_DE\" \/>\n<meta property=\"og:type\" content=\"article\" \/>\n<meta property=\"og:title\" content=\"HISTORISCHE - Denkmalpflege und Bauen im Bestand\" \/>\n<meta property=\"og:description\" content=\"Historische Eisen- und Stahlkonstruktionen Eine standardisierte Dokumentation von in \u00d6sterreich bereits erfolgten sowie unmittelbar bevorstehenden Sanierungen von historischen Eisen- und Stahlkonstruktionen unter besonderer Ber\u00fccksichtigung der Bau- und Sanierungsgeschichte der Objekte, der Erfassung von Schadensbildern sowie einer Bewertung der Reparatur- und Konservierungsma\u00dfnahmen skizzieren die wesentlichen Ziele des Forschungsprojektes. Unter Ber\u00fccksichtigung der Anliegen des Bundesdenkmalamtes lag der Fokus der Darstellung auf einer zielorientierten Koordinierung von Verfahrens- und Arbeitsschritten von der Aufgabenstellung bisRead More\" \/>\n<meta property=\"og:url\" content=\"https:\/\/denkmalpflege.tuwien.ac.at\/index.php\/historische\/\" \/>\n<meta property=\"og:site_name\" content=\"Denkmalpflege und Bauen im Bestand\" \/>\n<meta property=\"article:modified_time\" content=\"2023-10-22T10:40:49+00:00\" \/>\n<meta name=\"twitter:card\" content=\"summary_large_image\" \/>\n<meta name=\"twitter:label1\" content=\"Gesch\u00e4tzte Lesezeit\" \/>\n\t<meta name=\"twitter:data1\" content=\"1\u00a0Minute\" \/>\n<script type=\"application\/ld+json\" class=\"yoast-schema-graph\">{\"@context\":\"https:\/\/schema.org\",\"@graph\":[{\"@type\":\"WebPage\",\"@id\":\"https:\/\/denkmalpflege.tuwien.ac.at\/index.php\/historische\/\",\"url\":\"https:\/\/denkmalpflege.tuwien.ac.at\/index.php\/historische\/\",\"name\":\"HISTORISCHE - Denkmalpflege und Bauen im Bestand\",\"isPartOf\":{\"@id\":\"https:\/\/denkmalpflege.tuwien.ac.at\/#website\"},\"datePublished\":\"2018-02-19T11:34:54+00:00\",\"dateModified\":\"2023-10-22T10:40:49+00:00\",\"breadcrumb\":{\"@id\":\"https:\/\/denkmalpflege.tuwien.ac.at\/index.php\/historische\/#breadcrumb\"},\"inLanguage\":\"de\",\"potentialAction\":[{\"@type\":\"ReadAction\",\"target\":[\"https:\/\/denkmalpflege.tuwien.ac.at\/index.php\/historische\/\"]}]},{\"@type\":\"BreadcrumbList\",\"@id\":\"https:\/\/denkmalpflege.tuwien.ac.at\/index.php\/historische\/#breadcrumb\",\"itemListElement\":[{\"@type\":\"ListItem\",\"position\":1,\"name\":\"Startseite\",\"item\":\"https:\/\/denkmalpflege.tuwien.ac.at\/\"},{\"@type\":\"ListItem\",\"position\":2,\"name\":\"HISTORISCHE\"}]},{\"@type\":\"WebSite\",\"@id\":\"https:\/\/denkmalpflege.tuwien.ac.at\/#website\",\"url\":\"https:\/\/denkmalpflege.tuwien.ac.at\/\",\"name\":\"Denkmalpflege und Bauen im Bestand\",\"description\":\"Denkmalpflege TU Wien\",\"publisher\":{\"@id\":\"https:\/\/denkmalpflege.tuwien.ac.at\/#organization\"},\"potentialAction\":[{\"@type\":\"SearchAction\",\"target\":{\"@type\":\"EntryPoint\",\"urlTemplate\":\"https:\/\/denkmalpflege.tuwien.ac.at\/?s={search_term_string}\"},\"query-input\":{\"@type\":\"PropertyValueSpecification\",\"valueRequired\":true,\"valueName\":\"search_term_string\"}}],\"inLanguage\":\"de\"},{\"@type\":\"Organization\",\"@id\":\"https:\/\/denkmalpflege.tuwien.ac.at\/#organization\",\"name\":\"TU Wien Denkmalpflege und Bauen im Bestand\",\"url\":\"https:\/\/denkmalpflege.tuwien.ac.at\/\",\"logo\":{\"@type\":\"ImageObject\",\"inLanguage\":\"de\",\"@id\":\"https:\/\/denkmalpflege.tuwien.ac.at\/#\/schema\/logo\/image\/\",\"url\":\"https:\/\/denkmalpflege.tuwien.ac.at\/wp-content\/uploads\/2019\/10\/Logo1.png\",\"contentUrl\":\"https:\/\/denkmalpflege.tuwien.ac.at\/wp-content\/uploads\/2019\/10\/Logo1.png\",\"width\":222,\"height\":79,\"caption\":\"TU Wien Denkmalpflege und Bauen im Bestand\"},\"image\":{\"@id\":\"https:\/\/denkmalpflege.tuwien.ac.at\/#\/schema\/logo\/image\/\"}}]}<\/script>\n<!-- \/ Yoast SEO plugin. -->","yoast_head_json":{"title":"HISTORISCHE - Denkmalpflege und Bauen im Bestand","robots":{"index":"index","follow":"follow","max-snippet":"max-snippet:-1","max-image-preview":"max-image-preview:large","max-video-preview":"max-video-preview:-1"},"canonical":"https:\/\/denkmalpflege.tuwien.ac.at\/index.php\/historische\/","og_locale":"de_DE","og_type":"article","og_title":"HISTORISCHE - Denkmalpflege und Bauen im Bestand","og_description":"Historische Eisen- und Stahlkonstruktionen Eine standardisierte Dokumentation von in \u00d6sterreich bereits erfolgten sowie unmittelbar bevorstehenden Sanierungen von historischen Eisen- und Stahlkonstruktionen unter besonderer Ber\u00fccksichtigung der Bau- und Sanierungsgeschichte der Objekte, der Erfassung von Schadensbildern sowie einer Bewertung der Reparatur- und Konservierungsma\u00dfnahmen skizzieren die wesentlichen Ziele des Forschungsprojektes. Unter Ber\u00fccksichtigung der Anliegen des Bundesdenkmalamtes lag der Fokus der Darstellung auf einer zielorientierten Koordinierung von Verfahrens- und Arbeitsschritten von der Aufgabenstellung bisRead More","og_url":"https:\/\/denkmalpflege.tuwien.ac.at\/index.php\/historische\/","og_site_name":"Denkmalpflege und Bauen im Bestand","article_modified_time":"2023-10-22T10:40:49+00:00","twitter_card":"summary_large_image","twitter_misc":{"Gesch\u00e4tzte Lesezeit":"1\u00a0Minute"},"schema":{"@context":"https:\/\/schema.org","@graph":[{"@type":"WebPage","@id":"https:\/\/denkmalpflege.tuwien.ac.at\/index.php\/historische\/","url":"https:\/\/denkmalpflege.tuwien.ac.at\/index.php\/historische\/","name":"HISTORISCHE - Denkmalpflege und Bauen im Bestand","isPartOf":{"@id":"https:\/\/denkmalpflege.tuwien.ac.at\/#website"},"datePublished":"2018-02-19T11:34:54+00:00","dateModified":"2023-10-22T10:40:49+00:00","breadcrumb":{"@id":"https:\/\/denkmalpflege.tuwien.ac.at\/index.php\/historische\/#breadcrumb"},"inLanguage":"de","potentialAction":[{"@type":"ReadAction","target":["https:\/\/denkmalpflege.tuwien.ac.at\/index.php\/historische\/"]}]},{"@type":"BreadcrumbList","@id":"https:\/\/denkmalpflege.tuwien.ac.at\/index.php\/historische\/#breadcrumb","itemListElement":[{"@type":"ListItem","position":1,"name":"Startseite","item":"https:\/\/denkmalpflege.tuwien.ac.at\/"},{"@type":"ListItem","position":2,"name":"HISTORISCHE"}]},{"@type":"WebSite","@id":"https:\/\/denkmalpflege.tuwien.ac.at\/#website","url":"https:\/\/denkmalpflege.tuwien.ac.at\/","name":"Denkmalpflege und Bauen im Bestand","description":"Denkmalpflege TU Wien","publisher":{"@id":"https:\/\/denkmalpflege.tuwien.ac.at\/#organization"},"potentialAction":[{"@type":"SearchAction","target":{"@type":"EntryPoint","urlTemplate":"https:\/\/denkmalpflege.tuwien.ac.at\/?s={search_term_string}"},"query-input":{"@type":"PropertyValueSpecification","valueRequired":true,"valueName":"search_term_string"}}],"inLanguage":"de"},{"@type":"Organization","@id":"https:\/\/denkmalpflege.tuwien.ac.at\/#organization","name":"TU Wien Denkmalpflege und Bauen im Bestand","url":"https:\/\/denkmalpflege.tuwien.ac.at\/","logo":{"@type":"ImageObject","inLanguage":"de","@id":"https:\/\/denkmalpflege.tuwien.ac.at\/#\/schema\/logo\/image\/","url":"https:\/\/denkmalpflege.tuwien.ac.at\/wp-content\/uploads\/2019\/10\/Logo1.png","contentUrl":"https:\/\/denkmalpflege.tuwien.ac.at\/wp-content\/uploads\/2019\/10\/Logo1.png","width":222,"height":79,"caption":"TU Wien Denkmalpflege und Bauen im Bestand"},"image":{"@id":"https:\/\/denkmalpflege.tuwien.ac.at\/#\/schema\/logo\/image\/"}}]}},"_links":{"self":[{"href":"https:\/\/denkmalpflege.tuwien.ac.at\/index.php\/wp-json\/wp\/v2\/pages\/13285","targetHints":{"allow":["GET"]}}],"collection":[{"href":"https:\/\/denkmalpflege.tuwien.ac.at\/index.php\/wp-json\/wp\/v2\/pages"}],"about":[{"href":"https:\/\/denkmalpflege.tuwien.ac.at\/index.php\/wp-json\/wp\/v2\/types\/page"}],"author":[{"embeddable":true,"href":"https:\/\/denkmalpflege.tuwien.ac.at\/index.php\/wp-json\/wp\/v2\/users\/1"}],"replies":[{"embeddable":true,"href":"https:\/\/denkmalpflege.tuwien.ac.at\/index.php\/wp-json\/wp\/v2\/comments?post=13285"}],"version-history":[{"count":10,"href":"https:\/\/denkmalpflege.tuwien.ac.at\/index.php\/wp-json\/wp\/v2\/pages\/13285\/revisions"}],"predecessor-version":[{"id":27912,"href":"https:\/\/denkmalpflege.tuwien.ac.at\/index.php\/wp-json\/wp\/v2\/pages\/13285\/revisions\/27912"}],"wp:attachment":[{"href":"https:\/\/denkmalpflege.tuwien.ac.at\/index.php\/wp-json\/wp\/v2\/media?parent=13285"}],"curies":[{"name":"wp","href":"https:\/\/api.w.org\/{rel}","templated":true}]}}