{"id":13280,"date":"2018-02-19T12:27:33","date_gmt":"2018-02-19T11:27:33","guid":{"rendered":"http:\/\/denkmalpflege.tuwien.ac.at\/?page_id=13280"},"modified":"2023-10-22T12:43:42","modified_gmt":"2023-10-22T10:43:42","slug":"eybl-haeuser","status":"publish","type":"page","link":"https:\/\/denkmalpflege.tuwien.ac.at\/index.php\/eybl-haeuser\/","title":{"rendered":"EYBL-H\u00c4USER"},"content":{"rendered":"\t\t<div data-elementor-type=\"wp-page\" data-elementor-id=\"13280\" class=\"elementor elementor-13280\" data-elementor-post-type=\"page\">\n\t\t\t\t\t\t<section class=\"elementor-section elementor-top-section elementor-element elementor-element-789381da elementor-section-full_width elementor-section-height-default elementor-section-height-default\" data-id=\"789381da\" data-element_type=\"section\">\n\t\t\t\t\t\t<div class=\"elementor-container elementor-column-gap-default\">\n\t\t\t\t\t<div class=\"elementor-column elementor-col-100 elementor-top-column elementor-element elementor-element-5d49f408\" data-id=\"5d49f408\" data-element_type=\"column\">\n\t\t\t<div class=\"elementor-widget-wrap elementor-element-populated\">\n\t\t\t\t\t\t<div class=\"elementor-element elementor-element-602f942a lva_h2 elementor-widget elementor-widget-heading\" data-id=\"602f942a\" data-element_type=\"widget\" data-widget_type=\"heading.default\">\n\t\t\t\t<div class=\"elementor-widget-container\">\n\t\t\t\t\t<h2 class=\"elementor-heading-title elementor-size-default\">\u201eEYBL-H\u00c4USER\u201c IN BAD LEONFELDEN<\/h2>\t\t\t\t<\/div>\n\t\t\t\t<\/div>\n\t\t\t\t\t<\/div>\n\t\t<\/div>\n\t\t\t\t\t<\/div>\n\t\t<\/section>\n\t\t\t\t<section class=\"elementor-section elementor-top-section elementor-element elementor-element-301aed20 elementor-section-full_width elementor-section-height-default elementor-section-height-default\" data-id=\"301aed20\" data-element_type=\"section\">\n\t\t\t\t\t\t<div class=\"elementor-container elementor-column-gap-default\">\n\t\t\t\t\t<div class=\"elementor-column elementor-col-100 elementor-top-column elementor-element elementor-element-6eae28fa\" data-id=\"6eae28fa\" data-element_type=\"column\">\n\t\t\t<div class=\"elementor-widget-wrap elementor-element-populated\">\n\t\t\t\t\t\t<div class=\"elementor-element elementor-element-7cdcebc1 elementor-widget elementor-widget-text-editor\" data-id=\"7cdcebc1\" data-element_type=\"widget\" data-widget_type=\"text-editor.default\">\n\t\t\t\t<div class=\"elementor-widget-container\">\n\t\t\t\t\t\t\t\t\t<p>Bauarch\u00e4ologische Befundung und bauhistorische Studie der \u201eEybl-H\u00e4user\u201c in Bad Leonfelden (Ober\u00f6sterreich) unter Ber\u00fccksichtigung der historischen Besitzverh\u00e4ltnisse und Nutzungsfunktionen der Geb\u00e4ude. Die Aufbereitung von Baualterspl\u00e4nen wie auch die detaillierte Baubeschreibung in Form eines Raumbuches dienen der denkmalpflegerischen Wertanalyse und bilden die Grundlage f\u00fcr ein tiefreichendes Verst\u00e4ndnis \u00fcber Entstehung und Entwicklung der historischen Bausubstanz.<\/p><p><strong>Auftraggeber\/Anlass:<\/strong><br \/>Stadtgemeinde Bad Leonfelden (B\u00fcrgermeister Alfred Hartl)<br \/>Die Stadtgemeinde Bad Leonfelden zielte auf eine Revitalisierung der beiden H\u00e4user, die als Standort der gemeinsam von Freistadt, \u010cesk\u00fd Krumlov, Vi\u0161y Brod und Bad Leonfelden geplanten Ober\u00f6sterreichischen Landesausstellung 2013 (\u201eHopfen, Salz und Cyberspace\u201c) dienen sollten.<\/p><p><strong>Projektleitung:<\/strong><br \/>Architekt Dipl. Ing. Klaus Fessl (Bad Leonfelden) und Ao. Univ. Prof. Dr. phil. Gerhard A. Stadler<\/p><p><strong>Mitarbeiter und Mitarbeiterinnen:<\/strong><br \/>Dipl. Ing. Luigi Pucciano (Amsterdam)<\/p><p><strong>Projektzeitraum:<\/strong><br \/>Februar \/ M\u00e4rz 2010<\/p><p><strong>Ergebnisse:<\/strong><br \/>Klaus Fessl, Luigi Pucciano, Gerhard A. Stadler: \u201eEbyl-H\u00e4user\u201c Bad Leonfelden. Bauarch\u00e4ologische Befundung und bauhistorische Studie. Bad Leonfelden \u2013 Wien 2010<\/p><p><strong>Finanzierung:<\/strong><br \/>Stadtgemeinde Bad Leonfelden<\/p>\t\t\t\t\t\t\t\t<\/div>\n\t\t\t\t<\/div>\n\t\t\t\t\t<\/div>\n\t\t<\/div>\n\t\t\t\t\t<\/div>\n\t\t<\/section>\n\t\t\t\t<\/div>\n\t\t","protected":false},"excerpt":{"rendered":"<p>\u201eEYBL-H\u00c4USER\u201c IN BAD LEONFELDEN Bauarch\u00e4ologische Befundung und bauhistorische Studie der \u201eEybl-H\u00e4user\u201c in Bad Leonfelden (Ober\u00f6sterreich) unter Ber\u00fccksichtigung der historischen Besitzverh\u00e4ltnisse und Nutzungsfunktionen der Geb\u00e4ude. Die Aufbereitung von Baualterspl\u00e4nen wie auch die detaillierte Baubeschreibung in Form eines Raumbuches dienen der denkmalpflegerischen Wertanalyse und bilden die Grundlage f\u00fcr ein tiefreichendes Verst\u00e4ndnis \u00fcber Entstehung und Entwicklung der historischen Bausubstanz. Auftraggeber\/Anlass:Stadtgemeinde Bad Leonfelden (B\u00fcrgermeister Alfred Hartl)Die Stadtgemeinde Bad Leonfelden zielte auf eine Revitalisierung der<\/p>\n<div class=\"belowpost\"><a class=\"btnmore icon-arrow\" href=\"https:\/\/denkmalpflege.tuwien.ac.at\/index.php\/eybl-haeuser\/\"><span>Read More<\/span><\/a><\/div>\n","protected":false},"author":1,"featured_media":0,"parent":0,"menu_order":0,"comment_status":"closed","ping_status":"closed","template":"","meta":{"footnotes":""},"class_list":["post-13280","page","type-page","status-publish","hentry"],"yoast_head":"<!-- This site is optimized with the Yoast SEO plugin v26.0 - https:\/\/yoast.com\/wordpress\/plugins\/seo\/ -->\n<title>EYBL-H\u00c4USER - Denkmalpflege und Bauen im Bestand<\/title>\n<meta name=\"robots\" content=\"index, follow, max-snippet:-1, max-image-preview:large, max-video-preview:-1\" \/>\n<link rel=\"canonical\" href=\"https:\/\/denkmalpflege.tuwien.ac.at\/index.php\/eybl-haeuser\/\" \/>\n<meta property=\"og:locale\" content=\"de_DE\" \/>\n<meta property=\"og:type\" content=\"article\" \/>\n<meta property=\"og:title\" content=\"EYBL-H\u00c4USER - Denkmalpflege und Bauen im Bestand\" \/>\n<meta property=\"og:description\" content=\"\u201eEYBL-H\u00c4USER\u201c IN BAD LEONFELDEN Bauarch\u00e4ologische Befundung und bauhistorische Studie der \u201eEybl-H\u00e4user\u201c in Bad Leonfelden (Ober\u00f6sterreich) unter Ber\u00fccksichtigung der historischen Besitzverh\u00e4ltnisse und Nutzungsfunktionen der Geb\u00e4ude. Die Aufbereitung von Baualterspl\u00e4nen wie auch die detaillierte Baubeschreibung in Form eines Raumbuches dienen der denkmalpflegerischen Wertanalyse und bilden die Grundlage f\u00fcr ein tiefreichendes Verst\u00e4ndnis \u00fcber Entstehung und Entwicklung der historischen Bausubstanz. Auftraggeber\/Anlass:Stadtgemeinde Bad Leonfelden (B\u00fcrgermeister Alfred Hartl)Die Stadtgemeinde Bad Leonfelden zielte auf eine Revitalisierung derRead More\" \/>\n<meta property=\"og:url\" content=\"https:\/\/denkmalpflege.tuwien.ac.at\/index.php\/eybl-haeuser\/\" \/>\n<meta property=\"og:site_name\" content=\"Denkmalpflege und Bauen im Bestand\" \/>\n<meta property=\"article:modified_time\" content=\"2023-10-22T10:43:42+00:00\" \/>\n<meta name=\"twitter:card\" content=\"summary_large_image\" \/>\n<meta name=\"twitter:label1\" content=\"Gesch\u00e4tzte Lesezeit\" \/>\n\t<meta name=\"twitter:data1\" content=\"1\u00a0Minute\" \/>\n<script type=\"application\/ld+json\" class=\"yoast-schema-graph\">{\"@context\":\"https:\/\/schema.org\",\"@graph\":[{\"@type\":\"WebPage\",\"@id\":\"https:\/\/denkmalpflege.tuwien.ac.at\/index.php\/eybl-haeuser\/\",\"url\":\"https:\/\/denkmalpflege.tuwien.ac.at\/index.php\/eybl-haeuser\/\",\"name\":\"EYBL-H\u00c4USER - Denkmalpflege und Bauen im Bestand\",\"isPartOf\":{\"@id\":\"https:\/\/denkmalpflege.tuwien.ac.at\/#website\"},\"datePublished\":\"2018-02-19T11:27:33+00:00\",\"dateModified\":\"2023-10-22T10:43:42+00:00\",\"breadcrumb\":{\"@id\":\"https:\/\/denkmalpflege.tuwien.ac.at\/index.php\/eybl-haeuser\/#breadcrumb\"},\"inLanguage\":\"de\",\"potentialAction\":[{\"@type\":\"ReadAction\",\"target\":[\"https:\/\/denkmalpflege.tuwien.ac.at\/index.php\/eybl-haeuser\/\"]}]},{\"@type\":\"BreadcrumbList\",\"@id\":\"https:\/\/denkmalpflege.tuwien.ac.at\/index.php\/eybl-haeuser\/#breadcrumb\",\"itemListElement\":[{\"@type\":\"ListItem\",\"position\":1,\"name\":\"Startseite\",\"item\":\"https:\/\/denkmalpflege.tuwien.ac.at\/\"},{\"@type\":\"ListItem\",\"position\":2,\"name\":\"EYBL-H\u00c4USER\"}]},{\"@type\":\"WebSite\",\"@id\":\"https:\/\/denkmalpflege.tuwien.ac.at\/#website\",\"url\":\"https:\/\/denkmalpflege.tuwien.ac.at\/\",\"name\":\"Denkmalpflege und Bauen im Bestand\",\"description\":\"Denkmalpflege TU Wien\",\"publisher\":{\"@id\":\"https:\/\/denkmalpflege.tuwien.ac.at\/#organization\"},\"potentialAction\":[{\"@type\":\"SearchAction\",\"target\":{\"@type\":\"EntryPoint\",\"urlTemplate\":\"https:\/\/denkmalpflege.tuwien.ac.at\/?s={search_term_string}\"},\"query-input\":{\"@type\":\"PropertyValueSpecification\",\"valueRequired\":true,\"valueName\":\"search_term_string\"}}],\"inLanguage\":\"de\"},{\"@type\":\"Organization\",\"@id\":\"https:\/\/denkmalpflege.tuwien.ac.at\/#organization\",\"name\":\"TU Wien Denkmalpflege und Bauen im Bestand\",\"url\":\"https:\/\/denkmalpflege.tuwien.ac.at\/\",\"logo\":{\"@type\":\"ImageObject\",\"inLanguage\":\"de\",\"@id\":\"https:\/\/denkmalpflege.tuwien.ac.at\/#\/schema\/logo\/image\/\",\"url\":\"https:\/\/denkmalpflege.tuwien.ac.at\/wp-content\/uploads\/2019\/10\/Logo1.png\",\"contentUrl\":\"https:\/\/denkmalpflege.tuwien.ac.at\/wp-content\/uploads\/2019\/10\/Logo1.png\",\"width\":222,\"height\":79,\"caption\":\"TU Wien Denkmalpflege und Bauen im Bestand\"},\"image\":{\"@id\":\"https:\/\/denkmalpflege.tuwien.ac.at\/#\/schema\/logo\/image\/\"}}]}<\/script>\n<!-- \/ Yoast SEO plugin. -->","yoast_head_json":{"title":"EYBL-H\u00c4USER - Denkmalpflege und Bauen im Bestand","robots":{"index":"index","follow":"follow","max-snippet":"max-snippet:-1","max-image-preview":"max-image-preview:large","max-video-preview":"max-video-preview:-1"},"canonical":"https:\/\/denkmalpflege.tuwien.ac.at\/index.php\/eybl-haeuser\/","og_locale":"de_DE","og_type":"article","og_title":"EYBL-H\u00c4USER - Denkmalpflege und Bauen im Bestand","og_description":"\u201eEYBL-H\u00c4USER\u201c IN BAD LEONFELDEN Bauarch\u00e4ologische Befundung und bauhistorische Studie der \u201eEybl-H\u00e4user\u201c in Bad Leonfelden (Ober\u00f6sterreich) unter Ber\u00fccksichtigung der historischen Besitzverh\u00e4ltnisse und Nutzungsfunktionen der Geb\u00e4ude. Die Aufbereitung von Baualterspl\u00e4nen wie auch die detaillierte Baubeschreibung in Form eines Raumbuches dienen der denkmalpflegerischen Wertanalyse und bilden die Grundlage f\u00fcr ein tiefreichendes Verst\u00e4ndnis \u00fcber Entstehung und Entwicklung der historischen Bausubstanz. Auftraggeber\/Anlass:Stadtgemeinde Bad Leonfelden (B\u00fcrgermeister Alfred Hartl)Die Stadtgemeinde Bad Leonfelden zielte auf eine Revitalisierung derRead More","og_url":"https:\/\/denkmalpflege.tuwien.ac.at\/index.php\/eybl-haeuser\/","og_site_name":"Denkmalpflege und Bauen im Bestand","article_modified_time":"2023-10-22T10:43:42+00:00","twitter_card":"summary_large_image","twitter_misc":{"Gesch\u00e4tzte Lesezeit":"1\u00a0Minute"},"schema":{"@context":"https:\/\/schema.org","@graph":[{"@type":"WebPage","@id":"https:\/\/denkmalpflege.tuwien.ac.at\/index.php\/eybl-haeuser\/","url":"https:\/\/denkmalpflege.tuwien.ac.at\/index.php\/eybl-haeuser\/","name":"EYBL-H\u00c4USER - Denkmalpflege und Bauen im Bestand","isPartOf":{"@id":"https:\/\/denkmalpflege.tuwien.ac.at\/#website"},"datePublished":"2018-02-19T11:27:33+00:00","dateModified":"2023-10-22T10:43:42+00:00","breadcrumb":{"@id":"https:\/\/denkmalpflege.tuwien.ac.at\/index.php\/eybl-haeuser\/#breadcrumb"},"inLanguage":"de","potentialAction":[{"@type":"ReadAction","target":["https:\/\/denkmalpflege.tuwien.ac.at\/index.php\/eybl-haeuser\/"]}]},{"@type":"BreadcrumbList","@id":"https:\/\/denkmalpflege.tuwien.ac.at\/index.php\/eybl-haeuser\/#breadcrumb","itemListElement":[{"@type":"ListItem","position":1,"name":"Startseite","item":"https:\/\/denkmalpflege.tuwien.ac.at\/"},{"@type":"ListItem","position":2,"name":"EYBL-H\u00c4USER"}]},{"@type":"WebSite","@id":"https:\/\/denkmalpflege.tuwien.ac.at\/#website","url":"https:\/\/denkmalpflege.tuwien.ac.at\/","name":"Denkmalpflege und Bauen im Bestand","description":"Denkmalpflege TU Wien","publisher":{"@id":"https:\/\/denkmalpflege.tuwien.ac.at\/#organization"},"potentialAction":[{"@type":"SearchAction","target":{"@type":"EntryPoint","urlTemplate":"https:\/\/denkmalpflege.tuwien.ac.at\/?s={search_term_string}"},"query-input":{"@type":"PropertyValueSpecification","valueRequired":true,"valueName":"search_term_string"}}],"inLanguage":"de"},{"@type":"Organization","@id":"https:\/\/denkmalpflege.tuwien.ac.at\/#organization","name":"TU Wien Denkmalpflege und Bauen im Bestand","url":"https:\/\/denkmalpflege.tuwien.ac.at\/","logo":{"@type":"ImageObject","inLanguage":"de","@id":"https:\/\/denkmalpflege.tuwien.ac.at\/#\/schema\/logo\/image\/","url":"https:\/\/denkmalpflege.tuwien.ac.at\/wp-content\/uploads\/2019\/10\/Logo1.png","contentUrl":"https:\/\/denkmalpflege.tuwien.ac.at\/wp-content\/uploads\/2019\/10\/Logo1.png","width":222,"height":79,"caption":"TU Wien Denkmalpflege und Bauen im Bestand"},"image":{"@id":"https:\/\/denkmalpflege.tuwien.ac.at\/#\/schema\/logo\/image\/"}}]}},"_links":{"self":[{"href":"https:\/\/denkmalpflege.tuwien.ac.at\/index.php\/wp-json\/wp\/v2\/pages\/13280","targetHints":{"allow":["GET"]}}],"collection":[{"href":"https:\/\/denkmalpflege.tuwien.ac.at\/index.php\/wp-json\/wp\/v2\/pages"}],"about":[{"href":"https:\/\/denkmalpflege.tuwien.ac.at\/index.php\/wp-json\/wp\/v2\/types\/page"}],"author":[{"embeddable":true,"href":"https:\/\/denkmalpflege.tuwien.ac.at\/index.php\/wp-json\/wp\/v2\/users\/1"}],"replies":[{"embeddable":true,"href":"https:\/\/denkmalpflege.tuwien.ac.at\/index.php\/wp-json\/wp\/v2\/comments?post=13280"}],"version-history":[{"count":9,"href":"https:\/\/denkmalpflege.tuwien.ac.at\/index.php\/wp-json\/wp\/v2\/pages\/13280\/revisions"}],"predecessor-version":[{"id":27939,"href":"https:\/\/denkmalpflege.tuwien.ac.at\/index.php\/wp-json\/wp\/v2\/pages\/13280\/revisions\/27939"}],"wp:attachment":[{"href":"https:\/\/denkmalpflege.tuwien.ac.at\/index.php\/wp-json\/wp\/v2\/media?parent=13280"}],"curies":[{"name":"wp","href":"https:\/\/api.w.org\/{rel}","templated":true}]}}