{"id":13277,"date":"2018-02-19T12:25:14","date_gmt":"2018-02-19T11:25:14","guid":{"rendered":"http:\/\/denkmalpflege.tuwien.ac.at\/?page_id=13277"},"modified":"2023-10-22T12:43:54","modified_gmt":"2023-10-22T10:43:54","slug":"architektur","status":"publish","type":"page","link":"https:\/\/denkmalpflege.tuwien.ac.at\/index.php\/architektur\/","title":{"rendered":"ARCHITEKTUR"},"content":{"rendered":"\t\t<div data-elementor-type=\"wp-page\" data-elementor-id=\"13277\" class=\"elementor elementor-13277\" data-elementor-post-type=\"page\">\n\t\t\t\t\t\t<section class=\"elementor-section elementor-top-section elementor-element elementor-element-4b94dcd1 elementor-section-full_width elementor-section-height-default elementor-section-height-default\" data-id=\"4b94dcd1\" data-element_type=\"section\">\n\t\t\t\t\t\t<div class=\"elementor-container elementor-column-gap-default\">\n\t\t\t\t\t<div class=\"elementor-column elementor-col-100 elementor-top-column elementor-element elementor-element-130a632b\" data-id=\"130a632b\" data-element_type=\"column\">\n\t\t\t<div class=\"elementor-widget-wrap elementor-element-populated\">\n\t\t\t\t\t\t<div class=\"elementor-element elementor-element-38889cb3 lva_h2 elementor-widget elementor-widget-heading\" data-id=\"38889cb3\" data-element_type=\"widget\" data-widget_type=\"heading.default\">\n\t\t\t\t<div class=\"elementor-widget-container\">\n\t\t\t\t\t<h2 class=\"elementor-heading-title elementor-size-default\">ARCHITEKTUR IM VERBUND<\/h2>\t\t\t\t<\/div>\n\t\t\t\t<\/div>\n\t\t\t\t\t<\/div>\n\t\t<\/div>\n\t\t\t\t\t<\/div>\n\t\t<\/section>\n\t\t\t\t<section class=\"elementor-section elementor-top-section elementor-element elementor-element-e3ed5ff elementor-section-full_width elementor-section-height-default elementor-section-height-default\" data-id=\"e3ed5ff\" data-element_type=\"section\">\n\t\t\t\t\t\t<div class=\"elementor-container elementor-column-gap-default\">\n\t\t\t\t\t<div class=\"elementor-column elementor-col-100 elementor-top-column elementor-element elementor-element-cad89d6\" data-id=\"cad89d6\" data-element_type=\"column\">\n\t\t\t<div class=\"elementor-widget-wrap elementor-element-populated\">\n\t\t\t\t\t\t<div class=\"elementor-element elementor-element-26fefa18 elementor-widget elementor-widget-text-editor\" data-id=\"26fefa18\" data-element_type=\"widget\" data-widget_type=\"text-editor.default\">\n\t\t\t\t<div class=\"elementor-widget-container\">\n\t\t\t\t\t\t\t\t\t<p>Die Bestandserfassung der Werksanlagen der \u00d6sterreichischen Elektrizit\u00e4tswirtschafts-Aktiengesellschaft umfasst insgesamt 169 Objekte, und zwar Wasserkraftwerke sowie thermische Kraftwerke als auch die im Netz der Hochspannungsleitungen verbundenen Umspannwerke. Des weiteren verfolgte das Projekt eine denkmalpflegerische Bewertung des Werksbestandes sowie eine bautypologische Orientierung in der Vielfalt des \u00f6sterreichischen Kraftwerksbaues.<\/p><p><strong>Auftraggeber\/Anlass:<\/strong><br \/>\u00d6sterreichische Elektrizit\u00e4tswirtschafts-AG (Verbund)<br \/>Der Auftrag zur Dokumentation der Werksanlagen der \u00d6sterreichischen Elektrizit\u00e4tswirtschaft erfolgte aus Anlass des 60j\u00e4hrigen Bestandsjubil\u00e4ums.<\/p><p><strong>Projektleitung:<\/strong><br \/>Ao. Univ. Prof. Dr. phil. Gerhard A. Stadler<\/p><p><strong>Mitarbeiter und Mitarbeiterinnen:<\/strong><br \/>Mag. Monika Keplinger (Wien), Dipl. Ing. Valentin Wille (Technische Universit\u00e4t Wien)<\/p><p><strong>Projektzeitraum:<\/strong><br \/>2006 \u2013 2008<\/p><p><strong>Ergebnisse:<\/strong><br \/>Gerhard A. Stadler, Manfred Wehdorn unter Mitarbeit von Monika Keplinger und Valentin Wille: Architektur im Verbund (Bd. 100 Schriftenreihe der Forschung im Verbund), Wien \u2013 New York 2007<br \/>Monika Keplinger, Gerhard A. Stadler, Valentin Wille: Architektur im Verbund. Forschungsprojekt, ausgef\u00fchrt von August 2006 bis Juli 2008 (Projektendbericht), Wien 2008<br \/>Valentin Weber-Wille: Architektur von Wasserkraftwerken in \u00d6sterreich, techn. Diss. Wien 2013<\/p><p><strong>Finanzierung:<\/strong><br \/>Verbund (\u00d6sterreichische Elektrizit\u00e4tswirtschafts-AG)<\/p>\t\t\t\t\t\t\t\t<\/div>\n\t\t\t\t<\/div>\n\t\t\t\t\t<\/div>\n\t\t<\/div>\n\t\t\t\t\t<\/div>\n\t\t<\/section>\n\t\t\t\t<\/div>\n\t\t","protected":false},"excerpt":{"rendered":"<p>ARCHITEKTUR IM VERBUND Die Bestandserfassung der Werksanlagen der \u00d6sterreichischen Elektrizit\u00e4tswirtschafts-Aktiengesellschaft umfasst insgesamt 169 Objekte, und zwar Wasserkraftwerke sowie thermische Kraftwerke als auch die im Netz der Hochspannungsleitungen verbundenen Umspannwerke. Des weiteren verfolgte das Projekt eine denkmalpflegerische Bewertung des Werksbestandes sowie eine bautypologische Orientierung in der Vielfalt des \u00f6sterreichischen Kraftwerksbaues. Auftraggeber\/Anlass:\u00d6sterreichische Elektrizit\u00e4tswirtschafts-AG (Verbund)Der Auftrag zur Dokumentation der Werksanlagen der \u00d6sterreichischen Elektrizit\u00e4tswirtschaft erfolgte aus Anlass des 60j\u00e4hrigen Bestandsjubil\u00e4ums. Projektleitung:Ao. Univ. Prof. Dr.<\/p>\n<div class=\"belowpost\"><a class=\"btnmore icon-arrow\" href=\"https:\/\/denkmalpflege.tuwien.ac.at\/index.php\/architektur\/\"><span>Read More<\/span><\/a><\/div>\n","protected":false},"author":1,"featured_media":0,"parent":0,"menu_order":0,"comment_status":"closed","ping_status":"closed","template":"","meta":{"footnotes":""},"class_list":["post-13277","page","type-page","status-publish","hentry"],"yoast_head":"<!-- This site is optimized with the Yoast SEO plugin v26.0 - https:\/\/yoast.com\/wordpress\/plugins\/seo\/ -->\n<title>ARCHITEKTUR - Denkmalpflege und Bauen im Bestand<\/title>\n<meta name=\"robots\" content=\"index, follow, max-snippet:-1, max-image-preview:large, max-video-preview:-1\" \/>\n<link rel=\"canonical\" href=\"https:\/\/denkmalpflege.tuwien.ac.at\/index.php\/architektur\/\" \/>\n<meta property=\"og:locale\" content=\"de_DE\" \/>\n<meta property=\"og:type\" content=\"article\" \/>\n<meta property=\"og:title\" content=\"ARCHITEKTUR - Denkmalpflege und Bauen im Bestand\" \/>\n<meta property=\"og:description\" content=\"ARCHITEKTUR IM VERBUND Die Bestandserfassung der Werksanlagen der \u00d6sterreichischen Elektrizit\u00e4tswirtschafts-Aktiengesellschaft umfasst insgesamt 169 Objekte, und zwar Wasserkraftwerke sowie thermische Kraftwerke als auch die im Netz der Hochspannungsleitungen verbundenen Umspannwerke. Des weiteren verfolgte das Projekt eine denkmalpflegerische Bewertung des Werksbestandes sowie eine bautypologische Orientierung in der Vielfalt des \u00f6sterreichischen Kraftwerksbaues. Auftraggeber\/Anlass:\u00d6sterreichische Elektrizit\u00e4tswirtschafts-AG (Verbund)Der Auftrag zur Dokumentation der Werksanlagen der \u00d6sterreichischen Elektrizit\u00e4tswirtschaft erfolgte aus Anlass des 60j\u00e4hrigen Bestandsjubil\u00e4ums. Projektleitung:Ao. Univ. Prof. Dr.Read More\" \/>\n<meta property=\"og:url\" content=\"https:\/\/denkmalpflege.tuwien.ac.at\/index.php\/architektur\/\" \/>\n<meta property=\"og:site_name\" content=\"Denkmalpflege und Bauen im Bestand\" \/>\n<meta property=\"article:modified_time\" content=\"2023-10-22T10:43:54+00:00\" \/>\n<meta name=\"twitter:card\" content=\"summary_large_image\" \/>\n<meta name=\"twitter:label1\" content=\"Gesch\u00e4tzte Lesezeit\" \/>\n\t<meta name=\"twitter:data1\" content=\"1\u00a0Minute\" \/>\n<script type=\"application\/ld+json\" class=\"yoast-schema-graph\">{\"@context\":\"https:\/\/schema.org\",\"@graph\":[{\"@type\":\"WebPage\",\"@id\":\"https:\/\/denkmalpflege.tuwien.ac.at\/index.php\/architektur\/\",\"url\":\"https:\/\/denkmalpflege.tuwien.ac.at\/index.php\/architektur\/\",\"name\":\"ARCHITEKTUR - Denkmalpflege und Bauen im Bestand\",\"isPartOf\":{\"@id\":\"https:\/\/denkmalpflege.tuwien.ac.at\/#website\"},\"datePublished\":\"2018-02-19T11:25:14+00:00\",\"dateModified\":\"2023-10-22T10:43:54+00:00\",\"breadcrumb\":{\"@id\":\"https:\/\/denkmalpflege.tuwien.ac.at\/index.php\/architektur\/#breadcrumb\"},\"inLanguage\":\"de\",\"potentialAction\":[{\"@type\":\"ReadAction\",\"target\":[\"https:\/\/denkmalpflege.tuwien.ac.at\/index.php\/architektur\/\"]}]},{\"@type\":\"BreadcrumbList\",\"@id\":\"https:\/\/denkmalpflege.tuwien.ac.at\/index.php\/architektur\/#breadcrumb\",\"itemListElement\":[{\"@type\":\"ListItem\",\"position\":1,\"name\":\"Startseite\",\"item\":\"https:\/\/denkmalpflege.tuwien.ac.at\/\"},{\"@type\":\"ListItem\",\"position\":2,\"name\":\"ARCHITEKTUR\"}]},{\"@type\":\"WebSite\",\"@id\":\"https:\/\/denkmalpflege.tuwien.ac.at\/#website\",\"url\":\"https:\/\/denkmalpflege.tuwien.ac.at\/\",\"name\":\"Denkmalpflege und Bauen im Bestand\",\"description\":\"Denkmalpflege TU Wien\",\"publisher\":{\"@id\":\"https:\/\/denkmalpflege.tuwien.ac.at\/#organization\"},\"potentialAction\":[{\"@type\":\"SearchAction\",\"target\":{\"@type\":\"EntryPoint\",\"urlTemplate\":\"https:\/\/denkmalpflege.tuwien.ac.at\/?s={search_term_string}\"},\"query-input\":{\"@type\":\"PropertyValueSpecification\",\"valueRequired\":true,\"valueName\":\"search_term_string\"}}],\"inLanguage\":\"de\"},{\"@type\":\"Organization\",\"@id\":\"https:\/\/denkmalpflege.tuwien.ac.at\/#organization\",\"name\":\"TU Wien Denkmalpflege und Bauen im Bestand\",\"url\":\"https:\/\/denkmalpflege.tuwien.ac.at\/\",\"logo\":{\"@type\":\"ImageObject\",\"inLanguage\":\"de\",\"@id\":\"https:\/\/denkmalpflege.tuwien.ac.at\/#\/schema\/logo\/image\/\",\"url\":\"https:\/\/denkmalpflege.tuwien.ac.at\/wp-content\/uploads\/2019\/10\/Logo1.png\",\"contentUrl\":\"https:\/\/denkmalpflege.tuwien.ac.at\/wp-content\/uploads\/2019\/10\/Logo1.png\",\"width\":222,\"height\":79,\"caption\":\"TU Wien Denkmalpflege und Bauen im Bestand\"},\"image\":{\"@id\":\"https:\/\/denkmalpflege.tuwien.ac.at\/#\/schema\/logo\/image\/\"}}]}<\/script>\n<!-- \/ Yoast SEO plugin. -->","yoast_head_json":{"title":"ARCHITEKTUR - Denkmalpflege und Bauen im Bestand","robots":{"index":"index","follow":"follow","max-snippet":"max-snippet:-1","max-image-preview":"max-image-preview:large","max-video-preview":"max-video-preview:-1"},"canonical":"https:\/\/denkmalpflege.tuwien.ac.at\/index.php\/architektur\/","og_locale":"de_DE","og_type":"article","og_title":"ARCHITEKTUR - Denkmalpflege und Bauen im Bestand","og_description":"ARCHITEKTUR IM VERBUND Die Bestandserfassung der Werksanlagen der \u00d6sterreichischen Elektrizit\u00e4tswirtschafts-Aktiengesellschaft umfasst insgesamt 169 Objekte, und zwar Wasserkraftwerke sowie thermische Kraftwerke als auch die im Netz der Hochspannungsleitungen verbundenen Umspannwerke. Des weiteren verfolgte das Projekt eine denkmalpflegerische Bewertung des Werksbestandes sowie eine bautypologische Orientierung in der Vielfalt des \u00f6sterreichischen Kraftwerksbaues. Auftraggeber\/Anlass:\u00d6sterreichische Elektrizit\u00e4tswirtschafts-AG (Verbund)Der Auftrag zur Dokumentation der Werksanlagen der \u00d6sterreichischen Elektrizit\u00e4tswirtschaft erfolgte aus Anlass des 60j\u00e4hrigen Bestandsjubil\u00e4ums. Projektleitung:Ao. Univ. Prof. Dr.Read More","og_url":"https:\/\/denkmalpflege.tuwien.ac.at\/index.php\/architektur\/","og_site_name":"Denkmalpflege und Bauen im Bestand","article_modified_time":"2023-10-22T10:43:54+00:00","twitter_card":"summary_large_image","twitter_misc":{"Gesch\u00e4tzte Lesezeit":"1\u00a0Minute"},"schema":{"@context":"https:\/\/schema.org","@graph":[{"@type":"WebPage","@id":"https:\/\/denkmalpflege.tuwien.ac.at\/index.php\/architektur\/","url":"https:\/\/denkmalpflege.tuwien.ac.at\/index.php\/architektur\/","name":"ARCHITEKTUR - Denkmalpflege und Bauen im Bestand","isPartOf":{"@id":"https:\/\/denkmalpflege.tuwien.ac.at\/#website"},"datePublished":"2018-02-19T11:25:14+00:00","dateModified":"2023-10-22T10:43:54+00:00","breadcrumb":{"@id":"https:\/\/denkmalpflege.tuwien.ac.at\/index.php\/architektur\/#breadcrumb"},"inLanguage":"de","potentialAction":[{"@type":"ReadAction","target":["https:\/\/denkmalpflege.tuwien.ac.at\/index.php\/architektur\/"]}]},{"@type":"BreadcrumbList","@id":"https:\/\/denkmalpflege.tuwien.ac.at\/index.php\/architektur\/#breadcrumb","itemListElement":[{"@type":"ListItem","position":1,"name":"Startseite","item":"https:\/\/denkmalpflege.tuwien.ac.at\/"},{"@type":"ListItem","position":2,"name":"ARCHITEKTUR"}]},{"@type":"WebSite","@id":"https:\/\/denkmalpflege.tuwien.ac.at\/#website","url":"https:\/\/denkmalpflege.tuwien.ac.at\/","name":"Denkmalpflege und Bauen im Bestand","description":"Denkmalpflege TU Wien","publisher":{"@id":"https:\/\/denkmalpflege.tuwien.ac.at\/#organization"},"potentialAction":[{"@type":"SearchAction","target":{"@type":"EntryPoint","urlTemplate":"https:\/\/denkmalpflege.tuwien.ac.at\/?s={search_term_string}"},"query-input":{"@type":"PropertyValueSpecification","valueRequired":true,"valueName":"search_term_string"}}],"inLanguage":"de"},{"@type":"Organization","@id":"https:\/\/denkmalpflege.tuwien.ac.at\/#organization","name":"TU Wien Denkmalpflege und Bauen im Bestand","url":"https:\/\/denkmalpflege.tuwien.ac.at\/","logo":{"@type":"ImageObject","inLanguage":"de","@id":"https:\/\/denkmalpflege.tuwien.ac.at\/#\/schema\/logo\/image\/","url":"https:\/\/denkmalpflege.tuwien.ac.at\/wp-content\/uploads\/2019\/10\/Logo1.png","contentUrl":"https:\/\/denkmalpflege.tuwien.ac.at\/wp-content\/uploads\/2019\/10\/Logo1.png","width":222,"height":79,"caption":"TU Wien Denkmalpflege und Bauen im Bestand"},"image":{"@id":"https:\/\/denkmalpflege.tuwien.ac.at\/#\/schema\/logo\/image\/"}}]}},"_links":{"self":[{"href":"https:\/\/denkmalpflege.tuwien.ac.at\/index.php\/wp-json\/wp\/v2\/pages\/13277","targetHints":{"allow":["GET"]}}],"collection":[{"href":"https:\/\/denkmalpflege.tuwien.ac.at\/index.php\/wp-json\/wp\/v2\/pages"}],"about":[{"href":"https:\/\/denkmalpflege.tuwien.ac.at\/index.php\/wp-json\/wp\/v2\/types\/page"}],"author":[{"embeddable":true,"href":"https:\/\/denkmalpflege.tuwien.ac.at\/index.php\/wp-json\/wp\/v2\/users\/1"}],"replies":[{"embeddable":true,"href":"https:\/\/denkmalpflege.tuwien.ac.at\/index.php\/wp-json\/wp\/v2\/comments?post=13277"}],"version-history":[{"count":9,"href":"https:\/\/denkmalpflege.tuwien.ac.at\/index.php\/wp-json\/wp\/v2\/pages\/13277\/revisions"}],"predecessor-version":[{"id":27942,"href":"https:\/\/denkmalpflege.tuwien.ac.at\/index.php\/wp-json\/wp\/v2\/pages\/13277\/revisions\/27942"}],"wp:attachment":[{"href":"https:\/\/denkmalpflege.tuwien.ac.at\/index.php\/wp-json\/wp\/v2\/media?parent=13277"}],"curies":[{"name":"wp","href":"https:\/\/api.w.org\/{rel}","templated":true}]}}