{"id":13268,"date":"2018-02-19T12:16:46","date_gmt":"2018-02-19T11:16:46","guid":{"rendered":"http:\/\/denkmalpflege.tuwien.ac.at\/?page_id=13268"},"modified":"2023-10-22T12:44:07","modified_gmt":"2023-10-22T10:44:07","slug":"kulturzentrum","status":"publish","type":"page","link":"https:\/\/denkmalpflege.tuwien.ac.at\/index.php\/kulturzentrum\/","title":{"rendered":"KULTURZENTRUM"},"content":{"rendered":"\t\t<div data-elementor-type=\"wp-page\" data-elementor-id=\"13268\" class=\"elementor elementor-13268\" data-elementor-post-type=\"page\">\n\t\t\t\t\t\t<section class=\"elementor-section elementor-top-section elementor-element elementor-element-2c220fc9 elementor-section-full_width elementor-section-height-default elementor-section-height-default\" data-id=\"2c220fc9\" data-element_type=\"section\">\n\t\t\t\t\t\t<div class=\"elementor-container elementor-column-gap-default\">\n\t\t\t\t\t<div class=\"elementor-column elementor-col-100 elementor-top-column elementor-element elementor-element-5c0d3b22\" data-id=\"5c0d3b22\" data-element_type=\"column\">\n\t\t\t<div class=\"elementor-widget-wrap elementor-element-populated\">\n\t\t\t\t\t\t<div class=\"elementor-element elementor-element-467d0432 lva_h2 elementor-widget elementor-widget-heading\" data-id=\"467d0432\" data-element_type=\"widget\" data-widget_type=\"heading.default\">\n\t\t\t\t<div class=\"elementor-widget-container\">\n\t\t\t\t\t<h2 class=\"elementor-heading-title elementor-size-default\">KULTURZENTRUM HELFENBERG<\/h2>\t\t\t\t<\/div>\n\t\t\t\t<\/div>\n\t\t\t\t\t<\/div>\n\t\t<\/div>\n\t\t\t\t\t<\/div>\n\t\t<\/section>\n\t\t\t\t<section class=\"elementor-section elementor-top-section elementor-element elementor-element-561c5b00 elementor-section-full_width elementor-section-height-default elementor-section-height-default\" data-id=\"561c5b00\" data-element_type=\"section\">\n\t\t\t\t\t\t<div class=\"elementor-container elementor-column-gap-default\">\n\t\t\t\t\t<div class=\"elementor-column elementor-col-100 elementor-top-column elementor-element elementor-element-3a16687c\" data-id=\"3a16687c\" data-element_type=\"column\">\n\t\t\t<div class=\"elementor-widget-wrap elementor-element-populated\">\n\t\t\t\t\t\t<div class=\"elementor-element elementor-element-7fe65a6d elementor-widget elementor-widget-text-editor\" data-id=\"7fe65a6d\" data-element_type=\"widget\" data-widget_type=\"text-editor.default\">\n\t\t\t\t<div class=\"elementor-widget-container\">\n\t\t\t\t\t\t\t\t\t<p>Projektstudie zur geplanten Revitalisierung der ehemaligen Leinenwarenfabrik Simonetta &amp; Cie. beziehungsweise Textilwerke M. Gollner &amp; Co. in Helfenberg, Ober\u00f6sterreich.<\/p><p><strong>Auftraggeber\/Anlass:<\/strong><br \/>Helfenberger Immobilien LLC &amp; Co. KEG (Mag. Hannes B\u00f6ck)<br \/>Den Anlass f\u00fcr die Projektstudie bildeten die wirtschaftliche Verwertung der Liegenschaft sowie die geplante bauliche Umgestaltung der Fabriksgeb\u00e4ude.<\/p><p><strong>Projektleitung:<\/strong><br \/>Ao. Univ. Prof. Dr. phil. Gerhard A. Stadler<\/p><p><strong>Projektzeitraum:<\/strong><br \/>2003 bis 2006<\/p><p><strong>Ergebnisse:<\/strong><br \/>Gerhard A. Stadler, Matthias Bachl, Kathrin Gr\u00fcnstetter, Ulrich Koller, Markus Lackinger, G\u00fcnter Penninger, Ronald Postl, Markus Rausch, Bettina Scheiber, Ana-Maria Simionovici, Stephan Smutny, Stefan T\u00f6plitzer, Veit Vielhaber, Stephan Werner, Andreas Zeese: Revitalisierung der ehem. Textilwerke Simonetta\/Gollner, Helfenberg in Ober\u00f6sterreich. Analysen, Wien 2004<br \/>Ausstellung und Pr\u00e4sentation der Entwerfen-\u00dcbung in der Alten F\u00e4rberei der ehemaligen Leinenwarenfabrik Simonetta &amp; Cie. bzw. Textilwerke M. Gollner &amp; Co. in Helfenberg am 5. M\u00e4rz 2004<br \/>Gerhard A. Stadler: Projektstudie \u201eKulturzentrum Helfenberg\u201c, Linz \u2013 Wien 2006.<\/p><p><strong>Finanzierung:<\/strong><br \/>Helfenberger Immobilien LLC &amp; Co. KEG<\/p>\t\t\t\t\t\t\t\t<\/div>\n\t\t\t\t<\/div>\n\t\t\t\t\t<\/div>\n\t\t<\/div>\n\t\t\t\t\t<\/div>\n\t\t<\/section>\n\t\t\t\t<\/div>\n\t\t","protected":false},"excerpt":{"rendered":"<p>KULTURZENTRUM HELFENBERG Projektstudie zur geplanten Revitalisierung der ehemaligen Leinenwarenfabrik Simonetta &amp; Cie. beziehungsweise Textilwerke M. Gollner &amp; Co. in Helfenberg, Ober\u00f6sterreich. Auftraggeber\/Anlass:Helfenberger Immobilien LLC &amp; Co. KEG (Mag. Hannes B\u00f6ck)Den Anlass f\u00fcr die Projektstudie bildeten die wirtschaftliche Verwertung der Liegenschaft sowie die geplante bauliche Umgestaltung der Fabriksgeb\u00e4ude. Projektleitung:Ao. Univ. Prof. Dr. phil. Gerhard A. Stadler Projektzeitraum:2003 bis 2006 Ergebnisse:Gerhard A. Stadler, Matthias Bachl, Kathrin Gr\u00fcnstetter, Ulrich Koller, Markus Lackinger, G\u00fcnter<\/p>\n<div class=\"belowpost\"><a class=\"btnmore icon-arrow\" href=\"https:\/\/denkmalpflege.tuwien.ac.at\/index.php\/kulturzentrum\/\"><span>Read More<\/span><\/a><\/div>\n","protected":false},"author":1,"featured_media":0,"parent":0,"menu_order":0,"comment_status":"closed","ping_status":"closed","template":"","meta":{"footnotes":""},"class_list":["post-13268","page","type-page","status-publish","hentry"],"yoast_head":"<!-- This site is optimized with the Yoast SEO plugin v26.0 - https:\/\/yoast.com\/wordpress\/plugins\/seo\/ -->\n<title>KULTURZENTRUM - Denkmalpflege und Bauen im Bestand<\/title>\n<meta name=\"robots\" content=\"index, follow, max-snippet:-1, max-image-preview:large, max-video-preview:-1\" \/>\n<link rel=\"canonical\" href=\"https:\/\/denkmalpflege.tuwien.ac.at\/index.php\/kulturzentrum\/\" \/>\n<meta property=\"og:locale\" content=\"de_DE\" \/>\n<meta property=\"og:type\" content=\"article\" \/>\n<meta property=\"og:title\" content=\"KULTURZENTRUM - Denkmalpflege und Bauen im Bestand\" \/>\n<meta property=\"og:description\" content=\"KULTURZENTRUM HELFENBERG Projektstudie zur geplanten Revitalisierung der ehemaligen Leinenwarenfabrik Simonetta &amp; Cie. beziehungsweise Textilwerke M. Gollner &amp; Co. in Helfenberg, Ober\u00f6sterreich. Auftraggeber\/Anlass:Helfenberger Immobilien LLC &amp; Co. KEG (Mag. Hannes B\u00f6ck)Den Anlass f\u00fcr die Projektstudie bildeten die wirtschaftliche Verwertung der Liegenschaft sowie die geplante bauliche Umgestaltung der Fabriksgeb\u00e4ude. Projektleitung:Ao. Univ. Prof. Dr. phil. Gerhard A. Stadler Projektzeitraum:2003 bis 2006 Ergebnisse:Gerhard A. Stadler, Matthias Bachl, Kathrin Gr\u00fcnstetter, Ulrich Koller, Markus Lackinger, G\u00fcnterRead More\" \/>\n<meta property=\"og:url\" content=\"https:\/\/denkmalpflege.tuwien.ac.at\/index.php\/kulturzentrum\/\" \/>\n<meta property=\"og:site_name\" content=\"Denkmalpflege und Bauen im Bestand\" \/>\n<meta property=\"article:modified_time\" content=\"2023-10-22T10:44:07+00:00\" \/>\n<meta name=\"twitter:card\" content=\"summary_large_image\" \/>\n<meta name=\"twitter:label1\" content=\"Gesch\u00e4tzte Lesezeit\" \/>\n\t<meta name=\"twitter:data1\" content=\"1\u00a0Minute\" \/>\n<script type=\"application\/ld+json\" class=\"yoast-schema-graph\">{\"@context\":\"https:\/\/schema.org\",\"@graph\":[{\"@type\":\"WebPage\",\"@id\":\"https:\/\/denkmalpflege.tuwien.ac.at\/index.php\/kulturzentrum\/\",\"url\":\"https:\/\/denkmalpflege.tuwien.ac.at\/index.php\/kulturzentrum\/\",\"name\":\"KULTURZENTRUM - Denkmalpflege und Bauen im Bestand\",\"isPartOf\":{\"@id\":\"https:\/\/denkmalpflege.tuwien.ac.at\/#website\"},\"datePublished\":\"2018-02-19T11:16:46+00:00\",\"dateModified\":\"2023-10-22T10:44:07+00:00\",\"breadcrumb\":{\"@id\":\"https:\/\/denkmalpflege.tuwien.ac.at\/index.php\/kulturzentrum\/#breadcrumb\"},\"inLanguage\":\"de\",\"potentialAction\":[{\"@type\":\"ReadAction\",\"target\":[\"https:\/\/denkmalpflege.tuwien.ac.at\/index.php\/kulturzentrum\/\"]}]},{\"@type\":\"BreadcrumbList\",\"@id\":\"https:\/\/denkmalpflege.tuwien.ac.at\/index.php\/kulturzentrum\/#breadcrumb\",\"itemListElement\":[{\"@type\":\"ListItem\",\"position\":1,\"name\":\"Startseite\",\"item\":\"https:\/\/denkmalpflege.tuwien.ac.at\/\"},{\"@type\":\"ListItem\",\"position\":2,\"name\":\"KULTURZENTRUM\"}]},{\"@type\":\"WebSite\",\"@id\":\"https:\/\/denkmalpflege.tuwien.ac.at\/#website\",\"url\":\"https:\/\/denkmalpflege.tuwien.ac.at\/\",\"name\":\"Denkmalpflege und Bauen im Bestand\",\"description\":\"Denkmalpflege TU Wien\",\"publisher\":{\"@id\":\"https:\/\/denkmalpflege.tuwien.ac.at\/#organization\"},\"potentialAction\":[{\"@type\":\"SearchAction\",\"target\":{\"@type\":\"EntryPoint\",\"urlTemplate\":\"https:\/\/denkmalpflege.tuwien.ac.at\/?s={search_term_string}\"},\"query-input\":{\"@type\":\"PropertyValueSpecification\",\"valueRequired\":true,\"valueName\":\"search_term_string\"}}],\"inLanguage\":\"de\"},{\"@type\":\"Organization\",\"@id\":\"https:\/\/denkmalpflege.tuwien.ac.at\/#organization\",\"name\":\"TU Wien Denkmalpflege und Bauen im Bestand\",\"url\":\"https:\/\/denkmalpflege.tuwien.ac.at\/\",\"logo\":{\"@type\":\"ImageObject\",\"inLanguage\":\"de\",\"@id\":\"https:\/\/denkmalpflege.tuwien.ac.at\/#\/schema\/logo\/image\/\",\"url\":\"https:\/\/denkmalpflege.tuwien.ac.at\/wp-content\/uploads\/2019\/10\/Logo1.png\",\"contentUrl\":\"https:\/\/denkmalpflege.tuwien.ac.at\/wp-content\/uploads\/2019\/10\/Logo1.png\",\"width\":222,\"height\":79,\"caption\":\"TU Wien Denkmalpflege und Bauen im Bestand\"},\"image\":{\"@id\":\"https:\/\/denkmalpflege.tuwien.ac.at\/#\/schema\/logo\/image\/\"}}]}<\/script>\n<!-- \/ Yoast SEO plugin. -->","yoast_head_json":{"title":"KULTURZENTRUM - Denkmalpflege und Bauen im Bestand","robots":{"index":"index","follow":"follow","max-snippet":"max-snippet:-1","max-image-preview":"max-image-preview:large","max-video-preview":"max-video-preview:-1"},"canonical":"https:\/\/denkmalpflege.tuwien.ac.at\/index.php\/kulturzentrum\/","og_locale":"de_DE","og_type":"article","og_title":"KULTURZENTRUM - Denkmalpflege und Bauen im Bestand","og_description":"KULTURZENTRUM HELFENBERG Projektstudie zur geplanten Revitalisierung der ehemaligen Leinenwarenfabrik Simonetta &amp; Cie. beziehungsweise Textilwerke M. Gollner &amp; Co. in Helfenberg, Ober\u00f6sterreich. Auftraggeber\/Anlass:Helfenberger Immobilien LLC &amp; Co. KEG (Mag. Hannes B\u00f6ck)Den Anlass f\u00fcr die Projektstudie bildeten die wirtschaftliche Verwertung der Liegenschaft sowie die geplante bauliche Umgestaltung der Fabriksgeb\u00e4ude. Projektleitung:Ao. Univ. Prof. Dr. phil. Gerhard A. Stadler Projektzeitraum:2003 bis 2006 Ergebnisse:Gerhard A. Stadler, Matthias Bachl, Kathrin Gr\u00fcnstetter, Ulrich Koller, Markus Lackinger, G\u00fcnterRead More","og_url":"https:\/\/denkmalpflege.tuwien.ac.at\/index.php\/kulturzentrum\/","og_site_name":"Denkmalpflege und Bauen im Bestand","article_modified_time":"2023-10-22T10:44:07+00:00","twitter_card":"summary_large_image","twitter_misc":{"Gesch\u00e4tzte Lesezeit":"1\u00a0Minute"},"schema":{"@context":"https:\/\/schema.org","@graph":[{"@type":"WebPage","@id":"https:\/\/denkmalpflege.tuwien.ac.at\/index.php\/kulturzentrum\/","url":"https:\/\/denkmalpflege.tuwien.ac.at\/index.php\/kulturzentrum\/","name":"KULTURZENTRUM - Denkmalpflege und Bauen im Bestand","isPartOf":{"@id":"https:\/\/denkmalpflege.tuwien.ac.at\/#website"},"datePublished":"2018-02-19T11:16:46+00:00","dateModified":"2023-10-22T10:44:07+00:00","breadcrumb":{"@id":"https:\/\/denkmalpflege.tuwien.ac.at\/index.php\/kulturzentrum\/#breadcrumb"},"inLanguage":"de","potentialAction":[{"@type":"ReadAction","target":["https:\/\/denkmalpflege.tuwien.ac.at\/index.php\/kulturzentrum\/"]}]},{"@type":"BreadcrumbList","@id":"https:\/\/denkmalpflege.tuwien.ac.at\/index.php\/kulturzentrum\/#breadcrumb","itemListElement":[{"@type":"ListItem","position":1,"name":"Startseite","item":"https:\/\/denkmalpflege.tuwien.ac.at\/"},{"@type":"ListItem","position":2,"name":"KULTURZENTRUM"}]},{"@type":"WebSite","@id":"https:\/\/denkmalpflege.tuwien.ac.at\/#website","url":"https:\/\/denkmalpflege.tuwien.ac.at\/","name":"Denkmalpflege und Bauen im Bestand","description":"Denkmalpflege TU Wien","publisher":{"@id":"https:\/\/denkmalpflege.tuwien.ac.at\/#organization"},"potentialAction":[{"@type":"SearchAction","target":{"@type":"EntryPoint","urlTemplate":"https:\/\/denkmalpflege.tuwien.ac.at\/?s={search_term_string}"},"query-input":{"@type":"PropertyValueSpecification","valueRequired":true,"valueName":"search_term_string"}}],"inLanguage":"de"},{"@type":"Organization","@id":"https:\/\/denkmalpflege.tuwien.ac.at\/#organization","name":"TU Wien Denkmalpflege und Bauen im Bestand","url":"https:\/\/denkmalpflege.tuwien.ac.at\/","logo":{"@type":"ImageObject","inLanguage":"de","@id":"https:\/\/denkmalpflege.tuwien.ac.at\/#\/schema\/logo\/image\/","url":"https:\/\/denkmalpflege.tuwien.ac.at\/wp-content\/uploads\/2019\/10\/Logo1.png","contentUrl":"https:\/\/denkmalpflege.tuwien.ac.at\/wp-content\/uploads\/2019\/10\/Logo1.png","width":222,"height":79,"caption":"TU Wien Denkmalpflege und Bauen im Bestand"},"image":{"@id":"https:\/\/denkmalpflege.tuwien.ac.at\/#\/schema\/logo\/image\/"}}]}},"_links":{"self":[{"href":"https:\/\/denkmalpflege.tuwien.ac.at\/index.php\/wp-json\/wp\/v2\/pages\/13268","targetHints":{"allow":["GET"]}}],"collection":[{"href":"https:\/\/denkmalpflege.tuwien.ac.at\/index.php\/wp-json\/wp\/v2\/pages"}],"about":[{"href":"https:\/\/denkmalpflege.tuwien.ac.at\/index.php\/wp-json\/wp\/v2\/types\/page"}],"author":[{"embeddable":true,"href":"https:\/\/denkmalpflege.tuwien.ac.at\/index.php\/wp-json\/wp\/v2\/users\/1"}],"replies":[{"embeddable":true,"href":"https:\/\/denkmalpflege.tuwien.ac.at\/index.php\/wp-json\/wp\/v2\/comments?post=13268"}],"version-history":[{"count":9,"href":"https:\/\/denkmalpflege.tuwien.ac.at\/index.php\/wp-json\/wp\/v2\/pages\/13268\/revisions"}],"predecessor-version":[{"id":27945,"href":"https:\/\/denkmalpflege.tuwien.ac.at\/index.php\/wp-json\/wp\/v2\/pages\/13268\/revisions\/27945"}],"wp:attachment":[{"href":"https:\/\/denkmalpflege.tuwien.ac.at\/index.php\/wp-json\/wp\/v2\/media?parent=13268"}],"curies":[{"name":"wp","href":"https:\/\/api.w.org\/{rel}","templated":true}]}}