{"id":13262,"date":"2018-02-19T12:12:45","date_gmt":"2018-02-19T11:12:45","guid":{"rendered":"http:\/\/denkmalpflege.tuwien.ac.at\/?page_id=13262"},"modified":"2023-10-22T12:44:20","modified_gmt":"2023-10-22T10:44:20","slug":"euthanasie","status":"publish","type":"page","link":"https:\/\/denkmalpflege.tuwien.ac.at\/index.php\/euthanasie\/","title":{"rendered":"EUTHANASIE"},"content":{"rendered":"\t\t<div data-elementor-type=\"wp-page\" data-elementor-id=\"13262\" class=\"elementor elementor-13262\" data-elementor-post-type=\"page\">\n\t\t\t\t\t\t<section class=\"elementor-section elementor-top-section elementor-element elementor-element-c742860 elementor-section-full_width elementor-section-height-default elementor-section-height-default\" data-id=\"c742860\" data-element_type=\"section\">\n\t\t\t\t\t\t<div class=\"elementor-container elementor-column-gap-default\">\n\t\t\t\t\t<div class=\"elementor-column elementor-col-100 elementor-top-column elementor-element elementor-element-10a10686\" data-id=\"10a10686\" data-element_type=\"column\">\n\t\t\t<div class=\"elementor-widget-wrap elementor-element-populated\">\n\t\t\t\t\t\t<div class=\"elementor-element elementor-element-3e84f6ef lva_h2 elementor-widget elementor-widget-heading\" data-id=\"3e84f6ef\" data-element_type=\"widget\" data-widget_type=\"heading.default\">\n\t\t\t\t<div class=\"elementor-widget-container\">\n\t\t\t\t\t<h2 class=\"elementor-heading-title elementor-size-default\">\u201eEUTHANASIE\u201c-ANSTALT SCHLOSS HARTHEIM. ARCH\u00c4OLOGISCHE ANALYSE<\/h2>\t\t\t\t<\/div>\n\t\t\t\t<\/div>\n\t\t\t\t\t<\/div>\n\t\t<\/div>\n\t\t\t\t\t<\/div>\n\t\t<\/section>\n\t\t\t\t<section class=\"elementor-section elementor-top-section elementor-element elementor-element-3b6042e0 elementor-section-full_width elementor-section-height-default elementor-section-height-default\" data-id=\"3b6042e0\" data-element_type=\"section\">\n\t\t\t\t\t\t<div class=\"elementor-container elementor-column-gap-default\">\n\t\t\t\t\t<div class=\"elementor-column elementor-col-100 elementor-top-column elementor-element elementor-element-5fcaae88\" data-id=\"5fcaae88\" data-element_type=\"column\">\n\t\t\t<div class=\"elementor-widget-wrap elementor-element-populated\">\n\t\t\t\t\t\t<div class=\"elementor-element elementor-element-f59cbda elementor-widget elementor-widget-text-editor\" data-id=\"f59cbda\" data-element_type=\"widget\" data-widget_type=\"text-editor.default\">\n\t\t\t\t<div class=\"elementor-widget-container\">\n\t\t\t\t\t\t\t\t\t<div class=\"greyfield\"><p>Die bauhistorische Untersuchung und Interpretation von Fundamentresten und weitgehend zerst\u00f6rten Baumaterialien auf dem Areal der ehemaligen nationalsozialistischen \u201eEuthanasie\u201c-Anstalt in Schloss Hartheim in Ober\u00f6sterreich erfolgte im Rahmen einer Rekonstruktion der T\u00f6tungsstrecke.<\/p><div class=\"breakline\">\u00a0<\/div><\/div><p><strong>Auftraggeber:<\/strong><br \/>Verein Schloss Hartheim (Dr. Hartmut Reese)<\/p><p><strong>Projektleitung:<\/strong><br \/>Ao. Univ. Prof. Dr. phil. Gerhard A. Stadler<\/p><p><strong>Mitarbeiter und Mitarbeiterinnen:<\/strong><br \/>Dipl. Ing. Johannes Sima und Ursula Wackenreuther (Bundesdenkmalamt Wien)<\/p><p><strong>Projektzeitraum:<\/strong><br \/>2003<\/p><p><strong>Ergebnisse:<\/strong><br \/>Gerhard A. Stadler in Zusammenarbeit mit Johannes Sima und Ursula Wackenreuther: Bauschuttanalyse im Rahmen arch\u00e4ologischer Forschungen betreffend die nationalsozialistischen \u201eEuthanasie\u201c-Anstalt Schloss Hartheim. Im Auftrag des Vereins Schloss Hartheim. Technische Universit\u00e4t Wien 2003<br \/>Brigitte Kepplinger (Red.): wert des lebens. GEDENKEN lernen \u2013 begreifen. Begleitpublikation zur Ausstellung des Landes O\u00d6. In Schloss Hartheim 2003, hg. vom Institut f\u00fcr Gesellschafts- und Sozialpolitik an der Johannes Kepler-Universit\u00e4t Linz gemeinsam mit O\u00d6. Landeskulturdirektion und O\u00d6. Landesarchiv. Linz 2003<\/p><p><strong>Finanzierung:<\/strong><br \/>Verein Schloss Hartheim<\/p>\t\t\t\t\t\t\t\t<\/div>\n\t\t\t\t<\/div>\n\t\t\t\t\t<\/div>\n\t\t<\/div>\n\t\t\t\t\t<\/div>\n\t\t<\/section>\n\t\t\t\t<\/div>\n\t\t","protected":false},"excerpt":{"rendered":"<p>\u201eEUTHANASIE\u201c-ANSTALT SCHLOSS HARTHEIM. ARCH\u00c4OLOGISCHE ANALYSE Die bauhistorische Untersuchung und Interpretation von Fundamentresten und weitgehend zerst\u00f6rten Baumaterialien auf dem Areal der ehemaligen nationalsozialistischen \u201eEuthanasie\u201c-Anstalt in Schloss Hartheim in Ober\u00f6sterreich erfolgte im Rahmen einer Rekonstruktion der T\u00f6tungsstrecke. \u00a0 Auftraggeber:Verein Schloss Hartheim (Dr. Hartmut Reese) Projektleitung:Ao. Univ. Prof. Dr. phil. Gerhard A. Stadler Mitarbeiter und Mitarbeiterinnen:Dipl. Ing. Johannes Sima und Ursula Wackenreuther (Bundesdenkmalamt Wien) Projektzeitraum:2003 Ergebnisse:Gerhard A. Stadler in Zusammenarbeit mit Johannes Sima<\/p>\n<div class=\"belowpost\"><a class=\"btnmore icon-arrow\" href=\"https:\/\/denkmalpflege.tuwien.ac.at\/index.php\/euthanasie\/\"><span>Read More<\/span><\/a><\/div>\n","protected":false},"author":1,"featured_media":0,"parent":0,"menu_order":0,"comment_status":"closed","ping_status":"closed","template":"","meta":{"footnotes":""},"class_list":["post-13262","page","type-page","status-publish","hentry"],"yoast_head":"<!-- This site is optimized with the Yoast SEO plugin v26.0 - https:\/\/yoast.com\/wordpress\/plugins\/seo\/ -->\n<title>EUTHANASIE - Denkmalpflege und Bauen im Bestand<\/title>\n<meta name=\"robots\" content=\"index, follow, max-snippet:-1, max-image-preview:large, max-video-preview:-1\" \/>\n<link rel=\"canonical\" href=\"https:\/\/denkmalpflege.tuwien.ac.at\/index.php\/euthanasie\/\" \/>\n<meta property=\"og:locale\" content=\"de_DE\" \/>\n<meta property=\"og:type\" content=\"article\" \/>\n<meta property=\"og:title\" content=\"EUTHANASIE - Denkmalpflege und Bauen im Bestand\" \/>\n<meta property=\"og:description\" content=\"\u201eEUTHANASIE\u201c-ANSTALT SCHLOSS HARTHEIM. ARCH\u00c4OLOGISCHE ANALYSE Die bauhistorische Untersuchung und Interpretation von Fundamentresten und weitgehend zerst\u00f6rten Baumaterialien auf dem Areal der ehemaligen nationalsozialistischen \u201eEuthanasie\u201c-Anstalt in Schloss Hartheim in Ober\u00f6sterreich erfolgte im Rahmen einer Rekonstruktion der T\u00f6tungsstrecke. \u00a0 Auftraggeber:Verein Schloss Hartheim (Dr. Hartmut Reese) Projektleitung:Ao. Univ. Prof. Dr. phil. Gerhard A. Stadler Mitarbeiter und Mitarbeiterinnen:Dipl. Ing. Johannes Sima und Ursula Wackenreuther (Bundesdenkmalamt Wien) Projektzeitraum:2003 Ergebnisse:Gerhard A. Stadler in Zusammenarbeit mit Johannes SimaRead More\" \/>\n<meta property=\"og:url\" content=\"https:\/\/denkmalpflege.tuwien.ac.at\/index.php\/euthanasie\/\" \/>\n<meta property=\"og:site_name\" content=\"Denkmalpflege und Bauen im Bestand\" \/>\n<meta property=\"article:modified_time\" content=\"2023-10-22T10:44:20+00:00\" \/>\n<meta name=\"twitter:card\" content=\"summary_large_image\" \/>\n<meta name=\"twitter:label1\" content=\"Gesch\u00e4tzte Lesezeit\" \/>\n\t<meta name=\"twitter:data1\" content=\"1\u00a0Minute\" \/>\n<script type=\"application\/ld+json\" class=\"yoast-schema-graph\">{\"@context\":\"https:\/\/schema.org\",\"@graph\":[{\"@type\":\"WebPage\",\"@id\":\"https:\/\/denkmalpflege.tuwien.ac.at\/index.php\/euthanasie\/\",\"url\":\"https:\/\/denkmalpflege.tuwien.ac.at\/index.php\/euthanasie\/\",\"name\":\"EUTHANASIE - Denkmalpflege und Bauen im Bestand\",\"isPartOf\":{\"@id\":\"https:\/\/denkmalpflege.tuwien.ac.at\/#website\"},\"datePublished\":\"2018-02-19T11:12:45+00:00\",\"dateModified\":\"2023-10-22T10:44:20+00:00\",\"breadcrumb\":{\"@id\":\"https:\/\/denkmalpflege.tuwien.ac.at\/index.php\/euthanasie\/#breadcrumb\"},\"inLanguage\":\"de\",\"potentialAction\":[{\"@type\":\"ReadAction\",\"target\":[\"https:\/\/denkmalpflege.tuwien.ac.at\/index.php\/euthanasie\/\"]}]},{\"@type\":\"BreadcrumbList\",\"@id\":\"https:\/\/denkmalpflege.tuwien.ac.at\/index.php\/euthanasie\/#breadcrumb\",\"itemListElement\":[{\"@type\":\"ListItem\",\"position\":1,\"name\":\"Startseite\",\"item\":\"https:\/\/denkmalpflege.tuwien.ac.at\/\"},{\"@type\":\"ListItem\",\"position\":2,\"name\":\"EUTHANASIE\"}]},{\"@type\":\"WebSite\",\"@id\":\"https:\/\/denkmalpflege.tuwien.ac.at\/#website\",\"url\":\"https:\/\/denkmalpflege.tuwien.ac.at\/\",\"name\":\"Denkmalpflege und Bauen im Bestand\",\"description\":\"Denkmalpflege TU Wien\",\"publisher\":{\"@id\":\"https:\/\/denkmalpflege.tuwien.ac.at\/#organization\"},\"potentialAction\":[{\"@type\":\"SearchAction\",\"target\":{\"@type\":\"EntryPoint\",\"urlTemplate\":\"https:\/\/denkmalpflege.tuwien.ac.at\/?s={search_term_string}\"},\"query-input\":{\"@type\":\"PropertyValueSpecification\",\"valueRequired\":true,\"valueName\":\"search_term_string\"}}],\"inLanguage\":\"de\"},{\"@type\":\"Organization\",\"@id\":\"https:\/\/denkmalpflege.tuwien.ac.at\/#organization\",\"name\":\"TU Wien Denkmalpflege und Bauen im Bestand\",\"url\":\"https:\/\/denkmalpflege.tuwien.ac.at\/\",\"logo\":{\"@type\":\"ImageObject\",\"inLanguage\":\"de\",\"@id\":\"https:\/\/denkmalpflege.tuwien.ac.at\/#\/schema\/logo\/image\/\",\"url\":\"https:\/\/denkmalpflege.tuwien.ac.at\/wp-content\/uploads\/2019\/10\/Logo1.png\",\"contentUrl\":\"https:\/\/denkmalpflege.tuwien.ac.at\/wp-content\/uploads\/2019\/10\/Logo1.png\",\"width\":222,\"height\":79,\"caption\":\"TU Wien Denkmalpflege und Bauen im Bestand\"},\"image\":{\"@id\":\"https:\/\/denkmalpflege.tuwien.ac.at\/#\/schema\/logo\/image\/\"}}]}<\/script>\n<!-- \/ Yoast SEO plugin. -->","yoast_head_json":{"title":"EUTHANASIE - Denkmalpflege und Bauen im Bestand","robots":{"index":"index","follow":"follow","max-snippet":"max-snippet:-1","max-image-preview":"max-image-preview:large","max-video-preview":"max-video-preview:-1"},"canonical":"https:\/\/denkmalpflege.tuwien.ac.at\/index.php\/euthanasie\/","og_locale":"de_DE","og_type":"article","og_title":"EUTHANASIE - Denkmalpflege und Bauen im Bestand","og_description":"\u201eEUTHANASIE\u201c-ANSTALT SCHLOSS HARTHEIM. ARCH\u00c4OLOGISCHE ANALYSE Die bauhistorische Untersuchung und Interpretation von Fundamentresten und weitgehend zerst\u00f6rten Baumaterialien auf dem Areal der ehemaligen nationalsozialistischen \u201eEuthanasie\u201c-Anstalt in Schloss Hartheim in Ober\u00f6sterreich erfolgte im Rahmen einer Rekonstruktion der T\u00f6tungsstrecke. \u00a0 Auftraggeber:Verein Schloss Hartheim (Dr. Hartmut Reese) Projektleitung:Ao. Univ. Prof. Dr. phil. Gerhard A. Stadler Mitarbeiter und Mitarbeiterinnen:Dipl. Ing. Johannes Sima und Ursula Wackenreuther (Bundesdenkmalamt Wien) Projektzeitraum:2003 Ergebnisse:Gerhard A. Stadler in Zusammenarbeit mit Johannes SimaRead More","og_url":"https:\/\/denkmalpflege.tuwien.ac.at\/index.php\/euthanasie\/","og_site_name":"Denkmalpflege und Bauen im Bestand","article_modified_time":"2023-10-22T10:44:20+00:00","twitter_card":"summary_large_image","twitter_misc":{"Gesch\u00e4tzte Lesezeit":"1\u00a0Minute"},"schema":{"@context":"https:\/\/schema.org","@graph":[{"@type":"WebPage","@id":"https:\/\/denkmalpflege.tuwien.ac.at\/index.php\/euthanasie\/","url":"https:\/\/denkmalpflege.tuwien.ac.at\/index.php\/euthanasie\/","name":"EUTHANASIE - Denkmalpflege und Bauen im Bestand","isPartOf":{"@id":"https:\/\/denkmalpflege.tuwien.ac.at\/#website"},"datePublished":"2018-02-19T11:12:45+00:00","dateModified":"2023-10-22T10:44:20+00:00","breadcrumb":{"@id":"https:\/\/denkmalpflege.tuwien.ac.at\/index.php\/euthanasie\/#breadcrumb"},"inLanguage":"de","potentialAction":[{"@type":"ReadAction","target":["https:\/\/denkmalpflege.tuwien.ac.at\/index.php\/euthanasie\/"]}]},{"@type":"BreadcrumbList","@id":"https:\/\/denkmalpflege.tuwien.ac.at\/index.php\/euthanasie\/#breadcrumb","itemListElement":[{"@type":"ListItem","position":1,"name":"Startseite","item":"https:\/\/denkmalpflege.tuwien.ac.at\/"},{"@type":"ListItem","position":2,"name":"EUTHANASIE"}]},{"@type":"WebSite","@id":"https:\/\/denkmalpflege.tuwien.ac.at\/#website","url":"https:\/\/denkmalpflege.tuwien.ac.at\/","name":"Denkmalpflege und Bauen im Bestand","description":"Denkmalpflege TU Wien","publisher":{"@id":"https:\/\/denkmalpflege.tuwien.ac.at\/#organization"},"potentialAction":[{"@type":"SearchAction","target":{"@type":"EntryPoint","urlTemplate":"https:\/\/denkmalpflege.tuwien.ac.at\/?s={search_term_string}"},"query-input":{"@type":"PropertyValueSpecification","valueRequired":true,"valueName":"search_term_string"}}],"inLanguage":"de"},{"@type":"Organization","@id":"https:\/\/denkmalpflege.tuwien.ac.at\/#organization","name":"TU Wien Denkmalpflege und Bauen im Bestand","url":"https:\/\/denkmalpflege.tuwien.ac.at\/","logo":{"@type":"ImageObject","inLanguage":"de","@id":"https:\/\/denkmalpflege.tuwien.ac.at\/#\/schema\/logo\/image\/","url":"https:\/\/denkmalpflege.tuwien.ac.at\/wp-content\/uploads\/2019\/10\/Logo1.png","contentUrl":"https:\/\/denkmalpflege.tuwien.ac.at\/wp-content\/uploads\/2019\/10\/Logo1.png","width":222,"height":79,"caption":"TU Wien Denkmalpflege und Bauen im Bestand"},"image":{"@id":"https:\/\/denkmalpflege.tuwien.ac.at\/#\/schema\/logo\/image\/"}}]}},"_links":{"self":[{"href":"https:\/\/denkmalpflege.tuwien.ac.at\/index.php\/wp-json\/wp\/v2\/pages\/13262","targetHints":{"allow":["GET"]}}],"collection":[{"href":"https:\/\/denkmalpflege.tuwien.ac.at\/index.php\/wp-json\/wp\/v2\/pages"}],"about":[{"href":"https:\/\/denkmalpflege.tuwien.ac.at\/index.php\/wp-json\/wp\/v2\/types\/page"}],"author":[{"embeddable":true,"href":"https:\/\/denkmalpflege.tuwien.ac.at\/index.php\/wp-json\/wp\/v2\/users\/1"}],"replies":[{"embeddable":true,"href":"https:\/\/denkmalpflege.tuwien.ac.at\/index.php\/wp-json\/wp\/v2\/comments?post=13262"}],"version-history":[{"count":10,"href":"https:\/\/denkmalpflege.tuwien.ac.at\/index.php\/wp-json\/wp\/v2\/pages\/13262\/revisions"}],"predecessor-version":[{"id":27948,"href":"https:\/\/denkmalpflege.tuwien.ac.at\/index.php\/wp-json\/wp\/v2\/pages\/13262\/revisions\/27948"}],"wp:attachment":[{"href":"https:\/\/denkmalpflege.tuwien.ac.at\/index.php\/wp-json\/wp\/v2\/media?parent=13262"}],"curies":[{"name":"wp","href":"https:\/\/api.w.org\/{rel}","templated":true}]}}