{"id":13259,"date":"2018-02-19T12:09:26","date_gmt":"2018-02-19T11:09:26","guid":{"rendered":"http:\/\/denkmalpflege.tuwien.ac.at\/?page_id=13259"},"modified":"2023-10-22T12:43:00","modified_gmt":"2023-10-22T10:43:00","slug":"kartierung","status":"publish","type":"page","link":"https:\/\/denkmalpflege.tuwien.ac.at\/index.php\/kartierung\/","title":{"rendered":"KARTIERUNG"},"content":{"rendered":"\t\t<div data-elementor-type=\"wp-page\" data-elementor-id=\"13259\" class=\"elementor elementor-13259\" data-elementor-post-type=\"page\">\n\t\t\t\t\t\t<section class=\"elementor-section elementor-top-section elementor-element elementor-element-936e6c5 elementor-section-full_width elementor-section-height-default elementor-section-height-default\" data-id=\"936e6c5\" data-element_type=\"section\">\n\t\t\t\t\t\t<div class=\"elementor-container elementor-column-gap-default\">\n\t\t\t\t\t<div class=\"elementor-column elementor-col-100 elementor-top-column elementor-element elementor-element-c85139e\" data-id=\"c85139e\" data-element_type=\"column\">\n\t\t\t<div class=\"elementor-widget-wrap elementor-element-populated\">\n\t\t\t\t\t\t<div class=\"elementor-element elementor-element-26eff30d lva_h2 elementor-widget elementor-widget-heading\" data-id=\"26eff30d\" data-element_type=\"widget\" data-widget_type=\"heading.default\">\n\t\t\t\t<div class=\"elementor-widget-container\">\n\t\t\t\t\t<h2 class=\"elementor-heading-title elementor-size-default\">KARTIERUNG UND INVENTARISIERUNG MILIT\u00c4RISCHER ANLAGEN IM GRENZGEBIET ZWISCHEN M\u00c4HREN UND NIEDER\u00d6STERREICH<\/h2>\t\t\t\t<\/div>\n\t\t\t\t<\/div>\n\t\t\t\t\t<\/div>\n\t\t<\/div>\n\t\t\t\t\t<\/div>\n\t\t<\/section>\n\t\t\t\t<section class=\"elementor-section elementor-top-section elementor-element elementor-element-b831aac elementor-section-full_width elementor-section-height-default elementor-section-height-default\" data-id=\"b831aac\" data-element_type=\"section\">\n\t\t\t\t\t\t<div class=\"elementor-container elementor-column-gap-default\">\n\t\t\t\t\t<div class=\"elementor-column elementor-col-100 elementor-top-column elementor-element elementor-element-101f1f22\" data-id=\"101f1f22\" data-element_type=\"column\">\n\t\t\t<div class=\"elementor-widget-wrap elementor-element-populated\">\n\t\t\t\t\t\t<div class=\"elementor-element elementor-element-3029c1d4 elementor-widget elementor-widget-text-editor\" data-id=\"3029c1d4\" data-element_type=\"widget\" data-widget_type=\"text-editor.default\">\n\t\t\t\t<div class=\"elementor-widget-container\">\n\t\t\t\t\t\t\t\t\t<div class=\"greyfield\"><p>Inventarisation der baulichen \u00dcberreste der \u201etschechischen Maginot-Linie\u201c zwischen Znojmo \/ Znaim und Mikulov \/ Nikolsburg sowie die exemplarische Ausarbeitung von aktuellen Nutzungsm\u00f6glichkeiten.<\/p><div class=\"breakline\">\u00a0<\/div><\/div><p><strong>Auftraggeber:<\/strong><br \/>Fakult\u00e4t f\u00fcr Architektur der Technischen Universit\u00e4t Brno (Prof. Helena Zem\u00e1nkov\u00e1)<br \/>Den Ansto\u00df f\u00fcr die Dokumentation und Inventarisation bildete die bevorstehende Ver\u00e4u\u00dferung der ehemals der Grenzsicherung dienenden Objekte seitens der tschechischen Milit\u00e4rbeh\u00f6rden.<\/p><p><strong>Projektleitung:<\/strong><br \/>Prof. arch. Helena Zem\u00e1nkov\u00e1 (TU Brno), Ao. Univ. Prof. Dr. phil. Gerhard A. Stadler<\/p><p><strong>Mitarbeiter und Mitarbeiterinnen:<\/strong><br \/>Alexander Jirout, David Pasek (beide Technische Universit\u00e4t Wien)<\/p><p><strong>Projektzeitraum:<\/strong><br \/>1. Juli 2001 \u2013 30. Juni 2002<\/p><p><strong>Ergebnisse:<\/strong><br \/>Helena Zem\u00e1nkov\u00e1, Gerhard A. Stadler (Hg.): Kartierung und Inventarisierung von milit\u00e4rischen Objekten im Grenzgebiet zwischen Nieder\u00f6sterreich und S\u00fcdm\u00e4hren. Brno 2002<br \/>Alexander Jirout und David Pasek: \u201eBaby light my fire\u201c \u2013 Bauen im Bestand \/ Entwurf: Umnutzung des Gefechtsstandes \u201cZahrada\u201d bei \u0160atov als Diskothek. Mikulov \u2013 Wien 2002<br \/>Pr\u00e4sentation der Forschungsergebnisse w\u00e4hrend der EUREGIO-Konferenz in Poysdorf am 11. Oktober 2002<\/p><p><strong>Finanzierung:<\/strong><br \/>AKTION Tschechische Republik \u2013 \u00d6sterreich<\/p>\t\t\t\t\t\t\t\t<\/div>\n\t\t\t\t<\/div>\n\t\t\t\t\t<\/div>\n\t\t<\/div>\n\t\t\t\t\t<\/div>\n\t\t<\/section>\n\t\t\t\t<\/div>\n\t\t","protected":false},"excerpt":{"rendered":"<p>KARTIERUNG UND INVENTARISIERUNG MILIT\u00c4RISCHER ANLAGEN IM GRENZGEBIET ZWISCHEN M\u00c4HREN UND NIEDER\u00d6STERREICH Inventarisation der baulichen \u00dcberreste der \u201etschechischen Maginot-Linie\u201c zwischen Znojmo \/ Znaim und Mikulov \/ Nikolsburg sowie die exemplarische Ausarbeitung von aktuellen Nutzungsm\u00f6glichkeiten. \u00a0 Auftraggeber:Fakult\u00e4t f\u00fcr Architektur der Technischen Universit\u00e4t Brno (Prof. Helena Zem\u00e1nkov\u00e1)Den Ansto\u00df f\u00fcr die Dokumentation und Inventarisation bildete die bevorstehende Ver\u00e4u\u00dferung der ehemals der Grenzsicherung dienenden Objekte seitens der tschechischen Milit\u00e4rbeh\u00f6rden. Projektleitung:Prof. arch. Helena Zem\u00e1nkov\u00e1 (TU Brno),<\/p>\n<div class=\"belowpost\"><a class=\"btnmore icon-arrow\" href=\"https:\/\/denkmalpflege.tuwien.ac.at\/index.php\/kartierung\/\"><span>Read More<\/span><\/a><\/div>\n","protected":false},"author":1,"featured_media":0,"parent":0,"menu_order":0,"comment_status":"closed","ping_status":"closed","template":"","meta":{"footnotes":""},"class_list":["post-13259","page","type-page","status-publish","hentry"],"yoast_head":"<!-- This site is optimized with the Yoast SEO plugin v26.0 - https:\/\/yoast.com\/wordpress\/plugins\/seo\/ -->\n<title>KARTIERUNG - Denkmalpflege und Bauen im Bestand<\/title>\n<meta name=\"robots\" content=\"index, follow, max-snippet:-1, max-image-preview:large, max-video-preview:-1\" \/>\n<link rel=\"canonical\" href=\"https:\/\/denkmalpflege.tuwien.ac.at\/index.php\/kartierung\/\" \/>\n<meta property=\"og:locale\" content=\"de_DE\" \/>\n<meta property=\"og:type\" content=\"article\" \/>\n<meta property=\"og:title\" content=\"KARTIERUNG - Denkmalpflege und Bauen im Bestand\" \/>\n<meta property=\"og:description\" content=\"KARTIERUNG UND INVENTARISIERUNG MILIT\u00c4RISCHER ANLAGEN IM GRENZGEBIET ZWISCHEN M\u00c4HREN UND NIEDER\u00d6STERREICH Inventarisation der baulichen \u00dcberreste der \u201etschechischen Maginot-Linie\u201c zwischen Znojmo \/ Znaim und Mikulov \/ Nikolsburg sowie die exemplarische Ausarbeitung von aktuellen Nutzungsm\u00f6glichkeiten. \u00a0 Auftraggeber:Fakult\u00e4t f\u00fcr Architektur der Technischen Universit\u00e4t Brno (Prof. Helena Zem\u00e1nkov\u00e1)Den Ansto\u00df f\u00fcr die Dokumentation und Inventarisation bildete die bevorstehende Ver\u00e4u\u00dferung der ehemals der Grenzsicherung dienenden Objekte seitens der tschechischen Milit\u00e4rbeh\u00f6rden. Projektleitung:Prof. arch. Helena Zem\u00e1nkov\u00e1 (TU Brno),Read More\" \/>\n<meta property=\"og:url\" content=\"https:\/\/denkmalpflege.tuwien.ac.at\/index.php\/kartierung\/\" \/>\n<meta property=\"og:site_name\" content=\"Denkmalpflege und Bauen im Bestand\" \/>\n<meta property=\"article:modified_time\" content=\"2023-10-22T10:43:00+00:00\" \/>\n<meta name=\"twitter:card\" content=\"summary_large_image\" \/>\n<meta name=\"twitter:label1\" content=\"Gesch\u00e4tzte Lesezeit\" \/>\n\t<meta name=\"twitter:data1\" content=\"1\u00a0Minute\" \/>\n<script type=\"application\/ld+json\" class=\"yoast-schema-graph\">{\"@context\":\"https:\/\/schema.org\",\"@graph\":[{\"@type\":\"WebPage\",\"@id\":\"https:\/\/denkmalpflege.tuwien.ac.at\/index.php\/kartierung\/\",\"url\":\"https:\/\/denkmalpflege.tuwien.ac.at\/index.php\/kartierung\/\",\"name\":\"KARTIERUNG - Denkmalpflege und Bauen im Bestand\",\"isPartOf\":{\"@id\":\"https:\/\/denkmalpflege.tuwien.ac.at\/#website\"},\"datePublished\":\"2018-02-19T11:09:26+00:00\",\"dateModified\":\"2023-10-22T10:43:00+00:00\",\"breadcrumb\":{\"@id\":\"https:\/\/denkmalpflege.tuwien.ac.at\/index.php\/kartierung\/#breadcrumb\"},\"inLanguage\":\"de\",\"potentialAction\":[{\"@type\":\"ReadAction\",\"target\":[\"https:\/\/denkmalpflege.tuwien.ac.at\/index.php\/kartierung\/\"]}]},{\"@type\":\"BreadcrumbList\",\"@id\":\"https:\/\/denkmalpflege.tuwien.ac.at\/index.php\/kartierung\/#breadcrumb\",\"itemListElement\":[{\"@type\":\"ListItem\",\"position\":1,\"name\":\"Startseite\",\"item\":\"https:\/\/denkmalpflege.tuwien.ac.at\/\"},{\"@type\":\"ListItem\",\"position\":2,\"name\":\"KARTIERUNG\"}]},{\"@type\":\"WebSite\",\"@id\":\"https:\/\/denkmalpflege.tuwien.ac.at\/#website\",\"url\":\"https:\/\/denkmalpflege.tuwien.ac.at\/\",\"name\":\"Denkmalpflege und Bauen im Bestand\",\"description\":\"Denkmalpflege TU Wien\",\"publisher\":{\"@id\":\"https:\/\/denkmalpflege.tuwien.ac.at\/#organization\"},\"potentialAction\":[{\"@type\":\"SearchAction\",\"target\":{\"@type\":\"EntryPoint\",\"urlTemplate\":\"https:\/\/denkmalpflege.tuwien.ac.at\/?s={search_term_string}\"},\"query-input\":{\"@type\":\"PropertyValueSpecification\",\"valueRequired\":true,\"valueName\":\"search_term_string\"}}],\"inLanguage\":\"de\"},{\"@type\":\"Organization\",\"@id\":\"https:\/\/denkmalpflege.tuwien.ac.at\/#organization\",\"name\":\"TU Wien Denkmalpflege und Bauen im Bestand\",\"url\":\"https:\/\/denkmalpflege.tuwien.ac.at\/\",\"logo\":{\"@type\":\"ImageObject\",\"inLanguage\":\"de\",\"@id\":\"https:\/\/denkmalpflege.tuwien.ac.at\/#\/schema\/logo\/image\/\",\"url\":\"https:\/\/denkmalpflege.tuwien.ac.at\/wp-content\/uploads\/2019\/10\/Logo1.png\",\"contentUrl\":\"https:\/\/denkmalpflege.tuwien.ac.at\/wp-content\/uploads\/2019\/10\/Logo1.png\",\"width\":222,\"height\":79,\"caption\":\"TU Wien Denkmalpflege und Bauen im Bestand\"},\"image\":{\"@id\":\"https:\/\/denkmalpflege.tuwien.ac.at\/#\/schema\/logo\/image\/\"}}]}<\/script>\n<!-- \/ Yoast SEO plugin. -->","yoast_head_json":{"title":"KARTIERUNG - Denkmalpflege und Bauen im Bestand","robots":{"index":"index","follow":"follow","max-snippet":"max-snippet:-1","max-image-preview":"max-image-preview:large","max-video-preview":"max-video-preview:-1"},"canonical":"https:\/\/denkmalpflege.tuwien.ac.at\/index.php\/kartierung\/","og_locale":"de_DE","og_type":"article","og_title":"KARTIERUNG - Denkmalpflege und Bauen im Bestand","og_description":"KARTIERUNG UND INVENTARISIERUNG MILIT\u00c4RISCHER ANLAGEN IM GRENZGEBIET ZWISCHEN M\u00c4HREN UND NIEDER\u00d6STERREICH Inventarisation der baulichen \u00dcberreste der \u201etschechischen Maginot-Linie\u201c zwischen Znojmo \/ Znaim und Mikulov \/ Nikolsburg sowie die exemplarische Ausarbeitung von aktuellen Nutzungsm\u00f6glichkeiten. \u00a0 Auftraggeber:Fakult\u00e4t f\u00fcr Architektur der Technischen Universit\u00e4t Brno (Prof. Helena Zem\u00e1nkov\u00e1)Den Ansto\u00df f\u00fcr die Dokumentation und Inventarisation bildete die bevorstehende Ver\u00e4u\u00dferung der ehemals der Grenzsicherung dienenden Objekte seitens der tschechischen Milit\u00e4rbeh\u00f6rden. Projektleitung:Prof. arch. Helena Zem\u00e1nkov\u00e1 (TU Brno),Read More","og_url":"https:\/\/denkmalpflege.tuwien.ac.at\/index.php\/kartierung\/","og_site_name":"Denkmalpflege und Bauen im Bestand","article_modified_time":"2023-10-22T10:43:00+00:00","twitter_card":"summary_large_image","twitter_misc":{"Gesch\u00e4tzte Lesezeit":"1\u00a0Minute"},"schema":{"@context":"https:\/\/schema.org","@graph":[{"@type":"WebPage","@id":"https:\/\/denkmalpflege.tuwien.ac.at\/index.php\/kartierung\/","url":"https:\/\/denkmalpflege.tuwien.ac.at\/index.php\/kartierung\/","name":"KARTIERUNG - Denkmalpflege und Bauen im Bestand","isPartOf":{"@id":"https:\/\/denkmalpflege.tuwien.ac.at\/#website"},"datePublished":"2018-02-19T11:09:26+00:00","dateModified":"2023-10-22T10:43:00+00:00","breadcrumb":{"@id":"https:\/\/denkmalpflege.tuwien.ac.at\/index.php\/kartierung\/#breadcrumb"},"inLanguage":"de","potentialAction":[{"@type":"ReadAction","target":["https:\/\/denkmalpflege.tuwien.ac.at\/index.php\/kartierung\/"]}]},{"@type":"BreadcrumbList","@id":"https:\/\/denkmalpflege.tuwien.ac.at\/index.php\/kartierung\/#breadcrumb","itemListElement":[{"@type":"ListItem","position":1,"name":"Startseite","item":"https:\/\/denkmalpflege.tuwien.ac.at\/"},{"@type":"ListItem","position":2,"name":"KARTIERUNG"}]},{"@type":"WebSite","@id":"https:\/\/denkmalpflege.tuwien.ac.at\/#website","url":"https:\/\/denkmalpflege.tuwien.ac.at\/","name":"Denkmalpflege und Bauen im Bestand","description":"Denkmalpflege TU Wien","publisher":{"@id":"https:\/\/denkmalpflege.tuwien.ac.at\/#organization"},"potentialAction":[{"@type":"SearchAction","target":{"@type":"EntryPoint","urlTemplate":"https:\/\/denkmalpflege.tuwien.ac.at\/?s={search_term_string}"},"query-input":{"@type":"PropertyValueSpecification","valueRequired":true,"valueName":"search_term_string"}}],"inLanguage":"de"},{"@type":"Organization","@id":"https:\/\/denkmalpflege.tuwien.ac.at\/#organization","name":"TU Wien Denkmalpflege und Bauen im Bestand","url":"https:\/\/denkmalpflege.tuwien.ac.at\/","logo":{"@type":"ImageObject","inLanguage":"de","@id":"https:\/\/denkmalpflege.tuwien.ac.at\/#\/schema\/logo\/image\/","url":"https:\/\/denkmalpflege.tuwien.ac.at\/wp-content\/uploads\/2019\/10\/Logo1.png","contentUrl":"https:\/\/denkmalpflege.tuwien.ac.at\/wp-content\/uploads\/2019\/10\/Logo1.png","width":222,"height":79,"caption":"TU Wien Denkmalpflege und Bauen im Bestand"},"image":{"@id":"https:\/\/denkmalpflege.tuwien.ac.at\/#\/schema\/logo\/image\/"}}]}},"_links":{"self":[{"href":"https:\/\/denkmalpflege.tuwien.ac.at\/index.php\/wp-json\/wp\/v2\/pages\/13259","targetHints":{"allow":["GET"]}}],"collection":[{"href":"https:\/\/denkmalpflege.tuwien.ac.at\/index.php\/wp-json\/wp\/v2\/pages"}],"about":[{"href":"https:\/\/denkmalpflege.tuwien.ac.at\/index.php\/wp-json\/wp\/v2\/types\/page"}],"author":[{"embeddable":true,"href":"https:\/\/denkmalpflege.tuwien.ac.at\/index.php\/wp-json\/wp\/v2\/users\/1"}],"replies":[{"embeddable":true,"href":"https:\/\/denkmalpflege.tuwien.ac.at\/index.php\/wp-json\/wp\/v2\/comments?post=13259"}],"version-history":[{"count":9,"href":"https:\/\/denkmalpflege.tuwien.ac.at\/index.php\/wp-json\/wp\/v2\/pages\/13259\/revisions"}],"predecessor-version":[{"id":27927,"href":"https:\/\/denkmalpflege.tuwien.ac.at\/index.php\/wp-json\/wp\/v2\/pages\/13259\/revisions\/27927"}],"wp:attachment":[{"href":"https:\/\/denkmalpflege.tuwien.ac.at\/index.php\/wp-json\/wp\/v2\/media?parent=13259"}],"curies":[{"name":"wp","href":"https:\/\/api.w.org\/{rel}","templated":true}]}}