{"id":13255,"date":"2018-02-19T12:05:04","date_gmt":"2018-02-19T11:05:04","guid":{"rendered":"http:\/\/denkmalpflege.tuwien.ac.at\/?page_id=13255"},"modified":"2023-10-22T12:43:10","modified_gmt":"2023-10-22T10:43:10","slug":"technische-denkmale","status":"publish","type":"page","link":"https:\/\/denkmalpflege.tuwien.ac.at\/index.php\/technische-denkmale\/","title":{"rendered":"TECHNISCHE DENKMALE"},"content":{"rendered":"\t\t<div data-elementor-type=\"wp-page\" data-elementor-id=\"13255\" class=\"elementor elementor-13255\" data-elementor-post-type=\"page\">\n\t\t\t\t\t\t<section class=\"elementor-section elementor-top-section elementor-element elementor-element-207ef192 elementor-section-full_width elementor-section-height-default elementor-section-height-default\" data-id=\"207ef192\" data-element_type=\"section\">\n\t\t\t\t\t\t<div class=\"elementor-container elementor-column-gap-default\">\n\t\t\t\t\t<div class=\"elementor-column elementor-col-100 elementor-top-column elementor-element elementor-element-edb9f80\" data-id=\"edb9f80\" data-element_type=\"column\">\n\t\t\t<div class=\"elementor-widget-wrap elementor-element-populated\">\n\t\t\t\t\t\t<div class=\"elementor-element elementor-element-76d7fae8 lva_h2 elementor-widget elementor-widget-heading\" data-id=\"76d7fae8\" data-element_type=\"widget\" data-widget_type=\"heading.default\">\n\t\t\t\t<div class=\"elementor-widget-container\">\n\t\t\t\t\t<h2 class=\"elementor-heading-title elementor-size-default\">TECHNISCHE DENKMALE AN DER DONAU<\/h2>\t\t\t\t<\/div>\n\t\t\t\t<\/div>\n\t\t\t\t\t<\/div>\n\t\t<\/div>\n\t\t\t\t\t<\/div>\n\t\t<\/section>\n\t\t\t\t<section class=\"elementor-section elementor-top-section elementor-element elementor-element-9984391 elementor-section-full_width elementor-section-height-default elementor-section-height-default\" data-id=\"9984391\" data-element_type=\"section\">\n\t\t\t\t\t\t<div class=\"elementor-container elementor-column-gap-default\">\n\t\t\t\t\t<div class=\"elementor-column elementor-col-100 elementor-top-column elementor-element elementor-element-5a9e571b\" data-id=\"5a9e571b\" data-element_type=\"column\">\n\t\t\t<div class=\"elementor-widget-wrap elementor-element-populated\">\n\t\t\t\t\t\t<div class=\"elementor-element elementor-element-78b6ff91 elementor-widget elementor-widget-text-editor\" data-id=\"78b6ff91\" data-element_type=\"widget\" data-widget_type=\"text-editor.default\">\n\t\t\t\t<div class=\"elementor-widget-container\">\n\t\t\t\t\t\t\t\t\t<p>Das Forschungsprojekt hatte als Ziel die Inventarisation und Dokumentation der technischen Denkmale entlang des gesamten Flusslaufs der Donau von der Quelle bis zur M\u00fcndung. Ein direkter Funktionszusammenhang mit dem Strom und der Schifffahrt als auch ein baulich-optischer Zusammenhang mit der Flusslandschaft waren f\u00fcr die Auswahl der Objekte bestimmend.<\/p><p><strong>Auftraggeber\/Anlass:<\/strong><br \/>ARGE Donaul\u00e4nder, repr\u00e4sentiert durch das Amt der Nieder\u00f6sterreichischen Landesregierung, Abteilung Kultur und Wissenschaft (Dr. Gottfried Stangler und Dr. Eugen Scherer)<br \/>Anlass f\u00fcr die Dokumentation gab die Herstellung einer digitalen Karte des gesamten Donauraumes mit der integrierten Verzeichnung und Beschreibung von arch\u00e4ologischen Parks und technischen Denkmalen.<\/p><p><strong>Projektleitung:<\/strong><br \/>Univ. Ass. Dr. phil. Gerhard A. Stadler<\/p><p><strong>Mitarbeiter und Mitarbeiterinnen:<\/strong><br \/>Albert Gieseler und Dorothee Heinzelmann (Deutschland), Susanne Hayder und A. Kyros Hamidi (\u00d6sterreich), Ondrej P\u00f6ss (Slowakische Republik), Judit Speck (Ungarn), Grgur Marko, Ivankovi\u0107, Mato Batorovi\u0107, Zlatko Kara\u010d, Vinka Cetinska (Kroatien), Bogdan Brukner, Rifat Kulenovi\u0107, Jovan Popesku (Serbien), Emilia Kamenova, Gergana Kabachieva, Krastjo Trendafilov, Ion Peleanu (Bulgarien), Dan Nitulescu (Rum\u00e4nien), Michal Popov, Nikolay Tyndjuk (Ukraine)<\/p><p><strong>Projektzeitraum:<\/strong><br \/>1. Juli 2000 bis 30. Juni 2001<\/p><p><strong>Ergebnisse:<\/strong><br \/>Susanne Hayder, A. Kyros Hamidi, Gerhard A. Stadler: Technische Denkm\u00e4ler im Donauraum. Wien 2001<br \/>Eugen Scherer, Gottfried Stangler, Ilona Slawinski (Hg.): Kulturparks. Tagungen 2001 (Schriftenreihe der Arbeitsgemeinschaft Donaul\u00e4nder, Nr. 4). St. P\u00f6lten 2001<\/p><p><strong>Finanzierung:<\/strong><br \/>ARGE Donaul\u00e4nder \/ Amt der Nieder\u00f6sterreichischen Landesregierung, Abteilung Kultur und Wissenschaft<\/p>\t\t\t\t\t\t\t\t<\/div>\n\t\t\t\t<\/div>\n\t\t\t\t\t<\/div>\n\t\t<\/div>\n\t\t\t\t\t<\/div>\n\t\t<\/section>\n\t\t\t\t<\/div>\n\t\t","protected":false},"excerpt":{"rendered":"<p>TECHNISCHE DENKMALE AN DER DONAU Das Forschungsprojekt hatte als Ziel die Inventarisation und Dokumentation der technischen Denkmale entlang des gesamten Flusslaufs der Donau von der Quelle bis zur M\u00fcndung. Ein direkter Funktionszusammenhang mit dem Strom und der Schifffahrt als auch ein baulich-optischer Zusammenhang mit der Flusslandschaft waren f\u00fcr die Auswahl der Objekte bestimmend. Auftraggeber\/Anlass:ARGE Donaul\u00e4nder, repr\u00e4sentiert durch das Amt der Nieder\u00f6sterreichischen Landesregierung, Abteilung Kultur und Wissenschaft (Dr. Gottfried Stangler und<\/p>\n<div class=\"belowpost\"><a class=\"btnmore icon-arrow\" href=\"https:\/\/denkmalpflege.tuwien.ac.at\/index.php\/technische-denkmale\/\"><span>Read More<\/span><\/a><\/div>\n","protected":false},"author":1,"featured_media":0,"parent":0,"menu_order":0,"comment_status":"closed","ping_status":"closed","template":"","meta":{"footnotes":""},"class_list":["post-13255","page","type-page","status-publish","hentry"],"yoast_head":"<!-- This site is optimized with the Yoast SEO plugin v26.0 - https:\/\/yoast.com\/wordpress\/plugins\/seo\/ -->\n<title>TECHNISCHE DENKMALE - Denkmalpflege und Bauen im Bestand<\/title>\n<meta name=\"robots\" content=\"index, follow, max-snippet:-1, max-image-preview:large, max-video-preview:-1\" \/>\n<link rel=\"canonical\" href=\"https:\/\/denkmalpflege.tuwien.ac.at\/index.php\/technische-denkmale\/\" \/>\n<meta property=\"og:locale\" content=\"de_DE\" \/>\n<meta property=\"og:type\" content=\"article\" \/>\n<meta property=\"og:title\" content=\"TECHNISCHE DENKMALE - Denkmalpflege und Bauen im Bestand\" \/>\n<meta property=\"og:description\" content=\"TECHNISCHE DENKMALE AN DER DONAU Das Forschungsprojekt hatte als Ziel die Inventarisation und Dokumentation der technischen Denkmale entlang des gesamten Flusslaufs der Donau von der Quelle bis zur M\u00fcndung. Ein direkter Funktionszusammenhang mit dem Strom und der Schifffahrt als auch ein baulich-optischer Zusammenhang mit der Flusslandschaft waren f\u00fcr die Auswahl der Objekte bestimmend. Auftraggeber\/Anlass:ARGE Donaul\u00e4nder, repr\u00e4sentiert durch das Amt der Nieder\u00f6sterreichischen Landesregierung, Abteilung Kultur und Wissenschaft (Dr. Gottfried Stangler undRead More\" \/>\n<meta property=\"og:url\" content=\"https:\/\/denkmalpflege.tuwien.ac.at\/index.php\/technische-denkmale\/\" \/>\n<meta property=\"og:site_name\" content=\"Denkmalpflege und Bauen im Bestand\" \/>\n<meta property=\"article:modified_time\" content=\"2023-10-22T10:43:10+00:00\" \/>\n<meta name=\"twitter:card\" content=\"summary_large_image\" \/>\n<meta name=\"twitter:label1\" content=\"Gesch\u00e4tzte Lesezeit\" \/>\n\t<meta name=\"twitter:data1\" content=\"1\u00a0Minute\" \/>\n<script type=\"application\/ld+json\" class=\"yoast-schema-graph\">{\"@context\":\"https:\/\/schema.org\",\"@graph\":[{\"@type\":\"WebPage\",\"@id\":\"https:\/\/denkmalpflege.tuwien.ac.at\/index.php\/technische-denkmale\/\",\"url\":\"https:\/\/denkmalpflege.tuwien.ac.at\/index.php\/technische-denkmale\/\",\"name\":\"TECHNISCHE DENKMALE - Denkmalpflege und Bauen im Bestand\",\"isPartOf\":{\"@id\":\"https:\/\/denkmalpflege.tuwien.ac.at\/#website\"},\"datePublished\":\"2018-02-19T11:05:04+00:00\",\"dateModified\":\"2023-10-22T10:43:10+00:00\",\"breadcrumb\":{\"@id\":\"https:\/\/denkmalpflege.tuwien.ac.at\/index.php\/technische-denkmale\/#breadcrumb\"},\"inLanguage\":\"de\",\"potentialAction\":[{\"@type\":\"ReadAction\",\"target\":[\"https:\/\/denkmalpflege.tuwien.ac.at\/index.php\/technische-denkmale\/\"]}]},{\"@type\":\"BreadcrumbList\",\"@id\":\"https:\/\/denkmalpflege.tuwien.ac.at\/index.php\/technische-denkmale\/#breadcrumb\",\"itemListElement\":[{\"@type\":\"ListItem\",\"position\":1,\"name\":\"Startseite\",\"item\":\"https:\/\/denkmalpflege.tuwien.ac.at\/\"},{\"@type\":\"ListItem\",\"position\":2,\"name\":\"TECHNISCHE DENKMALE\"}]},{\"@type\":\"WebSite\",\"@id\":\"https:\/\/denkmalpflege.tuwien.ac.at\/#website\",\"url\":\"https:\/\/denkmalpflege.tuwien.ac.at\/\",\"name\":\"Denkmalpflege und Bauen im Bestand\",\"description\":\"Denkmalpflege TU Wien\",\"publisher\":{\"@id\":\"https:\/\/denkmalpflege.tuwien.ac.at\/#organization\"},\"potentialAction\":[{\"@type\":\"SearchAction\",\"target\":{\"@type\":\"EntryPoint\",\"urlTemplate\":\"https:\/\/denkmalpflege.tuwien.ac.at\/?s={search_term_string}\"},\"query-input\":{\"@type\":\"PropertyValueSpecification\",\"valueRequired\":true,\"valueName\":\"search_term_string\"}}],\"inLanguage\":\"de\"},{\"@type\":\"Organization\",\"@id\":\"https:\/\/denkmalpflege.tuwien.ac.at\/#organization\",\"name\":\"TU Wien Denkmalpflege und Bauen im Bestand\",\"url\":\"https:\/\/denkmalpflege.tuwien.ac.at\/\",\"logo\":{\"@type\":\"ImageObject\",\"inLanguage\":\"de\",\"@id\":\"https:\/\/denkmalpflege.tuwien.ac.at\/#\/schema\/logo\/image\/\",\"url\":\"https:\/\/denkmalpflege.tuwien.ac.at\/wp-content\/uploads\/2019\/10\/Logo1.png\",\"contentUrl\":\"https:\/\/denkmalpflege.tuwien.ac.at\/wp-content\/uploads\/2019\/10\/Logo1.png\",\"width\":222,\"height\":79,\"caption\":\"TU Wien Denkmalpflege und Bauen im Bestand\"},\"image\":{\"@id\":\"https:\/\/denkmalpflege.tuwien.ac.at\/#\/schema\/logo\/image\/\"}}]}<\/script>\n<!-- \/ Yoast SEO plugin. -->","yoast_head_json":{"title":"TECHNISCHE DENKMALE - Denkmalpflege und Bauen im Bestand","robots":{"index":"index","follow":"follow","max-snippet":"max-snippet:-1","max-image-preview":"max-image-preview:large","max-video-preview":"max-video-preview:-1"},"canonical":"https:\/\/denkmalpflege.tuwien.ac.at\/index.php\/technische-denkmale\/","og_locale":"de_DE","og_type":"article","og_title":"TECHNISCHE DENKMALE - Denkmalpflege und Bauen im Bestand","og_description":"TECHNISCHE DENKMALE AN DER DONAU Das Forschungsprojekt hatte als Ziel die Inventarisation und Dokumentation der technischen Denkmale entlang des gesamten Flusslaufs der Donau von der Quelle bis zur M\u00fcndung. Ein direkter Funktionszusammenhang mit dem Strom und der Schifffahrt als auch ein baulich-optischer Zusammenhang mit der Flusslandschaft waren f\u00fcr die Auswahl der Objekte bestimmend. Auftraggeber\/Anlass:ARGE Donaul\u00e4nder, repr\u00e4sentiert durch das Amt der Nieder\u00f6sterreichischen Landesregierung, Abteilung Kultur und Wissenschaft (Dr. Gottfried Stangler undRead More","og_url":"https:\/\/denkmalpflege.tuwien.ac.at\/index.php\/technische-denkmale\/","og_site_name":"Denkmalpflege und Bauen im Bestand","article_modified_time":"2023-10-22T10:43:10+00:00","twitter_card":"summary_large_image","twitter_misc":{"Gesch\u00e4tzte Lesezeit":"1\u00a0Minute"},"schema":{"@context":"https:\/\/schema.org","@graph":[{"@type":"WebPage","@id":"https:\/\/denkmalpflege.tuwien.ac.at\/index.php\/technische-denkmale\/","url":"https:\/\/denkmalpflege.tuwien.ac.at\/index.php\/technische-denkmale\/","name":"TECHNISCHE DENKMALE - Denkmalpflege und Bauen im Bestand","isPartOf":{"@id":"https:\/\/denkmalpflege.tuwien.ac.at\/#website"},"datePublished":"2018-02-19T11:05:04+00:00","dateModified":"2023-10-22T10:43:10+00:00","breadcrumb":{"@id":"https:\/\/denkmalpflege.tuwien.ac.at\/index.php\/technische-denkmale\/#breadcrumb"},"inLanguage":"de","potentialAction":[{"@type":"ReadAction","target":["https:\/\/denkmalpflege.tuwien.ac.at\/index.php\/technische-denkmale\/"]}]},{"@type":"BreadcrumbList","@id":"https:\/\/denkmalpflege.tuwien.ac.at\/index.php\/technische-denkmale\/#breadcrumb","itemListElement":[{"@type":"ListItem","position":1,"name":"Startseite","item":"https:\/\/denkmalpflege.tuwien.ac.at\/"},{"@type":"ListItem","position":2,"name":"TECHNISCHE DENKMALE"}]},{"@type":"WebSite","@id":"https:\/\/denkmalpflege.tuwien.ac.at\/#website","url":"https:\/\/denkmalpflege.tuwien.ac.at\/","name":"Denkmalpflege und Bauen im Bestand","description":"Denkmalpflege TU Wien","publisher":{"@id":"https:\/\/denkmalpflege.tuwien.ac.at\/#organization"},"potentialAction":[{"@type":"SearchAction","target":{"@type":"EntryPoint","urlTemplate":"https:\/\/denkmalpflege.tuwien.ac.at\/?s={search_term_string}"},"query-input":{"@type":"PropertyValueSpecification","valueRequired":true,"valueName":"search_term_string"}}],"inLanguage":"de"},{"@type":"Organization","@id":"https:\/\/denkmalpflege.tuwien.ac.at\/#organization","name":"TU Wien Denkmalpflege und Bauen im Bestand","url":"https:\/\/denkmalpflege.tuwien.ac.at\/","logo":{"@type":"ImageObject","inLanguage":"de","@id":"https:\/\/denkmalpflege.tuwien.ac.at\/#\/schema\/logo\/image\/","url":"https:\/\/denkmalpflege.tuwien.ac.at\/wp-content\/uploads\/2019\/10\/Logo1.png","contentUrl":"https:\/\/denkmalpflege.tuwien.ac.at\/wp-content\/uploads\/2019\/10\/Logo1.png","width":222,"height":79,"caption":"TU Wien Denkmalpflege und Bauen im Bestand"},"image":{"@id":"https:\/\/denkmalpflege.tuwien.ac.at\/#\/schema\/logo\/image\/"}}]}},"_links":{"self":[{"href":"https:\/\/denkmalpflege.tuwien.ac.at\/index.php\/wp-json\/wp\/v2\/pages\/13255","targetHints":{"allow":["GET"]}}],"collection":[{"href":"https:\/\/denkmalpflege.tuwien.ac.at\/index.php\/wp-json\/wp\/v2\/pages"}],"about":[{"href":"https:\/\/denkmalpflege.tuwien.ac.at\/index.php\/wp-json\/wp\/v2\/types\/page"}],"author":[{"embeddable":true,"href":"https:\/\/denkmalpflege.tuwien.ac.at\/index.php\/wp-json\/wp\/v2\/users\/1"}],"replies":[{"embeddable":true,"href":"https:\/\/denkmalpflege.tuwien.ac.at\/index.php\/wp-json\/wp\/v2\/comments?post=13255"}],"version-history":[{"count":9,"href":"https:\/\/denkmalpflege.tuwien.ac.at\/index.php\/wp-json\/wp\/v2\/pages\/13255\/revisions"}],"predecessor-version":[{"id":27930,"href":"https:\/\/denkmalpflege.tuwien.ac.at\/index.php\/wp-json\/wp\/v2\/pages\/13255\/revisions\/27930"}],"wp:attachment":[{"href":"https:\/\/denkmalpflege.tuwien.ac.at\/index.php\/wp-json\/wp\/v2\/media?parent=13255"}],"curies":[{"name":"wp","href":"https:\/\/api.w.org\/{rel}","templated":true}]}}