{"id":13056,"date":"2018-02-12T09:55:17","date_gmt":"2018-02-12T08:55:17","guid":{"rendered":"http:\/\/denkmalpflege.tuwien.ac.at\/?page_id=13056"},"modified":"2023-10-22T12:25:54","modified_gmt":"2023-10-22T10:25:54","slug":"bern","status":"publish","type":"page","link":"https:\/\/denkmalpflege.tuwien.ac.at\/index.php\/bern\/","title":{"rendered":"bern"},"content":{"rendered":"\t\t<div data-elementor-type=\"wp-page\" data-elementor-id=\"13056\" class=\"elementor elementor-13056\" data-elementor-post-type=\"page\">\n\t\t\t\t\t\t<section class=\"elementor-section elementor-top-section elementor-element elementor-element-8aa0f55 elementor-section-full_width elementor-section-height-default elementor-section-height-default\" data-id=\"8aa0f55\" data-element_type=\"section\">\n\t\t\t\t\t\t<div class=\"elementor-container elementor-column-gap-default\">\n\t\t\t\t\t<div class=\"elementor-column elementor-col-50 elementor-top-column elementor-element elementor-element-ce0fd21\" data-id=\"ce0fd21\" data-element_type=\"column\">\n\t\t\t<div class=\"elementor-widget-wrap elementor-element-populated\">\n\t\t\t\t\t\t<div class=\"elementor-element elementor-element-8809f99 elementor-widget elementor-widget-heading\" data-id=\"8809f99\" data-element_type=\"widget\" data-widget_type=\"heading.default\">\n\t\t\t\t<div class=\"elementor-widget-container\">\n\t\t\t\t\t<h2 class=\"elementor-heading-title elementor-size-default\"><a href=\"https:\/\/denkmalpflege.tuwien.ac.at\/index.php\/so18\/\">LVA SS18<\/a><\/h2>\t\t\t\t<\/div>\n\t\t\t\t<\/div>\n\t\t\t\t\t<\/div>\n\t\t<\/div>\n\t\t\t\t<div class=\"elementor-column elementor-col-50 elementor-top-column elementor-element elementor-element-873b818\" data-id=\"873b818\" data-element_type=\"column\">\n\t\t\t<div class=\"elementor-widget-wrap elementor-element-populated\">\n\t\t\t\t\t\t<div class=\"elementor-element elementor-element-70c252f elementor-widget elementor-widget-heading\" data-id=\"70c252f\" data-element_type=\"widget\" data-widget_type=\"heading.default\">\n\t\t\t\t<div class=\"elementor-widget-container\">\n\t\t\t\t\t<h2 class=\"elementor-heading-title elementor-size-default\">251.806 <span style=\"float: right\"> 8,0 h (10,0 ECTS)<\/span><\/h2>\t\t\t\t<\/div>\n\t\t\t\t<\/div>\n\t\t\t\t\t<\/div>\n\t\t<\/div>\n\t\t\t\t\t<\/div>\n\t\t<\/section>\n\t\t\t\t<section class=\"elementor-section elementor-top-section elementor-element elementor-element-69478a88 elementor-section-full_width elementor-section-height-default elementor-section-height-default\" data-id=\"69478a88\" data-element_type=\"section\">\n\t\t\t\t\t\t<div class=\"elementor-container elementor-column-gap-default\">\n\t\t\t\t\t<div class=\"elementor-column elementor-col-50 elementor-top-column elementor-element elementor-element-461f2a5e\" data-id=\"461f2a5e\" data-element_type=\"column\">\n\t\t\t<div class=\"elementor-widget-wrap elementor-element-populated\">\n\t\t\t\t\t\t<div class=\"elementor-element elementor-element-cd0eb37 elementor-nav-menu__align-start elementor-nav-menu--dropdown-mobile elementor-nav-menu__text-align-aside elementor-nav-menu--toggle elementor-nav-menu--burger elementor-widget elementor-widget-nav-menu\" data-id=\"cd0eb37\" data-element_type=\"widget\" data-settings=\"{&quot;layout&quot;:&quot;vertical&quot;,&quot;submenu_icon&quot;:{&quot;value&quot;:&quot;&lt;i class=\\&quot;\\&quot; aria-hidden=\\&quot;true\\&quot;&gt;&lt;\\\/i&gt;&quot;,&quot;library&quot;:&quot;&quot;},&quot;toggle&quot;:&quot;burger&quot;}\" data-widget_type=\"nav-menu.default\">\n\t\t\t\t<div class=\"elementor-widget-container\">\n\t\t\t\t\t\t\t\t<nav aria-label=\"Men\u00fc\" class=\"elementor-nav-menu--main elementor-nav-menu__container elementor-nav-menu--layout-vertical e--pointer-none\">\n\t\t\t\t<ul id=\"menu-1-cd0eb37\" class=\"elementor-nav-menu sm-vertical\"><li class=\"menu-item menu-item-type-post_type menu-item-object-page menu-item-18415\"><a href=\"https:\/\/denkmalpflege.tuwien.ac.at\/index.php\/bern\/\" class=\"elementor-item\">Gro\u00dfes Entwerfen <\/br>Bern \u2013 Areal Aebimatt<\/a><\/li>\n<li class=\"menu-item menu-item-type-post_type menu-item-object-page menu-item-18416\"><a href=\"https:\/\/denkmalpflege.tuwien.ac.at\/index.php\/saar\/\" class=\"elementor-item\">Gro\u00dfes Entwerfen <\/br> Saarland \u2013 Sendehalle Europe 1<\/a><\/li>\n<li class=\"menu-item menu-item-type-post_type menu-item-object-page menu-item-18417\"><a href=\"https:\/\/denkmalpflege.tuwien.ac.at\/index.php\/modul18\/\" class=\"elementor-item\">Modul Denkmalpflege <\/br>&#038; Ma\u00dfnahmen am Denkmal<\/a><\/li>\n<li class=\"menu-item menu-item-type-post_type menu-item-object-page menu-item-18418\"><a href=\"https:\/\/denkmalpflege.tuwien.ac.at\/index.php\/wahlsembda\/\" class=\"elementor-item\">Wahlseminar <\/br>\u2026und das soll ein Denkmal sein?<\/a><\/li>\n<li class=\"menu-item menu-item-type-post_type menu-item-object-page menu-item-18419\"><a href=\"https:\/\/denkmalpflege.tuwien.ac.at\/index.php\/wahlsemstadtbild\/\" class=\"elementor-item\">Wahlseminar <\/br>Stadtbild &#038; Schutzzonen<\/a><\/li>\n<li class=\"menu-item menu-item-type-post_type menu-item-object-page menu-item-18420\"><a href=\"https:\/\/denkmalpflege.tuwien.ac.at\/index.php\/denkmalpflege-und-bausanierung\/\" class=\"elementor-item\">\u00dcbung <\/br>Denkmalpflege &#038; Bausanierung<\/a><\/li>\n<li class=\"menu-item menu-item-type-post_type menu-item-object-page menu-item-18421\"><a href=\"https:\/\/denkmalpflege.tuwien.ac.at\/index.php\/lehre-2\/lva-sommersemester-2021\/anleitung-wissenschaftlichen-arbeiten\/\" class=\"elementor-item\">Seminar <\/br>Anleitung zum <\/br>Wissenschaftlichen Arbeiten<\/a><\/li>\n<li class=\"menu-item menu-item-type-post_type menu-item-object-page menu-item-18422\"><a href=\"https:\/\/denkmalpflege.tuwien.ac.at\/index.php\/diplomanden-und-dissertantenseminar\/\" class=\"elementor-item\">Seminar <\/br>Diplomanden- und <\/br>Dissertantenseminar<\/a><\/li>\n<\/ul>\t\t\t<\/nav>\n\t\t\t\t\t<div class=\"elementor-menu-toggle\" role=\"button\" tabindex=\"0\" aria-label=\"Men\u00fc Umschalter\" aria-expanded=\"false\">\n\t\t\t<i aria-hidden=\"true\" role=\"presentation\" class=\"elementor-menu-toggle__icon--open eicon-menu-bar\"><\/i><i aria-hidden=\"true\" role=\"presentation\" class=\"elementor-menu-toggle__icon--close eicon-close\"><\/i>\t\t<\/div>\n\t\t\t\t\t<nav class=\"elementor-nav-menu--dropdown elementor-nav-menu__container\" aria-hidden=\"true\">\n\t\t\t\t<ul id=\"menu-2-cd0eb37\" class=\"elementor-nav-menu sm-vertical\"><li class=\"menu-item menu-item-type-post_type menu-item-object-page menu-item-18415\"><a href=\"https:\/\/denkmalpflege.tuwien.ac.at\/index.php\/bern\/\" class=\"elementor-item\" tabindex=\"-1\">Gro\u00dfes Entwerfen <\/br>Bern \u2013 Areal Aebimatt<\/a><\/li>\n<li class=\"menu-item menu-item-type-post_type menu-item-object-page menu-item-18416\"><a href=\"https:\/\/denkmalpflege.tuwien.ac.at\/index.php\/saar\/\" class=\"elementor-item\" tabindex=\"-1\">Gro\u00dfes Entwerfen <\/br> Saarland \u2013 Sendehalle Europe 1<\/a><\/li>\n<li class=\"menu-item menu-item-type-post_type menu-item-object-page menu-item-18417\"><a href=\"https:\/\/denkmalpflege.tuwien.ac.at\/index.php\/modul18\/\" class=\"elementor-item\" tabindex=\"-1\">Modul Denkmalpflege <\/br>&#038; Ma\u00dfnahmen am Denkmal<\/a><\/li>\n<li class=\"menu-item menu-item-type-post_type menu-item-object-page menu-item-18418\"><a href=\"https:\/\/denkmalpflege.tuwien.ac.at\/index.php\/wahlsembda\/\" class=\"elementor-item\" tabindex=\"-1\">Wahlseminar <\/br>\u2026und das soll ein Denkmal sein?<\/a><\/li>\n<li class=\"menu-item menu-item-type-post_type menu-item-object-page menu-item-18419\"><a href=\"https:\/\/denkmalpflege.tuwien.ac.at\/index.php\/wahlsemstadtbild\/\" class=\"elementor-item\" tabindex=\"-1\">Wahlseminar <\/br>Stadtbild &#038; Schutzzonen<\/a><\/li>\n<li class=\"menu-item menu-item-type-post_type menu-item-object-page menu-item-18420\"><a href=\"https:\/\/denkmalpflege.tuwien.ac.at\/index.php\/denkmalpflege-und-bausanierung\/\" class=\"elementor-item\" tabindex=\"-1\">\u00dcbung <\/br>Denkmalpflege &#038; Bausanierung<\/a><\/li>\n<li class=\"menu-item menu-item-type-post_type menu-item-object-page menu-item-18421\"><a href=\"https:\/\/denkmalpflege.tuwien.ac.at\/index.php\/lehre-2\/lva-sommersemester-2021\/anleitung-wissenschaftlichen-arbeiten\/\" class=\"elementor-item\" tabindex=\"-1\">Seminar <\/br>Anleitung zum <\/br>Wissenschaftlichen Arbeiten<\/a><\/li>\n<li class=\"menu-item menu-item-type-post_type menu-item-object-page menu-item-18422\"><a href=\"https:\/\/denkmalpflege.tuwien.ac.at\/index.php\/diplomanden-und-dissertantenseminar\/\" class=\"elementor-item\" tabindex=\"-1\">Seminar <\/br>Diplomanden- und <\/br>Dissertantenseminar<\/a><\/li>\n<\/ul>\t\t\t<\/nav>\n\t\t\t\t\t\t<\/div>\n\t\t\t\t<\/div>\n\t\t\t\t\t<\/div>\n\t\t<\/div>\n\t\t\t\t<div class=\"elementor-column elementor-col-50 elementor-top-column elementor-element elementor-element-1608b307\" data-id=\"1608b307\" data-element_type=\"column\">\n\t\t\t<div class=\"elementor-widget-wrap elementor-element-populated\">\n\t\t\t\t\t\t<div class=\"elementor-element elementor-element-62410c6d elementor-widget elementor-widget-text-editor\" data-id=\"62410c6d\" data-element_type=\"widget\" data-widget_type=\"text-editor.default\">\n\t\t\t\t<div class=\"elementor-widget-container\">\n\t\t\t\t\t\t\t\t\t<h1 class=\"lva_h1\">BERN \u2013 AREAL AEBIMATT\u200b<\/h1>\t\t\t\t\t\t\t\t<\/div>\n\t\t\t\t<\/div>\n\t\t\t\t<div class=\"elementor-element elementor-element-1c88b525 lva_img elementor-widget elementor-widget-image\" data-id=\"1c88b525\" data-element_type=\"widget\" data-widget_type=\"image.default\">\n\t\t\t\t<div class=\"elementor-widget-container\">\n\t\t\t\t\t\t\t\t\t\t\t\t\t\t\t<img fetchpriority=\"high\" decoding=\"async\" width=\"260\" height=\"226\" src=\"https:\/\/denkmalpflege.tuwien.ac.at\/wp-content\/uploads\/2018\/02\/bern.gif\" class=\"attachment-full size-full wp-image-13112\" alt=\"\" \/>\t\t\t\t\t\t\t\t\t\t\t\t\t\t\t<\/div>\n\t\t\t\t<\/div>\n\t\t\t\t<div class=\"elementor-element elementor-element-1f5d88a6 elementor-widget elementor-widget-text-editor\" data-id=\"1f5d88a6\" data-element_type=\"widget\" data-widget_type=\"text-editor.default\">\n\t\t\t\t<div class=\"elementor-widget-container\">\n\t\t\t\t\t\t\t\t\t<p class=\"akt\">Master: Gro\u00dfes Entwerfen Denkmalpflege und Entwurf: Strategien der Erhaltung<\/p>\t\t\t\t\t\t\t\t<\/div>\n\t\t\t\t<\/div>\n\t\t\t\t<div class=\"elementor-element elementor-element-17a4f374 elementor-widget elementor-widget-text-editor\" data-id=\"17a4f374\" data-element_type=\"widget\" data-widget_type=\"text-editor.default\">\n\t\t\t\t<div class=\"elementor-widget-container\">\n\t\t\t\t\t\t\t\t\t<h3 class=\"lva_h3 lva_leiter\"><strong>Nott CAVIEZEL, Doris GRANDITS, Agnes LIEBSCH, Ekaterina NOZHOVA, Philipp HAUSLADEN<\/strong><\/h3><h3 class=\"lva_h3 lva_leiter lva_h3_abstand\"><strong>Einf\u00fchrung<\/strong><\/h3><p class=\"lva_text\">Dienstag 6. M\u00e4rz 2018, 9:00-13:00 Uhr, SR 257 (Stiege 3, 2. Stock)<\/p><h3 class=\"lva_h3 lva_leiter lva_h3_abstand\"><strong>Termine<\/strong><\/h3><p class=\"lva_text\">Dienstag, 9:00-13:00 Uhr im SR 257 (Stiege 3, 2. OG)<\/p><h3 class=\"lva_h3 lva_leiter lva_h3_abstand\"><strong>Exkursion<\/strong><\/h3><p class=\"lva_text\">nach Bern, 9. &#8211; 14. April 2018<br \/>Teilnahme verpflichtend!<\/p><h3 class=\"lva_h3 lva_leiter lva_h3_abstand\"><strong>Anmeldung<\/strong><\/h3><p class=\"lva_text\">Bewerbung via\u00a0<a href=\"https:\/\/tiss.tuwien.ac.at\/course\/courseDetails.xhtml?dswid=4030&amp;dsrid=604&amp;courseNr=251806&amp;semester=2018S\" data-wplink-edit=\"true\">TISS<\/a> + Motivationsschreiben (ca. halbe DIN A4 Seite) als Teil des Portfolios oder per Email an <a href=\"mailto:agnes.liebsch@tuwien.ac.at\"><strong>agnes.liebsch@tuwien.ac.at<\/strong><\/a><strong>.<\/strong><\/p>\t\t\t\t\t\t\t\t<\/div>\n\t\t\t\t<\/div>\n\t\t\t\t<div class=\"elementor-element elementor-element-77bf610c elementor-widget-divider--view-line elementor-widget elementor-widget-divider\" data-id=\"77bf610c\" data-element_type=\"widget\" data-widget_type=\"divider.default\">\n\t\t\t\t<div class=\"elementor-widget-container\">\n\t\t\t\t\t\t\t<div class=\"elementor-divider\">\n\t\t\t<span class=\"elementor-divider-separator\">\n\t\t\t\t\t\t<\/span>\n\t\t<\/div>\n\t\t\t\t\t\t<\/div>\n\t\t\t\t<\/div>\n\t\t\t\t<div class=\"elementor-element elementor-element-3a0579c4 elementor-widget elementor-widget-text-editor\" data-id=\"3a0579c4\" data-element_type=\"widget\" data-widget_type=\"text-editor.default\">\n\t\t\t\t<div class=\"elementor-widget-container\">\n\t\t\t\t\t\t\t\t\t<h3 class=\"lva_h3 lva_leiter lva_h3_abstand\"><strong>Lernergebnisse<\/strong><\/h3><p class=\"lva_text\">Jede Entwurfsarbeit am denkmalgesch\u00fctzten Objekt beansprucht spezifische Kenntnisse und erfordert dem Bestand angemessene Strategien. Die \u00dcbung bietet den Studierenden die Gelegenheit, sich mit den vielf\u00e4ltigen Erfordernissen zu befassen, denen man beim Erhalten, Restaurieren, Sanieren und Verwalten eines Denkmals oder bei Eingriffen in ein denkmalgesch\u00fctztes st\u00e4dtisches Ensemble gerecht werden muss.<\/p><h3 class=\"lva_h3 lva_leiter lva_h3_abstand\"><strong>Inhalt der Lehrveranstaltung<\/strong><\/h3><p class=\"va_text\">Das Areal des Eisenbahn-Depots Aebimatt in Bern besteht aus mehreren historisch wertvollen Geb\u00e4uden. Das Hauptst\u00fcck des Areals bildet eine 4-schiffige Lokomotiv-Remise, die 1912 von der Firma Terner &amp; Chopard Ingenieurbau in nur 7 Monaten Bauzeit errichtet wurde. Die gesamte Konstruktion wurde mit Holzleimbindern realisiert &#8211; eine Technik, die erst wenige Jahre alt war und hier erstmals in der Schweiz f\u00fcr ein Bauwerk dieser Gr\u00f6\u00dfe angewandt wurde. Au\u00dferdem gibt es ein gesch\u00fctztes B\u00fcrogeb\u00e4ude, eine historische Drehscheibe und mehrere kleinere bedeutende Objekte. Die Remise ist immer noch gem\u00e4\u00df ihrer urspr\u00fcnglichen Bestimmung in Betrieb, sie soll allerdings 2019 aus der historischen Halle in ein Areal am Stadtrand umgesiedelt werden. Das Entwurfsziel ist, f\u00fcr die historischen Geb\u00e4ude eine ad\u00e4quate Nutzung zu finden. Wo n\u00f6tig, sollen denkmalpflegerisch vertr\u00e4gliche Ma\u00dfnahmen geplant werden, die den Bestand schonen und dennoch neue Funktionen zulassen.<\/p>\t\t\t\t\t\t\t\t<\/div>\n\t\t\t\t<\/div>\n\t\t\t\t<div class=\"elementor-element elementor-element-2e4cb16a elementor-widget-divider--view-line elementor-widget elementor-widget-divider\" data-id=\"2e4cb16a\" data-element_type=\"widget\" data-widget_type=\"divider.default\">\n\t\t\t\t<div class=\"elementor-widget-container\">\n\t\t\t\t\t\t\t<div class=\"elementor-divider\">\n\t\t\t<span class=\"elementor-divider-separator\">\n\t\t\t\t\t\t<\/span>\n\t\t<\/div>\n\t\t\t\t\t\t<\/div>\n\t\t\t\t<\/div>\n\t\t\t\t<section class=\"elementor-section elementor-inner-section elementor-element elementor-element-7a27bb33 elementor-section-boxed elementor-section-height-default elementor-section-height-default\" data-id=\"7a27bb33\" data-element_type=\"section\">\n\t\t\t\t\t\t<div class=\"elementor-container elementor-column-gap-default\">\n\t\t\t\t\t<div class=\"elementor-column elementor-col-50 elementor-inner-column elementor-element elementor-element-67e8f230\" data-id=\"67e8f230\" data-element_type=\"column\">\n\t\t\t<div class=\"elementor-widget-wrap elementor-element-populated\">\n\t\t\t\t\t\t<div class=\"elementor-element elementor-element-772ddb9b elementor-widget elementor-widget-text-editor\" data-id=\"772ddb9b\" data-element_type=\"widget\" data-widget_type=\"text-editor.default\">\n\t\t\t\t<div class=\"elementor-widget-container\">\n\t\t\t\t\t\t\t\t\t<p class=\"lva_text\"><a class=\"link link_blau\" href=\"https:\/\/tiss.tuwien.ac.at\/course\/courseDetails.xhtml?dswid=4030&amp;dsrid=604&amp;courseNr=251806&amp;semester=2018S\">TISS<\/a><\/p>\t\t\t\t\t\t\t\t<\/div>\n\t\t\t\t<\/div>\n\t\t\t\t\t<\/div>\n\t\t<\/div>\n\t\t\t\t<div class=\"elementor-column elementor-col-50 elementor-inner-column elementor-element elementor-element-6b55c600\" data-id=\"6b55c600\" data-element_type=\"column\">\n\t\t\t<div class=\"elementor-widget-wrap\">\n\t\t\t\t\t\t\t<\/div>\n\t\t<\/div>\n\t\t\t\t\t<\/div>\n\t\t<\/section>\n\t\t\t\t\t<\/div>\n\t\t<\/div>\n\t\t\t\t\t<\/div>\n\t\t<\/section>\n\t\t\t\t<\/div>\n\t\t","protected":false},"excerpt":{"rendered":"<p>LVA SS18 251.806 8,0 h (10,0 ECTS) BERN \u2013 AREAL AEBIMATT\u200b Master: Gro\u00dfes Entwerfen Denkmalpflege und Entwurf: Strategien der Erhaltung Nott CAVIEZEL, Doris GRANDITS, Agnes LIEBSCH, Ekaterina NOZHOVA, Philipp HAUSLADEN Einf\u00fchrung Dienstag 6. M\u00e4rz 2018, 9:00-13:00 Uhr, SR 257 (Stiege 3, 2. Stock) Termine Dienstag, 9:00-13:00 Uhr im SR 257 (Stiege 3, 2. OG) Exkursion nach Bern, 9. &#8211; 14. April 2018Teilnahme verpflichtend! Anmeldung Bewerbung via\u00a0TISS + Motivationsschreiben (ca. halbe<\/p>\n<div class=\"belowpost\"><a class=\"btnmore icon-arrow\" href=\"https:\/\/denkmalpflege.tuwien.ac.at\/index.php\/bern\/\"><span>Read More<\/span><\/a><\/div>\n","protected":false},"author":1,"featured_media":0,"parent":0,"menu_order":0,"comment_status":"closed","ping_status":"closed","template":"","meta":{"footnotes":""},"class_list":["post-13056","page","type-page","status-publish","hentry"],"yoast_head":"<!-- This site is optimized with the Yoast SEO plugin v26.0 - https:\/\/yoast.com\/wordpress\/plugins\/seo\/ -->\n<title>bern - Denkmalpflege und Bauen im Bestand<\/title>\n<meta name=\"robots\" content=\"index, follow, max-snippet:-1, max-image-preview:large, max-video-preview:-1\" \/>\n<link rel=\"canonical\" href=\"https:\/\/denkmalpflege.tuwien.ac.at\/index.php\/bern\/\" \/>\n<meta property=\"og:locale\" content=\"de_DE\" \/>\n<meta property=\"og:type\" content=\"article\" \/>\n<meta property=\"og:title\" content=\"bern - Denkmalpflege und Bauen im Bestand\" \/>\n<meta property=\"og:description\" content=\"LVA SS18 251.806 8,0 h (10,0 ECTS) BERN \u2013 AREAL AEBIMATT\u200b Master: Gro\u00dfes Entwerfen Denkmalpflege und Entwurf: Strategien der Erhaltung Nott CAVIEZEL, Doris GRANDITS, Agnes LIEBSCH, Ekaterina NOZHOVA, Philipp HAUSLADEN Einf\u00fchrung Dienstag 6. M\u00e4rz 2018, 9:00-13:00 Uhr, SR 257 (Stiege 3, 2. Stock) Termine Dienstag, 9:00-13:00 Uhr im SR 257 (Stiege 3, 2. OG) Exkursion nach Bern, 9. &#8211; 14. April 2018Teilnahme verpflichtend! Anmeldung Bewerbung via\u00a0TISS + Motivationsschreiben (ca. halbeRead More\" \/>\n<meta property=\"og:url\" content=\"https:\/\/denkmalpflege.tuwien.ac.at\/index.php\/bern\/\" \/>\n<meta property=\"og:site_name\" content=\"Denkmalpflege und Bauen im Bestand\" \/>\n<meta property=\"article:modified_time\" content=\"2023-10-22T10:25:54+00:00\" \/>\n<meta property=\"og:image\" content=\"http:\/\/denkmalpflege.tuwien.ac.at\/wp-content\/uploads\/2018\/02\/bern.gif\" \/>\n<meta name=\"twitter:card\" content=\"summary_large_image\" \/>\n<meta name=\"twitter:label1\" content=\"Gesch\u00e4tzte Lesezeit\" \/>\n\t<meta name=\"twitter:data1\" content=\"1\u00a0Minute\" \/>\n<script type=\"application\/ld+json\" class=\"yoast-schema-graph\">{\"@context\":\"https:\/\/schema.org\",\"@graph\":[{\"@type\":\"WebPage\",\"@id\":\"https:\/\/denkmalpflege.tuwien.ac.at\/index.php\/bern\/\",\"url\":\"https:\/\/denkmalpflege.tuwien.ac.at\/index.php\/bern\/\",\"name\":\"bern - Denkmalpflege und Bauen im Bestand\",\"isPartOf\":{\"@id\":\"https:\/\/denkmalpflege.tuwien.ac.at\/#website\"},\"primaryImageOfPage\":{\"@id\":\"https:\/\/denkmalpflege.tuwien.ac.at\/index.php\/bern\/#primaryimage\"},\"image\":{\"@id\":\"https:\/\/denkmalpflege.tuwien.ac.at\/index.php\/bern\/#primaryimage\"},\"thumbnailUrl\":\"http:\/\/denkmalpflege.tuwien.ac.at\/wp-content\/uploads\/2018\/02\/bern.gif\",\"datePublished\":\"2018-02-12T08:55:17+00:00\",\"dateModified\":\"2023-10-22T10:25:54+00:00\",\"breadcrumb\":{\"@id\":\"https:\/\/denkmalpflege.tuwien.ac.at\/index.php\/bern\/#breadcrumb\"},\"inLanguage\":\"de\",\"potentialAction\":[{\"@type\":\"ReadAction\",\"target\":[\"https:\/\/denkmalpflege.tuwien.ac.at\/index.php\/bern\/\"]}]},{\"@type\":\"ImageObject\",\"inLanguage\":\"de\",\"@id\":\"https:\/\/denkmalpflege.tuwien.ac.at\/index.php\/bern\/#primaryimage\",\"url\":\"\",\"contentUrl\":\"\"},{\"@type\":\"BreadcrumbList\",\"@id\":\"https:\/\/denkmalpflege.tuwien.ac.at\/index.php\/bern\/#breadcrumb\",\"itemListElement\":[{\"@type\":\"ListItem\",\"position\":1,\"name\":\"Startseite\",\"item\":\"https:\/\/denkmalpflege.tuwien.ac.at\/\"},{\"@type\":\"ListItem\",\"position\":2,\"name\":\"bern\"}]},{\"@type\":\"WebSite\",\"@id\":\"https:\/\/denkmalpflege.tuwien.ac.at\/#website\",\"url\":\"https:\/\/denkmalpflege.tuwien.ac.at\/\",\"name\":\"Denkmalpflege und Bauen im Bestand\",\"description\":\"Denkmalpflege TU Wien\",\"publisher\":{\"@id\":\"https:\/\/denkmalpflege.tuwien.ac.at\/#organization\"},\"potentialAction\":[{\"@type\":\"SearchAction\",\"target\":{\"@type\":\"EntryPoint\",\"urlTemplate\":\"https:\/\/denkmalpflege.tuwien.ac.at\/?s={search_term_string}\"},\"query-input\":{\"@type\":\"PropertyValueSpecification\",\"valueRequired\":true,\"valueName\":\"search_term_string\"}}],\"inLanguage\":\"de\"},{\"@type\":\"Organization\",\"@id\":\"https:\/\/denkmalpflege.tuwien.ac.at\/#organization\",\"name\":\"TU Wien Denkmalpflege und Bauen im Bestand\",\"url\":\"https:\/\/denkmalpflege.tuwien.ac.at\/\",\"logo\":{\"@type\":\"ImageObject\",\"inLanguage\":\"de\",\"@id\":\"https:\/\/denkmalpflege.tuwien.ac.at\/#\/schema\/logo\/image\/\",\"url\":\"https:\/\/denkmalpflege.tuwien.ac.at\/wp-content\/uploads\/2019\/10\/Logo1.png\",\"contentUrl\":\"https:\/\/denkmalpflege.tuwien.ac.at\/wp-content\/uploads\/2019\/10\/Logo1.png\",\"width\":222,\"height\":79,\"caption\":\"TU Wien Denkmalpflege und Bauen im Bestand\"},\"image\":{\"@id\":\"https:\/\/denkmalpflege.tuwien.ac.at\/#\/schema\/logo\/image\/\"}}]}<\/script>\n<!-- \/ Yoast SEO plugin. -->","yoast_head_json":{"title":"bern - Denkmalpflege und Bauen im Bestand","robots":{"index":"index","follow":"follow","max-snippet":"max-snippet:-1","max-image-preview":"max-image-preview:large","max-video-preview":"max-video-preview:-1"},"canonical":"https:\/\/denkmalpflege.tuwien.ac.at\/index.php\/bern\/","og_locale":"de_DE","og_type":"article","og_title":"bern - Denkmalpflege und Bauen im Bestand","og_description":"LVA SS18 251.806 8,0 h (10,0 ECTS) BERN \u2013 AREAL AEBIMATT\u200b Master: Gro\u00dfes Entwerfen Denkmalpflege und Entwurf: Strategien der Erhaltung Nott CAVIEZEL, Doris GRANDITS, Agnes LIEBSCH, Ekaterina NOZHOVA, Philipp HAUSLADEN Einf\u00fchrung Dienstag 6. M\u00e4rz 2018, 9:00-13:00 Uhr, SR 257 (Stiege 3, 2. Stock) Termine Dienstag, 9:00-13:00 Uhr im SR 257 (Stiege 3, 2. OG) Exkursion nach Bern, 9. &#8211; 14. April 2018Teilnahme verpflichtend! Anmeldung Bewerbung via\u00a0TISS + Motivationsschreiben (ca. halbeRead More","og_url":"https:\/\/denkmalpflege.tuwien.ac.at\/index.php\/bern\/","og_site_name":"Denkmalpflege und Bauen im Bestand","article_modified_time":"2023-10-22T10:25:54+00:00","og_image":[{"url":"http:\/\/denkmalpflege.tuwien.ac.at\/wp-content\/uploads\/2018\/02\/bern.gif","type":"","width":"","height":""}],"twitter_card":"summary_large_image","twitter_misc":{"Gesch\u00e4tzte Lesezeit":"1\u00a0Minute"},"schema":{"@context":"https:\/\/schema.org","@graph":[{"@type":"WebPage","@id":"https:\/\/denkmalpflege.tuwien.ac.at\/index.php\/bern\/","url":"https:\/\/denkmalpflege.tuwien.ac.at\/index.php\/bern\/","name":"bern - Denkmalpflege und Bauen im Bestand","isPartOf":{"@id":"https:\/\/denkmalpflege.tuwien.ac.at\/#website"},"primaryImageOfPage":{"@id":"https:\/\/denkmalpflege.tuwien.ac.at\/index.php\/bern\/#primaryimage"},"image":{"@id":"https:\/\/denkmalpflege.tuwien.ac.at\/index.php\/bern\/#primaryimage"},"thumbnailUrl":"http:\/\/denkmalpflege.tuwien.ac.at\/wp-content\/uploads\/2018\/02\/bern.gif","datePublished":"2018-02-12T08:55:17+00:00","dateModified":"2023-10-22T10:25:54+00:00","breadcrumb":{"@id":"https:\/\/denkmalpflege.tuwien.ac.at\/index.php\/bern\/#breadcrumb"},"inLanguage":"de","potentialAction":[{"@type":"ReadAction","target":["https:\/\/denkmalpflege.tuwien.ac.at\/index.php\/bern\/"]}]},{"@type":"ImageObject","inLanguage":"de","@id":"https:\/\/denkmalpflege.tuwien.ac.at\/index.php\/bern\/#primaryimage","url":"","contentUrl":""},{"@type":"BreadcrumbList","@id":"https:\/\/denkmalpflege.tuwien.ac.at\/index.php\/bern\/#breadcrumb","itemListElement":[{"@type":"ListItem","position":1,"name":"Startseite","item":"https:\/\/denkmalpflege.tuwien.ac.at\/"},{"@type":"ListItem","position":2,"name":"bern"}]},{"@type":"WebSite","@id":"https:\/\/denkmalpflege.tuwien.ac.at\/#website","url":"https:\/\/denkmalpflege.tuwien.ac.at\/","name":"Denkmalpflege und Bauen im Bestand","description":"Denkmalpflege TU Wien","publisher":{"@id":"https:\/\/denkmalpflege.tuwien.ac.at\/#organization"},"potentialAction":[{"@type":"SearchAction","target":{"@type":"EntryPoint","urlTemplate":"https:\/\/denkmalpflege.tuwien.ac.at\/?s={search_term_string}"},"query-input":{"@type":"PropertyValueSpecification","valueRequired":true,"valueName":"search_term_string"}}],"inLanguage":"de"},{"@type":"Organization","@id":"https:\/\/denkmalpflege.tuwien.ac.at\/#organization","name":"TU Wien Denkmalpflege und Bauen im Bestand","url":"https:\/\/denkmalpflege.tuwien.ac.at\/","logo":{"@type":"ImageObject","inLanguage":"de","@id":"https:\/\/denkmalpflege.tuwien.ac.at\/#\/schema\/logo\/image\/","url":"https:\/\/denkmalpflege.tuwien.ac.at\/wp-content\/uploads\/2019\/10\/Logo1.png","contentUrl":"https:\/\/denkmalpflege.tuwien.ac.at\/wp-content\/uploads\/2019\/10\/Logo1.png","width":222,"height":79,"caption":"TU Wien Denkmalpflege und Bauen im Bestand"},"image":{"@id":"https:\/\/denkmalpflege.tuwien.ac.at\/#\/schema\/logo\/image\/"}}]}},"_links":{"self":[{"href":"https:\/\/denkmalpflege.tuwien.ac.at\/index.php\/wp-json\/wp\/v2\/pages\/13056","targetHints":{"allow":["GET"]}}],"collection":[{"href":"https:\/\/denkmalpflege.tuwien.ac.at\/index.php\/wp-json\/wp\/v2\/pages"}],"about":[{"href":"https:\/\/denkmalpflege.tuwien.ac.at\/index.php\/wp-json\/wp\/v2\/types\/page"}],"author":[{"embeddable":true,"href":"https:\/\/denkmalpflege.tuwien.ac.at\/index.php\/wp-json\/wp\/v2\/users\/1"}],"replies":[{"embeddable":true,"href":"https:\/\/denkmalpflege.tuwien.ac.at\/index.php\/wp-json\/wp\/v2\/comments?post=13056"}],"version-history":[{"count":15,"href":"https:\/\/denkmalpflege.tuwien.ac.at\/index.php\/wp-json\/wp\/v2\/pages\/13056\/revisions"}],"predecessor-version":[{"id":27789,"href":"https:\/\/denkmalpflege.tuwien.ac.at\/index.php\/wp-json\/wp\/v2\/pages\/13056\/revisions\/27789"}],"wp:attachment":[{"href":"https:\/\/denkmalpflege.tuwien.ac.at\/index.php\/wp-json\/wp\/v2\/media?parent=13056"}],"curies":[{"name":"wp","href":"https:\/\/api.w.org\/{rel}","templated":true}]}}