{"id":13031,"date":"2018-01-16T10:50:01","date_gmt":"2018-01-16T09:50:01","guid":{"rendered":"http:\/\/denkmalpflege.tuwien.ac.at\/?page_id=13031"},"modified":"2018-04-30T10:55:33","modified_gmt":"2018-04-30T08:55:33","slug":"bojic","status":"publish","type":"page","link":"https:\/\/denkmalpflege.tuwien.ac.at\/index.php\/bojic\/","title":{"rendered":"bojic"},"content":{"rendered":"<div class='mitarbeiter'>\n<div class='grey'>\n<img decoding=\"async\" src=\"http:\/\/denkmalpflege.tuwien.ac.at\/wp-content\/uploads\/2018\/01\/klein.gif\" alt=\"bojic\" title=\"bojic\" width=\"130\" height=\"113\" class=\"alignnone size-full wp-image-165\" \/> <a href='diplcv' class='right_link'>&lt; Alle Arbeiten<\/a><br \/>\n<b>Das Wiener Stiegenhaus der Gr\u00fcnderzeit<\/p>\n<p><\/b><br \/>\n<strong>2018 Dijana Bojic <\/strong> <\/p>\n<div class='breakline'><\/div>\n<\/div>\n<div class=\"greyfield\">\n<p>Die pr\u00e4gende Bausubstanz von Gr\u00fcnderzeith\u00e4usern befindet sich nicht nur an der Fassade, sondern vor allem im Herzen des Hauses.<br \/>\nDie horizontalen und vertikalen Verbindungselemente sind ein wesentlicher Bestandteil der Wohnh\u00e4user aus dieser Zeit. Die Ausstattung ist nicht nur praktisch und zweckorientiert, es sind kunstvoll behauene Steinstufen und pr\u00e4chtig geschmiedete Gel\u00e4nder, zahlreiche Ornamente, aufwendig geschnitzte T\u00fcren und Tore, farbenfrohe und gemusterte Glasfenster und Fliesen.<br \/>\nGesch\u00fctzt werden erhaltenswerte Wiener Wohnh\u00e4user der Gr\u00fcnderzeit durch die Schutzzonen. Diese nehmen jedoch haupts\u00e4chlich Bezug auf das Stadtbild und das \u00e4u\u00dfere Erscheinungsbild von Objekten. Wenn das Wiener Stadtbild als Kulisse betrachten wird, die Bauordnung, Normen und Richtlinien nicht hinterfragt werden, droht die bauliche und kunsthandwerkliche Substanz verloren zu gehen.<br \/>\nDie Arbeit betrachtet das Gr\u00fcnderzeithaus als Gesamtkunstwerk hierbei wird die Aufmerksamkeit auf das bisher vernachl\u00e4ssigte, halb\u00f6ffentliche Stiegenhaus und Vestib\u00fcl gelegt. Inhalt der Arbeit ist eine detaillierte Untersuchung des Bestandes und der Konstruktion im Vergleich zu den geforderten baurechtlichen Anforderungen. Angestrebt wird ein Vorschlag zur Implementierung der genannten Bereiche in die Altstadterhaltungsnovelle und damit eine Erweiterung der Schutzzone auf die innere Bausubstanz im Sinne der Erfassung eines Gesamtkunstwerks.<\/p>\n<div class='breakline'><\/div>\n<\/div>\n<p><span><\/span><br \/>\n<img decoding=\"async\" src=\"http:\/\/denkmalpflege.tuwien.ac.at\/wp-content\/uploads\/2018\/01\/gro\u00df.gif\" width=\"960\" height=\"\"  alt=\"\" \/><br \/>\n<span><\/span><br \/>\n<span><\/span><br \/>\n<img decoding=\"async\" src=\"http:\/\/denkmalpflege.tuwien.ac.at\/wp-content\/uploads\/2018\/01\/gro\u00df2.gif\" width=\"960\" height=\"\"  alt=\"\" \/><br \/>\n<span><\/span><br \/>\n<span><\/span><\/p>\n","protected":false},"excerpt":{"rendered":"<p>&lt; Alle Arbeiten Das Wiener Stiegenhaus der Gr\u00fcnderzeit 2018 Dijana Bojic Die pr\u00e4gende Bausubstanz von Gr\u00fcnderzeith\u00e4usern befindet sich nicht nur an der Fassade, sondern vor allem im Herzen des Hauses. Die horizontalen und vertikalen Verbindungselemente sind ein wesentlicher Bestandteil der Wohnh\u00e4user aus dieser Zeit. Die Ausstattung ist nicht nur praktisch und zweckorientiert, es sind kunstvoll behauene Steinstufen und pr\u00e4chtig geschmiedete Gel\u00e4nder, zahlreiche Ornamente, aufwendig geschnitzte T\u00fcren und Tore, farbenfrohe und<\/p>\n<div class=\"belowpost\"><a class=\"btnmore icon-arrow\" href=\"https:\/\/denkmalpflege.tuwien.ac.at\/index.php\/bojic\/\"><span>Read More<\/span><\/a><\/div>\n","protected":false},"author":1,"featured_media":0,"parent":0,"menu_order":0,"comment_status":"closed","ping_status":"closed","template":"","meta":{"footnotes":""},"class_list":["post-13031","page","type-page","status-publish","hentry"],"yoast_head":"<!-- This site is optimized with the Yoast SEO plugin v26.0 - https:\/\/yoast.com\/wordpress\/plugins\/seo\/ -->\n<title>bojic - Denkmalpflege und Bauen im Bestand<\/title>\n<meta name=\"robots\" content=\"index, follow, max-snippet:-1, max-image-preview:large, max-video-preview:-1\" \/>\n<link rel=\"canonical\" href=\"https:\/\/denkmalpflege.tuwien.ac.at\/index.php\/bojic\/\" \/>\n<meta property=\"og:locale\" content=\"de_DE\" \/>\n<meta property=\"og:type\" content=\"article\" \/>\n<meta property=\"og:title\" content=\"bojic - Denkmalpflege und Bauen im Bestand\" \/>\n<meta property=\"og:description\" content=\"&lt; Alle Arbeiten Das Wiener Stiegenhaus der Gr\u00fcnderzeit 2018 Dijana Bojic Die pr\u00e4gende Bausubstanz von Gr\u00fcnderzeith\u00e4usern befindet sich nicht nur an der Fassade, sondern vor allem im Herzen des Hauses. Die horizontalen und vertikalen Verbindungselemente sind ein wesentlicher Bestandteil der Wohnh\u00e4user aus dieser Zeit. Die Ausstattung ist nicht nur praktisch und zweckorientiert, es sind kunstvoll behauene Steinstufen und pr\u00e4chtig geschmiedete Gel\u00e4nder, zahlreiche Ornamente, aufwendig geschnitzte T\u00fcren und Tore, farbenfrohe undRead More\" \/>\n<meta property=\"og:url\" content=\"https:\/\/denkmalpflege.tuwien.ac.at\/index.php\/bojic\/\" \/>\n<meta property=\"og:site_name\" content=\"Denkmalpflege und Bauen im Bestand\" \/>\n<meta property=\"article:modified_time\" content=\"2018-04-30T08:55:33+00:00\" \/>\n<meta name=\"twitter:card\" content=\"summary_large_image\" \/>\n<meta name=\"twitter:label1\" content=\"Gesch\u00e4tzte Lesezeit\" \/>\n\t<meta name=\"twitter:data1\" content=\"1\u00a0Minute\" \/>\n<script type=\"application\/ld+json\" class=\"yoast-schema-graph\">{\"@context\":\"https:\/\/schema.org\",\"@graph\":[{\"@type\":\"WebPage\",\"@id\":\"https:\/\/denkmalpflege.tuwien.ac.at\/index.php\/bojic\/\",\"url\":\"https:\/\/denkmalpflege.tuwien.ac.at\/index.php\/bojic\/\",\"name\":\"bojic - Denkmalpflege und Bauen im Bestand\",\"isPartOf\":{\"@id\":\"https:\/\/denkmalpflege.tuwien.ac.at\/#website\"},\"primaryImageOfPage\":{\"@id\":\"https:\/\/denkmalpflege.tuwien.ac.at\/index.php\/bojic\/#primaryimage\"},\"image\":{\"@id\":\"https:\/\/denkmalpflege.tuwien.ac.at\/index.php\/bojic\/#primaryimage\"},\"thumbnailUrl\":\"http:\/\/denkmalpflege.tuwien.ac.at\/wp-content\/uploads\/2018\/01\/klein.gif\",\"datePublished\":\"2018-01-16T09:50:01+00:00\",\"dateModified\":\"2018-04-30T08:55:33+00:00\",\"breadcrumb\":{\"@id\":\"https:\/\/denkmalpflege.tuwien.ac.at\/index.php\/bojic\/#breadcrumb\"},\"inLanguage\":\"de\",\"potentialAction\":[{\"@type\":\"ReadAction\",\"target\":[\"https:\/\/denkmalpflege.tuwien.ac.at\/index.php\/bojic\/\"]}]},{\"@type\":\"ImageObject\",\"inLanguage\":\"de\",\"@id\":\"https:\/\/denkmalpflege.tuwien.ac.at\/index.php\/bojic\/#primaryimage\",\"url\":\"\",\"contentUrl\":\"\"},{\"@type\":\"BreadcrumbList\",\"@id\":\"https:\/\/denkmalpflege.tuwien.ac.at\/index.php\/bojic\/#breadcrumb\",\"itemListElement\":[{\"@type\":\"ListItem\",\"position\":1,\"name\":\"Startseite\",\"item\":\"https:\/\/denkmalpflege.tuwien.ac.at\/\"},{\"@type\":\"ListItem\",\"position\":2,\"name\":\"bojic\"}]},{\"@type\":\"WebSite\",\"@id\":\"https:\/\/denkmalpflege.tuwien.ac.at\/#website\",\"url\":\"https:\/\/denkmalpflege.tuwien.ac.at\/\",\"name\":\"Denkmalpflege und Bauen im Bestand\",\"description\":\"Denkmalpflege TU Wien\",\"publisher\":{\"@id\":\"https:\/\/denkmalpflege.tuwien.ac.at\/#organization\"},\"potentialAction\":[{\"@type\":\"SearchAction\",\"target\":{\"@type\":\"EntryPoint\",\"urlTemplate\":\"https:\/\/denkmalpflege.tuwien.ac.at\/?s={search_term_string}\"},\"query-input\":{\"@type\":\"PropertyValueSpecification\",\"valueRequired\":true,\"valueName\":\"search_term_string\"}}],\"inLanguage\":\"de\"},{\"@type\":\"Organization\",\"@id\":\"https:\/\/denkmalpflege.tuwien.ac.at\/#organization\",\"name\":\"TU Wien Denkmalpflege und Bauen im Bestand\",\"url\":\"https:\/\/denkmalpflege.tuwien.ac.at\/\",\"logo\":{\"@type\":\"ImageObject\",\"inLanguage\":\"de\",\"@id\":\"https:\/\/denkmalpflege.tuwien.ac.at\/#\/schema\/logo\/image\/\",\"url\":\"https:\/\/denkmalpflege.tuwien.ac.at\/wp-content\/uploads\/2019\/10\/Logo1.png\",\"contentUrl\":\"https:\/\/denkmalpflege.tuwien.ac.at\/wp-content\/uploads\/2019\/10\/Logo1.png\",\"width\":222,\"height\":79,\"caption\":\"TU Wien Denkmalpflege und Bauen im Bestand\"},\"image\":{\"@id\":\"https:\/\/denkmalpflege.tuwien.ac.at\/#\/schema\/logo\/image\/\"}}]}<\/script>\n<!-- \/ Yoast SEO plugin. -->","yoast_head_json":{"title":"bojic - Denkmalpflege und Bauen im Bestand","robots":{"index":"index","follow":"follow","max-snippet":"max-snippet:-1","max-image-preview":"max-image-preview:large","max-video-preview":"max-video-preview:-1"},"canonical":"https:\/\/denkmalpflege.tuwien.ac.at\/index.php\/bojic\/","og_locale":"de_DE","og_type":"article","og_title":"bojic - Denkmalpflege und Bauen im Bestand","og_description":"&lt; Alle Arbeiten Das Wiener Stiegenhaus der Gr\u00fcnderzeit 2018 Dijana Bojic Die pr\u00e4gende Bausubstanz von Gr\u00fcnderzeith\u00e4usern befindet sich nicht nur an der Fassade, sondern vor allem im Herzen des Hauses. Die horizontalen und vertikalen Verbindungselemente sind ein wesentlicher Bestandteil der Wohnh\u00e4user aus dieser Zeit. Die Ausstattung ist nicht nur praktisch und zweckorientiert, es sind kunstvoll behauene Steinstufen und pr\u00e4chtig geschmiedete Gel\u00e4nder, zahlreiche Ornamente, aufwendig geschnitzte T\u00fcren und Tore, farbenfrohe undRead More","og_url":"https:\/\/denkmalpflege.tuwien.ac.at\/index.php\/bojic\/","og_site_name":"Denkmalpflege und Bauen im Bestand","article_modified_time":"2018-04-30T08:55:33+00:00","twitter_card":"summary_large_image","twitter_misc":{"Gesch\u00e4tzte Lesezeit":"1\u00a0Minute"},"schema":{"@context":"https:\/\/schema.org","@graph":[{"@type":"WebPage","@id":"https:\/\/denkmalpflege.tuwien.ac.at\/index.php\/bojic\/","url":"https:\/\/denkmalpflege.tuwien.ac.at\/index.php\/bojic\/","name":"bojic - Denkmalpflege und Bauen im Bestand","isPartOf":{"@id":"https:\/\/denkmalpflege.tuwien.ac.at\/#website"},"primaryImageOfPage":{"@id":"https:\/\/denkmalpflege.tuwien.ac.at\/index.php\/bojic\/#primaryimage"},"image":{"@id":"https:\/\/denkmalpflege.tuwien.ac.at\/index.php\/bojic\/#primaryimage"},"thumbnailUrl":"http:\/\/denkmalpflege.tuwien.ac.at\/wp-content\/uploads\/2018\/01\/klein.gif","datePublished":"2018-01-16T09:50:01+00:00","dateModified":"2018-04-30T08:55:33+00:00","breadcrumb":{"@id":"https:\/\/denkmalpflege.tuwien.ac.at\/index.php\/bojic\/#breadcrumb"},"inLanguage":"de","potentialAction":[{"@type":"ReadAction","target":["https:\/\/denkmalpflege.tuwien.ac.at\/index.php\/bojic\/"]}]},{"@type":"ImageObject","inLanguage":"de","@id":"https:\/\/denkmalpflege.tuwien.ac.at\/index.php\/bojic\/#primaryimage","url":"","contentUrl":""},{"@type":"BreadcrumbList","@id":"https:\/\/denkmalpflege.tuwien.ac.at\/index.php\/bojic\/#breadcrumb","itemListElement":[{"@type":"ListItem","position":1,"name":"Startseite","item":"https:\/\/denkmalpflege.tuwien.ac.at\/"},{"@type":"ListItem","position":2,"name":"bojic"}]},{"@type":"WebSite","@id":"https:\/\/denkmalpflege.tuwien.ac.at\/#website","url":"https:\/\/denkmalpflege.tuwien.ac.at\/","name":"Denkmalpflege und Bauen im Bestand","description":"Denkmalpflege TU Wien","publisher":{"@id":"https:\/\/denkmalpflege.tuwien.ac.at\/#organization"},"potentialAction":[{"@type":"SearchAction","target":{"@type":"EntryPoint","urlTemplate":"https:\/\/denkmalpflege.tuwien.ac.at\/?s={search_term_string}"},"query-input":{"@type":"PropertyValueSpecification","valueRequired":true,"valueName":"search_term_string"}}],"inLanguage":"de"},{"@type":"Organization","@id":"https:\/\/denkmalpflege.tuwien.ac.at\/#organization","name":"TU Wien Denkmalpflege und Bauen im Bestand","url":"https:\/\/denkmalpflege.tuwien.ac.at\/","logo":{"@type":"ImageObject","inLanguage":"de","@id":"https:\/\/denkmalpflege.tuwien.ac.at\/#\/schema\/logo\/image\/","url":"https:\/\/denkmalpflege.tuwien.ac.at\/wp-content\/uploads\/2019\/10\/Logo1.png","contentUrl":"https:\/\/denkmalpflege.tuwien.ac.at\/wp-content\/uploads\/2019\/10\/Logo1.png","width":222,"height":79,"caption":"TU Wien Denkmalpflege und Bauen im Bestand"},"image":{"@id":"https:\/\/denkmalpflege.tuwien.ac.at\/#\/schema\/logo\/image\/"}}]}},"_links":{"self":[{"href":"https:\/\/denkmalpflege.tuwien.ac.at\/index.php\/wp-json\/wp\/v2\/pages\/13031","targetHints":{"allow":["GET"]}}],"collection":[{"href":"https:\/\/denkmalpflege.tuwien.ac.at\/index.php\/wp-json\/wp\/v2\/pages"}],"about":[{"href":"https:\/\/denkmalpflege.tuwien.ac.at\/index.php\/wp-json\/wp\/v2\/types\/page"}],"author":[{"embeddable":true,"href":"https:\/\/denkmalpflege.tuwien.ac.at\/index.php\/wp-json\/wp\/v2\/users\/1"}],"replies":[{"embeddable":true,"href":"https:\/\/denkmalpflege.tuwien.ac.at\/index.php\/wp-json\/wp\/v2\/comments?post=13031"}],"version-history":[{"count":2,"href":"https:\/\/denkmalpflege.tuwien.ac.at\/index.php\/wp-json\/wp\/v2\/pages\/13031\/revisions"}],"predecessor-version":[{"id":13434,"href":"https:\/\/denkmalpflege.tuwien.ac.at\/index.php\/wp-json\/wp\/v2\/pages\/13031\/revisions\/13434"}],"wp:attachment":[{"href":"https:\/\/denkmalpflege.tuwien.ac.at\/index.php\/wp-json\/wp\/v2\/media?parent=13031"}],"curies":[{"name":"wp","href":"https:\/\/api.w.org\/{rel}","templated":true}]}}