{"id":12860,"date":"2017-11-06T11:05:25","date_gmt":"2017-11-06T10:05:25","guid":{"rendered":"http:\/\/denkmalpflege.tuwien.ac.at\/?page_id=12860"},"modified":"2017-11-06T11:05:50","modified_gmt":"2017-11-06T10:05:50","slug":"tomanic","status":"publish","type":"page","link":"https:\/\/denkmalpflege.tuwien.ac.at\/index.php\/tomanic\/","title":{"rendered":"Tomanic"},"content":{"rendered":"<div class='mitarbeiter'>\n<div class='grey'>\n<img decoding=\"async\" src=\"http:\/\/denkmalpflege.tuwien.ac.at\/wp-content\/uploads\/2017\/11\/1.gif\" alt=\"Tomanic\" title=\"Tomanic\" width=\"130\" height=\"113\" class=\"alignnone size-full wp-image-165\" \/> <a href='diplomanden-prof-stadler' class='right_link'>&lt; Alle Arbeiten<\/a><br \/>\n<b>Revitalisierung der Siedlung Kr\u0161 in Trebinje<\/b><br \/>\n<strong>2017 Jelena Tomanic<\/strong> <\/p>\n<div class='breakline'><\/div>\n<\/div>\n<div class='greyfield'>\n<p>Der Bedarf nach Erhaltung des architektonischen Kulturerbes von historischer und kultureller Bedeutung hat einen immer gr\u00f6\u00dferen Stellenwert, weil somit ein Beitrag zur F\u00f6rderung des Bewusstseins \u00fcber die Entwicklung der Stadt geleistet wird und ein einf\u00f6rmiges Stadtbild noch dazu vermieden wird. Gleichzeitig ist es wichtig, die Wiederherstellung von Baueinheiten an die dynamische Entwicklung der Umwelt anzupassen, damit dies auch einen nachhaltigen Charakter hat. Als Mittel der Erhaltung wird betont auf die Rolle der Revitalisierung verwiesen. Die Revitalisierung von historischen Zentren ist ein komplexer Prozess, der der Erhaltung und Wiederauferlebung alter Bereiche und ihrer erneuten Verbindung mit der Umgebung beitr\u00e4gt, wobei die Methodologie der Bebauungsplanung sowie Methoden und Grunds\u00e4tze des Schutzes und Erneuerung des architektonischen Kulturerbes zur Anwendung kommen. <\/p>\n<p>Bei der Analyse der Stadt Trebinje, seiner Geschichte und Architektur, kann man Einfl\u00fcsse mehrerer Epochen und Kulturen feststellen, die der Entwicklung der Stadt und der Gestaltung seines heutigen Aussehens wesentlich beitrugen. Aus der t\u00fcrkischen Periode wurden zwei Einheiten als architektonisches Kulturerbe mit historischer Bedeutung hervorgehoben, und zwar die mit einer Bastei umgebene Altstadt (Kastel) und die Siedlung Kr\u0161, die sich auf dem Bergabhang in unmittelbarer N\u00e4he von Kastel befindet. Beide Siedlungen schaffen mit ihren engen Stra\u00dfen und alten Steinh\u00e4usern besondere ambientale Einheiten. Vorschl\u00e4ge zum Wideraufbau der Altstadt existieren schon und man diskutiert auch rege dar\u00fcber, w\u00e4hrend Kr\u0161 auch weiterhin links liegen und dem Zerfall \u00fcberlassen bleibt.<\/p>\n<p>Die Arbeit befasst sich mit der Anfertigung eines Konzepts der Revitalisierung und des Wideraufbaus der Siedlung Kr\u0161 in Trebinje. Das Konzept der Revitalisierung sollte der Aufrechterhaltung der Identit\u00e4t und Besonderheit der Siedlung beitragen und seine Reintegration in die Umgebung erm\u00f6glichen. Damit w\u00fcrde das Bewusstsein der Bewohner \u00fcber die historische Bedeutung dieser Siedlung gesteigert werden und gleichzeitig w\u00fcrden auch neue touristische Angebote geschaffen werden, was der weiteren Entwicklung der Siedlung aber auch der Stadt im Allgemeinen beitragen w\u00fcrde.<\/p>\n<div class='breakline'><\/div>\n<\/div>\n<p><span><\/span><br \/>\n<img decoding=\"async\" src=\"http:\/\/denkmalpflege.tuwien.ac.at\/wp-content\/uploads\/2017\/11\/2-1.gif\" width=\"\" height=\"330\"  alt=\"\" \/><br \/>\n<span><\/span>\n<\/div>\n<\/div>\n","protected":false},"excerpt":{"rendered":"<p>&lt; Alle Arbeiten Revitalisierung der Siedlung Kr\u0161 in Trebinje 2017 Jelena Tomanic Der Bedarf nach Erhaltung des architektonischen Kulturerbes von historischer und kultureller Bedeutung hat einen immer gr\u00f6\u00dferen Stellenwert, weil somit ein Beitrag zur F\u00f6rderung des Bewusstseins \u00fcber die Entwicklung der Stadt geleistet wird und ein einf\u00f6rmiges Stadtbild noch dazu vermieden wird. Gleichzeitig ist es wichtig, die Wiederherstellung von Baueinheiten an die dynamische Entwicklung der Umwelt anzupassen, damit dies auch<\/p>\n<div class=\"belowpost\"><a class=\"btnmore icon-arrow\" href=\"https:\/\/denkmalpflege.tuwien.ac.at\/index.php\/tomanic\/\"><span>Read More<\/span><\/a><\/div>\n","protected":false},"author":1,"featured_media":0,"parent":0,"menu_order":0,"comment_status":"closed","ping_status":"closed","template":"","meta":{"footnotes":""},"class_list":["post-12860","page","type-page","status-publish","hentry"],"yoast_head":"<!-- This site is optimized with the Yoast SEO plugin v26.0 - https:\/\/yoast.com\/wordpress\/plugins\/seo\/ -->\n<title>Tomanic - Denkmalpflege und Bauen im Bestand<\/title>\n<meta name=\"robots\" content=\"index, follow, max-snippet:-1, max-image-preview:large, max-video-preview:-1\" \/>\n<link rel=\"canonical\" href=\"https:\/\/denkmalpflege.tuwien.ac.at\/index.php\/tomanic\/\" \/>\n<meta property=\"og:locale\" content=\"de_DE\" \/>\n<meta property=\"og:type\" content=\"article\" \/>\n<meta property=\"og:title\" content=\"Tomanic - Denkmalpflege und Bauen im Bestand\" \/>\n<meta property=\"og:description\" content=\"&lt; Alle Arbeiten Revitalisierung der Siedlung Kr\u0161 in Trebinje 2017 Jelena Tomanic Der Bedarf nach Erhaltung des architektonischen Kulturerbes von historischer und kultureller Bedeutung hat einen immer gr\u00f6\u00dferen Stellenwert, weil somit ein Beitrag zur F\u00f6rderung des Bewusstseins \u00fcber die Entwicklung der Stadt geleistet wird und ein einf\u00f6rmiges Stadtbild noch dazu vermieden wird. Gleichzeitig ist es wichtig, die Wiederherstellung von Baueinheiten an die dynamische Entwicklung der Umwelt anzupassen, damit dies auchRead More\" \/>\n<meta property=\"og:url\" content=\"https:\/\/denkmalpflege.tuwien.ac.at\/index.php\/tomanic\/\" \/>\n<meta property=\"og:site_name\" content=\"Denkmalpflege und Bauen im Bestand\" \/>\n<meta property=\"article:modified_time\" content=\"2017-11-06T10:05:50+00:00\" \/>\n<meta name=\"twitter:card\" content=\"summary_large_image\" \/>\n<meta name=\"twitter:label1\" content=\"Gesch\u00e4tzte Lesezeit\" \/>\n\t<meta name=\"twitter:data1\" content=\"2\u00a0Minuten\" \/>\n<script type=\"application\/ld+json\" class=\"yoast-schema-graph\">{\"@context\":\"https:\/\/schema.org\",\"@graph\":[{\"@type\":\"WebPage\",\"@id\":\"https:\/\/denkmalpflege.tuwien.ac.at\/index.php\/tomanic\/\",\"url\":\"https:\/\/denkmalpflege.tuwien.ac.at\/index.php\/tomanic\/\",\"name\":\"Tomanic - Denkmalpflege und Bauen im Bestand\",\"isPartOf\":{\"@id\":\"https:\/\/denkmalpflege.tuwien.ac.at\/#website\"},\"primaryImageOfPage\":{\"@id\":\"https:\/\/denkmalpflege.tuwien.ac.at\/index.php\/tomanic\/#primaryimage\"},\"image\":{\"@id\":\"https:\/\/denkmalpflege.tuwien.ac.at\/index.php\/tomanic\/#primaryimage\"},\"thumbnailUrl\":\"http:\/\/denkmalpflege.tuwien.ac.at\/wp-content\/uploads\/2017\/11\/1.gif\",\"datePublished\":\"2017-11-06T10:05:25+00:00\",\"dateModified\":\"2017-11-06T10:05:50+00:00\",\"breadcrumb\":{\"@id\":\"https:\/\/denkmalpflege.tuwien.ac.at\/index.php\/tomanic\/#breadcrumb\"},\"inLanguage\":\"de\",\"potentialAction\":[{\"@type\":\"ReadAction\",\"target\":[\"https:\/\/denkmalpflege.tuwien.ac.at\/index.php\/tomanic\/\"]}]},{\"@type\":\"ImageObject\",\"inLanguage\":\"de\",\"@id\":\"https:\/\/denkmalpflege.tuwien.ac.at\/index.php\/tomanic\/#primaryimage\",\"url\":\"\",\"contentUrl\":\"\"},{\"@type\":\"BreadcrumbList\",\"@id\":\"https:\/\/denkmalpflege.tuwien.ac.at\/index.php\/tomanic\/#breadcrumb\",\"itemListElement\":[{\"@type\":\"ListItem\",\"position\":1,\"name\":\"Startseite\",\"item\":\"https:\/\/denkmalpflege.tuwien.ac.at\/\"},{\"@type\":\"ListItem\",\"position\":2,\"name\":\"Tomanic\"}]},{\"@type\":\"WebSite\",\"@id\":\"https:\/\/denkmalpflege.tuwien.ac.at\/#website\",\"url\":\"https:\/\/denkmalpflege.tuwien.ac.at\/\",\"name\":\"Denkmalpflege und Bauen im Bestand\",\"description\":\"Denkmalpflege TU Wien\",\"publisher\":{\"@id\":\"https:\/\/denkmalpflege.tuwien.ac.at\/#organization\"},\"potentialAction\":[{\"@type\":\"SearchAction\",\"target\":{\"@type\":\"EntryPoint\",\"urlTemplate\":\"https:\/\/denkmalpflege.tuwien.ac.at\/?s={search_term_string}\"},\"query-input\":{\"@type\":\"PropertyValueSpecification\",\"valueRequired\":true,\"valueName\":\"search_term_string\"}}],\"inLanguage\":\"de\"},{\"@type\":\"Organization\",\"@id\":\"https:\/\/denkmalpflege.tuwien.ac.at\/#organization\",\"name\":\"TU Wien Denkmalpflege und Bauen im Bestand\",\"url\":\"https:\/\/denkmalpflege.tuwien.ac.at\/\",\"logo\":{\"@type\":\"ImageObject\",\"inLanguage\":\"de\",\"@id\":\"https:\/\/denkmalpflege.tuwien.ac.at\/#\/schema\/logo\/image\/\",\"url\":\"https:\/\/denkmalpflege.tuwien.ac.at\/wp-content\/uploads\/2019\/10\/Logo1.png\",\"contentUrl\":\"https:\/\/denkmalpflege.tuwien.ac.at\/wp-content\/uploads\/2019\/10\/Logo1.png\",\"width\":222,\"height\":79,\"caption\":\"TU Wien Denkmalpflege und Bauen im Bestand\"},\"image\":{\"@id\":\"https:\/\/denkmalpflege.tuwien.ac.at\/#\/schema\/logo\/image\/\"}}]}<\/script>\n<!-- \/ Yoast SEO plugin. -->","yoast_head_json":{"title":"Tomanic - Denkmalpflege und Bauen im Bestand","robots":{"index":"index","follow":"follow","max-snippet":"max-snippet:-1","max-image-preview":"max-image-preview:large","max-video-preview":"max-video-preview:-1"},"canonical":"https:\/\/denkmalpflege.tuwien.ac.at\/index.php\/tomanic\/","og_locale":"de_DE","og_type":"article","og_title":"Tomanic - Denkmalpflege und Bauen im Bestand","og_description":"&lt; Alle Arbeiten Revitalisierung der Siedlung Kr\u0161 in Trebinje 2017 Jelena Tomanic Der Bedarf nach Erhaltung des architektonischen Kulturerbes von historischer und kultureller Bedeutung hat einen immer gr\u00f6\u00dferen Stellenwert, weil somit ein Beitrag zur F\u00f6rderung des Bewusstseins \u00fcber die Entwicklung der Stadt geleistet wird und ein einf\u00f6rmiges Stadtbild noch dazu vermieden wird. Gleichzeitig ist es wichtig, die Wiederherstellung von Baueinheiten an die dynamische Entwicklung der Umwelt anzupassen, damit dies auchRead More","og_url":"https:\/\/denkmalpflege.tuwien.ac.at\/index.php\/tomanic\/","og_site_name":"Denkmalpflege und Bauen im Bestand","article_modified_time":"2017-11-06T10:05:50+00:00","twitter_card":"summary_large_image","twitter_misc":{"Gesch\u00e4tzte Lesezeit":"2\u00a0Minuten"},"schema":{"@context":"https:\/\/schema.org","@graph":[{"@type":"WebPage","@id":"https:\/\/denkmalpflege.tuwien.ac.at\/index.php\/tomanic\/","url":"https:\/\/denkmalpflege.tuwien.ac.at\/index.php\/tomanic\/","name":"Tomanic - Denkmalpflege und Bauen im Bestand","isPartOf":{"@id":"https:\/\/denkmalpflege.tuwien.ac.at\/#website"},"primaryImageOfPage":{"@id":"https:\/\/denkmalpflege.tuwien.ac.at\/index.php\/tomanic\/#primaryimage"},"image":{"@id":"https:\/\/denkmalpflege.tuwien.ac.at\/index.php\/tomanic\/#primaryimage"},"thumbnailUrl":"http:\/\/denkmalpflege.tuwien.ac.at\/wp-content\/uploads\/2017\/11\/1.gif","datePublished":"2017-11-06T10:05:25+00:00","dateModified":"2017-11-06T10:05:50+00:00","breadcrumb":{"@id":"https:\/\/denkmalpflege.tuwien.ac.at\/index.php\/tomanic\/#breadcrumb"},"inLanguage":"de","potentialAction":[{"@type":"ReadAction","target":["https:\/\/denkmalpflege.tuwien.ac.at\/index.php\/tomanic\/"]}]},{"@type":"ImageObject","inLanguage":"de","@id":"https:\/\/denkmalpflege.tuwien.ac.at\/index.php\/tomanic\/#primaryimage","url":"","contentUrl":""},{"@type":"BreadcrumbList","@id":"https:\/\/denkmalpflege.tuwien.ac.at\/index.php\/tomanic\/#breadcrumb","itemListElement":[{"@type":"ListItem","position":1,"name":"Startseite","item":"https:\/\/denkmalpflege.tuwien.ac.at\/"},{"@type":"ListItem","position":2,"name":"Tomanic"}]},{"@type":"WebSite","@id":"https:\/\/denkmalpflege.tuwien.ac.at\/#website","url":"https:\/\/denkmalpflege.tuwien.ac.at\/","name":"Denkmalpflege und Bauen im Bestand","description":"Denkmalpflege TU Wien","publisher":{"@id":"https:\/\/denkmalpflege.tuwien.ac.at\/#organization"},"potentialAction":[{"@type":"SearchAction","target":{"@type":"EntryPoint","urlTemplate":"https:\/\/denkmalpflege.tuwien.ac.at\/?s={search_term_string}"},"query-input":{"@type":"PropertyValueSpecification","valueRequired":true,"valueName":"search_term_string"}}],"inLanguage":"de"},{"@type":"Organization","@id":"https:\/\/denkmalpflege.tuwien.ac.at\/#organization","name":"TU Wien Denkmalpflege und Bauen im Bestand","url":"https:\/\/denkmalpflege.tuwien.ac.at\/","logo":{"@type":"ImageObject","inLanguage":"de","@id":"https:\/\/denkmalpflege.tuwien.ac.at\/#\/schema\/logo\/image\/","url":"https:\/\/denkmalpflege.tuwien.ac.at\/wp-content\/uploads\/2019\/10\/Logo1.png","contentUrl":"https:\/\/denkmalpflege.tuwien.ac.at\/wp-content\/uploads\/2019\/10\/Logo1.png","width":222,"height":79,"caption":"TU Wien Denkmalpflege und Bauen im Bestand"},"image":{"@id":"https:\/\/denkmalpflege.tuwien.ac.at\/#\/schema\/logo\/image\/"}}]}},"_links":{"self":[{"href":"https:\/\/denkmalpflege.tuwien.ac.at\/index.php\/wp-json\/wp\/v2\/pages\/12860","targetHints":{"allow":["GET"]}}],"collection":[{"href":"https:\/\/denkmalpflege.tuwien.ac.at\/index.php\/wp-json\/wp\/v2\/pages"}],"about":[{"href":"https:\/\/denkmalpflege.tuwien.ac.at\/index.php\/wp-json\/wp\/v2\/types\/page"}],"author":[{"embeddable":true,"href":"https:\/\/denkmalpflege.tuwien.ac.at\/index.php\/wp-json\/wp\/v2\/users\/1"}],"replies":[{"embeddable":true,"href":"https:\/\/denkmalpflege.tuwien.ac.at\/index.php\/wp-json\/wp\/v2\/comments?post=12860"}],"version-history":[{"count":2,"href":"https:\/\/denkmalpflege.tuwien.ac.at\/index.php\/wp-json\/wp\/v2\/pages\/12860\/revisions"}],"predecessor-version":[{"id":12863,"href":"https:\/\/denkmalpflege.tuwien.ac.at\/index.php\/wp-json\/wp\/v2\/pages\/12860\/revisions\/12863"}],"wp:attachment":[{"href":"https:\/\/denkmalpflege.tuwien.ac.at\/index.php\/wp-json\/wp\/v2\/media?parent=12860"}],"curies":[{"name":"wp","href":"https:\/\/api.w.org\/{rel}","templated":true}]}}