{"id":12856,"date":"2017-11-06T11:01:15","date_gmt":"2017-11-06T10:01:15","guid":{"rendered":"http:\/\/denkmalpflege.tuwien.ac.at\/?page_id=12856"},"modified":"2018-04-30T16:51:43","modified_gmt":"2018-04-30T14:51:43","slug":"jovanovic","status":"publish","type":"page","link":"https:\/\/denkmalpflege.tuwien.ac.at\/index.php\/jovanovic\/","title":{"rendered":"Jovanovic"},"content":{"rendered":"<div class='mitarbeiter'>\n<div class='grey'>\n<img decoding=\"async\" src=\"http:\/\/denkmalpflege.tuwien.ac.at\/wp-content\/uploads\/2017\/11\/1-1.gif\" alt=\"Jovanovic\" title=\"Jovanovic\" width=\"130\" height=\"113\" class=\"alignnone size-full wp-image-165\" \/> <a href='diplomanden-prof-stadler' class='right_link'>&lt; Alle Arbeiten<\/a><br \/>\n<b>Kaleidoskop<br \/>\nRevitalisierung und Umnutzung des Silos in Smederevo, Serbien<\/b><br \/>\n<strong>2017 Nada Jovanovic<\/strong> <\/p>\n<div class='breakline'><\/div>\n<\/div>\n<div class='greyfield'>\n<p>Die Entwicklung des Flussweges an der Donau in der Zeit zwischen den Weltkriegen hat die rasante Entwicklung der verschiedenen Arten von Geb\u00e4uden der Industriearchitektur erm\u00f6glicht. Der Bestandteil des Produktionsprozesses war die Lagerung und Verarbeitung der Getreide. Das Silo befindet sich im westlichen Teil von Smederevo, Serbien, an der Donau, und wurde Anfang des 20. Jahrhunderts gebaut. <\/p>\n<p>Die vorliegende Diplomarbeit befasst sich mit der baugeschichtlichen Analyse des Baubestands und mit dem aktuellen Zustand des Geb\u00e4udes. Durch die Verlagerung des Industriegebietes und der Auseinandersetzung mit den aktuellen st\u00e4dtebaulichen Konzepten soll schlie\u00dflich ein Entwurf f\u00fcr die Umnutzung des vergessenen Kulturguts als Museum entwickelt werden. Das Ziel dieser Arbeit ist zu zeigen, dass selbst ein scheinbar wertloses Objekt bestimmte authentische Werte aufweisen kann, dessen Hervorhebung mit einem neuen Zweck f\u00fcr die Gegenwart sowie Zukunft eines Ortes sehr relevant sein kann. <\/p>\n<div class='breakline'><\/div>\n<\/div>\n<p><span><\/span><br \/>\n<img decoding=\"async\" src=\"http:\/\/denkmalpflege.tuwien.ac.at\/wp-content\/uploads\/2017\/11\/2.gif\" width=\"\" height=\"330\"  alt=\"\" \/><br \/>\n<span><\/span><br \/>\n<img decoding=\"async\" src=\"http:\/\/denkmalpflege.tuwien.ac.at\/wp-content\/uploads\/2017\/11\/2b.gif\" width=\"\" height=\"330\"  alt=\"\" \/><br \/>\n<span><\/span>\n<\/div>\n<\/div>\n","protected":false},"excerpt":{"rendered":"<p>&lt; Alle Arbeiten Kaleidoskop Revitalisierung und Umnutzung des Silos in Smederevo, Serbien 2017 Nada Jovanovic Die Entwicklung des Flussweges an der Donau in der Zeit zwischen den Weltkriegen hat die rasante Entwicklung der verschiedenen Arten von Geb\u00e4uden der Industriearchitektur erm\u00f6glicht. Der Bestandteil des Produktionsprozesses war die Lagerung und Verarbeitung der Getreide. Das Silo befindet sich im westlichen Teil von Smederevo, Serbien, an der Donau, und wurde Anfang des 20. Jahrhunderts<\/p>\n<div class=\"belowpost\"><a class=\"btnmore icon-arrow\" href=\"https:\/\/denkmalpflege.tuwien.ac.at\/index.php\/jovanovic\/\"><span>Read More<\/span><\/a><\/div>\n","protected":false},"author":1,"featured_media":0,"parent":0,"menu_order":0,"comment_status":"closed","ping_status":"closed","template":"","meta":{"footnotes":""},"class_list":["post-12856","page","type-page","status-publish","hentry"],"yoast_head":"<!-- This site is optimized with the Yoast SEO plugin v26.0 - https:\/\/yoast.com\/wordpress\/plugins\/seo\/ -->\n<title>Jovanovic - Denkmalpflege und Bauen im Bestand<\/title>\n<meta name=\"robots\" content=\"index, follow, max-snippet:-1, max-image-preview:large, max-video-preview:-1\" \/>\n<link rel=\"canonical\" href=\"https:\/\/denkmalpflege.tuwien.ac.at\/index.php\/jovanovic\/\" \/>\n<meta property=\"og:locale\" content=\"de_DE\" \/>\n<meta property=\"og:type\" content=\"article\" \/>\n<meta property=\"og:title\" content=\"Jovanovic - Denkmalpflege und Bauen im Bestand\" \/>\n<meta property=\"og:description\" content=\"&lt; Alle Arbeiten Kaleidoskop Revitalisierung und Umnutzung des Silos in Smederevo, Serbien 2017 Nada Jovanovic Die Entwicklung des Flussweges an der Donau in der Zeit zwischen den Weltkriegen hat die rasante Entwicklung der verschiedenen Arten von Geb\u00e4uden der Industriearchitektur erm\u00f6glicht. Der Bestandteil des Produktionsprozesses war die Lagerung und Verarbeitung der Getreide. Das Silo befindet sich im westlichen Teil von Smederevo, Serbien, an der Donau, und wurde Anfang des 20. JahrhundertsRead More\" \/>\n<meta property=\"og:url\" content=\"https:\/\/denkmalpflege.tuwien.ac.at\/index.php\/jovanovic\/\" \/>\n<meta property=\"og:site_name\" content=\"Denkmalpflege und Bauen im Bestand\" \/>\n<meta property=\"article:modified_time\" content=\"2018-04-30T14:51:43+00:00\" \/>\n<meta name=\"twitter:card\" content=\"summary_large_image\" \/>\n<meta name=\"twitter:label1\" content=\"Gesch\u00e4tzte Lesezeit\" \/>\n\t<meta name=\"twitter:data1\" content=\"1\u00a0Minute\" \/>\n<script type=\"application\/ld+json\" class=\"yoast-schema-graph\">{\"@context\":\"https:\/\/schema.org\",\"@graph\":[{\"@type\":\"WebPage\",\"@id\":\"https:\/\/denkmalpflege.tuwien.ac.at\/index.php\/jovanovic\/\",\"url\":\"https:\/\/denkmalpflege.tuwien.ac.at\/index.php\/jovanovic\/\",\"name\":\"Jovanovic - Denkmalpflege und Bauen im Bestand\",\"isPartOf\":{\"@id\":\"https:\/\/denkmalpflege.tuwien.ac.at\/#website\"},\"primaryImageOfPage\":{\"@id\":\"https:\/\/denkmalpflege.tuwien.ac.at\/index.php\/jovanovic\/#primaryimage\"},\"image\":{\"@id\":\"https:\/\/denkmalpflege.tuwien.ac.at\/index.php\/jovanovic\/#primaryimage\"},\"thumbnailUrl\":\"http:\/\/denkmalpflege.tuwien.ac.at\/wp-content\/uploads\/2017\/11\/1-1.gif\",\"datePublished\":\"2017-11-06T10:01:15+00:00\",\"dateModified\":\"2018-04-30T14:51:43+00:00\",\"breadcrumb\":{\"@id\":\"https:\/\/denkmalpflege.tuwien.ac.at\/index.php\/jovanovic\/#breadcrumb\"},\"inLanguage\":\"de\",\"potentialAction\":[{\"@type\":\"ReadAction\",\"target\":[\"https:\/\/denkmalpflege.tuwien.ac.at\/index.php\/jovanovic\/\"]}]},{\"@type\":\"ImageObject\",\"inLanguage\":\"de\",\"@id\":\"https:\/\/denkmalpflege.tuwien.ac.at\/index.php\/jovanovic\/#primaryimage\",\"url\":\"\",\"contentUrl\":\"\"},{\"@type\":\"BreadcrumbList\",\"@id\":\"https:\/\/denkmalpflege.tuwien.ac.at\/index.php\/jovanovic\/#breadcrumb\",\"itemListElement\":[{\"@type\":\"ListItem\",\"position\":1,\"name\":\"Startseite\",\"item\":\"https:\/\/denkmalpflege.tuwien.ac.at\/\"},{\"@type\":\"ListItem\",\"position\":2,\"name\":\"Jovanovic\"}]},{\"@type\":\"WebSite\",\"@id\":\"https:\/\/denkmalpflege.tuwien.ac.at\/#website\",\"url\":\"https:\/\/denkmalpflege.tuwien.ac.at\/\",\"name\":\"Denkmalpflege und Bauen im Bestand\",\"description\":\"Denkmalpflege TU Wien\",\"publisher\":{\"@id\":\"https:\/\/denkmalpflege.tuwien.ac.at\/#organization\"},\"potentialAction\":[{\"@type\":\"SearchAction\",\"target\":{\"@type\":\"EntryPoint\",\"urlTemplate\":\"https:\/\/denkmalpflege.tuwien.ac.at\/?s={search_term_string}\"},\"query-input\":{\"@type\":\"PropertyValueSpecification\",\"valueRequired\":true,\"valueName\":\"search_term_string\"}}],\"inLanguage\":\"de\"},{\"@type\":\"Organization\",\"@id\":\"https:\/\/denkmalpflege.tuwien.ac.at\/#organization\",\"name\":\"TU Wien Denkmalpflege und Bauen im Bestand\",\"url\":\"https:\/\/denkmalpflege.tuwien.ac.at\/\",\"logo\":{\"@type\":\"ImageObject\",\"inLanguage\":\"de\",\"@id\":\"https:\/\/denkmalpflege.tuwien.ac.at\/#\/schema\/logo\/image\/\",\"url\":\"https:\/\/denkmalpflege.tuwien.ac.at\/wp-content\/uploads\/2019\/10\/Logo1.png\",\"contentUrl\":\"https:\/\/denkmalpflege.tuwien.ac.at\/wp-content\/uploads\/2019\/10\/Logo1.png\",\"width\":222,\"height\":79,\"caption\":\"TU Wien Denkmalpflege und Bauen im Bestand\"},\"image\":{\"@id\":\"https:\/\/denkmalpflege.tuwien.ac.at\/#\/schema\/logo\/image\/\"}}]}<\/script>\n<!-- \/ Yoast SEO plugin. -->","yoast_head_json":{"title":"Jovanovic - Denkmalpflege und Bauen im Bestand","robots":{"index":"index","follow":"follow","max-snippet":"max-snippet:-1","max-image-preview":"max-image-preview:large","max-video-preview":"max-video-preview:-1"},"canonical":"https:\/\/denkmalpflege.tuwien.ac.at\/index.php\/jovanovic\/","og_locale":"de_DE","og_type":"article","og_title":"Jovanovic - Denkmalpflege und Bauen im Bestand","og_description":"&lt; Alle Arbeiten Kaleidoskop Revitalisierung und Umnutzung des Silos in Smederevo, Serbien 2017 Nada Jovanovic Die Entwicklung des Flussweges an der Donau in der Zeit zwischen den Weltkriegen hat die rasante Entwicklung der verschiedenen Arten von Geb\u00e4uden der Industriearchitektur erm\u00f6glicht. Der Bestandteil des Produktionsprozesses war die Lagerung und Verarbeitung der Getreide. Das Silo befindet sich im westlichen Teil von Smederevo, Serbien, an der Donau, und wurde Anfang des 20. JahrhundertsRead More","og_url":"https:\/\/denkmalpflege.tuwien.ac.at\/index.php\/jovanovic\/","og_site_name":"Denkmalpflege und Bauen im Bestand","article_modified_time":"2018-04-30T14:51:43+00:00","twitter_card":"summary_large_image","twitter_misc":{"Gesch\u00e4tzte Lesezeit":"1\u00a0Minute"},"schema":{"@context":"https:\/\/schema.org","@graph":[{"@type":"WebPage","@id":"https:\/\/denkmalpflege.tuwien.ac.at\/index.php\/jovanovic\/","url":"https:\/\/denkmalpflege.tuwien.ac.at\/index.php\/jovanovic\/","name":"Jovanovic - Denkmalpflege und Bauen im Bestand","isPartOf":{"@id":"https:\/\/denkmalpflege.tuwien.ac.at\/#website"},"primaryImageOfPage":{"@id":"https:\/\/denkmalpflege.tuwien.ac.at\/index.php\/jovanovic\/#primaryimage"},"image":{"@id":"https:\/\/denkmalpflege.tuwien.ac.at\/index.php\/jovanovic\/#primaryimage"},"thumbnailUrl":"http:\/\/denkmalpflege.tuwien.ac.at\/wp-content\/uploads\/2017\/11\/1-1.gif","datePublished":"2017-11-06T10:01:15+00:00","dateModified":"2018-04-30T14:51:43+00:00","breadcrumb":{"@id":"https:\/\/denkmalpflege.tuwien.ac.at\/index.php\/jovanovic\/#breadcrumb"},"inLanguage":"de","potentialAction":[{"@type":"ReadAction","target":["https:\/\/denkmalpflege.tuwien.ac.at\/index.php\/jovanovic\/"]}]},{"@type":"ImageObject","inLanguage":"de","@id":"https:\/\/denkmalpflege.tuwien.ac.at\/index.php\/jovanovic\/#primaryimage","url":"","contentUrl":""},{"@type":"BreadcrumbList","@id":"https:\/\/denkmalpflege.tuwien.ac.at\/index.php\/jovanovic\/#breadcrumb","itemListElement":[{"@type":"ListItem","position":1,"name":"Startseite","item":"https:\/\/denkmalpflege.tuwien.ac.at\/"},{"@type":"ListItem","position":2,"name":"Jovanovic"}]},{"@type":"WebSite","@id":"https:\/\/denkmalpflege.tuwien.ac.at\/#website","url":"https:\/\/denkmalpflege.tuwien.ac.at\/","name":"Denkmalpflege und Bauen im Bestand","description":"Denkmalpflege TU Wien","publisher":{"@id":"https:\/\/denkmalpflege.tuwien.ac.at\/#organization"},"potentialAction":[{"@type":"SearchAction","target":{"@type":"EntryPoint","urlTemplate":"https:\/\/denkmalpflege.tuwien.ac.at\/?s={search_term_string}"},"query-input":{"@type":"PropertyValueSpecification","valueRequired":true,"valueName":"search_term_string"}}],"inLanguage":"de"},{"@type":"Organization","@id":"https:\/\/denkmalpflege.tuwien.ac.at\/#organization","name":"TU Wien Denkmalpflege und Bauen im Bestand","url":"https:\/\/denkmalpflege.tuwien.ac.at\/","logo":{"@type":"ImageObject","inLanguage":"de","@id":"https:\/\/denkmalpflege.tuwien.ac.at\/#\/schema\/logo\/image\/","url":"https:\/\/denkmalpflege.tuwien.ac.at\/wp-content\/uploads\/2019\/10\/Logo1.png","contentUrl":"https:\/\/denkmalpflege.tuwien.ac.at\/wp-content\/uploads\/2019\/10\/Logo1.png","width":222,"height":79,"caption":"TU Wien Denkmalpflege und Bauen im Bestand"},"image":{"@id":"https:\/\/denkmalpflege.tuwien.ac.at\/#\/schema\/logo\/image\/"}}]}},"_links":{"self":[{"href":"https:\/\/denkmalpflege.tuwien.ac.at\/index.php\/wp-json\/wp\/v2\/pages\/12856","targetHints":{"allow":["GET"]}}],"collection":[{"href":"https:\/\/denkmalpflege.tuwien.ac.at\/index.php\/wp-json\/wp\/v2\/pages"}],"about":[{"href":"https:\/\/denkmalpflege.tuwien.ac.at\/index.php\/wp-json\/wp\/v2\/types\/page"}],"author":[{"embeddable":true,"href":"https:\/\/denkmalpflege.tuwien.ac.at\/index.php\/wp-json\/wp\/v2\/users\/1"}],"replies":[{"embeddable":true,"href":"https:\/\/denkmalpflege.tuwien.ac.at\/index.php\/wp-json\/wp\/v2\/comments?post=12856"}],"version-history":[{"count":4,"href":"https:\/\/denkmalpflege.tuwien.ac.at\/index.php\/wp-json\/wp\/v2\/pages\/12856\/revisions"}],"predecessor-version":[{"id":13472,"href":"https:\/\/denkmalpflege.tuwien.ac.at\/index.php\/wp-json\/wp\/v2\/pages\/12856\/revisions\/13472"}],"wp:attachment":[{"href":"https:\/\/denkmalpflege.tuwien.ac.at\/index.php\/wp-json\/wp\/v2\/media?parent=12856"}],"curies":[{"name":"wp","href":"https:\/\/api.w.org\/{rel}","templated":true}]}}