{"id":12573,"date":"2017-07-05T10:37:39","date_gmt":"2017-07-05T08:37:39","guid":{"rendered":"http:\/\/denkmalpflege.tuwien.ac.at\/?page_id=12573"},"modified":"2017-07-05T10:37:39","modified_gmt":"2017-07-05T08:37:39","slug":"stocker","status":"publish","type":"page","link":"https:\/\/denkmalpflege.tuwien.ac.at\/index.php\/stocker\/","title":{"rendered":"stocker"},"content":{"rendered":"<div class='mitarbeiter'>\n<div class='grey'>\n<img decoding=\"async\" src=\"http:\/\/denkmalpflege.tuwien.ac.at\/wp-content\/uploads\/2017\/07\/klein-1.gif\" alt=\"stocker\" title=\"stocker\" width=\"130\" height=\"113\" class=\"alignnone size-full wp-image-165\" \/> <a href='diplomanden-prof-stadler' class='right_link'>&lt; Alle Arbeiten<\/a><br \/>\n<b>Das Industriedenkmal der landwirtschaftlichen Maschinenfabrik Hofherr-Schrantz &#038; Clayton-Shuttleworth AG<\/b><br \/>\n<strong>2017 Raphael Stocker<\/strong> <\/p>\n<div class='breakline'><\/div>\n<\/div>\n<div class='greyfield'>\n<p>Das Unternehmen Hofherr-Schrantz &#038; Clayton-Shuttleworth AG, seit 1913 am Standort zwischen Br\u00fcnner Stra\u00dfe und Shuttleworthstra\u00dfe in Wien Floridsdorf gelegen, war ein europaweit angesehenes und erfolgreiches Unternehmen f\u00fcr Landwirtschaftsmaschinen.<br \/>\nHeute sind davon lediglich zwei Bauwerke erhalten: Der denkmalgesch\u00fctzte Wasserturm und der sogenannte \u201eRoderbau\u201c, einem nahegelegenen ehemaligen Maschinen-Magazin, welches \u00fcber die Jahrzehnte hinweg als Lager genutzt wurde.<br \/>\nDie baugeschichtliche Aufarbeitung eines der gr\u00f6\u00dften Betrieben in der k. u. k.-Monarchie und das industrielle Erbe des gesamten Standortes sind Teil dieser Arbeit. <\/p>\n<div class='breakline'><\/div>\n<\/div>\n<p><span><\/span><br \/>\n<img decoding=\"async\" src=\"http:\/\/denkmalpflege.tuwien.ac.at\/wp-content\/uploads\/2017\/07\/gro\u00df-1.gif\" width=\"\" height=\"330\"  alt=\"\" \/><br \/>\n<span><\/span>\n<\/div>\n<\/div>\n","protected":false},"excerpt":{"rendered":"<p>&lt; Alle Arbeiten Das Industriedenkmal der landwirtschaftlichen Maschinenfabrik Hofherr-Schrantz &#038; Clayton-Shuttleworth AG 2017 Raphael Stocker Das Unternehmen Hofherr-Schrantz &#038; Clayton-Shuttleworth AG, seit 1913 am Standort zwischen Br\u00fcnner Stra\u00dfe und Shuttleworthstra\u00dfe in Wien Floridsdorf gelegen, war ein europaweit angesehenes und erfolgreiches Unternehmen f\u00fcr Landwirtschaftsmaschinen. Heute sind davon lediglich zwei Bauwerke erhalten: Der denkmalgesch\u00fctzte Wasserturm und der sogenannte \u201eRoderbau\u201c, einem nahegelegenen ehemaligen Maschinen-Magazin, welches \u00fcber die Jahrzehnte hinweg als Lager genutzt wurde.<\/p>\n<div class=\"belowpost\"><a class=\"btnmore icon-arrow\" href=\"https:\/\/denkmalpflege.tuwien.ac.at\/index.php\/stocker\/\"><span>Read More<\/span><\/a><\/div>\n","protected":false},"author":1,"featured_media":0,"parent":0,"menu_order":0,"comment_status":"closed","ping_status":"closed","template":"","meta":{"footnotes":""},"class_list":["post-12573","page","type-page","status-publish","hentry"],"yoast_head":"<!-- This site is optimized with the Yoast SEO plugin v26.0 - https:\/\/yoast.com\/wordpress\/plugins\/seo\/ -->\n<title>stocker - Denkmalpflege und Bauen im Bestand<\/title>\n<meta name=\"robots\" content=\"index, follow, max-snippet:-1, max-image-preview:large, max-video-preview:-1\" \/>\n<link rel=\"canonical\" href=\"https:\/\/denkmalpflege.tuwien.ac.at\/index.php\/stocker\/\" \/>\n<meta property=\"og:locale\" content=\"de_DE\" \/>\n<meta property=\"og:type\" content=\"article\" \/>\n<meta property=\"og:title\" content=\"stocker - Denkmalpflege und Bauen im Bestand\" \/>\n<meta property=\"og:description\" content=\"&lt; Alle Arbeiten Das Industriedenkmal der landwirtschaftlichen Maschinenfabrik Hofherr-Schrantz &#038; Clayton-Shuttleworth AG 2017 Raphael Stocker Das Unternehmen Hofherr-Schrantz &#038; Clayton-Shuttleworth AG, seit 1913 am Standort zwischen Br\u00fcnner Stra\u00dfe und Shuttleworthstra\u00dfe in Wien Floridsdorf gelegen, war ein europaweit angesehenes und erfolgreiches Unternehmen f\u00fcr Landwirtschaftsmaschinen. Heute sind davon lediglich zwei Bauwerke erhalten: Der denkmalgesch\u00fctzte Wasserturm und der sogenannte \u201eRoderbau\u201c, einem nahegelegenen ehemaligen Maschinen-Magazin, welches \u00fcber die Jahrzehnte hinweg als Lager genutzt wurde.Read More\" \/>\n<meta property=\"og:url\" content=\"https:\/\/denkmalpflege.tuwien.ac.at\/index.php\/stocker\/\" \/>\n<meta property=\"og:site_name\" content=\"Denkmalpflege und Bauen im Bestand\" \/>\n<meta name=\"twitter:card\" content=\"summary_large_image\" \/>\n<script type=\"application\/ld+json\" class=\"yoast-schema-graph\">{\"@context\":\"https:\/\/schema.org\",\"@graph\":[{\"@type\":\"WebPage\",\"@id\":\"https:\/\/denkmalpflege.tuwien.ac.at\/index.php\/stocker\/\",\"url\":\"https:\/\/denkmalpflege.tuwien.ac.at\/index.php\/stocker\/\",\"name\":\"stocker - Denkmalpflege und Bauen im Bestand\",\"isPartOf\":{\"@id\":\"https:\/\/denkmalpflege.tuwien.ac.at\/#website\"},\"primaryImageOfPage\":{\"@id\":\"https:\/\/denkmalpflege.tuwien.ac.at\/index.php\/stocker\/#primaryimage\"},\"image\":{\"@id\":\"https:\/\/denkmalpflege.tuwien.ac.at\/index.php\/stocker\/#primaryimage\"},\"thumbnailUrl\":\"http:\/\/denkmalpflege.tuwien.ac.at\/wp-content\/uploads\/2017\/07\/klein-1.gif\",\"datePublished\":\"2017-07-05T08:37:39+00:00\",\"breadcrumb\":{\"@id\":\"https:\/\/denkmalpflege.tuwien.ac.at\/index.php\/stocker\/#breadcrumb\"},\"inLanguage\":\"de\",\"potentialAction\":[{\"@type\":\"ReadAction\",\"target\":[\"https:\/\/denkmalpflege.tuwien.ac.at\/index.php\/stocker\/\"]}]},{\"@type\":\"ImageObject\",\"inLanguage\":\"de\",\"@id\":\"https:\/\/denkmalpflege.tuwien.ac.at\/index.php\/stocker\/#primaryimage\",\"url\":\"\",\"contentUrl\":\"\"},{\"@type\":\"BreadcrumbList\",\"@id\":\"https:\/\/denkmalpflege.tuwien.ac.at\/index.php\/stocker\/#breadcrumb\",\"itemListElement\":[{\"@type\":\"ListItem\",\"position\":1,\"name\":\"Startseite\",\"item\":\"https:\/\/denkmalpflege.tuwien.ac.at\/\"},{\"@type\":\"ListItem\",\"position\":2,\"name\":\"stocker\"}]},{\"@type\":\"WebSite\",\"@id\":\"https:\/\/denkmalpflege.tuwien.ac.at\/#website\",\"url\":\"https:\/\/denkmalpflege.tuwien.ac.at\/\",\"name\":\"Denkmalpflege und Bauen im Bestand\",\"description\":\"Denkmalpflege TU Wien\",\"publisher\":{\"@id\":\"https:\/\/denkmalpflege.tuwien.ac.at\/#organization\"},\"potentialAction\":[{\"@type\":\"SearchAction\",\"target\":{\"@type\":\"EntryPoint\",\"urlTemplate\":\"https:\/\/denkmalpflege.tuwien.ac.at\/?s={search_term_string}\"},\"query-input\":{\"@type\":\"PropertyValueSpecification\",\"valueRequired\":true,\"valueName\":\"search_term_string\"}}],\"inLanguage\":\"de\"},{\"@type\":\"Organization\",\"@id\":\"https:\/\/denkmalpflege.tuwien.ac.at\/#organization\",\"name\":\"TU Wien Denkmalpflege und Bauen im Bestand\",\"url\":\"https:\/\/denkmalpflege.tuwien.ac.at\/\",\"logo\":{\"@type\":\"ImageObject\",\"inLanguage\":\"de\",\"@id\":\"https:\/\/denkmalpflege.tuwien.ac.at\/#\/schema\/logo\/image\/\",\"url\":\"https:\/\/denkmalpflege.tuwien.ac.at\/wp-content\/uploads\/2019\/10\/Logo1.png\",\"contentUrl\":\"https:\/\/denkmalpflege.tuwien.ac.at\/wp-content\/uploads\/2019\/10\/Logo1.png\",\"width\":222,\"height\":79,\"caption\":\"TU Wien Denkmalpflege und Bauen im Bestand\"},\"image\":{\"@id\":\"https:\/\/denkmalpflege.tuwien.ac.at\/#\/schema\/logo\/image\/\"}}]}<\/script>\n<!-- \/ Yoast SEO plugin. -->","yoast_head_json":{"title":"stocker - Denkmalpflege und Bauen im Bestand","robots":{"index":"index","follow":"follow","max-snippet":"max-snippet:-1","max-image-preview":"max-image-preview:large","max-video-preview":"max-video-preview:-1"},"canonical":"https:\/\/denkmalpflege.tuwien.ac.at\/index.php\/stocker\/","og_locale":"de_DE","og_type":"article","og_title":"stocker - Denkmalpflege und Bauen im Bestand","og_description":"&lt; Alle Arbeiten Das Industriedenkmal der landwirtschaftlichen Maschinenfabrik Hofherr-Schrantz &#038; Clayton-Shuttleworth AG 2017 Raphael Stocker Das Unternehmen Hofherr-Schrantz &#038; Clayton-Shuttleworth AG, seit 1913 am Standort zwischen Br\u00fcnner Stra\u00dfe und Shuttleworthstra\u00dfe in Wien Floridsdorf gelegen, war ein europaweit angesehenes und erfolgreiches Unternehmen f\u00fcr Landwirtschaftsmaschinen. Heute sind davon lediglich zwei Bauwerke erhalten: Der denkmalgesch\u00fctzte Wasserturm und der sogenannte \u201eRoderbau\u201c, einem nahegelegenen ehemaligen Maschinen-Magazin, welches \u00fcber die Jahrzehnte hinweg als Lager genutzt wurde.Read More","og_url":"https:\/\/denkmalpflege.tuwien.ac.at\/index.php\/stocker\/","og_site_name":"Denkmalpflege und Bauen im Bestand","twitter_card":"summary_large_image","schema":{"@context":"https:\/\/schema.org","@graph":[{"@type":"WebPage","@id":"https:\/\/denkmalpflege.tuwien.ac.at\/index.php\/stocker\/","url":"https:\/\/denkmalpflege.tuwien.ac.at\/index.php\/stocker\/","name":"stocker - Denkmalpflege und Bauen im Bestand","isPartOf":{"@id":"https:\/\/denkmalpflege.tuwien.ac.at\/#website"},"primaryImageOfPage":{"@id":"https:\/\/denkmalpflege.tuwien.ac.at\/index.php\/stocker\/#primaryimage"},"image":{"@id":"https:\/\/denkmalpflege.tuwien.ac.at\/index.php\/stocker\/#primaryimage"},"thumbnailUrl":"http:\/\/denkmalpflege.tuwien.ac.at\/wp-content\/uploads\/2017\/07\/klein-1.gif","datePublished":"2017-07-05T08:37:39+00:00","breadcrumb":{"@id":"https:\/\/denkmalpflege.tuwien.ac.at\/index.php\/stocker\/#breadcrumb"},"inLanguage":"de","potentialAction":[{"@type":"ReadAction","target":["https:\/\/denkmalpflege.tuwien.ac.at\/index.php\/stocker\/"]}]},{"@type":"ImageObject","inLanguage":"de","@id":"https:\/\/denkmalpflege.tuwien.ac.at\/index.php\/stocker\/#primaryimage","url":"","contentUrl":""},{"@type":"BreadcrumbList","@id":"https:\/\/denkmalpflege.tuwien.ac.at\/index.php\/stocker\/#breadcrumb","itemListElement":[{"@type":"ListItem","position":1,"name":"Startseite","item":"https:\/\/denkmalpflege.tuwien.ac.at\/"},{"@type":"ListItem","position":2,"name":"stocker"}]},{"@type":"WebSite","@id":"https:\/\/denkmalpflege.tuwien.ac.at\/#website","url":"https:\/\/denkmalpflege.tuwien.ac.at\/","name":"Denkmalpflege und Bauen im Bestand","description":"Denkmalpflege TU Wien","publisher":{"@id":"https:\/\/denkmalpflege.tuwien.ac.at\/#organization"},"potentialAction":[{"@type":"SearchAction","target":{"@type":"EntryPoint","urlTemplate":"https:\/\/denkmalpflege.tuwien.ac.at\/?s={search_term_string}"},"query-input":{"@type":"PropertyValueSpecification","valueRequired":true,"valueName":"search_term_string"}}],"inLanguage":"de"},{"@type":"Organization","@id":"https:\/\/denkmalpflege.tuwien.ac.at\/#organization","name":"TU Wien Denkmalpflege und Bauen im Bestand","url":"https:\/\/denkmalpflege.tuwien.ac.at\/","logo":{"@type":"ImageObject","inLanguage":"de","@id":"https:\/\/denkmalpflege.tuwien.ac.at\/#\/schema\/logo\/image\/","url":"https:\/\/denkmalpflege.tuwien.ac.at\/wp-content\/uploads\/2019\/10\/Logo1.png","contentUrl":"https:\/\/denkmalpflege.tuwien.ac.at\/wp-content\/uploads\/2019\/10\/Logo1.png","width":222,"height":79,"caption":"TU Wien Denkmalpflege und Bauen im Bestand"},"image":{"@id":"https:\/\/denkmalpflege.tuwien.ac.at\/#\/schema\/logo\/image\/"}}]}},"_links":{"self":[{"href":"https:\/\/denkmalpflege.tuwien.ac.at\/index.php\/wp-json\/wp\/v2\/pages\/12573","targetHints":{"allow":["GET"]}}],"collection":[{"href":"https:\/\/denkmalpflege.tuwien.ac.at\/index.php\/wp-json\/wp\/v2\/pages"}],"about":[{"href":"https:\/\/denkmalpflege.tuwien.ac.at\/index.php\/wp-json\/wp\/v2\/types\/page"}],"author":[{"embeddable":true,"href":"https:\/\/denkmalpflege.tuwien.ac.at\/index.php\/wp-json\/wp\/v2\/users\/1"}],"replies":[{"embeddable":true,"href":"https:\/\/denkmalpflege.tuwien.ac.at\/index.php\/wp-json\/wp\/v2\/comments?post=12573"}],"version-history":[{"count":1,"href":"https:\/\/denkmalpflege.tuwien.ac.at\/index.php\/wp-json\/wp\/v2\/pages\/12573\/revisions"}],"predecessor-version":[{"id":12575,"href":"https:\/\/denkmalpflege.tuwien.ac.at\/index.php\/wp-json\/wp\/v2\/pages\/12573\/revisions\/12575"}],"wp:attachment":[{"href":"https:\/\/denkmalpflege.tuwien.ac.at\/index.php\/wp-json\/wp\/v2\/media?parent=12573"}],"curies":[{"name":"wp","href":"https:\/\/api.w.org\/{rel}","templated":true}]}}