{"id":12550,"date":"2017-06-26T11:06:35","date_gmt":"2017-06-26T09:06:35","guid":{"rendered":"http:\/\/denkmalpflege.tuwien.ac.at\/?page_id=12550"},"modified":"2017-06-26T11:06:35","modified_gmt":"2017-06-26T09:06:35","slug":"pleti","status":"publish","type":"page","link":"https:\/\/denkmalpflege.tuwien.ac.at\/index.php\/pleti\/","title":{"rendered":"pleti"},"content":{"rendered":"<div class='mitarbeiter'>\n<div class='grey'>\n<img decoding=\"async\" src=\"http:\/\/denkmalpflege.tuwien.ac.at\/wp-content\/uploads\/2017\/06\/klein.gif\" alt=\"pleti\" title=\"pleti\" width=\"130\" height=\"113\" class=\"alignnone size-full wp-image-165\" \/> <a href='diplomanden-prof-stadler' class='right_link'>&lt; Alle Arbeiten<\/a><br \/>\n<b>Tvr\u0111ava Slavonski Brod \u2013 Ein Denkmal in Metamorphose durch Jung in Alt<\/b><br \/>\n<strong>2017 Elida Pletikapi\u0107<\/strong> <\/p>\n<div class='breakline'><\/div>\n<\/div>\n<div class='greyfield'>\n<p>1715 \u2013 Im Zeitalter des Sp\u00e4tbarocks stehen viele Gebiete Europas unter der Regentschaft des Hauses Habsburg.<br \/>\nZur besseren Verteidigung ihres Reiches gegen die Osmanen entsteht auf dem Gebiet des heutigen Kroatien die Milit\u00e4rgrenze, deren mittelalterliche Holzfestungen abschnittsweise durch m\u00e4chtige Verteidigungsanlagen ersetzt werden.<br \/>\nJene in Slavonski Brod verliert bis zu ihrer Fertigstellung im Jahre 1780 aufgrund des R\u00fcckzugs der Osmanen an milit\u00e4rischer Bedeutung. Im Laufe der Jahrhunderte verkommt das Bauwerk und tr\u00e4gt im Zweiten Weltkrieg davon seine bislang gr\u00f6\u00dften Sch\u00e4den. Eine Wende in der Geschichte stellt das Jahr 1994 dar: Die kroatische Armee \u00fcbergibt der Stadt den gesamten Festungskomplex. Es werden ausf\u00fchrliche Forschungs- und Rekonstruktionsarbeiten eingeleitet, wobei eine angemessene Integration der im heutigen Stadtzentrum gelegenen Festung in das st\u00e4dtische Leben immer relevanter wird.<br \/>\nAuf Basis bereits vorhandener Analysen und Ideenl\u00f6sungen widmet sich meine Diplomarbeit der bisherigen Entwicklung der Grenzfestung bis hin zum heutigen Zustand und folgt einem Entwurfsvorschlag, welcher nach den Bed\u00fcrfnissen der Stadtbewohner und des wachsenden Tourismus kreiert wird.<\/p>\n<div class='breakline'><\/div>\n<\/div>\n<p><span><\/span><br \/>\n<img decoding=\"async\" src=\"http:\/\/denkmalpflege.tuwien.ac.at\/wp-content\/uploads\/2017\/06\/gro\u00df.gif\" width=\"\" height=\"330\"  alt=\"\" \/><br \/>\n<span><\/span>\n<\/div>\n<\/div>\n","protected":false},"excerpt":{"rendered":"<p>&lt; Alle Arbeiten Tvr\u0111ava Slavonski Brod \u2013 Ein Denkmal in Metamorphose durch Jung in Alt 2017 Elida Pletikapi\u0107 1715 \u2013 Im Zeitalter des Sp\u00e4tbarocks stehen viele Gebiete Europas unter der Regentschaft des Hauses Habsburg. Zur besseren Verteidigung ihres Reiches gegen die Osmanen entsteht auf dem Gebiet des heutigen Kroatien die Milit\u00e4rgrenze, deren mittelalterliche Holzfestungen abschnittsweise durch m\u00e4chtige Verteidigungsanlagen ersetzt werden. Jene in Slavonski Brod verliert bis zu ihrer Fertigstellung im<\/p>\n<div class=\"belowpost\"><a class=\"btnmore icon-arrow\" href=\"https:\/\/denkmalpflege.tuwien.ac.at\/index.php\/pleti\/\"><span>Read More<\/span><\/a><\/div>\n","protected":false},"author":1,"featured_media":0,"parent":0,"menu_order":0,"comment_status":"closed","ping_status":"closed","template":"","meta":{"footnotes":""},"class_list":["post-12550","page","type-page","status-publish","hentry"],"yoast_head":"<!-- This site is optimized with the Yoast SEO plugin v26.0 - https:\/\/yoast.com\/wordpress\/plugins\/seo\/ -->\n<title>pleti - Denkmalpflege und Bauen im Bestand<\/title>\n<meta name=\"robots\" content=\"index, follow, max-snippet:-1, max-image-preview:large, max-video-preview:-1\" \/>\n<link rel=\"canonical\" href=\"https:\/\/denkmalpflege.tuwien.ac.at\/index.php\/pleti\/\" \/>\n<meta property=\"og:locale\" content=\"de_DE\" \/>\n<meta property=\"og:type\" content=\"article\" \/>\n<meta property=\"og:title\" content=\"pleti - Denkmalpflege und Bauen im Bestand\" \/>\n<meta property=\"og:description\" content=\"&lt; Alle Arbeiten Tvr\u0111ava Slavonski Brod \u2013 Ein Denkmal in Metamorphose durch Jung in Alt 2017 Elida Pletikapi\u0107 1715 \u2013 Im Zeitalter des Sp\u00e4tbarocks stehen viele Gebiete Europas unter der Regentschaft des Hauses Habsburg. Zur besseren Verteidigung ihres Reiches gegen die Osmanen entsteht auf dem Gebiet des heutigen Kroatien die Milit\u00e4rgrenze, deren mittelalterliche Holzfestungen abschnittsweise durch m\u00e4chtige Verteidigungsanlagen ersetzt werden. Jene in Slavonski Brod verliert bis zu ihrer Fertigstellung imRead More\" \/>\n<meta property=\"og:url\" content=\"https:\/\/denkmalpflege.tuwien.ac.at\/index.php\/pleti\/\" \/>\n<meta property=\"og:site_name\" content=\"Denkmalpflege und Bauen im Bestand\" \/>\n<meta name=\"twitter:card\" content=\"summary_large_image\" \/>\n<meta name=\"twitter:label1\" content=\"Gesch\u00e4tzte Lesezeit\" \/>\n\t<meta name=\"twitter:data1\" content=\"1\u00a0Minute\" \/>\n<script type=\"application\/ld+json\" class=\"yoast-schema-graph\">{\"@context\":\"https:\/\/schema.org\",\"@graph\":[{\"@type\":\"WebPage\",\"@id\":\"https:\/\/denkmalpflege.tuwien.ac.at\/index.php\/pleti\/\",\"url\":\"https:\/\/denkmalpflege.tuwien.ac.at\/index.php\/pleti\/\",\"name\":\"pleti - Denkmalpflege und Bauen im Bestand\",\"isPartOf\":{\"@id\":\"https:\/\/denkmalpflege.tuwien.ac.at\/#website\"},\"primaryImageOfPage\":{\"@id\":\"https:\/\/denkmalpflege.tuwien.ac.at\/index.php\/pleti\/#primaryimage\"},\"image\":{\"@id\":\"https:\/\/denkmalpflege.tuwien.ac.at\/index.php\/pleti\/#primaryimage\"},\"thumbnailUrl\":\"http:\/\/denkmalpflege.tuwien.ac.at\/wp-content\/uploads\/2017\/06\/klein.gif\",\"datePublished\":\"2017-06-26T09:06:35+00:00\",\"breadcrumb\":{\"@id\":\"https:\/\/denkmalpflege.tuwien.ac.at\/index.php\/pleti\/#breadcrumb\"},\"inLanguage\":\"de\",\"potentialAction\":[{\"@type\":\"ReadAction\",\"target\":[\"https:\/\/denkmalpflege.tuwien.ac.at\/index.php\/pleti\/\"]}]},{\"@type\":\"ImageObject\",\"inLanguage\":\"de\",\"@id\":\"https:\/\/denkmalpflege.tuwien.ac.at\/index.php\/pleti\/#primaryimage\",\"url\":\"\",\"contentUrl\":\"\"},{\"@type\":\"BreadcrumbList\",\"@id\":\"https:\/\/denkmalpflege.tuwien.ac.at\/index.php\/pleti\/#breadcrumb\",\"itemListElement\":[{\"@type\":\"ListItem\",\"position\":1,\"name\":\"Startseite\",\"item\":\"https:\/\/denkmalpflege.tuwien.ac.at\/\"},{\"@type\":\"ListItem\",\"position\":2,\"name\":\"pleti\"}]},{\"@type\":\"WebSite\",\"@id\":\"https:\/\/denkmalpflege.tuwien.ac.at\/#website\",\"url\":\"https:\/\/denkmalpflege.tuwien.ac.at\/\",\"name\":\"Denkmalpflege und Bauen im Bestand\",\"description\":\"Denkmalpflege TU Wien\",\"publisher\":{\"@id\":\"https:\/\/denkmalpflege.tuwien.ac.at\/#organization\"},\"potentialAction\":[{\"@type\":\"SearchAction\",\"target\":{\"@type\":\"EntryPoint\",\"urlTemplate\":\"https:\/\/denkmalpflege.tuwien.ac.at\/?s={search_term_string}\"},\"query-input\":{\"@type\":\"PropertyValueSpecification\",\"valueRequired\":true,\"valueName\":\"search_term_string\"}}],\"inLanguage\":\"de\"},{\"@type\":\"Organization\",\"@id\":\"https:\/\/denkmalpflege.tuwien.ac.at\/#organization\",\"name\":\"TU Wien Denkmalpflege und Bauen im Bestand\",\"url\":\"https:\/\/denkmalpflege.tuwien.ac.at\/\",\"logo\":{\"@type\":\"ImageObject\",\"inLanguage\":\"de\",\"@id\":\"https:\/\/denkmalpflege.tuwien.ac.at\/#\/schema\/logo\/image\/\",\"url\":\"https:\/\/denkmalpflege.tuwien.ac.at\/wp-content\/uploads\/2019\/10\/Logo1.png\",\"contentUrl\":\"https:\/\/denkmalpflege.tuwien.ac.at\/wp-content\/uploads\/2019\/10\/Logo1.png\",\"width\":222,\"height\":79,\"caption\":\"TU Wien Denkmalpflege und Bauen im Bestand\"},\"image\":{\"@id\":\"https:\/\/denkmalpflege.tuwien.ac.at\/#\/schema\/logo\/image\/\"}}]}<\/script>\n<!-- \/ Yoast SEO plugin. -->","yoast_head_json":{"title":"pleti - Denkmalpflege und Bauen im Bestand","robots":{"index":"index","follow":"follow","max-snippet":"max-snippet:-1","max-image-preview":"max-image-preview:large","max-video-preview":"max-video-preview:-1"},"canonical":"https:\/\/denkmalpflege.tuwien.ac.at\/index.php\/pleti\/","og_locale":"de_DE","og_type":"article","og_title":"pleti - Denkmalpflege und Bauen im Bestand","og_description":"&lt; Alle Arbeiten Tvr\u0111ava Slavonski Brod \u2013 Ein Denkmal in Metamorphose durch Jung in Alt 2017 Elida Pletikapi\u0107 1715 \u2013 Im Zeitalter des Sp\u00e4tbarocks stehen viele Gebiete Europas unter der Regentschaft des Hauses Habsburg. Zur besseren Verteidigung ihres Reiches gegen die Osmanen entsteht auf dem Gebiet des heutigen Kroatien die Milit\u00e4rgrenze, deren mittelalterliche Holzfestungen abschnittsweise durch m\u00e4chtige Verteidigungsanlagen ersetzt werden. Jene in Slavonski Brod verliert bis zu ihrer Fertigstellung imRead More","og_url":"https:\/\/denkmalpflege.tuwien.ac.at\/index.php\/pleti\/","og_site_name":"Denkmalpflege und Bauen im Bestand","twitter_card":"summary_large_image","twitter_misc":{"Gesch\u00e4tzte Lesezeit":"1\u00a0Minute"},"schema":{"@context":"https:\/\/schema.org","@graph":[{"@type":"WebPage","@id":"https:\/\/denkmalpflege.tuwien.ac.at\/index.php\/pleti\/","url":"https:\/\/denkmalpflege.tuwien.ac.at\/index.php\/pleti\/","name":"pleti - Denkmalpflege und Bauen im Bestand","isPartOf":{"@id":"https:\/\/denkmalpflege.tuwien.ac.at\/#website"},"primaryImageOfPage":{"@id":"https:\/\/denkmalpflege.tuwien.ac.at\/index.php\/pleti\/#primaryimage"},"image":{"@id":"https:\/\/denkmalpflege.tuwien.ac.at\/index.php\/pleti\/#primaryimage"},"thumbnailUrl":"http:\/\/denkmalpflege.tuwien.ac.at\/wp-content\/uploads\/2017\/06\/klein.gif","datePublished":"2017-06-26T09:06:35+00:00","breadcrumb":{"@id":"https:\/\/denkmalpflege.tuwien.ac.at\/index.php\/pleti\/#breadcrumb"},"inLanguage":"de","potentialAction":[{"@type":"ReadAction","target":["https:\/\/denkmalpflege.tuwien.ac.at\/index.php\/pleti\/"]}]},{"@type":"ImageObject","inLanguage":"de","@id":"https:\/\/denkmalpflege.tuwien.ac.at\/index.php\/pleti\/#primaryimage","url":"","contentUrl":""},{"@type":"BreadcrumbList","@id":"https:\/\/denkmalpflege.tuwien.ac.at\/index.php\/pleti\/#breadcrumb","itemListElement":[{"@type":"ListItem","position":1,"name":"Startseite","item":"https:\/\/denkmalpflege.tuwien.ac.at\/"},{"@type":"ListItem","position":2,"name":"pleti"}]},{"@type":"WebSite","@id":"https:\/\/denkmalpflege.tuwien.ac.at\/#website","url":"https:\/\/denkmalpflege.tuwien.ac.at\/","name":"Denkmalpflege und Bauen im Bestand","description":"Denkmalpflege TU Wien","publisher":{"@id":"https:\/\/denkmalpflege.tuwien.ac.at\/#organization"},"potentialAction":[{"@type":"SearchAction","target":{"@type":"EntryPoint","urlTemplate":"https:\/\/denkmalpflege.tuwien.ac.at\/?s={search_term_string}"},"query-input":{"@type":"PropertyValueSpecification","valueRequired":true,"valueName":"search_term_string"}}],"inLanguage":"de"},{"@type":"Organization","@id":"https:\/\/denkmalpflege.tuwien.ac.at\/#organization","name":"TU Wien Denkmalpflege und Bauen im Bestand","url":"https:\/\/denkmalpflege.tuwien.ac.at\/","logo":{"@type":"ImageObject","inLanguage":"de","@id":"https:\/\/denkmalpflege.tuwien.ac.at\/#\/schema\/logo\/image\/","url":"https:\/\/denkmalpflege.tuwien.ac.at\/wp-content\/uploads\/2019\/10\/Logo1.png","contentUrl":"https:\/\/denkmalpflege.tuwien.ac.at\/wp-content\/uploads\/2019\/10\/Logo1.png","width":222,"height":79,"caption":"TU Wien Denkmalpflege und Bauen im Bestand"},"image":{"@id":"https:\/\/denkmalpflege.tuwien.ac.at\/#\/schema\/logo\/image\/"}}]}},"_links":{"self":[{"href":"https:\/\/denkmalpflege.tuwien.ac.at\/index.php\/wp-json\/wp\/v2\/pages\/12550","targetHints":{"allow":["GET"]}}],"collection":[{"href":"https:\/\/denkmalpflege.tuwien.ac.at\/index.php\/wp-json\/wp\/v2\/pages"}],"about":[{"href":"https:\/\/denkmalpflege.tuwien.ac.at\/index.php\/wp-json\/wp\/v2\/types\/page"}],"author":[{"embeddable":true,"href":"https:\/\/denkmalpflege.tuwien.ac.at\/index.php\/wp-json\/wp\/v2\/users\/1"}],"replies":[{"embeddable":true,"href":"https:\/\/denkmalpflege.tuwien.ac.at\/index.php\/wp-json\/wp\/v2\/comments?post=12550"}],"version-history":[{"count":1,"href":"https:\/\/denkmalpflege.tuwien.ac.at\/index.php\/wp-json\/wp\/v2\/pages\/12550\/revisions"}],"predecessor-version":[{"id":12554,"href":"https:\/\/denkmalpflege.tuwien.ac.at\/index.php\/wp-json\/wp\/v2\/pages\/12550\/revisions\/12554"}],"wp:attachment":[{"href":"https:\/\/denkmalpflege.tuwien.ac.at\/index.php\/wp-json\/wp\/v2\/media?parent=12550"}],"curies":[{"name":"wp","href":"https:\/\/api.w.org\/{rel}","templated":true}]}}