{"id":12466,"date":"2017-05-31T14:17:05","date_gmt":"2017-05-31T12:17:05","guid":{"rendered":"http:\/\/denkmalpflege.tuwien.ac.at\/?page_id=12466"},"modified":"2023-10-22T13:09:18","modified_gmt":"2023-10-22T11:09:18","slug":"veri","status":"publish","type":"page","link":"https:\/\/denkmalpflege.tuwien.ac.at\/index.php\/veri\/","title":{"rendered":"veri"},"content":{"rendered":"\t\t<div data-elementor-type=\"wp-page\" data-elementor-id=\"12466\" class=\"elementor elementor-12466\" data-elementor-post-type=\"page\">\n\t\t\t\t\t\t<section class=\"elementor-section elementor-top-section elementor-element elementor-element-71ee66f elementor-section-full_width elementor-section-height-default elementor-section-height-default\" data-id=\"71ee66f\" data-element_type=\"section\">\n\t\t\t\t\t\t<div class=\"elementor-container elementor-column-gap-default\">\n\t\t\t\t\t<div class=\"elementor-column elementor-col-50 elementor-top-column elementor-element elementor-element-5c9b2f27\" data-id=\"5c9b2f27\" data-element_type=\"column\">\n\t\t\t<div class=\"elementor-widget-wrap elementor-element-populated\">\n\t\t\t\t\t\t<div class=\"elementor-element elementor-element-73ae2933 elementor-widget elementor-widget-heading\" data-id=\"73ae2933\" data-element_type=\"widget\" data-widget_type=\"heading.default\">\n\t\t\t\t<div class=\"elementor-widget-container\">\n\t\t\t\t\t<h2 class=\"elementor-heading-title elementor-size-default\"><a href=\"http:\/\/denkmalpflege.tuwien.ac.at\/index.php\/abgeschlossene-dipl-caviezel\/\">Archiv<\/a><\/h2>\t\t\t\t<\/div>\n\t\t\t\t<\/div>\n\t\t\t\t\t<\/div>\n\t\t<\/div>\n\t\t\t\t<div class=\"elementor-column elementor-col-50 elementor-top-column elementor-element elementor-element-2133bfd2\" data-id=\"2133bfd2\" data-element_type=\"column\">\n\t\t\t<div class=\"elementor-widget-wrap elementor-element-populated\">\n\t\t\t\t\t\t<div class=\"elementor-element elementor-element-c5abcfb elementor-widget elementor-widget-heading\" data-id=\"c5abcfb\" data-element_type=\"widget\" data-widget_type=\"heading.default\">\n\t\t\t\t<div class=\"elementor-widget-container\">\n\t\t\t\t\t<h2 class=\"elementor-heading-title elementor-size-default\">Aristotelis Maximilian Verikios<span style=\"float: right\"> 2019<\/span>\n<\/h2>\t\t\t\t<\/div>\n\t\t\t\t<\/div>\n\t\t\t\t\t<\/div>\n\t\t<\/div>\n\t\t\t\t\t<\/div>\n\t\t<\/section>\n\t\t\t\t<section class=\"elementor-section elementor-top-section elementor-element elementor-element-6efb10c0 elementor-section-full_width elementor-section-height-default elementor-section-height-default\" data-id=\"6efb10c0\" data-element_type=\"section\">\n\t\t\t\t\t\t<div class=\"elementor-container elementor-column-gap-default\">\n\t\t\t\t\t<div class=\"elementor-column elementor-col-50 elementor-top-column elementor-element elementor-element-6e02f1d7\" data-id=\"6e02f1d7\" data-element_type=\"column\">\n\t\t\t<div class=\"elementor-widget-wrap elementor-element-populated\">\n\t\t\t\t\t\t<div class=\"elementor-element elementor-element-5a3e6981 elementor-nav-menu__align-start elementor-nav-menu--dropdown-mobile elementor-nav-menu__text-align-aside elementor-nav-menu--toggle elementor-nav-menu--burger elementor-widget elementor-widget-nav-menu\" data-id=\"5a3e6981\" data-element_type=\"widget\" data-settings=\"{&quot;layout&quot;:&quot;vertical&quot;,&quot;submenu_icon&quot;:{&quot;value&quot;:&quot;&lt;i class=\\&quot;\\&quot; aria-hidden=\\&quot;true\\&quot;&gt;&lt;\\\/i&gt;&quot;,&quot;library&quot;:&quot;&quot;},&quot;toggle&quot;:&quot;burger&quot;}\" data-widget_type=\"nav-menu.default\">\n\t\t\t\t<div class=\"elementor-widget-container\">\n\t\t\t\t\t\t\t\t<nav aria-label=\"Men\u00fc\" class=\"elementor-nav-menu--main elementor-nav-menu__container elementor-nav-menu--layout-vertical e--pointer-none\">\n\t\t\t\t<ul id=\"menu-1-5a3e6981\" class=\"elementor-nav-menu sm-vertical\"><li class=\"menu-item menu-item-type-post_type menu-item-object-page menu-item-27442\"><a href=\"https:\/\/denkmalpflege.tuwien.ac.at\/index.php\/diplomarbeiten\/\" class=\"elementor-item\">Diplomarbeiten<\/a><\/li>\n<li class=\"menu-item menu-item-type-post_type menu-item-object-page menu-item-16203\"><a href=\"https:\/\/denkmalpflege.tuwien.ac.at\/index.php\/laufende-dissertationen\/\" class=\"elementor-item\">Dissertationen<\/a><\/li>\n<\/ul>\t\t\t<\/nav>\n\t\t\t\t\t<div class=\"elementor-menu-toggle\" role=\"button\" tabindex=\"0\" aria-label=\"Men\u00fc Umschalter\" aria-expanded=\"false\">\n\t\t\t<i aria-hidden=\"true\" role=\"presentation\" class=\"elementor-menu-toggle__icon--open eicon-menu-bar\"><\/i><i aria-hidden=\"true\" role=\"presentation\" class=\"elementor-menu-toggle__icon--close eicon-close\"><\/i>\t\t<\/div>\n\t\t\t\t\t<nav class=\"elementor-nav-menu--dropdown elementor-nav-menu__container\" aria-hidden=\"true\">\n\t\t\t\t<ul id=\"menu-2-5a3e6981\" class=\"elementor-nav-menu sm-vertical\"><li class=\"menu-item menu-item-type-post_type menu-item-object-page menu-item-27442\"><a href=\"https:\/\/denkmalpflege.tuwien.ac.at\/index.php\/diplomarbeiten\/\" class=\"elementor-item\" tabindex=\"-1\">Diplomarbeiten<\/a><\/li>\n<li class=\"menu-item menu-item-type-post_type menu-item-object-page menu-item-16203\"><a href=\"https:\/\/denkmalpflege.tuwien.ac.at\/index.php\/laufende-dissertationen\/\" class=\"elementor-item\" tabindex=\"-1\">Dissertationen<\/a><\/li>\n<\/ul>\t\t\t<\/nav>\n\t\t\t\t\t\t<\/div>\n\t\t\t\t<\/div>\n\t\t\t\t\t<\/div>\n\t\t<\/div>\n\t\t\t\t<div class=\"elementor-column elementor-col-50 elementor-top-column elementor-element elementor-element-1982928\" data-id=\"1982928\" data-element_type=\"column\">\n\t\t\t<div class=\"elementor-widget-wrap elementor-element-populated\">\n\t\t\t\t\t\t<div class=\"elementor-element elementor-element-31dcb069 elementor-widget elementor-widget-text-editor\" data-id=\"31dcb069\" data-element_type=\"widget\" data-widget_type=\"text-editor.default\">\n\t\t\t\t<div class=\"elementor-widget-container\">\n\t\t\t\t\t\t\t\t\t<p><b>DAS KASTRO AREAL AUF LEFKADA (GR) \u2013 Ein gemeinsames Konzept f\u00fcr die Nutzung und Revitalisierung einer Badestrandanlage und der benachbarten Weinkelterei.<\/b><\/p>\t\t\t\t\t\t\t\t<\/div>\n\t\t\t\t<\/div>\n\t\t\t\t<div class=\"elementor-element elementor-element-52c5e982 elementor-widget elementor-widget-spacer\" data-id=\"52c5e982\" data-element_type=\"widget\" data-widget_type=\"spacer.default\">\n\t\t\t\t<div class=\"elementor-widget-container\">\n\t\t\t\t\t\t\t<div class=\"elementor-spacer\">\n\t\t\t<div class=\"elementor-spacer-inner\"><\/div>\n\t\t<\/div>\n\t\t\t\t\t\t<\/div>\n\t\t\t\t<\/div>\n\t\t\t\t<div class=\"elementor-element elementor-element-504ff3ba silde_dipl elementor-arrows-position-inside elementor-widget elementor-widget-image-carousel\" data-id=\"504ff3ba\" data-element_type=\"widget\" data-settings=\"{&quot;slides_to_show&quot;:&quot;1&quot;,&quot;navigation&quot;:&quot;arrows&quot;,&quot;autoplay&quot;:&quot;no&quot;,&quot;infinite&quot;:&quot;yes&quot;,&quot;effect&quot;:&quot;slide&quot;,&quot;speed&quot;:500}\" data-widget_type=\"image-carousel.default\">\n\t\t\t\t<div class=\"elementor-widget-container\">\n\t\t\t\t\t\t\t<div class=\"elementor-image-carousel-wrapper swiper\" role=\"region\" aria-roledescription=\"carousel\" aria-label=\"Bild Karussell\" dir=\"ltr\">\n\t\t\t<div class=\"elementor-image-carousel swiper-wrapper swiper-image-stretch\" aria-live=\"polite\">\n\t\t\t\t\t\t\t\t<div class=\"swiper-slide\" role=\"group\" aria-roledescription=\"slide\" aria-label=\"1 von 3\"><a data-elementor-open-lightbox=\"yes\" data-elementor-lightbox-slideshow=\"504ff3ba\" data-e-action-hash=\"#elementor-action%3Aaction%3Dlightbox%26settings%3DeyJpZCI6MTI0NjMsInVybCI6Imh0dHBzOlwvXC9kZW5rbWFscGZsZWdlLnR1d2llbi5hYy5hdFwvd3AtY29udGVudFwvdXBsb2Fkc1wvMjAxN1wvMDVcL2dyb1x1MDBkZi0yLmdpZiIsInNsaWRlc2hvdyI6IjUwNGZmM2JhIn0%3D\" href=\"https:\/\/denkmalpflege.tuwien.ac.at\/wp-content\/uploads\/2017\/05\/gro\u00df-2.gif\"><figure class=\"swiper-slide-inner\"><img decoding=\"async\" class=\"swiper-slide-image\" src=\"https:\/\/denkmalpflege.tuwien.ac.at\/wp-content\/uploads\/2017\/05\/gro\u00df-2.gif\" alt=\"gro\u00df\" \/><\/figure><\/a><\/div><div class=\"swiper-slide\" role=\"group\" aria-roledescription=\"slide\" aria-label=\"2 von 3\"><a data-elementor-open-lightbox=\"yes\" data-elementor-lightbox-slideshow=\"504ff3ba\" data-e-action-hash=\"#elementor-action%3Aaction%3Dlightbox%26settings%3DeyJpZCI6MTI0NjAsInVybCI6Imh0dHBzOlwvXC9kZW5rbWFscGZsZWdlLnR1d2llbi5hYy5hdFwvd3AtY29udGVudFwvdXBsb2Fkc1wvMjAxN1wvMDVcL2dyb1x1MDBkZjMuZ2lmIiwic2xpZGVzaG93IjoiNTA0ZmYzYmEifQ%3D%3D\" href=\"https:\/\/denkmalpflege.tuwien.ac.at\/wp-content\/uploads\/2017\/05\/gro\u00df3.gif\"><figure class=\"swiper-slide-inner\"><img decoding=\"async\" class=\"swiper-slide-image\" src=\"https:\/\/denkmalpflege.tuwien.ac.at\/wp-content\/uploads\/2017\/05\/gro\u00df3.gif\" alt=\"gro\u00df3\" \/><\/figure><\/a><\/div><div class=\"swiper-slide\" role=\"group\" aria-roledescription=\"slide\" aria-label=\"3 von 3\"><a data-elementor-open-lightbox=\"yes\" data-elementor-lightbox-slideshow=\"504ff3ba\" data-e-action-hash=\"#elementor-action%3Aaction%3Dlightbox%26settings%3DeyJpZCI6MTI0NjQsInVybCI6Imh0dHBzOlwvXC9kZW5rbWFscGZsZWdlLnR1d2llbi5hYy5hdFwvd3AtY29udGVudFwvdXBsb2Fkc1wvMjAxN1wvMDVcL2dyb1x1MDBkZjItMi5naWYiLCJzbGlkZXNob3ciOiI1MDRmZjNiYSJ9\" href=\"https:\/\/denkmalpflege.tuwien.ac.at\/wp-content\/uploads\/2017\/05\/gro\u00df2-2.gif\"><figure class=\"swiper-slide-inner\"><img decoding=\"async\" class=\"swiper-slide-image\" src=\"https:\/\/denkmalpflege.tuwien.ac.at\/wp-content\/uploads\/2017\/05\/gro\u00df2-2.gif\" alt=\"gro\u00df2\" \/><\/figure><\/a><\/div>\t\t\t<\/div>\n\t\t\t\t\t\t\t\t\t\t\t\t<div class=\"elementor-swiper-button elementor-swiper-button-prev\" role=\"button\" tabindex=\"0\">\n\t\t\t\t\t\t<i aria-hidden=\"true\" class=\"eicon-chevron-left\"><\/i>\t\t\t\t\t<\/div>\n\t\t\t\t\t<div class=\"elementor-swiper-button elementor-swiper-button-next\" role=\"button\" tabindex=\"0\">\n\t\t\t\t\t\t<i aria-hidden=\"true\" class=\"eicon-chevron-right\"><\/i>\t\t\t\t\t<\/div>\n\t\t\t\t\n\t\t\t\t\t\t\t\t\t<\/div>\n\t\t\t\t\t\t<\/div>\n\t\t\t\t<\/div>\n\t\t\t\t<div class=\"elementor-element elementor-element-59afbc02 elementor-widget elementor-widget-spacer\" data-id=\"59afbc02\" data-element_type=\"widget\" data-widget_type=\"spacer.default\">\n\t\t\t\t<div class=\"elementor-widget-container\">\n\t\t\t\t\t\t\t<div class=\"elementor-spacer\">\n\t\t\t<div class=\"elementor-spacer-inner\"><\/div>\n\t\t<\/div>\n\t\t\t\t\t\t<\/div>\n\t\t\t\t<\/div>\n\t\t\t\t<div class=\"elementor-element elementor-element-4f87a518 elementor-widget elementor-widget-text-editor\" data-id=\"4f87a518\" data-element_type=\"widget\" data-widget_type=\"text-editor.default\">\n\t\t\t\t<div class=\"elementor-widget-container\">\n\t\t\t\t\t\t\t\t\t<p>Das Areal \u201eKastro\u201c, auf der ionischen Insel Lefkada in Griechenland, hatte in der nachbyzantinischen Zeit eine wichtige Bedeutung als Hauptstadt der Insel und Kontrollpunkt f\u00fcr Land- und Schiffsverkehr. Nach dem Zweiten Weltkrieg, wurde das Gel\u00e4nde als Mittelpunkt der zwei Hauptwirtschaftszweige der Insel -dem Tourismus und der Landwirtschaft- neu definiert.<br \/>Zwei Relikte dieser Wirtschaftszweige sind die Weinkelterei der Weinbauernkooperative TAOL und die Badestrandanlage der griechischen Organisation f\u00fcr Tourismus EOT, die sich direkt gegen\u00fcber der mittelalterlichen Festung von Santa Maura befinden.<br \/>In dieser Arbeit wird die Bedeutung dieser Geb\u00e4ude f\u00fcr die Geschichte der Insel, aber auch f\u00fcr die Architekturgeschichte untersucht. Unter Betrachtung der Besonderheiten der Lage wird ein gemeinsames Konzept erarbeitet, welches gepr\u00e4gt ist von der Erhaltung und Neunutzung der zwei Geb\u00e4ude sowie der Aufwertung des gesamten Areals. Dieses wird von der Triade Weinkelterei, Badestrandanlage und Festung Santa Maura dominiert.<\/p><div class=\"breakline\">\u00a0<\/div>\t\t\t\t\t\t\t\t<\/div>\n\t\t\t\t<\/div>\n\t\t\t\t\t<\/div>\n\t\t<\/div>\n\t\t\t\t\t<\/div>\n\t\t<\/section>\n\t\t\t\t<\/div>\n\t\t","protected":false},"excerpt":{"rendered":"<p>Archiv Aristotelis Maximilian Verikios 2019 DAS KASTRO AREAL AUF LEFKADA (GR) \u2013 Ein gemeinsames Konzept f\u00fcr die Nutzung und Revitalisierung einer Badestrandanlage und der benachbarten Weinkelterei. Das Areal \u201eKastro\u201c, auf der ionischen Insel Lefkada in Griechenland, hatte in der nachbyzantinischen Zeit eine wichtige Bedeutung als Hauptstadt der Insel und Kontrollpunkt f\u00fcr Land- und Schiffsverkehr. Nach dem Zweiten Weltkrieg, wurde das Gel\u00e4nde als Mittelpunkt der zwei Hauptwirtschaftszweige der Insel -dem Tourismus<\/p>\n<div class=\"belowpost\"><a class=\"btnmore icon-arrow\" href=\"https:\/\/denkmalpflege.tuwien.ac.at\/index.php\/veri\/\"><span>Read More<\/span><\/a><\/div>\n","protected":false},"author":1,"featured_media":0,"parent":0,"menu_order":0,"comment_status":"closed","ping_status":"closed","template":"","meta":{"footnotes":""},"class_list":["post-12466","page","type-page","status-publish","hentry"],"yoast_head":"<!-- This site is optimized with the Yoast SEO plugin v26.0 - https:\/\/yoast.com\/wordpress\/plugins\/seo\/ -->\n<title>veri - Denkmalpflege und Bauen im Bestand<\/title>\n<meta name=\"robots\" content=\"index, follow, max-snippet:-1, max-image-preview:large, max-video-preview:-1\" \/>\n<link rel=\"canonical\" href=\"https:\/\/denkmalpflege.tuwien.ac.at\/index.php\/veri\/\" \/>\n<meta property=\"og:locale\" content=\"de_DE\" \/>\n<meta property=\"og:type\" content=\"article\" \/>\n<meta property=\"og:title\" content=\"veri - Denkmalpflege und Bauen im Bestand\" \/>\n<meta property=\"og:description\" content=\"Archiv Aristotelis Maximilian Verikios 2019 DAS KASTRO AREAL AUF LEFKADA (GR) \u2013 Ein gemeinsames Konzept f\u00fcr die Nutzung und Revitalisierung einer Badestrandanlage und der benachbarten Weinkelterei. Das Areal \u201eKastro\u201c, auf der ionischen Insel Lefkada in Griechenland, hatte in der nachbyzantinischen Zeit eine wichtige Bedeutung als Hauptstadt der Insel und Kontrollpunkt f\u00fcr Land- und Schiffsverkehr. Nach dem Zweiten Weltkrieg, wurde das Gel\u00e4nde als Mittelpunkt der zwei Hauptwirtschaftszweige der Insel -dem TourismusRead More\" \/>\n<meta property=\"og:url\" content=\"https:\/\/denkmalpflege.tuwien.ac.at\/index.php\/veri\/\" \/>\n<meta property=\"og:site_name\" content=\"Denkmalpflege und Bauen im Bestand\" \/>\n<meta property=\"article:modified_time\" content=\"2023-10-22T11:09:18+00:00\" \/>\n<meta name=\"twitter:card\" content=\"summary_large_image\" \/>\n<meta name=\"twitter:label1\" content=\"Gesch\u00e4tzte Lesezeit\" \/>\n\t<meta name=\"twitter:data1\" content=\"1\u00a0Minute\" \/>\n<script type=\"application\/ld+json\" class=\"yoast-schema-graph\">{\"@context\":\"https:\/\/schema.org\",\"@graph\":[{\"@type\":\"WebPage\",\"@id\":\"https:\/\/denkmalpflege.tuwien.ac.at\/index.php\/veri\/\",\"url\":\"https:\/\/denkmalpflege.tuwien.ac.at\/index.php\/veri\/\",\"name\":\"veri - Denkmalpflege und Bauen im Bestand\",\"isPartOf\":{\"@id\":\"https:\/\/denkmalpflege.tuwien.ac.at\/#website\"},\"datePublished\":\"2017-05-31T12:17:05+00:00\",\"dateModified\":\"2023-10-22T11:09:18+00:00\",\"breadcrumb\":{\"@id\":\"https:\/\/denkmalpflege.tuwien.ac.at\/index.php\/veri\/#breadcrumb\"},\"inLanguage\":\"de\",\"potentialAction\":[{\"@type\":\"ReadAction\",\"target\":[\"https:\/\/denkmalpflege.tuwien.ac.at\/index.php\/veri\/\"]}]},{\"@type\":\"BreadcrumbList\",\"@id\":\"https:\/\/denkmalpflege.tuwien.ac.at\/index.php\/veri\/#breadcrumb\",\"itemListElement\":[{\"@type\":\"ListItem\",\"position\":1,\"name\":\"Startseite\",\"item\":\"https:\/\/denkmalpflege.tuwien.ac.at\/\"},{\"@type\":\"ListItem\",\"position\":2,\"name\":\"veri\"}]},{\"@type\":\"WebSite\",\"@id\":\"https:\/\/denkmalpflege.tuwien.ac.at\/#website\",\"url\":\"https:\/\/denkmalpflege.tuwien.ac.at\/\",\"name\":\"Denkmalpflege und Bauen im Bestand\",\"description\":\"Denkmalpflege TU Wien\",\"publisher\":{\"@id\":\"https:\/\/denkmalpflege.tuwien.ac.at\/#organization\"},\"potentialAction\":[{\"@type\":\"SearchAction\",\"target\":{\"@type\":\"EntryPoint\",\"urlTemplate\":\"https:\/\/denkmalpflege.tuwien.ac.at\/?s={search_term_string}\"},\"query-input\":{\"@type\":\"PropertyValueSpecification\",\"valueRequired\":true,\"valueName\":\"search_term_string\"}}],\"inLanguage\":\"de\"},{\"@type\":\"Organization\",\"@id\":\"https:\/\/denkmalpflege.tuwien.ac.at\/#organization\",\"name\":\"TU Wien Denkmalpflege und Bauen im Bestand\",\"url\":\"https:\/\/denkmalpflege.tuwien.ac.at\/\",\"logo\":{\"@type\":\"ImageObject\",\"inLanguage\":\"de\",\"@id\":\"https:\/\/denkmalpflege.tuwien.ac.at\/#\/schema\/logo\/image\/\",\"url\":\"https:\/\/denkmalpflege.tuwien.ac.at\/wp-content\/uploads\/2019\/10\/Logo1.png\",\"contentUrl\":\"https:\/\/denkmalpflege.tuwien.ac.at\/wp-content\/uploads\/2019\/10\/Logo1.png\",\"width\":222,\"height\":79,\"caption\":\"TU Wien Denkmalpflege und Bauen im Bestand\"},\"image\":{\"@id\":\"https:\/\/denkmalpflege.tuwien.ac.at\/#\/schema\/logo\/image\/\"}}]}<\/script>\n<!-- \/ Yoast SEO plugin. -->","yoast_head_json":{"title":"veri - Denkmalpflege und Bauen im Bestand","robots":{"index":"index","follow":"follow","max-snippet":"max-snippet:-1","max-image-preview":"max-image-preview:large","max-video-preview":"max-video-preview:-1"},"canonical":"https:\/\/denkmalpflege.tuwien.ac.at\/index.php\/veri\/","og_locale":"de_DE","og_type":"article","og_title":"veri - Denkmalpflege und Bauen im Bestand","og_description":"Archiv Aristotelis Maximilian Verikios 2019 DAS KASTRO AREAL AUF LEFKADA (GR) \u2013 Ein gemeinsames Konzept f\u00fcr die Nutzung und Revitalisierung einer Badestrandanlage und der benachbarten Weinkelterei. Das Areal \u201eKastro\u201c, auf der ionischen Insel Lefkada in Griechenland, hatte in der nachbyzantinischen Zeit eine wichtige Bedeutung als Hauptstadt der Insel und Kontrollpunkt f\u00fcr Land- und Schiffsverkehr. Nach dem Zweiten Weltkrieg, wurde das Gel\u00e4nde als Mittelpunkt der zwei Hauptwirtschaftszweige der Insel -dem TourismusRead More","og_url":"https:\/\/denkmalpflege.tuwien.ac.at\/index.php\/veri\/","og_site_name":"Denkmalpflege und Bauen im Bestand","article_modified_time":"2023-10-22T11:09:18+00:00","twitter_card":"summary_large_image","twitter_misc":{"Gesch\u00e4tzte Lesezeit":"1\u00a0Minute"},"schema":{"@context":"https:\/\/schema.org","@graph":[{"@type":"WebPage","@id":"https:\/\/denkmalpflege.tuwien.ac.at\/index.php\/veri\/","url":"https:\/\/denkmalpflege.tuwien.ac.at\/index.php\/veri\/","name":"veri - Denkmalpflege und Bauen im Bestand","isPartOf":{"@id":"https:\/\/denkmalpflege.tuwien.ac.at\/#website"},"datePublished":"2017-05-31T12:17:05+00:00","dateModified":"2023-10-22T11:09:18+00:00","breadcrumb":{"@id":"https:\/\/denkmalpflege.tuwien.ac.at\/index.php\/veri\/#breadcrumb"},"inLanguage":"de","potentialAction":[{"@type":"ReadAction","target":["https:\/\/denkmalpflege.tuwien.ac.at\/index.php\/veri\/"]}]},{"@type":"BreadcrumbList","@id":"https:\/\/denkmalpflege.tuwien.ac.at\/index.php\/veri\/#breadcrumb","itemListElement":[{"@type":"ListItem","position":1,"name":"Startseite","item":"https:\/\/denkmalpflege.tuwien.ac.at\/"},{"@type":"ListItem","position":2,"name":"veri"}]},{"@type":"WebSite","@id":"https:\/\/denkmalpflege.tuwien.ac.at\/#website","url":"https:\/\/denkmalpflege.tuwien.ac.at\/","name":"Denkmalpflege und Bauen im Bestand","description":"Denkmalpflege TU Wien","publisher":{"@id":"https:\/\/denkmalpflege.tuwien.ac.at\/#organization"},"potentialAction":[{"@type":"SearchAction","target":{"@type":"EntryPoint","urlTemplate":"https:\/\/denkmalpflege.tuwien.ac.at\/?s={search_term_string}"},"query-input":{"@type":"PropertyValueSpecification","valueRequired":true,"valueName":"search_term_string"}}],"inLanguage":"de"},{"@type":"Organization","@id":"https:\/\/denkmalpflege.tuwien.ac.at\/#organization","name":"TU Wien Denkmalpflege und Bauen im Bestand","url":"https:\/\/denkmalpflege.tuwien.ac.at\/","logo":{"@type":"ImageObject","inLanguage":"de","@id":"https:\/\/denkmalpflege.tuwien.ac.at\/#\/schema\/logo\/image\/","url":"https:\/\/denkmalpflege.tuwien.ac.at\/wp-content\/uploads\/2019\/10\/Logo1.png","contentUrl":"https:\/\/denkmalpflege.tuwien.ac.at\/wp-content\/uploads\/2019\/10\/Logo1.png","width":222,"height":79,"caption":"TU Wien Denkmalpflege und Bauen im Bestand"},"image":{"@id":"https:\/\/denkmalpflege.tuwien.ac.at\/#\/schema\/logo\/image\/"}}]}},"_links":{"self":[{"href":"https:\/\/denkmalpflege.tuwien.ac.at\/index.php\/wp-json\/wp\/v2\/pages\/12466","targetHints":{"allow":["GET"]}}],"collection":[{"href":"https:\/\/denkmalpflege.tuwien.ac.at\/index.php\/wp-json\/wp\/v2\/pages"}],"about":[{"href":"https:\/\/denkmalpflege.tuwien.ac.at\/index.php\/wp-json\/wp\/v2\/types\/page"}],"author":[{"embeddable":true,"href":"https:\/\/denkmalpflege.tuwien.ac.at\/index.php\/wp-json\/wp\/v2\/users\/1"}],"replies":[{"embeddable":true,"href":"https:\/\/denkmalpflege.tuwien.ac.at\/index.php\/wp-json\/wp\/v2\/comments?post=12466"}],"version-history":[{"count":17,"href":"https:\/\/denkmalpflege.tuwien.ac.at\/index.php\/wp-json\/wp\/v2\/pages\/12466\/revisions"}],"predecessor-version":[{"id":28142,"href":"https:\/\/denkmalpflege.tuwien.ac.at\/index.php\/wp-json\/wp\/v2\/pages\/12466\/revisions\/28142"}],"wp:attachment":[{"href":"https:\/\/denkmalpflege.tuwien.ac.at\/index.php\/wp-json\/wp\/v2\/media?parent=12466"}],"curies":[{"name":"wp","href":"https:\/\/api.w.org\/{rel}","templated":true}]}}