{"id":12283,"date":"2017-03-20T13:32:19","date_gmt":"2017-03-20T12:32:19","guid":{"rendered":"http:\/\/denkmalpflege.tuwien.ac.at\/?page_id=12283"},"modified":"2017-03-20T13:37:01","modified_gmt":"2017-03-20T12:37:01","slug":"krebs-2","status":"publish","type":"page","link":"https:\/\/denkmalpflege.tuwien.ac.at\/index.php\/krebs-2\/","title":{"rendered":"krebs"},"content":{"rendered":"<div class='mitarbeiter'>\n<div class='grey'>\n<img decoding=\"async\" src=\"http:\/\/denkmalpflege.tuwien.ac.at\/wp-content\/uploads\/2017\/03\/klein-1.gif\" alt=\"krebs\" title=\"krebs\" width=\"130\" height=\"113\" class=\"alignnone size-full wp-image-165\" \/> <a href='diplomanden-prof-stadler' class='right_link'>&lt; Alle Arbeiten<\/a><br \/>\n<b>Damnatio Memoriae<\/b><br \/>\n<strong>2017 Marie Krebs<\/strong> <\/p>\n<div class='breakline'><\/div>\n<\/div>\n<div class='greyfield'>\n<p>Die Kulturg\u00fcter vergangener Epochen werden nicht selten zu stilisierten Symbolen und Wahrzeichen der V\u00f6lker erkl\u00e4rt. Durch seine Popularit\u00e4t ist das Kulturelle Erbe nicht mehr nur ein materieller Tr\u00e4ger der generationen\u00fcbergreifenden Erinnerung und des Wissens, sondern dient auch der Demonstration einer kulturellen Identit\u00e4t. Oftmals verarmen die G\u00fcter durch diesen Bild-Charakter zu politischen Machtinstrumenten und verlieren ihren dokumentarischen Wert. Die Denkmalpflege hat es sich zur Aufgabe gemacht, das materielle Erbe im Sinne k\u00fcnftiger Generationen zu sch\u00fctzen, um ihnen hierdurch ein authentisches Bild der Vergangenheit zu \u00fcbermitteln. Als unabh\u00e4ngige Institution ist die Denkmalpflege der Allgemeinheit verpflichtet und darf nicht f\u00fcr politische Ziele missbraucht werden. Die Aufgabe die sich der Denkmalpflege durch den zunehmend populistischen Diskurs um das Kulturelle Erbe stellt, liegt mehr und mehr in der Aufkl\u00e4rung. Erst wenn die \u00d6ffentlichkeit einen rationalen Zugang zur Geschichte erh\u00e4lt, ist ein demokratischer Diskurs m\u00f6glich, der wiederum die Grundlage f\u00fcr die Denkmalpflege schafft, als professionelle Institution agieren zu k\u00f6nnen.<br \/>\nAm Beispiel \u201ePalmyra\u201c wird die gegenw\u00e4rtige Fragestellung an die Denkmalpflege \u00fcber Rekonstruktion und Wiederaufbau von im Zuge kriegerischer Ma\u00dfnahmen zerst\u00f6rter Kulturg\u00fcter behandelt.<br \/>\nDie Diplomarbeit veranschaulicht, wie aufkl\u00e4rerische Denkmalpflege funktioniert um das Kulturelle Erbe an diesem Ort nach seinem Denkmalsturz zu sch\u00fctzen. <\/p>\n<div class='breakline'><\/div>\n<\/div>\n<p><span><\/span><br \/>\n<img decoding=\"async\" src=\"http:\/\/denkmalpflege.tuwien.ac.at\/wp-content\/uploads\/2017\/03\/gro\u00df.gif\" width=\"\" height=\"330\"  alt=\"\" \/><br \/>\n<span><\/span>\n<\/div>\n<\/div>\n","protected":false},"excerpt":{"rendered":"<p>&lt; Alle Arbeiten Damnatio Memoriae 2017 Marie Krebs Die Kulturg\u00fcter vergangener Epochen werden nicht selten zu stilisierten Symbolen und Wahrzeichen der V\u00f6lker erkl\u00e4rt. Durch seine Popularit\u00e4t ist das Kulturelle Erbe nicht mehr nur ein materieller Tr\u00e4ger der generationen\u00fcbergreifenden Erinnerung und des Wissens, sondern dient auch der Demonstration einer kulturellen Identit\u00e4t. Oftmals verarmen die G\u00fcter durch diesen Bild-Charakter zu politischen Machtinstrumenten und verlieren ihren dokumentarischen Wert. Die Denkmalpflege hat es sich<\/p>\n<div class=\"belowpost\"><a class=\"btnmore icon-arrow\" href=\"https:\/\/denkmalpflege.tuwien.ac.at\/index.php\/krebs-2\/\"><span>Read More<\/span><\/a><\/div>\n","protected":false},"author":1,"featured_media":0,"parent":0,"menu_order":0,"comment_status":"closed","ping_status":"closed","template":"","meta":{"footnotes":""},"class_list":["post-12283","page","type-page","status-publish","hentry"],"yoast_head":"<!-- This site is optimized with the Yoast SEO plugin v26.0 - https:\/\/yoast.com\/wordpress\/plugins\/seo\/ -->\n<title>krebs - Denkmalpflege und Bauen im Bestand<\/title>\n<meta name=\"robots\" content=\"index, follow, max-snippet:-1, max-image-preview:large, max-video-preview:-1\" \/>\n<link rel=\"canonical\" href=\"https:\/\/denkmalpflege.tuwien.ac.at\/index.php\/krebs-2\/\" \/>\n<meta property=\"og:locale\" content=\"de_DE\" \/>\n<meta property=\"og:type\" content=\"article\" \/>\n<meta property=\"og:title\" content=\"krebs - Denkmalpflege und Bauen im Bestand\" \/>\n<meta property=\"og:description\" content=\"&lt; Alle Arbeiten Damnatio Memoriae 2017 Marie Krebs Die Kulturg\u00fcter vergangener Epochen werden nicht selten zu stilisierten Symbolen und Wahrzeichen der V\u00f6lker erkl\u00e4rt. Durch seine Popularit\u00e4t ist das Kulturelle Erbe nicht mehr nur ein materieller Tr\u00e4ger der generationen\u00fcbergreifenden Erinnerung und des Wissens, sondern dient auch der Demonstration einer kulturellen Identit\u00e4t. Oftmals verarmen die G\u00fcter durch diesen Bild-Charakter zu politischen Machtinstrumenten und verlieren ihren dokumentarischen Wert. Die Denkmalpflege hat es sichRead More\" \/>\n<meta property=\"og:url\" content=\"https:\/\/denkmalpflege.tuwien.ac.at\/index.php\/krebs-2\/\" \/>\n<meta property=\"og:site_name\" content=\"Denkmalpflege und Bauen im Bestand\" \/>\n<meta property=\"article:modified_time\" content=\"2017-03-20T12:37:01+00:00\" \/>\n<meta name=\"twitter:card\" content=\"summary_large_image\" \/>\n<meta name=\"twitter:label1\" content=\"Gesch\u00e4tzte Lesezeit\" \/>\n\t<meta name=\"twitter:data1\" content=\"1\u00a0Minute\" \/>\n<script type=\"application\/ld+json\" class=\"yoast-schema-graph\">{\"@context\":\"https:\/\/schema.org\",\"@graph\":[{\"@type\":\"WebPage\",\"@id\":\"https:\/\/denkmalpflege.tuwien.ac.at\/index.php\/krebs-2\/\",\"url\":\"https:\/\/denkmalpflege.tuwien.ac.at\/index.php\/krebs-2\/\",\"name\":\"krebs - Denkmalpflege und Bauen im Bestand\",\"isPartOf\":{\"@id\":\"https:\/\/denkmalpflege.tuwien.ac.at\/#website\"},\"primaryImageOfPage\":{\"@id\":\"https:\/\/denkmalpflege.tuwien.ac.at\/index.php\/krebs-2\/#primaryimage\"},\"image\":{\"@id\":\"https:\/\/denkmalpflege.tuwien.ac.at\/index.php\/krebs-2\/#primaryimage\"},\"thumbnailUrl\":\"http:\/\/denkmalpflege.tuwien.ac.at\/wp-content\/uploads\/2017\/03\/klein-1.gif\",\"datePublished\":\"2017-03-20T12:32:19+00:00\",\"dateModified\":\"2017-03-20T12:37:01+00:00\",\"breadcrumb\":{\"@id\":\"https:\/\/denkmalpflege.tuwien.ac.at\/index.php\/krebs-2\/#breadcrumb\"},\"inLanguage\":\"de\",\"potentialAction\":[{\"@type\":\"ReadAction\",\"target\":[\"https:\/\/denkmalpflege.tuwien.ac.at\/index.php\/krebs-2\/\"]}]},{\"@type\":\"ImageObject\",\"inLanguage\":\"de\",\"@id\":\"https:\/\/denkmalpflege.tuwien.ac.at\/index.php\/krebs-2\/#primaryimage\",\"url\":\"\",\"contentUrl\":\"\"},{\"@type\":\"BreadcrumbList\",\"@id\":\"https:\/\/denkmalpflege.tuwien.ac.at\/index.php\/krebs-2\/#breadcrumb\",\"itemListElement\":[{\"@type\":\"ListItem\",\"position\":1,\"name\":\"Startseite\",\"item\":\"https:\/\/denkmalpflege.tuwien.ac.at\/\"},{\"@type\":\"ListItem\",\"position\":2,\"name\":\"krebs\"}]},{\"@type\":\"WebSite\",\"@id\":\"https:\/\/denkmalpflege.tuwien.ac.at\/#website\",\"url\":\"https:\/\/denkmalpflege.tuwien.ac.at\/\",\"name\":\"Denkmalpflege und Bauen im Bestand\",\"description\":\"Denkmalpflege TU Wien\",\"publisher\":{\"@id\":\"https:\/\/denkmalpflege.tuwien.ac.at\/#organization\"},\"potentialAction\":[{\"@type\":\"SearchAction\",\"target\":{\"@type\":\"EntryPoint\",\"urlTemplate\":\"https:\/\/denkmalpflege.tuwien.ac.at\/?s={search_term_string}\"},\"query-input\":{\"@type\":\"PropertyValueSpecification\",\"valueRequired\":true,\"valueName\":\"search_term_string\"}}],\"inLanguage\":\"de\"},{\"@type\":\"Organization\",\"@id\":\"https:\/\/denkmalpflege.tuwien.ac.at\/#organization\",\"name\":\"TU Wien Denkmalpflege und Bauen im Bestand\",\"url\":\"https:\/\/denkmalpflege.tuwien.ac.at\/\",\"logo\":{\"@type\":\"ImageObject\",\"inLanguage\":\"de\",\"@id\":\"https:\/\/denkmalpflege.tuwien.ac.at\/#\/schema\/logo\/image\/\",\"url\":\"https:\/\/denkmalpflege.tuwien.ac.at\/wp-content\/uploads\/2019\/10\/Logo1.png\",\"contentUrl\":\"https:\/\/denkmalpflege.tuwien.ac.at\/wp-content\/uploads\/2019\/10\/Logo1.png\",\"width\":222,\"height\":79,\"caption\":\"TU Wien Denkmalpflege und Bauen im Bestand\"},\"image\":{\"@id\":\"https:\/\/denkmalpflege.tuwien.ac.at\/#\/schema\/logo\/image\/\"}}]}<\/script>\n<!-- \/ Yoast SEO plugin. -->","yoast_head_json":{"title":"krebs - Denkmalpflege und Bauen im Bestand","robots":{"index":"index","follow":"follow","max-snippet":"max-snippet:-1","max-image-preview":"max-image-preview:large","max-video-preview":"max-video-preview:-1"},"canonical":"https:\/\/denkmalpflege.tuwien.ac.at\/index.php\/krebs-2\/","og_locale":"de_DE","og_type":"article","og_title":"krebs - Denkmalpflege und Bauen im Bestand","og_description":"&lt; Alle Arbeiten Damnatio Memoriae 2017 Marie Krebs Die Kulturg\u00fcter vergangener Epochen werden nicht selten zu stilisierten Symbolen und Wahrzeichen der V\u00f6lker erkl\u00e4rt. Durch seine Popularit\u00e4t ist das Kulturelle Erbe nicht mehr nur ein materieller Tr\u00e4ger der generationen\u00fcbergreifenden Erinnerung und des Wissens, sondern dient auch der Demonstration einer kulturellen Identit\u00e4t. Oftmals verarmen die G\u00fcter durch diesen Bild-Charakter zu politischen Machtinstrumenten und verlieren ihren dokumentarischen Wert. Die Denkmalpflege hat es sichRead More","og_url":"https:\/\/denkmalpflege.tuwien.ac.at\/index.php\/krebs-2\/","og_site_name":"Denkmalpflege und Bauen im Bestand","article_modified_time":"2017-03-20T12:37:01+00:00","twitter_card":"summary_large_image","twitter_misc":{"Gesch\u00e4tzte Lesezeit":"1\u00a0Minute"},"schema":{"@context":"https:\/\/schema.org","@graph":[{"@type":"WebPage","@id":"https:\/\/denkmalpflege.tuwien.ac.at\/index.php\/krebs-2\/","url":"https:\/\/denkmalpflege.tuwien.ac.at\/index.php\/krebs-2\/","name":"krebs - Denkmalpflege und Bauen im Bestand","isPartOf":{"@id":"https:\/\/denkmalpflege.tuwien.ac.at\/#website"},"primaryImageOfPage":{"@id":"https:\/\/denkmalpflege.tuwien.ac.at\/index.php\/krebs-2\/#primaryimage"},"image":{"@id":"https:\/\/denkmalpflege.tuwien.ac.at\/index.php\/krebs-2\/#primaryimage"},"thumbnailUrl":"http:\/\/denkmalpflege.tuwien.ac.at\/wp-content\/uploads\/2017\/03\/klein-1.gif","datePublished":"2017-03-20T12:32:19+00:00","dateModified":"2017-03-20T12:37:01+00:00","breadcrumb":{"@id":"https:\/\/denkmalpflege.tuwien.ac.at\/index.php\/krebs-2\/#breadcrumb"},"inLanguage":"de","potentialAction":[{"@type":"ReadAction","target":["https:\/\/denkmalpflege.tuwien.ac.at\/index.php\/krebs-2\/"]}]},{"@type":"ImageObject","inLanguage":"de","@id":"https:\/\/denkmalpflege.tuwien.ac.at\/index.php\/krebs-2\/#primaryimage","url":"","contentUrl":""},{"@type":"BreadcrumbList","@id":"https:\/\/denkmalpflege.tuwien.ac.at\/index.php\/krebs-2\/#breadcrumb","itemListElement":[{"@type":"ListItem","position":1,"name":"Startseite","item":"https:\/\/denkmalpflege.tuwien.ac.at\/"},{"@type":"ListItem","position":2,"name":"krebs"}]},{"@type":"WebSite","@id":"https:\/\/denkmalpflege.tuwien.ac.at\/#website","url":"https:\/\/denkmalpflege.tuwien.ac.at\/","name":"Denkmalpflege und Bauen im Bestand","description":"Denkmalpflege TU Wien","publisher":{"@id":"https:\/\/denkmalpflege.tuwien.ac.at\/#organization"},"potentialAction":[{"@type":"SearchAction","target":{"@type":"EntryPoint","urlTemplate":"https:\/\/denkmalpflege.tuwien.ac.at\/?s={search_term_string}"},"query-input":{"@type":"PropertyValueSpecification","valueRequired":true,"valueName":"search_term_string"}}],"inLanguage":"de"},{"@type":"Organization","@id":"https:\/\/denkmalpflege.tuwien.ac.at\/#organization","name":"TU Wien Denkmalpflege und Bauen im Bestand","url":"https:\/\/denkmalpflege.tuwien.ac.at\/","logo":{"@type":"ImageObject","inLanguage":"de","@id":"https:\/\/denkmalpflege.tuwien.ac.at\/#\/schema\/logo\/image\/","url":"https:\/\/denkmalpflege.tuwien.ac.at\/wp-content\/uploads\/2019\/10\/Logo1.png","contentUrl":"https:\/\/denkmalpflege.tuwien.ac.at\/wp-content\/uploads\/2019\/10\/Logo1.png","width":222,"height":79,"caption":"TU Wien Denkmalpflege und Bauen im Bestand"},"image":{"@id":"https:\/\/denkmalpflege.tuwien.ac.at\/#\/schema\/logo\/image\/"}}]}},"_links":{"self":[{"href":"https:\/\/denkmalpflege.tuwien.ac.at\/index.php\/wp-json\/wp\/v2\/pages\/12283","targetHints":{"allow":["GET"]}}],"collection":[{"href":"https:\/\/denkmalpflege.tuwien.ac.at\/index.php\/wp-json\/wp\/v2\/pages"}],"about":[{"href":"https:\/\/denkmalpflege.tuwien.ac.at\/index.php\/wp-json\/wp\/v2\/types\/page"}],"author":[{"embeddable":true,"href":"https:\/\/denkmalpflege.tuwien.ac.at\/index.php\/wp-json\/wp\/v2\/users\/1"}],"replies":[{"embeddable":true,"href":"https:\/\/denkmalpflege.tuwien.ac.at\/index.php\/wp-json\/wp\/v2\/comments?post=12283"}],"version-history":[{"count":9,"href":"https:\/\/denkmalpflege.tuwien.ac.at\/index.php\/wp-json\/wp\/v2\/pages\/12283\/revisions"}],"predecessor-version":[{"id":12297,"href":"https:\/\/denkmalpflege.tuwien.ac.at\/index.php\/wp-json\/wp\/v2\/pages\/12283\/revisions\/12297"}],"wp:attachment":[{"href":"https:\/\/denkmalpflege.tuwien.ac.at\/index.php\/wp-json\/wp\/v2\/media?parent=12283"}],"curies":[{"name":"wp","href":"https:\/\/api.w.org\/{rel}","templated":true}]}}