{"id":12038,"date":"2017-02-13T19:00:25","date_gmt":"2017-02-13T18:00:25","guid":{"rendered":"http:\/\/denkmalpflege.tuwien.ac.at\/?page_id=12038"},"modified":"2023-10-22T12:29:59","modified_gmt":"2023-10-22T10:29:59","slug":"entw1","status":"publish","type":"page","link":"https:\/\/denkmalpflege.tuwien.ac.at\/index.php\/entw1\/","title":{"rendered":"entw1"},"content":{"rendered":"\t\t<div data-elementor-type=\"wp-page\" data-elementor-id=\"12038\" class=\"elementor elementor-12038\" data-elementor-post-type=\"page\">\n\t\t\t\t\t\t<section class=\"elementor-section elementor-top-section elementor-element elementor-element-229eb79 elementor-section-full_width elementor-section-height-default elementor-section-height-default\" data-id=\"229eb79\" data-element_type=\"section\">\n\t\t\t\t\t\t<div class=\"elementor-container elementor-column-gap-default\">\n\t\t\t\t\t<div class=\"elementor-column elementor-col-50 elementor-top-column elementor-element elementor-element-1cab2e5\" data-id=\"1cab2e5\" data-element_type=\"column\">\n\t\t\t<div class=\"elementor-widget-wrap elementor-element-populated\">\n\t\t\t\t\t\t<div class=\"elementor-element elementor-element-73c6889 elementor-widget elementor-widget-heading\" data-id=\"73c6889\" data-element_type=\"widget\" data-widget_type=\"heading.default\">\n\t\t\t\t<div class=\"elementor-widget-container\">\n\t\t\t\t\t<h2 class=\"elementor-heading-title elementor-size-default\"><a href=\"https:\/\/denkmalpflege.tuwien.ac.at\/index.php\/so17\/\">LVA SS17<\/a><\/h2>\t\t\t\t<\/div>\n\t\t\t\t<\/div>\n\t\t\t\t\t<\/div>\n\t\t<\/div>\n\t\t\t\t<div class=\"elementor-column elementor-col-50 elementor-top-column elementor-element elementor-element-22a1ca9\" data-id=\"22a1ca9\" data-element_type=\"column\">\n\t\t\t<div class=\"elementor-widget-wrap elementor-element-populated\">\n\t\t\t\t\t\t<div class=\"elementor-element elementor-element-1790688 elementor-widget elementor-widget-heading\" data-id=\"1790688\" data-element_type=\"widget\" data-widget_type=\"heading.default\">\n\t\t\t\t<div class=\"elementor-widget-container\">\n\t\t\t\t\t<h2 class=\"elementor-heading-title elementor-size-default\">251.788 <span style=\"float: right\"> 8,0 h (10,0 ECTS)<\/span><\/h2>\t\t\t\t<\/div>\n\t\t\t\t<\/div>\n\t\t\t\t\t<\/div>\n\t\t<\/div>\n\t\t\t\t\t<\/div>\n\t\t<\/section>\n\t\t\t\t<section class=\"elementor-section elementor-top-section elementor-element elementor-element-6b389235 elementor-section-full_width elementor-section-height-default elementor-section-height-default\" data-id=\"6b389235\" data-element_type=\"section\">\n\t\t\t\t\t\t<div class=\"elementor-container elementor-column-gap-default\">\n\t\t\t\t\t<div class=\"elementor-column elementor-col-50 elementor-top-column elementor-element elementor-element-333aac54\" data-id=\"333aac54\" data-element_type=\"column\">\n\t\t\t<div class=\"elementor-widget-wrap elementor-element-populated\">\n\t\t\t\t\t\t<div class=\"elementor-element elementor-element-a9d2679 elementor-nav-menu__align-start elementor-nav-menu--dropdown-mobile elementor-nav-menu__text-align-aside elementor-nav-menu--toggle elementor-nav-menu--burger elementor-widget elementor-widget-nav-menu\" data-id=\"a9d2679\" data-element_type=\"widget\" data-settings=\"{&quot;layout&quot;:&quot;vertical&quot;,&quot;submenu_icon&quot;:{&quot;value&quot;:&quot;&lt;i class=\\&quot;\\&quot; aria-hidden=\\&quot;true\\&quot;&gt;&lt;\\\/i&gt;&quot;,&quot;library&quot;:&quot;&quot;},&quot;toggle&quot;:&quot;burger&quot;}\" data-widget_type=\"nav-menu.default\">\n\t\t\t\t<div class=\"elementor-widget-container\">\n\t\t\t\t\t\t\t\t<nav aria-label=\"Men\u00fc\" class=\"elementor-nav-menu--main elementor-nav-menu__container elementor-nav-menu--layout-vertical e--pointer-none\">\n\t\t\t\t<ul id=\"menu-1-a9d2679\" class=\"elementor-nav-menu sm-vertical\"><li class=\"menu-item menu-item-type-post_type menu-item-object-page menu-item-18492\"><a href=\"https:\/\/denkmalpflege.tuwien.ac.at\/index.php\/entw1\/\" class=\"elementor-item\">Gro\u00dfes Entwerfen <\/br>Ljubljana<\/a><\/li>\n<li class=\"menu-item menu-item-type-post_type menu-item-object-page menu-item-18493\"><a href=\"https:\/\/denkmalpflege.tuwien.ac.at\/index.php\/lapid\/\" class=\"elementor-item\">Gro\u00dfes Entwerfen <\/br>K\u00e4rnten Lapidarium<\/a><\/li>\n<li class=\"menu-item menu-item-type-post_type menu-item-object-page menu-item-18494\"><a href=\"https:\/\/denkmalpflege.tuwien.ac.at\/index.php\/exk\/\" class=\"elementor-item\">Exkursion <\/br> K\u00f6ln \u2013 Ikonen der Denkmalpflege<\/a><\/li>\n<li class=\"menu-item menu-item-type-post_type menu-item-object-page menu-item-18495\"><a href=\"https:\/\/denkmalpflege.tuwien.ac.at\/index.php\/lehre-2\/so17\/modul17\/\" class=\"elementor-item\">Modul Denkmalpflege<\/br> &#038; Ma\u00dfnahmen am Denkmal<\/a><\/li>\n<li class=\"menu-item menu-item-type-post_type menu-item-object-page menu-item-18496\"><a href=\"https:\/\/denkmalpflege.tuwien.ac.at\/index.php\/wahlsem\/\" class=\"elementor-item\">Wahlseminar <\/br>\u2026und das soll ein Denkmal sein?<\/a><\/li>\n<li class=\"menu-item menu-item-type-post_type menu-item-object-page menu-item-18497\"><a href=\"https:\/\/denkmalpflege.tuwien.ac.at\/index.php\/denkmalpflege-und-bausanierung\/\" class=\"elementor-item\">\u00dcbung <\/br>Denkmalpflege &#038; Bausanierung<\/a><\/li>\n<li class=\"menu-item menu-item-type-post_type menu-item-object-page menu-item-18498\"><a href=\"https:\/\/denkmalpflege.tuwien.ac.at\/index.php\/lehre-2\/lva-sommersemester-2021\/anleitung-wissenschaftlichen-arbeiten\/\" class=\"elementor-item\">Seminar <\/br>Anleitung zum <\/br>Wissenschaftlichen Arbeiten<\/a><\/li>\n<li class=\"menu-item menu-item-type-post_type menu-item-object-page menu-item-18499\"><a href=\"https:\/\/denkmalpflege.tuwien.ac.at\/index.php\/diplomanden-und-dissertantenseminar\/\" class=\"elementor-item\">Seminar <\/br>Diplomanden- und <\/br>Dissertantenseminar<\/a><\/li>\n<\/ul>\t\t\t<\/nav>\n\t\t\t\t\t<div class=\"elementor-menu-toggle\" role=\"button\" tabindex=\"0\" aria-label=\"Men\u00fc Umschalter\" aria-expanded=\"false\">\n\t\t\t<i aria-hidden=\"true\" role=\"presentation\" class=\"elementor-menu-toggle__icon--open eicon-menu-bar\"><\/i><i aria-hidden=\"true\" role=\"presentation\" class=\"elementor-menu-toggle__icon--close eicon-close\"><\/i>\t\t<\/div>\n\t\t\t\t\t<nav class=\"elementor-nav-menu--dropdown elementor-nav-menu__container\" aria-hidden=\"true\">\n\t\t\t\t<ul id=\"menu-2-a9d2679\" class=\"elementor-nav-menu sm-vertical\"><li class=\"menu-item menu-item-type-post_type menu-item-object-page menu-item-18492\"><a href=\"https:\/\/denkmalpflege.tuwien.ac.at\/index.php\/entw1\/\" class=\"elementor-item\" tabindex=\"-1\">Gro\u00dfes Entwerfen <\/br>Ljubljana<\/a><\/li>\n<li class=\"menu-item menu-item-type-post_type menu-item-object-page menu-item-18493\"><a href=\"https:\/\/denkmalpflege.tuwien.ac.at\/index.php\/lapid\/\" class=\"elementor-item\" tabindex=\"-1\">Gro\u00dfes Entwerfen <\/br>K\u00e4rnten Lapidarium<\/a><\/li>\n<li class=\"menu-item menu-item-type-post_type menu-item-object-page menu-item-18494\"><a href=\"https:\/\/denkmalpflege.tuwien.ac.at\/index.php\/exk\/\" class=\"elementor-item\" tabindex=\"-1\">Exkursion <\/br> K\u00f6ln \u2013 Ikonen der Denkmalpflege<\/a><\/li>\n<li class=\"menu-item menu-item-type-post_type menu-item-object-page menu-item-18495\"><a href=\"https:\/\/denkmalpflege.tuwien.ac.at\/index.php\/lehre-2\/so17\/modul17\/\" class=\"elementor-item\" tabindex=\"-1\">Modul Denkmalpflege<\/br> &#038; Ma\u00dfnahmen am Denkmal<\/a><\/li>\n<li class=\"menu-item menu-item-type-post_type menu-item-object-page menu-item-18496\"><a href=\"https:\/\/denkmalpflege.tuwien.ac.at\/index.php\/wahlsem\/\" class=\"elementor-item\" tabindex=\"-1\">Wahlseminar <\/br>\u2026und das soll ein Denkmal sein?<\/a><\/li>\n<li class=\"menu-item menu-item-type-post_type menu-item-object-page menu-item-18497\"><a href=\"https:\/\/denkmalpflege.tuwien.ac.at\/index.php\/denkmalpflege-und-bausanierung\/\" class=\"elementor-item\" tabindex=\"-1\">\u00dcbung <\/br>Denkmalpflege &#038; Bausanierung<\/a><\/li>\n<li class=\"menu-item menu-item-type-post_type menu-item-object-page menu-item-18498\"><a href=\"https:\/\/denkmalpflege.tuwien.ac.at\/index.php\/lehre-2\/lva-sommersemester-2021\/anleitung-wissenschaftlichen-arbeiten\/\" class=\"elementor-item\" tabindex=\"-1\">Seminar <\/br>Anleitung zum <\/br>Wissenschaftlichen Arbeiten<\/a><\/li>\n<li class=\"menu-item menu-item-type-post_type menu-item-object-page menu-item-18499\"><a href=\"https:\/\/denkmalpflege.tuwien.ac.at\/index.php\/diplomanden-und-dissertantenseminar\/\" class=\"elementor-item\" tabindex=\"-1\">Seminar <\/br>Diplomanden- und <\/br>Dissertantenseminar<\/a><\/li>\n<\/ul>\t\t\t<\/nav>\n\t\t\t\t\t\t<\/div>\n\t\t\t\t<\/div>\n\t\t\t\t\t<\/div>\n\t\t<\/div>\n\t\t\t\t<div class=\"elementor-column elementor-col-50 elementor-top-column elementor-element elementor-element-32546ee7\" data-id=\"32546ee7\" data-element_type=\"column\">\n\t\t\t<div class=\"elementor-widget-wrap elementor-element-populated\">\n\t\t\t\t\t\t<div class=\"elementor-element elementor-element-5493421a elementor-widget elementor-widget-text-editor\" data-id=\"5493421a\" data-element_type=\"widget\" data-widget_type=\"text-editor.default\">\n\t\t\t\t<div class=\"elementor-widget-container\">\n\t\t\t\t\t\t\t\t\t<h1 class=\"lva_h1\">LJUBLJANA \u2013 PLE\u010dNIK und seine Erben<\/h1>\t\t\t\t\t\t\t\t<\/div>\n\t\t\t\t<\/div>\n\t\t\t\t<div class=\"elementor-element elementor-element-79d04ee5 lva_img elementor-widget elementor-widget-image\" data-id=\"79d04ee5\" data-element_type=\"widget\" data-widget_type=\"image.default\">\n\t\t\t\t<div class=\"elementor-widget-container\">\n\t\t\t\t\t\t\t\t\t\t\t\t\t\t\t<img fetchpriority=\"high\" decoding=\"async\" width=\"260\" height=\"226\" src=\"https:\/\/denkmalpflege.tuwien.ac.at\/wp-content\/uploads\/2017\/02\/Entwerfen1.gif\" class=\"attachment-full size-full wp-image-11996\" alt=\"\" \/>\t\t\t\t\t\t\t\t\t\t\t\t\t\t\t<\/div>\n\t\t\t\t<\/div>\n\t\t\t\t<div class=\"elementor-element elementor-element-29d1043 elementor-widget elementor-widget-text-editor\" data-id=\"29d1043\" data-element_type=\"widget\" data-widget_type=\"text-editor.default\">\n\t\t\t\t<div class=\"elementor-widget-container\">\n\t\t\t\t\t\t\t\t\t<p class=\"akt\">Master \u2013 Denkmalpflege und Entwurf: Strategien der Erhaltung<\/p>\t\t\t\t\t\t\t\t<\/div>\n\t\t\t\t<\/div>\n\t\t\t\t<div class=\"elementor-element elementor-element-7ded5080 elementor-widget elementor-widget-text-editor\" data-id=\"7ded5080\" data-element_type=\"widget\" data-widget_type=\"text-editor.default\">\n\t\t\t\t<div class=\"elementor-widget-container\">\n\t\t\t\t\t\t\t\t\t<h3 class=\"lva_h3 lva_leiter\"><strong>Nott CAVIEZEL, Agnes LIEBSCH, Marusa ZOREC, Philipp HAUSLADEN<\/strong><\/h3><h3 class=\"lva_h3 lva_leiter lva_h3_abstand\"><strong>Einf\u00fchrung<\/strong><\/h3><p class=\"lva_text\">Dienstag 7. M\u00e4rz 2017, 9:00-13:00 Uhr, SR 257 (Stiege 3, 2. Stock)<\/p><h3 class=\"lva_h3 lva_leiter lva_h3_abstand\"><strong>Termine<\/strong><\/h3><p class=\"lva_text\">Dienstag, 9:00 -13;00 Uhr im SR 257 (Stiege 3, 2. OG)<\/p><h3 class=\"lva_h3 lva_leiter lva_h3_abstand\"><strong>Exkursion<\/strong><\/h3><p class=\"lva_text\">nach Ljubljana, 27. M\u00e4rz bis 1. April 2017<br \/>Die Exkursion ist verpflichtend!<\/p><h3 class=\"lva_h3 lva_leiter lva_h3_abstand\"><strong>Anmeldung<\/strong><\/h3><p class=\"lva_text\">\u00dcber <a class=\"link\" href=\"https:\/\/tiss.tuwien.ac.at\/course\/courseDetails.xhtml?dswid=4030&amp;dsrid=604&amp;courseNr=251788&amp;semester=2017S\"> TISS <\/a>+ Motivationsschreiben (ca. halbe DIN A4 Seite) als Teil des Portfolios<br \/>oder an <a href=\"mailto:agnes.liebsch@tuwien.ac.at\"><strong>agnes.liebsch@tuwien.ac.at<\/strong><\/a>.<\/p>\t\t\t\t\t\t\t\t<\/div>\n\t\t\t\t<\/div>\n\t\t\t\t<div class=\"elementor-element elementor-element-5ebdc1f0 elementor-widget-divider--view-line elementor-widget elementor-widget-divider\" data-id=\"5ebdc1f0\" data-element_type=\"widget\" data-widget_type=\"divider.default\">\n\t\t\t\t<div class=\"elementor-widget-container\">\n\t\t\t\t\t\t\t<div class=\"elementor-divider\">\n\t\t\t<span class=\"elementor-divider-separator\">\n\t\t\t\t\t\t<\/span>\n\t\t<\/div>\n\t\t\t\t\t\t<\/div>\n\t\t\t\t<\/div>\n\t\t\t\t<div class=\"elementor-element elementor-element-1525b008 elementor-widget elementor-widget-text-editor\" data-id=\"1525b008\" data-element_type=\"widget\" data-widget_type=\"text-editor.default\">\n\t\t\t\t<div class=\"elementor-widget-container\">\n\t\t\t\t\t\t\t\t\t<h3 class=\"lva_h3 lva_leiter lva_h3_abstand\"><strong>Lernergebnisse<\/strong><\/h3><p class=\"lva_text\">Jede Entwurfsarbeit am denkmalgesch\u00fctzten Objekt beansprucht spezifische Kenntnisse und erfordert dem Bestand angemessene Strategien. Die \u00dcbung bietet den Studierenden die Gelegenheit, sich mit den vielf\u00e4ltigen Erfordernissen zu befassen, denen man beim Erhalten, Restaurieren, Sanieren und Verwalten eines Denkmals oder bei Eingriffen in ein denkmalgesch\u00fctztes st\u00e4dtisches Ensemble gerecht werden muss.<\/p><h3 class=\"lva_h3 lva_leiter lva_h3_abstand\"><strong>Inhalt der Lehrveranstaltung<\/strong><\/h3><p>Zwei bauhistorisch interessante Areale in Ljubljana sollen eine neue Nutzung erhalten: Das Be\u017eigrad- Stadion wurde von Jo\u017ee Plecnik ab 1923 als Gymnastik-Stadion f\u00fcr den katholischen Jugendsportverein &#8222;Orel&#8220; entworfen und nach einer Bauunterbrechung bis 1935 f\u00fcr den Eucharistischen Kongress fertiggestellt. Nach dem 2. Weltkrieg wurde es haupts\u00e4chlich als Fu\u00dfballstadion genutzt bis es 2008 geschlossen und an einen Investor verkauft wurde.<\/p><p>Das zweite Gebiet liegt am Ufer des Flusses: Ein Parkhaus des Architekten Sevin Sever (BJ. 1969) befindet sich in unmittelbarer Nachbarschaft zu einem Wohnhaus einer alten Zuckerfabrik (BJ. 1828-1834). Das Parkhaus ist nach wie vor in Verwendung, durch seine geringe Raumh\u00f6he und die engen Stellpl\u00e4tze jedoch nicht gut ausgelastet. Es gab bereits Pl\u00e4ne f\u00fcr einen Abriss. Das Wohnhaus der Zuckerfabrik wurde durch ein Stra\u00dfenprojekt 2010 vom restlichen Geb\u00e4udekomplex abgetrennt und steht leer.<\/p><p>Die Studierenden k\u00f6nnen eines der beiden Areale zur Bearbeitung w\u00e4hlen. F\u00fcr die historischen Objekte ist eine ad\u00e4quate Nutzung gesucht. Wo n\u00f6tig, sollen denkmalpflegerisch vertr\u00e4gliche Ma\u00dfnahmen geplant werden, die den Bestand schonen und dennoch neue Funktionen zulassen. Eine Exkursion nach Ljubljana bietet die Gelegenheit gemeinsam mit Studierenden der Architekturfakult\u00e4t Ljubljana die Areale zu besichtigen und erste Erhaltungs-Konzepte zu entwickeln. Au\u00dferdem werden wir weitere Bauwerke von Jo\u017ee Plecnik und Savin Sever studieren.<\/p>\t\t\t\t\t\t\t\t<\/div>\n\t\t\t\t<\/div>\n\t\t\t\t<div class=\"elementor-element elementor-element-95e557 elementor-widget-divider--view-line elementor-widget elementor-widget-divider\" data-id=\"95e557\" data-element_type=\"widget\" data-widget_type=\"divider.default\">\n\t\t\t\t<div class=\"elementor-widget-container\">\n\t\t\t\t\t\t\t<div class=\"elementor-divider\">\n\t\t\t<span class=\"elementor-divider-separator\">\n\t\t\t\t\t\t<\/span>\n\t\t<\/div>\n\t\t\t\t\t\t<\/div>\n\t\t\t\t<\/div>\n\t\t\t\t<section class=\"elementor-section elementor-inner-section elementor-element elementor-element-6856ef0e elementor-section-boxed elementor-section-height-default elementor-section-height-default\" data-id=\"6856ef0e\" data-element_type=\"section\">\n\t\t\t\t\t\t<div class=\"elementor-container elementor-column-gap-default\">\n\t\t\t\t\t<div class=\"elementor-column elementor-col-50 elementor-inner-column elementor-element elementor-element-18764259\" data-id=\"18764259\" data-element_type=\"column\">\n\t\t\t<div class=\"elementor-widget-wrap elementor-element-populated\">\n\t\t\t\t\t\t<div class=\"elementor-element elementor-element-3ae76f15 elementor-widget elementor-widget-text-editor\" data-id=\"3ae76f15\" data-element_type=\"widget\" data-widget_type=\"text-editor.default\">\n\t\t\t\t<div class=\"elementor-widget-container\">\n\t\t\t\t\t\t\t\t\t<p class=\"lva_text\"><a class=\"link link_blau\" href=\"https:\/\/tiss.tuwien.ac.at\/course\/courseDetails.xhtml?dswid=4030&amp;dsrid=604&amp;courseNr=251788&amp;semester=2017S\">TISS<\/a><\/p>\t\t\t\t\t\t\t\t<\/div>\n\t\t\t\t<\/div>\n\t\t\t\t\t<\/div>\n\t\t<\/div>\n\t\t\t\t<div class=\"elementor-column elementor-col-50 elementor-inner-column elementor-element elementor-element-26a42002\" data-id=\"26a42002\" data-element_type=\"column\">\n\t\t\t<div class=\"elementor-widget-wrap\">\n\t\t\t\t\t\t\t<\/div>\n\t\t<\/div>\n\t\t\t\t\t<\/div>\n\t\t<\/section>\n\t\t\t\t\t<\/div>\n\t\t<\/div>\n\t\t\t\t\t<\/div>\n\t\t<\/section>\n\t\t\t\t<\/div>\n\t\t","protected":false},"excerpt":{"rendered":"<p>LVA SS17 251.788 8,0 h (10,0 ECTS) LJUBLJANA \u2013 PLE\u010dNIK und seine Erben Master \u2013 Denkmalpflege und Entwurf: Strategien der Erhaltung Nott CAVIEZEL, Agnes LIEBSCH, Marusa ZOREC, Philipp HAUSLADEN Einf\u00fchrung Dienstag 7. M\u00e4rz 2017, 9:00-13:00 Uhr, SR 257 (Stiege 3, 2. Stock) Termine Dienstag, 9:00 -13;00 Uhr im SR 257 (Stiege 3, 2. OG) Exkursion nach Ljubljana, 27. M\u00e4rz bis 1. April 2017Die Exkursion ist verpflichtend! Anmeldung \u00dcber TISS +<\/p>\n<div class=\"belowpost\"><a class=\"btnmore icon-arrow\" href=\"https:\/\/denkmalpflege.tuwien.ac.at\/index.php\/entw1\/\"><span>Read More<\/span><\/a><\/div>\n","protected":false},"author":1,"featured_media":0,"parent":0,"menu_order":0,"comment_status":"closed","ping_status":"closed","template":"","meta":{"footnotes":""},"class_list":["post-12038","page","type-page","status-publish","hentry"],"yoast_head":"<!-- This site is optimized with the Yoast SEO plugin v26.0 - https:\/\/yoast.com\/wordpress\/plugins\/seo\/ -->\n<title>entw1 - Denkmalpflege und Bauen im Bestand<\/title>\n<meta name=\"robots\" content=\"index, follow, max-snippet:-1, max-image-preview:large, max-video-preview:-1\" \/>\n<link rel=\"canonical\" href=\"https:\/\/denkmalpflege.tuwien.ac.at\/index.php\/entw1\/\" \/>\n<meta property=\"og:locale\" content=\"de_DE\" \/>\n<meta property=\"og:type\" content=\"article\" \/>\n<meta property=\"og:title\" content=\"entw1 - Denkmalpflege und Bauen im Bestand\" \/>\n<meta property=\"og:description\" content=\"LVA SS17 251.788 8,0 h (10,0 ECTS) LJUBLJANA \u2013 PLE\u010dNIK und seine Erben Master \u2013 Denkmalpflege und Entwurf: Strategien der Erhaltung Nott CAVIEZEL, Agnes LIEBSCH, Marusa ZOREC, Philipp HAUSLADEN Einf\u00fchrung Dienstag 7. M\u00e4rz 2017, 9:00-13:00 Uhr, SR 257 (Stiege 3, 2. Stock) Termine Dienstag, 9:00 -13;00 Uhr im SR 257 (Stiege 3, 2. OG) Exkursion nach Ljubljana, 27. M\u00e4rz bis 1. April 2017Die Exkursion ist verpflichtend! Anmeldung \u00dcber TISS +Read More\" \/>\n<meta property=\"og:url\" content=\"https:\/\/denkmalpflege.tuwien.ac.at\/index.php\/entw1\/\" \/>\n<meta property=\"og:site_name\" content=\"Denkmalpflege und Bauen im Bestand\" \/>\n<meta property=\"article:modified_time\" content=\"2023-10-22T10:29:59+00:00\" \/>\n<meta property=\"og:image\" content=\"http:\/\/denkmalpflege.tuwien.ac.at\/wp-content\/uploads\/2017\/02\/Entwerfen1.gif\" \/>\n<meta name=\"twitter:card\" content=\"summary_large_image\" \/>\n<meta name=\"twitter:label1\" content=\"Gesch\u00e4tzte Lesezeit\" \/>\n\t<meta name=\"twitter:data1\" content=\"2\u00a0Minuten\" \/>\n<script type=\"application\/ld+json\" class=\"yoast-schema-graph\">{\"@context\":\"https:\/\/schema.org\",\"@graph\":[{\"@type\":\"WebPage\",\"@id\":\"https:\/\/denkmalpflege.tuwien.ac.at\/index.php\/entw1\/\",\"url\":\"https:\/\/denkmalpflege.tuwien.ac.at\/index.php\/entw1\/\",\"name\":\"entw1 - Denkmalpflege und Bauen im Bestand\",\"isPartOf\":{\"@id\":\"https:\/\/denkmalpflege.tuwien.ac.at\/#website\"},\"primaryImageOfPage\":{\"@id\":\"https:\/\/denkmalpflege.tuwien.ac.at\/index.php\/entw1\/#primaryimage\"},\"image\":{\"@id\":\"https:\/\/denkmalpflege.tuwien.ac.at\/index.php\/entw1\/#primaryimage\"},\"thumbnailUrl\":\"http:\/\/denkmalpflege.tuwien.ac.at\/wp-content\/uploads\/2017\/02\/Entwerfen1.gif\",\"datePublished\":\"2017-02-13T18:00:25+00:00\",\"dateModified\":\"2023-10-22T10:29:59+00:00\",\"breadcrumb\":{\"@id\":\"https:\/\/denkmalpflege.tuwien.ac.at\/index.php\/entw1\/#breadcrumb\"},\"inLanguage\":\"de\",\"potentialAction\":[{\"@type\":\"ReadAction\",\"target\":[\"https:\/\/denkmalpflege.tuwien.ac.at\/index.php\/entw1\/\"]}]},{\"@type\":\"ImageObject\",\"inLanguage\":\"de\",\"@id\":\"https:\/\/denkmalpflege.tuwien.ac.at\/index.php\/entw1\/#primaryimage\",\"url\":\"\",\"contentUrl\":\"\"},{\"@type\":\"BreadcrumbList\",\"@id\":\"https:\/\/denkmalpflege.tuwien.ac.at\/index.php\/entw1\/#breadcrumb\",\"itemListElement\":[{\"@type\":\"ListItem\",\"position\":1,\"name\":\"Startseite\",\"item\":\"https:\/\/denkmalpflege.tuwien.ac.at\/\"},{\"@type\":\"ListItem\",\"position\":2,\"name\":\"entw1\"}]},{\"@type\":\"WebSite\",\"@id\":\"https:\/\/denkmalpflege.tuwien.ac.at\/#website\",\"url\":\"https:\/\/denkmalpflege.tuwien.ac.at\/\",\"name\":\"Denkmalpflege und Bauen im Bestand\",\"description\":\"Denkmalpflege TU Wien\",\"publisher\":{\"@id\":\"https:\/\/denkmalpflege.tuwien.ac.at\/#organization\"},\"potentialAction\":[{\"@type\":\"SearchAction\",\"target\":{\"@type\":\"EntryPoint\",\"urlTemplate\":\"https:\/\/denkmalpflege.tuwien.ac.at\/?s={search_term_string}\"},\"query-input\":{\"@type\":\"PropertyValueSpecification\",\"valueRequired\":true,\"valueName\":\"search_term_string\"}}],\"inLanguage\":\"de\"},{\"@type\":\"Organization\",\"@id\":\"https:\/\/denkmalpflege.tuwien.ac.at\/#organization\",\"name\":\"TU Wien Denkmalpflege und Bauen im Bestand\",\"url\":\"https:\/\/denkmalpflege.tuwien.ac.at\/\",\"logo\":{\"@type\":\"ImageObject\",\"inLanguage\":\"de\",\"@id\":\"https:\/\/denkmalpflege.tuwien.ac.at\/#\/schema\/logo\/image\/\",\"url\":\"https:\/\/denkmalpflege.tuwien.ac.at\/wp-content\/uploads\/2019\/10\/Logo1.png\",\"contentUrl\":\"https:\/\/denkmalpflege.tuwien.ac.at\/wp-content\/uploads\/2019\/10\/Logo1.png\",\"width\":222,\"height\":79,\"caption\":\"TU Wien Denkmalpflege und Bauen im Bestand\"},\"image\":{\"@id\":\"https:\/\/denkmalpflege.tuwien.ac.at\/#\/schema\/logo\/image\/\"}}]}<\/script>\n<!-- \/ Yoast SEO plugin. -->","yoast_head_json":{"title":"entw1 - Denkmalpflege und Bauen im Bestand","robots":{"index":"index","follow":"follow","max-snippet":"max-snippet:-1","max-image-preview":"max-image-preview:large","max-video-preview":"max-video-preview:-1"},"canonical":"https:\/\/denkmalpflege.tuwien.ac.at\/index.php\/entw1\/","og_locale":"de_DE","og_type":"article","og_title":"entw1 - Denkmalpflege und Bauen im Bestand","og_description":"LVA SS17 251.788 8,0 h (10,0 ECTS) LJUBLJANA \u2013 PLE\u010dNIK und seine Erben Master \u2013 Denkmalpflege und Entwurf: Strategien der Erhaltung Nott CAVIEZEL, Agnes LIEBSCH, Marusa ZOREC, Philipp HAUSLADEN Einf\u00fchrung Dienstag 7. M\u00e4rz 2017, 9:00-13:00 Uhr, SR 257 (Stiege 3, 2. Stock) Termine Dienstag, 9:00 -13;00 Uhr im SR 257 (Stiege 3, 2. OG) Exkursion nach Ljubljana, 27. M\u00e4rz bis 1. April 2017Die Exkursion ist verpflichtend! Anmeldung \u00dcber TISS +Read More","og_url":"https:\/\/denkmalpflege.tuwien.ac.at\/index.php\/entw1\/","og_site_name":"Denkmalpflege und Bauen im Bestand","article_modified_time":"2023-10-22T10:29:59+00:00","og_image":[{"url":"http:\/\/denkmalpflege.tuwien.ac.at\/wp-content\/uploads\/2017\/02\/Entwerfen1.gif","type":"","width":"","height":""}],"twitter_card":"summary_large_image","twitter_misc":{"Gesch\u00e4tzte Lesezeit":"2\u00a0Minuten"},"schema":{"@context":"https:\/\/schema.org","@graph":[{"@type":"WebPage","@id":"https:\/\/denkmalpflege.tuwien.ac.at\/index.php\/entw1\/","url":"https:\/\/denkmalpflege.tuwien.ac.at\/index.php\/entw1\/","name":"entw1 - Denkmalpflege und Bauen im Bestand","isPartOf":{"@id":"https:\/\/denkmalpflege.tuwien.ac.at\/#website"},"primaryImageOfPage":{"@id":"https:\/\/denkmalpflege.tuwien.ac.at\/index.php\/entw1\/#primaryimage"},"image":{"@id":"https:\/\/denkmalpflege.tuwien.ac.at\/index.php\/entw1\/#primaryimage"},"thumbnailUrl":"http:\/\/denkmalpflege.tuwien.ac.at\/wp-content\/uploads\/2017\/02\/Entwerfen1.gif","datePublished":"2017-02-13T18:00:25+00:00","dateModified":"2023-10-22T10:29:59+00:00","breadcrumb":{"@id":"https:\/\/denkmalpflege.tuwien.ac.at\/index.php\/entw1\/#breadcrumb"},"inLanguage":"de","potentialAction":[{"@type":"ReadAction","target":["https:\/\/denkmalpflege.tuwien.ac.at\/index.php\/entw1\/"]}]},{"@type":"ImageObject","inLanguage":"de","@id":"https:\/\/denkmalpflege.tuwien.ac.at\/index.php\/entw1\/#primaryimage","url":"","contentUrl":""},{"@type":"BreadcrumbList","@id":"https:\/\/denkmalpflege.tuwien.ac.at\/index.php\/entw1\/#breadcrumb","itemListElement":[{"@type":"ListItem","position":1,"name":"Startseite","item":"https:\/\/denkmalpflege.tuwien.ac.at\/"},{"@type":"ListItem","position":2,"name":"entw1"}]},{"@type":"WebSite","@id":"https:\/\/denkmalpflege.tuwien.ac.at\/#website","url":"https:\/\/denkmalpflege.tuwien.ac.at\/","name":"Denkmalpflege und Bauen im Bestand","description":"Denkmalpflege TU Wien","publisher":{"@id":"https:\/\/denkmalpflege.tuwien.ac.at\/#organization"},"potentialAction":[{"@type":"SearchAction","target":{"@type":"EntryPoint","urlTemplate":"https:\/\/denkmalpflege.tuwien.ac.at\/?s={search_term_string}"},"query-input":{"@type":"PropertyValueSpecification","valueRequired":true,"valueName":"search_term_string"}}],"inLanguage":"de"},{"@type":"Organization","@id":"https:\/\/denkmalpflege.tuwien.ac.at\/#organization","name":"TU Wien Denkmalpflege und Bauen im Bestand","url":"https:\/\/denkmalpflege.tuwien.ac.at\/","logo":{"@type":"ImageObject","inLanguage":"de","@id":"https:\/\/denkmalpflege.tuwien.ac.at\/#\/schema\/logo\/image\/","url":"https:\/\/denkmalpflege.tuwien.ac.at\/wp-content\/uploads\/2019\/10\/Logo1.png","contentUrl":"https:\/\/denkmalpflege.tuwien.ac.at\/wp-content\/uploads\/2019\/10\/Logo1.png","width":222,"height":79,"caption":"TU Wien Denkmalpflege und Bauen im Bestand"},"image":{"@id":"https:\/\/denkmalpflege.tuwien.ac.at\/#\/schema\/logo\/image\/"}}]}},"_links":{"self":[{"href":"https:\/\/denkmalpflege.tuwien.ac.at\/index.php\/wp-json\/wp\/v2\/pages\/12038","targetHints":{"allow":["GET"]}}],"collection":[{"href":"https:\/\/denkmalpflege.tuwien.ac.at\/index.php\/wp-json\/wp\/v2\/pages"}],"about":[{"href":"https:\/\/denkmalpflege.tuwien.ac.at\/index.php\/wp-json\/wp\/v2\/types\/page"}],"author":[{"embeddable":true,"href":"https:\/\/denkmalpflege.tuwien.ac.at\/index.php\/wp-json\/wp\/v2\/users\/1"}],"replies":[{"embeddable":true,"href":"https:\/\/denkmalpflege.tuwien.ac.at\/index.php\/wp-json\/wp\/v2\/comments?post=12038"}],"version-history":[{"count":20,"href":"https:\/\/denkmalpflege.tuwien.ac.at\/index.php\/wp-json\/wp\/v2\/pages\/12038\/revisions"}],"predecessor-version":[{"id":27822,"href":"https:\/\/denkmalpflege.tuwien.ac.at\/index.php\/wp-json\/wp\/v2\/pages\/12038\/revisions\/27822"}],"wp:attachment":[{"href":"https:\/\/denkmalpflege.tuwien.ac.at\/index.php\/wp-json\/wp\/v2\/media?parent=12038"}],"curies":[{"name":"wp","href":"https:\/\/api.w.org\/{rel}","templated":true}]}}