{"id":11921,"date":"2017-01-23T11:32:33","date_gmt":"2017-01-23T10:32:33","guid":{"rendered":"http:\/\/denkmalpflege.tuwien.ac.at\/?page_id=11921"},"modified":"2017-01-23T11:36:50","modified_gmt":"2017-01-23T10:36:50","slug":"reiterer","status":"publish","type":"page","link":"https:\/\/denkmalpflege.tuwien.ac.at\/index.php\/reiterer\/","title":{"rendered":"reiterer"},"content":{"rendered":"<div class='mitarbeiter'>\n<div class='grey'>\n<img decoding=\"async\" src=\"http:\/\/denkmalpflege.tuwien.ac.at\/wp-content\/uploads\/2017\/01\/klein.gif\" alt=\"reiterer\" title=\"reiterer\" width=\"130\" height=\"113\" class=\"alignnone size-full wp-image-165\" \/> <a href='diplomanden-prof-stadler' class='right_link'>&lt; Alle Arbeiten<\/a><br \/>\n<b>Revitalisierung der Oliven\u00f6lpresse auf der Insel Tsougria.<\/b><br \/>\n<strong>2016 Nina Reiterer<\/strong> <\/p>\n<div class='breakline'><\/div>\n<\/div>\n<div class='greyfield'>\n<p>Skiathos ist eine der griechischen Inseln, die zu den n\u00f6rdlichen Sporaden geh\u00f6rt. Sie ist eine der s\u00fc\u00dfwasserreichsten und nat\u00fcrlich bewachsensten Inseln der \u00c4g\u00e4is. 3 nautische Seemeilen von Skiathos Stadt entfernt befindet sich die kleine unbewohnte Insel Tsougria. Diese zieht in den Sommermonaten mit ihrem t\u00fcrkisblauem Wasser, dem hellen Kiesstrand und der lebendigen Vegetation t\u00e4glich Touristen an.<br \/>\nKommt man in Tsougria am Strand Lalaria an, kann man ein Ziegeldach hinter der Vegetation hervorblitzen sehen. Einige Wege gibt es, die an den Geb\u00fcschen  vorbei, vom Strand ins Hinterland f\u00fchren. Blickt man den sandigen Weg zwischen T\u00fcmpel und Gr\u00fcnlandschaft entlang, hat man einen direkten Blick zum Eingang einer Oliven\u00f6lpresse.<br \/>\nDie Gr\u00f6\u00dfe der Oliven\u00f6lpresse ist sehr \u00fcberschaubar, denn sie weist eine Grundfl\u00e4che von etwa 440m2 auf. Die R\u00e4ume der \u00d6lm\u00fchle kann man in Wohnr\u00e4ume, Maschinenr\u00e4ume und Produktionsr\u00e4ume gliedern. Im Maschinenraum findet man eine Dampfmaschine und einen Motor der mit Treibstoff betrieben wurde. Eine Transmissionswelle verbindet Maschinenraum mit einem Produktionsraum, wo der Kollergang angetrieben wurde. Eine handbetriebene Spindelpresse und Legerr\u00e4ume f\u00fcr Oliven sowie f\u00fcr das fertige Oliven\u00f6l sind noch erhalten.<br \/>\nDie \u00d6lpresse wird von den meisten Touristen nicht erkannt oder ignoriert. Hauptattraktion der Insel ist eine Kapelle, von der man eine wundervolle Aussicht genie\u00dfen kann. Weiters befinden sich in der Umgebung noch ein Arbeiterwohnhaus und zwei Ruinen von Wohnh\u00e4usern.<br \/>\nZiel ist dieser Arbeit ist es die Bucht f\u00fcr Touristen wieder attraktiver zu gestalten. Der historische und der kulturelle Wert der Fabrik sollten durch eine Revitalisierung wieder sichtbar werden. Die Vegetation der Insel und die Gegebenheiten der Umgebung sollten dabei gesch\u00e4tzt, genutzt und weiterverarbeitet werden.<\/p>\n<div class='breakline'><\/div>\n<\/div>\n<p><span><\/span><br \/>\n<img decoding=\"async\" src=\"http:\/\/denkmalpflege.tuwien.ac.at\/wp-content\/uploads\/2017\/01\/gro\u00df.gif\" width=\"960\" height=\"\"  alt=\"\" \/><br \/>\n<span><\/span><br \/>\n<img decoding=\"async\" src=\"http:\/\/denkmalpflege.tuwien.ac.at\/wp-content\/uploads\/2017\/01\/gro\u00df2.gif\" width=\"960\" height=\"\"  alt=\"\" \/><\/p>\n<div class='breakline'><\/div>\n<\/div>\n<\/div>\n","protected":false},"excerpt":{"rendered":"<p>&lt; Alle Arbeiten Revitalisierung der Oliven\u00f6lpresse auf der Insel Tsougria. 2016 Nina Reiterer Skiathos ist eine der griechischen Inseln, die zu den n\u00f6rdlichen Sporaden geh\u00f6rt. Sie ist eine der s\u00fc\u00dfwasserreichsten und nat\u00fcrlich bewachsensten Inseln der \u00c4g\u00e4is. 3 nautische Seemeilen von Skiathos Stadt entfernt befindet sich die kleine unbewohnte Insel Tsougria. Diese zieht in den Sommermonaten mit ihrem t\u00fcrkisblauem Wasser, dem hellen Kiesstrand und der lebendigen Vegetation t\u00e4glich Touristen an. Kommt<\/p>\n<div class=\"belowpost\"><a class=\"btnmore icon-arrow\" href=\"https:\/\/denkmalpflege.tuwien.ac.at\/index.php\/reiterer\/\"><span>Read More<\/span><\/a><\/div>\n","protected":false},"author":1,"featured_media":0,"parent":0,"menu_order":0,"comment_status":"closed","ping_status":"closed","template":"","meta":{"footnotes":""},"class_list":["post-11921","page","type-page","status-publish","hentry"],"yoast_head":"<!-- This site is optimized with the Yoast SEO plugin v26.0 - https:\/\/yoast.com\/wordpress\/plugins\/seo\/ -->\n<title>reiterer - Denkmalpflege und Bauen im Bestand<\/title>\n<meta name=\"robots\" content=\"index, follow, max-snippet:-1, max-image-preview:large, max-video-preview:-1\" \/>\n<link rel=\"canonical\" href=\"https:\/\/denkmalpflege.tuwien.ac.at\/index.php\/reiterer\/\" \/>\n<meta property=\"og:locale\" content=\"de_DE\" \/>\n<meta property=\"og:type\" content=\"article\" \/>\n<meta property=\"og:title\" content=\"reiterer - Denkmalpflege und Bauen im Bestand\" \/>\n<meta property=\"og:description\" content=\"&lt; Alle Arbeiten Revitalisierung der Oliven\u00f6lpresse auf der Insel Tsougria. 2016 Nina Reiterer Skiathos ist eine der griechischen Inseln, die zu den n\u00f6rdlichen Sporaden geh\u00f6rt. Sie ist eine der s\u00fc\u00dfwasserreichsten und nat\u00fcrlich bewachsensten Inseln der \u00c4g\u00e4is. 3 nautische Seemeilen von Skiathos Stadt entfernt befindet sich die kleine unbewohnte Insel Tsougria. Diese zieht in den Sommermonaten mit ihrem t\u00fcrkisblauem Wasser, dem hellen Kiesstrand und der lebendigen Vegetation t\u00e4glich Touristen an. KommtRead More\" \/>\n<meta property=\"og:url\" content=\"https:\/\/denkmalpflege.tuwien.ac.at\/index.php\/reiterer\/\" \/>\n<meta property=\"og:site_name\" content=\"Denkmalpflege und Bauen im Bestand\" \/>\n<meta property=\"article:modified_time\" content=\"2017-01-23T10:36:50+00:00\" \/>\n<meta name=\"twitter:card\" content=\"summary_large_image\" \/>\n<meta name=\"twitter:label1\" content=\"Gesch\u00e4tzte Lesezeit\" \/>\n\t<meta name=\"twitter:data1\" content=\"1\u00a0Minute\" \/>\n<script type=\"application\/ld+json\" class=\"yoast-schema-graph\">{\"@context\":\"https:\/\/schema.org\",\"@graph\":[{\"@type\":\"WebPage\",\"@id\":\"https:\/\/denkmalpflege.tuwien.ac.at\/index.php\/reiterer\/\",\"url\":\"https:\/\/denkmalpflege.tuwien.ac.at\/index.php\/reiterer\/\",\"name\":\"reiterer - Denkmalpflege und Bauen im Bestand\",\"isPartOf\":{\"@id\":\"https:\/\/denkmalpflege.tuwien.ac.at\/#website\"},\"primaryImageOfPage\":{\"@id\":\"https:\/\/denkmalpflege.tuwien.ac.at\/index.php\/reiterer\/#primaryimage\"},\"image\":{\"@id\":\"https:\/\/denkmalpflege.tuwien.ac.at\/index.php\/reiterer\/#primaryimage\"},\"thumbnailUrl\":\"http:\/\/denkmalpflege.tuwien.ac.at\/wp-content\/uploads\/2017\/01\/klein.gif\",\"datePublished\":\"2017-01-23T10:32:33+00:00\",\"dateModified\":\"2017-01-23T10:36:50+00:00\",\"breadcrumb\":{\"@id\":\"https:\/\/denkmalpflege.tuwien.ac.at\/index.php\/reiterer\/#breadcrumb\"},\"inLanguage\":\"de\",\"potentialAction\":[{\"@type\":\"ReadAction\",\"target\":[\"https:\/\/denkmalpflege.tuwien.ac.at\/index.php\/reiterer\/\"]}]},{\"@type\":\"ImageObject\",\"inLanguage\":\"de\",\"@id\":\"https:\/\/denkmalpflege.tuwien.ac.at\/index.php\/reiterer\/#primaryimage\",\"url\":\"\",\"contentUrl\":\"\"},{\"@type\":\"BreadcrumbList\",\"@id\":\"https:\/\/denkmalpflege.tuwien.ac.at\/index.php\/reiterer\/#breadcrumb\",\"itemListElement\":[{\"@type\":\"ListItem\",\"position\":1,\"name\":\"Startseite\",\"item\":\"https:\/\/denkmalpflege.tuwien.ac.at\/\"},{\"@type\":\"ListItem\",\"position\":2,\"name\":\"reiterer\"}]},{\"@type\":\"WebSite\",\"@id\":\"https:\/\/denkmalpflege.tuwien.ac.at\/#website\",\"url\":\"https:\/\/denkmalpflege.tuwien.ac.at\/\",\"name\":\"Denkmalpflege und Bauen im Bestand\",\"description\":\"Denkmalpflege TU Wien\",\"publisher\":{\"@id\":\"https:\/\/denkmalpflege.tuwien.ac.at\/#organization\"},\"potentialAction\":[{\"@type\":\"SearchAction\",\"target\":{\"@type\":\"EntryPoint\",\"urlTemplate\":\"https:\/\/denkmalpflege.tuwien.ac.at\/?s={search_term_string}\"},\"query-input\":{\"@type\":\"PropertyValueSpecification\",\"valueRequired\":true,\"valueName\":\"search_term_string\"}}],\"inLanguage\":\"de\"},{\"@type\":\"Organization\",\"@id\":\"https:\/\/denkmalpflege.tuwien.ac.at\/#organization\",\"name\":\"TU Wien Denkmalpflege und Bauen im Bestand\",\"url\":\"https:\/\/denkmalpflege.tuwien.ac.at\/\",\"logo\":{\"@type\":\"ImageObject\",\"inLanguage\":\"de\",\"@id\":\"https:\/\/denkmalpflege.tuwien.ac.at\/#\/schema\/logo\/image\/\",\"url\":\"https:\/\/denkmalpflege.tuwien.ac.at\/wp-content\/uploads\/2019\/10\/Logo1.png\",\"contentUrl\":\"https:\/\/denkmalpflege.tuwien.ac.at\/wp-content\/uploads\/2019\/10\/Logo1.png\",\"width\":222,\"height\":79,\"caption\":\"TU Wien Denkmalpflege und Bauen im Bestand\"},\"image\":{\"@id\":\"https:\/\/denkmalpflege.tuwien.ac.at\/#\/schema\/logo\/image\/\"}}]}<\/script>\n<!-- \/ Yoast SEO plugin. -->","yoast_head_json":{"title":"reiterer - Denkmalpflege und Bauen im Bestand","robots":{"index":"index","follow":"follow","max-snippet":"max-snippet:-1","max-image-preview":"max-image-preview:large","max-video-preview":"max-video-preview:-1"},"canonical":"https:\/\/denkmalpflege.tuwien.ac.at\/index.php\/reiterer\/","og_locale":"de_DE","og_type":"article","og_title":"reiterer - Denkmalpflege und Bauen im Bestand","og_description":"&lt; Alle Arbeiten Revitalisierung der Oliven\u00f6lpresse auf der Insel Tsougria. 2016 Nina Reiterer Skiathos ist eine der griechischen Inseln, die zu den n\u00f6rdlichen Sporaden geh\u00f6rt. Sie ist eine der s\u00fc\u00dfwasserreichsten und nat\u00fcrlich bewachsensten Inseln der \u00c4g\u00e4is. 3 nautische Seemeilen von Skiathos Stadt entfernt befindet sich die kleine unbewohnte Insel Tsougria. Diese zieht in den Sommermonaten mit ihrem t\u00fcrkisblauem Wasser, dem hellen Kiesstrand und der lebendigen Vegetation t\u00e4glich Touristen an. KommtRead More","og_url":"https:\/\/denkmalpflege.tuwien.ac.at\/index.php\/reiterer\/","og_site_name":"Denkmalpflege und Bauen im Bestand","article_modified_time":"2017-01-23T10:36:50+00:00","twitter_card":"summary_large_image","twitter_misc":{"Gesch\u00e4tzte Lesezeit":"1\u00a0Minute"},"schema":{"@context":"https:\/\/schema.org","@graph":[{"@type":"WebPage","@id":"https:\/\/denkmalpflege.tuwien.ac.at\/index.php\/reiterer\/","url":"https:\/\/denkmalpflege.tuwien.ac.at\/index.php\/reiterer\/","name":"reiterer - Denkmalpflege und Bauen im Bestand","isPartOf":{"@id":"https:\/\/denkmalpflege.tuwien.ac.at\/#website"},"primaryImageOfPage":{"@id":"https:\/\/denkmalpflege.tuwien.ac.at\/index.php\/reiterer\/#primaryimage"},"image":{"@id":"https:\/\/denkmalpflege.tuwien.ac.at\/index.php\/reiterer\/#primaryimage"},"thumbnailUrl":"http:\/\/denkmalpflege.tuwien.ac.at\/wp-content\/uploads\/2017\/01\/klein.gif","datePublished":"2017-01-23T10:32:33+00:00","dateModified":"2017-01-23T10:36:50+00:00","breadcrumb":{"@id":"https:\/\/denkmalpflege.tuwien.ac.at\/index.php\/reiterer\/#breadcrumb"},"inLanguage":"de","potentialAction":[{"@type":"ReadAction","target":["https:\/\/denkmalpflege.tuwien.ac.at\/index.php\/reiterer\/"]}]},{"@type":"ImageObject","inLanguage":"de","@id":"https:\/\/denkmalpflege.tuwien.ac.at\/index.php\/reiterer\/#primaryimage","url":"","contentUrl":""},{"@type":"BreadcrumbList","@id":"https:\/\/denkmalpflege.tuwien.ac.at\/index.php\/reiterer\/#breadcrumb","itemListElement":[{"@type":"ListItem","position":1,"name":"Startseite","item":"https:\/\/denkmalpflege.tuwien.ac.at\/"},{"@type":"ListItem","position":2,"name":"reiterer"}]},{"@type":"WebSite","@id":"https:\/\/denkmalpflege.tuwien.ac.at\/#website","url":"https:\/\/denkmalpflege.tuwien.ac.at\/","name":"Denkmalpflege und Bauen im Bestand","description":"Denkmalpflege TU Wien","publisher":{"@id":"https:\/\/denkmalpflege.tuwien.ac.at\/#organization"},"potentialAction":[{"@type":"SearchAction","target":{"@type":"EntryPoint","urlTemplate":"https:\/\/denkmalpflege.tuwien.ac.at\/?s={search_term_string}"},"query-input":{"@type":"PropertyValueSpecification","valueRequired":true,"valueName":"search_term_string"}}],"inLanguage":"de"},{"@type":"Organization","@id":"https:\/\/denkmalpflege.tuwien.ac.at\/#organization","name":"TU Wien Denkmalpflege und Bauen im Bestand","url":"https:\/\/denkmalpflege.tuwien.ac.at\/","logo":{"@type":"ImageObject","inLanguage":"de","@id":"https:\/\/denkmalpflege.tuwien.ac.at\/#\/schema\/logo\/image\/","url":"https:\/\/denkmalpflege.tuwien.ac.at\/wp-content\/uploads\/2019\/10\/Logo1.png","contentUrl":"https:\/\/denkmalpflege.tuwien.ac.at\/wp-content\/uploads\/2019\/10\/Logo1.png","width":222,"height":79,"caption":"TU Wien Denkmalpflege und Bauen im Bestand"},"image":{"@id":"https:\/\/denkmalpflege.tuwien.ac.at\/#\/schema\/logo\/image\/"}}]}},"_links":{"self":[{"href":"https:\/\/denkmalpflege.tuwien.ac.at\/index.php\/wp-json\/wp\/v2\/pages\/11921","targetHints":{"allow":["GET"]}}],"collection":[{"href":"https:\/\/denkmalpflege.tuwien.ac.at\/index.php\/wp-json\/wp\/v2\/pages"}],"about":[{"href":"https:\/\/denkmalpflege.tuwien.ac.at\/index.php\/wp-json\/wp\/v2\/types\/page"}],"author":[{"embeddable":true,"href":"https:\/\/denkmalpflege.tuwien.ac.at\/index.php\/wp-json\/wp\/v2\/users\/1"}],"replies":[{"embeddable":true,"href":"https:\/\/denkmalpflege.tuwien.ac.at\/index.php\/wp-json\/wp\/v2\/comments?post=11921"}],"version-history":[{"count":2,"href":"https:\/\/denkmalpflege.tuwien.ac.at\/index.php\/wp-json\/wp\/v2\/pages\/11921\/revisions"}],"predecessor-version":[{"id":11927,"href":"https:\/\/denkmalpflege.tuwien.ac.at\/index.php\/wp-json\/wp\/v2\/pages\/11921\/revisions\/11927"}],"wp:attachment":[{"href":"https:\/\/denkmalpflege.tuwien.ac.at\/index.php\/wp-json\/wp\/v2\/media?parent=11921"}],"curies":[{"name":"wp","href":"https:\/\/api.w.org\/{rel}","templated":true}]}}