{"id":11792,"date":"2017-01-17T11:14:44","date_gmt":"2017-01-17T10:14:44","guid":{"rendered":"http:\/\/denkmalpflege.tuwien.ac.at\/?page_id=11792"},"modified":"2017-01-23T11:36:45","modified_gmt":"2017-01-23T10:36:45","slug":"mago","status":"publish","type":"page","link":"https:\/\/denkmalpflege.tuwien.ac.at\/index.php\/mago\/","title":{"rendered":"mago"},"content":{"rendered":"<div class='mitarbeiter'>\n<div class='grey'>\n<img decoding=\"async\" src=\"http:\/\/denkmalpflege.tuwien.ac.at\/wp-content\/uploads\/2017\/01\/1klein.gif\" alt=\"mago\" title=\"mago\" width=\"130\" height=\"113\" class=\"alignnone size-full wp-image-165\" \/> <a href='diplomanden-prof-stadler' class='right_link'>&lt; Alle Arbeiten<\/a><br \/>\n<b>Klagenfurt \u2013 Etablierung eines nachhaltigen Wohnnutzungskonzept zur Erhaltung des industriellen Erbes.<\/b><br \/>\n<strong>2016 Martin Paul Magometschnigg<\/strong> <\/p>\n<div class='breakline'><\/div>\n<\/div>\n<div class='greyfield'>\n<p>Klagenfurt 1728, unter Karl VI der vor allem dem Ausbau der Stra\u00dfe \u00fcber den Loibl forcierte, begann die Industrialisierung der Stadt. Der Montan sowie Industrieadel nahm die Stelle des Grundbesitzadels ein. Somit entstanden im umliegenden Stadtgebietes verschieden Fertigungsh\u00e4user die eine Vorreiterrolle in der Monarchie innehatten. 1759 gr\u00fcndete Michael Ritter von Herbert die erste Bleiwei\u00dffabrik von \u00d6sterreich, Abriss 1965. 1762 entsandte Kaiserin Maria Theresia den Niederl\u00e4nder Jan Thys nach Klagenfurt um hier die erste Feintuchfabrik in \u00d6sterreich zu errichten, Abriss 2010. 1788 erwarbt die Familie Morro das von Joseph II aufgelassene Zisterzienserkloster und baute dieses zur Feintuchfabrik um, Umnutzung zum Schulgeb\u00e4ude 1976. 1865 wird die Sigmund Fischl und Co. Spirituosenfabrik gegr\u00fcndet, sp\u00e4ter auch bekannt als Mautner Markhof Spirituosenfabrik, Abriss 2013.<br \/>\nWie man in den Daten entnehmen kann fielen viele erhaltenswerten Bauten in den letzten Jahren der Abrissbirne zum opfer. Ein Ende der Zerst\u00f6rung und somit Vernichtung der industriellen Kultur Klagenfurts ist nicht in Aussicht. Aus diesem Grunde heraus besch\u00e4ftigt sich diese Arbeit mit einer nachhaltigen Umnutzung des industriellen Bestandes in Klagenfurt. Ziel ist es die Vorteile zum Erhalt der Bauten in Hinblick auf Bebauungsdichte zum Neubau, Sanierungskosten zum Neubau, sowie m\u00f6gliche Mehrwerte aufzuz\u00e4hlen und darzustellen. Mit Hilfe der vorangegangenen Analyse sollte sich somit ein reales umsetzungsf\u00e4higes Projekt entwickeln, welches den historischen Bestand schonen soll, dennoch eine qualitativ hochwertige Wohnbauarchitektur den Bewohnern bieten soll.<\/p>\n<div class='breakline'><\/div>\n<\/div>\n<p><span><\/span><br \/>\n<img decoding=\"async\" src=\"http:\/\/denkmalpflege.tuwien.ac.at\/wp-content\/uploads\/2017\/01\/gro-.gif\" width=\"960\" height=\"\"  alt=\"\" \/><\/p>\n<div class='breakline'><\/div>\n<\/div>\n<\/div>\n","protected":false},"excerpt":{"rendered":"<p>&lt; Alle Arbeiten Klagenfurt \u2013 Etablierung eines nachhaltigen Wohnnutzungskonzept zur Erhaltung des industriellen Erbes. 2016 Martin Paul Magometschnigg Klagenfurt 1728, unter Karl VI der vor allem dem Ausbau der Stra\u00dfe \u00fcber den Loibl forcierte, begann die Industrialisierung der Stadt. Der Montan sowie Industrieadel nahm die Stelle des Grundbesitzadels ein. Somit entstanden im umliegenden Stadtgebietes verschieden Fertigungsh\u00e4user die eine Vorreiterrolle in der Monarchie innehatten. 1759 gr\u00fcndete Michael Ritter von Herbert die<\/p>\n<div class=\"belowpost\"><a class=\"btnmore icon-arrow\" href=\"https:\/\/denkmalpflege.tuwien.ac.at\/index.php\/mago\/\"><span>Read More<\/span><\/a><\/div>\n","protected":false},"author":1,"featured_media":0,"parent":0,"menu_order":0,"comment_status":"closed","ping_status":"closed","template":"","meta":{"footnotes":""},"class_list":["post-11792","page","type-page","status-publish","hentry"],"yoast_head":"<!-- This site is optimized with the Yoast SEO plugin v26.0 - https:\/\/yoast.com\/wordpress\/plugins\/seo\/ -->\n<title>mago - Denkmalpflege und Bauen im Bestand<\/title>\n<meta name=\"robots\" content=\"index, follow, max-snippet:-1, max-image-preview:large, max-video-preview:-1\" \/>\n<link rel=\"canonical\" href=\"https:\/\/denkmalpflege.tuwien.ac.at\/index.php\/mago\/\" \/>\n<meta property=\"og:locale\" content=\"de_DE\" \/>\n<meta property=\"og:type\" content=\"article\" \/>\n<meta property=\"og:title\" content=\"mago - Denkmalpflege und Bauen im Bestand\" \/>\n<meta property=\"og:description\" content=\"&lt; Alle Arbeiten Klagenfurt \u2013 Etablierung eines nachhaltigen Wohnnutzungskonzept zur Erhaltung des industriellen Erbes. 2016 Martin Paul Magometschnigg Klagenfurt 1728, unter Karl VI der vor allem dem Ausbau der Stra\u00dfe \u00fcber den Loibl forcierte, begann die Industrialisierung der Stadt. Der Montan sowie Industrieadel nahm die Stelle des Grundbesitzadels ein. Somit entstanden im umliegenden Stadtgebietes verschieden Fertigungsh\u00e4user die eine Vorreiterrolle in der Monarchie innehatten. 1759 gr\u00fcndete Michael Ritter von Herbert dieRead More\" \/>\n<meta property=\"og:url\" content=\"https:\/\/denkmalpflege.tuwien.ac.at\/index.php\/mago\/\" \/>\n<meta property=\"og:site_name\" content=\"Denkmalpflege und Bauen im Bestand\" \/>\n<meta property=\"article:modified_time\" content=\"2017-01-23T10:36:45+00:00\" \/>\n<meta name=\"twitter:card\" content=\"summary_large_image\" \/>\n<meta name=\"twitter:label1\" content=\"Gesch\u00e4tzte Lesezeit\" \/>\n\t<meta name=\"twitter:data1\" content=\"1\u00a0Minute\" \/>\n<script type=\"application\/ld+json\" class=\"yoast-schema-graph\">{\"@context\":\"https:\/\/schema.org\",\"@graph\":[{\"@type\":\"WebPage\",\"@id\":\"https:\/\/denkmalpflege.tuwien.ac.at\/index.php\/mago\/\",\"url\":\"https:\/\/denkmalpflege.tuwien.ac.at\/index.php\/mago\/\",\"name\":\"mago - Denkmalpflege und Bauen im Bestand\",\"isPartOf\":{\"@id\":\"https:\/\/denkmalpflege.tuwien.ac.at\/#website\"},\"primaryImageOfPage\":{\"@id\":\"https:\/\/denkmalpflege.tuwien.ac.at\/index.php\/mago\/#primaryimage\"},\"image\":{\"@id\":\"https:\/\/denkmalpflege.tuwien.ac.at\/index.php\/mago\/#primaryimage\"},\"thumbnailUrl\":\"http:\/\/denkmalpflege.tuwien.ac.at\/wp-content\/uploads\/2017\/01\/1klein.gif\",\"datePublished\":\"2017-01-17T10:14:44+00:00\",\"dateModified\":\"2017-01-23T10:36:45+00:00\",\"breadcrumb\":{\"@id\":\"https:\/\/denkmalpflege.tuwien.ac.at\/index.php\/mago\/#breadcrumb\"},\"inLanguage\":\"de\",\"potentialAction\":[{\"@type\":\"ReadAction\",\"target\":[\"https:\/\/denkmalpflege.tuwien.ac.at\/index.php\/mago\/\"]}]},{\"@type\":\"ImageObject\",\"inLanguage\":\"de\",\"@id\":\"https:\/\/denkmalpflege.tuwien.ac.at\/index.php\/mago\/#primaryimage\",\"url\":\"\",\"contentUrl\":\"\"},{\"@type\":\"BreadcrumbList\",\"@id\":\"https:\/\/denkmalpflege.tuwien.ac.at\/index.php\/mago\/#breadcrumb\",\"itemListElement\":[{\"@type\":\"ListItem\",\"position\":1,\"name\":\"Startseite\",\"item\":\"https:\/\/denkmalpflege.tuwien.ac.at\/\"},{\"@type\":\"ListItem\",\"position\":2,\"name\":\"mago\"}]},{\"@type\":\"WebSite\",\"@id\":\"https:\/\/denkmalpflege.tuwien.ac.at\/#website\",\"url\":\"https:\/\/denkmalpflege.tuwien.ac.at\/\",\"name\":\"Denkmalpflege und Bauen im Bestand\",\"description\":\"Denkmalpflege TU Wien\",\"publisher\":{\"@id\":\"https:\/\/denkmalpflege.tuwien.ac.at\/#organization\"},\"potentialAction\":[{\"@type\":\"SearchAction\",\"target\":{\"@type\":\"EntryPoint\",\"urlTemplate\":\"https:\/\/denkmalpflege.tuwien.ac.at\/?s={search_term_string}\"},\"query-input\":{\"@type\":\"PropertyValueSpecification\",\"valueRequired\":true,\"valueName\":\"search_term_string\"}}],\"inLanguage\":\"de\"},{\"@type\":\"Organization\",\"@id\":\"https:\/\/denkmalpflege.tuwien.ac.at\/#organization\",\"name\":\"TU Wien Denkmalpflege und Bauen im Bestand\",\"url\":\"https:\/\/denkmalpflege.tuwien.ac.at\/\",\"logo\":{\"@type\":\"ImageObject\",\"inLanguage\":\"de\",\"@id\":\"https:\/\/denkmalpflege.tuwien.ac.at\/#\/schema\/logo\/image\/\",\"url\":\"https:\/\/denkmalpflege.tuwien.ac.at\/wp-content\/uploads\/2019\/10\/Logo1.png\",\"contentUrl\":\"https:\/\/denkmalpflege.tuwien.ac.at\/wp-content\/uploads\/2019\/10\/Logo1.png\",\"width\":222,\"height\":79,\"caption\":\"TU Wien Denkmalpflege und Bauen im Bestand\"},\"image\":{\"@id\":\"https:\/\/denkmalpflege.tuwien.ac.at\/#\/schema\/logo\/image\/\"}}]}<\/script>\n<!-- \/ Yoast SEO plugin. -->","yoast_head_json":{"title":"mago - Denkmalpflege und Bauen im Bestand","robots":{"index":"index","follow":"follow","max-snippet":"max-snippet:-1","max-image-preview":"max-image-preview:large","max-video-preview":"max-video-preview:-1"},"canonical":"https:\/\/denkmalpflege.tuwien.ac.at\/index.php\/mago\/","og_locale":"de_DE","og_type":"article","og_title":"mago - Denkmalpflege und Bauen im Bestand","og_description":"&lt; Alle Arbeiten Klagenfurt \u2013 Etablierung eines nachhaltigen Wohnnutzungskonzept zur Erhaltung des industriellen Erbes. 2016 Martin Paul Magometschnigg Klagenfurt 1728, unter Karl VI der vor allem dem Ausbau der Stra\u00dfe \u00fcber den Loibl forcierte, begann die Industrialisierung der Stadt. Der Montan sowie Industrieadel nahm die Stelle des Grundbesitzadels ein. Somit entstanden im umliegenden Stadtgebietes verschieden Fertigungsh\u00e4user die eine Vorreiterrolle in der Monarchie innehatten. 1759 gr\u00fcndete Michael Ritter von Herbert dieRead More","og_url":"https:\/\/denkmalpflege.tuwien.ac.at\/index.php\/mago\/","og_site_name":"Denkmalpflege und Bauen im Bestand","article_modified_time":"2017-01-23T10:36:45+00:00","twitter_card":"summary_large_image","twitter_misc":{"Gesch\u00e4tzte Lesezeit":"1\u00a0Minute"},"schema":{"@context":"https:\/\/schema.org","@graph":[{"@type":"WebPage","@id":"https:\/\/denkmalpflege.tuwien.ac.at\/index.php\/mago\/","url":"https:\/\/denkmalpflege.tuwien.ac.at\/index.php\/mago\/","name":"mago - Denkmalpflege und Bauen im Bestand","isPartOf":{"@id":"https:\/\/denkmalpflege.tuwien.ac.at\/#website"},"primaryImageOfPage":{"@id":"https:\/\/denkmalpflege.tuwien.ac.at\/index.php\/mago\/#primaryimage"},"image":{"@id":"https:\/\/denkmalpflege.tuwien.ac.at\/index.php\/mago\/#primaryimage"},"thumbnailUrl":"http:\/\/denkmalpflege.tuwien.ac.at\/wp-content\/uploads\/2017\/01\/1klein.gif","datePublished":"2017-01-17T10:14:44+00:00","dateModified":"2017-01-23T10:36:45+00:00","breadcrumb":{"@id":"https:\/\/denkmalpflege.tuwien.ac.at\/index.php\/mago\/#breadcrumb"},"inLanguage":"de","potentialAction":[{"@type":"ReadAction","target":["https:\/\/denkmalpflege.tuwien.ac.at\/index.php\/mago\/"]}]},{"@type":"ImageObject","inLanguage":"de","@id":"https:\/\/denkmalpflege.tuwien.ac.at\/index.php\/mago\/#primaryimage","url":"","contentUrl":""},{"@type":"BreadcrumbList","@id":"https:\/\/denkmalpflege.tuwien.ac.at\/index.php\/mago\/#breadcrumb","itemListElement":[{"@type":"ListItem","position":1,"name":"Startseite","item":"https:\/\/denkmalpflege.tuwien.ac.at\/"},{"@type":"ListItem","position":2,"name":"mago"}]},{"@type":"WebSite","@id":"https:\/\/denkmalpflege.tuwien.ac.at\/#website","url":"https:\/\/denkmalpflege.tuwien.ac.at\/","name":"Denkmalpflege und Bauen im Bestand","description":"Denkmalpflege TU Wien","publisher":{"@id":"https:\/\/denkmalpflege.tuwien.ac.at\/#organization"},"potentialAction":[{"@type":"SearchAction","target":{"@type":"EntryPoint","urlTemplate":"https:\/\/denkmalpflege.tuwien.ac.at\/?s={search_term_string}"},"query-input":{"@type":"PropertyValueSpecification","valueRequired":true,"valueName":"search_term_string"}}],"inLanguage":"de"},{"@type":"Organization","@id":"https:\/\/denkmalpflege.tuwien.ac.at\/#organization","name":"TU Wien Denkmalpflege und Bauen im Bestand","url":"https:\/\/denkmalpflege.tuwien.ac.at\/","logo":{"@type":"ImageObject","inLanguage":"de","@id":"https:\/\/denkmalpflege.tuwien.ac.at\/#\/schema\/logo\/image\/","url":"https:\/\/denkmalpflege.tuwien.ac.at\/wp-content\/uploads\/2019\/10\/Logo1.png","contentUrl":"https:\/\/denkmalpflege.tuwien.ac.at\/wp-content\/uploads\/2019\/10\/Logo1.png","width":222,"height":79,"caption":"TU Wien Denkmalpflege und Bauen im Bestand"},"image":{"@id":"https:\/\/denkmalpflege.tuwien.ac.at\/#\/schema\/logo\/image\/"}}]}},"_links":{"self":[{"href":"https:\/\/denkmalpflege.tuwien.ac.at\/index.php\/wp-json\/wp\/v2\/pages\/11792","targetHints":{"allow":["GET"]}}],"collection":[{"href":"https:\/\/denkmalpflege.tuwien.ac.at\/index.php\/wp-json\/wp\/v2\/pages"}],"about":[{"href":"https:\/\/denkmalpflege.tuwien.ac.at\/index.php\/wp-json\/wp\/v2\/types\/page"}],"author":[{"embeddable":true,"href":"https:\/\/denkmalpflege.tuwien.ac.at\/index.php\/wp-json\/wp\/v2\/users\/1"}],"replies":[{"embeddable":true,"href":"https:\/\/denkmalpflege.tuwien.ac.at\/index.php\/wp-json\/wp\/v2\/comments?post=11792"}],"version-history":[{"count":7,"href":"https:\/\/denkmalpflege.tuwien.ac.at\/index.php\/wp-json\/wp\/v2\/pages\/11792\/revisions"}],"predecessor-version":[{"id":11926,"href":"https:\/\/denkmalpflege.tuwien.ac.at\/index.php\/wp-json\/wp\/v2\/pages\/11792\/revisions\/11926"}],"wp:attachment":[{"href":"https:\/\/denkmalpflege.tuwien.ac.at\/index.php\/wp-json\/wp\/v2\/media?parent=11792"}],"curies":[{"name":"wp","href":"https:\/\/api.w.org\/{rel}","templated":true}]}}