{"id":11469,"date":"2016-09-06T14:03:34","date_gmt":"2016-09-06T12:03:34","guid":{"rendered":"http:\/\/denkmalpflege.tuwien.ac.at\/?page_id=11469"},"modified":"2024-12-10T15:34:44","modified_gmt":"2024-12-10T14:34:44","slug":"ubungws1617","status":"publish","type":"page","link":"https:\/\/denkmalpflege.tuwien.ac.at\/index.php\/lehre-2\/lva-ws-1617\/ubungws1617\/","title":{"rendered":"ubungws1617"},"content":{"rendered":"<div class=\"mitarbeiter\">\n<div class=\"yellow\">\u00dcbung: Denkmalpflege und Bausanierung<\/div>\n<div class='grey'>\n<img decoding=\"async\" src=\"http:\/\/denkmalpflege1.e251.tuwien.ac.at\/wp-content\/uploads\/2015\/08\/UE_Denkmalpflege_Bausanierung.gif\" alt=\"uebung\" title=\"uebung\" width=\"130\" height=\"113\" class=\"alignnone size-full wp-image-165\" \/><\/a><\/p>\n<p><span><\/span><\/p>\n<p>257.036 UE 3,0h (4,0ECTS): Denkmalpflege und Bausanierung<br \/>\nAllgemeines Wahlpflichtfach im Bachelorstudium. Freies Wahlfach im Masterstudium.<\/p>\n<p>Vortragende: Agnes Liebsch<\/p>\n<div class='breakline'><\/div>\n<\/div>\n<div class='kursbeginn'>\n<strong>Weitere Informationen<\/strong><br \/>\nw\u00f6chentlich Mittwoch 11.00-13.00 Uhr<br \/>\nBeginn: 05. Oktober 2016<br \/>\nSem 257 (Stiege 3, 2.Stock)\n<\/div>\n<p><span><\/span><br \/>\nTeilnehmerbeschr\u00e4nkung auf 20 Personen!<br \/>\nAnwesenheitspflicht!<br \/>\n<span><\/span><br \/>\n<strong>Anmeldung \u00fcber<a href='https:\/\/tiss.tuwien.ac.at\/course\/courseDetails.xhtml?windowId=aac&#038;courseNr=257036&#038;semester=2016W'> TISS<\/a><\/strong><br \/>\n<span><\/span><br \/>\n<span><\/span><\/p>\n<div class='titel'>Ziele der Lehrveranstaltung<\/div>\n<p>Praxisbezogene Vermittlung von Grundlagen zur Bauforschung und -dokumentation als Aufgabengebiet der Denkmalpflege.<\/p>\n<div class='titel'>Inhalt der Lehrveranstaltung<\/div>\n<p>Anhand eines ausgew\u00e4hlten Bauobjektes aus der Wiener Gr\u00fcnderzeit wird eine Machbarkeitsstudie erstellt. Das Studium der Bestandspl\u00e4ne und die historische, architektonische und bautechnische Analyse und Beschreibung des Geb\u00e4udes bilden die Grundlage f\u00fcr Ma\u00dfnahmenvorschl\u00e4ge hinsichtlich der allgemeinen Aufwertung, Instandsetzung und m\u00f6glichen baulichen \u00c4nderungen. Neben denkmalpflegerischen Aspekten soll sich die Studie mit den Anforderungen der Bauordnung und der Benutzbarkeit auseinandersetzen.\n<\/p><\/div>\n","protected":false},"excerpt":{"rendered":"<p>\u00dcbung: Denkmalpflege und Bausanierung 257.036 UE 3,0h (4,0ECTS): Denkmalpflege und Bausanierung Allgemeines Wahlpflichtfach im Bachelorstudium. Freies Wahlfach im Masterstudium. Vortragende: Agnes Liebsch Weitere Informationen w\u00f6chentlich Mittwoch 11.00-13.00 Uhr Beginn: 05. Oktober 2016 Sem 257 (Stiege 3, 2.Stock) Teilnehmerbeschr\u00e4nkung auf 20 Personen! Anwesenheitspflicht! Anmeldung \u00fcber TISS Ziele der Lehrveranstaltung Praxisbezogene Vermittlung von Grundlagen zur Bauforschung und -dokumentation als Aufgabengebiet der Denkmalpflege. Inhalt der Lehrveranstaltung Anhand eines ausgew\u00e4hlten Bauobjektes aus der Wiener<\/p>\n<div class=\"belowpost\"><a class=\"btnmore icon-arrow\" href=\"https:\/\/denkmalpflege.tuwien.ac.at\/index.php\/lehre-2\/lva-ws-1617\/ubungws1617\/\"><span>Read More<\/span><\/a><\/div>\n","protected":false},"author":1,"featured_media":0,"parent":11395,"menu_order":0,"comment_status":"closed","ping_status":"closed","template":"","meta":{"footnotes":""},"class_list":["post-11469","page","type-page","status-publish","hentry"],"yoast_head":"<!-- This site is optimized with the Yoast SEO plugin v26.0 - https:\/\/yoast.com\/wordpress\/plugins\/seo\/ -->\n<title>ubungws1617 - Denkmalpflege und Bauen im Bestand<\/title>\n<meta name=\"robots\" content=\"index, follow, max-snippet:-1, max-image-preview:large, max-video-preview:-1\" \/>\n<link rel=\"canonical\" href=\"https:\/\/denkmalpflege.tuwien.ac.at\/index.php\/lehre-2\/lva-ws-1617\/ubungws1617\/\" \/>\n<meta property=\"og:locale\" content=\"de_DE\" \/>\n<meta property=\"og:type\" content=\"article\" \/>\n<meta property=\"og:title\" content=\"ubungws1617 - Denkmalpflege und Bauen im Bestand\" \/>\n<meta property=\"og:description\" content=\"\u00dcbung: Denkmalpflege und Bausanierung 257.036 UE 3,0h (4,0ECTS): Denkmalpflege und Bausanierung Allgemeines Wahlpflichtfach im Bachelorstudium. Freies Wahlfach im Masterstudium. Vortragende: Agnes Liebsch Weitere Informationen w\u00f6chentlich Mittwoch 11.00-13.00 Uhr Beginn: 05. Oktober 2016 Sem 257 (Stiege 3, 2.Stock) Teilnehmerbeschr\u00e4nkung auf 20 Personen! Anwesenheitspflicht! Anmeldung \u00fcber TISS Ziele der Lehrveranstaltung Praxisbezogene Vermittlung von Grundlagen zur Bauforschung und -dokumentation als Aufgabengebiet der Denkmalpflege. Inhalt der Lehrveranstaltung Anhand eines ausgew\u00e4hlten Bauobjektes aus der WienerRead More\" \/>\n<meta property=\"og:url\" content=\"https:\/\/denkmalpflege.tuwien.ac.at\/index.php\/lehre-2\/lva-ws-1617\/ubungws1617\/\" \/>\n<meta property=\"og:site_name\" content=\"Denkmalpflege und Bauen im Bestand\" \/>\n<meta property=\"article:modified_time\" content=\"2024-12-10T14:34:44+00:00\" \/>\n<meta name=\"twitter:card\" content=\"summary_large_image\" \/>\n<meta name=\"twitter:label1\" content=\"Gesch\u00e4tzte Lesezeit\" \/>\n\t<meta name=\"twitter:data1\" content=\"1\u00a0Minute\" \/>\n<script type=\"application\/ld+json\" class=\"yoast-schema-graph\">{\"@context\":\"https:\/\/schema.org\",\"@graph\":[{\"@type\":\"WebPage\",\"@id\":\"https:\/\/denkmalpflege.tuwien.ac.at\/index.php\/lehre-2\/lva-ws-1617\/ubungws1617\/\",\"url\":\"https:\/\/denkmalpflege.tuwien.ac.at\/index.php\/lehre-2\/lva-ws-1617\/ubungws1617\/\",\"name\":\"ubungws1617 - Denkmalpflege und Bauen im Bestand\",\"isPartOf\":{\"@id\":\"https:\/\/denkmalpflege.tuwien.ac.at\/#website\"},\"primaryImageOfPage\":{\"@id\":\"https:\/\/denkmalpflege.tuwien.ac.at\/index.php\/lehre-2\/lva-ws-1617\/ubungws1617\/#primaryimage\"},\"image\":{\"@id\":\"https:\/\/denkmalpflege.tuwien.ac.at\/index.php\/lehre-2\/lva-ws-1617\/ubungws1617\/#primaryimage\"},\"thumbnailUrl\":\"http:\/\/denkmalpflege1.e251.tuwien.ac.at\/wp-content\/uploads\/2015\/08\/UE_Denkmalpflege_Bausanierung.gif\",\"datePublished\":\"2016-09-06T12:03:34+00:00\",\"dateModified\":\"2024-12-10T14:34:44+00:00\",\"breadcrumb\":{\"@id\":\"https:\/\/denkmalpflege.tuwien.ac.at\/index.php\/lehre-2\/lva-ws-1617\/ubungws1617\/#breadcrumb\"},\"inLanguage\":\"de\",\"potentialAction\":[{\"@type\":\"ReadAction\",\"target\":[\"https:\/\/denkmalpflege.tuwien.ac.at\/index.php\/lehre-2\/lva-ws-1617\/ubungws1617\/\"]}]},{\"@type\":\"ImageObject\",\"inLanguage\":\"de\",\"@id\":\"https:\/\/denkmalpflege.tuwien.ac.at\/index.php\/lehre-2\/lva-ws-1617\/ubungws1617\/#primaryimage\",\"url\":\"http:\/\/denkmalpflege1.e251.tuwien.ac.at\/wp-content\/uploads\/2015\/08\/UE_Denkmalpflege_Bausanierung.gif\",\"contentUrl\":\"http:\/\/denkmalpflege1.e251.tuwien.ac.at\/wp-content\/uploads\/2015\/08\/UE_Denkmalpflege_Bausanierung.gif\"},{\"@type\":\"BreadcrumbList\",\"@id\":\"https:\/\/denkmalpflege.tuwien.ac.at\/index.php\/lehre-2\/lva-ws-1617\/ubungws1617\/#breadcrumb\",\"itemListElement\":[{\"@type\":\"ListItem\",\"position\":1,\"name\":\"Startseite\",\"item\":\"https:\/\/denkmalpflege.tuwien.ac.at\/\"},{\"@type\":\"ListItem\",\"position\":2,\"name\":\"Lehre\",\"item\":\"https:\/\/denkmalpflege.tuwien.ac.at\/index.php\/lehre-2\/\"},{\"@type\":\"ListItem\",\"position\":3,\"name\":\"LVA Wintersermester 2016\/2017\",\"item\":\"https:\/\/denkmalpflege.tuwien.ac.at\/index.php\/lehre-2\/lva-ws-1617\/\"},{\"@type\":\"ListItem\",\"position\":4,\"name\":\"ubungws1617\"}]},{\"@type\":\"WebSite\",\"@id\":\"https:\/\/denkmalpflege.tuwien.ac.at\/#website\",\"url\":\"https:\/\/denkmalpflege.tuwien.ac.at\/\",\"name\":\"Denkmalpflege und Bauen im Bestand\",\"description\":\"Denkmalpflege TU Wien\",\"publisher\":{\"@id\":\"https:\/\/denkmalpflege.tuwien.ac.at\/#organization\"},\"potentialAction\":[{\"@type\":\"SearchAction\",\"target\":{\"@type\":\"EntryPoint\",\"urlTemplate\":\"https:\/\/denkmalpflege.tuwien.ac.at\/?s={search_term_string}\"},\"query-input\":{\"@type\":\"PropertyValueSpecification\",\"valueRequired\":true,\"valueName\":\"search_term_string\"}}],\"inLanguage\":\"de\"},{\"@type\":\"Organization\",\"@id\":\"https:\/\/denkmalpflege.tuwien.ac.at\/#organization\",\"name\":\"TU Wien Denkmalpflege und Bauen im Bestand\",\"url\":\"https:\/\/denkmalpflege.tuwien.ac.at\/\",\"logo\":{\"@type\":\"ImageObject\",\"inLanguage\":\"de\",\"@id\":\"https:\/\/denkmalpflege.tuwien.ac.at\/#\/schema\/logo\/image\/\",\"url\":\"https:\/\/denkmalpflege.tuwien.ac.at\/wp-content\/uploads\/2019\/10\/Logo1.png\",\"contentUrl\":\"https:\/\/denkmalpflege.tuwien.ac.at\/wp-content\/uploads\/2019\/10\/Logo1.png\",\"width\":222,\"height\":79,\"caption\":\"TU Wien Denkmalpflege und Bauen im Bestand\"},\"image\":{\"@id\":\"https:\/\/denkmalpflege.tuwien.ac.at\/#\/schema\/logo\/image\/\"}}]}<\/script>\n<!-- \/ Yoast SEO plugin. -->","yoast_head_json":{"title":"ubungws1617 - Denkmalpflege und Bauen im Bestand","robots":{"index":"index","follow":"follow","max-snippet":"max-snippet:-1","max-image-preview":"max-image-preview:large","max-video-preview":"max-video-preview:-1"},"canonical":"https:\/\/denkmalpflege.tuwien.ac.at\/index.php\/lehre-2\/lva-ws-1617\/ubungws1617\/","og_locale":"de_DE","og_type":"article","og_title":"ubungws1617 - Denkmalpflege und Bauen im Bestand","og_description":"\u00dcbung: Denkmalpflege und Bausanierung 257.036 UE 3,0h (4,0ECTS): Denkmalpflege und Bausanierung Allgemeines Wahlpflichtfach im Bachelorstudium. Freies Wahlfach im Masterstudium. Vortragende: Agnes Liebsch Weitere Informationen w\u00f6chentlich Mittwoch 11.00-13.00 Uhr Beginn: 05. Oktober 2016 Sem 257 (Stiege 3, 2.Stock) Teilnehmerbeschr\u00e4nkung auf 20 Personen! Anwesenheitspflicht! Anmeldung \u00fcber TISS Ziele der Lehrveranstaltung Praxisbezogene Vermittlung von Grundlagen zur Bauforschung und -dokumentation als Aufgabengebiet der Denkmalpflege. Inhalt der Lehrveranstaltung Anhand eines ausgew\u00e4hlten Bauobjektes aus der WienerRead More","og_url":"https:\/\/denkmalpflege.tuwien.ac.at\/index.php\/lehre-2\/lva-ws-1617\/ubungws1617\/","og_site_name":"Denkmalpflege und Bauen im Bestand","article_modified_time":"2024-12-10T14:34:44+00:00","twitter_card":"summary_large_image","twitter_misc":{"Gesch\u00e4tzte Lesezeit":"1\u00a0Minute"},"schema":{"@context":"https:\/\/schema.org","@graph":[{"@type":"WebPage","@id":"https:\/\/denkmalpflege.tuwien.ac.at\/index.php\/lehre-2\/lva-ws-1617\/ubungws1617\/","url":"https:\/\/denkmalpflege.tuwien.ac.at\/index.php\/lehre-2\/lva-ws-1617\/ubungws1617\/","name":"ubungws1617 - Denkmalpflege und Bauen im Bestand","isPartOf":{"@id":"https:\/\/denkmalpflege.tuwien.ac.at\/#website"},"primaryImageOfPage":{"@id":"https:\/\/denkmalpflege.tuwien.ac.at\/index.php\/lehre-2\/lva-ws-1617\/ubungws1617\/#primaryimage"},"image":{"@id":"https:\/\/denkmalpflege.tuwien.ac.at\/index.php\/lehre-2\/lva-ws-1617\/ubungws1617\/#primaryimage"},"thumbnailUrl":"http:\/\/denkmalpflege1.e251.tuwien.ac.at\/wp-content\/uploads\/2015\/08\/UE_Denkmalpflege_Bausanierung.gif","datePublished":"2016-09-06T12:03:34+00:00","dateModified":"2024-12-10T14:34:44+00:00","breadcrumb":{"@id":"https:\/\/denkmalpflege.tuwien.ac.at\/index.php\/lehre-2\/lva-ws-1617\/ubungws1617\/#breadcrumb"},"inLanguage":"de","potentialAction":[{"@type":"ReadAction","target":["https:\/\/denkmalpflege.tuwien.ac.at\/index.php\/lehre-2\/lva-ws-1617\/ubungws1617\/"]}]},{"@type":"ImageObject","inLanguage":"de","@id":"https:\/\/denkmalpflege.tuwien.ac.at\/index.php\/lehre-2\/lva-ws-1617\/ubungws1617\/#primaryimage","url":"http:\/\/denkmalpflege1.e251.tuwien.ac.at\/wp-content\/uploads\/2015\/08\/UE_Denkmalpflege_Bausanierung.gif","contentUrl":"http:\/\/denkmalpflege1.e251.tuwien.ac.at\/wp-content\/uploads\/2015\/08\/UE_Denkmalpflege_Bausanierung.gif"},{"@type":"BreadcrumbList","@id":"https:\/\/denkmalpflege.tuwien.ac.at\/index.php\/lehre-2\/lva-ws-1617\/ubungws1617\/#breadcrumb","itemListElement":[{"@type":"ListItem","position":1,"name":"Startseite","item":"https:\/\/denkmalpflege.tuwien.ac.at\/"},{"@type":"ListItem","position":2,"name":"Lehre","item":"https:\/\/denkmalpflege.tuwien.ac.at\/index.php\/lehre-2\/"},{"@type":"ListItem","position":3,"name":"LVA Wintersermester 2016\/2017","item":"https:\/\/denkmalpflege.tuwien.ac.at\/index.php\/lehre-2\/lva-ws-1617\/"},{"@type":"ListItem","position":4,"name":"ubungws1617"}]},{"@type":"WebSite","@id":"https:\/\/denkmalpflege.tuwien.ac.at\/#website","url":"https:\/\/denkmalpflege.tuwien.ac.at\/","name":"Denkmalpflege und Bauen im Bestand","description":"Denkmalpflege TU Wien","publisher":{"@id":"https:\/\/denkmalpflege.tuwien.ac.at\/#organization"},"potentialAction":[{"@type":"SearchAction","target":{"@type":"EntryPoint","urlTemplate":"https:\/\/denkmalpflege.tuwien.ac.at\/?s={search_term_string}"},"query-input":{"@type":"PropertyValueSpecification","valueRequired":true,"valueName":"search_term_string"}}],"inLanguage":"de"},{"@type":"Organization","@id":"https:\/\/denkmalpflege.tuwien.ac.at\/#organization","name":"TU Wien Denkmalpflege und Bauen im Bestand","url":"https:\/\/denkmalpflege.tuwien.ac.at\/","logo":{"@type":"ImageObject","inLanguage":"de","@id":"https:\/\/denkmalpflege.tuwien.ac.at\/#\/schema\/logo\/image\/","url":"https:\/\/denkmalpflege.tuwien.ac.at\/wp-content\/uploads\/2019\/10\/Logo1.png","contentUrl":"https:\/\/denkmalpflege.tuwien.ac.at\/wp-content\/uploads\/2019\/10\/Logo1.png","width":222,"height":79,"caption":"TU Wien Denkmalpflege und Bauen im Bestand"},"image":{"@id":"https:\/\/denkmalpflege.tuwien.ac.at\/#\/schema\/logo\/image\/"}}]}},"_links":{"self":[{"href":"https:\/\/denkmalpflege.tuwien.ac.at\/index.php\/wp-json\/wp\/v2\/pages\/11469","targetHints":{"allow":["GET"]}}],"collection":[{"href":"https:\/\/denkmalpflege.tuwien.ac.at\/index.php\/wp-json\/wp\/v2\/pages"}],"about":[{"href":"https:\/\/denkmalpflege.tuwien.ac.at\/index.php\/wp-json\/wp\/v2\/types\/page"}],"author":[{"embeddable":true,"href":"https:\/\/denkmalpflege.tuwien.ac.at\/index.php\/wp-json\/wp\/v2\/users\/1"}],"replies":[{"embeddable":true,"href":"https:\/\/denkmalpflege.tuwien.ac.at\/index.php\/wp-json\/wp\/v2\/comments?post=11469"}],"version-history":[{"count":5,"href":"https:\/\/denkmalpflege.tuwien.ac.at\/index.php\/wp-json\/wp\/v2\/pages\/11469\/revisions"}],"predecessor-version":[{"id":11553,"href":"https:\/\/denkmalpflege.tuwien.ac.at\/index.php\/wp-json\/wp\/v2\/pages\/11469\/revisions\/11553"}],"up":[{"embeddable":true,"href":"https:\/\/denkmalpflege.tuwien.ac.at\/index.php\/wp-json\/wp\/v2\/pages\/11395"}],"wp:attachment":[{"href":"https:\/\/denkmalpflege.tuwien.ac.at\/index.php\/wp-json\/wp\/v2\/media?parent=11469"}],"curies":[{"name":"wp","href":"https:\/\/api.w.org\/{rel}","templated":true}]}}