{"id":11458,"date":"2016-09-06T13:30:33","date_gmt":"2016-09-06T11:30:33","guid":{"rendered":"http:\/\/denkmalpflege.tuwien.ac.at\/?page_id=11458"},"modified":"2024-12-10T15:33:55","modified_gmt":"2024-12-10T14:33:55","slug":"entwerfen1ws1617","status":"publish","type":"page","link":"https:\/\/denkmalpflege.tuwien.ac.at\/index.php\/lehre-2\/lva-ws-1617\/entwerfen1ws1617\/","title":{"rendered":"entwerfen1ws1617"},"content":{"rendered":"\t\t<div data-elementor-type=\"wp-page\" data-elementor-id=\"11458\" class=\"elementor elementor-11458\" data-elementor-post-type=\"page\">\n\t\t\t\t\t\t<section class=\"elementor-section elementor-top-section elementor-element elementor-element-1e72d21 elementor-section-full_width elementor-section-height-default elementor-section-height-default\" data-id=\"1e72d21\" data-element_type=\"section\">\n\t\t\t\t\t\t<div class=\"elementor-container elementor-column-gap-default\">\n\t\t\t\t\t<div class=\"elementor-column elementor-col-50 elementor-top-column elementor-element elementor-element-f8535cb\" data-id=\"f8535cb\" data-element_type=\"column\">\n\t\t\t<div class=\"elementor-widget-wrap elementor-element-populated\">\n\t\t\t\t\t\t<div class=\"elementor-element elementor-element-20f5758 elementor-widget elementor-widget-heading\" data-id=\"20f5758\" data-element_type=\"widget\" data-widget_type=\"heading.default\">\n\t\t\t\t<div class=\"elementor-widget-container\">\n\t\t\t\t\t<h2 class=\"elementor-heading-title elementor-size-default\"><a href=\"https:\/\/denkmalpflege.tuwien.ac.at\/index.php\/lva-ws-1617\/\">LVA WS16<\/a><\/h2>\t\t\t\t<\/div>\n\t\t\t\t<\/div>\n\t\t\t\t\t<\/div>\n\t\t<\/div>\n\t\t\t\t<div class=\"elementor-column elementor-col-50 elementor-top-column elementor-element elementor-element-e6b8427\" data-id=\"e6b8427\" data-element_type=\"column\">\n\t\t\t<div class=\"elementor-widget-wrap elementor-element-populated\">\n\t\t\t\t\t\t<div class=\"elementor-element elementor-element-cba4681 elementor-widget elementor-widget-heading\" data-id=\"cba4681\" data-element_type=\"widget\" data-widget_type=\"heading.default\">\n\t\t\t\t<div class=\"elementor-widget-container\">\n\t\t\t\t\t<h2 class=\"elementor-heading-title elementor-size-default\">251.780 <span style=\"float: right\"> 8,0 h (10,0 ECTS)<\/span><\/h2>\t\t\t\t<\/div>\n\t\t\t\t<\/div>\n\t\t\t\t\t<\/div>\n\t\t<\/div>\n\t\t\t\t\t<\/div>\n\t\t<\/section>\n\t\t\t\t<section class=\"elementor-section elementor-top-section elementor-element elementor-element-12f73f59 elementor-section-full_width elementor-section-height-default elementor-section-height-default\" data-id=\"12f73f59\" data-element_type=\"section\">\n\t\t\t\t\t\t<div class=\"elementor-container elementor-column-gap-default\">\n\t\t\t\t\t<div class=\"elementor-column elementor-col-50 elementor-top-column elementor-element elementor-element-2564f1cd\" data-id=\"2564f1cd\" data-element_type=\"column\">\n\t\t\t<div class=\"elementor-widget-wrap elementor-element-populated\">\n\t\t\t\t\t\t<div class=\"elementor-element elementor-element-96a27e1 elementor-nav-menu__align-start elementor-nav-menu--dropdown-mobile elementor-nav-menu__text-align-aside elementor-nav-menu--toggle elementor-nav-menu--burger elementor-widget elementor-widget-nav-menu\" data-id=\"96a27e1\" data-element_type=\"widget\" data-settings=\"{&quot;layout&quot;:&quot;vertical&quot;,&quot;submenu_icon&quot;:{&quot;value&quot;:&quot;&lt;i class=\\&quot;\\&quot; aria-hidden=\\&quot;true\\&quot;&gt;&lt;\\\/i&gt;&quot;,&quot;library&quot;:&quot;&quot;},&quot;toggle&quot;:&quot;burger&quot;}\" data-widget_type=\"nav-menu.default\">\n\t\t\t\t<div class=\"elementor-widget-container\">\n\t\t\t\t\t\t\t\t<nav aria-label=\"Men\u00fc\" class=\"elementor-nav-menu--main elementor-nav-menu__container elementor-nav-menu--layout-vertical e--pointer-none\">\n\t\t\t\t<ul id=\"menu-1-96a27e1\" class=\"elementor-nav-menu sm-vertical\"><li class=\"menu-item menu-item-type-post_type menu-item-object-page menu-item-18518\"><a href=\"https:\/\/denkmalpflege.tuwien.ac.at\/index.php\/lehre-2\/lva-ws-1617\/1vorlesungws1617\/\" class=\"elementor-item\">Vorlesung <\/br>Denkmalpflege<\/a><\/li>\n<li class=\"menu-item menu-item-type-post_type menu-item-object-page menu-item-18519\"><a href=\"https:\/\/denkmalpflege.tuwien.ac.at\/index.php\/lehre-2\/lva-ws-1617\/entwerfen2ws1617\/\" class=\"elementor-item\">Gro\u00dfes Entwerfen <\/br>Der Geschirrhof in Klosterneuburg<\/a><\/li>\n<li class=\"menu-item menu-item-type-post_type menu-item-object-page menu-item-18520\"><a href=\"https:\/\/denkmalpflege.tuwien.ac.at\/index.php\/lehre-2\/lva-ws-1617\/entwerfen1ws1617\/\" class=\"elementor-item\">Gro\u00dfes Entwerfen <\/br>Das Franziskanerinnenkloster in D\u00f6llach<\/a><\/li>\n<li class=\"menu-item menu-item-type-post_type menu-item-object-page menu-item-18521\"><a href=\"https:\/\/denkmalpflege.tuwien.ac.at\/index.php\/lehre-2\/lva-ws-1617\/wahlsemws1617\/\" class=\"elementor-item\">Wahlseminar <\/br>Nie mehr Schule!? <\/br>Schulbauten der Aufbruchjahre<\/a><\/li>\n<li class=\"menu-item menu-item-type-post_type menu-item-object-page menu-item-18522\"><a href=\"https:\/\/denkmalpflege.tuwien.ac.at\/index.php\/denkmalpflege-und-bausanierung\/\" class=\"elementor-item\">\u00dcbung <\/br>Denkmalpflege und Bausanierung<\/a><\/li>\n<li class=\"menu-item menu-item-type-post_type menu-item-object-page menu-item-18523\"><a href=\"https:\/\/denkmalpflege.tuwien.ac.at\/index.php\/lehre-2\/lva-sommersemester-2021\/anleitung-wissenschaftlichen-arbeiten\/\" class=\"elementor-item\">Seminar <\/br>Anleitung Wissenschaftlichen Arbeiten<\/a><\/li>\n<li class=\"menu-item menu-item-type-post_type menu-item-object-page menu-item-18524\"><a href=\"https:\/\/denkmalpflege.tuwien.ac.at\/index.php\/diplomanden-und-dissertantenseminar\/\" class=\"elementor-item\">Seminar <\/br>Diplomanden und -Dissertantenseminar<\/a><\/li>\n<\/ul>\t\t\t<\/nav>\n\t\t\t\t\t<div class=\"elementor-menu-toggle\" role=\"button\" tabindex=\"0\" aria-label=\"Men\u00fc Umschalter\" aria-expanded=\"false\">\n\t\t\t<i aria-hidden=\"true\" role=\"presentation\" class=\"elementor-menu-toggle__icon--open eicon-menu-bar\"><\/i><i aria-hidden=\"true\" role=\"presentation\" class=\"elementor-menu-toggle__icon--close eicon-close\"><\/i>\t\t<\/div>\n\t\t\t\t\t<nav class=\"elementor-nav-menu--dropdown elementor-nav-menu__container\" aria-hidden=\"true\">\n\t\t\t\t<ul id=\"menu-2-96a27e1\" class=\"elementor-nav-menu sm-vertical\"><li class=\"menu-item menu-item-type-post_type menu-item-object-page menu-item-18518\"><a href=\"https:\/\/denkmalpflege.tuwien.ac.at\/index.php\/lehre-2\/lva-ws-1617\/1vorlesungws1617\/\" class=\"elementor-item\" tabindex=\"-1\">Vorlesung <\/br>Denkmalpflege<\/a><\/li>\n<li class=\"menu-item menu-item-type-post_type menu-item-object-page menu-item-18519\"><a href=\"https:\/\/denkmalpflege.tuwien.ac.at\/index.php\/lehre-2\/lva-ws-1617\/entwerfen2ws1617\/\" class=\"elementor-item\" tabindex=\"-1\">Gro\u00dfes Entwerfen <\/br>Der Geschirrhof in Klosterneuburg<\/a><\/li>\n<li class=\"menu-item menu-item-type-post_type menu-item-object-page menu-item-18520\"><a href=\"https:\/\/denkmalpflege.tuwien.ac.at\/index.php\/lehre-2\/lva-ws-1617\/entwerfen1ws1617\/\" class=\"elementor-item\" tabindex=\"-1\">Gro\u00dfes Entwerfen <\/br>Das Franziskanerinnenkloster in D\u00f6llach<\/a><\/li>\n<li class=\"menu-item menu-item-type-post_type menu-item-object-page menu-item-18521\"><a href=\"https:\/\/denkmalpflege.tuwien.ac.at\/index.php\/lehre-2\/lva-ws-1617\/wahlsemws1617\/\" class=\"elementor-item\" tabindex=\"-1\">Wahlseminar <\/br>Nie mehr Schule!? <\/br>Schulbauten der Aufbruchjahre<\/a><\/li>\n<li class=\"menu-item menu-item-type-post_type menu-item-object-page menu-item-18522\"><a href=\"https:\/\/denkmalpflege.tuwien.ac.at\/index.php\/denkmalpflege-und-bausanierung\/\" class=\"elementor-item\" tabindex=\"-1\">\u00dcbung <\/br>Denkmalpflege und Bausanierung<\/a><\/li>\n<li class=\"menu-item menu-item-type-post_type menu-item-object-page menu-item-18523\"><a href=\"https:\/\/denkmalpflege.tuwien.ac.at\/index.php\/lehre-2\/lva-sommersemester-2021\/anleitung-wissenschaftlichen-arbeiten\/\" class=\"elementor-item\" tabindex=\"-1\">Seminar <\/br>Anleitung Wissenschaftlichen Arbeiten<\/a><\/li>\n<li class=\"menu-item menu-item-type-post_type menu-item-object-page menu-item-18524\"><a href=\"https:\/\/denkmalpflege.tuwien.ac.at\/index.php\/diplomanden-und-dissertantenseminar\/\" class=\"elementor-item\" tabindex=\"-1\">Seminar <\/br>Diplomanden und -Dissertantenseminar<\/a><\/li>\n<\/ul>\t\t\t<\/nav>\n\t\t\t\t\t\t<\/div>\n\t\t\t\t<\/div>\n\t\t\t\t\t<\/div>\n\t\t<\/div>\n\t\t\t\t<div class=\"elementor-column elementor-col-50 elementor-top-column elementor-element elementor-element-6d490e54\" data-id=\"6d490e54\" data-element_type=\"column\">\n\t\t\t<div class=\"elementor-widget-wrap elementor-element-populated\">\n\t\t\t\t\t\t<div class=\"elementor-element elementor-element-5e7d6d9b elementor-widget elementor-widget-text-editor\" data-id=\"5e7d6d9b\" data-element_type=\"widget\" data-widget_type=\"text-editor.default\">\n\t\t\t\t<div class=\"elementor-widget-container\">\n\t\t\t\t\t\t\t\t\t<h1 class=\"lva_h1\">Das Franziskanerinnenkloster in D\u00f6llach<\/h1>\t\t\t\t\t\t\t\t<\/div>\n\t\t\t\t<\/div>\n\t\t\t\t<div class=\"elementor-element elementor-element-43ef7a68 lva_img elementor-widget elementor-widget-image\" data-id=\"43ef7a68\" data-element_type=\"widget\" data-widget_type=\"image.default\">\n\t\t\t\t<div class=\"elementor-widget-container\">\n\t\t\t\t\t\t\t\t\t\t\t\t\t\t\t<img fetchpriority=\"high\" decoding=\"async\" width=\"260\" height=\"226\" src=\"https:\/\/denkmalpflege.tuwien.ac.at\/wp-content\/uploads\/2016\/09\/D\u00f6llach-3.gif\" class=\"attachment-full size-full wp-image-11427\" alt=\"\" \/>\t\t\t\t\t\t\t\t\t\t\t\t\t\t\t<\/div>\n\t\t\t\t<\/div>\n\t\t\t\t<div class=\"elementor-element elementor-element-4564f853 elementor-widget elementor-widget-text-editor\" data-id=\"4564f853\" data-element_type=\"widget\" data-widget_type=\"text-editor.default\">\n\t\t\t\t<div class=\"elementor-widget-container\">\n\t\t\t\t\t\t\t\t\t<p class=\"akt\">Master \u2013 Gro\u00dfes Entwerfen Denkmalpflege &amp; Entwurf: Strategien der Umnutzung<\/p>\t\t\t\t\t\t\t\t<\/div>\n\t\t\t\t<\/div>\n\t\t\t\t<div class=\"elementor-element elementor-element-72f75438 elementor-widget elementor-widget-text-editor\" data-id=\"72f75438\" data-element_type=\"widget\" data-widget_type=\"text-editor.default\">\n\t\t\t\t<div class=\"elementor-widget-container\">\n\t\t\t\t\t\t\t\t\t<h3 class=\"lva_h3 lva_leiter\"><strong>Gerhard A. STADLER, Johannes SIMA<\/strong><\/h3><h3 class=\"lva_h3 lva_leiter lva_h3_abstand\"><strong>Einf\u00fchrung<\/strong><\/h3><p class=\"lva_text\">Mittwoch 12. Oktober 2016, 14:00 Uhr, SR 257 (Stiege 3, 2. Stock)<\/p><h3 class=\"lva_h3 lva_leiter lva_h3_abstand\"><strong>Termine<\/strong><\/h3><p class=\"lva_text\">Mittwoch, 14:00-16:00 Uhr im SR 257 (Stiege 3, 2. OG)<\/p><h3 class=\"lva_h3 lva_leiter lva_h3_abstand\"><strong>Exkursion<\/strong><\/h3><p class=\"lva_text\">nach D\u00f6llach, K\u00e4rnten, 17. bis 20. Oktober 2016<br \/>Pflichtexkursion!<\/p><h3 class=\"lva_h3 lva_leiter lva_h3_abstand\"><strong>Anmeldung<\/strong><\/h3><p class=\"lva_text\">\u00dcber <a class=\"link\" href=\"https:\/\/tiss.tuwien.ac.at\/course\/courseDetails.xhtml?windowId=aac&amp;courseNr=251780&amp;semester=2016W\" data-wplink-edit=\"true\"> TISS<\/a><\/p>\t\t\t\t\t\t\t\t<\/div>\n\t\t\t\t<\/div>\n\t\t\t\t<div class=\"elementor-element elementor-element-8c1e7f0 elementor-widget-divider--view-line elementor-widget elementor-widget-divider\" data-id=\"8c1e7f0\" data-element_type=\"widget\" data-widget_type=\"divider.default\">\n\t\t\t\t<div class=\"elementor-widget-container\">\n\t\t\t\t\t\t\t<div class=\"elementor-divider\">\n\t\t\t<span class=\"elementor-divider-separator\">\n\t\t\t\t\t\t<\/span>\n\t\t<\/div>\n\t\t\t\t\t\t<\/div>\n\t\t\t\t<\/div>\n\t\t\t\t<div class=\"elementor-element elementor-element-2a9d487f elementor-widget elementor-widget-text-editor\" data-id=\"2a9d487f\" data-element_type=\"widget\" data-widget_type=\"text-editor.default\">\n\t\t\t\t<div class=\"elementor-widget-container\">\n\t\t\t\t\t\t\t\t\t<h3 class=\"lva_h3 lva_leiter lva_h3_abstand\"><strong>Lernergebnisse<\/strong><\/h3><p class=\"lva_text\">Die Ziele der \u00dcbung liegen in der Vermittlung von fachgerechten Bauma\u00dfnahmen am Denkmal sowie des Bauens im Bestand historischer und denkmalgesch\u00fctzter Baustrukturen.<\/p><h3 class=\"lva_h3 lva_leiter lva_h3_abstand\"><strong>Inhalt der Lehrveranstaltung<\/strong><\/h3><p>Das Erlernen von Erhaltungs- und Bauma\u00dfnahmen oder der baulichen Weiterentwicklung von denkmalgesch\u00fctzten Geb\u00e4uden, Ensembles, Fabrikanlagen sowie Industriebrachen.<\/p><p>Die Entwerfen-\u00dcbung im Wintersemester 2016\/17 befasst sich mit der Umnutzung des im 17. Jahrhundert gegr\u00fcndeten Franziskanerinnenklosters in D\u00f6llach im M\u00f6lltal (K\u00e4rnten). Das &#8222;Beneficium zu D\u00f6llach&#8220; &#8211; ein dreigescho\u00dfiger Breitgiebelbau aus der ersten H\u00e4lfte des 19. Jahrhunderts &#8211; soll unter Wahrung seiner Denkmalwerte durch eine geeignete Nachnutzung erhalten werden. Favorisiert wird zur Zeit eine Umgestaltung in ein Kulturzentrum.<\/p>\t\t\t\t\t\t\t\t<\/div>\n\t\t\t\t<\/div>\n\t\t\t\t<div class=\"elementor-element elementor-element-4a483a3b elementor-widget-divider--view-line elementor-widget elementor-widget-divider\" data-id=\"4a483a3b\" data-element_type=\"widget\" data-widget_type=\"divider.default\">\n\t\t\t\t<div class=\"elementor-widget-container\">\n\t\t\t\t\t\t\t<div class=\"elementor-divider\">\n\t\t\t<span class=\"elementor-divider-separator\">\n\t\t\t\t\t\t<\/span>\n\t\t<\/div>\n\t\t\t\t\t\t<\/div>\n\t\t\t\t<\/div>\n\t\t\t\t<section class=\"elementor-section elementor-inner-section elementor-element elementor-element-5c96edcc elementor-section-boxed elementor-section-height-default elementor-section-height-default\" data-id=\"5c96edcc\" data-element_type=\"section\">\n\t\t\t\t\t\t<div class=\"elementor-container elementor-column-gap-default\">\n\t\t\t\t\t<div class=\"elementor-column elementor-col-50 elementor-inner-column elementor-element elementor-element-32b7e561\" data-id=\"32b7e561\" data-element_type=\"column\">\n\t\t\t<div class=\"elementor-widget-wrap elementor-element-populated\">\n\t\t\t\t\t\t<div class=\"elementor-element elementor-element-2db11d6e elementor-widget elementor-widget-text-editor\" data-id=\"2db11d6e\" data-element_type=\"widget\" data-widget_type=\"text-editor.default\">\n\t\t\t\t<div class=\"elementor-widget-container\">\n\t\t\t\t\t\t\t\t\t<p class=\"lva_text\"><a class=\"link link_blau\" href=\"https:\/\/tiss.tuwien.ac.at\/course\/courseDetails.xhtml?windowId=aac&amp;courseNr=251780&amp;semester=2016W\">TISS<\/a><\/p>\t\t\t\t\t\t\t\t<\/div>\n\t\t\t\t<\/div>\n\t\t\t\t\t<\/div>\n\t\t<\/div>\n\t\t\t\t<div class=\"elementor-column elementor-col-50 elementor-inner-column elementor-element elementor-element-3ac57d47\" data-id=\"3ac57d47\" data-element_type=\"column\">\n\t\t\t<div class=\"elementor-widget-wrap\">\n\t\t\t\t\t\t\t<\/div>\n\t\t<\/div>\n\t\t\t\t\t<\/div>\n\t\t<\/section>\n\t\t\t\t\t<\/div>\n\t\t<\/div>\n\t\t\t\t\t<\/div>\n\t\t<\/section>\n\t\t\t\t<\/div>\n\t\t","protected":false},"excerpt":{"rendered":"<p>LVA WS16 251.780 8,0 h (10,0 ECTS) Das Franziskanerinnenkloster in D\u00f6llach Master \u2013 Gro\u00dfes Entwerfen Denkmalpflege &amp; Entwurf: Strategien der Umnutzung Gerhard A. STADLER, Johannes SIMA Einf\u00fchrung Mittwoch 12. Oktober 2016, 14:00 Uhr, SR 257 (Stiege 3, 2. Stock) Termine Mittwoch, 14:00-16:00 Uhr im SR 257 (Stiege 3, 2. OG) Exkursion nach D\u00f6llach, K\u00e4rnten, 17. bis 20. Oktober 2016Pflichtexkursion! Anmeldung \u00dcber TISS Lernergebnisse Die Ziele der \u00dcbung liegen in der<\/p>\n<div class=\"belowpost\"><a class=\"btnmore icon-arrow\" href=\"https:\/\/denkmalpflege.tuwien.ac.at\/index.php\/lehre-2\/lva-ws-1617\/entwerfen1ws1617\/\"><span>Read More<\/span><\/a><\/div>\n","protected":false},"author":1,"featured_media":0,"parent":11395,"menu_order":0,"comment_status":"closed","ping_status":"closed","template":"","meta":{"footnotes":""},"class_list":["post-11458","page","type-page","status-publish","hentry"],"yoast_head":"<!-- This site is optimized with the Yoast SEO plugin v26.0 - https:\/\/yoast.com\/wordpress\/plugins\/seo\/ -->\n<title>entwerfen1ws1617 - Denkmalpflege und Bauen im Bestand<\/title>\n<meta name=\"robots\" content=\"index, follow, max-snippet:-1, max-image-preview:large, max-video-preview:-1\" \/>\n<link rel=\"canonical\" href=\"https:\/\/denkmalpflege.tuwien.ac.at\/index.php\/lehre-2\/lva-ws-1617\/entwerfen1ws1617\/\" \/>\n<meta property=\"og:locale\" content=\"de_DE\" \/>\n<meta property=\"og:type\" content=\"article\" \/>\n<meta property=\"og:title\" content=\"entwerfen1ws1617 - Denkmalpflege und Bauen im Bestand\" \/>\n<meta property=\"og:description\" content=\"LVA WS16 251.780 8,0 h (10,0 ECTS) Das Franziskanerinnenkloster in D\u00f6llach Master \u2013 Gro\u00dfes Entwerfen Denkmalpflege &amp; Entwurf: Strategien der Umnutzung Gerhard A. STADLER, Johannes SIMA Einf\u00fchrung Mittwoch 12. Oktober 2016, 14:00 Uhr, SR 257 (Stiege 3, 2. Stock) Termine Mittwoch, 14:00-16:00 Uhr im SR 257 (Stiege 3, 2. OG) Exkursion nach D\u00f6llach, K\u00e4rnten, 17. bis 20. Oktober 2016Pflichtexkursion! Anmeldung \u00dcber TISS Lernergebnisse Die Ziele der \u00dcbung liegen in derRead More\" \/>\n<meta property=\"og:url\" content=\"https:\/\/denkmalpflege.tuwien.ac.at\/index.php\/lehre-2\/lva-ws-1617\/entwerfen1ws1617\/\" \/>\n<meta property=\"og:site_name\" content=\"Denkmalpflege und Bauen im Bestand\" \/>\n<meta property=\"article:modified_time\" content=\"2024-12-10T14:33:55+00:00\" \/>\n<meta name=\"twitter:card\" content=\"summary_large_image\" \/>\n<meta name=\"twitter:label1\" content=\"Gesch\u00e4tzte Lesezeit\" \/>\n\t<meta name=\"twitter:data1\" content=\"1\u00a0Minute\" \/>\n<script type=\"application\/ld+json\" class=\"yoast-schema-graph\">{\"@context\":\"https:\/\/schema.org\",\"@graph\":[{\"@type\":\"WebPage\",\"@id\":\"https:\/\/denkmalpflege.tuwien.ac.at\/index.php\/lehre-2\/lva-ws-1617\/entwerfen1ws1617\/\",\"url\":\"https:\/\/denkmalpflege.tuwien.ac.at\/index.php\/lehre-2\/lva-ws-1617\/entwerfen1ws1617\/\",\"name\":\"entwerfen1ws1617 - Denkmalpflege und Bauen im Bestand\",\"isPartOf\":{\"@id\":\"https:\/\/denkmalpflege.tuwien.ac.at\/#website\"},\"datePublished\":\"2016-09-06T11:30:33+00:00\",\"dateModified\":\"2024-12-10T14:33:55+00:00\",\"breadcrumb\":{\"@id\":\"https:\/\/denkmalpflege.tuwien.ac.at\/index.php\/lehre-2\/lva-ws-1617\/entwerfen1ws1617\/#breadcrumb\"},\"inLanguage\":\"de\",\"potentialAction\":[{\"@type\":\"ReadAction\",\"target\":[\"https:\/\/denkmalpflege.tuwien.ac.at\/index.php\/lehre-2\/lva-ws-1617\/entwerfen1ws1617\/\"]}]},{\"@type\":\"BreadcrumbList\",\"@id\":\"https:\/\/denkmalpflege.tuwien.ac.at\/index.php\/lehre-2\/lva-ws-1617\/entwerfen1ws1617\/#breadcrumb\",\"itemListElement\":[{\"@type\":\"ListItem\",\"position\":1,\"name\":\"Startseite\",\"item\":\"https:\/\/denkmalpflege.tuwien.ac.at\/\"},{\"@type\":\"ListItem\",\"position\":2,\"name\":\"Lehre\",\"item\":\"https:\/\/denkmalpflege.tuwien.ac.at\/index.php\/lehre-2\/\"},{\"@type\":\"ListItem\",\"position\":3,\"name\":\"LVA Wintersermester 2016\/2017\",\"item\":\"https:\/\/denkmalpflege.tuwien.ac.at\/index.php\/lehre-2\/lva-ws-1617\/\"},{\"@type\":\"ListItem\",\"position\":4,\"name\":\"entwerfen1ws1617\"}]},{\"@type\":\"WebSite\",\"@id\":\"https:\/\/denkmalpflege.tuwien.ac.at\/#website\",\"url\":\"https:\/\/denkmalpflege.tuwien.ac.at\/\",\"name\":\"Denkmalpflege und Bauen im Bestand\",\"description\":\"Denkmalpflege TU Wien\",\"publisher\":{\"@id\":\"https:\/\/denkmalpflege.tuwien.ac.at\/#organization\"},\"potentialAction\":[{\"@type\":\"SearchAction\",\"target\":{\"@type\":\"EntryPoint\",\"urlTemplate\":\"https:\/\/denkmalpflege.tuwien.ac.at\/?s={search_term_string}\"},\"query-input\":{\"@type\":\"PropertyValueSpecification\",\"valueRequired\":true,\"valueName\":\"search_term_string\"}}],\"inLanguage\":\"de\"},{\"@type\":\"Organization\",\"@id\":\"https:\/\/denkmalpflege.tuwien.ac.at\/#organization\",\"name\":\"TU Wien Denkmalpflege und Bauen im Bestand\",\"url\":\"https:\/\/denkmalpflege.tuwien.ac.at\/\",\"logo\":{\"@type\":\"ImageObject\",\"inLanguage\":\"de\",\"@id\":\"https:\/\/denkmalpflege.tuwien.ac.at\/#\/schema\/logo\/image\/\",\"url\":\"https:\/\/denkmalpflege.tuwien.ac.at\/wp-content\/uploads\/2019\/10\/Logo1.png\",\"contentUrl\":\"https:\/\/denkmalpflege.tuwien.ac.at\/wp-content\/uploads\/2019\/10\/Logo1.png\",\"width\":222,\"height\":79,\"caption\":\"TU Wien Denkmalpflege und Bauen im Bestand\"},\"image\":{\"@id\":\"https:\/\/denkmalpflege.tuwien.ac.at\/#\/schema\/logo\/image\/\"}}]}<\/script>\n<!-- \/ Yoast SEO plugin. -->","yoast_head_json":{"title":"entwerfen1ws1617 - Denkmalpflege und Bauen im Bestand","robots":{"index":"index","follow":"follow","max-snippet":"max-snippet:-1","max-image-preview":"max-image-preview:large","max-video-preview":"max-video-preview:-1"},"canonical":"https:\/\/denkmalpflege.tuwien.ac.at\/index.php\/lehre-2\/lva-ws-1617\/entwerfen1ws1617\/","og_locale":"de_DE","og_type":"article","og_title":"entwerfen1ws1617 - Denkmalpflege und Bauen im Bestand","og_description":"LVA WS16 251.780 8,0 h (10,0 ECTS) Das Franziskanerinnenkloster in D\u00f6llach Master \u2013 Gro\u00dfes Entwerfen Denkmalpflege &amp; Entwurf: Strategien der Umnutzung Gerhard A. STADLER, Johannes SIMA Einf\u00fchrung Mittwoch 12. Oktober 2016, 14:00 Uhr, SR 257 (Stiege 3, 2. Stock) Termine Mittwoch, 14:00-16:00 Uhr im SR 257 (Stiege 3, 2. OG) Exkursion nach D\u00f6llach, K\u00e4rnten, 17. bis 20. Oktober 2016Pflichtexkursion! Anmeldung \u00dcber TISS Lernergebnisse Die Ziele der \u00dcbung liegen in derRead More","og_url":"https:\/\/denkmalpflege.tuwien.ac.at\/index.php\/lehre-2\/lva-ws-1617\/entwerfen1ws1617\/","og_site_name":"Denkmalpflege und Bauen im Bestand","article_modified_time":"2024-12-10T14:33:55+00:00","twitter_card":"summary_large_image","twitter_misc":{"Gesch\u00e4tzte Lesezeit":"1\u00a0Minute"},"schema":{"@context":"https:\/\/schema.org","@graph":[{"@type":"WebPage","@id":"https:\/\/denkmalpflege.tuwien.ac.at\/index.php\/lehre-2\/lva-ws-1617\/entwerfen1ws1617\/","url":"https:\/\/denkmalpflege.tuwien.ac.at\/index.php\/lehre-2\/lva-ws-1617\/entwerfen1ws1617\/","name":"entwerfen1ws1617 - Denkmalpflege und Bauen im Bestand","isPartOf":{"@id":"https:\/\/denkmalpflege.tuwien.ac.at\/#website"},"datePublished":"2016-09-06T11:30:33+00:00","dateModified":"2024-12-10T14:33:55+00:00","breadcrumb":{"@id":"https:\/\/denkmalpflege.tuwien.ac.at\/index.php\/lehre-2\/lva-ws-1617\/entwerfen1ws1617\/#breadcrumb"},"inLanguage":"de","potentialAction":[{"@type":"ReadAction","target":["https:\/\/denkmalpflege.tuwien.ac.at\/index.php\/lehre-2\/lva-ws-1617\/entwerfen1ws1617\/"]}]},{"@type":"BreadcrumbList","@id":"https:\/\/denkmalpflege.tuwien.ac.at\/index.php\/lehre-2\/lva-ws-1617\/entwerfen1ws1617\/#breadcrumb","itemListElement":[{"@type":"ListItem","position":1,"name":"Startseite","item":"https:\/\/denkmalpflege.tuwien.ac.at\/"},{"@type":"ListItem","position":2,"name":"Lehre","item":"https:\/\/denkmalpflege.tuwien.ac.at\/index.php\/lehre-2\/"},{"@type":"ListItem","position":3,"name":"LVA Wintersermester 2016\/2017","item":"https:\/\/denkmalpflege.tuwien.ac.at\/index.php\/lehre-2\/lva-ws-1617\/"},{"@type":"ListItem","position":4,"name":"entwerfen1ws1617"}]},{"@type":"WebSite","@id":"https:\/\/denkmalpflege.tuwien.ac.at\/#website","url":"https:\/\/denkmalpflege.tuwien.ac.at\/","name":"Denkmalpflege und Bauen im Bestand","description":"Denkmalpflege TU Wien","publisher":{"@id":"https:\/\/denkmalpflege.tuwien.ac.at\/#organization"},"potentialAction":[{"@type":"SearchAction","target":{"@type":"EntryPoint","urlTemplate":"https:\/\/denkmalpflege.tuwien.ac.at\/?s={search_term_string}"},"query-input":{"@type":"PropertyValueSpecification","valueRequired":true,"valueName":"search_term_string"}}],"inLanguage":"de"},{"@type":"Organization","@id":"https:\/\/denkmalpflege.tuwien.ac.at\/#organization","name":"TU Wien Denkmalpflege und Bauen im Bestand","url":"https:\/\/denkmalpflege.tuwien.ac.at\/","logo":{"@type":"ImageObject","inLanguage":"de","@id":"https:\/\/denkmalpflege.tuwien.ac.at\/#\/schema\/logo\/image\/","url":"https:\/\/denkmalpflege.tuwien.ac.at\/wp-content\/uploads\/2019\/10\/Logo1.png","contentUrl":"https:\/\/denkmalpflege.tuwien.ac.at\/wp-content\/uploads\/2019\/10\/Logo1.png","width":222,"height":79,"caption":"TU Wien Denkmalpflege und Bauen im Bestand"},"image":{"@id":"https:\/\/denkmalpflege.tuwien.ac.at\/#\/schema\/logo\/image\/"}}]}},"_links":{"self":[{"href":"https:\/\/denkmalpflege.tuwien.ac.at\/index.php\/wp-json\/wp\/v2\/pages\/11458","targetHints":{"allow":["GET"]}}],"collection":[{"href":"https:\/\/denkmalpflege.tuwien.ac.at\/index.php\/wp-json\/wp\/v2\/pages"}],"about":[{"href":"https:\/\/denkmalpflege.tuwien.ac.at\/index.php\/wp-json\/wp\/v2\/types\/page"}],"author":[{"embeddable":true,"href":"https:\/\/denkmalpflege.tuwien.ac.at\/index.php\/wp-json\/wp\/v2\/users\/1"}],"replies":[{"embeddable":true,"href":"https:\/\/denkmalpflege.tuwien.ac.at\/index.php\/wp-json\/wp\/v2\/comments?post=11458"}],"version-history":[{"count":17,"href":"https:\/\/denkmalpflege.tuwien.ac.at\/index.php\/wp-json\/wp\/v2\/pages\/11458\/revisions"}],"predecessor-version":[{"id":27876,"href":"https:\/\/denkmalpflege.tuwien.ac.at\/index.php\/wp-json\/wp\/v2\/pages\/11458\/revisions\/27876"}],"up":[{"embeddable":true,"href":"https:\/\/denkmalpflege.tuwien.ac.at\/index.php\/wp-json\/wp\/v2\/pages\/11395"}],"wp:attachment":[{"href":"https:\/\/denkmalpflege.tuwien.ac.at\/index.php\/wp-json\/wp\/v2\/media?parent=11458"}],"curies":[{"name":"wp","href":"https:\/\/api.w.org\/{rel}","templated":true}]}}