{"id":11448,"date":"2016-09-06T13:25:02","date_gmt":"2016-09-06T11:25:02","guid":{"rendered":"http:\/\/denkmalpflege.tuwien.ac.at\/?page_id=11448"},"modified":"2024-12-10T15:33:45","modified_gmt":"2024-12-10T14:33:45","slug":"entwerfen2ws1617","status":"publish","type":"page","link":"https:\/\/denkmalpflege.tuwien.ac.at\/index.php\/lehre-2\/lva-ws-1617\/entwerfen2ws1617\/","title":{"rendered":"entwerfen2ws1617"},"content":{"rendered":"\t\t<div data-elementor-type=\"wp-page\" data-elementor-id=\"11448\" class=\"elementor elementor-11448\" data-elementor-post-type=\"page\">\n\t\t\t\t\t\t<section class=\"elementor-section elementor-top-section elementor-element elementor-element-5997b16 elementor-section-full_width elementor-section-height-default elementor-section-height-default\" data-id=\"5997b16\" data-element_type=\"section\">\n\t\t\t\t\t\t<div class=\"elementor-container elementor-column-gap-default\">\n\t\t\t\t\t<div class=\"elementor-column elementor-col-50 elementor-top-column elementor-element elementor-element-2fc4a0a\" data-id=\"2fc4a0a\" data-element_type=\"column\">\n\t\t\t<div class=\"elementor-widget-wrap elementor-element-populated\">\n\t\t\t\t\t\t<div class=\"elementor-element elementor-element-d2219d4 elementor-widget elementor-widget-heading\" data-id=\"d2219d4\" data-element_type=\"widget\" data-widget_type=\"heading.default\">\n\t\t\t\t<div class=\"elementor-widget-container\">\n\t\t\t\t\t<h2 class=\"elementor-heading-title elementor-size-default\"><a href=\"https:\/\/denkmalpflege.tuwien.ac.at\/index.php\/lva-ws-1617\/\">LVA WS16<\/a><\/h2>\t\t\t\t<\/div>\n\t\t\t\t<\/div>\n\t\t\t\t\t<\/div>\n\t\t<\/div>\n\t\t\t\t<div class=\"elementor-column elementor-col-50 elementor-top-column elementor-element elementor-element-93d814d\" data-id=\"93d814d\" data-element_type=\"column\">\n\t\t\t<div class=\"elementor-widget-wrap elementor-element-populated\">\n\t\t\t\t\t\t<div class=\"elementor-element elementor-element-12b3d8a elementor-widget elementor-widget-heading\" data-id=\"12b3d8a\" data-element_type=\"widget\" data-widget_type=\"heading.default\">\n\t\t\t\t<div class=\"elementor-widget-container\">\n\t\t\t\t\t<h2 class=\"elementor-heading-title elementor-size-default\">251.779 <span style=\"float: right\"> 8,0 h (10,0 ECTS)<\/span><\/h2>\t\t\t\t<\/div>\n\t\t\t\t<\/div>\n\t\t\t\t\t<\/div>\n\t\t<\/div>\n\t\t\t\t\t<\/div>\n\t\t<\/section>\n\t\t\t\t<section class=\"elementor-section elementor-top-section elementor-element elementor-element-1ee3a95f elementor-section-full_width elementor-section-height-default elementor-section-height-default\" data-id=\"1ee3a95f\" data-element_type=\"section\">\n\t\t\t\t\t\t<div class=\"elementor-container elementor-column-gap-default\">\n\t\t\t\t\t<div class=\"elementor-column elementor-col-50 elementor-top-column elementor-element elementor-element-1b66611\" data-id=\"1b66611\" data-element_type=\"column\">\n\t\t\t<div class=\"elementor-widget-wrap elementor-element-populated\">\n\t\t\t\t\t\t<div class=\"elementor-element elementor-element-fb9ac3f elementor-nav-menu__align-start elementor-nav-menu--dropdown-mobile elementor-nav-menu__text-align-aside elementor-nav-menu--toggle elementor-nav-menu--burger elementor-widget elementor-widget-nav-menu\" data-id=\"fb9ac3f\" data-element_type=\"widget\" data-settings=\"{&quot;layout&quot;:&quot;vertical&quot;,&quot;submenu_icon&quot;:{&quot;value&quot;:&quot;&lt;i class=\\&quot;\\&quot; aria-hidden=\\&quot;true\\&quot;&gt;&lt;\\\/i&gt;&quot;,&quot;library&quot;:&quot;&quot;},&quot;toggle&quot;:&quot;burger&quot;}\" data-widget_type=\"nav-menu.default\">\n\t\t\t\t<div class=\"elementor-widget-container\">\n\t\t\t\t\t\t\t\t<nav aria-label=\"Men\u00fc\" class=\"elementor-nav-menu--main elementor-nav-menu__container elementor-nav-menu--layout-vertical e--pointer-none\">\n\t\t\t\t<ul id=\"menu-1-fb9ac3f\" class=\"elementor-nav-menu sm-vertical\"><li class=\"menu-item menu-item-type-post_type menu-item-object-page menu-item-18518\"><a href=\"https:\/\/denkmalpflege.tuwien.ac.at\/index.php\/lehre-2\/lva-ws-1617\/1vorlesungws1617\/\" class=\"elementor-item\">Vorlesung <\/br>Denkmalpflege<\/a><\/li>\n<li class=\"menu-item menu-item-type-post_type menu-item-object-page menu-item-18519\"><a href=\"https:\/\/denkmalpflege.tuwien.ac.at\/index.php\/lehre-2\/lva-ws-1617\/entwerfen2ws1617\/\" class=\"elementor-item\">Gro\u00dfes Entwerfen <\/br>Der Geschirrhof in Klosterneuburg<\/a><\/li>\n<li class=\"menu-item menu-item-type-post_type menu-item-object-page menu-item-18520\"><a href=\"https:\/\/denkmalpflege.tuwien.ac.at\/index.php\/lehre-2\/lva-ws-1617\/entwerfen1ws1617\/\" class=\"elementor-item\">Gro\u00dfes Entwerfen <\/br>Das Franziskanerinnenkloster in D\u00f6llach<\/a><\/li>\n<li class=\"menu-item menu-item-type-post_type menu-item-object-page menu-item-18521\"><a href=\"https:\/\/denkmalpflege.tuwien.ac.at\/index.php\/lehre-2\/lva-ws-1617\/wahlsemws1617\/\" class=\"elementor-item\">Wahlseminar <\/br>Nie mehr Schule!? <\/br>Schulbauten der Aufbruchjahre<\/a><\/li>\n<li class=\"menu-item menu-item-type-post_type menu-item-object-page menu-item-18522\"><a href=\"https:\/\/denkmalpflege.tuwien.ac.at\/index.php\/denkmalpflege-und-bausanierung\/\" class=\"elementor-item\">\u00dcbung <\/br>Denkmalpflege und Bausanierung<\/a><\/li>\n<li class=\"menu-item menu-item-type-post_type menu-item-object-page menu-item-18523\"><a href=\"https:\/\/denkmalpflege.tuwien.ac.at\/index.php\/lehre-2\/lva-sommersemester-2021\/anleitung-wissenschaftlichen-arbeiten\/\" class=\"elementor-item\">Seminar <\/br>Anleitung Wissenschaftlichen Arbeiten<\/a><\/li>\n<li class=\"menu-item menu-item-type-post_type menu-item-object-page menu-item-18524\"><a href=\"https:\/\/denkmalpflege.tuwien.ac.at\/index.php\/diplomanden-und-dissertantenseminar\/\" class=\"elementor-item\">Seminar <\/br>Diplomanden und -Dissertantenseminar<\/a><\/li>\n<\/ul>\t\t\t<\/nav>\n\t\t\t\t\t<div class=\"elementor-menu-toggle\" role=\"button\" tabindex=\"0\" aria-label=\"Men\u00fc Umschalter\" aria-expanded=\"false\">\n\t\t\t<i aria-hidden=\"true\" role=\"presentation\" class=\"elementor-menu-toggle__icon--open eicon-menu-bar\"><\/i><i aria-hidden=\"true\" role=\"presentation\" class=\"elementor-menu-toggle__icon--close eicon-close\"><\/i>\t\t<\/div>\n\t\t\t\t\t<nav class=\"elementor-nav-menu--dropdown elementor-nav-menu__container\" aria-hidden=\"true\">\n\t\t\t\t<ul id=\"menu-2-fb9ac3f\" class=\"elementor-nav-menu sm-vertical\"><li class=\"menu-item menu-item-type-post_type menu-item-object-page menu-item-18518\"><a href=\"https:\/\/denkmalpflege.tuwien.ac.at\/index.php\/lehre-2\/lva-ws-1617\/1vorlesungws1617\/\" class=\"elementor-item\" tabindex=\"-1\">Vorlesung <\/br>Denkmalpflege<\/a><\/li>\n<li class=\"menu-item menu-item-type-post_type menu-item-object-page menu-item-18519\"><a href=\"https:\/\/denkmalpflege.tuwien.ac.at\/index.php\/lehre-2\/lva-ws-1617\/entwerfen2ws1617\/\" class=\"elementor-item\" tabindex=\"-1\">Gro\u00dfes Entwerfen <\/br>Der Geschirrhof in Klosterneuburg<\/a><\/li>\n<li class=\"menu-item menu-item-type-post_type menu-item-object-page menu-item-18520\"><a href=\"https:\/\/denkmalpflege.tuwien.ac.at\/index.php\/lehre-2\/lva-ws-1617\/entwerfen1ws1617\/\" class=\"elementor-item\" tabindex=\"-1\">Gro\u00dfes Entwerfen <\/br>Das Franziskanerinnenkloster in D\u00f6llach<\/a><\/li>\n<li class=\"menu-item menu-item-type-post_type menu-item-object-page menu-item-18521\"><a href=\"https:\/\/denkmalpflege.tuwien.ac.at\/index.php\/lehre-2\/lva-ws-1617\/wahlsemws1617\/\" class=\"elementor-item\" tabindex=\"-1\">Wahlseminar <\/br>Nie mehr Schule!? <\/br>Schulbauten der Aufbruchjahre<\/a><\/li>\n<li class=\"menu-item menu-item-type-post_type menu-item-object-page menu-item-18522\"><a href=\"https:\/\/denkmalpflege.tuwien.ac.at\/index.php\/denkmalpflege-und-bausanierung\/\" class=\"elementor-item\" tabindex=\"-1\">\u00dcbung <\/br>Denkmalpflege und Bausanierung<\/a><\/li>\n<li class=\"menu-item menu-item-type-post_type menu-item-object-page menu-item-18523\"><a href=\"https:\/\/denkmalpflege.tuwien.ac.at\/index.php\/lehre-2\/lva-sommersemester-2021\/anleitung-wissenschaftlichen-arbeiten\/\" class=\"elementor-item\" tabindex=\"-1\">Seminar <\/br>Anleitung Wissenschaftlichen Arbeiten<\/a><\/li>\n<li class=\"menu-item menu-item-type-post_type menu-item-object-page menu-item-18524\"><a href=\"https:\/\/denkmalpflege.tuwien.ac.at\/index.php\/diplomanden-und-dissertantenseminar\/\" class=\"elementor-item\" tabindex=\"-1\">Seminar <\/br>Diplomanden und -Dissertantenseminar<\/a><\/li>\n<\/ul>\t\t\t<\/nav>\n\t\t\t\t\t\t<\/div>\n\t\t\t\t<\/div>\n\t\t\t\t\t<\/div>\n\t\t<\/div>\n\t\t\t\t<div class=\"elementor-column elementor-col-50 elementor-top-column elementor-element elementor-element-4d03f965\" data-id=\"4d03f965\" data-element_type=\"column\">\n\t\t\t<div class=\"elementor-widget-wrap elementor-element-populated\">\n\t\t\t\t\t\t<div class=\"elementor-element elementor-element-2b515000 elementor-widget elementor-widget-text-editor\" data-id=\"2b515000\" data-element_type=\"widget\" data-widget_type=\"text-editor.default\">\n\t\t\t\t<div class=\"elementor-widget-container\">\n\t\t\t\t\t\t\t\t\t<h1 class=\"lva_h1\">DER Gschirrhof in Klosterneuburg<\/h1>\t\t\t\t\t\t\t\t<\/div>\n\t\t\t\t<\/div>\n\t\t\t\t<div class=\"elementor-element elementor-element-4dca0435 lva_img elementor-widget elementor-widget-image\" data-id=\"4dca0435\" data-element_type=\"widget\" data-widget_type=\"image.default\">\n\t\t\t\t<div class=\"elementor-widget-container\">\n\t\t\t\t\t\t\t\t\t\t\t\t\t\t\t<img fetchpriority=\"high\" decoding=\"async\" width=\"260\" height=\"226\" src=\"https:\/\/denkmalpflege.tuwien.ac.at\/wp-content\/uploads\/2016\/09\/gschirrhof-3.gif\" class=\"attachment-full size-full wp-image-11429\" alt=\"\" \/>\t\t\t\t\t\t\t\t\t\t\t\t\t\t\t<\/div>\n\t\t\t\t<\/div>\n\t\t\t\t<div class=\"elementor-element elementor-element-501a608c elementor-widget elementor-widget-text-editor\" data-id=\"501a608c\" data-element_type=\"widget\" data-widget_type=\"text-editor.default\">\n\t\t\t\t<div class=\"elementor-widget-container\">\n\t\t\t\t\t\t\t\t\t<p class=\"akt\">Master \u2013 Denkmalpflege &amp; Entwurf: Strategien der Erhaltung<\/p>\t\t\t\t\t\t\t\t<\/div>\n\t\t\t\t<\/div>\n\t\t\t\t<div class=\"elementor-element elementor-element-1d1be883 elementor-widget elementor-widget-text-editor\" data-id=\"1d1be883\" data-element_type=\"widget\" data-widget_type=\"text-editor.default\">\n\t\t\t\t<div class=\"elementor-widget-container\">\n\t\t\t\t\t\t\t\t\t<h3 class=\"lva_h3 lva_leiter\"><strong>Nott CAVIEZEL, Agnes LIEBSCH<\/strong><\/h3><h3 class=\"lva_h3 lva_leiter lva_h3_abstand\"><strong>Einf\u00fchrung<\/strong><\/h3><p class=\"lva_text\">Dienstag 4. Oktober 2016, 9:00-13:00 Uhr, SR 257 (Stiege 3, 2. Stock)<\/p><h3 class=\"lva_h3 lva_leiter lva_h3_abstand\"><strong>Termine<\/strong><\/h3><p class=\"lva_text\">Dienstag, 9:00-13:00 Uhr im SR 257 (Stiege 3, 2. OG)<br \/>Intensivtage in Klosterneuburg: 10. &amp; 11. Oktober 2016<\/p><h3 class=\"lva_h3 lva_leiter lva_h3_abstand\"><strong>Anmeldung<\/strong><\/h3><p class=\"lva_text\">\u00dcber <a class=\"link\" href=\"https:\/\/tiss.tuwien.ac.at\/course\/courseDetails.xhtml?windowId=aac&amp;courseNr=251779&amp;semester=2016W\"> TISS <\/a><strong>+ <\/strong>Motivationsschreiben (ca. halbe DIN A4 Seite),<br \/>als Teil des Portfolios oder per email an <strong><a href=\"mailto:agnes.liebsch@tuwien.ac.at\">Agnes Liebsch<\/a><\/strong>.<\/p>\t\t\t\t\t\t\t\t<\/div>\n\t\t\t\t<\/div>\n\t\t\t\t<div class=\"elementor-element elementor-element-7cbd62d6 elementor-widget-divider--view-line elementor-widget elementor-widget-divider\" data-id=\"7cbd62d6\" data-element_type=\"widget\" data-widget_type=\"divider.default\">\n\t\t\t\t<div class=\"elementor-widget-container\">\n\t\t\t\t\t\t\t<div class=\"elementor-divider\">\n\t\t\t<span class=\"elementor-divider-separator\">\n\t\t\t\t\t\t<\/span>\n\t\t<\/div>\n\t\t\t\t\t\t<\/div>\n\t\t\t\t<\/div>\n\t\t\t\t<div class=\"elementor-element elementor-element-4e76e84f elementor-widget elementor-widget-text-editor\" data-id=\"4e76e84f\" data-element_type=\"widget\" data-widget_type=\"text-editor.default\">\n\t\t\t\t<div class=\"elementor-widget-container\">\n\t\t\t\t\t\t\t\t\t<h3 class=\"lva_h3 lva_leiter lva_h3_abstand\"><strong>Lernergebnisse<\/strong><\/h3><p class=\"lva_text\">Jede Entwurfsarbeit am denkmalgesch\u00fctzten Objekt beansprucht spezifische Kenntnisse und erfordert dem Bestand angemessene Strategien. Die \u00dcbung bietet den Studierenden die Gelegenheit, sich mit den vielf\u00e4ltigen Erfordernissen zu befassen, denen man beim Erhalten, Restaurieren, Sanieren und Verwalten eines Denkmals oder bei Eingriffen in ein denkmalgesch\u00fctztes Ensemble gerecht werden muss.<\/p><h3 class=\"lva_h3 lva_leiter lva_h3_abstand\"><strong>Inhalt der Lehrveranstaltung<\/strong><\/h3><p class=\"va_text\">Der Gschirrhof in Klosterneuburg war der Wirtschaftshof des Stiftes. In unmittelbarer N\u00e4he zum Stift gelegen, waren in ihm St\u00e4lle f\u00fcr Pferde, Handwerksbetriebe und Wohnungen untergebracht. Der Hof setzt sich aus mehreren Geb\u00e4uden zusammen: Die \u00e4ltesten Teile, die Reste einer Kapelle, stammen aus dem 13. Jahrhundert. Der Gro\u00dfteil der Geb\u00e4ude stammt aus dem 17. Jahrhundert und aus einer Umbau- und Erweiterungsphase 1893, als auch ein Turm der Stadtmauer in den Geb\u00e4udekomplex integriert wurde. Heute steht der Gro\u00dfteil des Hofes leer. F\u00fcr die historischen R\u00e4ume ist eine ad\u00e4quate Nutzung gesucht. Wo n\u00f6tig, sollen denkmalpflegerisch vertr\u00e4gliche Ma\u00dfnahmen geplant werden, die den Bestand schonen und dennoch neue Funktionen zulassen.<\/p>\t\t\t\t\t\t\t\t<\/div>\n\t\t\t\t<\/div>\n\t\t\t\t<div class=\"elementor-element elementor-element-13ad626a elementor-widget-divider--view-line elementor-widget elementor-widget-divider\" data-id=\"13ad626a\" data-element_type=\"widget\" data-widget_type=\"divider.default\">\n\t\t\t\t<div class=\"elementor-widget-container\">\n\t\t\t\t\t\t\t<div class=\"elementor-divider\">\n\t\t\t<span class=\"elementor-divider-separator\">\n\t\t\t\t\t\t<\/span>\n\t\t<\/div>\n\t\t\t\t\t\t<\/div>\n\t\t\t\t<\/div>\n\t\t\t\t<section class=\"elementor-section elementor-inner-section elementor-element elementor-element-b5a6bc5 elementor-section-boxed elementor-section-height-default elementor-section-height-default\" data-id=\"b5a6bc5\" data-element_type=\"section\">\n\t\t\t\t\t\t<div class=\"elementor-container elementor-column-gap-default\">\n\t\t\t\t\t<div class=\"elementor-column elementor-col-50 elementor-inner-column elementor-element elementor-element-70735be9\" data-id=\"70735be9\" data-element_type=\"column\">\n\t\t\t<div class=\"elementor-widget-wrap elementor-element-populated\">\n\t\t\t\t\t\t<div class=\"elementor-element elementor-element-2f0402f elementor-widget elementor-widget-text-editor\" data-id=\"2f0402f\" data-element_type=\"widget\" data-widget_type=\"text-editor.default\">\n\t\t\t\t<div class=\"elementor-widget-container\">\n\t\t\t\t\t\t\t\t\t<p class=\"lva_text\"><a class=\"link link_blau\" href=\"https:\/\/tiss.tuwien.ac.at\/course\/courseDetails.xhtml?windowId=aac&amp;courseNr=251779&amp;semester=2016W\">TISS<\/a><\/p>\t\t\t\t\t\t\t\t<\/div>\n\t\t\t\t<\/div>\n\t\t\t\t\t<\/div>\n\t\t<\/div>\n\t\t\t\t<div class=\"elementor-column elementor-col-50 elementor-inner-column elementor-element elementor-element-583178f7\" data-id=\"583178f7\" data-element_type=\"column\">\n\t\t\t<div class=\"elementor-widget-wrap\">\n\t\t\t\t\t\t\t<\/div>\n\t\t<\/div>\n\t\t\t\t\t<\/div>\n\t\t<\/section>\n\t\t\t\t\t<\/div>\n\t\t<\/div>\n\t\t\t\t\t<\/div>\n\t\t<\/section>\n\t\t\t\t<\/div>\n\t\t","protected":false},"excerpt":{"rendered":"<p>LVA WS16 251.779 8,0 h (10,0 ECTS) DER Gschirrhof in Klosterneuburg Master \u2013 Denkmalpflege &amp; Entwurf: Strategien der Erhaltung Nott CAVIEZEL, Agnes LIEBSCH Einf\u00fchrung Dienstag 4. Oktober 2016, 9:00-13:00 Uhr, SR 257 (Stiege 3, 2. Stock) Termine Dienstag, 9:00-13:00 Uhr im SR 257 (Stiege 3, 2. OG)Intensivtage in Klosterneuburg: 10. &amp; 11. Oktober 2016 Anmeldung \u00dcber TISS + Motivationsschreiben (ca. halbe DIN A4 Seite),als Teil des Portfolios oder per email<\/p>\n<div class=\"belowpost\"><a class=\"btnmore icon-arrow\" href=\"https:\/\/denkmalpflege.tuwien.ac.at\/index.php\/lehre-2\/lva-ws-1617\/entwerfen2ws1617\/\"><span>Read More<\/span><\/a><\/div>\n","protected":false},"author":1,"featured_media":0,"parent":11395,"menu_order":0,"comment_status":"closed","ping_status":"closed","template":"","meta":{"footnotes":""},"class_list":["post-11448","page","type-page","status-publish","hentry"],"yoast_head":"<!-- This site is optimized with the Yoast SEO plugin v26.0 - https:\/\/yoast.com\/wordpress\/plugins\/seo\/ -->\n<title>entwerfen2ws1617 - Denkmalpflege und Bauen im Bestand<\/title>\n<meta name=\"robots\" content=\"index, follow, max-snippet:-1, max-image-preview:large, max-video-preview:-1\" \/>\n<link rel=\"canonical\" href=\"https:\/\/denkmalpflege.tuwien.ac.at\/index.php\/lehre-2\/lva-ws-1617\/entwerfen2ws1617\/\" \/>\n<meta property=\"og:locale\" content=\"de_DE\" \/>\n<meta property=\"og:type\" content=\"article\" \/>\n<meta property=\"og:title\" content=\"entwerfen2ws1617 - Denkmalpflege und Bauen im Bestand\" \/>\n<meta property=\"og:description\" content=\"LVA WS16 251.779 8,0 h (10,0 ECTS) DER Gschirrhof in Klosterneuburg Master \u2013 Denkmalpflege &amp; Entwurf: Strategien der Erhaltung Nott CAVIEZEL, Agnes LIEBSCH Einf\u00fchrung Dienstag 4. Oktober 2016, 9:00-13:00 Uhr, SR 257 (Stiege 3, 2. Stock) Termine Dienstag, 9:00-13:00 Uhr im SR 257 (Stiege 3, 2. OG)Intensivtage in Klosterneuburg: 10. &amp; 11. Oktober 2016 Anmeldung \u00dcber TISS + Motivationsschreiben (ca. halbe DIN A4 Seite),als Teil des Portfolios oder per emailRead More\" \/>\n<meta property=\"og:url\" content=\"https:\/\/denkmalpflege.tuwien.ac.at\/index.php\/lehre-2\/lva-ws-1617\/entwerfen2ws1617\/\" \/>\n<meta property=\"og:site_name\" content=\"Denkmalpflege und Bauen im Bestand\" \/>\n<meta property=\"article:modified_time\" content=\"2024-12-10T14:33:45+00:00\" \/>\n<meta property=\"og:image\" content=\"http:\/\/denkmalpflege.tuwien.ac.at\/wp-content\/uploads\/2016\/09\/gschirrhof-3.gif\" \/>\n<meta name=\"twitter:card\" content=\"summary_large_image\" \/>\n<meta name=\"twitter:label1\" content=\"Gesch\u00e4tzte Lesezeit\" \/>\n\t<meta name=\"twitter:data1\" content=\"1\u00a0Minute\" \/>\n<script type=\"application\/ld+json\" class=\"yoast-schema-graph\">{\"@context\":\"https:\/\/schema.org\",\"@graph\":[{\"@type\":\"WebPage\",\"@id\":\"https:\/\/denkmalpflege.tuwien.ac.at\/index.php\/lehre-2\/lva-ws-1617\/entwerfen2ws1617\/\",\"url\":\"https:\/\/denkmalpflege.tuwien.ac.at\/index.php\/lehre-2\/lva-ws-1617\/entwerfen2ws1617\/\",\"name\":\"entwerfen2ws1617 - Denkmalpflege und Bauen im Bestand\",\"isPartOf\":{\"@id\":\"https:\/\/denkmalpflege.tuwien.ac.at\/#website\"},\"primaryImageOfPage\":{\"@id\":\"https:\/\/denkmalpflege.tuwien.ac.at\/index.php\/lehre-2\/lva-ws-1617\/entwerfen2ws1617\/#primaryimage\"},\"image\":{\"@id\":\"https:\/\/denkmalpflege.tuwien.ac.at\/index.php\/lehre-2\/lva-ws-1617\/entwerfen2ws1617\/#primaryimage\"},\"thumbnailUrl\":\"http:\/\/denkmalpflege.tuwien.ac.at\/wp-content\/uploads\/2016\/09\/gschirrhof-3.gif\",\"datePublished\":\"2016-09-06T11:25:02+00:00\",\"dateModified\":\"2024-12-10T14:33:45+00:00\",\"breadcrumb\":{\"@id\":\"https:\/\/denkmalpflege.tuwien.ac.at\/index.php\/lehre-2\/lva-ws-1617\/entwerfen2ws1617\/#breadcrumb\"},\"inLanguage\":\"de\",\"potentialAction\":[{\"@type\":\"ReadAction\",\"target\":[\"https:\/\/denkmalpflege.tuwien.ac.at\/index.php\/lehre-2\/lva-ws-1617\/entwerfen2ws1617\/\"]}]},{\"@type\":\"ImageObject\",\"inLanguage\":\"de\",\"@id\":\"https:\/\/denkmalpflege.tuwien.ac.at\/index.php\/lehre-2\/lva-ws-1617\/entwerfen2ws1617\/#primaryimage\",\"url\":\"\",\"contentUrl\":\"\"},{\"@type\":\"BreadcrumbList\",\"@id\":\"https:\/\/denkmalpflege.tuwien.ac.at\/index.php\/lehre-2\/lva-ws-1617\/entwerfen2ws1617\/#breadcrumb\",\"itemListElement\":[{\"@type\":\"ListItem\",\"position\":1,\"name\":\"Startseite\",\"item\":\"https:\/\/denkmalpflege.tuwien.ac.at\/\"},{\"@type\":\"ListItem\",\"position\":2,\"name\":\"Lehre\",\"item\":\"https:\/\/denkmalpflege.tuwien.ac.at\/index.php\/lehre-2\/\"},{\"@type\":\"ListItem\",\"position\":3,\"name\":\"LVA Wintersermester 2016\/2017\",\"item\":\"https:\/\/denkmalpflege.tuwien.ac.at\/index.php\/lehre-2\/lva-ws-1617\/\"},{\"@type\":\"ListItem\",\"position\":4,\"name\":\"entwerfen2ws1617\"}]},{\"@type\":\"WebSite\",\"@id\":\"https:\/\/denkmalpflege.tuwien.ac.at\/#website\",\"url\":\"https:\/\/denkmalpflege.tuwien.ac.at\/\",\"name\":\"Denkmalpflege und Bauen im Bestand\",\"description\":\"Denkmalpflege TU Wien\",\"publisher\":{\"@id\":\"https:\/\/denkmalpflege.tuwien.ac.at\/#organization\"},\"potentialAction\":[{\"@type\":\"SearchAction\",\"target\":{\"@type\":\"EntryPoint\",\"urlTemplate\":\"https:\/\/denkmalpflege.tuwien.ac.at\/?s={search_term_string}\"},\"query-input\":{\"@type\":\"PropertyValueSpecification\",\"valueRequired\":true,\"valueName\":\"search_term_string\"}}],\"inLanguage\":\"de\"},{\"@type\":\"Organization\",\"@id\":\"https:\/\/denkmalpflege.tuwien.ac.at\/#organization\",\"name\":\"TU Wien Denkmalpflege und Bauen im Bestand\",\"url\":\"https:\/\/denkmalpflege.tuwien.ac.at\/\",\"logo\":{\"@type\":\"ImageObject\",\"inLanguage\":\"de\",\"@id\":\"https:\/\/denkmalpflege.tuwien.ac.at\/#\/schema\/logo\/image\/\",\"url\":\"https:\/\/denkmalpflege.tuwien.ac.at\/wp-content\/uploads\/2019\/10\/Logo1.png\",\"contentUrl\":\"https:\/\/denkmalpflege.tuwien.ac.at\/wp-content\/uploads\/2019\/10\/Logo1.png\",\"width\":222,\"height\":79,\"caption\":\"TU Wien Denkmalpflege und Bauen im Bestand\"},\"image\":{\"@id\":\"https:\/\/denkmalpflege.tuwien.ac.at\/#\/schema\/logo\/image\/\"}}]}<\/script>\n<!-- \/ Yoast SEO plugin. -->","yoast_head_json":{"title":"entwerfen2ws1617 - Denkmalpflege und Bauen im Bestand","robots":{"index":"index","follow":"follow","max-snippet":"max-snippet:-1","max-image-preview":"max-image-preview:large","max-video-preview":"max-video-preview:-1"},"canonical":"https:\/\/denkmalpflege.tuwien.ac.at\/index.php\/lehre-2\/lva-ws-1617\/entwerfen2ws1617\/","og_locale":"de_DE","og_type":"article","og_title":"entwerfen2ws1617 - Denkmalpflege und Bauen im Bestand","og_description":"LVA WS16 251.779 8,0 h (10,0 ECTS) DER Gschirrhof in Klosterneuburg Master \u2013 Denkmalpflege &amp; Entwurf: Strategien der Erhaltung Nott CAVIEZEL, Agnes LIEBSCH Einf\u00fchrung Dienstag 4. Oktober 2016, 9:00-13:00 Uhr, SR 257 (Stiege 3, 2. Stock) Termine Dienstag, 9:00-13:00 Uhr im SR 257 (Stiege 3, 2. OG)Intensivtage in Klosterneuburg: 10. &amp; 11. Oktober 2016 Anmeldung \u00dcber TISS + Motivationsschreiben (ca. halbe DIN A4 Seite),als Teil des Portfolios oder per emailRead More","og_url":"https:\/\/denkmalpflege.tuwien.ac.at\/index.php\/lehre-2\/lva-ws-1617\/entwerfen2ws1617\/","og_site_name":"Denkmalpflege und Bauen im Bestand","article_modified_time":"2024-12-10T14:33:45+00:00","og_image":[{"url":"http:\/\/denkmalpflege.tuwien.ac.at\/wp-content\/uploads\/2016\/09\/gschirrhof-3.gif","type":"","width":"","height":""}],"twitter_card":"summary_large_image","twitter_misc":{"Gesch\u00e4tzte Lesezeit":"1\u00a0Minute"},"schema":{"@context":"https:\/\/schema.org","@graph":[{"@type":"WebPage","@id":"https:\/\/denkmalpflege.tuwien.ac.at\/index.php\/lehre-2\/lva-ws-1617\/entwerfen2ws1617\/","url":"https:\/\/denkmalpflege.tuwien.ac.at\/index.php\/lehre-2\/lva-ws-1617\/entwerfen2ws1617\/","name":"entwerfen2ws1617 - Denkmalpflege und Bauen im Bestand","isPartOf":{"@id":"https:\/\/denkmalpflege.tuwien.ac.at\/#website"},"primaryImageOfPage":{"@id":"https:\/\/denkmalpflege.tuwien.ac.at\/index.php\/lehre-2\/lva-ws-1617\/entwerfen2ws1617\/#primaryimage"},"image":{"@id":"https:\/\/denkmalpflege.tuwien.ac.at\/index.php\/lehre-2\/lva-ws-1617\/entwerfen2ws1617\/#primaryimage"},"thumbnailUrl":"http:\/\/denkmalpflege.tuwien.ac.at\/wp-content\/uploads\/2016\/09\/gschirrhof-3.gif","datePublished":"2016-09-06T11:25:02+00:00","dateModified":"2024-12-10T14:33:45+00:00","breadcrumb":{"@id":"https:\/\/denkmalpflege.tuwien.ac.at\/index.php\/lehre-2\/lva-ws-1617\/entwerfen2ws1617\/#breadcrumb"},"inLanguage":"de","potentialAction":[{"@type":"ReadAction","target":["https:\/\/denkmalpflege.tuwien.ac.at\/index.php\/lehre-2\/lva-ws-1617\/entwerfen2ws1617\/"]}]},{"@type":"ImageObject","inLanguage":"de","@id":"https:\/\/denkmalpflege.tuwien.ac.at\/index.php\/lehre-2\/lva-ws-1617\/entwerfen2ws1617\/#primaryimage","url":"","contentUrl":""},{"@type":"BreadcrumbList","@id":"https:\/\/denkmalpflege.tuwien.ac.at\/index.php\/lehre-2\/lva-ws-1617\/entwerfen2ws1617\/#breadcrumb","itemListElement":[{"@type":"ListItem","position":1,"name":"Startseite","item":"https:\/\/denkmalpflege.tuwien.ac.at\/"},{"@type":"ListItem","position":2,"name":"Lehre","item":"https:\/\/denkmalpflege.tuwien.ac.at\/index.php\/lehre-2\/"},{"@type":"ListItem","position":3,"name":"LVA Wintersermester 2016\/2017","item":"https:\/\/denkmalpflege.tuwien.ac.at\/index.php\/lehre-2\/lva-ws-1617\/"},{"@type":"ListItem","position":4,"name":"entwerfen2ws1617"}]},{"@type":"WebSite","@id":"https:\/\/denkmalpflege.tuwien.ac.at\/#website","url":"https:\/\/denkmalpflege.tuwien.ac.at\/","name":"Denkmalpflege und Bauen im Bestand","description":"Denkmalpflege TU Wien","publisher":{"@id":"https:\/\/denkmalpflege.tuwien.ac.at\/#organization"},"potentialAction":[{"@type":"SearchAction","target":{"@type":"EntryPoint","urlTemplate":"https:\/\/denkmalpflege.tuwien.ac.at\/?s={search_term_string}"},"query-input":{"@type":"PropertyValueSpecification","valueRequired":true,"valueName":"search_term_string"}}],"inLanguage":"de"},{"@type":"Organization","@id":"https:\/\/denkmalpflege.tuwien.ac.at\/#organization","name":"TU Wien Denkmalpflege und Bauen im Bestand","url":"https:\/\/denkmalpflege.tuwien.ac.at\/","logo":{"@type":"ImageObject","inLanguage":"de","@id":"https:\/\/denkmalpflege.tuwien.ac.at\/#\/schema\/logo\/image\/","url":"https:\/\/denkmalpflege.tuwien.ac.at\/wp-content\/uploads\/2019\/10\/Logo1.png","contentUrl":"https:\/\/denkmalpflege.tuwien.ac.at\/wp-content\/uploads\/2019\/10\/Logo1.png","width":222,"height":79,"caption":"TU Wien Denkmalpflege und Bauen im Bestand"},"image":{"@id":"https:\/\/denkmalpflege.tuwien.ac.at\/#\/schema\/logo\/image\/"}}]}},"_links":{"self":[{"href":"https:\/\/denkmalpflege.tuwien.ac.at\/index.php\/wp-json\/wp\/v2\/pages\/11448","targetHints":{"allow":["GET"]}}],"collection":[{"href":"https:\/\/denkmalpflege.tuwien.ac.at\/index.php\/wp-json\/wp\/v2\/pages"}],"about":[{"href":"https:\/\/denkmalpflege.tuwien.ac.at\/index.php\/wp-json\/wp\/v2\/types\/page"}],"author":[{"embeddable":true,"href":"https:\/\/denkmalpflege.tuwien.ac.at\/index.php\/wp-json\/wp\/v2\/users\/1"}],"replies":[{"embeddable":true,"href":"https:\/\/denkmalpflege.tuwien.ac.at\/index.php\/wp-json\/wp\/v2\/comments?post=11448"}],"version-history":[{"count":24,"href":"https:\/\/denkmalpflege.tuwien.ac.at\/index.php\/wp-json\/wp\/v2\/pages\/11448\/revisions"}],"predecessor-version":[{"id":27849,"href":"https:\/\/denkmalpflege.tuwien.ac.at\/index.php\/wp-json\/wp\/v2\/pages\/11448\/revisions\/27849"}],"up":[{"embeddable":true,"href":"https:\/\/denkmalpflege.tuwien.ac.at\/index.php\/wp-json\/wp\/v2\/pages\/11395"}],"wp:attachment":[{"href":"https:\/\/denkmalpflege.tuwien.ac.at\/index.php\/wp-json\/wp\/v2\/media?parent=11448"}],"curies":[{"name":"wp","href":"https:\/\/api.w.org\/{rel}","templated":true}]}}