{"id":11356,"date":"2016-08-23T12:29:32","date_gmt":"2016-08-23T10:29:32","guid":{"rendered":"http:\/\/denkmalpflege.tuwien.ac.at\/?page_id=11356"},"modified":"2018-06-05T11:18:47","modified_gmt":"2018-06-05T09:18:47","slug":"pasruck","status":"publish","type":"page","link":"https:\/\/denkmalpflege.tuwien.ac.at\/index.php\/pasruck\/","title":{"rendered":"pasr\u00fcck"},"content":{"rendered":"<div class=\"mitarbeiter\">\n<div class=\"yellow\">Gro\u00dfes Entwerfen \u201cDenkmalpflege und Entwurf: Strategien der Erhaltung\u201d<\/div>\n<div class=\"grey\"> <img decoding=\"async\" src=\"http:\/\/denkmalpflege1.e251.tuwien.ac.at\/wp-content\/uploads\/2016\/02\/Hochwasser.gif\" alt=\"Passau\" title=\"Passau\" width=\"130\" height=\"113\" class=\"alignnone size-full wp-image-165\" \/><\/a><\/p>\n<p><span> <\/span><br \/>\nDenkmalpflege und Hochwasserschutz \u2013 Strategien f\u00fcr das historische Passau<br \/>\nF\u00fcr MasterstudentInnen<br \/>\n<span> <\/span><br \/>\nSommersemester 2016<br \/>\nVortragende: Nott Caviezel, Lea Elisabeth Ullmann<\/p>\n<div class='breakline'><\/div>\n<\/div>\n<p><span><\/span><br \/>\n<span><\/span><br \/>\n<span> <\/span><\/p>\n<div class=\"titel\">Ziele der Lehrveranstaltung<\/div>\n<p>Jede Entwurfsarbeit am denkmalgesch\u00fctzten Objekt beansprucht spezifische Kenntnisse und erfordert dem Bestand angemessene Strategien. Die \u00dcbung bietet den Studierenden die Gelegenheit, sich mit den vielf\u00e4ltigen Erfordernissen zu befassen, denen man beim Erhalten, Restaurieren, Sanieren und Verwalten eines Denkmals oder bei Eingriffen in ein denkmalgesch\u00fctztes st\u00e4dtisches Ensemble gerecht werden muss.<\/p>\n<div class=\"titel\">Inhalt der Lehrveranstaltung<\/div>\n<p>Die Stadt Passau ist aufgrund ihrer Lage an den drei Fl\u00fcssen Donau, Inn und Ilz von Hochwasserkatastrophen besonders stark betroffen. Gleichzeitig weist sie eine sehr hohe Dichte an wertvollen Bestandsgeb\u00e4uden aus verschiedenen Jahrhunderten auf. Anhand verschiedener Situationen im Stadtraum sowie in unterschiedlichen Ma\u00dfstabsebenen sollen Strategien f\u00fcr einen denkmalvertr\u00e4glichen Hochwasserschutz erarbeitet werden.<br \/>\nDie Lehrveranstaltung findet in Zusammenarbeit mit dem Wasserwirtschaftsamt, dem Verein \u201eFelsenfreunde Passau e.V.\u201c und weiteren Experten vor Ort statt. Die Aufgabenstellung ist realit\u00e4tsnah und bietet den Studierenden die M\u00f6glichkeit, ihre analytischen und entwerferischen F\u00e4higkeiten an einer authentischen Problemstellung zu sch\u00e4rfen. Die Aufgabe erfordert eine tiefreichende Analyse des historischen, landschaftlichen und baulichen Kontextes. Aus den entsprechenden Erkenntnissen sollen unter Einbeziehung der besonderen Erfordernisse des Hochwasserschutzes denkmalpflegerisch vertretbare Konzepte und interessante Entw\u00fcrfe entstehen.<br \/>\nUm eine tiefgehende Analyse der Gegebenheiten vor Ort zu erm\u00f6glichen, ist die Lehrveranstaltung mit einem mehrt\u00e4gigen Aufenthalt in Passau verbunden.<\/p>\n<p><span><\/span><br \/>\n<span><\/span><\/p>\n<div class='titel'>Analyse<\/div>\n<p><span><\/span><br \/>\n<a href='http:\/\/denkmalpflege.tuwien.ac.at\/wp-content\/uploads\/2016\/08\/Broschuere_Passau_Allgemein.pdf'>Einleitung &#8211; <strong> Allgemein<\/strong><\/a><br \/>\n<span><\/span><br \/>\n<a href='http:\/\/denkmalpflege.tuwien.ac.at\/wp-content\/uploads\/2016\/08\/Broschuere_Passau_Exkursion.pdf'>Besichtigung &#8211; <strong> Exkursion<\/strong><\/a><br \/>\n<span><\/span><br \/>\n<span><\/span><\/p>\n<div class='titel'>Projekte<\/div>\n<p><span><\/span><br \/>\n<span><\/span><br \/>\n<strong> Hochwasserschutz im \u00f6ffentlichen Raum <\/strong><br \/>\nDie Innpromenade entlang der Gottfried-Sch\u00e4ffer-Stra\u00dfe<br \/>\n<span><\/span><br \/>\n<span><\/span><br \/>\n<a href='http:\/\/denkmalpflege.tuwien.ac.at\/wp-content\/uploads\/2016\/08\/Broschuere_Passau_Projekt_Innw\u00e4rts.pdf'><strong> Innw\u00e4rts <\/strong> &#8211; Stefan Melwisch &#038; Patrick Somweber<\/a><br \/>\n<span><\/span><br \/>\n<a href='http:\/\/denkmalpflege.tuwien.ac.at\/wp-content\/uploads\/2016\/08\/Broschuere_Passau_Projekte_Hochwasserschutz-Innpromenade-Passau.pdf'><strong> Hochwasserschutz Innpromenade Passau <\/strong> &#8211; Benjamin Michels &#038; Sveva Ventre <\/a><br \/>\n<span><\/span><br \/>\n<a href='http:\/\/denkmalpflege.tuwien.ac.at\/wp-content\/uploads\/2016\/08\/Broschuere_Passau_Projekt_Stadtsaum-Passau.pdf'><strong> Stadtsaum Passau <\/strong> &#8211; Alessio Maurizi &#038; Johannes Maria Rys<\/a><br \/>\n<span><\/span><br \/>\n<a href='http:\/\/denkmalpflege.tuwien.ac.at\/wp-content\/uploads\/2016\/08\/Broschuere_Passau_Projekte_INNPROMENADE-2.0-mehr-als-nur-ein-Holzweg.pdf'><strong>INNPROMENADE 2.0 mehr als nur ein Holzweg&#8230; <\/strong> &#8211; Nina Baumann &#038; Matthias Wisser <\/a><\/p>\n<p><span><\/span><br \/>\n<span><\/span><br \/>\n<span><\/span><\/p>\n<p><strong>Hochwasserschutz am Baudenkmal, Instandsetzung und Neunutzung<\/strong><br \/>\nDas ehemalige Wirtshaus \u201eZur Fels\u2018n\u201c in der Passauer Ilzstadt<br \/>\n<span><\/span><br \/>\n<span><\/span><br \/>\n<a href='http:\/\/denkmalpflege.tuwien.ac.at\/wp-content\/uploads\/2016\/08\/Broschuere_Passau_Projekt_FelsnTreff.pdf'><strong> Fels\u2019n Treff <\/strong> &#8211; Valerio Alvarez, Sophie Giefing  &#038; Julia Totter <\/a><br \/>\n<span><\/span><br \/>\n<a href='http:\/\/denkmalpflege.tuwien.ac.at\/wp-content\/uploads\/2016\/08\/Broschuere_Passau_Projekt_Fels\u2019n-Kunst.pdf'><strong>Fels\u2019n Kunst<\/strong> &#8211; Judith Mayr &#038; Sarah Stiedl <\/a><br \/>\n<span><\/span><br \/>\n<a href='http:\/\/denkmalpflege.tuwien.ac.at\/wp-content\/uploads\/2016\/08\/Broschuere_Passau_Projekt_treff.punkt-ILZSTADT.pdf'><strong> treffpunkt Ilzstadt<\/strong> &#8211; Markus Pichler &#038; Gianluca Sacco <\/a><br \/>\n<span><\/span><br \/>\n<a href='http:\/\/denkmalpflege.tuwien.ac.at\/wp-content\/uploads\/2016\/08\/Broschuere_Passau_Projekt_KUK-\u2013-Kunst-und-Kultur.pdf'><strong> KUK &#8211; Kunst und Kultur<\/strong> &#8211; Veronica B\u00f6hmer &#038; Laura Calleja Diez <\/a><br \/>\n<span><\/span><br \/>\n<a href='http:\/\/denkmalpflege.tuwien.ac.at\/wp-content\/uploads\/2016\/08\/Broschuere_Passau_Projekt_Urgestein-neu-genutzt.pdf'><strong> Urgestein neu genutzt<\/strong> &#8211; Raffael Aum\u00fcller &#038; Manuela Hofer <\/a><br \/>\n<span><\/span><br \/>\n<span><\/span><\/p>\n<p><span><\/span><\/p>\n","protected":false},"excerpt":{"rendered":"<p>Gro\u00dfes Entwerfen \u201cDenkmalpflege und Entwurf: Strategien der Erhaltung\u201d Denkmalpflege und Hochwasserschutz \u2013 Strategien f\u00fcr das historische Passau F\u00fcr MasterstudentInnen Sommersemester 2016 Vortragende: Nott Caviezel, Lea Elisabeth Ullmann Ziele der Lehrveranstaltung Jede Entwurfsarbeit am denkmalgesch\u00fctzten Objekt beansprucht spezifische Kenntnisse und erfordert dem Bestand angemessene Strategien. Die \u00dcbung bietet den Studierenden die Gelegenheit, sich mit den vielf\u00e4ltigen Erfordernissen zu befassen, denen man beim Erhalten, Restaurieren, Sanieren und Verwalten eines Denkmals oder bei<\/p>\n<div class=\"belowpost\"><a class=\"btnmore icon-arrow\" href=\"https:\/\/denkmalpflege.tuwien.ac.at\/index.php\/pasruck\/\"><span>Read More<\/span><\/a><\/div>\n","protected":false},"author":1,"featured_media":0,"parent":0,"menu_order":0,"comment_status":"closed","ping_status":"closed","template":"","meta":{"footnotes":""},"class_list":["post-11356","page","type-page","status-publish","hentry"],"yoast_head":"<!-- This site is optimized with the Yoast SEO plugin v26.0 - https:\/\/yoast.com\/wordpress\/plugins\/seo\/ -->\n<title>pasr\u00fcck - Denkmalpflege und Bauen im Bestand<\/title>\n<meta name=\"robots\" content=\"index, follow, max-snippet:-1, max-image-preview:large, max-video-preview:-1\" \/>\n<link rel=\"canonical\" href=\"https:\/\/denkmalpflege.tuwien.ac.at\/index.php\/pasruck\/\" \/>\n<meta property=\"og:locale\" content=\"de_DE\" \/>\n<meta property=\"og:type\" content=\"article\" \/>\n<meta property=\"og:title\" content=\"pasr\u00fcck - Denkmalpflege und Bauen im Bestand\" \/>\n<meta property=\"og:description\" content=\"Gro\u00dfes Entwerfen \u201cDenkmalpflege und Entwurf: Strategien der Erhaltung\u201d Denkmalpflege und Hochwasserschutz \u2013 Strategien f\u00fcr das historische Passau F\u00fcr MasterstudentInnen Sommersemester 2016 Vortragende: Nott Caviezel, Lea Elisabeth Ullmann Ziele der Lehrveranstaltung Jede Entwurfsarbeit am denkmalgesch\u00fctzten Objekt beansprucht spezifische Kenntnisse und erfordert dem Bestand angemessene Strategien. Die \u00dcbung bietet den Studierenden die Gelegenheit, sich mit den vielf\u00e4ltigen Erfordernissen zu befassen, denen man beim Erhalten, Restaurieren, Sanieren und Verwalten eines Denkmals oder beiRead More\" \/>\n<meta property=\"og:url\" content=\"https:\/\/denkmalpflege.tuwien.ac.at\/index.php\/pasruck\/\" \/>\n<meta property=\"og:site_name\" content=\"Denkmalpflege und Bauen im Bestand\" \/>\n<meta property=\"article:modified_time\" content=\"2018-06-05T09:18:47+00:00\" \/>\n<meta name=\"twitter:card\" content=\"summary_large_image\" \/>\n<meta name=\"twitter:label1\" content=\"Gesch\u00e4tzte Lesezeit\" \/>\n\t<meta name=\"twitter:data1\" content=\"2\u00a0Minuten\" \/>\n<script type=\"application\/ld+json\" class=\"yoast-schema-graph\">{\"@context\":\"https:\/\/schema.org\",\"@graph\":[{\"@type\":\"WebPage\",\"@id\":\"https:\/\/denkmalpflege.tuwien.ac.at\/index.php\/pasruck\/\",\"url\":\"https:\/\/denkmalpflege.tuwien.ac.at\/index.php\/pasruck\/\",\"name\":\"pasr\u00fcck - Denkmalpflege und Bauen im Bestand\",\"isPartOf\":{\"@id\":\"https:\/\/denkmalpflege.tuwien.ac.at\/#website\"},\"primaryImageOfPage\":{\"@id\":\"https:\/\/denkmalpflege.tuwien.ac.at\/index.php\/pasruck\/#primaryimage\"},\"image\":{\"@id\":\"https:\/\/denkmalpflege.tuwien.ac.at\/index.php\/pasruck\/#primaryimage\"},\"thumbnailUrl\":\"http:\/\/denkmalpflege1.e251.tuwien.ac.at\/wp-content\/uploads\/2016\/02\/Hochwasser.gif\",\"datePublished\":\"2016-08-23T10:29:32+00:00\",\"dateModified\":\"2018-06-05T09:18:47+00:00\",\"breadcrumb\":{\"@id\":\"https:\/\/denkmalpflege.tuwien.ac.at\/index.php\/pasruck\/#breadcrumb\"},\"inLanguage\":\"de\",\"potentialAction\":[{\"@type\":\"ReadAction\",\"target\":[\"https:\/\/denkmalpflege.tuwien.ac.at\/index.php\/pasruck\/\"]}]},{\"@type\":\"ImageObject\",\"inLanguage\":\"de\",\"@id\":\"https:\/\/denkmalpflege.tuwien.ac.at\/index.php\/pasruck\/#primaryimage\",\"url\":\"http:\/\/denkmalpflege1.e251.tuwien.ac.at\/wp-content\/uploads\/2016\/02\/Hochwasser.gif\",\"contentUrl\":\"http:\/\/denkmalpflege1.e251.tuwien.ac.at\/wp-content\/uploads\/2016\/02\/Hochwasser.gif\"},{\"@type\":\"BreadcrumbList\",\"@id\":\"https:\/\/denkmalpflege.tuwien.ac.at\/index.php\/pasruck\/#breadcrumb\",\"itemListElement\":[{\"@type\":\"ListItem\",\"position\":1,\"name\":\"Startseite\",\"item\":\"https:\/\/denkmalpflege.tuwien.ac.at\/\"},{\"@type\":\"ListItem\",\"position\":2,\"name\":\"pasr\u00fcck\"}]},{\"@type\":\"WebSite\",\"@id\":\"https:\/\/denkmalpflege.tuwien.ac.at\/#website\",\"url\":\"https:\/\/denkmalpflege.tuwien.ac.at\/\",\"name\":\"Denkmalpflege und Bauen im Bestand\",\"description\":\"Denkmalpflege TU Wien\",\"publisher\":{\"@id\":\"https:\/\/denkmalpflege.tuwien.ac.at\/#organization\"},\"potentialAction\":[{\"@type\":\"SearchAction\",\"target\":{\"@type\":\"EntryPoint\",\"urlTemplate\":\"https:\/\/denkmalpflege.tuwien.ac.at\/?s={search_term_string}\"},\"query-input\":{\"@type\":\"PropertyValueSpecification\",\"valueRequired\":true,\"valueName\":\"search_term_string\"}}],\"inLanguage\":\"de\"},{\"@type\":\"Organization\",\"@id\":\"https:\/\/denkmalpflege.tuwien.ac.at\/#organization\",\"name\":\"TU Wien Denkmalpflege und Bauen im Bestand\",\"url\":\"https:\/\/denkmalpflege.tuwien.ac.at\/\",\"logo\":{\"@type\":\"ImageObject\",\"inLanguage\":\"de\",\"@id\":\"https:\/\/denkmalpflege.tuwien.ac.at\/#\/schema\/logo\/image\/\",\"url\":\"https:\/\/denkmalpflege.tuwien.ac.at\/wp-content\/uploads\/2019\/10\/Logo1.png\",\"contentUrl\":\"https:\/\/denkmalpflege.tuwien.ac.at\/wp-content\/uploads\/2019\/10\/Logo1.png\",\"width\":222,\"height\":79,\"caption\":\"TU Wien Denkmalpflege und Bauen im Bestand\"},\"image\":{\"@id\":\"https:\/\/denkmalpflege.tuwien.ac.at\/#\/schema\/logo\/image\/\"}}]}<\/script>\n<!-- \/ Yoast SEO plugin. -->","yoast_head_json":{"title":"pasr\u00fcck - Denkmalpflege und Bauen im Bestand","robots":{"index":"index","follow":"follow","max-snippet":"max-snippet:-1","max-image-preview":"max-image-preview:large","max-video-preview":"max-video-preview:-1"},"canonical":"https:\/\/denkmalpflege.tuwien.ac.at\/index.php\/pasruck\/","og_locale":"de_DE","og_type":"article","og_title":"pasr\u00fcck - Denkmalpflege und Bauen im Bestand","og_description":"Gro\u00dfes Entwerfen \u201cDenkmalpflege und Entwurf: Strategien der Erhaltung\u201d Denkmalpflege und Hochwasserschutz \u2013 Strategien f\u00fcr das historische Passau F\u00fcr MasterstudentInnen Sommersemester 2016 Vortragende: Nott Caviezel, Lea Elisabeth Ullmann Ziele der Lehrveranstaltung Jede Entwurfsarbeit am denkmalgesch\u00fctzten Objekt beansprucht spezifische Kenntnisse und erfordert dem Bestand angemessene Strategien. Die \u00dcbung bietet den Studierenden die Gelegenheit, sich mit den vielf\u00e4ltigen Erfordernissen zu befassen, denen man beim Erhalten, Restaurieren, Sanieren und Verwalten eines Denkmals oder beiRead More","og_url":"https:\/\/denkmalpflege.tuwien.ac.at\/index.php\/pasruck\/","og_site_name":"Denkmalpflege und Bauen im Bestand","article_modified_time":"2018-06-05T09:18:47+00:00","twitter_card":"summary_large_image","twitter_misc":{"Gesch\u00e4tzte Lesezeit":"2\u00a0Minuten"},"schema":{"@context":"https:\/\/schema.org","@graph":[{"@type":"WebPage","@id":"https:\/\/denkmalpflege.tuwien.ac.at\/index.php\/pasruck\/","url":"https:\/\/denkmalpflege.tuwien.ac.at\/index.php\/pasruck\/","name":"pasr\u00fcck - Denkmalpflege und Bauen im Bestand","isPartOf":{"@id":"https:\/\/denkmalpflege.tuwien.ac.at\/#website"},"primaryImageOfPage":{"@id":"https:\/\/denkmalpflege.tuwien.ac.at\/index.php\/pasruck\/#primaryimage"},"image":{"@id":"https:\/\/denkmalpflege.tuwien.ac.at\/index.php\/pasruck\/#primaryimage"},"thumbnailUrl":"http:\/\/denkmalpflege1.e251.tuwien.ac.at\/wp-content\/uploads\/2016\/02\/Hochwasser.gif","datePublished":"2016-08-23T10:29:32+00:00","dateModified":"2018-06-05T09:18:47+00:00","breadcrumb":{"@id":"https:\/\/denkmalpflege.tuwien.ac.at\/index.php\/pasruck\/#breadcrumb"},"inLanguage":"de","potentialAction":[{"@type":"ReadAction","target":["https:\/\/denkmalpflege.tuwien.ac.at\/index.php\/pasruck\/"]}]},{"@type":"ImageObject","inLanguage":"de","@id":"https:\/\/denkmalpflege.tuwien.ac.at\/index.php\/pasruck\/#primaryimage","url":"http:\/\/denkmalpflege1.e251.tuwien.ac.at\/wp-content\/uploads\/2016\/02\/Hochwasser.gif","contentUrl":"http:\/\/denkmalpflege1.e251.tuwien.ac.at\/wp-content\/uploads\/2016\/02\/Hochwasser.gif"},{"@type":"BreadcrumbList","@id":"https:\/\/denkmalpflege.tuwien.ac.at\/index.php\/pasruck\/#breadcrumb","itemListElement":[{"@type":"ListItem","position":1,"name":"Startseite","item":"https:\/\/denkmalpflege.tuwien.ac.at\/"},{"@type":"ListItem","position":2,"name":"pasr\u00fcck"}]},{"@type":"WebSite","@id":"https:\/\/denkmalpflege.tuwien.ac.at\/#website","url":"https:\/\/denkmalpflege.tuwien.ac.at\/","name":"Denkmalpflege und Bauen im Bestand","description":"Denkmalpflege TU Wien","publisher":{"@id":"https:\/\/denkmalpflege.tuwien.ac.at\/#organization"},"potentialAction":[{"@type":"SearchAction","target":{"@type":"EntryPoint","urlTemplate":"https:\/\/denkmalpflege.tuwien.ac.at\/?s={search_term_string}"},"query-input":{"@type":"PropertyValueSpecification","valueRequired":true,"valueName":"search_term_string"}}],"inLanguage":"de"},{"@type":"Organization","@id":"https:\/\/denkmalpflege.tuwien.ac.at\/#organization","name":"TU Wien Denkmalpflege und Bauen im Bestand","url":"https:\/\/denkmalpflege.tuwien.ac.at\/","logo":{"@type":"ImageObject","inLanguage":"de","@id":"https:\/\/denkmalpflege.tuwien.ac.at\/#\/schema\/logo\/image\/","url":"https:\/\/denkmalpflege.tuwien.ac.at\/wp-content\/uploads\/2019\/10\/Logo1.png","contentUrl":"https:\/\/denkmalpflege.tuwien.ac.at\/wp-content\/uploads\/2019\/10\/Logo1.png","width":222,"height":79,"caption":"TU Wien Denkmalpflege und Bauen im Bestand"},"image":{"@id":"https:\/\/denkmalpflege.tuwien.ac.at\/#\/schema\/logo\/image\/"}}]}},"_links":{"self":[{"href":"https:\/\/denkmalpflege.tuwien.ac.at\/index.php\/wp-json\/wp\/v2\/pages\/11356","targetHints":{"allow":["GET"]}}],"collection":[{"href":"https:\/\/denkmalpflege.tuwien.ac.at\/index.php\/wp-json\/wp\/v2\/pages"}],"about":[{"href":"https:\/\/denkmalpflege.tuwien.ac.at\/index.php\/wp-json\/wp\/v2\/types\/page"}],"author":[{"embeddable":true,"href":"https:\/\/denkmalpflege.tuwien.ac.at\/index.php\/wp-json\/wp\/v2\/users\/1"}],"replies":[{"embeddable":true,"href":"https:\/\/denkmalpflege.tuwien.ac.at\/index.php\/wp-json\/wp\/v2\/comments?post=11356"}],"version-history":[{"count":11,"href":"https:\/\/denkmalpflege.tuwien.ac.at\/index.php\/wp-json\/wp\/v2\/pages\/11356\/revisions"}],"predecessor-version":[{"id":13691,"href":"https:\/\/denkmalpflege.tuwien.ac.at\/index.php\/wp-json\/wp\/v2\/pages\/11356\/revisions\/13691"}],"wp:attachment":[{"href":"https:\/\/denkmalpflege.tuwien.ac.at\/index.php\/wp-json\/wp\/v2\/media?parent=11356"}],"curies":[{"name":"wp","href":"https:\/\/api.w.org\/{rel}","templated":true}]}}