{"id":11244,"date":"2016-07-11T12:07:57","date_gmt":"2016-07-11T10:07:57","guid":{"rendered":"http:\/\/denkmalpflege1.e251.tuwien.ac.at\/?page_id=11244"},"modified":"2018-04-30T10:40:08","modified_gmt":"2018-04-30T08:40:08","slug":"neubauer","status":"publish","type":"page","link":"https:\/\/denkmalpflege.tuwien.ac.at\/index.php\/neubauer\/","title":{"rendered":"Neubauer"},"content":{"rendered":"<div class='mitarbeiter'>\n<div class='grey'>\n<img decoding=\"async\" src=\"http:\/\/denkmalpflege1.e251.tuwien.ac.at\/wp-content\/uploads\/2016\/07\/klein2.gif\" alt=\"Neubauer\" title=\"Neubauer\" width=\"130\" height=\"113\" class=\"alignnone size-full wp-image-165\" \/> <a href='diplomanden-prof-stadler' class='right_link'>&lt; Alle Arbeiten<\/a><br \/>\n<b>Neukonzeption des Eferdinger Bahnhofs im Kontext von Stadt und Verkehr<\/b><br \/>\n<strong>2016 Michael Neubauer<\/strong> <\/p>\n<div class='breakline'><\/div>\n<\/div>\n<div class='greyfield'>\n<p> Eferding ist eine der \u00e4ltesten St\u00e4dte \u00d6sterreichs, die 2022 ihr achthundertj\u00e4hriges Bestehen feiern wird. Seit 1886 hat Eferding einen Bahnhof. Zentral im Eferdinger Becken gelegen, bildet dieser einen wichtigen Verkehrsknotenpunkt f\u00fcr den Regionalverkehr. Die Bahnstrecken, die in ihm zusammenlaufen, verbinden Eferding mit Aschach-Haiding und Peuerbach\/Neumarkt-Linz. Nur bleibt der Bahnhof im derzeitigen Zustand hinter seinen M\u00f6glichkeiten zur\u00fcck. Es fehlt der Bezug zur Stadt bzw. die geeignete st\u00e4dtebauliche Einbindung, sodass er von der Bev\u00f6lkerung nur unbefriedigend angenommen wird.<br \/>\nDiese Arbeit analysiert den Eferdinger Bahnhof im Hinblick auf die Verkehrslage, aus historischer sowie aus st\u00e4dtebaulicher Sicht. Zus\u00e4tzlich zur theoretischen Ausarbeitung soll auch ein Entwurf f\u00fcr eine Revitalisierung des Bahnhofs im Hinblick auf seine st\u00e4dtebaulichen Einbindung entstehen.<\/p>\n<div class='breakline'><\/div>\n<\/div>\n<p><span><\/span><br \/>\n<img fetchpriority=\"high\" decoding=\"async\" src=\"http:\/\/denkmalpflege1.e251.tuwien.ac.at\/wp-content\/uploads\/2016\/07\/gro\u00df2.gif\" width=\"960\" height=\"360\"  alt=\"\" \/><br \/>\n<span><\/span><br \/>\n<img decoding=\"async\" src=\"http:\/\/denkmalpflege1.e251.tuwien.ac.at\/wp-content\/uploads\/2016\/07\/gro\u00df1.gif\" width=\"960\" height=\"360\"  alt=\"\" \/><\/p>\n<div class='breakline'><\/div>\n<\/div>\n<\/div>\n","protected":false},"excerpt":{"rendered":"<p>&lt; Alle Arbeiten Neukonzeption des Eferdinger Bahnhofs im Kontext von Stadt und Verkehr 2016 Michael Neubauer Eferding ist eine der \u00e4ltesten St\u00e4dte \u00d6sterreichs, die 2022 ihr achthundertj\u00e4hriges Bestehen feiern wird. Seit 1886 hat Eferding einen Bahnhof. Zentral im Eferdinger Becken gelegen, bildet dieser einen wichtigen Verkehrsknotenpunkt f\u00fcr den Regionalverkehr. Die Bahnstrecken, die in ihm zusammenlaufen, verbinden Eferding mit Aschach-Haiding und Peuerbach\/Neumarkt-Linz. Nur bleibt der Bahnhof im derzeitigen Zustand hinter seinen<\/p>\n<div class=\"belowpost\"><a class=\"btnmore icon-arrow\" href=\"https:\/\/denkmalpflege.tuwien.ac.at\/index.php\/neubauer\/\"><span>Read More<\/span><\/a><\/div>\n","protected":false},"author":1,"featured_media":0,"parent":0,"menu_order":0,"comment_status":"open","ping_status":"open","template":"","meta":{"footnotes":""},"class_list":["post-11244","page","type-page","status-publish","hentry"],"yoast_head":"<!-- This site is optimized with the Yoast SEO plugin v26.0 - https:\/\/yoast.com\/wordpress\/plugins\/seo\/ -->\n<title>Neubauer - Denkmalpflege und Bauen im Bestand<\/title>\n<meta name=\"robots\" content=\"index, follow, max-snippet:-1, max-image-preview:large, max-video-preview:-1\" \/>\n<link rel=\"canonical\" href=\"https:\/\/denkmalpflege.tuwien.ac.at\/index.php\/neubauer\/\" \/>\n<meta property=\"og:locale\" content=\"de_DE\" \/>\n<meta property=\"og:type\" content=\"article\" \/>\n<meta property=\"og:title\" content=\"Neubauer - Denkmalpflege und Bauen im Bestand\" \/>\n<meta property=\"og:description\" content=\"&lt; Alle Arbeiten Neukonzeption des Eferdinger Bahnhofs im Kontext von Stadt und Verkehr 2016 Michael Neubauer Eferding ist eine der \u00e4ltesten St\u00e4dte \u00d6sterreichs, die 2022 ihr achthundertj\u00e4hriges Bestehen feiern wird. Seit 1886 hat Eferding einen Bahnhof. Zentral im Eferdinger Becken gelegen, bildet dieser einen wichtigen Verkehrsknotenpunkt f\u00fcr den Regionalverkehr. Die Bahnstrecken, die in ihm zusammenlaufen, verbinden Eferding mit Aschach-Haiding und Peuerbach\/Neumarkt-Linz. Nur bleibt der Bahnhof im derzeitigen Zustand hinter seinenRead More\" \/>\n<meta property=\"og:url\" content=\"https:\/\/denkmalpflege.tuwien.ac.at\/index.php\/neubauer\/\" \/>\n<meta property=\"og:site_name\" content=\"Denkmalpflege und Bauen im Bestand\" \/>\n<meta property=\"article:modified_time\" content=\"2018-04-30T08:40:08+00:00\" \/>\n<meta name=\"twitter:card\" content=\"summary_large_image\" \/>\n<meta name=\"twitter:label1\" content=\"Gesch\u00e4tzte Lesezeit\" \/>\n\t<meta name=\"twitter:data1\" content=\"1\u00a0Minute\" \/>\n<script type=\"application\/ld+json\" class=\"yoast-schema-graph\">{\"@context\":\"https:\/\/schema.org\",\"@graph\":[{\"@type\":\"WebPage\",\"@id\":\"https:\/\/denkmalpflege.tuwien.ac.at\/index.php\/neubauer\/\",\"url\":\"https:\/\/denkmalpflege.tuwien.ac.at\/index.php\/neubauer\/\",\"name\":\"Neubauer - Denkmalpflege und Bauen im Bestand\",\"isPartOf\":{\"@id\":\"https:\/\/denkmalpflege.tuwien.ac.at\/#website\"},\"primaryImageOfPage\":{\"@id\":\"https:\/\/denkmalpflege.tuwien.ac.at\/index.php\/neubauer\/#primaryimage\"},\"image\":{\"@id\":\"https:\/\/denkmalpflege.tuwien.ac.at\/index.php\/neubauer\/#primaryimage\"},\"thumbnailUrl\":\"http:\/\/denkmalpflege1.e251.tuwien.ac.at\/wp-content\/uploads\/2016\/07\/klein2.gif\",\"datePublished\":\"2016-07-11T10:07:57+00:00\",\"dateModified\":\"2018-04-30T08:40:08+00:00\",\"breadcrumb\":{\"@id\":\"https:\/\/denkmalpflege.tuwien.ac.at\/index.php\/neubauer\/#breadcrumb\"},\"inLanguage\":\"de\",\"potentialAction\":[{\"@type\":\"ReadAction\",\"target\":[\"https:\/\/denkmalpflege.tuwien.ac.at\/index.php\/neubauer\/\"]}]},{\"@type\":\"ImageObject\",\"inLanguage\":\"de\",\"@id\":\"https:\/\/denkmalpflege.tuwien.ac.at\/index.php\/neubauer\/#primaryimage\",\"url\":\"http:\/\/denkmalpflege1.e251.tuwien.ac.at\/wp-content\/uploads\/2016\/07\/klein2.gif\",\"contentUrl\":\"http:\/\/denkmalpflege1.e251.tuwien.ac.at\/wp-content\/uploads\/2016\/07\/klein2.gif\"},{\"@type\":\"BreadcrumbList\",\"@id\":\"https:\/\/denkmalpflege.tuwien.ac.at\/index.php\/neubauer\/#breadcrumb\",\"itemListElement\":[{\"@type\":\"ListItem\",\"position\":1,\"name\":\"Startseite\",\"item\":\"https:\/\/denkmalpflege.tuwien.ac.at\/\"},{\"@type\":\"ListItem\",\"position\":2,\"name\":\"Neubauer\"}]},{\"@type\":\"WebSite\",\"@id\":\"https:\/\/denkmalpflege.tuwien.ac.at\/#website\",\"url\":\"https:\/\/denkmalpflege.tuwien.ac.at\/\",\"name\":\"Denkmalpflege und Bauen im Bestand\",\"description\":\"Denkmalpflege TU Wien\",\"publisher\":{\"@id\":\"https:\/\/denkmalpflege.tuwien.ac.at\/#organization\"},\"potentialAction\":[{\"@type\":\"SearchAction\",\"target\":{\"@type\":\"EntryPoint\",\"urlTemplate\":\"https:\/\/denkmalpflege.tuwien.ac.at\/?s={search_term_string}\"},\"query-input\":{\"@type\":\"PropertyValueSpecification\",\"valueRequired\":true,\"valueName\":\"search_term_string\"}}],\"inLanguage\":\"de\"},{\"@type\":\"Organization\",\"@id\":\"https:\/\/denkmalpflege.tuwien.ac.at\/#organization\",\"name\":\"TU Wien Denkmalpflege und Bauen im Bestand\",\"url\":\"https:\/\/denkmalpflege.tuwien.ac.at\/\",\"logo\":{\"@type\":\"ImageObject\",\"inLanguage\":\"de\",\"@id\":\"https:\/\/denkmalpflege.tuwien.ac.at\/#\/schema\/logo\/image\/\",\"url\":\"https:\/\/denkmalpflege.tuwien.ac.at\/wp-content\/uploads\/2019\/10\/Logo1.png\",\"contentUrl\":\"https:\/\/denkmalpflege.tuwien.ac.at\/wp-content\/uploads\/2019\/10\/Logo1.png\",\"width\":222,\"height\":79,\"caption\":\"TU Wien Denkmalpflege und Bauen im Bestand\"},\"image\":{\"@id\":\"https:\/\/denkmalpflege.tuwien.ac.at\/#\/schema\/logo\/image\/\"}}]}<\/script>\n<!-- \/ Yoast SEO plugin. -->","yoast_head_json":{"title":"Neubauer - Denkmalpflege und Bauen im Bestand","robots":{"index":"index","follow":"follow","max-snippet":"max-snippet:-1","max-image-preview":"max-image-preview:large","max-video-preview":"max-video-preview:-1"},"canonical":"https:\/\/denkmalpflege.tuwien.ac.at\/index.php\/neubauer\/","og_locale":"de_DE","og_type":"article","og_title":"Neubauer - Denkmalpflege und Bauen im Bestand","og_description":"&lt; Alle Arbeiten Neukonzeption des Eferdinger Bahnhofs im Kontext von Stadt und Verkehr 2016 Michael Neubauer Eferding ist eine der \u00e4ltesten St\u00e4dte \u00d6sterreichs, die 2022 ihr achthundertj\u00e4hriges Bestehen feiern wird. Seit 1886 hat Eferding einen Bahnhof. Zentral im Eferdinger Becken gelegen, bildet dieser einen wichtigen Verkehrsknotenpunkt f\u00fcr den Regionalverkehr. Die Bahnstrecken, die in ihm zusammenlaufen, verbinden Eferding mit Aschach-Haiding und Peuerbach\/Neumarkt-Linz. Nur bleibt der Bahnhof im derzeitigen Zustand hinter seinenRead More","og_url":"https:\/\/denkmalpflege.tuwien.ac.at\/index.php\/neubauer\/","og_site_name":"Denkmalpflege und Bauen im Bestand","article_modified_time":"2018-04-30T08:40:08+00:00","twitter_card":"summary_large_image","twitter_misc":{"Gesch\u00e4tzte Lesezeit":"1\u00a0Minute"},"schema":{"@context":"https:\/\/schema.org","@graph":[{"@type":"WebPage","@id":"https:\/\/denkmalpflege.tuwien.ac.at\/index.php\/neubauer\/","url":"https:\/\/denkmalpflege.tuwien.ac.at\/index.php\/neubauer\/","name":"Neubauer - Denkmalpflege und Bauen im Bestand","isPartOf":{"@id":"https:\/\/denkmalpflege.tuwien.ac.at\/#website"},"primaryImageOfPage":{"@id":"https:\/\/denkmalpflege.tuwien.ac.at\/index.php\/neubauer\/#primaryimage"},"image":{"@id":"https:\/\/denkmalpflege.tuwien.ac.at\/index.php\/neubauer\/#primaryimage"},"thumbnailUrl":"http:\/\/denkmalpflege1.e251.tuwien.ac.at\/wp-content\/uploads\/2016\/07\/klein2.gif","datePublished":"2016-07-11T10:07:57+00:00","dateModified":"2018-04-30T08:40:08+00:00","breadcrumb":{"@id":"https:\/\/denkmalpflege.tuwien.ac.at\/index.php\/neubauer\/#breadcrumb"},"inLanguage":"de","potentialAction":[{"@type":"ReadAction","target":["https:\/\/denkmalpflege.tuwien.ac.at\/index.php\/neubauer\/"]}]},{"@type":"ImageObject","inLanguage":"de","@id":"https:\/\/denkmalpflege.tuwien.ac.at\/index.php\/neubauer\/#primaryimage","url":"http:\/\/denkmalpflege1.e251.tuwien.ac.at\/wp-content\/uploads\/2016\/07\/klein2.gif","contentUrl":"http:\/\/denkmalpflege1.e251.tuwien.ac.at\/wp-content\/uploads\/2016\/07\/klein2.gif"},{"@type":"BreadcrumbList","@id":"https:\/\/denkmalpflege.tuwien.ac.at\/index.php\/neubauer\/#breadcrumb","itemListElement":[{"@type":"ListItem","position":1,"name":"Startseite","item":"https:\/\/denkmalpflege.tuwien.ac.at\/"},{"@type":"ListItem","position":2,"name":"Neubauer"}]},{"@type":"WebSite","@id":"https:\/\/denkmalpflege.tuwien.ac.at\/#website","url":"https:\/\/denkmalpflege.tuwien.ac.at\/","name":"Denkmalpflege und Bauen im Bestand","description":"Denkmalpflege TU Wien","publisher":{"@id":"https:\/\/denkmalpflege.tuwien.ac.at\/#organization"},"potentialAction":[{"@type":"SearchAction","target":{"@type":"EntryPoint","urlTemplate":"https:\/\/denkmalpflege.tuwien.ac.at\/?s={search_term_string}"},"query-input":{"@type":"PropertyValueSpecification","valueRequired":true,"valueName":"search_term_string"}}],"inLanguage":"de"},{"@type":"Organization","@id":"https:\/\/denkmalpflege.tuwien.ac.at\/#organization","name":"TU Wien Denkmalpflege und Bauen im Bestand","url":"https:\/\/denkmalpflege.tuwien.ac.at\/","logo":{"@type":"ImageObject","inLanguage":"de","@id":"https:\/\/denkmalpflege.tuwien.ac.at\/#\/schema\/logo\/image\/","url":"https:\/\/denkmalpflege.tuwien.ac.at\/wp-content\/uploads\/2019\/10\/Logo1.png","contentUrl":"https:\/\/denkmalpflege.tuwien.ac.at\/wp-content\/uploads\/2019\/10\/Logo1.png","width":222,"height":79,"caption":"TU Wien Denkmalpflege und Bauen im Bestand"},"image":{"@id":"https:\/\/denkmalpflege.tuwien.ac.at\/#\/schema\/logo\/image\/"}}]}},"_links":{"self":[{"href":"https:\/\/denkmalpflege.tuwien.ac.at\/index.php\/wp-json\/wp\/v2\/pages\/11244","targetHints":{"allow":["GET"]}}],"collection":[{"href":"https:\/\/denkmalpflege.tuwien.ac.at\/index.php\/wp-json\/wp\/v2\/pages"}],"about":[{"href":"https:\/\/denkmalpflege.tuwien.ac.at\/index.php\/wp-json\/wp\/v2\/types\/page"}],"author":[{"embeddable":true,"href":"https:\/\/denkmalpflege.tuwien.ac.at\/index.php\/wp-json\/wp\/v2\/users\/1"}],"replies":[{"embeddable":true,"href":"https:\/\/denkmalpflege.tuwien.ac.at\/index.php\/wp-json\/wp\/v2\/comments?post=11244"}],"version-history":[{"count":5,"href":"https:\/\/denkmalpflege.tuwien.ac.at\/index.php\/wp-json\/wp\/v2\/pages\/11244\/revisions"}],"predecessor-version":[{"id":13430,"href":"https:\/\/denkmalpflege.tuwien.ac.at\/index.php\/wp-json\/wp\/v2\/pages\/11244\/revisions\/13430"}],"wp:attachment":[{"href":"https:\/\/denkmalpflege.tuwien.ac.at\/index.php\/wp-json\/wp\/v2\/media?parent=11244"}],"curies":[{"name":"wp","href":"https:\/\/api.w.org\/{rel}","templated":true}]}}