{"id":11211,"date":"2016-07-05T12:32:17","date_gmt":"2016-07-05T10:32:17","guid":{"rendered":"http:\/\/denkmalpflege1.e251.tuwien.ac.at\/?page_id=11211"},"modified":"2018-06-05T11:17:55","modified_gmt":"2018-06-05T09:17:55","slug":"steintheater","status":"publish","type":"page","link":"https:\/\/denkmalpflege.tuwien.ac.at\/index.php\/steintheater\/","title":{"rendered":"Steintheater"},"content":{"rendered":"<div class=\"mitarbeiter\">\n<div class=\"yellow\">Gro\u00dfes Entwerfen \u201cDenkmalpflege und Entwurf: Strategien der Erhaltung\u201d<\/div>\n<div class='grey'>\n<img decoding=\"async\" src=\"http:\/\/denkmalpflege1.e251.tuwien.ac.at\/wp-content\/uploads\/2015\/08\/Theater.gif\" alt=\"Porto2013\" title=\"Porto2013\" width=\"130\" height=\"113\" class=\"alignnone size-full wp-image-165\" \/><\/a><br \/>\n<span><\/span><br \/>\nTheater einmal anders \u2013 Entw\u00fcrfe zur Reaktivierung des Steintheaters bei Schloss Hellbrunn (Salzburg)<br \/>\n<span><\/span><\/p>\n<p>Wintersemester 2015<br \/>\nVortragende: Nott Caviezel, Lea Elisabeth Ullmann, Eva Hody<\/p>\n<div class='breakline'><\/div>\n<\/div>\n<div class='breakline'><\/div>\n<p><span><\/span><\/p>\n<p><span><\/span><br \/>\n<span><\/span><\/p>\n<div class='titel'>Ziele der Lehrveranstaltung<\/div>\n<p>Jede Entwurfsarbeit an denkmalpflegerisch bedeutsamen Objekten beansprucht spezifische Kenntnisse und erfordert dem Bestand angemessene Strategien. S\u00fcdlich von Salzburg befindet sich das bedeutende manieristische Schloss Hellbrunn aus dem Anfang des 17. Jahrhunderts, das als Gesamtes unter Denkmalschutz steht. Bekannt ist es ist auch wegen seiner ganzen Anlage mit Schlosspark, G\u00e4rten und Wasserspielen. Besondere Ber\u00fchmtheit erlangte das so genannte \u201cSteintheater\u201d, das etwas abseits im Wald liegt. Erzbischof Markus Sittikus lie\u00df sich dort \u2013 vermutlich vom italienischen Architekten Santino Solari, dem Erbauer des Salzburger Doms \u2013 in den nat\u00fcrlichen Felsformationen ein Freilufttheater einrichten, das sich w\u00e4hrend eines halben Jahrhunderts gro\u00dfer Beliebtheit erfreute. Nicht von ungef\u00e4hr hat Bernhard Fischer von Erlach das Theater als \u201cWundersame Felsen-B\u00fchne\u201d in seinem 1721 erschienenen Tafelwerk \u201cEntwurff einer historischen Architectur in Abbildung unterschiedener ber\u00fchmten Geb\u00e4ude\u201d aufgenommen.<\/p>\n<p>Heute bestehen Absichten, das Theater wieder zu reaktivieren. Unser Entwerfen wird sich dieser Aufgabe stellen und versuchen, unter Wahrung der au\u00dferordentlichen Qualit\u00e4ten und Werte dieses Ortes einen zeitgem\u00e4\u00dfen saisonalen Betrieb zu erm\u00f6glichen. Dies bedingt, eingedenk des gr\u00f6\u00dften Respekts vor dem Bestand und seiner besonderen Ausstrahlung, gewisse bauliche (auch tempor\u00e4re) Ma\u00dfnahmen zu treffen, stichwortartig: Erschlie\u00dfung, Zuschauerraum, Empfang, Pausenbereiche (z.B. Toiletten), B\u00fchne etc. Das Entwerfen ist mit einem drei- bis viert\u00e4gigen Aufenthalt in Salzburg verkn\u00fcpft, der aller Voraussicht nach in der dritten Oktoberwoche stattfinden wird.<\/p>\n<div class='titel'>Inhalt der Lehrveranstaltung<\/div>\n<p>Die in Zusammenarbeit mit dem Landeskonservatorat Salzburg und seiner Leiterin, Frau DI Eva Hody, durchgef\u00fchrte \u00dcbung bietet den Studierenden die Gelegenheit, sich mit den vielf\u00e4ltigen Erfordernissen zu befassen, denen man beim Erhalten, Restaurieren, Sanieren und Nutzen eines Denkmals gerecht werden muss. Die Aufgabenstellung ist realit\u00e4tsnah und bietet den Studierenden die M\u00f6glichkeit, ihre analytischen und entwerferischen F\u00e4higkeiten an einer entsprechend realen Problemstellung zu sch\u00e4rfen. Da es sich beim Steintheater um ein ganz au\u00dferordentliches Denkmal mit besonderen Qualit\u00e4ten handelt, erfordert die Aufgabe eine tiefreichende Analyse des historischen, landschaftlichen und baulichen Kontextes. Aus den entsprechenden Erkenntnissen sollen zum einen denkmalpflegerisch vertretbare Konzepte und interessante Entw\u00fcrfe entstehen.<\/p>\n<p><span><\/span><br \/>\n<span><\/span><\/p>\n<div class='titel'>Bericht<\/div>\n<p><span><\/span><br \/>\n<a href='http:\/\/denkmalpflege1.e251.tuwien.ac.at\/wp-content\/uploads\/2016\/07\/Salzburg.pdf'><strong> Salzburger Nachrichten<\/strong>&#8211; Steintheater wartet auf Ideen<\/a>\n<\/div>\n<p><span><\/span><br \/>\n<span><\/span><\/p>\n<div class='titel'>Projekte<\/div>\n<p><span><\/span><br \/>\n<a href='http:\/\/denkmalpflege1.e251.tuwien.ac.at\/wp-content\/uploads\/2016\/07\/Allgemeines1.pdf'><strong> Allgemeines<\/strong>&#8211; Einleitung<\/a><br \/>\n<span><\/span><br \/>\n<span><\/span><br \/>\n<a href='http:\/\/denkmalpflege1.e251.tuwien.ac.at\/wp-content\/uploads\/2016\/07\/Apetroaie-Kn\u00f6tzl.pdf'> <strong> eternit-y<\/strong> &#8211; Apetroaie &#038; Kn\u00f6tzl<\/a><br \/>\n<span><\/span><br \/>\n<a href='http:\/\/denkmalpflege1.e251.tuwien.ac.at\/wp-content\/uploads\/2016\/07\/Boszing-Kriegl.pdf'><strong> Einfach Theater &#8211; Theater mal einfach<\/strong> &#8211; Boszing &#038; Kriegl<\/a><br \/>\n<span><\/span><br \/>\n<a href='http:\/\/denkmalpflege1.e251.tuwien.ac.at\/wp-content\/uploads\/2016\/07\/Buchst\u00e4tter-Honcharuk.pdf'><strong> Blick durch Kulissen<\/strong> &#8211; Buchst\u00e4tter &#038; Honcharuk<\/a><br \/>\n<span><\/span><br \/>\n<a href='http:\/\/denkmalpflege1.e251.tuwien.ac.at\/wp-content\/uploads\/2016\/07\/Crnjak-Moosmann.pdf'><strong> Tanzendes Theater<\/strong> &#8211; Crnjak &#038; Moosmann<\/a><br \/>\n<span><\/span><br \/>\n<a href='http:\/\/denkmalpflege1.e251.tuwien.ac.at\/wp-content\/uploads\/2016\/07\/Kamenova-Pletikapi\u0107.pdf'><strong>SommerERWACHEN<\/strong> &#8211; Kamenova &#038; Pletikapi\u0107<\/a><br \/>\n<span><\/span><br \/>\n<a href='http:\/\/denkmalpflege1.e251.tuwien.ac.at\/wp-content\/uploads\/2016\/07\/Kremer.pdf'><strong> Steintheater maximal<\/strong> &#8211; Kremer<\/a><br \/>\n<span><\/span><br \/>\n<a href='http:\/\/denkmalpflege1.e251.tuwien.ac.at\/wp-content\/uploads\/2016\/07\/LopinskyTraussnigg.pdf'><strong>z\u00fcrck in die Zukunft<\/strong> &#8211; Lopinsky &#038; Traussnigg<\/a><br \/>\n<span><\/span><br \/>\n<a href='http:\/\/denkmalpflege1.e251.tuwien.ac.at\/wp-content\/uploads\/2016\/07\/MartererStiedl.pdf'> <strong> das baROCK <\/strong> &#8211; Marterer &#038; Stiedl<\/a><br \/>\n<span><\/span><br \/>\n<a href='http:\/\/denkmalpflege1.e251.tuwien.ac.at\/wp-content\/uploads\/2016\/07\/Runolinna.pdf'><strong> rePLAY &#8211; Steintheater wiederbelebt <\/strong> &#8211; Runolinna <\/a><br \/>\n<span><\/span><br \/>\n<a href='http:\/\/denkmalpflege1.e251.tuwien.ac.at\/wp-content\/uploads\/2016\/07\/RauterStadlhofer.pdf'><strong> Steintheater Hellbrunn &#8211; Alles B\u00fchne<\/strong> &#8211; Rauter &#038; Stadlhofer <\/a>\n<\/div>\n","protected":false},"excerpt":{"rendered":"<p>Gro\u00dfes Entwerfen \u201cDenkmalpflege und Entwurf: Strategien der Erhaltung\u201d Theater einmal anders \u2013 Entw\u00fcrfe zur Reaktivierung des Steintheaters bei Schloss Hellbrunn (Salzburg) Wintersemester 2015 Vortragende: Nott Caviezel, Lea Elisabeth Ullmann, Eva Hody Ziele der Lehrveranstaltung Jede Entwurfsarbeit an denkmalpflegerisch bedeutsamen Objekten beansprucht spezifische Kenntnisse und erfordert dem Bestand angemessene Strategien. S\u00fcdlich von Salzburg befindet sich das bedeutende manieristische Schloss Hellbrunn aus dem Anfang des 17. Jahrhunderts, das als Gesamtes unter Denkmalschutz<\/p>\n<div class=\"belowpost\"><a class=\"btnmore icon-arrow\" href=\"https:\/\/denkmalpflege.tuwien.ac.at\/index.php\/steintheater\/\"><span>Read More<\/span><\/a><\/div>\n","protected":false},"author":1,"featured_media":0,"parent":0,"menu_order":0,"comment_status":"open","ping_status":"open","template":"","meta":{"footnotes":""},"class_list":["post-11211","page","type-page","status-publish","hentry"],"yoast_head":"<!-- This site is optimized with the Yoast SEO plugin v26.0 - https:\/\/yoast.com\/wordpress\/plugins\/seo\/ -->\n<title>Steintheater - Denkmalpflege und Bauen im Bestand<\/title>\n<meta name=\"robots\" content=\"index, follow, max-snippet:-1, max-image-preview:large, max-video-preview:-1\" \/>\n<link rel=\"canonical\" href=\"https:\/\/denkmalpflege.tuwien.ac.at\/index.php\/steintheater\/\" \/>\n<meta property=\"og:locale\" content=\"de_DE\" \/>\n<meta property=\"og:type\" content=\"article\" \/>\n<meta property=\"og:title\" content=\"Steintheater - Denkmalpflege und Bauen im Bestand\" \/>\n<meta property=\"og:description\" content=\"Gro\u00dfes Entwerfen \u201cDenkmalpflege und Entwurf: Strategien der Erhaltung\u201d Theater einmal anders \u2013 Entw\u00fcrfe zur Reaktivierung des Steintheaters bei Schloss Hellbrunn (Salzburg) Wintersemester 2015 Vortragende: Nott Caviezel, Lea Elisabeth Ullmann, Eva Hody Ziele der Lehrveranstaltung Jede Entwurfsarbeit an denkmalpflegerisch bedeutsamen Objekten beansprucht spezifische Kenntnisse und erfordert dem Bestand angemessene Strategien. S\u00fcdlich von Salzburg befindet sich das bedeutende manieristische Schloss Hellbrunn aus dem Anfang des 17. Jahrhunderts, das als Gesamtes unter DenkmalschutzRead More\" \/>\n<meta property=\"og:url\" content=\"https:\/\/denkmalpflege.tuwien.ac.at\/index.php\/steintheater\/\" \/>\n<meta property=\"og:site_name\" content=\"Denkmalpflege und Bauen im Bestand\" \/>\n<meta property=\"article:modified_time\" content=\"2018-06-05T09:17:55+00:00\" \/>\n<meta name=\"twitter:card\" content=\"summary_large_image\" \/>\n<meta name=\"twitter:label1\" content=\"Gesch\u00e4tzte Lesezeit\" \/>\n\t<meta name=\"twitter:data1\" content=\"2\u00a0Minuten\" \/>\n<script type=\"application\/ld+json\" class=\"yoast-schema-graph\">{\"@context\":\"https:\/\/schema.org\",\"@graph\":[{\"@type\":\"WebPage\",\"@id\":\"https:\/\/denkmalpflege.tuwien.ac.at\/index.php\/steintheater\/\",\"url\":\"https:\/\/denkmalpflege.tuwien.ac.at\/index.php\/steintheater\/\",\"name\":\"Steintheater - Denkmalpflege und Bauen im Bestand\",\"isPartOf\":{\"@id\":\"https:\/\/denkmalpflege.tuwien.ac.at\/#website\"},\"primaryImageOfPage\":{\"@id\":\"https:\/\/denkmalpflege.tuwien.ac.at\/index.php\/steintheater\/#primaryimage\"},\"image\":{\"@id\":\"https:\/\/denkmalpflege.tuwien.ac.at\/index.php\/steintheater\/#primaryimage\"},\"thumbnailUrl\":\"http:\/\/denkmalpflege1.e251.tuwien.ac.at\/wp-content\/uploads\/2015\/08\/Theater.gif\",\"datePublished\":\"2016-07-05T10:32:17+00:00\",\"dateModified\":\"2018-06-05T09:17:55+00:00\",\"breadcrumb\":{\"@id\":\"https:\/\/denkmalpflege.tuwien.ac.at\/index.php\/steintheater\/#breadcrumb\"},\"inLanguage\":\"de\",\"potentialAction\":[{\"@type\":\"ReadAction\",\"target\":[\"https:\/\/denkmalpflege.tuwien.ac.at\/index.php\/steintheater\/\"]}]},{\"@type\":\"ImageObject\",\"inLanguage\":\"de\",\"@id\":\"https:\/\/denkmalpflege.tuwien.ac.at\/index.php\/steintheater\/#primaryimage\",\"url\":\"http:\/\/denkmalpflege1.e251.tuwien.ac.at\/wp-content\/uploads\/2015\/08\/Theater.gif\",\"contentUrl\":\"http:\/\/denkmalpflege1.e251.tuwien.ac.at\/wp-content\/uploads\/2015\/08\/Theater.gif\"},{\"@type\":\"BreadcrumbList\",\"@id\":\"https:\/\/denkmalpflege.tuwien.ac.at\/index.php\/steintheater\/#breadcrumb\",\"itemListElement\":[{\"@type\":\"ListItem\",\"position\":1,\"name\":\"Startseite\",\"item\":\"https:\/\/denkmalpflege.tuwien.ac.at\/\"},{\"@type\":\"ListItem\",\"position\":2,\"name\":\"Steintheater\"}]},{\"@type\":\"WebSite\",\"@id\":\"https:\/\/denkmalpflege.tuwien.ac.at\/#website\",\"url\":\"https:\/\/denkmalpflege.tuwien.ac.at\/\",\"name\":\"Denkmalpflege und Bauen im Bestand\",\"description\":\"Denkmalpflege TU Wien\",\"publisher\":{\"@id\":\"https:\/\/denkmalpflege.tuwien.ac.at\/#organization\"},\"potentialAction\":[{\"@type\":\"SearchAction\",\"target\":{\"@type\":\"EntryPoint\",\"urlTemplate\":\"https:\/\/denkmalpflege.tuwien.ac.at\/?s={search_term_string}\"},\"query-input\":{\"@type\":\"PropertyValueSpecification\",\"valueRequired\":true,\"valueName\":\"search_term_string\"}}],\"inLanguage\":\"de\"},{\"@type\":\"Organization\",\"@id\":\"https:\/\/denkmalpflege.tuwien.ac.at\/#organization\",\"name\":\"TU Wien Denkmalpflege und Bauen im Bestand\",\"url\":\"https:\/\/denkmalpflege.tuwien.ac.at\/\",\"logo\":{\"@type\":\"ImageObject\",\"inLanguage\":\"de\",\"@id\":\"https:\/\/denkmalpflege.tuwien.ac.at\/#\/schema\/logo\/image\/\",\"url\":\"https:\/\/denkmalpflege.tuwien.ac.at\/wp-content\/uploads\/2019\/10\/Logo1.png\",\"contentUrl\":\"https:\/\/denkmalpflege.tuwien.ac.at\/wp-content\/uploads\/2019\/10\/Logo1.png\",\"width\":222,\"height\":79,\"caption\":\"TU Wien Denkmalpflege und Bauen im Bestand\"},\"image\":{\"@id\":\"https:\/\/denkmalpflege.tuwien.ac.at\/#\/schema\/logo\/image\/\"}}]}<\/script>\n<!-- \/ Yoast SEO plugin. -->","yoast_head_json":{"title":"Steintheater - Denkmalpflege und Bauen im Bestand","robots":{"index":"index","follow":"follow","max-snippet":"max-snippet:-1","max-image-preview":"max-image-preview:large","max-video-preview":"max-video-preview:-1"},"canonical":"https:\/\/denkmalpflege.tuwien.ac.at\/index.php\/steintheater\/","og_locale":"de_DE","og_type":"article","og_title":"Steintheater - Denkmalpflege und Bauen im Bestand","og_description":"Gro\u00dfes Entwerfen \u201cDenkmalpflege und Entwurf: Strategien der Erhaltung\u201d Theater einmal anders \u2013 Entw\u00fcrfe zur Reaktivierung des Steintheaters bei Schloss Hellbrunn (Salzburg) Wintersemester 2015 Vortragende: Nott Caviezel, Lea Elisabeth Ullmann, Eva Hody Ziele der Lehrveranstaltung Jede Entwurfsarbeit an denkmalpflegerisch bedeutsamen Objekten beansprucht spezifische Kenntnisse und erfordert dem Bestand angemessene Strategien. S\u00fcdlich von Salzburg befindet sich das bedeutende manieristische Schloss Hellbrunn aus dem Anfang des 17. Jahrhunderts, das als Gesamtes unter DenkmalschutzRead More","og_url":"https:\/\/denkmalpflege.tuwien.ac.at\/index.php\/steintheater\/","og_site_name":"Denkmalpflege und Bauen im Bestand","article_modified_time":"2018-06-05T09:17:55+00:00","twitter_card":"summary_large_image","twitter_misc":{"Gesch\u00e4tzte Lesezeit":"2\u00a0Minuten"},"schema":{"@context":"https:\/\/schema.org","@graph":[{"@type":"WebPage","@id":"https:\/\/denkmalpflege.tuwien.ac.at\/index.php\/steintheater\/","url":"https:\/\/denkmalpflege.tuwien.ac.at\/index.php\/steintheater\/","name":"Steintheater - Denkmalpflege und Bauen im Bestand","isPartOf":{"@id":"https:\/\/denkmalpflege.tuwien.ac.at\/#website"},"primaryImageOfPage":{"@id":"https:\/\/denkmalpflege.tuwien.ac.at\/index.php\/steintheater\/#primaryimage"},"image":{"@id":"https:\/\/denkmalpflege.tuwien.ac.at\/index.php\/steintheater\/#primaryimage"},"thumbnailUrl":"http:\/\/denkmalpflege1.e251.tuwien.ac.at\/wp-content\/uploads\/2015\/08\/Theater.gif","datePublished":"2016-07-05T10:32:17+00:00","dateModified":"2018-06-05T09:17:55+00:00","breadcrumb":{"@id":"https:\/\/denkmalpflege.tuwien.ac.at\/index.php\/steintheater\/#breadcrumb"},"inLanguage":"de","potentialAction":[{"@type":"ReadAction","target":["https:\/\/denkmalpflege.tuwien.ac.at\/index.php\/steintheater\/"]}]},{"@type":"ImageObject","inLanguage":"de","@id":"https:\/\/denkmalpflege.tuwien.ac.at\/index.php\/steintheater\/#primaryimage","url":"http:\/\/denkmalpflege1.e251.tuwien.ac.at\/wp-content\/uploads\/2015\/08\/Theater.gif","contentUrl":"http:\/\/denkmalpflege1.e251.tuwien.ac.at\/wp-content\/uploads\/2015\/08\/Theater.gif"},{"@type":"BreadcrumbList","@id":"https:\/\/denkmalpflege.tuwien.ac.at\/index.php\/steintheater\/#breadcrumb","itemListElement":[{"@type":"ListItem","position":1,"name":"Startseite","item":"https:\/\/denkmalpflege.tuwien.ac.at\/"},{"@type":"ListItem","position":2,"name":"Steintheater"}]},{"@type":"WebSite","@id":"https:\/\/denkmalpflege.tuwien.ac.at\/#website","url":"https:\/\/denkmalpflege.tuwien.ac.at\/","name":"Denkmalpflege und Bauen im Bestand","description":"Denkmalpflege TU Wien","publisher":{"@id":"https:\/\/denkmalpflege.tuwien.ac.at\/#organization"},"potentialAction":[{"@type":"SearchAction","target":{"@type":"EntryPoint","urlTemplate":"https:\/\/denkmalpflege.tuwien.ac.at\/?s={search_term_string}"},"query-input":{"@type":"PropertyValueSpecification","valueRequired":true,"valueName":"search_term_string"}}],"inLanguage":"de"},{"@type":"Organization","@id":"https:\/\/denkmalpflege.tuwien.ac.at\/#organization","name":"TU Wien Denkmalpflege und Bauen im Bestand","url":"https:\/\/denkmalpflege.tuwien.ac.at\/","logo":{"@type":"ImageObject","inLanguage":"de","@id":"https:\/\/denkmalpflege.tuwien.ac.at\/#\/schema\/logo\/image\/","url":"https:\/\/denkmalpflege.tuwien.ac.at\/wp-content\/uploads\/2019\/10\/Logo1.png","contentUrl":"https:\/\/denkmalpflege.tuwien.ac.at\/wp-content\/uploads\/2019\/10\/Logo1.png","width":222,"height":79,"caption":"TU Wien Denkmalpflege und Bauen im Bestand"},"image":{"@id":"https:\/\/denkmalpflege.tuwien.ac.at\/#\/schema\/logo\/image\/"}}]}},"_links":{"self":[{"href":"https:\/\/denkmalpflege.tuwien.ac.at\/index.php\/wp-json\/wp\/v2\/pages\/11211","targetHints":{"allow":["GET"]}}],"collection":[{"href":"https:\/\/denkmalpflege.tuwien.ac.at\/index.php\/wp-json\/wp\/v2\/pages"}],"about":[{"href":"https:\/\/denkmalpflege.tuwien.ac.at\/index.php\/wp-json\/wp\/v2\/types\/page"}],"author":[{"embeddable":true,"href":"https:\/\/denkmalpflege.tuwien.ac.at\/index.php\/wp-json\/wp\/v2\/users\/1"}],"replies":[{"embeddable":true,"href":"https:\/\/denkmalpflege.tuwien.ac.at\/index.php\/wp-json\/wp\/v2\/comments?post=11211"}],"version-history":[{"count":8,"href":"https:\/\/denkmalpflege.tuwien.ac.at\/index.php\/wp-json\/wp\/v2\/pages\/11211\/revisions"}],"predecessor-version":[{"id":13690,"href":"https:\/\/denkmalpflege.tuwien.ac.at\/index.php\/wp-json\/wp\/v2\/pages\/11211\/revisions\/13690"}],"wp:attachment":[{"href":"https:\/\/denkmalpflege.tuwien.ac.at\/index.php\/wp-json\/wp\/v2\/media?parent=11211"}],"curies":[{"name":"wp","href":"https:\/\/api.w.org\/{rel}","templated":true}]}}