{"id":11039,"date":"2016-06-07T12:06:55","date_gmt":"2016-06-07T10:06:55","guid":{"rendered":"http:\/\/denkmalpflege1.e251.tuwien.ac.at\/?page_id=11039"},"modified":"2016-06-07T12:06:55","modified_gmt":"2016-06-07T10:06:55","slug":"puthen","status":"publish","type":"page","link":"https:\/\/denkmalpflege.tuwien.ac.at\/index.php\/puthen\/","title":{"rendered":"Puthen"},"content":{"rendered":"<div class='mitarbeiter'>\n<div class='grey'>\n<img decoding=\"async\" src=\"http:\/\/denkmalpflege1.e251.tuwien.ac.at\/wp-content\/uploads\/2016\/06\/Klein1.gif\" alt=\"Puthen\" title=\"Puthen\" width=\"130\" height=\"113\" class=\"alignnone size-full wp-image-165\" \/> <a href='diplomanden-prof-stadler' class='right_link'>&lt; Alle Arbeiten<\/a><br \/>\n<b>Die Koppitzm\u00fchle in Olgersdorf &#8211; Ma\u00dfnahmen zur Nutzung als Schaum\u00fchle<\/b><br \/>\n<strong>2016 Jasmin Puthenkalam <\/strong> <\/p>\n<div class='breakline'><\/div>\n<\/div>\n<div class='greyfield'>\n<p>Die im 13. Jahrhundert errichtete ehemalige Walk- und heute als Koppitzm\u00fchle bekannte M\u00fchle in Olgersdorf, z\u00e4hlt zu den \u00e4ltesten bekannten M\u00fchlen im Zayatal. Der urspr\u00fcngliche Bau wurde in den 1860er Jahren erweitert, sodass die bis dahin bestandene Radstube entfernt wurde und das M\u00fchlgeb\u00e4ude sich nun in der Breite \u00fcber den heute nicht mehr vorhandenen M\u00fchlbach erstreckt. Diese Erweiterung f\u00fchrte zu einer gr\u00f6\u00dferen Umstrukturierung im Innenbereich der M\u00fchle, da f\u00fcr die zahlreichen M\u00fcllereimaschinen nun mehr Platz zur Verf\u00fcgung stand. Bis die M\u00fchle im Jahre 1972 au\u00dfer Betrieb genommen wurde, kam es noch zu vielen weiteren kleineren Umbauten und Umstellungen im M\u00fchlgeb\u00e4ude.<br \/>\nZiel dieser Arbeit ist es zu erfassen, welche Umbauma\u00dfnahmen in der Koppitzm\u00fchle vorgenommen wurden und welche Ma\u00dfnahmen n\u00f6tig w\u00e4ren, um die nun schon \u00fcber 40 Jahre lang stillstehende M\u00fchle wieder so herzurichten, dass diese als Schaum\u00fchle genutzt werden kann. Ein besonderer Schwerpunkt liegt hierbei bei den, zum Teil nicht mehr vorhandenen, besch\u00e4digten oder fehlplatzierten, M\u00fcllereimaschinen und Wasserr\u00e4dern.<\/p>\n<div class='breakline'><\/div>\n<\/div>\n<p><span><\/span><br \/>\n<img decoding=\"async\" src=\"http:\/\/denkmalpflege1.e251.tuwien.ac.at\/wp-content\/uploads\/2016\/06\/Gro\u00df21.gif\" width=\"960\" height=\"\"  alt=\"\" \/><br \/>\n<span><\/span><br \/>\n<img decoding=\"async\" src=\"http:\/\/denkmalpflege1.e251.tuwien.ac.at\/wp-content\/uploads\/2016\/06\/Gro\u00df11.gif\" width=\"960\" height=\"\"  alt=\"\" \/><\/p>\n<div class='breakline'><\/div>\n<\/div>\n<\/div>\n","protected":false},"excerpt":{"rendered":"<p>&lt; Alle Arbeiten Die Koppitzm\u00fchle in Olgersdorf &#8211; Ma\u00dfnahmen zur Nutzung als Schaum\u00fchle 2016 Jasmin Puthenkalam Die im 13. Jahrhundert errichtete ehemalige Walk- und heute als Koppitzm\u00fchle bekannte M\u00fchle in Olgersdorf, z\u00e4hlt zu den \u00e4ltesten bekannten M\u00fchlen im Zayatal. Der urspr\u00fcngliche Bau wurde in den 1860er Jahren erweitert, sodass die bis dahin bestandene Radstube entfernt wurde und das M\u00fchlgeb\u00e4ude sich nun in der Breite \u00fcber den heute nicht mehr vorhandenen<\/p>\n<div class=\"belowpost\"><a class=\"btnmore icon-arrow\" href=\"https:\/\/denkmalpflege.tuwien.ac.at\/index.php\/puthen\/\"><span>Read More<\/span><\/a><\/div>\n","protected":false},"author":1,"featured_media":0,"parent":0,"menu_order":0,"comment_status":"open","ping_status":"open","template":"","meta":{"footnotes":""},"class_list":["post-11039","page","type-page","status-publish","hentry"],"yoast_head":"<!-- This site is optimized with the Yoast SEO plugin v26.0 - https:\/\/yoast.com\/wordpress\/plugins\/seo\/ -->\n<title>Puthen - Denkmalpflege und Bauen im Bestand<\/title>\n<meta name=\"robots\" content=\"index, follow, max-snippet:-1, max-image-preview:large, max-video-preview:-1\" \/>\n<link rel=\"canonical\" href=\"https:\/\/denkmalpflege.tuwien.ac.at\/index.php\/puthen\/\" \/>\n<meta property=\"og:locale\" content=\"de_DE\" \/>\n<meta property=\"og:type\" content=\"article\" \/>\n<meta property=\"og:title\" content=\"Puthen - Denkmalpflege und Bauen im Bestand\" \/>\n<meta property=\"og:description\" content=\"&lt; Alle Arbeiten Die Koppitzm\u00fchle in Olgersdorf &#8211; Ma\u00dfnahmen zur Nutzung als Schaum\u00fchle 2016 Jasmin Puthenkalam Die im 13. Jahrhundert errichtete ehemalige Walk- und heute als Koppitzm\u00fchle bekannte M\u00fchle in Olgersdorf, z\u00e4hlt zu den \u00e4ltesten bekannten M\u00fchlen im Zayatal. Der urspr\u00fcngliche Bau wurde in den 1860er Jahren erweitert, sodass die bis dahin bestandene Radstube entfernt wurde und das M\u00fchlgeb\u00e4ude sich nun in der Breite \u00fcber den heute nicht mehr vorhandenenRead More\" \/>\n<meta property=\"og:url\" content=\"https:\/\/denkmalpflege.tuwien.ac.at\/index.php\/puthen\/\" \/>\n<meta property=\"og:site_name\" content=\"Denkmalpflege und Bauen im Bestand\" \/>\n<meta name=\"twitter:card\" content=\"summary_large_image\" \/>\n<meta name=\"twitter:label1\" content=\"Gesch\u00e4tzte Lesezeit\" \/>\n\t<meta name=\"twitter:data1\" content=\"1\u00a0Minute\" \/>\n<script type=\"application\/ld+json\" class=\"yoast-schema-graph\">{\"@context\":\"https:\/\/schema.org\",\"@graph\":[{\"@type\":\"WebPage\",\"@id\":\"https:\/\/denkmalpflege.tuwien.ac.at\/index.php\/puthen\/\",\"url\":\"https:\/\/denkmalpflege.tuwien.ac.at\/index.php\/puthen\/\",\"name\":\"Puthen - Denkmalpflege und Bauen im Bestand\",\"isPartOf\":{\"@id\":\"https:\/\/denkmalpflege.tuwien.ac.at\/#website\"},\"primaryImageOfPage\":{\"@id\":\"https:\/\/denkmalpflege.tuwien.ac.at\/index.php\/puthen\/#primaryimage\"},\"image\":{\"@id\":\"https:\/\/denkmalpflege.tuwien.ac.at\/index.php\/puthen\/#primaryimage\"},\"thumbnailUrl\":\"http:\/\/denkmalpflege1.e251.tuwien.ac.at\/wp-content\/uploads\/2016\/06\/Klein1.gif\",\"datePublished\":\"2016-06-07T10:06:55+00:00\",\"breadcrumb\":{\"@id\":\"https:\/\/denkmalpflege.tuwien.ac.at\/index.php\/puthen\/#breadcrumb\"},\"inLanguage\":\"de\",\"potentialAction\":[{\"@type\":\"ReadAction\",\"target\":[\"https:\/\/denkmalpflege.tuwien.ac.at\/index.php\/puthen\/\"]}]},{\"@type\":\"ImageObject\",\"inLanguage\":\"de\",\"@id\":\"https:\/\/denkmalpflege.tuwien.ac.at\/index.php\/puthen\/#primaryimage\",\"url\":\"http:\/\/denkmalpflege1.e251.tuwien.ac.at\/wp-content\/uploads\/2016\/06\/Klein1.gif\",\"contentUrl\":\"http:\/\/denkmalpflege1.e251.tuwien.ac.at\/wp-content\/uploads\/2016\/06\/Klein1.gif\"},{\"@type\":\"BreadcrumbList\",\"@id\":\"https:\/\/denkmalpflege.tuwien.ac.at\/index.php\/puthen\/#breadcrumb\",\"itemListElement\":[{\"@type\":\"ListItem\",\"position\":1,\"name\":\"Startseite\",\"item\":\"https:\/\/denkmalpflege.tuwien.ac.at\/\"},{\"@type\":\"ListItem\",\"position\":2,\"name\":\"Puthen\"}]},{\"@type\":\"WebSite\",\"@id\":\"https:\/\/denkmalpflege.tuwien.ac.at\/#website\",\"url\":\"https:\/\/denkmalpflege.tuwien.ac.at\/\",\"name\":\"Denkmalpflege und Bauen im Bestand\",\"description\":\"Denkmalpflege TU Wien\",\"publisher\":{\"@id\":\"https:\/\/denkmalpflege.tuwien.ac.at\/#organization\"},\"potentialAction\":[{\"@type\":\"SearchAction\",\"target\":{\"@type\":\"EntryPoint\",\"urlTemplate\":\"https:\/\/denkmalpflege.tuwien.ac.at\/?s={search_term_string}\"},\"query-input\":{\"@type\":\"PropertyValueSpecification\",\"valueRequired\":true,\"valueName\":\"search_term_string\"}}],\"inLanguage\":\"de\"},{\"@type\":\"Organization\",\"@id\":\"https:\/\/denkmalpflege.tuwien.ac.at\/#organization\",\"name\":\"TU Wien Denkmalpflege und Bauen im Bestand\",\"url\":\"https:\/\/denkmalpflege.tuwien.ac.at\/\",\"logo\":{\"@type\":\"ImageObject\",\"inLanguage\":\"de\",\"@id\":\"https:\/\/denkmalpflege.tuwien.ac.at\/#\/schema\/logo\/image\/\",\"url\":\"https:\/\/denkmalpflege.tuwien.ac.at\/wp-content\/uploads\/2019\/10\/Logo1.png\",\"contentUrl\":\"https:\/\/denkmalpflege.tuwien.ac.at\/wp-content\/uploads\/2019\/10\/Logo1.png\",\"width\":222,\"height\":79,\"caption\":\"TU Wien Denkmalpflege und Bauen im Bestand\"},\"image\":{\"@id\":\"https:\/\/denkmalpflege.tuwien.ac.at\/#\/schema\/logo\/image\/\"}}]}<\/script>\n<!-- \/ Yoast SEO plugin. -->","yoast_head_json":{"title":"Puthen - Denkmalpflege und Bauen im Bestand","robots":{"index":"index","follow":"follow","max-snippet":"max-snippet:-1","max-image-preview":"max-image-preview:large","max-video-preview":"max-video-preview:-1"},"canonical":"https:\/\/denkmalpflege.tuwien.ac.at\/index.php\/puthen\/","og_locale":"de_DE","og_type":"article","og_title":"Puthen - Denkmalpflege und Bauen im Bestand","og_description":"&lt; Alle Arbeiten Die Koppitzm\u00fchle in Olgersdorf &#8211; Ma\u00dfnahmen zur Nutzung als Schaum\u00fchle 2016 Jasmin Puthenkalam Die im 13. Jahrhundert errichtete ehemalige Walk- und heute als Koppitzm\u00fchle bekannte M\u00fchle in Olgersdorf, z\u00e4hlt zu den \u00e4ltesten bekannten M\u00fchlen im Zayatal. Der urspr\u00fcngliche Bau wurde in den 1860er Jahren erweitert, sodass die bis dahin bestandene Radstube entfernt wurde und das M\u00fchlgeb\u00e4ude sich nun in der Breite \u00fcber den heute nicht mehr vorhandenenRead More","og_url":"https:\/\/denkmalpflege.tuwien.ac.at\/index.php\/puthen\/","og_site_name":"Denkmalpflege und Bauen im Bestand","twitter_card":"summary_large_image","twitter_misc":{"Gesch\u00e4tzte Lesezeit":"1\u00a0Minute"},"schema":{"@context":"https:\/\/schema.org","@graph":[{"@type":"WebPage","@id":"https:\/\/denkmalpflege.tuwien.ac.at\/index.php\/puthen\/","url":"https:\/\/denkmalpflege.tuwien.ac.at\/index.php\/puthen\/","name":"Puthen - Denkmalpflege und Bauen im Bestand","isPartOf":{"@id":"https:\/\/denkmalpflege.tuwien.ac.at\/#website"},"primaryImageOfPage":{"@id":"https:\/\/denkmalpflege.tuwien.ac.at\/index.php\/puthen\/#primaryimage"},"image":{"@id":"https:\/\/denkmalpflege.tuwien.ac.at\/index.php\/puthen\/#primaryimage"},"thumbnailUrl":"http:\/\/denkmalpflege1.e251.tuwien.ac.at\/wp-content\/uploads\/2016\/06\/Klein1.gif","datePublished":"2016-06-07T10:06:55+00:00","breadcrumb":{"@id":"https:\/\/denkmalpflege.tuwien.ac.at\/index.php\/puthen\/#breadcrumb"},"inLanguage":"de","potentialAction":[{"@type":"ReadAction","target":["https:\/\/denkmalpflege.tuwien.ac.at\/index.php\/puthen\/"]}]},{"@type":"ImageObject","inLanguage":"de","@id":"https:\/\/denkmalpflege.tuwien.ac.at\/index.php\/puthen\/#primaryimage","url":"http:\/\/denkmalpflege1.e251.tuwien.ac.at\/wp-content\/uploads\/2016\/06\/Klein1.gif","contentUrl":"http:\/\/denkmalpflege1.e251.tuwien.ac.at\/wp-content\/uploads\/2016\/06\/Klein1.gif"},{"@type":"BreadcrumbList","@id":"https:\/\/denkmalpflege.tuwien.ac.at\/index.php\/puthen\/#breadcrumb","itemListElement":[{"@type":"ListItem","position":1,"name":"Startseite","item":"https:\/\/denkmalpflege.tuwien.ac.at\/"},{"@type":"ListItem","position":2,"name":"Puthen"}]},{"@type":"WebSite","@id":"https:\/\/denkmalpflege.tuwien.ac.at\/#website","url":"https:\/\/denkmalpflege.tuwien.ac.at\/","name":"Denkmalpflege und Bauen im Bestand","description":"Denkmalpflege TU Wien","publisher":{"@id":"https:\/\/denkmalpflege.tuwien.ac.at\/#organization"},"potentialAction":[{"@type":"SearchAction","target":{"@type":"EntryPoint","urlTemplate":"https:\/\/denkmalpflege.tuwien.ac.at\/?s={search_term_string}"},"query-input":{"@type":"PropertyValueSpecification","valueRequired":true,"valueName":"search_term_string"}}],"inLanguage":"de"},{"@type":"Organization","@id":"https:\/\/denkmalpflege.tuwien.ac.at\/#organization","name":"TU Wien Denkmalpflege und Bauen im Bestand","url":"https:\/\/denkmalpflege.tuwien.ac.at\/","logo":{"@type":"ImageObject","inLanguage":"de","@id":"https:\/\/denkmalpflege.tuwien.ac.at\/#\/schema\/logo\/image\/","url":"https:\/\/denkmalpflege.tuwien.ac.at\/wp-content\/uploads\/2019\/10\/Logo1.png","contentUrl":"https:\/\/denkmalpflege.tuwien.ac.at\/wp-content\/uploads\/2019\/10\/Logo1.png","width":222,"height":79,"caption":"TU Wien Denkmalpflege und Bauen im Bestand"},"image":{"@id":"https:\/\/denkmalpflege.tuwien.ac.at\/#\/schema\/logo\/image\/"}}]}},"_links":{"self":[{"href":"https:\/\/denkmalpflege.tuwien.ac.at\/index.php\/wp-json\/wp\/v2\/pages\/11039","targetHints":{"allow":["GET"]}}],"collection":[{"href":"https:\/\/denkmalpflege.tuwien.ac.at\/index.php\/wp-json\/wp\/v2\/pages"}],"about":[{"href":"https:\/\/denkmalpflege.tuwien.ac.at\/index.php\/wp-json\/wp\/v2\/types\/page"}],"author":[{"embeddable":true,"href":"https:\/\/denkmalpflege.tuwien.ac.at\/index.php\/wp-json\/wp\/v2\/users\/1"}],"replies":[{"embeddable":true,"href":"https:\/\/denkmalpflege.tuwien.ac.at\/index.php\/wp-json\/wp\/v2\/comments?post=11039"}],"version-history":[{"count":1,"href":"https:\/\/denkmalpflege.tuwien.ac.at\/index.php\/wp-json\/wp\/v2\/pages\/11039\/revisions"}],"predecessor-version":[{"id":11045,"href":"https:\/\/denkmalpflege.tuwien.ac.at\/index.php\/wp-json\/wp\/v2\/pages\/11039\/revisions\/11045"}],"wp:attachment":[{"href":"https:\/\/denkmalpflege.tuwien.ac.at\/index.php\/wp-json\/wp\/v2\/media?parent=11039"}],"curies":[{"name":"wp","href":"https:\/\/api.w.org\/{rel}","templated":true}]}}