{"id":11027,"date":"2016-06-07T11:50:30","date_gmt":"2016-06-07T09:50:30","guid":{"rendered":"http:\/\/denkmalpflege1.e251.tuwien.ac.at\/?page_id=11027"},"modified":"2016-06-13T09:52:29","modified_gmt":"2016-06-13T07:52:29","slug":"stankovic","status":"publish","type":"page","link":"https:\/\/denkmalpflege.tuwien.ac.at\/index.php\/stankovic\/","title":{"rendered":"Stankovic"},"content":{"rendered":"<div class='mitarbeiter'>\n<div class='grey'>\n<img decoding=\"async\" src=\"http:\/\/denkmalpflege1.e251.tuwien.ac.at\/wp-content\/uploads\/2016\/06\/Klein.gif\" alt=\"Stankovic\" title=\"Stankovic\" width=\"130\" height=\"113\" class=\"alignnone size-full wp-image-165\" \/> <a href='diplomanden-prof-stadler' class='right_link'>&lt; Alle Arbeiten<\/a><br \/>\n<b>Wiederaufbau und Revitalisierung des W\u00e4rmekraftwerks \u201cEnergie und Licht\u201d<\/b><br \/>\n<strong>2016 Tijana Stankovic <\/strong> <\/p>\n<div class='breakline'><\/div>\n<\/div>\n<div class='greyfield'>\n<p>Das heute als Kulturdenkmal gesch\u00fctzte Kraftwerk in Belgrad wurde in den Jahren 1930 bis 1932 von der Schweizerischen Elektrizit\u00e4ts- und Verkehrsgesellschaft Basel projektiert und errichtet. Die auf einer Grundfl\u00e4che von ann\u00e4hernd 2.800 Quadratmetern als Stahlbetonskelett-Konstruktion hergestellte Werksanlage besteht aus dem eigentlichen Kraftwerk mit Kessel- und Maschinenhaus, einer Schaltanlage, der Kohlen-Verladebr\u00fccke, einer Pumpstation sowie einer Filteranlage. Infolge seiner architektonischen, kulturellen und historischen Werte z\u00e4hlt das Kraftwerk zu den bedeutenden Baudenkm\u00e4lern Belgrads. Die schlichte und schn\u00f6rkellose Architektur repr\u00e4sentiert die Neue Sachlichkeit im Verst\u00e4ndnis der europ\u00e4ischen Zwischenkriegszeit. Als gr\u00f6\u00dftes Kraftwerk seiner Art in Belgrad trug es zu einer signifikanten Verbesserung der Versorgung der Stadt mit elektrischer Energie bei.<br \/>\nDas Ziel der angestrebten Diplomarbeit liegt in der analytischen und deskriptiven Rekonstruktion des Kraftwerks, um es im Rahmen einer denkmalgerechten Revitalisierung als attraktiven Ort im st\u00e4dtischen Raum zu erhalten.<\/p>\n<div class='breakline'><\/div>\n<\/div>\n<p><span><\/span><br \/>\n<img decoding=\"async\" src=\"http:\/\/denkmalpflege1.e251.tuwien.ac.at\/wp-content\/uploads\/2016\/06\/Gro\u00df1.gif\" width=\"960\" height=\"\"  alt=\"\" \/><br \/>\n<span><\/span><br \/>\n<img decoding=\"async\" src=\"http:\/\/denkmalpflege1.e251.tuwien.ac.at\/wp-content\/uploads\/2016\/06\/Gro\u00df2.gif\" width=\"960\" height=\"\"  alt=\"\" \/><\/p>\n<div class='breakline'><\/div>\n<\/div>\n<\/div>\n","protected":false},"excerpt":{"rendered":"<p>&lt; Alle Arbeiten Wiederaufbau und Revitalisierung des W\u00e4rmekraftwerks \u201cEnergie und Licht\u201d 2016 Tijana Stankovic Das heute als Kulturdenkmal gesch\u00fctzte Kraftwerk in Belgrad wurde in den Jahren 1930 bis 1932 von der Schweizerischen Elektrizit\u00e4ts- und Verkehrsgesellschaft Basel projektiert und errichtet. Die auf einer Grundfl\u00e4che von ann\u00e4hernd 2.800 Quadratmetern als Stahlbetonskelett-Konstruktion hergestellte Werksanlage besteht aus dem eigentlichen Kraftwerk mit Kessel- und Maschinenhaus, einer Schaltanlage, der Kohlen-Verladebr\u00fccke, einer Pumpstation sowie einer Filteranlage. Infolge<\/p>\n<div class=\"belowpost\"><a class=\"btnmore icon-arrow\" href=\"https:\/\/denkmalpflege.tuwien.ac.at\/index.php\/stankovic\/\"><span>Read More<\/span><\/a><\/div>\n","protected":false},"author":1,"featured_media":0,"parent":0,"menu_order":0,"comment_status":"open","ping_status":"open","template":"","meta":{"footnotes":""},"class_list":["post-11027","page","type-page","status-publish","hentry"],"yoast_head":"<!-- This site is optimized with the Yoast SEO plugin v26.0 - https:\/\/yoast.com\/wordpress\/plugins\/seo\/ -->\n<title>Stankovic - Denkmalpflege und Bauen im Bestand<\/title>\n<meta name=\"robots\" content=\"index, follow, max-snippet:-1, max-image-preview:large, max-video-preview:-1\" \/>\n<link rel=\"canonical\" href=\"https:\/\/denkmalpflege.tuwien.ac.at\/index.php\/stankovic\/\" \/>\n<meta property=\"og:locale\" content=\"de_DE\" \/>\n<meta property=\"og:type\" content=\"article\" \/>\n<meta property=\"og:title\" content=\"Stankovic - Denkmalpflege und Bauen im Bestand\" \/>\n<meta property=\"og:description\" content=\"&lt; Alle Arbeiten Wiederaufbau und Revitalisierung des W\u00e4rmekraftwerks \u201cEnergie und Licht\u201d 2016 Tijana Stankovic Das heute als Kulturdenkmal gesch\u00fctzte Kraftwerk in Belgrad wurde in den Jahren 1930 bis 1932 von der Schweizerischen Elektrizit\u00e4ts- und Verkehrsgesellschaft Basel projektiert und errichtet. Die auf einer Grundfl\u00e4che von ann\u00e4hernd 2.800 Quadratmetern als Stahlbetonskelett-Konstruktion hergestellte Werksanlage besteht aus dem eigentlichen Kraftwerk mit Kessel- und Maschinenhaus, einer Schaltanlage, der Kohlen-Verladebr\u00fccke, einer Pumpstation sowie einer Filteranlage. InfolgeRead More\" \/>\n<meta property=\"og:url\" content=\"https:\/\/denkmalpflege.tuwien.ac.at\/index.php\/stankovic\/\" \/>\n<meta property=\"og:site_name\" content=\"Denkmalpflege und Bauen im Bestand\" \/>\n<meta property=\"article:modified_time\" content=\"2016-06-13T07:52:29+00:00\" \/>\n<meta name=\"twitter:card\" content=\"summary_large_image\" \/>\n<meta name=\"twitter:label1\" content=\"Gesch\u00e4tzte Lesezeit\" \/>\n\t<meta name=\"twitter:data1\" content=\"1\u00a0Minute\" \/>\n<script type=\"application\/ld+json\" class=\"yoast-schema-graph\">{\"@context\":\"https:\/\/schema.org\",\"@graph\":[{\"@type\":\"WebPage\",\"@id\":\"https:\/\/denkmalpflege.tuwien.ac.at\/index.php\/stankovic\/\",\"url\":\"https:\/\/denkmalpflege.tuwien.ac.at\/index.php\/stankovic\/\",\"name\":\"Stankovic - Denkmalpflege und Bauen im Bestand\",\"isPartOf\":{\"@id\":\"https:\/\/denkmalpflege.tuwien.ac.at\/#website\"},\"primaryImageOfPage\":{\"@id\":\"https:\/\/denkmalpflege.tuwien.ac.at\/index.php\/stankovic\/#primaryimage\"},\"image\":{\"@id\":\"https:\/\/denkmalpflege.tuwien.ac.at\/index.php\/stankovic\/#primaryimage\"},\"thumbnailUrl\":\"http:\/\/denkmalpflege1.e251.tuwien.ac.at\/wp-content\/uploads\/2016\/06\/Klein.gif\",\"datePublished\":\"2016-06-07T09:50:30+00:00\",\"dateModified\":\"2016-06-13T07:52:29+00:00\",\"breadcrumb\":{\"@id\":\"https:\/\/denkmalpflege.tuwien.ac.at\/index.php\/stankovic\/#breadcrumb\"},\"inLanguage\":\"de\",\"potentialAction\":[{\"@type\":\"ReadAction\",\"target\":[\"https:\/\/denkmalpflege.tuwien.ac.at\/index.php\/stankovic\/\"]}]},{\"@type\":\"ImageObject\",\"inLanguage\":\"de\",\"@id\":\"https:\/\/denkmalpflege.tuwien.ac.at\/index.php\/stankovic\/#primaryimage\",\"url\":\"http:\/\/denkmalpflege1.e251.tuwien.ac.at\/wp-content\/uploads\/2016\/06\/Klein.gif\",\"contentUrl\":\"http:\/\/denkmalpflege1.e251.tuwien.ac.at\/wp-content\/uploads\/2016\/06\/Klein.gif\"},{\"@type\":\"BreadcrumbList\",\"@id\":\"https:\/\/denkmalpflege.tuwien.ac.at\/index.php\/stankovic\/#breadcrumb\",\"itemListElement\":[{\"@type\":\"ListItem\",\"position\":1,\"name\":\"Startseite\",\"item\":\"https:\/\/denkmalpflege.tuwien.ac.at\/\"},{\"@type\":\"ListItem\",\"position\":2,\"name\":\"Stankovic\"}]},{\"@type\":\"WebSite\",\"@id\":\"https:\/\/denkmalpflege.tuwien.ac.at\/#website\",\"url\":\"https:\/\/denkmalpflege.tuwien.ac.at\/\",\"name\":\"Denkmalpflege und Bauen im Bestand\",\"description\":\"Denkmalpflege TU Wien\",\"publisher\":{\"@id\":\"https:\/\/denkmalpflege.tuwien.ac.at\/#organization\"},\"potentialAction\":[{\"@type\":\"SearchAction\",\"target\":{\"@type\":\"EntryPoint\",\"urlTemplate\":\"https:\/\/denkmalpflege.tuwien.ac.at\/?s={search_term_string}\"},\"query-input\":{\"@type\":\"PropertyValueSpecification\",\"valueRequired\":true,\"valueName\":\"search_term_string\"}}],\"inLanguage\":\"de\"},{\"@type\":\"Organization\",\"@id\":\"https:\/\/denkmalpflege.tuwien.ac.at\/#organization\",\"name\":\"TU Wien Denkmalpflege und Bauen im Bestand\",\"url\":\"https:\/\/denkmalpflege.tuwien.ac.at\/\",\"logo\":{\"@type\":\"ImageObject\",\"inLanguage\":\"de\",\"@id\":\"https:\/\/denkmalpflege.tuwien.ac.at\/#\/schema\/logo\/image\/\",\"url\":\"https:\/\/denkmalpflege.tuwien.ac.at\/wp-content\/uploads\/2019\/10\/Logo1.png\",\"contentUrl\":\"https:\/\/denkmalpflege.tuwien.ac.at\/wp-content\/uploads\/2019\/10\/Logo1.png\",\"width\":222,\"height\":79,\"caption\":\"TU Wien Denkmalpflege und Bauen im Bestand\"},\"image\":{\"@id\":\"https:\/\/denkmalpflege.tuwien.ac.at\/#\/schema\/logo\/image\/\"}}]}<\/script>\n<!-- \/ Yoast SEO plugin. -->","yoast_head_json":{"title":"Stankovic - Denkmalpflege und Bauen im Bestand","robots":{"index":"index","follow":"follow","max-snippet":"max-snippet:-1","max-image-preview":"max-image-preview:large","max-video-preview":"max-video-preview:-1"},"canonical":"https:\/\/denkmalpflege.tuwien.ac.at\/index.php\/stankovic\/","og_locale":"de_DE","og_type":"article","og_title":"Stankovic - Denkmalpflege und Bauen im Bestand","og_description":"&lt; Alle Arbeiten Wiederaufbau und Revitalisierung des W\u00e4rmekraftwerks \u201cEnergie und Licht\u201d 2016 Tijana Stankovic Das heute als Kulturdenkmal gesch\u00fctzte Kraftwerk in Belgrad wurde in den Jahren 1930 bis 1932 von der Schweizerischen Elektrizit\u00e4ts- und Verkehrsgesellschaft Basel projektiert und errichtet. Die auf einer Grundfl\u00e4che von ann\u00e4hernd 2.800 Quadratmetern als Stahlbetonskelett-Konstruktion hergestellte Werksanlage besteht aus dem eigentlichen Kraftwerk mit Kessel- und Maschinenhaus, einer Schaltanlage, der Kohlen-Verladebr\u00fccke, einer Pumpstation sowie einer Filteranlage. InfolgeRead More","og_url":"https:\/\/denkmalpflege.tuwien.ac.at\/index.php\/stankovic\/","og_site_name":"Denkmalpflege und Bauen im Bestand","article_modified_time":"2016-06-13T07:52:29+00:00","twitter_card":"summary_large_image","twitter_misc":{"Gesch\u00e4tzte Lesezeit":"1\u00a0Minute"},"schema":{"@context":"https:\/\/schema.org","@graph":[{"@type":"WebPage","@id":"https:\/\/denkmalpflege.tuwien.ac.at\/index.php\/stankovic\/","url":"https:\/\/denkmalpflege.tuwien.ac.at\/index.php\/stankovic\/","name":"Stankovic - Denkmalpflege und Bauen im Bestand","isPartOf":{"@id":"https:\/\/denkmalpflege.tuwien.ac.at\/#website"},"primaryImageOfPage":{"@id":"https:\/\/denkmalpflege.tuwien.ac.at\/index.php\/stankovic\/#primaryimage"},"image":{"@id":"https:\/\/denkmalpflege.tuwien.ac.at\/index.php\/stankovic\/#primaryimage"},"thumbnailUrl":"http:\/\/denkmalpflege1.e251.tuwien.ac.at\/wp-content\/uploads\/2016\/06\/Klein.gif","datePublished":"2016-06-07T09:50:30+00:00","dateModified":"2016-06-13T07:52:29+00:00","breadcrumb":{"@id":"https:\/\/denkmalpflege.tuwien.ac.at\/index.php\/stankovic\/#breadcrumb"},"inLanguage":"de","potentialAction":[{"@type":"ReadAction","target":["https:\/\/denkmalpflege.tuwien.ac.at\/index.php\/stankovic\/"]}]},{"@type":"ImageObject","inLanguage":"de","@id":"https:\/\/denkmalpflege.tuwien.ac.at\/index.php\/stankovic\/#primaryimage","url":"http:\/\/denkmalpflege1.e251.tuwien.ac.at\/wp-content\/uploads\/2016\/06\/Klein.gif","contentUrl":"http:\/\/denkmalpflege1.e251.tuwien.ac.at\/wp-content\/uploads\/2016\/06\/Klein.gif"},{"@type":"BreadcrumbList","@id":"https:\/\/denkmalpflege.tuwien.ac.at\/index.php\/stankovic\/#breadcrumb","itemListElement":[{"@type":"ListItem","position":1,"name":"Startseite","item":"https:\/\/denkmalpflege.tuwien.ac.at\/"},{"@type":"ListItem","position":2,"name":"Stankovic"}]},{"@type":"WebSite","@id":"https:\/\/denkmalpflege.tuwien.ac.at\/#website","url":"https:\/\/denkmalpflege.tuwien.ac.at\/","name":"Denkmalpflege und Bauen im Bestand","description":"Denkmalpflege TU Wien","publisher":{"@id":"https:\/\/denkmalpflege.tuwien.ac.at\/#organization"},"potentialAction":[{"@type":"SearchAction","target":{"@type":"EntryPoint","urlTemplate":"https:\/\/denkmalpflege.tuwien.ac.at\/?s={search_term_string}"},"query-input":{"@type":"PropertyValueSpecification","valueRequired":true,"valueName":"search_term_string"}}],"inLanguage":"de"},{"@type":"Organization","@id":"https:\/\/denkmalpflege.tuwien.ac.at\/#organization","name":"TU Wien Denkmalpflege und Bauen im Bestand","url":"https:\/\/denkmalpflege.tuwien.ac.at\/","logo":{"@type":"ImageObject","inLanguage":"de","@id":"https:\/\/denkmalpflege.tuwien.ac.at\/#\/schema\/logo\/image\/","url":"https:\/\/denkmalpflege.tuwien.ac.at\/wp-content\/uploads\/2019\/10\/Logo1.png","contentUrl":"https:\/\/denkmalpflege.tuwien.ac.at\/wp-content\/uploads\/2019\/10\/Logo1.png","width":222,"height":79,"caption":"TU Wien Denkmalpflege und Bauen im Bestand"},"image":{"@id":"https:\/\/denkmalpflege.tuwien.ac.at\/#\/schema\/logo\/image\/"}}]}},"_links":{"self":[{"href":"https:\/\/denkmalpflege.tuwien.ac.at\/index.php\/wp-json\/wp\/v2\/pages\/11027","targetHints":{"allow":["GET"]}}],"collection":[{"href":"https:\/\/denkmalpflege.tuwien.ac.at\/index.php\/wp-json\/wp\/v2\/pages"}],"about":[{"href":"https:\/\/denkmalpflege.tuwien.ac.at\/index.php\/wp-json\/wp\/v2\/types\/page"}],"author":[{"embeddable":true,"href":"https:\/\/denkmalpflege.tuwien.ac.at\/index.php\/wp-json\/wp\/v2\/users\/1"}],"replies":[{"embeddable":true,"href":"https:\/\/denkmalpflege.tuwien.ac.at\/index.php\/wp-json\/wp\/v2\/comments?post=11027"}],"version-history":[{"count":3,"href":"https:\/\/denkmalpflege.tuwien.ac.at\/index.php\/wp-json\/wp\/v2\/pages\/11027\/revisions"}],"predecessor-version":[{"id":11047,"href":"https:\/\/denkmalpflege.tuwien.ac.at\/index.php\/wp-json\/wp\/v2\/pages\/11027\/revisions\/11047"}],"wp:attachment":[{"href":"https:\/\/denkmalpflege.tuwien.ac.at\/index.php\/wp-json\/wp\/v2\/media?parent=11027"}],"curies":[{"name":"wp","href":"https:\/\/api.w.org\/{rel}","templated":true}]}}