{"id":10813,"date":"2016-05-10T12:06:58","date_gmt":"2016-05-10T10:06:58","guid":{"rendered":"http:\/\/denkmalpflege1.e251.tuwien.ac.at\/?page_id=10813"},"modified":"2016-06-07T11:52:11","modified_gmt":"2016-06-07T09:52:11","slug":"schreder","status":"publish","type":"page","link":"https:\/\/denkmalpflege.tuwien.ac.at\/index.php\/schreder\/","title":{"rendered":"Schreder"},"content":{"rendered":"<div class='mitarbeiter'>\n<div class='grey'>\n<img decoding=\"async\" src=\"http:\/\/denkmalpflege1.e251.tuwien.ac.at\/wp-content\/uploads\/2016\/05\/14.gif\" alt=\"Schreder\" title=\"Schreder\" width=\"130\" height=\"113\" class=\"alignnone size-full wp-image-165\" \/> <a href='diplomanden-prof-stadler' class='right_link'>&lt; Alle Arbeiten<\/a><br \/>\n<b>Die Schaffung neuer Wohnr\u00e4ume, durch die Sanierung Wiener Gr\u00fcnderzeith\u00e4user;<br \/>\nein Kompendium zur Wiederaufwertung und Adaptierung der historischen Wiener Bausubstanz<\/p>\n<p><\/b><br \/>\n<strong>2015 Octavia SCHREDER <\/strong> <\/p>\n<div class='breakline'><\/div>\n<\/div>\n<div class='greyfield'>\nDie nachfolgende Diplomarbeit soll sich mit verschiedenen nachtr\u00e4glichen Sanierungsma\u00dfnahmen von Wohngeb\u00e4uden, speziell aus der Wiener Gr\u00fcnderzeit,  auseinandersetzen. Ziel dabei ist es ein Kompendium zu entwickeln, welches die Adaptierung von Wohnungen in Gr\u00fcnderzeith\u00e4usern dem Leser n\u00e4her bringen soll.<br \/>\nZun\u00e4chst wird die Entwicklung Wiens veranschaulicht. Dies reicht von der k.u.k Monarchie bis zum Anfang des 20. Jahrhundert, welche die Basis f\u00fcr die Untersuchungen der Arbeit bildet. Dabei wird vor allem der Schwerpunkt auf die Geschichte und Entwicklung der Gr\u00fcnderzeith\u00e4user Wiens gelegt. Geschichtliche Einfl\u00fcsse, wie Bev\u00f6lkerungswachstum, Industrialisierung, Bebauungsstruktur oder soziale Schichten werden dabei untersucht und festgehalten.<br \/>\nDie Gr\u00fcnderzeit liegt nun schon mehr als 100 Jahre zur\u00fcck und die Stadt Wien ist noch immer stark durch die Architektur und Struktur der damals erbauten Geb\u00e4ude gepr\u00e4gt. Daher ist es von Notwendigkeit die Sanierungs- und Nachverdichtungskonzepte dem geschichtlichen Bestand anzupassen und die Renovierungsarbeiten r\u00fccksichtsvoll, aber mit klarem Ziel vor Augen anzugehen. Die Dringlichkeit der Erhaltung des geschichtlichen Stadtbildes, der Wiederinstandsetzung der gestalterischen Elemente und bauphysikalischen Adaptierungen werden hierbei ersichtlich.<br \/>\nDies soll in der nachfolgenden Arbeit abgehandelt und die notwendigen Sanierungsma\u00dfnahmen erl\u00e4utert werden. Daher werden die verwendeten Materialien, Bauarten und Fassadengestaltung aufgezeigt und nachfolgend die Sanierungsnotwendigkeiten und -m\u00f6glichkeiten der Gr\u00fcnderzeith\u00e4user im Detail dargelegt.<br \/>\nNachdem der zentrale Schwerpunkt erl\u00e4utert wurde, schlie\u00dft sich ein Conclusio und eine pers\u00f6nliche Stellungsnahme an.<\/p>\n<div class='breakline'><\/div>\n<\/div>\n<p><span><\/span><br \/>\n<img decoding=\"async\" src=\"http:\/\/denkmalpflege1.e251.tuwien.ac.at\/wp-content\/uploads\/2016\/05\/21.gif\" width=\"960\" height=\"\"  alt=\"\" \/><\/p>\n<p><span><\/span><\/p>\n<div class='breakline'><\/div>\n<\/div>\n<\/div>\n","protected":false},"excerpt":{"rendered":"<p>&lt; Alle Arbeiten Die Schaffung neuer Wohnr\u00e4ume, durch die Sanierung Wiener Gr\u00fcnderzeith\u00e4user; ein Kompendium zur Wiederaufwertung und Adaptierung der historischen Wiener Bausubstanz 2015 Octavia SCHREDER Die nachfolgende Diplomarbeit soll sich mit verschiedenen nachtr\u00e4glichen Sanierungsma\u00dfnahmen von Wohngeb\u00e4uden, speziell aus der Wiener Gr\u00fcnderzeit, auseinandersetzen. Ziel dabei ist es ein Kompendium zu entwickeln, welches die Adaptierung von Wohnungen in Gr\u00fcnderzeith\u00e4usern dem Leser n\u00e4her bringen soll. Zun\u00e4chst wird die Entwicklung Wiens veranschaulicht. Dies reicht<\/p>\n<div class=\"belowpost\"><a class=\"btnmore icon-arrow\" href=\"https:\/\/denkmalpflege.tuwien.ac.at\/index.php\/schreder\/\"><span>Read More<\/span><\/a><\/div>\n","protected":false},"author":1,"featured_media":0,"parent":0,"menu_order":0,"comment_status":"open","ping_status":"open","template":"","meta":{"footnotes":""},"class_list":["post-10813","page","type-page","status-publish","hentry"],"yoast_head":"<!-- This site is optimized with the Yoast SEO plugin v26.0 - https:\/\/yoast.com\/wordpress\/plugins\/seo\/ -->\n<title>Schreder - Denkmalpflege und Bauen im Bestand<\/title>\n<meta name=\"robots\" content=\"index, follow, max-snippet:-1, max-image-preview:large, max-video-preview:-1\" \/>\n<link rel=\"canonical\" href=\"https:\/\/denkmalpflege.tuwien.ac.at\/index.php\/schreder\/\" \/>\n<meta property=\"og:locale\" content=\"de_DE\" \/>\n<meta property=\"og:type\" content=\"article\" \/>\n<meta property=\"og:title\" content=\"Schreder - Denkmalpflege und Bauen im Bestand\" \/>\n<meta property=\"og:description\" content=\"&lt; Alle Arbeiten Die Schaffung neuer Wohnr\u00e4ume, durch die Sanierung Wiener Gr\u00fcnderzeith\u00e4user; ein Kompendium zur Wiederaufwertung und Adaptierung der historischen Wiener Bausubstanz 2015 Octavia SCHREDER Die nachfolgende Diplomarbeit soll sich mit verschiedenen nachtr\u00e4glichen Sanierungsma\u00dfnahmen von Wohngeb\u00e4uden, speziell aus der Wiener Gr\u00fcnderzeit, auseinandersetzen. Ziel dabei ist es ein Kompendium zu entwickeln, welches die Adaptierung von Wohnungen in Gr\u00fcnderzeith\u00e4usern dem Leser n\u00e4her bringen soll. Zun\u00e4chst wird die Entwicklung Wiens veranschaulicht. Dies reichtRead More\" \/>\n<meta property=\"og:url\" content=\"https:\/\/denkmalpflege.tuwien.ac.at\/index.php\/schreder\/\" \/>\n<meta property=\"og:site_name\" content=\"Denkmalpflege und Bauen im Bestand\" \/>\n<meta property=\"article:modified_time\" content=\"2016-06-07T09:52:11+00:00\" \/>\n<meta name=\"twitter:card\" content=\"summary_large_image\" \/>\n<meta name=\"twitter:label1\" content=\"Gesch\u00e4tzte Lesezeit\" \/>\n\t<meta name=\"twitter:data1\" content=\"1\u00a0Minute\" \/>\n<script type=\"application\/ld+json\" class=\"yoast-schema-graph\">{\"@context\":\"https:\/\/schema.org\",\"@graph\":[{\"@type\":\"WebPage\",\"@id\":\"https:\/\/denkmalpflege.tuwien.ac.at\/index.php\/schreder\/\",\"url\":\"https:\/\/denkmalpflege.tuwien.ac.at\/index.php\/schreder\/\",\"name\":\"Schreder - Denkmalpflege und Bauen im Bestand\",\"isPartOf\":{\"@id\":\"https:\/\/denkmalpflege.tuwien.ac.at\/#website\"},\"primaryImageOfPage\":{\"@id\":\"https:\/\/denkmalpflege.tuwien.ac.at\/index.php\/schreder\/#primaryimage\"},\"image\":{\"@id\":\"https:\/\/denkmalpflege.tuwien.ac.at\/index.php\/schreder\/#primaryimage\"},\"thumbnailUrl\":\"http:\/\/denkmalpflege1.e251.tuwien.ac.at\/wp-content\/uploads\/2016\/05\/14.gif\",\"datePublished\":\"2016-05-10T10:06:58+00:00\",\"dateModified\":\"2016-06-07T09:52:11+00:00\",\"breadcrumb\":{\"@id\":\"https:\/\/denkmalpflege.tuwien.ac.at\/index.php\/schreder\/#breadcrumb\"},\"inLanguage\":\"de\",\"potentialAction\":[{\"@type\":\"ReadAction\",\"target\":[\"https:\/\/denkmalpflege.tuwien.ac.at\/index.php\/schreder\/\"]}]},{\"@type\":\"ImageObject\",\"inLanguage\":\"de\",\"@id\":\"https:\/\/denkmalpflege.tuwien.ac.at\/index.php\/schreder\/#primaryimage\",\"url\":\"http:\/\/denkmalpflege1.e251.tuwien.ac.at\/wp-content\/uploads\/2016\/05\/14.gif\",\"contentUrl\":\"http:\/\/denkmalpflege1.e251.tuwien.ac.at\/wp-content\/uploads\/2016\/05\/14.gif\"},{\"@type\":\"BreadcrumbList\",\"@id\":\"https:\/\/denkmalpflege.tuwien.ac.at\/index.php\/schreder\/#breadcrumb\",\"itemListElement\":[{\"@type\":\"ListItem\",\"position\":1,\"name\":\"Startseite\",\"item\":\"https:\/\/denkmalpflege.tuwien.ac.at\/\"},{\"@type\":\"ListItem\",\"position\":2,\"name\":\"Schreder\"}]},{\"@type\":\"WebSite\",\"@id\":\"https:\/\/denkmalpflege.tuwien.ac.at\/#website\",\"url\":\"https:\/\/denkmalpflege.tuwien.ac.at\/\",\"name\":\"Denkmalpflege und Bauen im Bestand\",\"description\":\"Denkmalpflege TU Wien\",\"publisher\":{\"@id\":\"https:\/\/denkmalpflege.tuwien.ac.at\/#organization\"},\"potentialAction\":[{\"@type\":\"SearchAction\",\"target\":{\"@type\":\"EntryPoint\",\"urlTemplate\":\"https:\/\/denkmalpflege.tuwien.ac.at\/?s={search_term_string}\"},\"query-input\":{\"@type\":\"PropertyValueSpecification\",\"valueRequired\":true,\"valueName\":\"search_term_string\"}}],\"inLanguage\":\"de\"},{\"@type\":\"Organization\",\"@id\":\"https:\/\/denkmalpflege.tuwien.ac.at\/#organization\",\"name\":\"TU Wien Denkmalpflege und Bauen im Bestand\",\"url\":\"https:\/\/denkmalpflege.tuwien.ac.at\/\",\"logo\":{\"@type\":\"ImageObject\",\"inLanguage\":\"de\",\"@id\":\"https:\/\/denkmalpflege.tuwien.ac.at\/#\/schema\/logo\/image\/\",\"url\":\"https:\/\/denkmalpflege.tuwien.ac.at\/wp-content\/uploads\/2019\/10\/Logo1.png\",\"contentUrl\":\"https:\/\/denkmalpflege.tuwien.ac.at\/wp-content\/uploads\/2019\/10\/Logo1.png\",\"width\":222,\"height\":79,\"caption\":\"TU Wien Denkmalpflege und Bauen im Bestand\"},\"image\":{\"@id\":\"https:\/\/denkmalpflege.tuwien.ac.at\/#\/schema\/logo\/image\/\"}}]}<\/script>\n<!-- \/ Yoast SEO plugin. -->","yoast_head_json":{"title":"Schreder - Denkmalpflege und Bauen im Bestand","robots":{"index":"index","follow":"follow","max-snippet":"max-snippet:-1","max-image-preview":"max-image-preview:large","max-video-preview":"max-video-preview:-1"},"canonical":"https:\/\/denkmalpflege.tuwien.ac.at\/index.php\/schreder\/","og_locale":"de_DE","og_type":"article","og_title":"Schreder - Denkmalpflege und Bauen im Bestand","og_description":"&lt; Alle Arbeiten Die Schaffung neuer Wohnr\u00e4ume, durch die Sanierung Wiener Gr\u00fcnderzeith\u00e4user; ein Kompendium zur Wiederaufwertung und Adaptierung der historischen Wiener Bausubstanz 2015 Octavia SCHREDER Die nachfolgende Diplomarbeit soll sich mit verschiedenen nachtr\u00e4glichen Sanierungsma\u00dfnahmen von Wohngeb\u00e4uden, speziell aus der Wiener Gr\u00fcnderzeit, auseinandersetzen. Ziel dabei ist es ein Kompendium zu entwickeln, welches die Adaptierung von Wohnungen in Gr\u00fcnderzeith\u00e4usern dem Leser n\u00e4her bringen soll. Zun\u00e4chst wird die Entwicklung Wiens veranschaulicht. Dies reichtRead More","og_url":"https:\/\/denkmalpflege.tuwien.ac.at\/index.php\/schreder\/","og_site_name":"Denkmalpflege und Bauen im Bestand","article_modified_time":"2016-06-07T09:52:11+00:00","twitter_card":"summary_large_image","twitter_misc":{"Gesch\u00e4tzte Lesezeit":"1\u00a0Minute"},"schema":{"@context":"https:\/\/schema.org","@graph":[{"@type":"WebPage","@id":"https:\/\/denkmalpflege.tuwien.ac.at\/index.php\/schreder\/","url":"https:\/\/denkmalpflege.tuwien.ac.at\/index.php\/schreder\/","name":"Schreder - Denkmalpflege und Bauen im Bestand","isPartOf":{"@id":"https:\/\/denkmalpflege.tuwien.ac.at\/#website"},"primaryImageOfPage":{"@id":"https:\/\/denkmalpflege.tuwien.ac.at\/index.php\/schreder\/#primaryimage"},"image":{"@id":"https:\/\/denkmalpflege.tuwien.ac.at\/index.php\/schreder\/#primaryimage"},"thumbnailUrl":"http:\/\/denkmalpflege1.e251.tuwien.ac.at\/wp-content\/uploads\/2016\/05\/14.gif","datePublished":"2016-05-10T10:06:58+00:00","dateModified":"2016-06-07T09:52:11+00:00","breadcrumb":{"@id":"https:\/\/denkmalpflege.tuwien.ac.at\/index.php\/schreder\/#breadcrumb"},"inLanguage":"de","potentialAction":[{"@type":"ReadAction","target":["https:\/\/denkmalpflege.tuwien.ac.at\/index.php\/schreder\/"]}]},{"@type":"ImageObject","inLanguage":"de","@id":"https:\/\/denkmalpflege.tuwien.ac.at\/index.php\/schreder\/#primaryimage","url":"http:\/\/denkmalpflege1.e251.tuwien.ac.at\/wp-content\/uploads\/2016\/05\/14.gif","contentUrl":"http:\/\/denkmalpflege1.e251.tuwien.ac.at\/wp-content\/uploads\/2016\/05\/14.gif"},{"@type":"BreadcrumbList","@id":"https:\/\/denkmalpflege.tuwien.ac.at\/index.php\/schreder\/#breadcrumb","itemListElement":[{"@type":"ListItem","position":1,"name":"Startseite","item":"https:\/\/denkmalpflege.tuwien.ac.at\/"},{"@type":"ListItem","position":2,"name":"Schreder"}]},{"@type":"WebSite","@id":"https:\/\/denkmalpflege.tuwien.ac.at\/#website","url":"https:\/\/denkmalpflege.tuwien.ac.at\/","name":"Denkmalpflege und Bauen im Bestand","description":"Denkmalpflege TU Wien","publisher":{"@id":"https:\/\/denkmalpflege.tuwien.ac.at\/#organization"},"potentialAction":[{"@type":"SearchAction","target":{"@type":"EntryPoint","urlTemplate":"https:\/\/denkmalpflege.tuwien.ac.at\/?s={search_term_string}"},"query-input":{"@type":"PropertyValueSpecification","valueRequired":true,"valueName":"search_term_string"}}],"inLanguage":"de"},{"@type":"Organization","@id":"https:\/\/denkmalpflege.tuwien.ac.at\/#organization","name":"TU Wien Denkmalpflege und Bauen im Bestand","url":"https:\/\/denkmalpflege.tuwien.ac.at\/","logo":{"@type":"ImageObject","inLanguage":"de","@id":"https:\/\/denkmalpflege.tuwien.ac.at\/#\/schema\/logo\/image\/","url":"https:\/\/denkmalpflege.tuwien.ac.at\/wp-content\/uploads\/2019\/10\/Logo1.png","contentUrl":"https:\/\/denkmalpflege.tuwien.ac.at\/wp-content\/uploads\/2019\/10\/Logo1.png","width":222,"height":79,"caption":"TU Wien Denkmalpflege und Bauen im Bestand"},"image":{"@id":"https:\/\/denkmalpflege.tuwien.ac.at\/#\/schema\/logo\/image\/"}}]}},"_links":{"self":[{"href":"https:\/\/denkmalpflege.tuwien.ac.at\/index.php\/wp-json\/wp\/v2\/pages\/10813","targetHints":{"allow":["GET"]}}],"collection":[{"href":"https:\/\/denkmalpflege.tuwien.ac.at\/index.php\/wp-json\/wp\/v2\/pages"}],"about":[{"href":"https:\/\/denkmalpflege.tuwien.ac.at\/index.php\/wp-json\/wp\/v2\/types\/page"}],"author":[{"embeddable":true,"href":"https:\/\/denkmalpflege.tuwien.ac.at\/index.php\/wp-json\/wp\/v2\/users\/1"}],"replies":[{"embeddable":true,"href":"https:\/\/denkmalpflege.tuwien.ac.at\/index.php\/wp-json\/wp\/v2\/comments?post=10813"}],"version-history":[{"count":2,"href":"https:\/\/denkmalpflege.tuwien.ac.at\/index.php\/wp-json\/wp\/v2\/pages\/10813\/revisions"}],"predecessor-version":[{"id":11036,"href":"https:\/\/denkmalpflege.tuwien.ac.at\/index.php\/wp-json\/wp\/v2\/pages\/10813\/revisions\/11036"}],"wp:attachment":[{"href":"https:\/\/denkmalpflege.tuwien.ac.at\/index.php\/wp-json\/wp\/v2\/media?parent=10813"}],"curies":[{"name":"wp","href":"https:\/\/api.w.org\/{rel}","templated":true}]}}