{"id":10200,"date":"2016-02-17T12:06:05","date_gmt":"2016-02-17T11:06:05","guid":{"rendered":"http:\/\/denkmalpflege1.e251.tuwien.ac.at\/?page_id=10200"},"modified":"2023-10-22T12:33:55","modified_gmt":"2023-10-22T10:33:55","slug":"passau","status":"publish","type":"page","link":"https:\/\/denkmalpflege.tuwien.ac.at\/index.php\/passau\/","title":{"rendered":"Passau"},"content":{"rendered":"\t\t<div data-elementor-type=\"wp-page\" data-elementor-id=\"10200\" class=\"elementor elementor-10200\" data-elementor-post-type=\"page\">\n\t\t\t\t\t\t<section class=\"elementor-section elementor-top-section elementor-element elementor-element-bdaaa96 elementor-section-full_width elementor-section-height-default elementor-section-height-default\" data-id=\"bdaaa96\" data-element_type=\"section\">\n\t\t\t\t\t\t<div class=\"elementor-container elementor-column-gap-default\">\n\t\t\t\t\t<div class=\"elementor-column elementor-col-50 elementor-top-column elementor-element elementor-element-e2360b7\" data-id=\"e2360b7\" data-element_type=\"column\">\n\t\t\t<div class=\"elementor-widget-wrap elementor-element-populated\">\n\t\t\t\t\t\t<div class=\"elementor-element elementor-element-58f93e0 elementor-widget elementor-widget-heading\" data-id=\"58f93e0\" data-element_type=\"widget\" data-widget_type=\"heading.default\">\n\t\t\t\t<div class=\"elementor-widget-container\">\n\t\t\t\t\t<h2 class=\"elementor-heading-title elementor-size-default\"><a href=\"https:\/\/denkmalpflege.tuwien.ac.at\/index.php\/sose16\/\">LVA SS16<\/a><\/h2>\t\t\t\t<\/div>\n\t\t\t\t<\/div>\n\t\t\t\t\t<\/div>\n\t\t<\/div>\n\t\t\t\t<div class=\"elementor-column elementor-col-50 elementor-top-column elementor-element elementor-element-af42542\" data-id=\"af42542\" data-element_type=\"column\">\n\t\t\t<div class=\"elementor-widget-wrap elementor-element-populated\">\n\t\t\t\t\t\t<div class=\"elementor-element elementor-element-cb4be07 elementor-widget elementor-widget-heading\" data-id=\"cb4be07\" data-element_type=\"widget\" data-widget_type=\"heading.default\">\n\t\t\t\t<div class=\"elementor-widget-container\">\n\t\t\t\t\t<h2 class=\"elementor-heading-title elementor-size-default\">251.772 <span style=\"float: right\"> 8,0 h (10,0 ECTS)<\/span><\/h2>\t\t\t\t<\/div>\n\t\t\t\t<\/div>\n\t\t\t\t\t<\/div>\n\t\t<\/div>\n\t\t\t\t\t<\/div>\n\t\t<\/section>\n\t\t\t\t<section class=\"elementor-section elementor-top-section elementor-element elementor-element-2231bf4d elementor-section-full_width elementor-section-height-default elementor-section-height-default\" data-id=\"2231bf4d\" data-element_type=\"section\">\n\t\t\t\t\t\t<div class=\"elementor-container elementor-column-gap-default\">\n\t\t\t\t\t<div class=\"elementor-column elementor-col-50 elementor-top-column elementor-element elementor-element-23204a82\" data-id=\"23204a82\" data-element_type=\"column\">\n\t\t\t<div class=\"elementor-widget-wrap elementor-element-populated\">\n\t\t\t\t\t\t<div class=\"elementor-element elementor-element-f288826 elementor-nav-menu__align-start elementor-nav-menu--dropdown-mobile elementor-nav-menu__text-align-aside elementor-nav-menu--toggle elementor-nav-menu--burger elementor-widget elementor-widget-nav-menu\" data-id=\"f288826\" data-element_type=\"widget\" data-settings=\"{&quot;layout&quot;:&quot;vertical&quot;,&quot;submenu_icon&quot;:{&quot;value&quot;:&quot;&lt;i class=\\&quot;\\&quot; aria-hidden=\\&quot;true\\&quot;&gt;&lt;\\\/i&gt;&quot;,&quot;library&quot;:&quot;&quot;},&quot;toggle&quot;:&quot;burger&quot;}\" data-widget_type=\"nav-menu.default\">\n\t\t\t\t<div class=\"elementor-widget-container\">\n\t\t\t\t\t\t\t\t<nav aria-label=\"Men\u00fc\" class=\"elementor-nav-menu--main elementor-nav-menu__container elementor-nav-menu--layout-vertical e--pointer-none\">\n\t\t\t\t<ul id=\"menu-1-f288826\" class=\"elementor-nav-menu sm-vertical\"><li class=\"menu-item menu-item-type-post_type menu-item-object-page menu-item-18545\"><a href=\"https:\/\/denkmalpflege.tuwien.ac.at\/index.php\/passau\/\" class=\"elementor-item\">Gro\u00dfes Entwerfen <\/br>Denkmalpflege &#038; Hochwasserschutz <\/br>Strategien f\u00fcr das historische Passau<\/a><\/li>\n<li class=\"menu-item menu-item-type-post_type menu-item-object-page menu-item-18544\"><a href=\"https:\/\/denkmalpflege.tuwien.ac.at\/index.php\/burg-2\/\" class=\"elementor-item\">Gro\u00dfes Entwerfen <\/br> Burg Reichenau<\/a><\/li>\n<li class=\"menu-item menu-item-type-post_type menu-item-object-page menu-item-18546\"><a href=\"https:\/\/denkmalpflege.tuwien.ac.at\/index.php\/exkurs\/\" class=\"elementor-item\">Exkursion <\/br> Ikonen der Denkmalpflege <\/br> Carlo Scarpa<\/a><\/li>\n<\/ul>\t\t\t<\/nav>\n\t\t\t\t\t<div class=\"elementor-menu-toggle\" role=\"button\" tabindex=\"0\" aria-label=\"Men\u00fc Umschalter\" aria-expanded=\"false\">\n\t\t\t<i aria-hidden=\"true\" role=\"presentation\" class=\"elementor-menu-toggle__icon--open eicon-menu-bar\"><\/i><i aria-hidden=\"true\" role=\"presentation\" class=\"elementor-menu-toggle__icon--close eicon-close\"><\/i>\t\t<\/div>\n\t\t\t\t\t<nav class=\"elementor-nav-menu--dropdown elementor-nav-menu__container\" aria-hidden=\"true\">\n\t\t\t\t<ul id=\"menu-2-f288826\" class=\"elementor-nav-menu sm-vertical\"><li class=\"menu-item menu-item-type-post_type menu-item-object-page menu-item-18545\"><a href=\"https:\/\/denkmalpflege.tuwien.ac.at\/index.php\/passau\/\" class=\"elementor-item\" tabindex=\"-1\">Gro\u00dfes Entwerfen <\/br>Denkmalpflege &#038; Hochwasserschutz <\/br>Strategien f\u00fcr das historische Passau<\/a><\/li>\n<li class=\"menu-item menu-item-type-post_type menu-item-object-page menu-item-18544\"><a href=\"https:\/\/denkmalpflege.tuwien.ac.at\/index.php\/burg-2\/\" class=\"elementor-item\" tabindex=\"-1\">Gro\u00dfes Entwerfen <\/br> Burg Reichenau<\/a><\/li>\n<li class=\"menu-item menu-item-type-post_type menu-item-object-page menu-item-18546\"><a href=\"https:\/\/denkmalpflege.tuwien.ac.at\/index.php\/exkurs\/\" class=\"elementor-item\" tabindex=\"-1\">Exkursion <\/br> Ikonen der Denkmalpflege <\/br> Carlo Scarpa<\/a><\/li>\n<\/ul>\t\t\t<\/nav>\n\t\t\t\t\t\t<\/div>\n\t\t\t\t<\/div>\n\t\t\t\t\t<\/div>\n\t\t<\/div>\n\t\t\t\t<div class=\"elementor-column elementor-col-50 elementor-top-column elementor-element elementor-element-3049ca50\" data-id=\"3049ca50\" data-element_type=\"column\">\n\t\t\t<div class=\"elementor-widget-wrap elementor-element-populated\">\n\t\t\t\t\t\t<div class=\"elementor-element elementor-element-4bf97d96 elementor-widget elementor-widget-text-editor\" data-id=\"4bf97d96\" data-element_type=\"widget\" data-widget_type=\"text-editor.default\">\n\t\t\t\t<div class=\"elementor-widget-container\">\n\t\t\t\t\t\t\t\t\t<h1 class=\"lva_h1\">Denkmalpflege &amp; Hochwasserschutz \u2013 Strategien f\u00fcr das historische Passau<\/h1>\t\t\t\t\t\t\t\t<\/div>\n\t\t\t\t<\/div>\n\t\t\t\t<div class=\"elementor-element elementor-element-42e027ca lva_img elementor-widget elementor-widget-image\" data-id=\"42e027ca\" data-element_type=\"widget\" data-widget_type=\"image.default\">\n\t\t\t\t<div class=\"elementor-widget-container\">\n\t\t\t\t\t\t\t\t\t\t\t\t\t\t\t<img fetchpriority=\"high\" decoding=\"async\" width=\"260\" height=\"224\" src=\"https:\/\/denkmalpflege.tuwien.ac.at\/wp-content\/uploads\/2016\/02\/Hochwasser.gif\" class=\"attachment-full size-full wp-image-10140\" alt=\"\" \/>\t\t\t\t\t\t\t\t\t\t\t\t\t\t\t<\/div>\n\t\t\t\t<\/div>\n\t\t\t\t<div class=\"elementor-element elementor-element-4892f07f elementor-widget elementor-widget-text-editor\" data-id=\"4892f07f\" data-element_type=\"widget\" data-widget_type=\"text-editor.default\">\n\t\t\t\t<div class=\"elementor-widget-container\">\n\t\t\t\t\t\t\t\t\t<p class=\"akt\">Master \u2013 Gro\u00dfes Entwerfen Denkmalpflege &amp; Entwurf: Strategien der Erhaltung<\/p>\t\t\t\t\t\t\t\t<\/div>\n\t\t\t\t<\/div>\n\t\t\t\t<div class=\"elementor-element elementor-element-46e056ef elementor-widget elementor-widget-text-editor\" data-id=\"46e056ef\" data-element_type=\"widget\" data-widget_type=\"text-editor.default\">\n\t\t\t\t<div class=\"elementor-widget-container\">\n\t\t\t\t\t\t\t\t\t<h3 class=\"lva_h3 lva_leiter\"><strong>Nott CAVIEZEL, Lea Elisabeth ULLMANN<\/strong><\/h3><h3 class=\"lva_h3 lva_leiter lva_h3_abstand\"><strong>Einf\u00fchrung<\/strong><\/h3><p class=\"lva_text\">Dienstag 1. M\u00e4rz 2016, 9:00 Uhr, SR 257 (Stiege 3, 2. Stock)<\/p><h3 class=\"lva_h3 lva_leiter lva_h3_abstand\"><strong>Termine<\/strong><\/h3><p class=\"lva_text\">Dienstag, 9:00-13:00 Uhr im SR 257 (Stiege 3, 2. OG)<\/p><h3 class=\"lva_h3 lva_leiter lva_h3_abstand\"><strong>Exkursion<\/strong><\/h3><p class=\"lva_text\">nach Passau, 12. bis 17. April 2016<br \/>Teilnahme verpflichtend!<\/p><h3 class=\"lva_h3 lva_leiter lva_h3_abstand\"><strong>Anmeldung<\/strong><\/h3><p class=\"lva_text\">\u00dcber <a class=\"link\" href=\"https:\/\/tiss.tuwien.ac.at\/course\/courseDetails.xhtml?windowId=245&amp;courseNr=251772&amp;semester=2016S\"> TISS<\/a><\/p>\t\t\t\t\t\t\t\t<\/div>\n\t\t\t\t<\/div>\n\t\t\t\t<div class=\"elementor-element elementor-element-2aaf1cac elementor-widget-divider--view-line elementor-widget elementor-widget-divider\" data-id=\"2aaf1cac\" data-element_type=\"widget\" data-widget_type=\"divider.default\">\n\t\t\t\t<div class=\"elementor-widget-container\">\n\t\t\t\t\t\t\t<div class=\"elementor-divider\">\n\t\t\t<span class=\"elementor-divider-separator\">\n\t\t\t\t\t\t<\/span>\n\t\t<\/div>\n\t\t\t\t\t\t<\/div>\n\t\t\t\t<\/div>\n\t\t\t\t<div class=\"elementor-element elementor-element-315f868 elementor-widget elementor-widget-text-editor\" data-id=\"315f868\" data-element_type=\"widget\" data-widget_type=\"text-editor.default\">\n\t\t\t\t<div class=\"elementor-widget-container\">\n\t\t\t\t\t\t\t\t\t<h3 class=\"lva_h3 lva_leiter lva_h3_abstand\"><strong>Lernergebnisse<\/strong><\/h3><p class=\"lva_text\">Jede Entwurfsarbeit am denkmalgesch\u00fctzten Objekt beansprucht spezifische Kenntnisse und erfordert dem Bestand angemessene Strategien. Die \u00dcbung bietet den Studierenden die Gelegenheit, sich mit den vielf\u00e4ltigen Erfordernissen zu befassen, denen man beim Erhalten, Restaurieren, Sanieren und Verwalten eines Denkmals oder bei Eingriffen in ein denkmalgesch\u00fctztes st\u00e4dtisches Ensemble gerecht werden muss.<\/p><h3 class=\"lva_h3 lva_leiter lva_h3_abstand\"><strong>Inhalt der Lehrveranstaltung<\/strong><\/h3><p class=\"va_text\">Die Stadt Passau ist aufgrund ihrer Lage an den drei Fl\u00fcssen Donau, Inn und Ilz von Hochwasserkatastrophen besonders stark betroffen. Gleichzeitig weist sie eine sehr hohe Dichte an wertvollen Bestandsgeb\u00e4uden aus verschiedenen Jahrhunderten auf. Anhand verschiedener Situationen im Stadtraum sowie in unterschiedlichen Ma\u00dfstabsebenen sollen Strategien f\u00fcr einen denkmalvertr\u00e4glichen Hochwasserschutz erarbeitet werden.<br \/>Die Lehrveranstaltung findet in Zusammenarbeit mit dem Wasserwirtschaftsamt, dem Verein \u201eFelsenfreunde Passau e.V.\u201c und weiteren Experten vor Ort statt. Die Aufgabenstellung ist realit\u00e4tsnah und bietet den Studierenden die M\u00f6glichkeit, ihre analytischen und entwerferischen F\u00e4higkeiten an einer authentischen Problemstellung zu sch\u00e4rfen. Die Aufgabe erfordert eine tiefreichende Analyse des historischen, landschaftlichen und baulichen Kontextes. Aus den entsprechenden Erkenntnissen sollen unter Einbeziehung der besonderen Erfordernisse des Hochwasserschutzes denkmalpflegerisch vertretbare Konzepte und interessante Entw\u00fcrfe entstehen.<br \/>Um eine tiefgehende Analyse der Gegebenheiten vor Ort zu erm\u00f6glichen, ist die Lehrveranstaltung mit einem mehrt\u00e4gigen Aufenthalt in Passau verbunden.<\/p>\t\t\t\t\t\t\t\t<\/div>\n\t\t\t\t<\/div>\n\t\t\t\t<div class=\"elementor-element elementor-element-1a5edf99 elementor-widget-divider--view-line elementor-widget elementor-widget-divider\" data-id=\"1a5edf99\" data-element_type=\"widget\" data-widget_type=\"divider.default\">\n\t\t\t\t<div class=\"elementor-widget-container\">\n\t\t\t\t\t\t\t<div class=\"elementor-divider\">\n\t\t\t<span class=\"elementor-divider-separator\">\n\t\t\t\t\t\t<\/span>\n\t\t<\/div>\n\t\t\t\t\t\t<\/div>\n\t\t\t\t<\/div>\n\t\t\t\t<section class=\"elementor-section elementor-inner-section elementor-element elementor-element-72556b35 elementor-section-boxed elementor-section-height-default elementor-section-height-default\" data-id=\"72556b35\" data-element_type=\"section\">\n\t\t\t\t\t\t<div class=\"elementor-container elementor-column-gap-default\">\n\t\t\t\t\t<div class=\"elementor-column elementor-col-50 elementor-inner-column elementor-element elementor-element-19c0eea6\" data-id=\"19c0eea6\" data-element_type=\"column\">\n\t\t\t<div class=\"elementor-widget-wrap elementor-element-populated\">\n\t\t\t\t\t\t<div class=\"elementor-element elementor-element-4b8f706a elementor-widget elementor-widget-text-editor\" data-id=\"4b8f706a\" data-element_type=\"widget\" data-widget_type=\"text-editor.default\">\n\t\t\t\t<div class=\"elementor-widget-container\">\n\t\t\t\t\t\t\t\t\t<p class=\"lva_text\"><a class=\"link link_blau\" href=\"https:\/\/tiss.tuwien.ac.at\/course\/courseDetails.xhtml?windowId=245&amp;courseNr=251772&amp;semester=2016S\">TISS<\/a><\/p>\t\t\t\t\t\t\t\t<\/div>\n\t\t\t\t<\/div>\n\t\t\t\t\t<\/div>\n\t\t<\/div>\n\t\t\t\t<div class=\"elementor-column elementor-col-50 elementor-inner-column elementor-element elementor-element-31015376\" data-id=\"31015376\" data-element_type=\"column\">\n\t\t\t<div class=\"elementor-widget-wrap\">\n\t\t\t\t\t\t\t<\/div>\n\t\t<\/div>\n\t\t\t\t\t<\/div>\n\t\t<\/section>\n\t\t\t\t\t<\/div>\n\t\t<\/div>\n\t\t\t\t\t<\/div>\n\t\t<\/section>\n\t\t\t\t<\/div>\n\t\t","protected":false},"excerpt":{"rendered":"<p>LVA SS16 251.772 8,0 h (10,0 ECTS) Denkmalpflege &amp; Hochwasserschutz \u2013 Strategien f\u00fcr das historische Passau Master \u2013 Gro\u00dfes Entwerfen Denkmalpflege &amp; Entwurf: Strategien der Erhaltung Nott CAVIEZEL, Lea Elisabeth ULLMANN Einf\u00fchrung Dienstag 1. M\u00e4rz 2016, 9:00 Uhr, SR 257 (Stiege 3, 2. Stock) Termine Dienstag, 9:00-13:00 Uhr im SR 257 (Stiege 3, 2. OG) Exkursion nach Passau, 12. bis 17. April 2016Teilnahme verpflichtend! Anmeldung \u00dcber TISS Lernergebnisse Jede Entwurfsarbeit<\/p>\n<div class=\"belowpost\"><a class=\"btnmore icon-arrow\" href=\"https:\/\/denkmalpflege.tuwien.ac.at\/index.php\/passau\/\"><span>Read More<\/span><\/a><\/div>\n","protected":false},"author":1,"featured_media":0,"parent":0,"menu_order":0,"comment_status":"open","ping_status":"open","template":"","meta":{"footnotes":""},"class_list":["post-10200","page","type-page","status-publish","hentry"],"yoast_head":"<!-- This site is optimized with the Yoast SEO plugin v26.0 - https:\/\/yoast.com\/wordpress\/plugins\/seo\/ -->\n<title>Passau - Denkmalpflege und Bauen im Bestand<\/title>\n<meta name=\"robots\" content=\"index, follow, max-snippet:-1, max-image-preview:large, max-video-preview:-1\" \/>\n<link rel=\"canonical\" href=\"https:\/\/denkmalpflege.tuwien.ac.at\/index.php\/passau\/\" \/>\n<meta property=\"og:locale\" content=\"de_DE\" \/>\n<meta property=\"og:type\" content=\"article\" \/>\n<meta property=\"og:title\" content=\"Passau - Denkmalpflege und Bauen im Bestand\" \/>\n<meta property=\"og:description\" content=\"LVA SS16 251.772 8,0 h (10,0 ECTS) Denkmalpflege &amp; Hochwasserschutz \u2013 Strategien f\u00fcr das historische Passau Master \u2013 Gro\u00dfes Entwerfen Denkmalpflege &amp; Entwurf: Strategien der Erhaltung Nott CAVIEZEL, Lea Elisabeth ULLMANN Einf\u00fchrung Dienstag 1. M\u00e4rz 2016, 9:00 Uhr, SR 257 (Stiege 3, 2. Stock) Termine Dienstag, 9:00-13:00 Uhr im SR 257 (Stiege 3, 2. OG) Exkursion nach Passau, 12. bis 17. April 2016Teilnahme verpflichtend! Anmeldung \u00dcber TISS Lernergebnisse Jede EntwurfsarbeitRead More\" \/>\n<meta property=\"og:url\" content=\"https:\/\/denkmalpflege.tuwien.ac.at\/index.php\/passau\/\" \/>\n<meta property=\"og:site_name\" content=\"Denkmalpflege und Bauen im Bestand\" \/>\n<meta property=\"article:modified_time\" content=\"2023-10-22T10:33:55+00:00\" \/>\n<meta property=\"og:image\" content=\"http:\/\/denkmalpflege.tuwien.ac.at\/wp-content\/uploads\/2016\/02\/Hochwasser.gif\" \/>\n<meta name=\"twitter:card\" content=\"summary_large_image\" \/>\n<meta name=\"twitter:label1\" content=\"Gesch\u00e4tzte Lesezeit\" \/>\n\t<meta name=\"twitter:data1\" content=\"1\u00a0Minute\" \/>\n<script type=\"application\/ld+json\" class=\"yoast-schema-graph\">{\"@context\":\"https:\/\/schema.org\",\"@graph\":[{\"@type\":\"WebPage\",\"@id\":\"https:\/\/denkmalpflege.tuwien.ac.at\/index.php\/passau\/\",\"url\":\"https:\/\/denkmalpflege.tuwien.ac.at\/index.php\/passau\/\",\"name\":\"Passau - Denkmalpflege und Bauen im Bestand\",\"isPartOf\":{\"@id\":\"https:\/\/denkmalpflege.tuwien.ac.at\/#website\"},\"primaryImageOfPage\":{\"@id\":\"https:\/\/denkmalpflege.tuwien.ac.at\/index.php\/passau\/#primaryimage\"},\"image\":{\"@id\":\"https:\/\/denkmalpflege.tuwien.ac.at\/index.php\/passau\/#primaryimage\"},\"thumbnailUrl\":\"http:\/\/denkmalpflege.tuwien.ac.at\/wp-content\/uploads\/2016\/02\/Hochwasser.gif\",\"datePublished\":\"2016-02-17T11:06:05+00:00\",\"dateModified\":\"2023-10-22T10:33:55+00:00\",\"breadcrumb\":{\"@id\":\"https:\/\/denkmalpflege.tuwien.ac.at\/index.php\/passau\/#breadcrumb\"},\"inLanguage\":\"de\",\"potentialAction\":[{\"@type\":\"ReadAction\",\"target\":[\"https:\/\/denkmalpflege.tuwien.ac.at\/index.php\/passau\/\"]}]},{\"@type\":\"ImageObject\",\"inLanguage\":\"de\",\"@id\":\"https:\/\/denkmalpflege.tuwien.ac.at\/index.php\/passau\/#primaryimage\",\"url\":\"https:\/\/denkmalpflege.tuwien.ac.at\/wp-content\/uploads\/2016\/02\/Hochwasser.gif\",\"contentUrl\":\"https:\/\/denkmalpflege.tuwien.ac.at\/wp-content\/uploads\/2016\/02\/Hochwasser.gif\",\"width\":\"260\",\"height\":\"224\"},{\"@type\":\"BreadcrumbList\",\"@id\":\"https:\/\/denkmalpflege.tuwien.ac.at\/index.php\/passau\/#breadcrumb\",\"itemListElement\":[{\"@type\":\"ListItem\",\"position\":1,\"name\":\"Startseite\",\"item\":\"https:\/\/denkmalpflege.tuwien.ac.at\/\"},{\"@type\":\"ListItem\",\"position\":2,\"name\":\"Passau\"}]},{\"@type\":\"WebSite\",\"@id\":\"https:\/\/denkmalpflege.tuwien.ac.at\/#website\",\"url\":\"https:\/\/denkmalpflege.tuwien.ac.at\/\",\"name\":\"Denkmalpflege und Bauen im Bestand\",\"description\":\"Denkmalpflege TU Wien\",\"publisher\":{\"@id\":\"https:\/\/denkmalpflege.tuwien.ac.at\/#organization\"},\"potentialAction\":[{\"@type\":\"SearchAction\",\"target\":{\"@type\":\"EntryPoint\",\"urlTemplate\":\"https:\/\/denkmalpflege.tuwien.ac.at\/?s={search_term_string}\"},\"query-input\":{\"@type\":\"PropertyValueSpecification\",\"valueRequired\":true,\"valueName\":\"search_term_string\"}}],\"inLanguage\":\"de\"},{\"@type\":\"Organization\",\"@id\":\"https:\/\/denkmalpflege.tuwien.ac.at\/#organization\",\"name\":\"TU Wien Denkmalpflege und Bauen im Bestand\",\"url\":\"https:\/\/denkmalpflege.tuwien.ac.at\/\",\"logo\":{\"@type\":\"ImageObject\",\"inLanguage\":\"de\",\"@id\":\"https:\/\/denkmalpflege.tuwien.ac.at\/#\/schema\/logo\/image\/\",\"url\":\"https:\/\/denkmalpflege.tuwien.ac.at\/wp-content\/uploads\/2019\/10\/Logo1.png\",\"contentUrl\":\"https:\/\/denkmalpflege.tuwien.ac.at\/wp-content\/uploads\/2019\/10\/Logo1.png\",\"width\":222,\"height\":79,\"caption\":\"TU Wien Denkmalpflege und Bauen im Bestand\"},\"image\":{\"@id\":\"https:\/\/denkmalpflege.tuwien.ac.at\/#\/schema\/logo\/image\/\"}}]}<\/script>\n<!-- \/ Yoast SEO plugin. -->","yoast_head_json":{"title":"Passau - Denkmalpflege und Bauen im Bestand","robots":{"index":"index","follow":"follow","max-snippet":"max-snippet:-1","max-image-preview":"max-image-preview:large","max-video-preview":"max-video-preview:-1"},"canonical":"https:\/\/denkmalpflege.tuwien.ac.at\/index.php\/passau\/","og_locale":"de_DE","og_type":"article","og_title":"Passau - Denkmalpflege und Bauen im Bestand","og_description":"LVA SS16 251.772 8,0 h (10,0 ECTS) Denkmalpflege &amp; Hochwasserschutz \u2013 Strategien f\u00fcr das historische Passau Master \u2013 Gro\u00dfes Entwerfen Denkmalpflege &amp; Entwurf: Strategien der Erhaltung Nott CAVIEZEL, Lea Elisabeth ULLMANN Einf\u00fchrung Dienstag 1. M\u00e4rz 2016, 9:00 Uhr, SR 257 (Stiege 3, 2. Stock) Termine Dienstag, 9:00-13:00 Uhr im SR 257 (Stiege 3, 2. OG) Exkursion nach Passau, 12. bis 17. April 2016Teilnahme verpflichtend! Anmeldung \u00dcber TISS Lernergebnisse Jede EntwurfsarbeitRead More","og_url":"https:\/\/denkmalpflege.tuwien.ac.at\/index.php\/passau\/","og_site_name":"Denkmalpflege und Bauen im Bestand","article_modified_time":"2023-10-22T10:33:55+00:00","og_image":[{"url":"http:\/\/denkmalpflege.tuwien.ac.at\/wp-content\/uploads\/2016\/02\/Hochwasser.gif","type":"","width":"","height":""}],"twitter_card":"summary_large_image","twitter_misc":{"Gesch\u00e4tzte Lesezeit":"1\u00a0Minute"},"schema":{"@context":"https:\/\/schema.org","@graph":[{"@type":"WebPage","@id":"https:\/\/denkmalpflege.tuwien.ac.at\/index.php\/passau\/","url":"https:\/\/denkmalpflege.tuwien.ac.at\/index.php\/passau\/","name":"Passau - Denkmalpflege und Bauen im Bestand","isPartOf":{"@id":"https:\/\/denkmalpflege.tuwien.ac.at\/#website"},"primaryImageOfPage":{"@id":"https:\/\/denkmalpflege.tuwien.ac.at\/index.php\/passau\/#primaryimage"},"image":{"@id":"https:\/\/denkmalpflege.tuwien.ac.at\/index.php\/passau\/#primaryimage"},"thumbnailUrl":"http:\/\/denkmalpflege.tuwien.ac.at\/wp-content\/uploads\/2016\/02\/Hochwasser.gif","datePublished":"2016-02-17T11:06:05+00:00","dateModified":"2023-10-22T10:33:55+00:00","breadcrumb":{"@id":"https:\/\/denkmalpflege.tuwien.ac.at\/index.php\/passau\/#breadcrumb"},"inLanguage":"de","potentialAction":[{"@type":"ReadAction","target":["https:\/\/denkmalpflege.tuwien.ac.at\/index.php\/passau\/"]}]},{"@type":"ImageObject","inLanguage":"de","@id":"https:\/\/denkmalpflege.tuwien.ac.at\/index.php\/passau\/#primaryimage","url":"https:\/\/denkmalpflege.tuwien.ac.at\/wp-content\/uploads\/2016\/02\/Hochwasser.gif","contentUrl":"https:\/\/denkmalpflege.tuwien.ac.at\/wp-content\/uploads\/2016\/02\/Hochwasser.gif","width":"260","height":"224"},{"@type":"BreadcrumbList","@id":"https:\/\/denkmalpflege.tuwien.ac.at\/index.php\/passau\/#breadcrumb","itemListElement":[{"@type":"ListItem","position":1,"name":"Startseite","item":"https:\/\/denkmalpflege.tuwien.ac.at\/"},{"@type":"ListItem","position":2,"name":"Passau"}]},{"@type":"WebSite","@id":"https:\/\/denkmalpflege.tuwien.ac.at\/#website","url":"https:\/\/denkmalpflege.tuwien.ac.at\/","name":"Denkmalpflege und Bauen im Bestand","description":"Denkmalpflege TU Wien","publisher":{"@id":"https:\/\/denkmalpflege.tuwien.ac.at\/#organization"},"potentialAction":[{"@type":"SearchAction","target":{"@type":"EntryPoint","urlTemplate":"https:\/\/denkmalpflege.tuwien.ac.at\/?s={search_term_string}"},"query-input":{"@type":"PropertyValueSpecification","valueRequired":true,"valueName":"search_term_string"}}],"inLanguage":"de"},{"@type":"Organization","@id":"https:\/\/denkmalpflege.tuwien.ac.at\/#organization","name":"TU Wien Denkmalpflege und Bauen im Bestand","url":"https:\/\/denkmalpflege.tuwien.ac.at\/","logo":{"@type":"ImageObject","inLanguage":"de","@id":"https:\/\/denkmalpflege.tuwien.ac.at\/#\/schema\/logo\/image\/","url":"https:\/\/denkmalpflege.tuwien.ac.at\/wp-content\/uploads\/2019\/10\/Logo1.png","contentUrl":"https:\/\/denkmalpflege.tuwien.ac.at\/wp-content\/uploads\/2019\/10\/Logo1.png","width":222,"height":79,"caption":"TU Wien Denkmalpflege und Bauen im Bestand"},"image":{"@id":"https:\/\/denkmalpflege.tuwien.ac.at\/#\/schema\/logo\/image\/"}}]}},"_links":{"self":[{"href":"https:\/\/denkmalpflege.tuwien.ac.at\/index.php\/wp-json\/wp\/v2\/pages\/10200","targetHints":{"allow":["GET"]}}],"collection":[{"href":"https:\/\/denkmalpflege.tuwien.ac.at\/index.php\/wp-json\/wp\/v2\/pages"}],"about":[{"href":"https:\/\/denkmalpflege.tuwien.ac.at\/index.php\/wp-json\/wp\/v2\/types\/page"}],"author":[{"embeddable":true,"href":"https:\/\/denkmalpflege.tuwien.ac.at\/index.php\/wp-json\/wp\/v2\/users\/1"}],"replies":[{"embeddable":true,"href":"https:\/\/denkmalpflege.tuwien.ac.at\/index.php\/wp-json\/wp\/v2\/comments?post=10200"}],"version-history":[{"count":24,"href":"https:\/\/denkmalpflege.tuwien.ac.at\/index.php\/wp-json\/wp\/v2\/pages\/10200\/revisions"}],"predecessor-version":[{"id":27855,"href":"https:\/\/denkmalpflege.tuwien.ac.at\/index.php\/wp-json\/wp\/v2\/pages\/10200\/revisions\/27855"}],"wp:attachment":[{"href":"https:\/\/denkmalpflege.tuwien.ac.at\/index.php\/wp-json\/wp\/v2\/media?parent=10200"}],"curies":[{"name":"wp","href":"https:\/\/api.w.org\/{rel}","templated":true}]}}