{"id":10063,"date":"2016-01-13T10:40:13","date_gmt":"2016-01-13T09:40:13","guid":{"rendered":"http:\/\/denkmalpflege1.e251.tuwien.ac.at\/?page_id=10063"},"modified":"2016-03-08T11:36:25","modified_gmt":"2016-03-08T10:36:25","slug":"weber","status":"publish","type":"page","link":"https:\/\/denkmalpflege.tuwien.ac.at\/index.php\/weber\/","title":{"rendered":"Weber"},"content":{"rendered":"<div class='mitarbeiter'>\n<div class='grey'>\n<img decoding=\"async\" src=\"http:\/\/denkmalpflege1.e251.tuwien.ac.at\/wp-content\/uploads\/2016\/01\/1-Kopie.gif\" alt=\"Weber\" title=\"Weber\" width=\"130\" height=\"113\" class=\"alignnone size-full wp-image-165\" \/> <a href='diplomanden-prof-stadler' class='right_link'>&lt; Alle Arbeiten<\/a><br \/>\n<b>Praterstra\u00dfe 28<br \/>\n&#8211; ein B\u00fcrgerhaus der Wiener Leopoldstadt im Wandel der Zeit.<br \/>\n<\/b><br \/>\n<strong>2015  Christine WEBER<\/strong> <\/p>\n<div class='breakline'><\/div>\n<\/div>\n<div class='greyfield'>\nThema der Diplomarbeit ist das seit mehreren Jahren leerstehende ehemalige Hotel \u201eAphrodite\u201c in der Praterstra\u00dfe 28. Das Geb\u00e4ude wurde 1845 vom Architekten Franz Xaver Ehmann als B\u00fcrgerhaus mit mittig liegendem Hof und angrenzendem Stallgeb\u00e4ude errichtet. Nach mehreren kleineren Adaptierungen, wurde das Geb\u00e4ude ab den 1970ern schlie\u00dflich in das \u201eBeauty Farm Hotel Aphrodite\u201c mit Spa- und Wellnessangebot umgebaut. Wenige Jahre nach der Er\u00f6ffnung wurde es aber bereits geschlossen und steht seitdem leer.<br \/>\nZiel der Arbeit ist, neben der Bestandsdokumentation und bauhistorischen Analyse, ein Revitalisierungs- und Umnutzungskonzept f\u00fcr das Geb\u00e4ude zu erarbeiten. Dabei wird ein m\u00f6glichst behutsamer Umgang mit dem Altbestand und die Bewahrung des \u00e4u\u00dferen Erscheinungsbildes angestrebt.<br \/>\nDie geschichtliche Entwicklung der Praterstra\u00dfe, einst eine der prachtvollsten Stra\u00dfen Wiens, wird in der Arbeit, mitsamt seiner wichtigsten Bauwerken, ebenfalls kurz beleuchtet und soll einen Ansatz f\u00fcr eine m\u00f6gliche Neunutzung des Geb\u00e4udes liefern. <\/p>\n<div class='breakline'><\/div>\n<\/div>\n<p><span><\/span><br \/>\n<img decoding=\"async\" src=\"http:\/\/denkmalpflege1.e251.tuwien.ac.at\/wp-content\/uploads\/2016\/01\/21.gif\" width=\"960\" height=\"\"  alt=\"\" \/><br \/>\n<span><\/span><\/p>\n<div class='breakline'><\/div>\n<\/div>\n<\/div>\n","protected":false},"excerpt":{"rendered":"<p>&lt; Alle Arbeiten Praterstra\u00dfe 28 &#8211; ein B\u00fcrgerhaus der Wiener Leopoldstadt im Wandel der Zeit. 2015 Christine WEBER Thema der Diplomarbeit ist das seit mehreren Jahren leerstehende ehemalige Hotel \u201eAphrodite\u201c in der Praterstra\u00dfe 28. Das Geb\u00e4ude wurde 1845 vom Architekten Franz Xaver Ehmann als B\u00fcrgerhaus mit mittig liegendem Hof und angrenzendem Stallgeb\u00e4ude errichtet. Nach mehreren kleineren Adaptierungen, wurde das Geb\u00e4ude ab den 1970ern schlie\u00dflich in das \u201eBeauty Farm Hotel Aphrodite\u201c<\/p>\n<div class=\"belowpost\"><a class=\"btnmore icon-arrow\" href=\"https:\/\/denkmalpflege.tuwien.ac.at\/index.php\/weber\/\"><span>Read More<\/span><\/a><\/div>\n","protected":false},"author":1,"featured_media":0,"parent":0,"menu_order":0,"comment_status":"open","ping_status":"open","template":"","meta":{"footnotes":""},"class_list":["post-10063","page","type-page","status-publish","hentry"],"yoast_head":"<!-- This site is optimized with the Yoast SEO plugin v26.0 - https:\/\/yoast.com\/wordpress\/plugins\/seo\/ -->\n<title>Weber - Denkmalpflege und Bauen im Bestand<\/title>\n<meta name=\"robots\" content=\"index, follow, max-snippet:-1, max-image-preview:large, max-video-preview:-1\" \/>\n<link rel=\"canonical\" href=\"https:\/\/denkmalpflege.tuwien.ac.at\/index.php\/weber\/\" \/>\n<meta property=\"og:locale\" content=\"de_DE\" \/>\n<meta property=\"og:type\" content=\"article\" \/>\n<meta property=\"og:title\" content=\"Weber - Denkmalpflege und Bauen im Bestand\" \/>\n<meta property=\"og:description\" content=\"&lt; Alle Arbeiten Praterstra\u00dfe 28 &#8211; ein B\u00fcrgerhaus der Wiener Leopoldstadt im Wandel der Zeit. 2015 Christine WEBER Thema der Diplomarbeit ist das seit mehreren Jahren leerstehende ehemalige Hotel \u201eAphrodite\u201c in der Praterstra\u00dfe 28. Das Geb\u00e4ude wurde 1845 vom Architekten Franz Xaver Ehmann als B\u00fcrgerhaus mit mittig liegendem Hof und angrenzendem Stallgeb\u00e4ude errichtet. Nach mehreren kleineren Adaptierungen, wurde das Geb\u00e4ude ab den 1970ern schlie\u00dflich in das \u201eBeauty Farm Hotel Aphrodite\u201cRead More\" \/>\n<meta property=\"og:url\" content=\"https:\/\/denkmalpflege.tuwien.ac.at\/index.php\/weber\/\" \/>\n<meta property=\"og:site_name\" content=\"Denkmalpflege und Bauen im Bestand\" \/>\n<meta property=\"article:modified_time\" content=\"2016-03-08T10:36:25+00:00\" \/>\n<meta name=\"twitter:card\" content=\"summary_large_image\" \/>\n<meta name=\"twitter:label1\" content=\"Gesch\u00e4tzte Lesezeit\" \/>\n\t<meta name=\"twitter:data1\" content=\"1\u00a0Minute\" \/>\n<script type=\"application\/ld+json\" class=\"yoast-schema-graph\">{\"@context\":\"https:\/\/schema.org\",\"@graph\":[{\"@type\":\"WebPage\",\"@id\":\"https:\/\/denkmalpflege.tuwien.ac.at\/index.php\/weber\/\",\"url\":\"https:\/\/denkmalpflege.tuwien.ac.at\/index.php\/weber\/\",\"name\":\"Weber - Denkmalpflege und Bauen im Bestand\",\"isPartOf\":{\"@id\":\"https:\/\/denkmalpflege.tuwien.ac.at\/#website\"},\"primaryImageOfPage\":{\"@id\":\"https:\/\/denkmalpflege.tuwien.ac.at\/index.php\/weber\/#primaryimage\"},\"image\":{\"@id\":\"https:\/\/denkmalpflege.tuwien.ac.at\/index.php\/weber\/#primaryimage\"},\"thumbnailUrl\":\"http:\/\/denkmalpflege1.e251.tuwien.ac.at\/wp-content\/uploads\/2016\/01\/1-Kopie.gif\",\"datePublished\":\"2016-01-13T09:40:13+00:00\",\"dateModified\":\"2016-03-08T10:36:25+00:00\",\"breadcrumb\":{\"@id\":\"https:\/\/denkmalpflege.tuwien.ac.at\/index.php\/weber\/#breadcrumb\"},\"inLanguage\":\"de\",\"potentialAction\":[{\"@type\":\"ReadAction\",\"target\":[\"https:\/\/denkmalpflege.tuwien.ac.at\/index.php\/weber\/\"]}]},{\"@type\":\"ImageObject\",\"inLanguage\":\"de\",\"@id\":\"https:\/\/denkmalpflege.tuwien.ac.at\/index.php\/weber\/#primaryimage\",\"url\":\"http:\/\/denkmalpflege1.e251.tuwien.ac.at\/wp-content\/uploads\/2016\/01\/1-Kopie.gif\",\"contentUrl\":\"http:\/\/denkmalpflege1.e251.tuwien.ac.at\/wp-content\/uploads\/2016\/01\/1-Kopie.gif\"},{\"@type\":\"BreadcrumbList\",\"@id\":\"https:\/\/denkmalpflege.tuwien.ac.at\/index.php\/weber\/#breadcrumb\",\"itemListElement\":[{\"@type\":\"ListItem\",\"position\":1,\"name\":\"Startseite\",\"item\":\"https:\/\/denkmalpflege.tuwien.ac.at\/\"},{\"@type\":\"ListItem\",\"position\":2,\"name\":\"Weber\"}]},{\"@type\":\"WebSite\",\"@id\":\"https:\/\/denkmalpflege.tuwien.ac.at\/#website\",\"url\":\"https:\/\/denkmalpflege.tuwien.ac.at\/\",\"name\":\"Denkmalpflege und Bauen im Bestand\",\"description\":\"Denkmalpflege TU Wien\",\"publisher\":{\"@id\":\"https:\/\/denkmalpflege.tuwien.ac.at\/#organization\"},\"potentialAction\":[{\"@type\":\"SearchAction\",\"target\":{\"@type\":\"EntryPoint\",\"urlTemplate\":\"https:\/\/denkmalpflege.tuwien.ac.at\/?s={search_term_string}\"},\"query-input\":{\"@type\":\"PropertyValueSpecification\",\"valueRequired\":true,\"valueName\":\"search_term_string\"}}],\"inLanguage\":\"de\"},{\"@type\":\"Organization\",\"@id\":\"https:\/\/denkmalpflege.tuwien.ac.at\/#organization\",\"name\":\"TU Wien Denkmalpflege und Bauen im Bestand\",\"url\":\"https:\/\/denkmalpflege.tuwien.ac.at\/\",\"logo\":{\"@type\":\"ImageObject\",\"inLanguage\":\"de\",\"@id\":\"https:\/\/denkmalpflege.tuwien.ac.at\/#\/schema\/logo\/image\/\",\"url\":\"https:\/\/denkmalpflege.tuwien.ac.at\/wp-content\/uploads\/2019\/10\/Logo1.png\",\"contentUrl\":\"https:\/\/denkmalpflege.tuwien.ac.at\/wp-content\/uploads\/2019\/10\/Logo1.png\",\"width\":222,\"height\":79,\"caption\":\"TU Wien Denkmalpflege und Bauen im Bestand\"},\"image\":{\"@id\":\"https:\/\/denkmalpflege.tuwien.ac.at\/#\/schema\/logo\/image\/\"}}]}<\/script>\n<!-- \/ Yoast SEO plugin. -->","yoast_head_json":{"title":"Weber - Denkmalpflege und Bauen im Bestand","robots":{"index":"index","follow":"follow","max-snippet":"max-snippet:-1","max-image-preview":"max-image-preview:large","max-video-preview":"max-video-preview:-1"},"canonical":"https:\/\/denkmalpflege.tuwien.ac.at\/index.php\/weber\/","og_locale":"de_DE","og_type":"article","og_title":"Weber - Denkmalpflege und Bauen im Bestand","og_description":"&lt; Alle Arbeiten Praterstra\u00dfe 28 &#8211; ein B\u00fcrgerhaus der Wiener Leopoldstadt im Wandel der Zeit. 2015 Christine WEBER Thema der Diplomarbeit ist das seit mehreren Jahren leerstehende ehemalige Hotel \u201eAphrodite\u201c in der Praterstra\u00dfe 28. Das Geb\u00e4ude wurde 1845 vom Architekten Franz Xaver Ehmann als B\u00fcrgerhaus mit mittig liegendem Hof und angrenzendem Stallgeb\u00e4ude errichtet. Nach mehreren kleineren Adaptierungen, wurde das Geb\u00e4ude ab den 1970ern schlie\u00dflich in das \u201eBeauty Farm Hotel Aphrodite\u201cRead More","og_url":"https:\/\/denkmalpflege.tuwien.ac.at\/index.php\/weber\/","og_site_name":"Denkmalpflege und Bauen im Bestand","article_modified_time":"2016-03-08T10:36:25+00:00","twitter_card":"summary_large_image","twitter_misc":{"Gesch\u00e4tzte Lesezeit":"1\u00a0Minute"},"schema":{"@context":"https:\/\/schema.org","@graph":[{"@type":"WebPage","@id":"https:\/\/denkmalpflege.tuwien.ac.at\/index.php\/weber\/","url":"https:\/\/denkmalpflege.tuwien.ac.at\/index.php\/weber\/","name":"Weber - Denkmalpflege und Bauen im Bestand","isPartOf":{"@id":"https:\/\/denkmalpflege.tuwien.ac.at\/#website"},"primaryImageOfPage":{"@id":"https:\/\/denkmalpflege.tuwien.ac.at\/index.php\/weber\/#primaryimage"},"image":{"@id":"https:\/\/denkmalpflege.tuwien.ac.at\/index.php\/weber\/#primaryimage"},"thumbnailUrl":"http:\/\/denkmalpflege1.e251.tuwien.ac.at\/wp-content\/uploads\/2016\/01\/1-Kopie.gif","datePublished":"2016-01-13T09:40:13+00:00","dateModified":"2016-03-08T10:36:25+00:00","breadcrumb":{"@id":"https:\/\/denkmalpflege.tuwien.ac.at\/index.php\/weber\/#breadcrumb"},"inLanguage":"de","potentialAction":[{"@type":"ReadAction","target":["https:\/\/denkmalpflege.tuwien.ac.at\/index.php\/weber\/"]}]},{"@type":"ImageObject","inLanguage":"de","@id":"https:\/\/denkmalpflege.tuwien.ac.at\/index.php\/weber\/#primaryimage","url":"http:\/\/denkmalpflege1.e251.tuwien.ac.at\/wp-content\/uploads\/2016\/01\/1-Kopie.gif","contentUrl":"http:\/\/denkmalpflege1.e251.tuwien.ac.at\/wp-content\/uploads\/2016\/01\/1-Kopie.gif"},{"@type":"BreadcrumbList","@id":"https:\/\/denkmalpflege.tuwien.ac.at\/index.php\/weber\/#breadcrumb","itemListElement":[{"@type":"ListItem","position":1,"name":"Startseite","item":"https:\/\/denkmalpflege.tuwien.ac.at\/"},{"@type":"ListItem","position":2,"name":"Weber"}]},{"@type":"WebSite","@id":"https:\/\/denkmalpflege.tuwien.ac.at\/#website","url":"https:\/\/denkmalpflege.tuwien.ac.at\/","name":"Denkmalpflege und Bauen im Bestand","description":"Denkmalpflege TU Wien","publisher":{"@id":"https:\/\/denkmalpflege.tuwien.ac.at\/#organization"},"potentialAction":[{"@type":"SearchAction","target":{"@type":"EntryPoint","urlTemplate":"https:\/\/denkmalpflege.tuwien.ac.at\/?s={search_term_string}"},"query-input":{"@type":"PropertyValueSpecification","valueRequired":true,"valueName":"search_term_string"}}],"inLanguage":"de"},{"@type":"Organization","@id":"https:\/\/denkmalpflege.tuwien.ac.at\/#organization","name":"TU Wien Denkmalpflege und Bauen im Bestand","url":"https:\/\/denkmalpflege.tuwien.ac.at\/","logo":{"@type":"ImageObject","inLanguage":"de","@id":"https:\/\/denkmalpflege.tuwien.ac.at\/#\/schema\/logo\/image\/","url":"https:\/\/denkmalpflege.tuwien.ac.at\/wp-content\/uploads\/2019\/10\/Logo1.png","contentUrl":"https:\/\/denkmalpflege.tuwien.ac.at\/wp-content\/uploads\/2019\/10\/Logo1.png","width":222,"height":79,"caption":"TU Wien Denkmalpflege und Bauen im Bestand"},"image":{"@id":"https:\/\/denkmalpflege.tuwien.ac.at\/#\/schema\/logo\/image\/"}}]}},"_links":{"self":[{"href":"https:\/\/denkmalpflege.tuwien.ac.at\/index.php\/wp-json\/wp\/v2\/pages\/10063","targetHints":{"allow":["GET"]}}],"collection":[{"href":"https:\/\/denkmalpflege.tuwien.ac.at\/index.php\/wp-json\/wp\/v2\/pages"}],"about":[{"href":"https:\/\/denkmalpflege.tuwien.ac.at\/index.php\/wp-json\/wp\/v2\/types\/page"}],"author":[{"embeddable":true,"href":"https:\/\/denkmalpflege.tuwien.ac.at\/index.php\/wp-json\/wp\/v2\/users\/1"}],"replies":[{"embeddable":true,"href":"https:\/\/denkmalpflege.tuwien.ac.at\/index.php\/wp-json\/wp\/v2\/comments?post=10063"}],"version-history":[{"count":4,"href":"https:\/\/denkmalpflege.tuwien.ac.at\/index.php\/wp-json\/wp\/v2\/pages\/10063\/revisions"}],"predecessor-version":[{"id":10708,"href":"https:\/\/denkmalpflege.tuwien.ac.at\/index.php\/wp-json\/wp\/v2\/pages\/10063\/revisions\/10708"}],"wp:attachment":[{"href":"https:\/\/denkmalpflege.tuwien.ac.at\/index.php\/wp-json\/wp\/v2\/media?parent=10063"}],"curies":[{"name":"wp","href":"https:\/\/api.w.org\/{rel}","templated":true}]}}